{"id":100071,"date":"2024-09-09T11:33:40","date_gmt":"2024-09-09T11:33:40","guid":{"rendered":"https:\/\/my.stlflix.com\/?post_type=product&#038;p=100071"},"modified":"2024-12-22T11:55:47","modified_gmt":"2024-12-22T11:55:47","slug":"basketball-phone-holder-66dedabcc61e9","status":"publish","type":"product","link":"https:\/\/my.stlflix.com\/es\/product\/basketball-phone-holder-66dedabcc61e9\/","title":{"rendered":"Basketball Phone Holder"},"content":{"rendered":"<p>Support de t\u00e9l\u00e9phone de basket-ball \u2013 Support de t\u00e9l\u00e9phone portable avec design sportif<\/p>\n<p>Pour les fans de basket et de technologie, ce support pour t\u00e9l\u00e9phone portable en forme de basket est l&#8217;accessoire parfait ! Gardez votre t\u00e9l\u00e9phone en s\u00e9curit\u00e9 et accessible avec une touche de style sportif. Que ce soit au bureau, dans la chambre ou dans le salon, ce support est id\u00e9al pour ceux qui vivent et respirent l&#8217;amour du basket-ball.<\/p>\n<p>Caract\u00e9ristiques:<\/p>\n<p>Design sportif : inspir\u00e9 de la forme classique d&#8217;un ballon de basket, avec des d\u00e9tails r\u00e9alistes.<br \/>\nMat\u00e9riau : durable et robuste, fabriqu\u00e9 en plastique de haute qualit\u00e9.<br \/>\nCompatibilit\u00e9 : convient \u00e0 la plupart des mod\u00e8les de smartphones.<br \/>\nTaille : Compact et facile \u00e0 transporter<br \/>\n.<br \/>\nPourquoi choisir ce support ?<\/p>\n<p>Fonctionnalit\u00e9 : maintient votre t\u00e9l\u00e9phone dans la position id\u00e9ale pour regarder des vid\u00e9os, passer des appels vid\u00e9o ou simplement se montrer.<br \/>\nStyle sportif : un excellent ajout au bureau de tout amateur de basket-ball.<br \/>\nCadeau cr\u00e9atif : surprenez vos amis et votre famille fans de sport avec cet accessoire unique et pratique.<\/p>\n<p>Ajoutez une touche de passion pour le basket-ball \u00e0 votre routine quotidienne avec ce support pour t\u00e9l\u00e9phone portable. C&#8217;est le cadeau parfait pour les joueurs, les fans et tous ceux qui aiment le sport\u00a0!<\/p>\n<p>Article imprim\u00e9 en PLA<\/p>\n","protected":false},"excerpt":{"rendered":"<p>Support de t\u00e9l\u00e9phone de basket-ball \u2013 Support de t\u00e9l\u00e9phone portable avec design sportif Pour les fans de basket et de technologie, ce support pour t\u00e9l\u00e9phone portable en forme de basket est l&#8217;accessoire parfait ! Gardez votre t\u00e9l\u00e9phone en s\u00e9curit\u00e9 et accessible avec une touche de style sportif. Que ce soit au bureau, dans la chambre [&hellip;]<\/p>\n","protected":false},"featured_media":77301,"comment_status":"open","ping_status":"closed","template":"","meta":[],"product_brand":[],"product_cat":[22],"product_tag":[485,1529],"class_list":{"0":"post-100071","1":"product","2":"type-product","3":"status-publish","4":"has-post-thumbnail","6":"product_cat-gadgets","7":"product_tag-phone-holder","8":"product_tag-supporttelephone","10":"first","11":"instock","12":"taxable","13":"shipping-taxable","14":"purchasable","15":"product-type-simple"},"yoast_head":"<!-- This site is optimized with the Yoast SEO plugin v25.1 - https:\/\/yoast.com\/wordpress\/plugins\/seo\/ -->\n<title>Basketball Phone Holder - MyStore - By STLFLIX<\/title>\n<meta name=\"robots\" content=\"index, follow, max-snippet:-1, max-image-preview:large, max-video-preview:-1\" \/>\n<link rel=\"canonical\" href=\"https:\/\/www.testeminhalojamandela.biz\/product\/basketball-phone-holder-66dedabcc61e9\/\" \/>\n<meta property=\"og:locale\" content=\"es_ES\" \/>\n<meta property=\"og:type\" content=\"article\" \/>\n<meta property=\"og:title\" content=\"Basketball Phone Holder - MyStore - By STLFLIX\" \/>\n<meta property=\"og:description\" content=\"Support de t\u00e9l\u00e9phone de basket-ball \u2013 Support de t\u00e9l\u00e9phone portable avec design sportif Pour les fans de basket et de technologie, ce support pour t\u00e9l\u00e9phone portable en forme de basket est l&#8217;accessoire parfait ! Gardez votre t\u00e9l\u00e9phone en s\u00e9curit\u00e9 et accessible avec une touche de style sportif. Que ce soit au bureau, dans la chambre [&hellip;]\" \/>\n<meta property=\"og:url\" content=\"https:\/\/www.testeminhalojamandela.biz\/product\/basketball-phone-holder-66dedabcc61e9\/\" \/>\n<meta property=\"og:site_name\" content=\"MyStore - By STLFLIX\" \/>\n<meta property=\"article:publisher\" content=\"https:\/\/www.facebook.com\/STLFLIX\" \/>\n<meta property=\"article:modified_time\" content=\"2024-12-22T11:55:47+00:00\" \/>\n<meta property=\"og:image\" content=\"https:\/\/www.testeminhalojamandela.biz\/wp-content\/uploads\/2024\/08\/Basketball_Phone_Holderthumb_fc8eb47898.jpg\" \/>\n\t<meta property=\"og:image:width\" content=\"1080\" \/>\n\t<meta property=\"og:image:height\" content=\"1350\" \/>\n\t<meta property=\"og:image:type\" content=\"image\/jpeg\" \/>\n<meta name=\"twitter:card\" content=\"summary_large_image\" \/>\n<meta name=\"twitter:label1\" content=\"Est. reading time\" \/>\n\t<meta name=\"twitter:data1\" content=\"1 minute\" \/>\n<script type=\"application\/ld+json\" class=\"yoast-schema-graph\">{\"@context\":\"https:\/\/schema.org\",\"@graph\":[{\"@type\":\"WebPage\",\"@id\":\"https:\/\/www.testeminhalojamandela.biz\/product\/basketball-phone-holder-66dedabcc61e9\/\",\"url\":\"https:\/\/www.testeminhalojamandela.biz\/product\/basketball-phone-holder-66dedabcc61e9\/\",\"name\":\"Basketball Phone Holder - MyStore - By STLFLIX\",\"isPartOf\":{\"@id\":\"https:\/\/my.stlflix.com\/#website\"},\"primaryImageOfPage\":{\"@id\":\"https:\/\/www.testeminhalojamandela.biz\/product\/basketball-phone-holder-66dedabcc61e9\/#primaryimage\"},\"image\":{\"@id\":\"https:\/\/www.testeminhalojamandela.biz\/product\/basketball-phone-holder-66dedabcc61e9\/#primaryimage\"},\"thumbnailUrl\":\"https:\/\/my.stlflix.com\/wp-content\/uploads\/2024\/08\/Basketball_Phone_Holderthumb_fc8eb47898.jpg\",\"datePublished\":\"2024-09-09T11:33:40+00:00\",\"dateModified\":\"2024-12-22T11:55:47+00:00\",\"breadcrumb\":{\"@id\":\"https:\/\/www.testeminhalojamandela.biz\/product\/basketball-phone-holder-66dedabcc61e9\/#breadcrumb\"},\"inLanguage\":\"es-ES\",\"potentialAction\":[{\"@type\":\"ReadAction\",\"target\":[\"https:\/\/www.testeminhalojamandela.biz\/product\/basketball-phone-holder-66dedabcc61e9\/\"]}]},{\"@type\":\"ImageObject\",\"inLanguage\":\"es-ES\",\"@id\":\"https:\/\/www.testeminhalojamandela.biz\/product\/basketball-phone-holder-66dedabcc61e9\/#primaryimage\",\"url\":\"https:\/\/my.stlflix.com\/wp-content\/uploads\/2024\/08\/Basketball_Phone_Holderthumb_fc8eb47898.jpg\",\"contentUrl\":\"https:\/\/my.stlflix.com\/wp-content\/uploads\/2024\/08\/Basketball_Phone_Holderthumb_fc8eb47898.jpg\",\"width\":1080,\"height\":1350},{\"@type\":\"BreadcrumbList\",\"@id\":\"https:\/\/www.testeminhalojamandela.biz\/product\/basketball-phone-holder-66dedabcc61e9\/#breadcrumb\",\"itemListElement\":[{\"@type\":\"ListItem\",\"position\":1,\"name\":\"Home\",\"item\":\"https:\/\/www.stlflix-store.com\/\"},{\"@type\":\"ListItem\",\"position\":2,\"name\":\"Products\",\"item\":\"https:\/\/www.stlflix-store.com\/shop\/\"},{\"@type\":\"ListItem\",\"position\":3,\"name\":\"Basketball Phone Holder\"}]},{\"@type\":\"WebSite\",\"@id\":\"https:\/\/my.stlflix.com\/#website\",\"url\":\"https:\/\/my.stlflix.com\/\",\"name\":\"MyStore - By STLFLIX\",\"description\":\"\",\"publisher\":{\"@id\":\"https:\/\/my.stlflix.com\/#organization\"},\"potentialAction\":[{\"@type\":\"SearchAction\",\"target\":{\"@type\":\"EntryPoint\",\"urlTemplate\":\"https:\/\/my.stlflix.com\/?s={search_term_string}\"},\"query-input\":{\"@type\":\"PropertyValueSpecification\",\"valueRequired\":true,\"valueName\":\"search_term_string\"}}],\"inLanguage\":\"es-ES\"},{\"@type\":\"Organization\",\"@id\":\"https:\/\/my.stlflix.com\/#organization\",\"name\":\"MyStore - By STLFLIX\",\"url\":\"https:\/\/my.stlflix.com\/\",\"logo\":{\"@type\":\"ImageObject\",\"inLanguage\":\"es-ES\",\"@id\":\"https:\/\/my.stlflix.com\/#\/schema\/logo\/image\/\",\"url\":\"https:\/\/my.stlflix.com\/wp-content\/uploads\/2024\/06\/logo-mystore.png\",\"contentUrl\":\"https:\/\/my.stlflix.com\/wp-content\/uploads\/2024\/06\/logo-mystore.png\",\"width\":150,\"height\":41,\"caption\":\"MyStore - By STLFLIX\"},\"image\":{\"@id\":\"https:\/\/my.stlflix.com\/#\/schema\/logo\/image\/\"},\"sameAs\":[\"https:\/\/www.facebook.com\/STLFLIX\",\"https:\/\/www.instagram.com\/stlflix_\/\",\"https:\/\/www.tiktok.com\/@stlflix\"]}]}<\/script>\n<!-- \/ Yoast SEO plugin. -->","yoast_head_json":{"title":"Basketball Phone Holder - MyStore - By STLFLIX","robots":{"index":"index","follow":"follow","max-snippet":"max-snippet:-1","max-image-preview":"max-image-preview:large","max-video-preview":"max-video-preview:-1"},"canonical":"https:\/\/www.testeminhalojamandela.biz\/product\/basketball-phone-holder-66dedabcc61e9\/","og_locale":"es_ES","og_type":"article","og_title":"Basketball Phone Holder - MyStore - By STLFLIX","og_description":"Support de t\u00e9l\u00e9phone de basket-ball \u2013 Support de t\u00e9l\u00e9phone portable avec design sportif Pour les fans de basket et de technologie, ce support pour t\u00e9l\u00e9phone portable en forme de basket est l&#8217;accessoire parfait ! Gardez votre t\u00e9l\u00e9phone en s\u00e9curit\u00e9 et accessible avec une touche de style sportif. Que ce soit au bureau, dans la chambre [&hellip;]","og_url":"https:\/\/www.testeminhalojamandela.biz\/product\/basketball-phone-holder-66dedabcc61e9\/","og_site_name":"MyStore - By STLFLIX","article_publisher":"https:\/\/www.facebook.com\/STLFLIX","article_modified_time":"2024-12-22T11:55:47+00:00","og_image":[{"width":1080,"height":1350,"url":"https:\/\/www.testeminhalojamandela.biz\/wp-content\/uploads\/2024\/08\/Basketball_Phone_Holderthumb_fc8eb47898.jpg","type":"image\/jpeg"}],"twitter_card":"summary_large_image","twitter_misc":{"Est. reading time":"1 minute"},"schema":{"@context":"https:\/\/schema.org","@graph":[{"@type":"WebPage","@id":"https:\/\/www.testeminhalojamandela.biz\/product\/basketball-phone-holder-66dedabcc61e9\/","url":"https:\/\/www.testeminhalojamandela.biz\/product\/basketball-phone-holder-66dedabcc61e9\/","name":"Basketball Phone Holder - MyStore - By STLFLIX","isPartOf":{"@id":"https:\/\/my.stlflix.com\/#website"},"primaryImageOfPage":{"@id":"https:\/\/www.testeminhalojamandela.biz\/product\/basketball-phone-holder-66dedabcc61e9\/#primaryimage"},"image":{"@id":"https:\/\/www.testeminhalojamandela.biz\/product\/basketball-phone-holder-66dedabcc61e9\/#primaryimage"},"thumbnailUrl":"https:\/\/my.stlflix.com\/wp-content\/uploads\/2024\/08\/Basketball_Phone_Holderthumb_fc8eb47898.jpg","datePublished":"2024-09-09T11:33:40+00:00","dateModified":"2024-12-22T11:55:47+00:00","breadcrumb":{"@id":"https:\/\/www.testeminhalojamandela.biz\/product\/basketball-phone-holder-66dedabcc61e9\/#breadcrumb"},"inLanguage":"es-ES","potentialAction":[{"@type":"ReadAction","target":["https:\/\/www.testeminhalojamandela.biz\/product\/basketball-phone-holder-66dedabcc61e9\/"]}]},{"@type":"ImageObject","inLanguage":"es-ES","@id":"https:\/\/www.testeminhalojamandela.biz\/product\/basketball-phone-holder-66dedabcc61e9\/#primaryimage","url":"https:\/\/my.stlflix.com\/wp-content\/uploads\/2024\/08\/Basketball_Phone_Holderthumb_fc8eb47898.jpg","contentUrl":"https:\/\/my.stlflix.com\/wp-content\/uploads\/2024\/08\/Basketball_Phone_Holderthumb_fc8eb47898.jpg","width":1080,"height":1350},{"@type":"BreadcrumbList","@id":"https:\/\/www.testeminhalojamandela.biz\/product\/basketball-phone-holder-66dedabcc61e9\/#breadcrumb","itemListElement":[{"@type":"ListItem","position":1,"name":"Home","item":"https:\/\/www.stlflix-store.com\/"},{"@type":"ListItem","position":2,"name":"Products","item":"https:\/\/www.stlflix-store.com\/shop\/"},{"@type":"ListItem","position":3,"name":"Basketball Phone Holder"}]},{"@type":"WebSite","@id":"https:\/\/my.stlflix.com\/#website","url":"https:\/\/my.stlflix.com\/","name":"MyStore - By STLFLIX","description":"","publisher":{"@id":"https:\/\/my.stlflix.com\/#organization"},"potentialAction":[{"@type":"SearchAction","target":{"@type":"EntryPoint","urlTemplate":"https:\/\/my.stlflix.com\/?s={search_term_string}"},"query-input":{"@type":"PropertyValueSpecification","valueRequired":true,"valueName":"search_term_string"}}],"inLanguage":"es-ES"},{"@type":"Organization","@id":"https:\/\/my.stlflix.com\/#organization","name":"MyStore - By STLFLIX","url":"https:\/\/my.stlflix.com\/","logo":{"@type":"ImageObject","inLanguage":"es-ES","@id":"https:\/\/my.stlflix.com\/#\/schema\/logo\/image\/","url":"https:\/\/my.stlflix.com\/wp-content\/uploads\/2024\/06\/logo-mystore.png","contentUrl":"https:\/\/my.stlflix.com\/wp-content\/uploads\/2024\/06\/logo-mystore.png","width":150,"height":41,"caption":"MyStore - By STLFLIX"},"image":{"@id":"https:\/\/my.stlflix.com\/#\/schema\/logo\/image\/"},"sameAs":["https:\/\/www.facebook.com\/STLFLIX","https:\/\/www.instagram.com\/stlflix_\/","https:\/\/www.tiktok.com\/@stlflix"]}]}},"_links":{"self":[{"href":"https:\/\/my.stlflix.com\/es\/wp-json\/wp\/v2\/product\/100071","targetHints":{"allow":["GET"]}}],"collection":[{"href":"https:\/\/my.stlflix.com\/es\/wp-json\/wp\/v2\/product"}],"about":[{"href":"https:\/\/my.stlflix.com\/es\/wp-json\/wp\/v2\/types\/product"}],"replies":[{"embeddable":true,"href":"https:\/\/my.stlflix.com\/es\/wp-json\/wp\/v2\/comments?post=100071"}],"wp:featuredmedia":[{"embeddable":true,"href":"https:\/\/my.stlflix.com\/es\/wp-json\/wp\/v2\/media\/77301"}],"wp:attachment":[{"href":"https:\/\/my.stlflix.com\/es\/wp-json\/wp\/v2\/media?parent=100071"}],"wp:term":[{"taxonomy":"product_brand","embeddable":true,"href":"https:\/\/my.stlflix.com\/es\/wp-json\/wp\/v2\/product_brand?post=100071"},{"taxonomy":"product_cat","embeddable":true,"href":"https:\/\/my.stlflix.com\/es\/wp-json\/wp\/v2\/product_cat?post=100071"},{"taxonomy":"product_tag","embeddable":true,"href":"https:\/\/my.stlflix.com\/es\/wp-json\/wp\/v2\/product_tag?post=100071"}],"curies":[{"name":"wp","href":"https:\/\/api.w.org\/{rel}","templated":true}]}}