{"id":102724,"date":"2024-09-22T15:05:04","date_gmt":"2024-09-22T15:05:04","guid":{"rendered":"https:\/\/my.stlflix.com\/?post_type=product&#038;p=102724"},"modified":"2024-12-22T11:57:36","modified_gmt":"2024-12-22T11:57:36","slug":"loving-customizable-photo-holder-66e427fd32c75-2","status":"publish","type":"product","link":"https:\/\/my.stlflix.com\/es\/product\/loving-customizable-photo-holder-66e427fd32c75-2\/","title":{"rendered":"Loving Customizable Photo Holder"},"content":{"rendered":"<p style=\"text-align: left\"><strong><span style=\"color: #000000\"><span class=\"jCAhz ChMk0b\"><span class=\"ryNqvb\">Ajoutez une touche d&#8217;amour\u00a0 \u00e0 votre d\u00e9coration d&#8217;int\u00e9rieur avec notre cadre photo coeur customisable imprim\u00e9 en 3D.<\/span><\/span><br \/>\n<span class=\"jCAhz ChMk0b\"><span class=\"ryNqvb\">Fabriqu\u00e9 avec pr\u00e9cision et soin, ce cadre photo est un incontournable pour tout amateur d&#8217;amour.<\/span><\/span><\/span><\/strong><\/p>\n<p>Il Faudra fournir le texte voulu dans &#8220;Additional notes&#8221; \u00e0 l&#8217;\u00e9tape 2 de l&#8217;achat en indiquant &#8220;TEXT : *votre choix*&#8221;. exemple: &#8220;TEXT: Marianne&#8221;.<br \/>\nATTENTION Celui ci ne doit pas \u00eatre:<\/p>\n<ul>\n<li>De plus de 8 caract\u00e8res;<\/li>\n<li>contenir d&#8217;accent;<\/li>\n<li>caract\u00e8res sp\u00e9ciales;<\/li>\n<li>aucun mot vulgaire ou offensant. ( Boite de Petri se donne le droit de refuser sans justification en cas de doute).<\/li>\n<\/ul>\n<hr \/>\n<p>Hauteur :\u00a0 \u00a0approximativement 11 cm<\/p>\n<hr \/>\n<blockquote><p>Le produit est fabriqu\u00e9 \u00e0 partir de mati\u00e8re plastique PLA.<br \/>\nLe PLA (acide polylactique) est enti\u00e8rement organique et n&#8217;\u00e9met aucun produit chimique.<br \/>\nNos articles imprim\u00e9s en 3D sont fabriqu\u00e9s avec soin, mais gardez \u00e0 l&#8217;esprit que de minuscules pi\u00e8ces peuvent se d\u00e9tacher s&#8217;ils sont manipul\u00e9s trop brutalement. Pour des raisons de s\u00e9curit\u00e9, nous vous recommandons de les garder hors de la port\u00e9e des enfants plus petits. Veuillez noter que le design peut avoir des points tranchants et que les morceaux cass\u00e9s peuvent \u00e9galement \u00eatre tranchants.<br \/>\nD\u00e9couvrez le caract\u00e8re unique de l&#8217;impression 3D ! Attendez-vous \u00e0 voir des lignes de calque et des imperfections mineures, et notez que les couleurs peuvent varier l\u00e9g\u00e8rement de ce que vous voyez sur votre t\u00e9l\u00e9phone ou votre \u00e9cran. Je n&#8217;am\u00e9liore pas les photos pour des couleurs plus vives. Chaque lot de filaments peut pr\u00e9senter des diff\u00e9rences subtiles, car nous ne fabriquons pas le n\u00f4tre.<br \/>\nLes articles sont disponibles dans des couleurs montr\u00e9es ! Vous ne trouvez pas la couleur que vous voulez ? Pas de soucis, n&#8217;h\u00e9sitez pas \u00e0 demander d&#8217;autres , et nous ferons de notre mieux pour faire correspondre la palette de couleurs dont vous avez besoin. Votre satisfaction est notre priorit\u00e9 !<\/p><\/blockquote>\n<p>source: <a href=\"https:\/\/platform.stlflix.com\/product\/loving-customizable-photo-holder\" target=\"_blank\" rel=\"noopener\">loving-customizable-photo-holder<\/a><\/p>\n<hr \/>\n<h6 style=\"text-align: center\">Adresse: Boite de petri &#8211; Rue de Budapest 8 &#8211; 1400 Nivelles, Belgique<br \/>\nsite: <a href=\"http:\/\/www.boitedepetri.be\" target=\"_blank\" rel=\"noopener\">www.boitedepetri.be<\/a><br \/>\nmail: <a href=\"mailto:info@boitedepetri.be\" target=\"_blank\" rel=\"noopener\">info@boitedepetri.be<\/a><br \/>\nNum\u00e9ro TVA: <a href=\"https:\/\/ec.europa.eu\/taxation_customs\/vies\/#\/vat-validation\">BE1005308592<\/a><br \/>\ninfo:<br \/>\n<a href=\"https:\/\/boitedepetri.be\/pdf\/refund\" target=\"_blank\" rel=\"noopener\">remboursement<\/a><br \/>\n<a href=\"https:\/\/boitedepetri.be\/pdf\/Politique_d_expedition\" target=\"_blank\" rel=\"noopener\">politique d&#8217;expedition<\/a><br \/>\n<a href=\"https:\/\/boitedepetri.Be\/pdf\/Condition_de_vente_v2\" target=\"_blank\" rel=\"noopener\">condition de vente<\/a><\/h6>\n","protected":false},"excerpt":{"rendered":"<p>Ajoutez une touche d&#8217;amour\u00a0 \u00e0 votre d\u00e9coration d&#8217;int\u00e9rieur avec notre cadre photo coeur customisable imprim\u00e9 en 3D. Fabriqu\u00e9 avec pr\u00e9cision et soin, ce cadre photo est un incontournable pour tout amateur d&#8217;amour. Il Faudra fournir le texte voulu dans &#8220;Additional notes&#8221; \u00e0 l&#8217;\u00e9tape 2 de l&#8217;achat en indiquant &#8220;TEXT : *votre choix*&#8221;. exemple: &#8220;TEXT: Marianne&#8221;. [&hellip;]<\/p>\n","protected":false},"featured_media":6768,"comment_status":"open","ping_status":"closed","template":"","meta":[],"product_brand":[],"product_cat":[34],"product_tag":[1767,565,1766,1348],"class_list":{"0":"post-102724","1":"product","2":"type-product","3":"status-publish","4":"has-post-thumbnail","6":"product_cat-customizables","7":"product_tag-cadre","8":"product_tag-love","9":"product_tag-photo","10":"product_tag-saint-valentin-et-love","12":"first","13":"instock","14":"taxable","15":"shipping-taxable","16":"purchasable","17":"product-type-simple"},"yoast_head":"<!-- This site is optimized with the Yoast SEO plugin v25.1 - https:\/\/yoast.com\/wordpress\/plugins\/seo\/ -->\n<title>Loving Customizable Photo Holder - MyStore - By STLFLIX<\/title>\n<meta name=\"robots\" content=\"index, follow, max-snippet:-1, max-image-preview:large, max-video-preview:-1\" \/>\n<link rel=\"canonical\" href=\"https:\/\/my.stlflix.com\/es\/product\/loving-customizable-photo-holder-66e427fd32c75-2\/\" \/>\n<meta property=\"og:locale\" content=\"es_ES\" \/>\n<meta property=\"og:type\" content=\"article\" \/>\n<meta property=\"og:title\" content=\"Loving Customizable Photo Holder - MyStore - By STLFLIX\" \/>\n<meta property=\"og:description\" content=\"Ajoutez une touche d&#8217;amour\u00a0 \u00e0 votre d\u00e9coration d&#8217;int\u00e9rieur avec notre cadre photo coeur customisable imprim\u00e9 en 3D. Fabriqu\u00e9 avec pr\u00e9cision et soin, ce cadre photo est un incontournable pour tout amateur d&#8217;amour. Il Faudra fournir le texte voulu dans &#8220;Additional notes&#8221; \u00e0 l&#8217;\u00e9tape 2 de l&#8217;achat en indiquant &#8220;TEXT : *votre choix*&#8221;. exemple: &#8220;TEXT: Marianne&#8221;. [&hellip;]\" \/>\n<meta property=\"og:url\" content=\"https:\/\/my.stlflix.com\/es\/product\/loving-customizable-photo-holder-66e427fd32c75-2\/\" \/>\n<meta property=\"og:site_name\" content=\"MyStore - By STLFLIX\" \/>\n<meta property=\"article:publisher\" content=\"https:\/\/www.facebook.com\/STLFLIX\" \/>\n<meta property=\"article:modified_time\" content=\"2024-12-22T11:57:36+00:00\" \/>\n<meta property=\"og:image\" content=\"https:\/\/my.stlflix.com\/wp-content\/uploads\/2024\/03\/FEED_d1d4ebf2a8.jpg\" \/>\n\t<meta property=\"og:image:width\" content=\"1079\" \/>\n\t<meta property=\"og:image:height\" content=\"1350\" \/>\n\t<meta property=\"og:image:type\" content=\"image\/jpeg\" \/>\n<meta name=\"twitter:card\" content=\"summary_large_image\" \/>\n<meta name=\"twitter:label1\" content=\"Est. reading time\" \/>\n\t<meta name=\"twitter:data1\" content=\"2 minutes\" \/>\n<script type=\"application\/ld+json\" class=\"yoast-schema-graph\">{\"@context\":\"https:\/\/schema.org\",\"@graph\":[{\"@type\":\"WebPage\",\"@id\":\"https:\/\/my.stlflix.com\/es\/product\/loving-customizable-photo-holder-66e427fd32c75-2\/\",\"url\":\"https:\/\/my.stlflix.com\/es\/product\/loving-customizable-photo-holder-66e427fd32c75-2\/\",\"name\":\"Loving Customizable Photo Holder - MyStore - By STLFLIX\",\"isPartOf\":{\"@id\":\"https:\/\/my.stlflix.com\/#website\"},\"primaryImageOfPage\":{\"@id\":\"https:\/\/my.stlflix.com\/es\/product\/loving-customizable-photo-holder-66e427fd32c75-2\/#primaryimage\"},\"image\":{\"@id\":\"https:\/\/my.stlflix.com\/es\/product\/loving-customizable-photo-holder-66e427fd32c75-2\/#primaryimage\"},\"thumbnailUrl\":\"https:\/\/my.stlflix.com\/wp-content\/uploads\/2024\/03\/FEED_d1d4ebf2a8.jpg\",\"datePublished\":\"2024-09-22T15:05:04+00:00\",\"dateModified\":\"2024-12-22T11:57:36+00:00\",\"breadcrumb\":{\"@id\":\"https:\/\/my.stlflix.com\/es\/product\/loving-customizable-photo-holder-66e427fd32c75-2\/#breadcrumb\"},\"inLanguage\":\"es-ES\",\"potentialAction\":[{\"@type\":\"ReadAction\",\"target\":[\"https:\/\/my.stlflix.com\/es\/product\/loving-customizable-photo-holder-66e427fd32c75-2\/\"]}]},{\"@type\":\"ImageObject\",\"inLanguage\":\"es-ES\",\"@id\":\"https:\/\/my.stlflix.com\/es\/product\/loving-customizable-photo-holder-66e427fd32c75-2\/#primaryimage\",\"url\":\"https:\/\/my.stlflix.com\/wp-content\/uploads\/2024\/03\/FEED_d1d4ebf2a8.jpg\",\"contentUrl\":\"https:\/\/my.stlflix.com\/wp-content\/uploads\/2024\/03\/FEED_d1d4ebf2a8.jpg\",\"width\":1079,\"height\":1350},{\"@type\":\"BreadcrumbList\",\"@id\":\"https:\/\/my.stlflix.com\/es\/product\/loving-customizable-photo-holder-66e427fd32c75-2\/#breadcrumb\",\"itemListElement\":[{\"@type\":\"ListItem\",\"position\":1,\"name\":\"Home\",\"item\":\"https:\/\/www.stlflix-store.com\/\"},{\"@type\":\"ListItem\",\"position\":2,\"name\":\"Products\",\"item\":\"https:\/\/www.stlflix-store.com\/shop\/\"},{\"@type\":\"ListItem\",\"position\":3,\"name\":\"Loving Customizable Photo Holder\"}]},{\"@type\":\"WebSite\",\"@id\":\"https:\/\/my.stlflix.com\/#website\",\"url\":\"https:\/\/my.stlflix.com\/\",\"name\":\"MyStore - By STLFLIX\",\"description\":\"\",\"publisher\":{\"@id\":\"https:\/\/my.stlflix.com\/#organization\"},\"potentialAction\":[{\"@type\":\"SearchAction\",\"target\":{\"@type\":\"EntryPoint\",\"urlTemplate\":\"https:\/\/my.stlflix.com\/?s={search_term_string}\"},\"query-input\":{\"@type\":\"PropertyValueSpecification\",\"valueRequired\":true,\"valueName\":\"search_term_string\"}}],\"inLanguage\":\"es-ES\"},{\"@type\":\"Organization\",\"@id\":\"https:\/\/my.stlflix.com\/#organization\",\"name\":\"MyStore - By STLFLIX\",\"url\":\"https:\/\/my.stlflix.com\/\",\"logo\":{\"@type\":\"ImageObject\",\"inLanguage\":\"es-ES\",\"@id\":\"https:\/\/my.stlflix.com\/#\/schema\/logo\/image\/\",\"url\":\"https:\/\/my.stlflix.com\/wp-content\/uploads\/2024\/06\/logo-mystore.png\",\"contentUrl\":\"https:\/\/my.stlflix.com\/wp-content\/uploads\/2024\/06\/logo-mystore.png\",\"width\":150,\"height\":41,\"caption\":\"MyStore - By STLFLIX\"},\"image\":{\"@id\":\"https:\/\/my.stlflix.com\/#\/schema\/logo\/image\/\"},\"sameAs\":[\"https:\/\/www.facebook.com\/STLFLIX\",\"https:\/\/www.instagram.com\/stlflix_\/\",\"https:\/\/www.tiktok.com\/@stlflix\"]}]}<\/script>\n<!-- \/ Yoast SEO plugin. -->","yoast_head_json":{"title":"Loving Customizable Photo Holder - MyStore - By STLFLIX","robots":{"index":"index","follow":"follow","max-snippet":"max-snippet:-1","max-image-preview":"max-image-preview:large","max-video-preview":"max-video-preview:-1"},"canonical":"https:\/\/my.stlflix.com\/es\/product\/loving-customizable-photo-holder-66e427fd32c75-2\/","og_locale":"es_ES","og_type":"article","og_title":"Loving Customizable Photo Holder - MyStore - By STLFLIX","og_description":"Ajoutez une touche d&#8217;amour\u00a0 \u00e0 votre d\u00e9coration d&#8217;int\u00e9rieur avec notre cadre photo coeur customisable imprim\u00e9 en 3D. Fabriqu\u00e9 avec pr\u00e9cision et soin, ce cadre photo est un incontournable pour tout amateur d&#8217;amour. Il Faudra fournir le texte voulu dans &#8220;Additional notes&#8221; \u00e0 l&#8217;\u00e9tape 2 de l&#8217;achat en indiquant &#8220;TEXT : *votre choix*&#8221;. exemple: &#8220;TEXT: Marianne&#8221;. [&hellip;]","og_url":"https:\/\/my.stlflix.com\/es\/product\/loving-customizable-photo-holder-66e427fd32c75-2\/","og_site_name":"MyStore - By STLFLIX","article_publisher":"https:\/\/www.facebook.com\/STLFLIX","article_modified_time":"2024-12-22T11:57:36+00:00","og_image":[{"width":1079,"height":1350,"url":"https:\/\/my.stlflix.com\/wp-content\/uploads\/2024\/03\/FEED_d1d4ebf2a8.jpg","type":"image\/jpeg"}],"twitter_card":"summary_large_image","twitter_misc":{"Est. reading time":"2 minutes"},"schema":{"@context":"https:\/\/schema.org","@graph":[{"@type":"WebPage","@id":"https:\/\/my.stlflix.com\/es\/product\/loving-customizable-photo-holder-66e427fd32c75-2\/","url":"https:\/\/my.stlflix.com\/es\/product\/loving-customizable-photo-holder-66e427fd32c75-2\/","name":"Loving Customizable Photo Holder - MyStore - By STLFLIX","isPartOf":{"@id":"https:\/\/my.stlflix.com\/#website"},"primaryImageOfPage":{"@id":"https:\/\/my.stlflix.com\/es\/product\/loving-customizable-photo-holder-66e427fd32c75-2\/#primaryimage"},"image":{"@id":"https:\/\/my.stlflix.com\/es\/product\/loving-customizable-photo-holder-66e427fd32c75-2\/#primaryimage"},"thumbnailUrl":"https:\/\/my.stlflix.com\/wp-content\/uploads\/2024\/03\/FEED_d1d4ebf2a8.jpg","datePublished":"2024-09-22T15:05:04+00:00","dateModified":"2024-12-22T11:57:36+00:00","breadcrumb":{"@id":"https:\/\/my.stlflix.com\/es\/product\/loving-customizable-photo-holder-66e427fd32c75-2\/#breadcrumb"},"inLanguage":"es-ES","potentialAction":[{"@type":"ReadAction","target":["https:\/\/my.stlflix.com\/es\/product\/loving-customizable-photo-holder-66e427fd32c75-2\/"]}]},{"@type":"ImageObject","inLanguage":"es-ES","@id":"https:\/\/my.stlflix.com\/es\/product\/loving-customizable-photo-holder-66e427fd32c75-2\/#primaryimage","url":"https:\/\/my.stlflix.com\/wp-content\/uploads\/2024\/03\/FEED_d1d4ebf2a8.jpg","contentUrl":"https:\/\/my.stlflix.com\/wp-content\/uploads\/2024\/03\/FEED_d1d4ebf2a8.jpg","width":1079,"height":1350},{"@type":"BreadcrumbList","@id":"https:\/\/my.stlflix.com\/es\/product\/loving-customizable-photo-holder-66e427fd32c75-2\/#breadcrumb","itemListElement":[{"@type":"ListItem","position":1,"name":"Home","item":"https:\/\/www.stlflix-store.com\/"},{"@type":"ListItem","position":2,"name":"Products","item":"https:\/\/www.stlflix-store.com\/shop\/"},{"@type":"ListItem","position":3,"name":"Loving Customizable Photo Holder"}]},{"@type":"WebSite","@id":"https:\/\/my.stlflix.com\/#website","url":"https:\/\/my.stlflix.com\/","name":"MyStore - By STLFLIX","description":"","publisher":{"@id":"https:\/\/my.stlflix.com\/#organization"},"potentialAction":[{"@type":"SearchAction","target":{"@type":"EntryPoint","urlTemplate":"https:\/\/my.stlflix.com\/?s={search_term_string}"},"query-input":{"@type":"PropertyValueSpecification","valueRequired":true,"valueName":"search_term_string"}}],"inLanguage":"es-ES"},{"@type":"Organization","@id":"https:\/\/my.stlflix.com\/#organization","name":"MyStore - By STLFLIX","url":"https:\/\/my.stlflix.com\/","logo":{"@type":"ImageObject","inLanguage":"es-ES","@id":"https:\/\/my.stlflix.com\/#\/schema\/logo\/image\/","url":"https:\/\/my.stlflix.com\/wp-content\/uploads\/2024\/06\/logo-mystore.png","contentUrl":"https:\/\/my.stlflix.com\/wp-content\/uploads\/2024\/06\/logo-mystore.png","width":150,"height":41,"caption":"MyStore - By STLFLIX"},"image":{"@id":"https:\/\/my.stlflix.com\/#\/schema\/logo\/image\/"},"sameAs":["https:\/\/www.facebook.com\/STLFLIX","https:\/\/www.instagram.com\/stlflix_\/","https:\/\/www.tiktok.com\/@stlflix"]}]}},"_links":{"self":[{"href":"https:\/\/my.stlflix.com\/es\/wp-json\/wp\/v2\/product\/102724","targetHints":{"allow":["GET"]}}],"collection":[{"href":"https:\/\/my.stlflix.com\/es\/wp-json\/wp\/v2\/product"}],"about":[{"href":"https:\/\/my.stlflix.com\/es\/wp-json\/wp\/v2\/types\/product"}],"replies":[{"embeddable":true,"href":"https:\/\/my.stlflix.com\/es\/wp-json\/wp\/v2\/comments?post=102724"}],"wp:featuredmedia":[{"embeddable":true,"href":"https:\/\/my.stlflix.com\/es\/wp-json\/wp\/v2\/media\/6768"}],"wp:attachment":[{"href":"https:\/\/my.stlflix.com\/es\/wp-json\/wp\/v2\/media?parent=102724"}],"wp:term":[{"taxonomy":"product_brand","embeddable":true,"href":"https:\/\/my.stlflix.com\/es\/wp-json\/wp\/v2\/product_brand?post=102724"},{"taxonomy":"product_cat","embeddable":true,"href":"https:\/\/my.stlflix.com\/es\/wp-json\/wp\/v2\/product_cat?post=102724"},{"taxonomy":"product_tag","embeddable":true,"href":"https:\/\/my.stlflix.com\/es\/wp-json\/wp\/v2\/product_tag?post=102724"}],"curies":[{"name":"wp","href":"https:\/\/api.w.org\/{rel}","templated":true}]}}