{"id":107371,"date":"2025-03-31T21:52:47","date_gmt":"2025-03-31T21:52:47","guid":{"rendered":"https:\/\/my.stlflix.com\/?post_type=product&#038;p=107371"},"modified":"2025-03-31T22:02:01","modified_gmt":"2025-03-31T22:02:01","slug":"bear-wine-holder-66ec753425fe7","status":"publish","type":"product","link":"https:\/\/my.stlflix.com\/es\/product\/bear-wine-holder-66ec753425fe7\/","title":{"rendered":"Oso porta vinos"},"content":{"rendered":"<p><strong>Portavinos con Forma de Oso<\/strong><\/p>\n<p>Un toque de fantas\u00eda para tus momentos vin\u00edcolas: nuestro\u00a0<strong>portavinos con forma de oso<\/strong>\u00a0no solo sostiene tu botella, \u00a1sino que la abraza con actitud! Con un dise\u00f1o que\u00a0<strong>simula la calidez de la madera<\/strong>\u00a0o luce un sofisticado\u00a0<strong>negro mate<\/strong>, esta pieza es la combinaci\u00f3n perfecta entre funcionalidad y personalidad.<\/p>\n<p><strong>El vino encontr\u00f3 a su mejor compa\u00f1ero<\/strong><br \/>\nEste encantador oso, con su pose protectora y detalles realistas, se convierte en el anfitri\u00f3n perfecto para tus botellas. La combinaci\u00f3n perfecta entre funcionalidad y personalidad. Su dise\u00f1o <strong>ligero pero resistente<\/strong>\u00a0y acabado\u00a0<strong>realista<\/strong>\u00a0(disponible en efecto madera o negro mate) lo hacen ideal para:<\/p>\n<ul>\n<li><strong>Estabilizar botellas<\/strong>\u00a0con estilo en cualquier superficie.<\/li>\n<li><strong>Decorar espacios<\/strong>\u00a0con un toque l\u00fadico y elegante (barra, cocina o estanter\u00eda).<\/li>\n<li><strong>Sorprender como regalo<\/strong>\u00a0original para amantes del vino y la decoraci\u00f3n singular.<\/li>\n<\/ul>\n<p><strong>Perfecto para<\/strong>:<br \/>\n\u2714 Anfitriones que buscan detalles memorables.<br \/>\n\u2714 Quienes aprecian el equilibrio entre dise\u00f1o y utilidad.<br \/>\n\u2714 Regalos corporativos con un giro creativo.<\/p>\n","protected":false},"excerpt":{"rendered":"<p>Portavinos con Forma de Oso Un toque de fantas\u00eda para tus momentos vin\u00edcolas: nuestro\u00a0portavinos con forma de oso\u00a0no solo sostiene tu botella, \u00a1sino que la abraza con actitud! Con un dise\u00f1o que\u00a0simula la calidez de la madera\u00a0o luce un sofisticado\u00a0negro mate, esta pieza es la combinaci\u00f3n perfecta entre funcionalidad y personalidad. El vino encontr\u00f3 a [&hellip;]<\/p>\n","protected":false},"featured_media":302016,"comment_status":"open","ping_status":"closed","template":"","meta":[],"product_brand":[],"product_cat":[19],"product_tag":[5783,5784],"class_list":{"0":"post-107371","1":"product","2":"type-product","3":"status-publish","4":"has-post-thumbnail","6":"product_cat-animals","7":"product_tag-decoracion-2","8":"product_tag-porta-vinos","10":"first","11":"instock","12":"purchasable","13":"product-type-variable"},"yoast_head":"<!-- This site is optimized with the Yoast SEO plugin v25.1 - https:\/\/yoast.com\/wordpress\/plugins\/seo\/ -->\n<title>Oso porta vinos - MyStore - By STLFLIX<\/title>\n<meta name=\"robots\" content=\"index, follow, max-snippet:-1, max-image-preview:large, max-video-preview:-1\" \/>\n<link rel=\"canonical\" href=\"https:\/\/my.stlflix.com\/es\/product\/bear-wine-holder-66ec753425fe7\/\" \/>\n<meta property=\"og:locale\" content=\"es_ES\" \/>\n<meta property=\"og:type\" content=\"article\" \/>\n<meta property=\"og:title\" content=\"Oso porta vinos - MyStore - By STLFLIX\" \/>\n<meta property=\"og:description\" content=\"Portavinos con Forma de Oso Un toque de fantas\u00eda para tus momentos vin\u00edcolas: nuestro\u00a0portavinos con forma de oso\u00a0no solo sostiene tu botella, \u00a1sino que la abraza con actitud! Con un dise\u00f1o que\u00a0simula la calidez de la madera\u00a0o luce un sofisticado\u00a0negro mate, esta pieza es la combinaci\u00f3n perfecta entre funcionalidad y personalidad. El vino encontr\u00f3 a [&hellip;]\" \/>\n<meta property=\"og:url\" content=\"https:\/\/my.stlflix.com\/es\/product\/bear-wine-holder-66ec753425fe7\/\" \/>\n<meta property=\"og:site_name\" content=\"MyStore - By STLFLIX\" \/>\n<meta property=\"article:publisher\" content=\"https:\/\/www.facebook.com\/STLFLIX\" \/>\n<meta property=\"article:modified_time\" content=\"2025-03-31T22:02:01+00:00\" \/>\n<meta property=\"og:image\" content=\"https:\/\/my.stlflix.com\/wp-content\/uploads\/2025\/03\/portada-real.png\" \/>\n\t<meta property=\"og:image:width\" content=\"1080\" \/>\n\t<meta property=\"og:image:height\" content=\"1350\" \/>\n\t<meta property=\"og:image:type\" content=\"image\/png\" \/>\n<meta name=\"twitter:card\" content=\"summary_large_image\" \/>\n<meta name=\"twitter:label1\" content=\"Est. reading time\" \/>\n\t<meta name=\"twitter:data1\" content=\"1 minute\" \/>\n<script type=\"application\/ld+json\" class=\"yoast-schema-graph\">{\"@context\":\"https:\/\/schema.org\",\"@graph\":[{\"@type\":\"WebPage\",\"@id\":\"https:\/\/my.stlflix.com\/es\/product\/bear-wine-holder-66ec753425fe7\/\",\"url\":\"https:\/\/my.stlflix.com\/es\/product\/bear-wine-holder-66ec753425fe7\/\",\"name\":\"Oso porta vinos - MyStore - By STLFLIX\",\"isPartOf\":{\"@id\":\"https:\/\/my.stlflix.com\/#website\"},\"primaryImageOfPage\":{\"@id\":\"https:\/\/my.stlflix.com\/es\/product\/bear-wine-holder-66ec753425fe7\/#primaryimage\"},\"image\":{\"@id\":\"https:\/\/my.stlflix.com\/es\/product\/bear-wine-holder-66ec753425fe7\/#primaryimage\"},\"thumbnailUrl\":\"https:\/\/my.stlflix.com\/wp-content\/uploads\/2025\/03\/portada-real.png\",\"datePublished\":\"2025-03-31T21:52:47+00:00\",\"dateModified\":\"2025-03-31T22:02:01+00:00\",\"breadcrumb\":{\"@id\":\"https:\/\/my.stlflix.com\/es\/product\/bear-wine-holder-66ec753425fe7\/#breadcrumb\"},\"inLanguage\":\"es-ES\",\"potentialAction\":[{\"@type\":\"ReadAction\",\"target\":[\"https:\/\/my.stlflix.com\/es\/product\/bear-wine-holder-66ec753425fe7\/\"]}]},{\"@type\":\"ImageObject\",\"inLanguage\":\"es-ES\",\"@id\":\"https:\/\/my.stlflix.com\/es\/product\/bear-wine-holder-66ec753425fe7\/#primaryimage\",\"url\":\"https:\/\/my.stlflix.com\/wp-content\/uploads\/2025\/03\/portada-real.png\",\"contentUrl\":\"https:\/\/my.stlflix.com\/wp-content\/uploads\/2025\/03\/portada-real.png\",\"width\":1080,\"height\":1350},{\"@type\":\"BreadcrumbList\",\"@id\":\"https:\/\/my.stlflix.com\/es\/product\/bear-wine-holder-66ec753425fe7\/#breadcrumb\",\"itemListElement\":[{\"@type\":\"ListItem\",\"position\":1,\"name\":\"Home\",\"item\":\"https:\/\/www.stlflix-store.com\/\"},{\"@type\":\"ListItem\",\"position\":2,\"name\":\"Products\",\"item\":\"https:\/\/www.stlflix-store.com\/shop\/\"},{\"@type\":\"ListItem\",\"position\":3,\"name\":\"Oso porta vinos\"}]},{\"@type\":\"WebSite\",\"@id\":\"https:\/\/my.stlflix.com\/#website\",\"url\":\"https:\/\/my.stlflix.com\/\",\"name\":\"MyStore - By STLFLIX\",\"description\":\"\",\"publisher\":{\"@id\":\"https:\/\/my.stlflix.com\/#organization\"},\"potentialAction\":[{\"@type\":\"SearchAction\",\"target\":{\"@type\":\"EntryPoint\",\"urlTemplate\":\"https:\/\/my.stlflix.com\/?s={search_term_string}\"},\"query-input\":{\"@type\":\"PropertyValueSpecification\",\"valueRequired\":true,\"valueName\":\"search_term_string\"}}],\"inLanguage\":\"es-ES\"},{\"@type\":\"Organization\",\"@id\":\"https:\/\/my.stlflix.com\/#organization\",\"name\":\"MyStore - By STLFLIX\",\"url\":\"https:\/\/my.stlflix.com\/\",\"logo\":{\"@type\":\"ImageObject\",\"inLanguage\":\"es-ES\",\"@id\":\"https:\/\/my.stlflix.com\/#\/schema\/logo\/image\/\",\"url\":\"https:\/\/my.stlflix.com\/wp-content\/uploads\/2024\/06\/logo-mystore.png\",\"contentUrl\":\"https:\/\/my.stlflix.com\/wp-content\/uploads\/2024\/06\/logo-mystore.png\",\"width\":150,\"height\":41,\"caption\":\"MyStore - By STLFLIX\"},\"image\":{\"@id\":\"https:\/\/my.stlflix.com\/#\/schema\/logo\/image\/\"},\"sameAs\":[\"https:\/\/www.facebook.com\/STLFLIX\",\"https:\/\/www.instagram.com\/stlflix_\/\",\"https:\/\/www.tiktok.com\/@stlflix\"]}]}<\/script>\n<!-- \/ Yoast SEO plugin. -->","yoast_head_json":{"title":"Oso porta vinos - MyStore - By STLFLIX","robots":{"index":"index","follow":"follow","max-snippet":"max-snippet:-1","max-image-preview":"max-image-preview:large","max-video-preview":"max-video-preview:-1"},"canonical":"https:\/\/my.stlflix.com\/es\/product\/bear-wine-holder-66ec753425fe7\/","og_locale":"es_ES","og_type":"article","og_title":"Oso porta vinos - MyStore - By STLFLIX","og_description":"Portavinos con Forma de Oso Un toque de fantas\u00eda para tus momentos vin\u00edcolas: nuestro\u00a0portavinos con forma de oso\u00a0no solo sostiene tu botella, \u00a1sino que la abraza con actitud! Con un dise\u00f1o que\u00a0simula la calidez de la madera\u00a0o luce un sofisticado\u00a0negro mate, esta pieza es la combinaci\u00f3n perfecta entre funcionalidad y personalidad. El vino encontr\u00f3 a [&hellip;]","og_url":"https:\/\/my.stlflix.com\/es\/product\/bear-wine-holder-66ec753425fe7\/","og_site_name":"MyStore - By STLFLIX","article_publisher":"https:\/\/www.facebook.com\/STLFLIX","article_modified_time":"2025-03-31T22:02:01+00:00","og_image":[{"width":1080,"height":1350,"url":"https:\/\/my.stlflix.com\/wp-content\/uploads\/2025\/03\/portada-real.png","type":"image\/png"}],"twitter_card":"summary_large_image","twitter_misc":{"Est. reading time":"1 minute"},"schema":{"@context":"https:\/\/schema.org","@graph":[{"@type":"WebPage","@id":"https:\/\/my.stlflix.com\/es\/product\/bear-wine-holder-66ec753425fe7\/","url":"https:\/\/my.stlflix.com\/es\/product\/bear-wine-holder-66ec753425fe7\/","name":"Oso porta vinos - MyStore - By STLFLIX","isPartOf":{"@id":"https:\/\/my.stlflix.com\/#website"},"primaryImageOfPage":{"@id":"https:\/\/my.stlflix.com\/es\/product\/bear-wine-holder-66ec753425fe7\/#primaryimage"},"image":{"@id":"https:\/\/my.stlflix.com\/es\/product\/bear-wine-holder-66ec753425fe7\/#primaryimage"},"thumbnailUrl":"https:\/\/my.stlflix.com\/wp-content\/uploads\/2025\/03\/portada-real.png","datePublished":"2025-03-31T21:52:47+00:00","dateModified":"2025-03-31T22:02:01+00:00","breadcrumb":{"@id":"https:\/\/my.stlflix.com\/es\/product\/bear-wine-holder-66ec753425fe7\/#breadcrumb"},"inLanguage":"es-ES","potentialAction":[{"@type":"ReadAction","target":["https:\/\/my.stlflix.com\/es\/product\/bear-wine-holder-66ec753425fe7\/"]}]},{"@type":"ImageObject","inLanguage":"es-ES","@id":"https:\/\/my.stlflix.com\/es\/product\/bear-wine-holder-66ec753425fe7\/#primaryimage","url":"https:\/\/my.stlflix.com\/wp-content\/uploads\/2025\/03\/portada-real.png","contentUrl":"https:\/\/my.stlflix.com\/wp-content\/uploads\/2025\/03\/portada-real.png","width":1080,"height":1350},{"@type":"BreadcrumbList","@id":"https:\/\/my.stlflix.com\/es\/product\/bear-wine-holder-66ec753425fe7\/#breadcrumb","itemListElement":[{"@type":"ListItem","position":1,"name":"Home","item":"https:\/\/www.stlflix-store.com\/"},{"@type":"ListItem","position":2,"name":"Products","item":"https:\/\/www.stlflix-store.com\/shop\/"},{"@type":"ListItem","position":3,"name":"Oso porta vinos"}]},{"@type":"WebSite","@id":"https:\/\/my.stlflix.com\/#website","url":"https:\/\/my.stlflix.com\/","name":"MyStore - By STLFLIX","description":"","publisher":{"@id":"https:\/\/my.stlflix.com\/#organization"},"potentialAction":[{"@type":"SearchAction","target":{"@type":"EntryPoint","urlTemplate":"https:\/\/my.stlflix.com\/?s={search_term_string}"},"query-input":{"@type":"PropertyValueSpecification","valueRequired":true,"valueName":"search_term_string"}}],"inLanguage":"es-ES"},{"@type":"Organization","@id":"https:\/\/my.stlflix.com\/#organization","name":"MyStore - By STLFLIX","url":"https:\/\/my.stlflix.com\/","logo":{"@type":"ImageObject","inLanguage":"es-ES","@id":"https:\/\/my.stlflix.com\/#\/schema\/logo\/image\/","url":"https:\/\/my.stlflix.com\/wp-content\/uploads\/2024\/06\/logo-mystore.png","contentUrl":"https:\/\/my.stlflix.com\/wp-content\/uploads\/2024\/06\/logo-mystore.png","width":150,"height":41,"caption":"MyStore - By STLFLIX"},"image":{"@id":"https:\/\/my.stlflix.com\/#\/schema\/logo\/image\/"},"sameAs":["https:\/\/www.facebook.com\/STLFLIX","https:\/\/www.instagram.com\/stlflix_\/","https:\/\/www.tiktok.com\/@stlflix"]}]}},"_links":{"self":[{"href":"https:\/\/my.stlflix.com\/es\/wp-json\/wp\/v2\/product\/107371","targetHints":{"allow":["GET"]}}],"collection":[{"href":"https:\/\/my.stlflix.com\/es\/wp-json\/wp\/v2\/product"}],"about":[{"href":"https:\/\/my.stlflix.com\/es\/wp-json\/wp\/v2\/types\/product"}],"replies":[{"embeddable":true,"href":"https:\/\/my.stlflix.com\/es\/wp-json\/wp\/v2\/comments?post=107371"}],"wp:featuredmedia":[{"embeddable":true,"href":"https:\/\/my.stlflix.com\/es\/wp-json\/wp\/v2\/media\/302016"}],"wp:attachment":[{"href":"https:\/\/my.stlflix.com\/es\/wp-json\/wp\/v2\/media?parent=107371"}],"wp:term":[{"taxonomy":"product_brand","embeddable":true,"href":"https:\/\/my.stlflix.com\/es\/wp-json\/wp\/v2\/product_brand?post=107371"},{"taxonomy":"product_cat","embeddable":true,"href":"https:\/\/my.stlflix.com\/es\/wp-json\/wp\/v2\/product_cat?post=107371"},{"taxonomy":"product_tag","embeddable":true,"href":"https:\/\/my.stlflix.com\/es\/wp-json\/wp\/v2\/product_tag?post=107371"}],"curies":[{"name":"wp","href":"https:\/\/api.w.org\/{rel}","templated":true}]}}