{"id":107549,"date":"2024-09-20T10:41:30","date_gmt":"2024-09-20T10:41:30","guid":{"rendered":"https:\/\/my.stlflix.com\/?post_type=product&#038;p=107549"},"modified":"2024-12-22T12:01:28","modified_gmt":"2024-12-22T12:01:28","slug":"skeleton-cat-66ed506a39d0e","status":"publish","type":"product","link":"https:\/\/my.stlflix.com\/es\/product\/skeleton-cat-66ed506a39d0e\/","title":{"rendered":"Skeleton Cat"},"content":{"rendered":"<p style=\"text-align: left\"><strong><span style=\"color: #000000\"><span class=\"jCAhz ChMk0b\"><span class=\"ryNqvb\">Ajoutez une touche de fun effrayant \u00e0 votre d\u00e9coration d&#8217;Halloween avec notre chat squelette imprim\u00e9 en 3D.<\/span><\/span><br \/>\n<span class=\"jCAhz ChMk0b\"><span class=\"ryNqvb\">Ses membres articul\u00e9s permettent une pose personnalisable, ce qui en fait l&#8217;accessoire parfait pour toute sc\u00e8ne effrayante.<\/span><\/span> <span class=\"jCAhz ChMk0b\"><span class=\"ryNqvb\">Fabriqu\u00e9 avec pr\u00e9cision et soin, ce chat p\u00e9trifiant est un incontournable pour tout amateur d&#8217;Halloween.<\/span><\/span><\/span><\/strong><\/p>\n<hr \/>\n<p>Hauteur :\u00a0 \u00a0approximativement 9 cm sur 4 pattes<\/p>\n<hr \/>\n<blockquote><p>Le produit est fabriqu\u00e9 \u00e0 partir de mati\u00e8re plastique PLA.<br \/>\nLe PLA (acide polylactique) est enti\u00e8rement organique et n&#8217;\u00e9met aucun produit chimique.<br \/>\nNos articles imprim\u00e9s en 3D sont fabriqu\u00e9s avec soin, mais gardez \u00e0 l&#8217;esprit que de minuscules pi\u00e8ces peuvent se d\u00e9tacher s&#8217;ils sont manipul\u00e9s trop brutalement. Pour des raisons de s\u00e9curit\u00e9, nous vous recommandons de les garder hors de la port\u00e9e des enfants plus petits. Veuillez noter que le design peut avoir des points tranchants et que les morceaux cass\u00e9s peuvent \u00e9galement \u00eatre tranchants.<br \/>\nD\u00e9couvrez le caract\u00e8re unique de l&#8217;impression 3D ! Attendez-vous \u00e0 voir des lignes de calque et des imperfections mineures, et notez que les couleurs peuvent varier l\u00e9g\u00e8rement de ce que vous voyez sur votre t\u00e9l\u00e9phone ou votre \u00e9cran. Je n&#8217;am\u00e9liore pas les photos pour des couleurs plus vives. Chaque lot de filaments peut pr\u00e9senter des diff\u00e9rences subtiles, car nous ne fabriquons pas le n\u00f4tre.<br \/>\nLes articles sont disponibles dans des couleurs montr\u00e9es ! Vous ne trouvez pas la couleur que vous voulez ? Pas de soucis, n&#8217;h\u00e9sitez pas \u00e0 demander d&#8217;autres , et nous ferons de notre mieux pour faire correspondre la palette de couleurs dont vous avez besoin. Votre satisfaction est notre priorit\u00e9 !<\/p><\/blockquote>\n<p>source: <a href=\"https:\/\/platform.stlflix.com\/product\/skeleton-cat\">Skeleton Cat (stlflix.com)<\/a><\/p>\n<hr \/>\n<h6 style=\"text-align: center\">Adresse: Boite de petri &#8211; Rue de Budapest 8 &#8211; 1400 Nivelles, Belgique<br \/>\nsite: <a href=\"http:\/\/www.boitedepetri.be\" target=\"_blank\" rel=\"noopener\">www.boitedepetri.be<\/a><br \/>\nmail: <a href=\"mailto:info@boitedepetri.be\" target=\"_blank\" rel=\"noopener\">info@boitedepetri.be<\/a><br \/>\nNum\u00e9ro TVA: <a href=\"https:\/\/ec.europa.eu\/taxation_customs\/vies\/#\/vat-validation\">BE1005308592<\/a><br \/>\ninfo:<br \/>\n<a href=\"https:\/\/boitedepetri.be\/pdf\/refund\" target=\"_blank\" rel=\"noopener\">remboursement<\/a><br \/>\n<a href=\"https:\/\/boitedepetri.be\/pdf\/Politique_d_expedition\" target=\"_blank\" rel=\"noopener\">politique d&#8217;expedition<\/a><br \/>\n<a href=\"https:\/\/boitedepetri.Be\/pdf\/Condition_de_vente_v2\" target=\"_blank\" rel=\"noopener\">condition de vente<\/a><\/h6>\n","protected":false},"excerpt":{"rendered":"<p>Ajoutez une touche de fun effrayant \u00e0 votre d\u00e9coration d&#8217;Halloween avec notre chat squelette imprim\u00e9 en 3D. Ses membres articul\u00e9s permettent une pose personnalisable, ce qui en fait l&#8217;accessoire parfait pour toute sc\u00e8ne effrayante. Fabriqu\u00e9 avec pr\u00e9cision et soin, ce chat p\u00e9trifiant est un incontournable pour tout amateur d&#8217;Halloween. Hauteur :\u00a0 \u00a0approximativement 9 cm sur [&hellip;]<\/p>\n","protected":false},"featured_media":51482,"comment_status":"open","ping_status":"closed","template":"","meta":[],"product_brand":[],"product_cat":[19],"product_tag":[833,343,495,117,499],"class_list":{"0":"post-107549","1":"product","2":"type-product","3":"status-publish","4":"has-post-thumbnail","6":"product_cat-animals","7":"product_tag-articulated-animal","8":"product_tag-cat","9":"product_tag-figurines","10":"product_tag-halloween","11":"product_tag-skeleton","13":"first","14":"instock","15":"purchasable","16":"product-type-simple"},"yoast_head":"<!-- This site is optimized with the Yoast SEO plugin v25.1 - https:\/\/yoast.com\/wordpress\/plugins\/seo\/ -->\n<title>Skeleton Cat - MyStore - By STLFLIX<\/title>\n<meta name=\"robots\" content=\"index, follow, max-snippet:-1, max-image-preview:large, max-video-preview:-1\" \/>\n<link rel=\"canonical\" href=\"https:\/\/my.stlflix.com\/product\/skeleton-cat-66ed506a39d0e\/\" \/>\n<meta property=\"og:locale\" content=\"es_ES\" \/>\n<meta property=\"og:type\" content=\"article\" \/>\n<meta property=\"og:title\" content=\"Skeleton Cat - MyStore - By STLFLIX\" \/>\n<meta property=\"og:description\" content=\"Ajoutez une touche de fun effrayant \u00e0 votre d\u00e9coration d&#8217;Halloween avec notre chat squelette imprim\u00e9 en 3D. Ses membres articul\u00e9s permettent une pose personnalisable, ce qui en fait l&#8217;accessoire parfait pour toute sc\u00e8ne effrayante. Fabriqu\u00e9 avec pr\u00e9cision et soin, ce chat p\u00e9trifiant est un incontournable pour tout amateur d&#8217;Halloween. Hauteur :\u00a0 \u00a0approximativement 9 cm sur [&hellip;]\" \/>\n<meta property=\"og:url\" content=\"https:\/\/my.stlflix.com\/product\/skeleton-cat-66ed506a39d0e\/\" \/>\n<meta property=\"og:site_name\" content=\"MyStore - By STLFLIX\" \/>\n<meta property=\"article:publisher\" content=\"https:\/\/www.facebook.com\/STLFLIX\" \/>\n<meta property=\"article:modified_time\" content=\"2024-12-22T12:01:28+00:00\" \/>\n<meta property=\"og:image\" content=\"https:\/\/my.stlflix.com\/wp-content\/uploads\/2024\/07\/Skeleton_Catthumb_09e86b8716.jpg\" \/>\n\t<meta property=\"og:image:width\" content=\"1080\" \/>\n\t<meta property=\"og:image:height\" content=\"1350\" \/>\n\t<meta property=\"og:image:type\" content=\"image\/jpeg\" \/>\n<meta name=\"twitter:card\" content=\"summary_large_image\" \/>\n<meta name=\"twitter:label1\" content=\"Est. reading time\" \/>\n\t<meta name=\"twitter:data1\" content=\"2 minutes\" \/>\n<script type=\"application\/ld+json\" class=\"yoast-schema-graph\">{\"@context\":\"https:\/\/schema.org\",\"@graph\":[{\"@type\":\"WebPage\",\"@id\":\"https:\/\/my.stlflix.com\/product\/skeleton-cat-66ed506a39d0e\/\",\"url\":\"https:\/\/my.stlflix.com\/product\/skeleton-cat-66ed506a39d0e\/\",\"name\":\"Skeleton Cat - MyStore - By STLFLIX\",\"isPartOf\":{\"@id\":\"https:\/\/my.stlflix.com\/#website\"},\"primaryImageOfPage\":{\"@id\":\"https:\/\/my.stlflix.com\/product\/skeleton-cat-66ed506a39d0e\/#primaryimage\"},\"image\":{\"@id\":\"https:\/\/my.stlflix.com\/product\/skeleton-cat-66ed506a39d0e\/#primaryimage\"},\"thumbnailUrl\":\"https:\/\/my.stlflix.com\/wp-content\/uploads\/2024\/07\/Skeleton_Catthumb_09e86b8716.jpg\",\"datePublished\":\"2024-09-20T10:41:30+00:00\",\"dateModified\":\"2024-12-22T12:01:28+00:00\",\"breadcrumb\":{\"@id\":\"https:\/\/my.stlflix.com\/product\/skeleton-cat-66ed506a39d0e\/#breadcrumb\"},\"inLanguage\":\"es-ES\",\"potentialAction\":[{\"@type\":\"ReadAction\",\"target\":[\"https:\/\/my.stlflix.com\/product\/skeleton-cat-66ed506a39d0e\/\"]}]},{\"@type\":\"ImageObject\",\"inLanguage\":\"es-ES\",\"@id\":\"https:\/\/my.stlflix.com\/product\/skeleton-cat-66ed506a39d0e\/#primaryimage\",\"url\":\"https:\/\/my.stlflix.com\/wp-content\/uploads\/2024\/07\/Skeleton_Catthumb_09e86b8716.jpg\",\"contentUrl\":\"https:\/\/my.stlflix.com\/wp-content\/uploads\/2024\/07\/Skeleton_Catthumb_09e86b8716.jpg\",\"width\":1080,\"height\":1350},{\"@type\":\"BreadcrumbList\",\"@id\":\"https:\/\/my.stlflix.com\/product\/skeleton-cat-66ed506a39d0e\/#breadcrumb\",\"itemListElement\":[{\"@type\":\"ListItem\",\"position\":1,\"name\":\"Home\",\"item\":\"https:\/\/www.stlflix-store.com\/\"},{\"@type\":\"ListItem\",\"position\":2,\"name\":\"Products\",\"item\":\"https:\/\/www.stlflix-store.com\/shop\/\"},{\"@type\":\"ListItem\",\"position\":3,\"name\":\"Skeleton Cat\"}]},{\"@type\":\"WebSite\",\"@id\":\"https:\/\/my.stlflix.com\/#website\",\"url\":\"https:\/\/my.stlflix.com\/\",\"name\":\"MyStore - By STLFLIX\",\"description\":\"\",\"publisher\":{\"@id\":\"https:\/\/my.stlflix.com\/#organization\"},\"potentialAction\":[{\"@type\":\"SearchAction\",\"target\":{\"@type\":\"EntryPoint\",\"urlTemplate\":\"https:\/\/my.stlflix.com\/?s={search_term_string}\"},\"query-input\":{\"@type\":\"PropertyValueSpecification\",\"valueRequired\":true,\"valueName\":\"search_term_string\"}}],\"inLanguage\":\"es-ES\"},{\"@type\":\"Organization\",\"@id\":\"https:\/\/my.stlflix.com\/#organization\",\"name\":\"MyStore - By STLFLIX\",\"url\":\"https:\/\/my.stlflix.com\/\",\"logo\":{\"@type\":\"ImageObject\",\"inLanguage\":\"es-ES\",\"@id\":\"https:\/\/my.stlflix.com\/#\/schema\/logo\/image\/\",\"url\":\"https:\/\/my.stlflix.com\/wp-content\/uploads\/2024\/06\/logo-mystore.png\",\"contentUrl\":\"https:\/\/my.stlflix.com\/wp-content\/uploads\/2024\/06\/logo-mystore.png\",\"width\":150,\"height\":41,\"caption\":\"MyStore - By STLFLIX\"},\"image\":{\"@id\":\"https:\/\/my.stlflix.com\/#\/schema\/logo\/image\/\"},\"sameAs\":[\"https:\/\/www.facebook.com\/STLFLIX\",\"https:\/\/www.instagram.com\/stlflix_\/\",\"https:\/\/www.tiktok.com\/@stlflix\"]}]}<\/script>\n<!-- \/ Yoast SEO plugin. -->","yoast_head_json":{"title":"Skeleton Cat - MyStore - By STLFLIX","robots":{"index":"index","follow":"follow","max-snippet":"max-snippet:-1","max-image-preview":"max-image-preview:large","max-video-preview":"max-video-preview:-1"},"canonical":"https:\/\/my.stlflix.com\/product\/skeleton-cat-66ed506a39d0e\/","og_locale":"es_ES","og_type":"article","og_title":"Skeleton Cat - MyStore - By STLFLIX","og_description":"Ajoutez une touche de fun effrayant \u00e0 votre d\u00e9coration d&#8217;Halloween avec notre chat squelette imprim\u00e9 en 3D. Ses membres articul\u00e9s permettent une pose personnalisable, ce qui en fait l&#8217;accessoire parfait pour toute sc\u00e8ne effrayante. Fabriqu\u00e9 avec pr\u00e9cision et soin, ce chat p\u00e9trifiant est un incontournable pour tout amateur d&#8217;Halloween. Hauteur :\u00a0 \u00a0approximativement 9 cm sur [&hellip;]","og_url":"https:\/\/my.stlflix.com\/product\/skeleton-cat-66ed506a39d0e\/","og_site_name":"MyStore - By STLFLIX","article_publisher":"https:\/\/www.facebook.com\/STLFLIX","article_modified_time":"2024-12-22T12:01:28+00:00","og_image":[{"width":1080,"height":1350,"url":"https:\/\/my.stlflix.com\/wp-content\/uploads\/2024\/07\/Skeleton_Catthumb_09e86b8716.jpg","type":"image\/jpeg"}],"twitter_card":"summary_large_image","twitter_misc":{"Est. reading time":"2 minutes"},"schema":{"@context":"https:\/\/schema.org","@graph":[{"@type":"WebPage","@id":"https:\/\/my.stlflix.com\/product\/skeleton-cat-66ed506a39d0e\/","url":"https:\/\/my.stlflix.com\/product\/skeleton-cat-66ed506a39d0e\/","name":"Skeleton Cat - MyStore - By STLFLIX","isPartOf":{"@id":"https:\/\/my.stlflix.com\/#website"},"primaryImageOfPage":{"@id":"https:\/\/my.stlflix.com\/product\/skeleton-cat-66ed506a39d0e\/#primaryimage"},"image":{"@id":"https:\/\/my.stlflix.com\/product\/skeleton-cat-66ed506a39d0e\/#primaryimage"},"thumbnailUrl":"https:\/\/my.stlflix.com\/wp-content\/uploads\/2024\/07\/Skeleton_Catthumb_09e86b8716.jpg","datePublished":"2024-09-20T10:41:30+00:00","dateModified":"2024-12-22T12:01:28+00:00","breadcrumb":{"@id":"https:\/\/my.stlflix.com\/product\/skeleton-cat-66ed506a39d0e\/#breadcrumb"},"inLanguage":"es-ES","potentialAction":[{"@type":"ReadAction","target":["https:\/\/my.stlflix.com\/product\/skeleton-cat-66ed506a39d0e\/"]}]},{"@type":"ImageObject","inLanguage":"es-ES","@id":"https:\/\/my.stlflix.com\/product\/skeleton-cat-66ed506a39d0e\/#primaryimage","url":"https:\/\/my.stlflix.com\/wp-content\/uploads\/2024\/07\/Skeleton_Catthumb_09e86b8716.jpg","contentUrl":"https:\/\/my.stlflix.com\/wp-content\/uploads\/2024\/07\/Skeleton_Catthumb_09e86b8716.jpg","width":1080,"height":1350},{"@type":"BreadcrumbList","@id":"https:\/\/my.stlflix.com\/product\/skeleton-cat-66ed506a39d0e\/#breadcrumb","itemListElement":[{"@type":"ListItem","position":1,"name":"Home","item":"https:\/\/www.stlflix-store.com\/"},{"@type":"ListItem","position":2,"name":"Products","item":"https:\/\/www.stlflix-store.com\/shop\/"},{"@type":"ListItem","position":3,"name":"Skeleton Cat"}]},{"@type":"WebSite","@id":"https:\/\/my.stlflix.com\/#website","url":"https:\/\/my.stlflix.com\/","name":"MyStore - By STLFLIX","description":"","publisher":{"@id":"https:\/\/my.stlflix.com\/#organization"},"potentialAction":[{"@type":"SearchAction","target":{"@type":"EntryPoint","urlTemplate":"https:\/\/my.stlflix.com\/?s={search_term_string}"},"query-input":{"@type":"PropertyValueSpecification","valueRequired":true,"valueName":"search_term_string"}}],"inLanguage":"es-ES"},{"@type":"Organization","@id":"https:\/\/my.stlflix.com\/#organization","name":"MyStore - By STLFLIX","url":"https:\/\/my.stlflix.com\/","logo":{"@type":"ImageObject","inLanguage":"es-ES","@id":"https:\/\/my.stlflix.com\/#\/schema\/logo\/image\/","url":"https:\/\/my.stlflix.com\/wp-content\/uploads\/2024\/06\/logo-mystore.png","contentUrl":"https:\/\/my.stlflix.com\/wp-content\/uploads\/2024\/06\/logo-mystore.png","width":150,"height":41,"caption":"MyStore - By STLFLIX"},"image":{"@id":"https:\/\/my.stlflix.com\/#\/schema\/logo\/image\/"},"sameAs":["https:\/\/www.facebook.com\/STLFLIX","https:\/\/www.instagram.com\/stlflix_\/","https:\/\/www.tiktok.com\/@stlflix"]}]}},"_links":{"self":[{"href":"https:\/\/my.stlflix.com\/es\/wp-json\/wp\/v2\/product\/107549","targetHints":{"allow":["GET"]}}],"collection":[{"href":"https:\/\/my.stlflix.com\/es\/wp-json\/wp\/v2\/product"}],"about":[{"href":"https:\/\/my.stlflix.com\/es\/wp-json\/wp\/v2\/types\/product"}],"replies":[{"embeddable":true,"href":"https:\/\/my.stlflix.com\/es\/wp-json\/wp\/v2\/comments?post=107549"}],"wp:featuredmedia":[{"embeddable":true,"href":"https:\/\/my.stlflix.com\/es\/wp-json\/wp\/v2\/media\/51482"}],"wp:attachment":[{"href":"https:\/\/my.stlflix.com\/es\/wp-json\/wp\/v2\/media?parent=107549"}],"wp:term":[{"taxonomy":"product_brand","embeddable":true,"href":"https:\/\/my.stlflix.com\/es\/wp-json\/wp\/v2\/product_brand?post=107549"},{"taxonomy":"product_cat","embeddable":true,"href":"https:\/\/my.stlflix.com\/es\/wp-json\/wp\/v2\/product_cat?post=107549"},{"taxonomy":"product_tag","embeddable":true,"href":"https:\/\/my.stlflix.com\/es\/wp-json\/wp\/v2\/product_tag?post=107549"}],"curies":[{"name":"wp","href":"https:\/\/api.w.org\/{rel}","templated":true}]}}