{"id":108515,"date":"2024-09-21T23:17:14","date_gmt":"2024-09-21T23:17:14","guid":{"rendered":"https:\/\/my.stlflix.com\/?post_type=product&#038;p=108515"},"modified":"2024-12-22T12:01:49","modified_gmt":"2024-12-22T12:01:49","slug":"triceratopo-esqueleto","status":"publish","type":"product","link":"https:\/\/my.stlflix.com\/es\/product\/triceratopo-esqueleto\/","title":{"rendered":"Tricer\u00e1topo Esqueleto"},"content":{"rendered":"<p>Apresentamos o impressionante <strong>esqueleto de Tricer\u00e1topo<\/strong> impresso em 3D, uma obra que captura a for\u00e7a e impon\u00eancia desse ic\u00f4nico herb\u00edvoro pr\u00e9-hist\u00f3rico. Com seus tr\u00eas chifres caracter\u00edsticos e a grande gola \u00f3ssea, cada osso foi recriado com precis\u00e3o, exibindo sua estrutura poderosa e detalhada, desde o robusto cr\u00e2nio at\u00e9 suas patas firmes. A vers\u00e3o <strong>sem olhos<\/strong> destaca ainda mais o aspecto enigm\u00e1tico e antigo, remetendo a uma rel\u00edquia fossilizada, imersa em mist\u00e9rio e hist\u00f3ria.<\/p>\n<p>J\u00e1 a vers\u00e3o <strong>com olhos<\/strong> adiciona um toque de vida e expressividade \u00e0 pe\u00e7a, como se o Tricer\u00e1topo estivesse prestes a se mover novamente pela selva pr\u00e9-hist\u00f3rica. Esse detalhe transforma o esqueleto em algo mais realista e imponente, perfeito para colecionadores e entusiastas da era dos dinossauros. Ambas as vers\u00f5es equilibram arte, ci\u00eancia e tecnologia, oferecendo uma janela fascinante para o passado.<\/p>\n","protected":false},"excerpt":{"rendered":"<p>Apresentamos o impressionante esqueleto de Tricer\u00e1topo impresso em 3D, uma obra que captura a for\u00e7a e impon\u00eancia desse ic\u00f4nico herb\u00edvoro pr\u00e9-hist\u00f3rico. Com seus tr\u00eas chifres caracter\u00edsticos e a grande gola \u00f3ssea, cada osso foi recriado com precis\u00e3o, exibindo sua estrutura poderosa e detalhada, desde o robusto cr\u00e2nio at\u00e9 suas patas firmes. A vers\u00e3o sem olhos [&hellip;]<\/p>\n","protected":false},"featured_media":108525,"comment_status":"open","ping_status":"closed","template":"","meta":[],"product_brand":[],"product_cat":[15],"product_tag":[651],"class_list":{"0":"post-108515","1":"product","2":"type-product","3":"status-publish","4":"has-post-thumbnail","6":"product_cat-uncategorized","7":"product_tag-animal","9":"first","10":"instock","11":"taxable","12":"shipping-taxable","13":"purchasable","14":"product-type-simple"},"yoast_head":"<!-- This site is optimized with the Yoast SEO plugin v25.1 - https:\/\/yoast.com\/wordpress\/plugins\/seo\/ -->\n<title>Tricer\u00e1topo Esqueleto - MyStore - By STLFLIX<\/title>\n<meta name=\"robots\" content=\"index, follow, max-snippet:-1, max-image-preview:large, max-video-preview:-1\" \/>\n<link rel=\"canonical\" href=\"https:\/\/www.monitorstlflix.com\/product\/triceratopo-esqueleto\/\" \/>\n<meta property=\"og:locale\" content=\"es_ES\" \/>\n<meta property=\"og:type\" content=\"article\" \/>\n<meta property=\"og:title\" content=\"Tricer\u00e1topo Esqueleto - MyStore - By STLFLIX\" \/>\n<meta property=\"og:description\" content=\"Apresentamos o impressionante esqueleto de Tricer\u00e1topo impresso em 3D, uma obra que captura a for\u00e7a e impon\u00eancia desse ic\u00f4nico herb\u00edvoro pr\u00e9-hist\u00f3rico. Com seus tr\u00eas chifres caracter\u00edsticos e a grande gola \u00f3ssea, cada osso foi recriado com precis\u00e3o, exibindo sua estrutura poderosa e detalhada, desde o robusto cr\u00e2nio at\u00e9 suas patas firmes. A vers\u00e3o sem olhos [&hellip;]\" \/>\n<meta property=\"og:url\" content=\"https:\/\/www.monitorstlflix.com\/product\/triceratopo-esqueleto\/\" \/>\n<meta property=\"og:site_name\" content=\"MyStore - By STLFLIX\" \/>\n<meta property=\"article:publisher\" content=\"https:\/\/www.facebook.com\/STLFLIX\" \/>\n<meta property=\"article:modified_time\" content=\"2024-12-22T12:01:49+00:00\" \/>\n<meta property=\"og:image\" content=\"https:\/\/www.monitorstlflix.com\/wp-content\/uploads\/2024\/09\/4.jpg\" \/>\n\t<meta property=\"og:image:width\" content=\"494\" \/>\n\t<meta property=\"og:image:height\" content=\"349\" \/>\n\t<meta property=\"og:image:type\" content=\"image\/jpeg\" \/>\n<meta name=\"twitter:card\" content=\"summary_large_image\" \/>\n<meta name=\"twitter:label1\" content=\"Est. reading time\" \/>\n\t<meta name=\"twitter:data1\" content=\"1 minute\" \/>\n<script type=\"application\/ld+json\" class=\"yoast-schema-graph\">{\"@context\":\"https:\/\/schema.org\",\"@graph\":[{\"@type\":\"WebPage\",\"@id\":\"https:\/\/www.monitorstlflix.com\/product\/triceratopo-esqueleto\/\",\"url\":\"https:\/\/www.monitorstlflix.com\/product\/triceratopo-esqueleto\/\",\"name\":\"Tricer\u00e1topo Esqueleto - MyStore - By STLFLIX\",\"isPartOf\":{\"@id\":\"https:\/\/my.stlflix.com\/#website\"},\"primaryImageOfPage\":{\"@id\":\"https:\/\/www.monitorstlflix.com\/product\/triceratopo-esqueleto\/#primaryimage\"},\"image\":{\"@id\":\"https:\/\/www.monitorstlflix.com\/product\/triceratopo-esqueleto\/#primaryimage\"},\"thumbnailUrl\":\"https:\/\/my.stlflix.com\/wp-content\/uploads\/2024\/09\/4.jpg\",\"datePublished\":\"2024-09-21T23:17:14+00:00\",\"dateModified\":\"2024-12-22T12:01:49+00:00\",\"breadcrumb\":{\"@id\":\"https:\/\/www.monitorstlflix.com\/product\/triceratopo-esqueleto\/#breadcrumb\"},\"inLanguage\":\"es-ES\",\"potentialAction\":[{\"@type\":\"ReadAction\",\"target\":[\"https:\/\/www.monitorstlflix.com\/product\/triceratopo-esqueleto\/\"]}]},{\"@type\":\"ImageObject\",\"inLanguage\":\"es-ES\",\"@id\":\"https:\/\/www.monitorstlflix.com\/product\/triceratopo-esqueleto\/#primaryimage\",\"url\":\"https:\/\/my.stlflix.com\/wp-content\/uploads\/2024\/09\/4.jpg\",\"contentUrl\":\"https:\/\/my.stlflix.com\/wp-content\/uploads\/2024\/09\/4.jpg\",\"width\":494,\"height\":349},{\"@type\":\"BreadcrumbList\",\"@id\":\"https:\/\/www.monitorstlflix.com\/product\/triceratopo-esqueleto\/#breadcrumb\",\"itemListElement\":[{\"@type\":\"ListItem\",\"position\":1,\"name\":\"Home\",\"item\":\"https:\/\/www.stlflix-store.com\/\"},{\"@type\":\"ListItem\",\"position\":2,\"name\":\"Products\",\"item\":\"https:\/\/www.stlflix-store.com\/shop\/\"},{\"@type\":\"ListItem\",\"position\":3,\"name\":\"Tricer\u00e1topo Esqueleto\"}]},{\"@type\":\"WebSite\",\"@id\":\"https:\/\/my.stlflix.com\/#website\",\"url\":\"https:\/\/my.stlflix.com\/\",\"name\":\"MyStore - By STLFLIX\",\"description\":\"\",\"publisher\":{\"@id\":\"https:\/\/my.stlflix.com\/#organization\"},\"potentialAction\":[{\"@type\":\"SearchAction\",\"target\":{\"@type\":\"EntryPoint\",\"urlTemplate\":\"https:\/\/my.stlflix.com\/?s={search_term_string}\"},\"query-input\":{\"@type\":\"PropertyValueSpecification\",\"valueRequired\":true,\"valueName\":\"search_term_string\"}}],\"inLanguage\":\"es-ES\"},{\"@type\":\"Organization\",\"@id\":\"https:\/\/my.stlflix.com\/#organization\",\"name\":\"MyStore - By STLFLIX\",\"url\":\"https:\/\/my.stlflix.com\/\",\"logo\":{\"@type\":\"ImageObject\",\"inLanguage\":\"es-ES\",\"@id\":\"https:\/\/my.stlflix.com\/#\/schema\/logo\/image\/\",\"url\":\"https:\/\/my.stlflix.com\/wp-content\/uploads\/2024\/06\/logo-mystore.png\",\"contentUrl\":\"https:\/\/my.stlflix.com\/wp-content\/uploads\/2024\/06\/logo-mystore.png\",\"width\":150,\"height\":41,\"caption\":\"MyStore - By STLFLIX\"},\"image\":{\"@id\":\"https:\/\/my.stlflix.com\/#\/schema\/logo\/image\/\"},\"sameAs\":[\"https:\/\/www.facebook.com\/STLFLIX\",\"https:\/\/www.instagram.com\/stlflix_\/\",\"https:\/\/www.tiktok.com\/@stlflix\"]}]}<\/script>\n<!-- \/ Yoast SEO plugin. -->","yoast_head_json":{"title":"Tricer\u00e1topo Esqueleto - MyStore - By STLFLIX","robots":{"index":"index","follow":"follow","max-snippet":"max-snippet:-1","max-image-preview":"max-image-preview:large","max-video-preview":"max-video-preview:-1"},"canonical":"https:\/\/www.monitorstlflix.com\/product\/triceratopo-esqueleto\/","og_locale":"es_ES","og_type":"article","og_title":"Tricer\u00e1topo Esqueleto - MyStore - By STLFLIX","og_description":"Apresentamos o impressionante esqueleto de Tricer\u00e1topo impresso em 3D, uma obra que captura a for\u00e7a e impon\u00eancia desse ic\u00f4nico herb\u00edvoro pr\u00e9-hist\u00f3rico. Com seus tr\u00eas chifres caracter\u00edsticos e a grande gola \u00f3ssea, cada osso foi recriado com precis\u00e3o, exibindo sua estrutura poderosa e detalhada, desde o robusto cr\u00e2nio at\u00e9 suas patas firmes. A vers\u00e3o sem olhos [&hellip;]","og_url":"https:\/\/www.monitorstlflix.com\/product\/triceratopo-esqueleto\/","og_site_name":"MyStore - By STLFLIX","article_publisher":"https:\/\/www.facebook.com\/STLFLIX","article_modified_time":"2024-12-22T12:01:49+00:00","og_image":[{"width":494,"height":349,"url":"https:\/\/www.monitorstlflix.com\/wp-content\/uploads\/2024\/09\/4.jpg","type":"image\/jpeg"}],"twitter_card":"summary_large_image","twitter_misc":{"Est. reading time":"1 minute"},"schema":{"@context":"https:\/\/schema.org","@graph":[{"@type":"WebPage","@id":"https:\/\/www.monitorstlflix.com\/product\/triceratopo-esqueleto\/","url":"https:\/\/www.monitorstlflix.com\/product\/triceratopo-esqueleto\/","name":"Tricer\u00e1topo Esqueleto - MyStore - By STLFLIX","isPartOf":{"@id":"https:\/\/my.stlflix.com\/#website"},"primaryImageOfPage":{"@id":"https:\/\/www.monitorstlflix.com\/product\/triceratopo-esqueleto\/#primaryimage"},"image":{"@id":"https:\/\/www.monitorstlflix.com\/product\/triceratopo-esqueleto\/#primaryimage"},"thumbnailUrl":"https:\/\/my.stlflix.com\/wp-content\/uploads\/2024\/09\/4.jpg","datePublished":"2024-09-21T23:17:14+00:00","dateModified":"2024-12-22T12:01:49+00:00","breadcrumb":{"@id":"https:\/\/www.monitorstlflix.com\/product\/triceratopo-esqueleto\/#breadcrumb"},"inLanguage":"es-ES","potentialAction":[{"@type":"ReadAction","target":["https:\/\/www.monitorstlflix.com\/product\/triceratopo-esqueleto\/"]}]},{"@type":"ImageObject","inLanguage":"es-ES","@id":"https:\/\/www.monitorstlflix.com\/product\/triceratopo-esqueleto\/#primaryimage","url":"https:\/\/my.stlflix.com\/wp-content\/uploads\/2024\/09\/4.jpg","contentUrl":"https:\/\/my.stlflix.com\/wp-content\/uploads\/2024\/09\/4.jpg","width":494,"height":349},{"@type":"BreadcrumbList","@id":"https:\/\/www.monitorstlflix.com\/product\/triceratopo-esqueleto\/#breadcrumb","itemListElement":[{"@type":"ListItem","position":1,"name":"Home","item":"https:\/\/www.stlflix-store.com\/"},{"@type":"ListItem","position":2,"name":"Products","item":"https:\/\/www.stlflix-store.com\/shop\/"},{"@type":"ListItem","position":3,"name":"Tricer\u00e1topo Esqueleto"}]},{"@type":"WebSite","@id":"https:\/\/my.stlflix.com\/#website","url":"https:\/\/my.stlflix.com\/","name":"MyStore - By STLFLIX","description":"","publisher":{"@id":"https:\/\/my.stlflix.com\/#organization"},"potentialAction":[{"@type":"SearchAction","target":{"@type":"EntryPoint","urlTemplate":"https:\/\/my.stlflix.com\/?s={search_term_string}"},"query-input":{"@type":"PropertyValueSpecification","valueRequired":true,"valueName":"search_term_string"}}],"inLanguage":"es-ES"},{"@type":"Organization","@id":"https:\/\/my.stlflix.com\/#organization","name":"MyStore - By STLFLIX","url":"https:\/\/my.stlflix.com\/","logo":{"@type":"ImageObject","inLanguage":"es-ES","@id":"https:\/\/my.stlflix.com\/#\/schema\/logo\/image\/","url":"https:\/\/my.stlflix.com\/wp-content\/uploads\/2024\/06\/logo-mystore.png","contentUrl":"https:\/\/my.stlflix.com\/wp-content\/uploads\/2024\/06\/logo-mystore.png","width":150,"height":41,"caption":"MyStore - By STLFLIX"},"image":{"@id":"https:\/\/my.stlflix.com\/#\/schema\/logo\/image\/"},"sameAs":["https:\/\/www.facebook.com\/STLFLIX","https:\/\/www.instagram.com\/stlflix_\/","https:\/\/www.tiktok.com\/@stlflix"]}]}},"_links":{"self":[{"href":"https:\/\/my.stlflix.com\/es\/wp-json\/wp\/v2\/product\/108515","targetHints":{"allow":["GET"]}}],"collection":[{"href":"https:\/\/my.stlflix.com\/es\/wp-json\/wp\/v2\/product"}],"about":[{"href":"https:\/\/my.stlflix.com\/es\/wp-json\/wp\/v2\/types\/product"}],"replies":[{"embeddable":true,"href":"https:\/\/my.stlflix.com\/es\/wp-json\/wp\/v2\/comments?post=108515"}],"wp:featuredmedia":[{"embeddable":true,"href":"https:\/\/my.stlflix.com\/es\/wp-json\/wp\/v2\/media\/108525"}],"wp:attachment":[{"href":"https:\/\/my.stlflix.com\/es\/wp-json\/wp\/v2\/media?parent=108515"}],"wp:term":[{"taxonomy":"product_brand","embeddable":true,"href":"https:\/\/my.stlflix.com\/es\/wp-json\/wp\/v2\/product_brand?post=108515"},{"taxonomy":"product_cat","embeddable":true,"href":"https:\/\/my.stlflix.com\/es\/wp-json\/wp\/v2\/product_cat?post=108515"},{"taxonomy":"product_tag","embeddable":true,"href":"https:\/\/my.stlflix.com\/es\/wp-json\/wp\/v2\/product_tag?post=108515"}],"curies":[{"name":"wp","href":"https:\/\/api.w.org\/{rel}","templated":true}]}}