{"id":132522,"date":"2024-10-31T08:33:51","date_gmt":"2024-10-31T08:33:51","guid":{"rendered":"https:\/\/my.stlflix.com\/?post_type=product&#038;p=132522"},"modified":"2024-12-22T12:16:17","modified_gmt":"2024-12-22T12:16:17","slug":"turkey-ring-napkin-holder-67233f16bee15","status":"publish","type":"product","link":"https:\/\/my.stlflix.com\/es\/product\/turkey-ring-napkin-holder-67233f16bee15\/","title":{"rendered":"Rond de serviette dinde"},"content":{"rendered":"<p>Soyez \u00e9l\u00e9gant et original avec notre rond de serviette dinde. Fabriqu\u00e9 avec une finition de qualit\u00e9, il ajoutera une touche originale \u00e0 votre table. Ajoutez une note festive \u00e0 tout repas avec ce rond de serviette unique en son genre.<\/p>\n<p>dimensions: 6cm*4cm hauteur:6cm<\/p>\n","protected":false},"excerpt":{"rendered":"<p>Soyez \u00e9l\u00e9gant et original avec notre rond de serviette dinde. Fabriqu\u00e9 avec une finition de qualit\u00e9, il ajoutera une touche originale \u00e0 votre table. Ajoutez une note festive \u00e0 tout repas avec ce rond de serviette unique en son genre. dimensions: 6cm*4cm hauteur:6cm<\/p>\n","protected":false},"featured_media":126964,"comment_status":"open","ping_status":"closed","template":"","meta":[],"product_brand":[],"product_cat":[2287],"product_tag":[],"class_list":{"0":"post-132522","1":"product","2":"type-product","3":"status-publish","4":"has-post-thumbnail","6":"product_cat-thanksgiving","8":"first","9":"instock","10":"taxable","11":"shipping-taxable","12":"purchasable","13":"product-type-simple"},"yoast_head":"<!-- This site is optimized with the Yoast SEO plugin v25.1 - https:\/\/yoast.com\/wordpress\/plugins\/seo\/ -->\n<title>Rond de serviette dinde - MyStore - By STLFLIX<\/title>\n<meta name=\"robots\" content=\"index, follow, max-snippet:-1, max-image-preview:large, max-video-preview:-1\" \/>\n<link rel=\"canonical\" href=\"https:\/\/my.stlflix.com\/es\/product\/turkey-ring-napkin-holder-67233f16bee15\/\" \/>\n<meta property=\"og:locale\" content=\"es_ES\" \/>\n<meta property=\"og:type\" content=\"article\" \/>\n<meta property=\"og:title\" content=\"Rond de serviette dinde - MyStore - By STLFLIX\" \/>\n<meta property=\"og:description\" content=\"Soyez \u00e9l\u00e9gant et original avec notre rond de serviette dinde. Fabriqu\u00e9 avec une finition de qualit\u00e9, il ajoutera une touche originale \u00e0 votre table. Ajoutez une note festive \u00e0 tout repas avec ce rond de serviette unique en son genre. dimensions: 6cm*4cm hauteur:6cm\" \/>\n<meta property=\"og:url\" content=\"https:\/\/my.stlflix.com\/es\/product\/turkey-ring-napkin-holder-67233f16bee15\/\" \/>\n<meta property=\"og:site_name\" content=\"MyStore - By STLFLIX\" \/>\n<meta property=\"article:publisher\" content=\"https:\/\/www.facebook.com\/STLFLIX\" \/>\n<meta property=\"article:modified_time\" content=\"2024-12-22T12:16:17+00:00\" \/>\n<meta property=\"og:image\" content=\"https:\/\/my.stlflix.com\/wp-content\/uploads\/2024\/10\/thumb_e9e43d4e03.jpg\" \/>\n\t<meta property=\"og:image:width\" content=\"1080\" \/>\n\t<meta property=\"og:image:height\" content=\"1350\" \/>\n\t<meta property=\"og:image:type\" content=\"image\/jpeg\" \/>\n<meta name=\"twitter:card\" content=\"summary_large_image\" \/>\n<script type=\"application\/ld+json\" class=\"yoast-schema-graph\">{\"@context\":\"https:\/\/schema.org\",\"@graph\":[{\"@type\":\"WebPage\",\"@id\":\"https:\/\/my.stlflix.com\/es\/product\/turkey-ring-napkin-holder-67233f16bee15\/\",\"url\":\"https:\/\/my.stlflix.com\/es\/product\/turkey-ring-napkin-holder-67233f16bee15\/\",\"name\":\"Rond de serviette dinde - MyStore - By STLFLIX\",\"isPartOf\":{\"@id\":\"https:\/\/my.stlflix.com\/#website\"},\"primaryImageOfPage\":{\"@id\":\"https:\/\/my.stlflix.com\/es\/product\/turkey-ring-napkin-holder-67233f16bee15\/#primaryimage\"},\"image\":{\"@id\":\"https:\/\/my.stlflix.com\/es\/product\/turkey-ring-napkin-holder-67233f16bee15\/#primaryimage\"},\"thumbnailUrl\":\"https:\/\/my.stlflix.com\/wp-content\/uploads\/2024\/10\/thumb_e9e43d4e03.jpg\",\"datePublished\":\"2024-10-31T08:33:51+00:00\",\"dateModified\":\"2024-12-22T12:16:17+00:00\",\"breadcrumb\":{\"@id\":\"https:\/\/my.stlflix.com\/es\/product\/turkey-ring-napkin-holder-67233f16bee15\/#breadcrumb\"},\"inLanguage\":\"es-ES\",\"potentialAction\":[{\"@type\":\"ReadAction\",\"target\":[\"https:\/\/my.stlflix.com\/es\/product\/turkey-ring-napkin-holder-67233f16bee15\/\"]}]},{\"@type\":\"ImageObject\",\"inLanguage\":\"es-ES\",\"@id\":\"https:\/\/my.stlflix.com\/es\/product\/turkey-ring-napkin-holder-67233f16bee15\/#primaryimage\",\"url\":\"https:\/\/my.stlflix.com\/wp-content\/uploads\/2024\/10\/thumb_e9e43d4e03.jpg\",\"contentUrl\":\"https:\/\/my.stlflix.com\/wp-content\/uploads\/2024\/10\/thumb_e9e43d4e03.jpg\",\"width\":1080,\"height\":1350},{\"@type\":\"BreadcrumbList\",\"@id\":\"https:\/\/my.stlflix.com\/es\/product\/turkey-ring-napkin-holder-67233f16bee15\/#breadcrumb\",\"itemListElement\":[{\"@type\":\"ListItem\",\"position\":1,\"name\":\"Home\",\"item\":\"https:\/\/www.stlflix-store.com\/\"},{\"@type\":\"ListItem\",\"position\":2,\"name\":\"Products\",\"item\":\"https:\/\/www.stlflix-store.com\/shop\/\"},{\"@type\":\"ListItem\",\"position\":3,\"name\":\"Rond de serviette dinde\"}]},{\"@type\":\"WebSite\",\"@id\":\"https:\/\/my.stlflix.com\/#website\",\"url\":\"https:\/\/my.stlflix.com\/\",\"name\":\"MyStore - By STLFLIX\",\"description\":\"\",\"publisher\":{\"@id\":\"https:\/\/my.stlflix.com\/#organization\"},\"potentialAction\":[{\"@type\":\"SearchAction\",\"target\":{\"@type\":\"EntryPoint\",\"urlTemplate\":\"https:\/\/my.stlflix.com\/?s={search_term_string}\"},\"query-input\":{\"@type\":\"PropertyValueSpecification\",\"valueRequired\":true,\"valueName\":\"search_term_string\"}}],\"inLanguage\":\"es-ES\"},{\"@type\":\"Organization\",\"@id\":\"https:\/\/my.stlflix.com\/#organization\",\"name\":\"MyStore - By STLFLIX\",\"url\":\"https:\/\/my.stlflix.com\/\",\"logo\":{\"@type\":\"ImageObject\",\"inLanguage\":\"es-ES\",\"@id\":\"https:\/\/my.stlflix.com\/#\/schema\/logo\/image\/\",\"url\":\"https:\/\/my.stlflix.com\/wp-content\/uploads\/2024\/06\/logo-mystore.png\",\"contentUrl\":\"https:\/\/my.stlflix.com\/wp-content\/uploads\/2024\/06\/logo-mystore.png\",\"width\":150,\"height\":41,\"caption\":\"MyStore - By STLFLIX\"},\"image\":{\"@id\":\"https:\/\/my.stlflix.com\/#\/schema\/logo\/image\/\"},\"sameAs\":[\"https:\/\/www.facebook.com\/STLFLIX\",\"https:\/\/www.instagram.com\/stlflix_\/\",\"https:\/\/www.tiktok.com\/@stlflix\"]}]}<\/script>\n<!-- \/ Yoast SEO plugin. -->","yoast_head_json":{"title":"Rond de serviette dinde - MyStore - By STLFLIX","robots":{"index":"index","follow":"follow","max-snippet":"max-snippet:-1","max-image-preview":"max-image-preview:large","max-video-preview":"max-video-preview:-1"},"canonical":"https:\/\/my.stlflix.com\/es\/product\/turkey-ring-napkin-holder-67233f16bee15\/","og_locale":"es_ES","og_type":"article","og_title":"Rond de serviette dinde - MyStore - By STLFLIX","og_description":"Soyez \u00e9l\u00e9gant et original avec notre rond de serviette dinde. Fabriqu\u00e9 avec une finition de qualit\u00e9, il ajoutera une touche originale \u00e0 votre table. Ajoutez une note festive \u00e0 tout repas avec ce rond de serviette unique en son genre. dimensions: 6cm*4cm hauteur:6cm","og_url":"https:\/\/my.stlflix.com\/es\/product\/turkey-ring-napkin-holder-67233f16bee15\/","og_site_name":"MyStore - By STLFLIX","article_publisher":"https:\/\/www.facebook.com\/STLFLIX","article_modified_time":"2024-12-22T12:16:17+00:00","og_image":[{"width":1080,"height":1350,"url":"https:\/\/my.stlflix.com\/wp-content\/uploads\/2024\/10\/thumb_e9e43d4e03.jpg","type":"image\/jpeg"}],"twitter_card":"summary_large_image","schema":{"@context":"https:\/\/schema.org","@graph":[{"@type":"WebPage","@id":"https:\/\/my.stlflix.com\/es\/product\/turkey-ring-napkin-holder-67233f16bee15\/","url":"https:\/\/my.stlflix.com\/es\/product\/turkey-ring-napkin-holder-67233f16bee15\/","name":"Rond de serviette dinde - MyStore - By STLFLIX","isPartOf":{"@id":"https:\/\/my.stlflix.com\/#website"},"primaryImageOfPage":{"@id":"https:\/\/my.stlflix.com\/es\/product\/turkey-ring-napkin-holder-67233f16bee15\/#primaryimage"},"image":{"@id":"https:\/\/my.stlflix.com\/es\/product\/turkey-ring-napkin-holder-67233f16bee15\/#primaryimage"},"thumbnailUrl":"https:\/\/my.stlflix.com\/wp-content\/uploads\/2024\/10\/thumb_e9e43d4e03.jpg","datePublished":"2024-10-31T08:33:51+00:00","dateModified":"2024-12-22T12:16:17+00:00","breadcrumb":{"@id":"https:\/\/my.stlflix.com\/es\/product\/turkey-ring-napkin-holder-67233f16bee15\/#breadcrumb"},"inLanguage":"es-ES","potentialAction":[{"@type":"ReadAction","target":["https:\/\/my.stlflix.com\/es\/product\/turkey-ring-napkin-holder-67233f16bee15\/"]}]},{"@type":"ImageObject","inLanguage":"es-ES","@id":"https:\/\/my.stlflix.com\/es\/product\/turkey-ring-napkin-holder-67233f16bee15\/#primaryimage","url":"https:\/\/my.stlflix.com\/wp-content\/uploads\/2024\/10\/thumb_e9e43d4e03.jpg","contentUrl":"https:\/\/my.stlflix.com\/wp-content\/uploads\/2024\/10\/thumb_e9e43d4e03.jpg","width":1080,"height":1350},{"@type":"BreadcrumbList","@id":"https:\/\/my.stlflix.com\/es\/product\/turkey-ring-napkin-holder-67233f16bee15\/#breadcrumb","itemListElement":[{"@type":"ListItem","position":1,"name":"Home","item":"https:\/\/www.stlflix-store.com\/"},{"@type":"ListItem","position":2,"name":"Products","item":"https:\/\/www.stlflix-store.com\/shop\/"},{"@type":"ListItem","position":3,"name":"Rond de serviette dinde"}]},{"@type":"WebSite","@id":"https:\/\/my.stlflix.com\/#website","url":"https:\/\/my.stlflix.com\/","name":"MyStore - By STLFLIX","description":"","publisher":{"@id":"https:\/\/my.stlflix.com\/#organization"},"potentialAction":[{"@type":"SearchAction","target":{"@type":"EntryPoint","urlTemplate":"https:\/\/my.stlflix.com\/?s={search_term_string}"},"query-input":{"@type":"PropertyValueSpecification","valueRequired":true,"valueName":"search_term_string"}}],"inLanguage":"es-ES"},{"@type":"Organization","@id":"https:\/\/my.stlflix.com\/#organization","name":"MyStore - By STLFLIX","url":"https:\/\/my.stlflix.com\/","logo":{"@type":"ImageObject","inLanguage":"es-ES","@id":"https:\/\/my.stlflix.com\/#\/schema\/logo\/image\/","url":"https:\/\/my.stlflix.com\/wp-content\/uploads\/2024\/06\/logo-mystore.png","contentUrl":"https:\/\/my.stlflix.com\/wp-content\/uploads\/2024\/06\/logo-mystore.png","width":150,"height":41,"caption":"MyStore - By STLFLIX"},"image":{"@id":"https:\/\/my.stlflix.com\/#\/schema\/logo\/image\/"},"sameAs":["https:\/\/www.facebook.com\/STLFLIX","https:\/\/www.instagram.com\/stlflix_\/","https:\/\/www.tiktok.com\/@stlflix"]}]}},"_links":{"self":[{"href":"https:\/\/my.stlflix.com\/es\/wp-json\/wp\/v2\/product\/132522","targetHints":{"allow":["GET"]}}],"collection":[{"href":"https:\/\/my.stlflix.com\/es\/wp-json\/wp\/v2\/product"}],"about":[{"href":"https:\/\/my.stlflix.com\/es\/wp-json\/wp\/v2\/types\/product"}],"replies":[{"embeddable":true,"href":"https:\/\/my.stlflix.com\/es\/wp-json\/wp\/v2\/comments?post=132522"}],"wp:featuredmedia":[{"embeddable":true,"href":"https:\/\/my.stlflix.com\/es\/wp-json\/wp\/v2\/media\/126964"}],"wp:attachment":[{"href":"https:\/\/my.stlflix.com\/es\/wp-json\/wp\/v2\/media?parent=132522"}],"wp:term":[{"taxonomy":"product_brand","embeddable":true,"href":"https:\/\/my.stlflix.com\/es\/wp-json\/wp\/v2\/product_brand?post=132522"},{"taxonomy":"product_cat","embeddable":true,"href":"https:\/\/my.stlflix.com\/es\/wp-json\/wp\/v2\/product_cat?post=132522"},{"taxonomy":"product_tag","embeddable":true,"href":"https:\/\/my.stlflix.com\/es\/wp-json\/wp\/v2\/product_tag?post=132522"}],"curies":[{"name":"wp","href":"https:\/\/api.w.org\/{rel}","templated":true}]}}