{"id":132584,"date":"2024-10-31T10:36:13","date_gmt":"2024-10-31T10:36:13","guid":{"rendered":"https:\/\/my.stlflix.com\/?post_type=product&#038;p=132584"},"modified":"2024-12-22T12:16:19","modified_gmt":"2024-12-22T12:16:19","slug":"bordeaux-tabasco-holder-67235c938146e","status":"publish","type":"product","link":"https:\/\/my.stlflix.com\/es\/product\/bordeaux-tabasco-holder-67235c938146e\/","title":{"rendered":"Porte tabasco pieuvre"},"content":{"rendered":"<p>Le porte tabasco pieuvre est l&#8217;accessoire parfait pour les amateurs de piquant. Avec sa conception unique et sa taille de 13 cm, il permet de garder votre bouteille\u00a0 \u00e0 port\u00e9e de main et pr\u00eate \u00e0 ajouter une touche de saveur \u00e0 tous vos plats. Pratique et \u00e9l\u00e9gant, il est indispensable pour tout amateur de cuisine \u00e9pic\u00e9e.<\/p>\n","protected":false},"excerpt":{"rendered":"<p>Le porte tabasco pieuvre est l&#8217;accessoire parfait pour les amateurs de piquant. Avec sa conception unique et sa taille de 13 cm, il permet de garder votre bouteille\u00a0 \u00e0 port\u00e9e de main et pr\u00eate \u00e0 ajouter une touche de saveur \u00e0 tous vos plats. Pratique et \u00e9l\u00e9gant, il est indispensable pour tout amateur de cuisine [&hellip;]<\/p>\n","protected":false},"featured_media":64070,"comment_status":"open","ping_status":"closed","template":"","meta":[],"product_brand":[],"product_cat":[19],"product_tag":[],"class_list":{"0":"post-132584","1":"product","2":"type-product","3":"status-publish","4":"has-post-thumbnail","6":"product_cat-animals","8":"first","9":"instock","10":"taxable","11":"shipping-taxable","12":"purchasable","13":"product-type-simple"},"yoast_head":"<!-- This site is optimized with the Yoast SEO plugin v25.1 - https:\/\/yoast.com\/wordpress\/plugins\/seo\/ -->\n<title>Porte tabasco pieuvre - MyStore - By STLFLIX<\/title>\n<meta name=\"robots\" content=\"index, follow, max-snippet:-1, max-image-preview:large, max-video-preview:-1\" \/>\n<link rel=\"canonical\" href=\"https:\/\/www.lojadomandela3d.biz\/product\/bordeaux-tabasco-holder-67235c938146e\/\" \/>\n<meta property=\"og:locale\" content=\"es_ES\" \/>\n<meta property=\"og:type\" content=\"article\" \/>\n<meta property=\"og:title\" content=\"Porte tabasco pieuvre - MyStore - By STLFLIX\" \/>\n<meta property=\"og:description\" content=\"Le porte tabasco pieuvre est l&#8217;accessoire parfait pour les amateurs de piquant. Avec sa conception unique et sa taille de 13 cm, il permet de garder votre bouteille\u00a0 \u00e0 port\u00e9e de main et pr\u00eate \u00e0 ajouter une touche de saveur \u00e0 tous vos plats. Pratique et \u00e9l\u00e9gant, il est indispensable pour tout amateur de cuisine [&hellip;]\" \/>\n<meta property=\"og:url\" content=\"https:\/\/www.lojadomandela3d.biz\/product\/bordeaux-tabasco-holder-67235c938146e\/\" \/>\n<meta property=\"og:site_name\" content=\"MyStore - By STLFLIX\" \/>\n<meta property=\"article:publisher\" content=\"https:\/\/www.facebook.com\/STLFLIX\" \/>\n<meta property=\"article:modified_time\" content=\"2024-12-22T12:16:19+00:00\" \/>\n<meta property=\"og:image\" content=\"https:\/\/www.lojadomandela3d.biz\/wp-content\/uploads\/2024\/08\/Bordeaux_Tabasco_Holderthumb_27070f068f.jpg\" \/>\n\t<meta property=\"og:image:width\" content=\"1080\" \/>\n\t<meta property=\"og:image:height\" content=\"1350\" \/>\n\t<meta property=\"og:image:type\" content=\"image\/jpeg\" \/>\n<meta name=\"twitter:card\" content=\"summary_large_image\" \/>\n<script type=\"application\/ld+json\" class=\"yoast-schema-graph\">{\"@context\":\"https:\/\/schema.org\",\"@graph\":[{\"@type\":\"WebPage\",\"@id\":\"https:\/\/www.lojadomandela3d.biz\/product\/bordeaux-tabasco-holder-67235c938146e\/\",\"url\":\"https:\/\/www.lojadomandela3d.biz\/product\/bordeaux-tabasco-holder-67235c938146e\/\",\"name\":\"Porte tabasco pieuvre - MyStore - By STLFLIX\",\"isPartOf\":{\"@id\":\"https:\/\/my.stlflix.com\/#website\"},\"primaryImageOfPage\":{\"@id\":\"https:\/\/www.lojadomandela3d.biz\/product\/bordeaux-tabasco-holder-67235c938146e\/#primaryimage\"},\"image\":{\"@id\":\"https:\/\/www.lojadomandela3d.biz\/product\/bordeaux-tabasco-holder-67235c938146e\/#primaryimage\"},\"thumbnailUrl\":\"https:\/\/my.stlflix.com\/wp-content\/uploads\/2024\/08\/Bordeaux_Tabasco_Holderthumb_27070f068f.jpg\",\"datePublished\":\"2024-10-31T10:36:13+00:00\",\"dateModified\":\"2024-12-22T12:16:19+00:00\",\"breadcrumb\":{\"@id\":\"https:\/\/www.lojadomandela3d.biz\/product\/bordeaux-tabasco-holder-67235c938146e\/#breadcrumb\"},\"inLanguage\":\"es-ES\",\"potentialAction\":[{\"@type\":\"ReadAction\",\"target\":[\"https:\/\/www.lojadomandela3d.biz\/product\/bordeaux-tabasco-holder-67235c938146e\/\"]}]},{\"@type\":\"ImageObject\",\"inLanguage\":\"es-ES\",\"@id\":\"https:\/\/www.lojadomandela3d.biz\/product\/bordeaux-tabasco-holder-67235c938146e\/#primaryimage\",\"url\":\"https:\/\/my.stlflix.com\/wp-content\/uploads\/2024\/08\/Bordeaux_Tabasco_Holderthumb_27070f068f.jpg\",\"contentUrl\":\"https:\/\/my.stlflix.com\/wp-content\/uploads\/2024\/08\/Bordeaux_Tabasco_Holderthumb_27070f068f.jpg\",\"width\":1080,\"height\":1350},{\"@type\":\"BreadcrumbList\",\"@id\":\"https:\/\/www.lojadomandela3d.biz\/product\/bordeaux-tabasco-holder-67235c938146e\/#breadcrumb\",\"itemListElement\":[{\"@type\":\"ListItem\",\"position\":1,\"name\":\"Home\",\"item\":\"https:\/\/www.stlflix-store.com\/\"},{\"@type\":\"ListItem\",\"position\":2,\"name\":\"Products\",\"item\":\"https:\/\/www.stlflix-store.com\/shop\/\"},{\"@type\":\"ListItem\",\"position\":3,\"name\":\"Porte tabasco pieuvre\"}]},{\"@type\":\"WebSite\",\"@id\":\"https:\/\/my.stlflix.com\/#website\",\"url\":\"https:\/\/my.stlflix.com\/\",\"name\":\"MyStore - By STLFLIX\",\"description\":\"\",\"publisher\":{\"@id\":\"https:\/\/my.stlflix.com\/#organization\"},\"potentialAction\":[{\"@type\":\"SearchAction\",\"target\":{\"@type\":\"EntryPoint\",\"urlTemplate\":\"https:\/\/my.stlflix.com\/?s={search_term_string}\"},\"query-input\":{\"@type\":\"PropertyValueSpecification\",\"valueRequired\":true,\"valueName\":\"search_term_string\"}}],\"inLanguage\":\"es-ES\"},{\"@type\":\"Organization\",\"@id\":\"https:\/\/my.stlflix.com\/#organization\",\"name\":\"MyStore - By STLFLIX\",\"url\":\"https:\/\/my.stlflix.com\/\",\"logo\":{\"@type\":\"ImageObject\",\"inLanguage\":\"es-ES\",\"@id\":\"https:\/\/my.stlflix.com\/#\/schema\/logo\/image\/\",\"url\":\"https:\/\/my.stlflix.com\/wp-content\/uploads\/2024\/06\/logo-mystore.png\",\"contentUrl\":\"https:\/\/my.stlflix.com\/wp-content\/uploads\/2024\/06\/logo-mystore.png\",\"width\":150,\"height\":41,\"caption\":\"MyStore - By STLFLIX\"},\"image\":{\"@id\":\"https:\/\/my.stlflix.com\/#\/schema\/logo\/image\/\"},\"sameAs\":[\"https:\/\/www.facebook.com\/STLFLIX\",\"https:\/\/www.instagram.com\/stlflix_\/\",\"https:\/\/www.tiktok.com\/@stlflix\"]}]}<\/script>\n<!-- \/ Yoast SEO plugin. -->","yoast_head_json":{"title":"Porte tabasco pieuvre - MyStore - By STLFLIX","robots":{"index":"index","follow":"follow","max-snippet":"max-snippet:-1","max-image-preview":"max-image-preview:large","max-video-preview":"max-video-preview:-1"},"canonical":"https:\/\/www.lojadomandela3d.biz\/product\/bordeaux-tabasco-holder-67235c938146e\/","og_locale":"es_ES","og_type":"article","og_title":"Porte tabasco pieuvre - MyStore - By STLFLIX","og_description":"Le porte tabasco pieuvre est l&#8217;accessoire parfait pour les amateurs de piquant. Avec sa conception unique et sa taille de 13 cm, il permet de garder votre bouteille\u00a0 \u00e0 port\u00e9e de main et pr\u00eate \u00e0 ajouter une touche de saveur \u00e0 tous vos plats. Pratique et \u00e9l\u00e9gant, il est indispensable pour tout amateur de cuisine [&hellip;]","og_url":"https:\/\/www.lojadomandela3d.biz\/product\/bordeaux-tabasco-holder-67235c938146e\/","og_site_name":"MyStore - By STLFLIX","article_publisher":"https:\/\/www.facebook.com\/STLFLIX","article_modified_time":"2024-12-22T12:16:19+00:00","og_image":[{"width":1080,"height":1350,"url":"https:\/\/www.lojadomandela3d.biz\/wp-content\/uploads\/2024\/08\/Bordeaux_Tabasco_Holderthumb_27070f068f.jpg","type":"image\/jpeg"}],"twitter_card":"summary_large_image","schema":{"@context":"https:\/\/schema.org","@graph":[{"@type":"WebPage","@id":"https:\/\/www.lojadomandela3d.biz\/product\/bordeaux-tabasco-holder-67235c938146e\/","url":"https:\/\/www.lojadomandela3d.biz\/product\/bordeaux-tabasco-holder-67235c938146e\/","name":"Porte tabasco pieuvre - MyStore - By STLFLIX","isPartOf":{"@id":"https:\/\/my.stlflix.com\/#website"},"primaryImageOfPage":{"@id":"https:\/\/www.lojadomandela3d.biz\/product\/bordeaux-tabasco-holder-67235c938146e\/#primaryimage"},"image":{"@id":"https:\/\/www.lojadomandela3d.biz\/product\/bordeaux-tabasco-holder-67235c938146e\/#primaryimage"},"thumbnailUrl":"https:\/\/my.stlflix.com\/wp-content\/uploads\/2024\/08\/Bordeaux_Tabasco_Holderthumb_27070f068f.jpg","datePublished":"2024-10-31T10:36:13+00:00","dateModified":"2024-12-22T12:16:19+00:00","breadcrumb":{"@id":"https:\/\/www.lojadomandela3d.biz\/product\/bordeaux-tabasco-holder-67235c938146e\/#breadcrumb"},"inLanguage":"es-ES","potentialAction":[{"@type":"ReadAction","target":["https:\/\/www.lojadomandela3d.biz\/product\/bordeaux-tabasco-holder-67235c938146e\/"]}]},{"@type":"ImageObject","inLanguage":"es-ES","@id":"https:\/\/www.lojadomandela3d.biz\/product\/bordeaux-tabasco-holder-67235c938146e\/#primaryimage","url":"https:\/\/my.stlflix.com\/wp-content\/uploads\/2024\/08\/Bordeaux_Tabasco_Holderthumb_27070f068f.jpg","contentUrl":"https:\/\/my.stlflix.com\/wp-content\/uploads\/2024\/08\/Bordeaux_Tabasco_Holderthumb_27070f068f.jpg","width":1080,"height":1350},{"@type":"BreadcrumbList","@id":"https:\/\/www.lojadomandela3d.biz\/product\/bordeaux-tabasco-holder-67235c938146e\/#breadcrumb","itemListElement":[{"@type":"ListItem","position":1,"name":"Home","item":"https:\/\/www.stlflix-store.com\/"},{"@type":"ListItem","position":2,"name":"Products","item":"https:\/\/www.stlflix-store.com\/shop\/"},{"@type":"ListItem","position":3,"name":"Porte tabasco pieuvre"}]},{"@type":"WebSite","@id":"https:\/\/my.stlflix.com\/#website","url":"https:\/\/my.stlflix.com\/","name":"MyStore - By STLFLIX","description":"","publisher":{"@id":"https:\/\/my.stlflix.com\/#organization"},"potentialAction":[{"@type":"SearchAction","target":{"@type":"EntryPoint","urlTemplate":"https:\/\/my.stlflix.com\/?s={search_term_string}"},"query-input":{"@type":"PropertyValueSpecification","valueRequired":true,"valueName":"search_term_string"}}],"inLanguage":"es-ES"},{"@type":"Organization","@id":"https:\/\/my.stlflix.com\/#organization","name":"MyStore - By STLFLIX","url":"https:\/\/my.stlflix.com\/","logo":{"@type":"ImageObject","inLanguage":"es-ES","@id":"https:\/\/my.stlflix.com\/#\/schema\/logo\/image\/","url":"https:\/\/my.stlflix.com\/wp-content\/uploads\/2024\/06\/logo-mystore.png","contentUrl":"https:\/\/my.stlflix.com\/wp-content\/uploads\/2024\/06\/logo-mystore.png","width":150,"height":41,"caption":"MyStore - By STLFLIX"},"image":{"@id":"https:\/\/my.stlflix.com\/#\/schema\/logo\/image\/"},"sameAs":["https:\/\/www.facebook.com\/STLFLIX","https:\/\/www.instagram.com\/stlflix_\/","https:\/\/www.tiktok.com\/@stlflix"]}]}},"_links":{"self":[{"href":"https:\/\/my.stlflix.com\/es\/wp-json\/wp\/v2\/product\/132584","targetHints":{"allow":["GET"]}}],"collection":[{"href":"https:\/\/my.stlflix.com\/es\/wp-json\/wp\/v2\/product"}],"about":[{"href":"https:\/\/my.stlflix.com\/es\/wp-json\/wp\/v2\/types\/product"}],"replies":[{"embeddable":true,"href":"https:\/\/my.stlflix.com\/es\/wp-json\/wp\/v2\/comments?post=132584"}],"wp:featuredmedia":[{"embeddable":true,"href":"https:\/\/my.stlflix.com\/es\/wp-json\/wp\/v2\/media\/64070"}],"wp:attachment":[{"href":"https:\/\/my.stlflix.com\/es\/wp-json\/wp\/v2\/media?parent=132584"}],"wp:term":[{"taxonomy":"product_brand","embeddable":true,"href":"https:\/\/my.stlflix.com\/es\/wp-json\/wp\/v2\/product_brand?post=132584"},{"taxonomy":"product_cat","embeddable":true,"href":"https:\/\/my.stlflix.com\/es\/wp-json\/wp\/v2\/product_cat?post=132584"},{"taxonomy":"product_tag","embeddable":true,"href":"https:\/\/my.stlflix.com\/es\/wp-json\/wp\/v2\/product_tag?post=132584"}],"curies":[{"name":"wp","href":"https:\/\/api.w.org\/{rel}","templated":true}]}}