{"id":133102,"date":"2024-10-31T15:29:56","date_gmt":"2024-10-31T15:29:56","guid":{"rendered":"https:\/\/my.stlflix.com\/?post_type=product&#038;p=133102"},"modified":"2024-12-22T12:16:40","modified_gmt":"2024-12-22T12:16:40","slug":"applique-murale-aigle-decoration-murale-unique-sans-percer-le-mur","status":"publish","type":"product","link":"https:\/\/my.stlflix.com\/es\/product\/applique-murale-aigle-decoration-murale-unique-sans-percer-le-mur\/","title":{"rendered":"Applique Murale Aigle | D\u00e9coration Murale Unique, sans percer le mur"},"content":{"rendered":"<div id=\"productDescription_feature_div\" class=\"celwidget\" data-feature-name=\"productDescription\" data-csa-c-type=\"widget\" data-csa-c-content-id=\"productDescription\" data-csa-c-slot-id=\"productDescription_feature_div\" data-csa-c-asin=\"B0CRLBKGFM\" data-csa-c-is-in-initial-active-row=\"false\" data-csa-c-id=\"3flwfy-dxmelo-ss9k1q-lbpwv2\" data-cel-widget=\"productDescription_feature_div\">\n<div id=\"productDescription\" class=\"a-section a-spacing-small\">\n<p>D\u00e9couvrez notre superbe Applique Murale Oiseau Aigle, parfaite pour \u00e9clairer et d\u00e9corer votre maison. Lorsque vous allumez la lampe murale \u00e0 l&#8217;aide du bouton marche\/arr\u00eat situ\u00e9 au-dessus de la t\u00eate, vous serez \u00e9merveill\u00e9 par la mani\u00e8re dont les ailes et les plumes autour de l&#8217;oiseau se r\u00e9v\u00e8lent magnifiquement, cr\u00e9ant une atmosph\u00e8re magique dans votre espace.<\/p>\n<p>Cette applique murale polyvalente peut \u00eatre fix\u00e9e sur n&#8217;importe quelle paroi gr\u00e2ce \u00e0 sa colle sans traces, ce qui signifie aucune d\u00e9t\u00e9rioration de vos murs. De plus, elle fonctionne avec des piles 12V (type 23A) . Avec ses dimensions g\u00e9n\u00e9reuses de 20 cm de hauteur, cette applique murale se fond parfaitement dans votre maison tout en apportant une touche unique \u00e0 votre d\u00e9coration int\u00e9rieure. Id\u00e9ale pour illuminer votre salon, cette applique ajoute une lumi\u00e8re chaleureuse et un \u00e9l\u00e9ment artistique \u00e0 votre espace de vie. Ne manquez pas cette opportunit\u00e9 de sublimer votre espace de vie. Des questions ? \u00e9crivez nous!<\/p>\n<\/div>\n<\/div>\n<div id=\"featurebullets_feature_div\" class=\"celwidget\" data-feature-name=\"featurebullets\" data-csa-c-type=\"widget\" data-csa-c-content-id=\"featurebullets\" data-csa-c-slot-id=\"featurebullets_feature_div\" data-csa-c-asin=\"B0CRLBKGFM\" data-csa-c-is-in-initial-active-row=\"false\" data-csa-c-id=\"yjyb7z-so374b-g8vq22-2fnvfu\" data-cel-widget=\"featurebullets_feature_div\">\n<div id=\"feature-bullets\" class=\"a-section a-spacing-medium a-spacing-top-small\">\n<ul class=\"a-unordered-list a-vertical a-spacing-mini\">\n<li class=\"a-spacing-mini\"><span class=\"a-list-item\"> Dimensions 20 cm de haut <\/span><\/li>\n<li class=\"a-spacing-mini\"><span class=\"a-list-item\"> Atmosph\u00e8re magique <\/span><\/li>\n<li class=\"a-spacing-mini\"><span class=\"a-list-item\"> Du jamais vu auparavant <\/span><\/li>\n<li class=\"a-spacing-mini\"><span class=\"a-list-item\"> Parfaite pour \u00e9clairer et d\u00e9corer votre maison <\/span><\/li>\n<li class=\"a-spacing-mini\"><span class=\"a-list-item\"> Aucun montage necessaire <\/span><\/li>\n<\/ul>\n<\/div>\n<\/div>\n","protected":false},"excerpt":{"rendered":"<p>D\u00e9couvrez notre superbe Applique Murale Oiseau Aigle, parfaite pour \u00e9clairer et d\u00e9corer votre maison. Lorsque vous allumez la lampe murale \u00e0 l&#8217;aide du bouton marche\/arr\u00eat situ\u00e9 au-dessus de la t\u00eate, vous serez \u00e9merveill\u00e9 par la mani\u00e8re dont les ailes et les plumes autour de l&#8217;oiseau se r\u00e9v\u00e8lent magnifiquement, cr\u00e9ant une atmosph\u00e8re magique dans votre espace. [&hellip;]<\/p>\n","protected":false},"featured_media":4883,"comment_status":"open","ping_status":"closed","template":"","meta":[],"product_brand":[],"product_cat":[52],"product_tag":[1631],"class_list":{"0":"post-133102","1":"product","2":"type-product","3":"status-publish","4":"has-post-thumbnail","6":"product_cat-best-sellers","7":"product_tag-lampe","9":"first","10":"instock","11":"sold-individually","12":"purchasable","13":"product-type-simple"},"yoast_head":"<!-- This site is optimized with the Yoast SEO plugin v25.1 - https:\/\/yoast.com\/wordpress\/plugins\/seo\/ -->\n<title>Applique Murale Aigle | D\u00e9coration Murale Unique, sans percer le mur - MyStore - By STLFLIX<\/title>\n<meta name=\"robots\" content=\"index, follow, max-snippet:-1, max-image-preview:large, max-video-preview:-1\" \/>\n<link rel=\"canonical\" href=\"https:\/\/www.testeminhalojamandela.biz\/product\/applique-murale-aigle-decoration-murale-unique-sans-percer-le-mur\/\" \/>\n<meta property=\"og:locale\" content=\"es_ES\" \/>\n<meta property=\"og:type\" content=\"article\" \/>\n<meta property=\"og:title\" content=\"Applique Murale Aigle | D\u00e9coration Murale Unique, sans percer le mur - MyStore - By STLFLIX\" \/>\n<meta property=\"og:description\" content=\"D\u00e9couvrez notre superbe Applique Murale Oiseau Aigle, parfaite pour \u00e9clairer et d\u00e9corer votre maison. Lorsque vous allumez la lampe murale \u00e0 l&#8217;aide du bouton marche\/arr\u00eat situ\u00e9 au-dessus de la t\u00eate, vous serez \u00e9merveill\u00e9 par la mani\u00e8re dont les ailes et les plumes autour de l&#8217;oiseau se r\u00e9v\u00e8lent magnifiquement, cr\u00e9ant une atmosph\u00e8re magique dans votre espace. [&hellip;]\" \/>\n<meta property=\"og:url\" content=\"https:\/\/www.testeminhalojamandela.biz\/product\/applique-murale-aigle-decoration-murale-unique-sans-percer-le-mur\/\" \/>\n<meta property=\"og:site_name\" content=\"MyStore - By STLFLIX\" \/>\n<meta property=\"article:publisher\" content=\"https:\/\/www.facebook.com\/STLFLIX\" \/>\n<meta property=\"article:modified_time\" content=\"2024-12-22T12:16:40+00:00\" \/>\n<meta property=\"og:image\" content=\"https:\/\/www.testeminhalojamandela.biz\/wp-content\/uploads\/2024\/03\/Bald_Eagle_Wall_Light_thumb_97a2cc7e5b.jpg\" \/>\n\t<meta property=\"og:image:width\" content=\"1080\" \/>\n\t<meta property=\"og:image:height\" content=\"1350\" \/>\n\t<meta property=\"og:image:type\" content=\"image\/jpeg\" \/>\n<meta name=\"twitter:card\" content=\"summary_large_image\" \/>\n<meta name=\"twitter:label1\" content=\"Est. reading time\" \/>\n\t<meta name=\"twitter:data1\" content=\"1 minute\" \/>\n<script type=\"application\/ld+json\" class=\"yoast-schema-graph\">{\"@context\":\"https:\/\/schema.org\",\"@graph\":[{\"@type\":\"WebPage\",\"@id\":\"https:\/\/www.testeminhalojamandela.biz\/product\/applique-murale-aigle-decoration-murale-unique-sans-percer-le-mur\/\",\"url\":\"https:\/\/www.testeminhalojamandela.biz\/product\/applique-murale-aigle-decoration-murale-unique-sans-percer-le-mur\/\",\"name\":\"Applique Murale Aigle | D\u00e9coration Murale Unique, sans percer le mur - MyStore - By STLFLIX\",\"isPartOf\":{\"@id\":\"https:\/\/my.stlflix.com\/#website\"},\"primaryImageOfPage\":{\"@id\":\"https:\/\/www.testeminhalojamandela.biz\/product\/applique-murale-aigle-decoration-murale-unique-sans-percer-le-mur\/#primaryimage\"},\"image\":{\"@id\":\"https:\/\/www.testeminhalojamandela.biz\/product\/applique-murale-aigle-decoration-murale-unique-sans-percer-le-mur\/#primaryimage\"},\"thumbnailUrl\":\"https:\/\/my.stlflix.com\/wp-content\/uploads\/2024\/03\/Bald_Eagle_Wall_Light_thumb_97a2cc7e5b.jpg\",\"datePublished\":\"2024-10-31T15:29:56+00:00\",\"dateModified\":\"2024-12-22T12:16:40+00:00\",\"breadcrumb\":{\"@id\":\"https:\/\/www.testeminhalojamandela.biz\/product\/applique-murale-aigle-decoration-murale-unique-sans-percer-le-mur\/#breadcrumb\"},\"inLanguage\":\"es-ES\",\"potentialAction\":[{\"@type\":\"ReadAction\",\"target\":[\"https:\/\/www.testeminhalojamandela.biz\/product\/applique-murale-aigle-decoration-murale-unique-sans-percer-le-mur\/\"]}]},{\"@type\":\"ImageObject\",\"inLanguage\":\"es-ES\",\"@id\":\"https:\/\/www.testeminhalojamandela.biz\/product\/applique-murale-aigle-decoration-murale-unique-sans-percer-le-mur\/#primaryimage\",\"url\":\"https:\/\/my.stlflix.com\/wp-content\/uploads\/2024\/03\/Bald_Eagle_Wall_Light_thumb_97a2cc7e5b.jpg\",\"contentUrl\":\"https:\/\/my.stlflix.com\/wp-content\/uploads\/2024\/03\/Bald_Eagle_Wall_Light_thumb_97a2cc7e5b.jpg\",\"width\":1080,\"height\":1350},{\"@type\":\"BreadcrumbList\",\"@id\":\"https:\/\/www.testeminhalojamandela.biz\/product\/applique-murale-aigle-decoration-murale-unique-sans-percer-le-mur\/#breadcrumb\",\"itemListElement\":[{\"@type\":\"ListItem\",\"position\":1,\"name\":\"Home\",\"item\":\"https:\/\/www.stlflix-store.com\/\"},{\"@type\":\"ListItem\",\"position\":2,\"name\":\"Products\",\"item\":\"https:\/\/www.stlflix-store.com\/shop\/\"},{\"@type\":\"ListItem\",\"position\":3,\"name\":\"Applique Murale Aigle | D\u00e9coration Murale Unique, sans percer le mur\"}]},{\"@type\":\"WebSite\",\"@id\":\"https:\/\/my.stlflix.com\/#website\",\"url\":\"https:\/\/my.stlflix.com\/\",\"name\":\"MyStore - By STLFLIX\",\"description\":\"\",\"publisher\":{\"@id\":\"https:\/\/my.stlflix.com\/#organization\"},\"potentialAction\":[{\"@type\":\"SearchAction\",\"target\":{\"@type\":\"EntryPoint\",\"urlTemplate\":\"https:\/\/my.stlflix.com\/?s={search_term_string}\"},\"query-input\":{\"@type\":\"PropertyValueSpecification\",\"valueRequired\":true,\"valueName\":\"search_term_string\"}}],\"inLanguage\":\"es-ES\"},{\"@type\":\"Organization\",\"@id\":\"https:\/\/my.stlflix.com\/#organization\",\"name\":\"MyStore - By STLFLIX\",\"url\":\"https:\/\/my.stlflix.com\/\",\"logo\":{\"@type\":\"ImageObject\",\"inLanguage\":\"es-ES\",\"@id\":\"https:\/\/my.stlflix.com\/#\/schema\/logo\/image\/\",\"url\":\"https:\/\/my.stlflix.com\/wp-content\/uploads\/2024\/06\/logo-mystore.png\",\"contentUrl\":\"https:\/\/my.stlflix.com\/wp-content\/uploads\/2024\/06\/logo-mystore.png\",\"width\":150,\"height\":41,\"caption\":\"MyStore - By STLFLIX\"},\"image\":{\"@id\":\"https:\/\/my.stlflix.com\/#\/schema\/logo\/image\/\"},\"sameAs\":[\"https:\/\/www.facebook.com\/STLFLIX\",\"https:\/\/www.instagram.com\/stlflix_\/\",\"https:\/\/www.tiktok.com\/@stlflix\"]}]}<\/script>\n<!-- \/ Yoast SEO plugin. -->","yoast_head_json":{"title":"Applique Murale Aigle | D\u00e9coration Murale Unique, sans percer le mur - MyStore - By STLFLIX","robots":{"index":"index","follow":"follow","max-snippet":"max-snippet:-1","max-image-preview":"max-image-preview:large","max-video-preview":"max-video-preview:-1"},"canonical":"https:\/\/www.testeminhalojamandela.biz\/product\/applique-murale-aigle-decoration-murale-unique-sans-percer-le-mur\/","og_locale":"es_ES","og_type":"article","og_title":"Applique Murale Aigle | D\u00e9coration Murale Unique, sans percer le mur - MyStore - By STLFLIX","og_description":"D\u00e9couvrez notre superbe Applique Murale Oiseau Aigle, parfaite pour \u00e9clairer et d\u00e9corer votre maison. Lorsque vous allumez la lampe murale \u00e0 l&#8217;aide du bouton marche\/arr\u00eat situ\u00e9 au-dessus de la t\u00eate, vous serez \u00e9merveill\u00e9 par la mani\u00e8re dont les ailes et les plumes autour de l&#8217;oiseau se r\u00e9v\u00e8lent magnifiquement, cr\u00e9ant une atmosph\u00e8re magique dans votre espace. [&hellip;]","og_url":"https:\/\/www.testeminhalojamandela.biz\/product\/applique-murale-aigle-decoration-murale-unique-sans-percer-le-mur\/","og_site_name":"MyStore - By STLFLIX","article_publisher":"https:\/\/www.facebook.com\/STLFLIX","article_modified_time":"2024-12-22T12:16:40+00:00","og_image":[{"width":1080,"height":1350,"url":"https:\/\/www.testeminhalojamandela.biz\/wp-content\/uploads\/2024\/03\/Bald_Eagle_Wall_Light_thumb_97a2cc7e5b.jpg","type":"image\/jpeg"}],"twitter_card":"summary_large_image","twitter_misc":{"Est. reading time":"1 minute"},"schema":{"@context":"https:\/\/schema.org","@graph":[{"@type":"WebPage","@id":"https:\/\/www.testeminhalojamandela.biz\/product\/applique-murale-aigle-decoration-murale-unique-sans-percer-le-mur\/","url":"https:\/\/www.testeminhalojamandela.biz\/product\/applique-murale-aigle-decoration-murale-unique-sans-percer-le-mur\/","name":"Applique Murale Aigle | D\u00e9coration Murale Unique, sans percer le mur - MyStore - By STLFLIX","isPartOf":{"@id":"https:\/\/my.stlflix.com\/#website"},"primaryImageOfPage":{"@id":"https:\/\/www.testeminhalojamandela.biz\/product\/applique-murale-aigle-decoration-murale-unique-sans-percer-le-mur\/#primaryimage"},"image":{"@id":"https:\/\/www.testeminhalojamandela.biz\/product\/applique-murale-aigle-decoration-murale-unique-sans-percer-le-mur\/#primaryimage"},"thumbnailUrl":"https:\/\/my.stlflix.com\/wp-content\/uploads\/2024\/03\/Bald_Eagle_Wall_Light_thumb_97a2cc7e5b.jpg","datePublished":"2024-10-31T15:29:56+00:00","dateModified":"2024-12-22T12:16:40+00:00","breadcrumb":{"@id":"https:\/\/www.testeminhalojamandela.biz\/product\/applique-murale-aigle-decoration-murale-unique-sans-percer-le-mur\/#breadcrumb"},"inLanguage":"es-ES","potentialAction":[{"@type":"ReadAction","target":["https:\/\/www.testeminhalojamandela.biz\/product\/applique-murale-aigle-decoration-murale-unique-sans-percer-le-mur\/"]}]},{"@type":"ImageObject","inLanguage":"es-ES","@id":"https:\/\/www.testeminhalojamandela.biz\/product\/applique-murale-aigle-decoration-murale-unique-sans-percer-le-mur\/#primaryimage","url":"https:\/\/my.stlflix.com\/wp-content\/uploads\/2024\/03\/Bald_Eagle_Wall_Light_thumb_97a2cc7e5b.jpg","contentUrl":"https:\/\/my.stlflix.com\/wp-content\/uploads\/2024\/03\/Bald_Eagle_Wall_Light_thumb_97a2cc7e5b.jpg","width":1080,"height":1350},{"@type":"BreadcrumbList","@id":"https:\/\/www.testeminhalojamandela.biz\/product\/applique-murale-aigle-decoration-murale-unique-sans-percer-le-mur\/#breadcrumb","itemListElement":[{"@type":"ListItem","position":1,"name":"Home","item":"https:\/\/www.stlflix-store.com\/"},{"@type":"ListItem","position":2,"name":"Products","item":"https:\/\/www.stlflix-store.com\/shop\/"},{"@type":"ListItem","position":3,"name":"Applique Murale Aigle | D\u00e9coration Murale Unique, sans percer le mur"}]},{"@type":"WebSite","@id":"https:\/\/my.stlflix.com\/#website","url":"https:\/\/my.stlflix.com\/","name":"MyStore - By STLFLIX","description":"","publisher":{"@id":"https:\/\/my.stlflix.com\/#organization"},"potentialAction":[{"@type":"SearchAction","target":{"@type":"EntryPoint","urlTemplate":"https:\/\/my.stlflix.com\/?s={search_term_string}"},"query-input":{"@type":"PropertyValueSpecification","valueRequired":true,"valueName":"search_term_string"}}],"inLanguage":"es-ES"},{"@type":"Organization","@id":"https:\/\/my.stlflix.com\/#organization","name":"MyStore - By STLFLIX","url":"https:\/\/my.stlflix.com\/","logo":{"@type":"ImageObject","inLanguage":"es-ES","@id":"https:\/\/my.stlflix.com\/#\/schema\/logo\/image\/","url":"https:\/\/my.stlflix.com\/wp-content\/uploads\/2024\/06\/logo-mystore.png","contentUrl":"https:\/\/my.stlflix.com\/wp-content\/uploads\/2024\/06\/logo-mystore.png","width":150,"height":41,"caption":"MyStore - By STLFLIX"},"image":{"@id":"https:\/\/my.stlflix.com\/#\/schema\/logo\/image\/"},"sameAs":["https:\/\/www.facebook.com\/STLFLIX","https:\/\/www.instagram.com\/stlflix_\/","https:\/\/www.tiktok.com\/@stlflix"]}]}},"_links":{"self":[{"href":"https:\/\/my.stlflix.com\/es\/wp-json\/wp\/v2\/product\/133102","targetHints":{"allow":["GET"]}}],"collection":[{"href":"https:\/\/my.stlflix.com\/es\/wp-json\/wp\/v2\/product"}],"about":[{"href":"https:\/\/my.stlflix.com\/es\/wp-json\/wp\/v2\/types\/product"}],"replies":[{"embeddable":true,"href":"https:\/\/my.stlflix.com\/es\/wp-json\/wp\/v2\/comments?post=133102"}],"wp:featuredmedia":[{"embeddable":true,"href":"https:\/\/my.stlflix.com\/es\/wp-json\/wp\/v2\/media\/4883"}],"wp:attachment":[{"href":"https:\/\/my.stlflix.com\/es\/wp-json\/wp\/v2\/media?parent=133102"}],"wp:term":[{"taxonomy":"product_brand","embeddable":true,"href":"https:\/\/my.stlflix.com\/es\/wp-json\/wp\/v2\/product_brand?post=133102"},{"taxonomy":"product_cat","embeddable":true,"href":"https:\/\/my.stlflix.com\/es\/wp-json\/wp\/v2\/product_cat?post=133102"},{"taxonomy":"product_tag","embeddable":true,"href":"https:\/\/my.stlflix.com\/es\/wp-json\/wp\/v2\/product_tag?post=133102"}],"curies":[{"name":"wp","href":"https:\/\/api.w.org\/{rel}","templated":true}]}}