{"id":134184,"date":"2024-10-31T22:30:27","date_gmt":"2024-10-31T22:30:27","guid":{"rendered":"https:\/\/my.stlflix.com\/?post_type=product&#038;p=134184"},"modified":"2024-12-22T12:16:51","modified_gmt":"2024-12-22T12:16:51","slug":"mario-bros-boneco-do-mario-bobblehead","status":"publish","type":"product","link":"https:\/\/my.stlflix.com\/es\/product\/mario-bros-boneco-do-mario-bobblehead\/","title":{"rendered":"Mario Br\u00f3s &#8211; Boneco do Mario Bobblehead"},"content":{"rendered":"<p>Informa\u00e7\u00f5es do Produto:<\/p>\n<p>Feito em impressora 3D com PLA.<\/p>\n<p>*** Impresso em partes coloridas, n\u00e3o \u00e9 feita pintura, portando n\u00e3o perde a cor. ***<\/p>\n<p>DIMENS\u00d5ES<br \/>\n12 cm de altura<\/p>\n<p>MATERIAL<br \/>\nPLA &#8211; pol\u00edmero termopl\u00e1stico<br \/>\nPLA \u00e9 biodegrad\u00e1vel e, portanto, compost\u00e1vel e recicl\u00e1vel.<\/p>\n<p>CORES<br \/>\nAs cores podem sofrer pequenas varia\u00e7\u00f5es devido a mat\u00e9ria-prima utilizada.<br \/>\nPara outras cores envie um chat para analisarmos a disponibilidade.<\/p>\n<p>CUIDADOS<br \/>\n&#8211; Em altas temperaturas ou expostas em longos per\u00edodos na luz do sol as pe\u00e7as podem sofrer deforma\u00e7\u00f5es;<br \/>\n&#8211; Evite contatos com cremes, pomadas e outros produtos similares;<br \/>\n&#8211; A queda dos produtos podem ocasionar dados irrepar\u00e1veis;<br \/>\n&#8211; Utilize pano seco para limpeza de pe\u00e7as pintadas;<br \/>\n&#8211; Utilize pano seco ou levemente \u00famido para pe\u00e7as sem pintura;<\/p>\n<p>ATEN\u00c7\u00c3O<br \/>\n&#8211; Esse produto pode apresentar linhas e marcas de suporte, ou penugem, caracter\u00edsticas da Impress\u00e3o 3D.<\/p>\n<p>Todos os nossos produtos s\u00e3o produzidos em alt\u00edssima qualidade e resist\u00eancia.<br \/>\nPersonalizamos cores, grava\u00e7\u00e3o de nome e tamanhos variados. Gostaria de um produto novo? Or\u00e7amos sem compromisso. O melhor para voc\u00ea!<\/p>\n<p>Envio at\u00e9 2 dias \u00fateis ap\u00f3s o processamento do pedido.<\/p>\n","protected":false},"excerpt":{"rendered":"<p>Informa\u00e7\u00f5es do Produto: Feito em impressora 3D com PLA. *** Impresso em partes coloridas, n\u00e3o \u00e9 feita pintura, portando n\u00e3o perde a cor. *** DIMENS\u00d5ES 12 cm de altura MATERIAL PLA &#8211; pol\u00edmero termopl\u00e1stico PLA \u00e9 biodegrad\u00e1vel e, portanto, compost\u00e1vel e recicl\u00e1vel. CORES As cores podem sofrer pequenas varia\u00e7\u00f5es devido a mat\u00e9ria-prima utilizada. Para outras [&hellip;]<\/p>\n","protected":false},"featured_media":134185,"comment_status":"open","ping_status":"closed","template":"","meta":[],"product_brand":[],"product_cat":[15],"product_tag":[497],"class_list":{"0":"post-134184","1":"product","2":"type-product","3":"status-publish","4":"has-post-thumbnail","6":"product_cat-uncategorized","7":"product_tag-arts-toys","9":"first","10":"instock","11":"shipping-taxable","12":"purchasable","13":"product-type-simple"},"yoast_head":"<!-- This site is optimized with the Yoast SEO plugin v25.1 - https:\/\/yoast.com\/wordpress\/plugins\/seo\/ -->\n<title>Mario Br\u00f3s - Boneco do Mario Bobblehead - MyStore - By STLFLIX<\/title>\n<meta name=\"robots\" content=\"index, follow, max-snippet:-1, max-image-preview:large, max-video-preview:-1\" \/>\n<link rel=\"canonical\" href=\"https:\/\/my.stlflix.com\/es\/product\/mario-bros-boneco-do-mario-bobblehead\/\" \/>\n<meta property=\"og:locale\" content=\"es_ES\" \/>\n<meta property=\"og:type\" content=\"article\" \/>\n<meta property=\"og:title\" content=\"Mario Br\u00f3s - Boneco do Mario Bobblehead - MyStore - By STLFLIX\" \/>\n<meta property=\"og:description\" content=\"Informa\u00e7\u00f5es do Produto: Feito em impressora 3D com PLA. *** Impresso em partes coloridas, n\u00e3o \u00e9 feita pintura, portando n\u00e3o perde a cor. *** DIMENS\u00d5ES 12 cm de altura MATERIAL PLA &#8211; pol\u00edmero termopl\u00e1stico PLA \u00e9 biodegrad\u00e1vel e, portanto, compost\u00e1vel e recicl\u00e1vel. CORES As cores podem sofrer pequenas varia\u00e7\u00f5es devido a mat\u00e9ria-prima utilizada. Para outras [&hellip;]\" \/>\n<meta property=\"og:url\" content=\"https:\/\/my.stlflix.com\/es\/product\/mario-bros-boneco-do-mario-bobblehead\/\" \/>\n<meta property=\"og:site_name\" content=\"MyStore - By STLFLIX\" \/>\n<meta property=\"article:publisher\" content=\"https:\/\/www.facebook.com\/STLFLIX\" \/>\n<meta property=\"article:modified_time\" content=\"2024-12-22T12:16:51+00:00\" \/>\n<meta property=\"og:image\" content=\"https:\/\/my.stlflix.com\/wp-content\/uploads\/2024\/10\/20241016_100936-scaled.jpg\" \/>\n\t<meta property=\"og:image:width\" content=\"2560\" \/>\n\t<meta property=\"og:image:height\" content=\"2560\" \/>\n\t<meta property=\"og:image:type\" content=\"image\/jpeg\" \/>\n<meta name=\"twitter:card\" content=\"summary_large_image\" \/>\n<meta name=\"twitter:label1\" content=\"Est. reading time\" \/>\n\t<meta name=\"twitter:data1\" content=\"1 minute\" \/>\n<script type=\"application\/ld+json\" class=\"yoast-schema-graph\">{\"@context\":\"https:\/\/schema.org\",\"@graph\":[{\"@type\":\"WebPage\",\"@id\":\"https:\/\/my.stlflix.com\/es\/product\/mario-bros-boneco-do-mario-bobblehead\/\",\"url\":\"https:\/\/my.stlflix.com\/es\/product\/mario-bros-boneco-do-mario-bobblehead\/\",\"name\":\"Mario Br\u00f3s - Boneco do Mario Bobblehead - MyStore - By STLFLIX\",\"isPartOf\":{\"@id\":\"https:\/\/my.stlflix.com\/#website\"},\"primaryImageOfPage\":{\"@id\":\"https:\/\/my.stlflix.com\/es\/product\/mario-bros-boneco-do-mario-bobblehead\/#primaryimage\"},\"image\":{\"@id\":\"https:\/\/my.stlflix.com\/es\/product\/mario-bros-boneco-do-mario-bobblehead\/#primaryimage\"},\"thumbnailUrl\":\"https:\/\/my.stlflix.com\/wp-content\/uploads\/2024\/10\/20241016_100936-scaled.jpg\",\"datePublished\":\"2024-10-31T22:30:27+00:00\",\"dateModified\":\"2024-12-22T12:16:51+00:00\",\"breadcrumb\":{\"@id\":\"https:\/\/my.stlflix.com\/es\/product\/mario-bros-boneco-do-mario-bobblehead\/#breadcrumb\"},\"inLanguage\":\"es-ES\",\"potentialAction\":[{\"@type\":\"ReadAction\",\"target\":[\"https:\/\/my.stlflix.com\/es\/product\/mario-bros-boneco-do-mario-bobblehead\/\"]}]},{\"@type\":\"ImageObject\",\"inLanguage\":\"es-ES\",\"@id\":\"https:\/\/my.stlflix.com\/es\/product\/mario-bros-boneco-do-mario-bobblehead\/#primaryimage\",\"url\":\"https:\/\/my.stlflix.com\/wp-content\/uploads\/2024\/10\/20241016_100936-scaled.jpg\",\"contentUrl\":\"https:\/\/my.stlflix.com\/wp-content\/uploads\/2024\/10\/20241016_100936-scaled.jpg\",\"width\":2560,\"height\":2560},{\"@type\":\"BreadcrumbList\",\"@id\":\"https:\/\/my.stlflix.com\/es\/product\/mario-bros-boneco-do-mario-bobblehead\/#breadcrumb\",\"itemListElement\":[{\"@type\":\"ListItem\",\"position\":1,\"name\":\"Home\",\"item\":\"https:\/\/www.stlflix-store.com\/\"},{\"@type\":\"ListItem\",\"position\":2,\"name\":\"Products\",\"item\":\"https:\/\/www.stlflix-store.com\/shop\/\"},{\"@type\":\"ListItem\",\"position\":3,\"name\":\"Mario Br\u00f3s &#8211; Boneco do Mario Bobblehead\"}]},{\"@type\":\"WebSite\",\"@id\":\"https:\/\/my.stlflix.com\/#website\",\"url\":\"https:\/\/my.stlflix.com\/\",\"name\":\"MyStore - By STLFLIX\",\"description\":\"\",\"publisher\":{\"@id\":\"https:\/\/my.stlflix.com\/#organization\"},\"potentialAction\":[{\"@type\":\"SearchAction\",\"target\":{\"@type\":\"EntryPoint\",\"urlTemplate\":\"https:\/\/my.stlflix.com\/?s={search_term_string}\"},\"query-input\":{\"@type\":\"PropertyValueSpecification\",\"valueRequired\":true,\"valueName\":\"search_term_string\"}}],\"inLanguage\":\"es-ES\"},{\"@type\":\"Organization\",\"@id\":\"https:\/\/my.stlflix.com\/#organization\",\"name\":\"MyStore - By STLFLIX\",\"url\":\"https:\/\/my.stlflix.com\/\",\"logo\":{\"@type\":\"ImageObject\",\"inLanguage\":\"es-ES\",\"@id\":\"https:\/\/my.stlflix.com\/#\/schema\/logo\/image\/\",\"url\":\"https:\/\/my.stlflix.com\/wp-content\/uploads\/2024\/06\/logo-mystore.png\",\"contentUrl\":\"https:\/\/my.stlflix.com\/wp-content\/uploads\/2024\/06\/logo-mystore.png\",\"width\":150,\"height\":41,\"caption\":\"MyStore - By STLFLIX\"},\"image\":{\"@id\":\"https:\/\/my.stlflix.com\/#\/schema\/logo\/image\/\"},\"sameAs\":[\"https:\/\/www.facebook.com\/STLFLIX\",\"https:\/\/www.instagram.com\/stlflix_\/\",\"https:\/\/www.tiktok.com\/@stlflix\"]}]}<\/script>\n<!-- \/ Yoast SEO plugin. -->","yoast_head_json":{"title":"Mario Br\u00f3s - Boneco do Mario Bobblehead - MyStore - By STLFLIX","robots":{"index":"index","follow":"follow","max-snippet":"max-snippet:-1","max-image-preview":"max-image-preview:large","max-video-preview":"max-video-preview:-1"},"canonical":"https:\/\/my.stlflix.com\/es\/product\/mario-bros-boneco-do-mario-bobblehead\/","og_locale":"es_ES","og_type":"article","og_title":"Mario Br\u00f3s - Boneco do Mario Bobblehead - MyStore - By STLFLIX","og_description":"Informa\u00e7\u00f5es do Produto: Feito em impressora 3D com PLA. *** Impresso em partes coloridas, n\u00e3o \u00e9 feita pintura, portando n\u00e3o perde a cor. *** DIMENS\u00d5ES 12 cm de altura MATERIAL PLA &#8211; pol\u00edmero termopl\u00e1stico PLA \u00e9 biodegrad\u00e1vel e, portanto, compost\u00e1vel e recicl\u00e1vel. CORES As cores podem sofrer pequenas varia\u00e7\u00f5es devido a mat\u00e9ria-prima utilizada. Para outras [&hellip;]","og_url":"https:\/\/my.stlflix.com\/es\/product\/mario-bros-boneco-do-mario-bobblehead\/","og_site_name":"MyStore - By STLFLIX","article_publisher":"https:\/\/www.facebook.com\/STLFLIX","article_modified_time":"2024-12-22T12:16:51+00:00","og_image":[{"width":2560,"height":2560,"url":"https:\/\/my.stlflix.com\/wp-content\/uploads\/2024\/10\/20241016_100936-scaled.jpg","type":"image\/jpeg"}],"twitter_card":"summary_large_image","twitter_misc":{"Est. reading time":"1 minute"},"schema":{"@context":"https:\/\/schema.org","@graph":[{"@type":"WebPage","@id":"https:\/\/my.stlflix.com\/es\/product\/mario-bros-boneco-do-mario-bobblehead\/","url":"https:\/\/my.stlflix.com\/es\/product\/mario-bros-boneco-do-mario-bobblehead\/","name":"Mario Br\u00f3s - Boneco do Mario Bobblehead - MyStore - By STLFLIX","isPartOf":{"@id":"https:\/\/my.stlflix.com\/#website"},"primaryImageOfPage":{"@id":"https:\/\/my.stlflix.com\/es\/product\/mario-bros-boneco-do-mario-bobblehead\/#primaryimage"},"image":{"@id":"https:\/\/my.stlflix.com\/es\/product\/mario-bros-boneco-do-mario-bobblehead\/#primaryimage"},"thumbnailUrl":"https:\/\/my.stlflix.com\/wp-content\/uploads\/2024\/10\/20241016_100936-scaled.jpg","datePublished":"2024-10-31T22:30:27+00:00","dateModified":"2024-12-22T12:16:51+00:00","breadcrumb":{"@id":"https:\/\/my.stlflix.com\/es\/product\/mario-bros-boneco-do-mario-bobblehead\/#breadcrumb"},"inLanguage":"es-ES","potentialAction":[{"@type":"ReadAction","target":["https:\/\/my.stlflix.com\/es\/product\/mario-bros-boneco-do-mario-bobblehead\/"]}]},{"@type":"ImageObject","inLanguage":"es-ES","@id":"https:\/\/my.stlflix.com\/es\/product\/mario-bros-boneco-do-mario-bobblehead\/#primaryimage","url":"https:\/\/my.stlflix.com\/wp-content\/uploads\/2024\/10\/20241016_100936-scaled.jpg","contentUrl":"https:\/\/my.stlflix.com\/wp-content\/uploads\/2024\/10\/20241016_100936-scaled.jpg","width":2560,"height":2560},{"@type":"BreadcrumbList","@id":"https:\/\/my.stlflix.com\/es\/product\/mario-bros-boneco-do-mario-bobblehead\/#breadcrumb","itemListElement":[{"@type":"ListItem","position":1,"name":"Home","item":"https:\/\/www.stlflix-store.com\/"},{"@type":"ListItem","position":2,"name":"Products","item":"https:\/\/www.stlflix-store.com\/shop\/"},{"@type":"ListItem","position":3,"name":"Mario Br\u00f3s &#8211; Boneco do Mario Bobblehead"}]},{"@type":"WebSite","@id":"https:\/\/my.stlflix.com\/#website","url":"https:\/\/my.stlflix.com\/","name":"MyStore - By STLFLIX","description":"","publisher":{"@id":"https:\/\/my.stlflix.com\/#organization"},"potentialAction":[{"@type":"SearchAction","target":{"@type":"EntryPoint","urlTemplate":"https:\/\/my.stlflix.com\/?s={search_term_string}"},"query-input":{"@type":"PropertyValueSpecification","valueRequired":true,"valueName":"search_term_string"}}],"inLanguage":"es-ES"},{"@type":"Organization","@id":"https:\/\/my.stlflix.com\/#organization","name":"MyStore - By STLFLIX","url":"https:\/\/my.stlflix.com\/","logo":{"@type":"ImageObject","inLanguage":"es-ES","@id":"https:\/\/my.stlflix.com\/#\/schema\/logo\/image\/","url":"https:\/\/my.stlflix.com\/wp-content\/uploads\/2024\/06\/logo-mystore.png","contentUrl":"https:\/\/my.stlflix.com\/wp-content\/uploads\/2024\/06\/logo-mystore.png","width":150,"height":41,"caption":"MyStore - By STLFLIX"},"image":{"@id":"https:\/\/my.stlflix.com\/#\/schema\/logo\/image\/"},"sameAs":["https:\/\/www.facebook.com\/STLFLIX","https:\/\/www.instagram.com\/stlflix_\/","https:\/\/www.tiktok.com\/@stlflix"]}]}},"_links":{"self":[{"href":"https:\/\/my.stlflix.com\/es\/wp-json\/wp\/v2\/product\/134184","targetHints":{"allow":["GET"]}}],"collection":[{"href":"https:\/\/my.stlflix.com\/es\/wp-json\/wp\/v2\/product"}],"about":[{"href":"https:\/\/my.stlflix.com\/es\/wp-json\/wp\/v2\/types\/product"}],"replies":[{"embeddable":true,"href":"https:\/\/my.stlflix.com\/es\/wp-json\/wp\/v2\/comments?post=134184"}],"wp:featuredmedia":[{"embeddable":true,"href":"https:\/\/my.stlflix.com\/es\/wp-json\/wp\/v2\/media\/134185"}],"wp:attachment":[{"href":"https:\/\/my.stlflix.com\/es\/wp-json\/wp\/v2\/media?parent=134184"}],"wp:term":[{"taxonomy":"product_brand","embeddable":true,"href":"https:\/\/my.stlflix.com\/es\/wp-json\/wp\/v2\/product_brand?post=134184"},{"taxonomy":"product_cat","embeddable":true,"href":"https:\/\/my.stlflix.com\/es\/wp-json\/wp\/v2\/product_cat?post=134184"},{"taxonomy":"product_tag","embeddable":true,"href":"https:\/\/my.stlflix.com\/es\/wp-json\/wp\/v2\/product_tag?post=134184"}],"curies":[{"name":"wp","href":"https:\/\/api.w.org\/{rel}","templated":true}]}}