{"id":137763,"date":"2024-11-03T14:48:42","date_gmt":"2024-11-03T14:48:42","guid":{"rendered":"https:\/\/my.stlflix.com\/?post_type=product&#038;p=137763"},"modified":"2024-12-22T12:18:13","modified_gmt":"2024-12-22T12:18:13","slug":"realistic-eagle-wall-light-672747c439f30","status":"publish","type":"product","link":"https:\/\/my.stlflix.com\/es\/product\/realistic-eagle-wall-light-672747c439f30\/","title":{"rendered":"Lampe Aigle Majestueuse &#8211; avec ou sans peinture- Projetrice d&#8217;Ailes \u00c9blouissantes &#8211; Realiste"},"content":{"rendered":"<p>Apportez une touche majestueuse et unique \u00e0 votre int\u00e9rieur avec notre lampe aigle exclusive. Lorsqu&#8217;elle est allum\u00e9e, cette lampe projette des ailes majestueuses contre le mur, cr\u00e9ant une ambiance envo\u00fbtante et \u00e9l\u00e9gante qui \u00e9veille un sentiment de libert\u00e9 et de grandeur.<\/p>\n<p>Fabriqu\u00e9e avec des mat\u00e9riaux de qualit\u00e9 sup\u00e9rieure, la lampe est pr\u00eate \u00e0 l&#8217;emploi, livr\u00e9e d\u00e9j\u00e0 mont\u00e9e et fournie avec des piles incluses pour une utilisation imm\u00e9diate et sans tracas. Vous avez le choix entre deux options : l&#8217;aigle peint, fid\u00e8le \u00e0 la photo et minutieusement color\u00e9, ou l&#8217;aigle non peint, d&#8217;un blanc pur, pr\u00eat \u00e0 \u00eatre personnalis\u00e9 selon vos envies.<\/p>\n<p>Mesure 21 cm de long sur 10 cm de large<\/p>\n<p>Id\u00e9ale pour les amateurs de d\u00e9coration et de design unique, cette lampe saura sublimer n&#8217;importe quelle pi\u00e8ce de votre maison.<\/p>\n","protected":false},"excerpt":{"rendered":"<p>Apportez une touche majestueuse et unique \u00e0 votre int\u00e9rieur avec notre lampe aigle exclusive. Lorsqu&#8217;elle est allum\u00e9e, cette lampe projette des ailes majestueuses contre le mur, cr\u00e9ant une ambiance envo\u00fbtante et \u00e9l\u00e9gante qui \u00e9veille un sentiment de libert\u00e9 et de grandeur. Fabriqu\u00e9e avec des mat\u00e9riaux de qualit\u00e9 sup\u00e9rieure, la lampe est pr\u00eate \u00e0 l&#8217;emploi, livr\u00e9e [&hellip;]<\/p>\n","protected":false},"featured_media":33777,"comment_status":"open","ping_status":"closed","template":"","meta":[],"product_brand":[],"product_cat":[19],"product_tag":[1631],"class_list":{"0":"post-137763","1":"product","2":"type-product","3":"status-publish","4":"has-post-thumbnail","6":"product_cat-animals","7":"product_tag-lampe","9":"first","10":"instock","11":"sold-individually","12":"purchasable","13":"product-type-variable"},"yoast_head":"<!-- This site is optimized with the Yoast SEO plugin v25.1 - https:\/\/yoast.com\/wordpress\/plugins\/seo\/ -->\n<title>Lampe Aigle Majestueuse - avec ou sans peinture- Projetrice d&#039;Ailes \u00c9blouissantes - Realiste - MyStore - By STLFLIX<\/title>\n<meta name=\"robots\" content=\"index, follow, max-snippet:-1, max-image-preview:large, max-video-preview:-1\" \/>\n<link rel=\"canonical\" href=\"https:\/\/my.stlflix.com\/product\/realistic-eagle-wall-light-672747c439f30\/\" \/>\n<meta property=\"og:locale\" content=\"es_ES\" \/>\n<meta property=\"og:type\" content=\"article\" \/>\n<meta property=\"og:title\" content=\"Lampe Aigle Majestueuse - avec ou sans peinture- Projetrice d&#039;Ailes \u00c9blouissantes - Realiste - MyStore - By STLFLIX\" \/>\n<meta property=\"og:description\" content=\"Apportez une touche majestueuse et unique \u00e0 votre int\u00e9rieur avec notre lampe aigle exclusive. Lorsqu&#8217;elle est allum\u00e9e, cette lampe projette des ailes majestueuses contre le mur, cr\u00e9ant une ambiance envo\u00fbtante et \u00e9l\u00e9gante qui \u00e9veille un sentiment de libert\u00e9 et de grandeur. Fabriqu\u00e9e avec des mat\u00e9riaux de qualit\u00e9 sup\u00e9rieure, la lampe est pr\u00eate \u00e0 l&#8217;emploi, livr\u00e9e [&hellip;]\" \/>\n<meta property=\"og:url\" content=\"https:\/\/my.stlflix.com\/product\/realistic-eagle-wall-light-672747c439f30\/\" \/>\n<meta property=\"og:site_name\" content=\"MyStore - By STLFLIX\" \/>\n<meta property=\"article:publisher\" content=\"https:\/\/www.facebook.com\/STLFLIX\" \/>\n<meta property=\"article:modified_time\" content=\"2024-12-22T12:18:13+00:00\" \/>\n<meta property=\"og:image\" content=\"https:\/\/my.stlflix.com\/wp-content\/uploads\/2024\/05\/Realistic_Eagle_Wall_Light_thumb_3751b37743.jpg\" \/>\n\t<meta property=\"og:image:width\" content=\"1080\" \/>\n\t<meta property=\"og:image:height\" content=\"1350\" \/>\n\t<meta property=\"og:image:type\" content=\"image\/jpeg\" \/>\n<meta name=\"twitter:card\" content=\"summary_large_image\" \/>\n<meta name=\"twitter:label1\" content=\"Est. reading time\" \/>\n\t<meta name=\"twitter:data1\" content=\"1 minute\" \/>\n<script type=\"application\/ld+json\" class=\"yoast-schema-graph\">{\"@context\":\"https:\/\/schema.org\",\"@graph\":[{\"@type\":\"WebPage\",\"@id\":\"https:\/\/my.stlflix.com\/product\/realistic-eagle-wall-light-672747c439f30\/\",\"url\":\"https:\/\/my.stlflix.com\/product\/realistic-eagle-wall-light-672747c439f30\/\",\"name\":\"Lampe Aigle Majestueuse - avec ou sans peinture- Projetrice d'Ailes \u00c9blouissantes - Realiste - MyStore - By STLFLIX\",\"isPartOf\":{\"@id\":\"https:\/\/my.stlflix.com\/#website\"},\"primaryImageOfPage\":{\"@id\":\"https:\/\/my.stlflix.com\/product\/realistic-eagle-wall-light-672747c439f30\/#primaryimage\"},\"image\":{\"@id\":\"https:\/\/my.stlflix.com\/product\/realistic-eagle-wall-light-672747c439f30\/#primaryimage\"},\"thumbnailUrl\":\"https:\/\/my.stlflix.com\/wp-content\/uploads\/2024\/05\/Realistic_Eagle_Wall_Light_thumb_3751b37743.jpg\",\"datePublished\":\"2024-11-03T14:48:42+00:00\",\"dateModified\":\"2024-12-22T12:18:13+00:00\",\"breadcrumb\":{\"@id\":\"https:\/\/my.stlflix.com\/product\/realistic-eagle-wall-light-672747c439f30\/#breadcrumb\"},\"inLanguage\":\"es-ES\",\"potentialAction\":[{\"@type\":\"ReadAction\",\"target\":[\"https:\/\/my.stlflix.com\/product\/realistic-eagle-wall-light-672747c439f30\/\"]}]},{\"@type\":\"ImageObject\",\"inLanguage\":\"es-ES\",\"@id\":\"https:\/\/my.stlflix.com\/product\/realistic-eagle-wall-light-672747c439f30\/#primaryimage\",\"url\":\"https:\/\/my.stlflix.com\/wp-content\/uploads\/2024\/05\/Realistic_Eagle_Wall_Light_thumb_3751b37743.jpg\",\"contentUrl\":\"https:\/\/my.stlflix.com\/wp-content\/uploads\/2024\/05\/Realistic_Eagle_Wall_Light_thumb_3751b37743.jpg\",\"width\":1080,\"height\":1350},{\"@type\":\"BreadcrumbList\",\"@id\":\"https:\/\/my.stlflix.com\/product\/realistic-eagle-wall-light-672747c439f30\/#breadcrumb\",\"itemListElement\":[{\"@type\":\"ListItem\",\"position\":1,\"name\":\"Home\",\"item\":\"https:\/\/www.stlflix-store.com\/\"},{\"@type\":\"ListItem\",\"position\":2,\"name\":\"Products\",\"item\":\"https:\/\/www.stlflix-store.com\/shop\/\"},{\"@type\":\"ListItem\",\"position\":3,\"name\":\"Lampe Aigle Majestueuse &#8211; avec ou sans peinture- Projetrice d&#8217;Ailes \u00c9blouissantes &#8211; Realiste\"}]},{\"@type\":\"WebSite\",\"@id\":\"https:\/\/my.stlflix.com\/#website\",\"url\":\"https:\/\/my.stlflix.com\/\",\"name\":\"MyStore - By STLFLIX\",\"description\":\"\",\"publisher\":{\"@id\":\"https:\/\/my.stlflix.com\/#organization\"},\"potentialAction\":[{\"@type\":\"SearchAction\",\"target\":{\"@type\":\"EntryPoint\",\"urlTemplate\":\"https:\/\/my.stlflix.com\/?s={search_term_string}\"},\"query-input\":{\"@type\":\"PropertyValueSpecification\",\"valueRequired\":true,\"valueName\":\"search_term_string\"}}],\"inLanguage\":\"es-ES\"},{\"@type\":\"Organization\",\"@id\":\"https:\/\/my.stlflix.com\/#organization\",\"name\":\"MyStore - By STLFLIX\",\"url\":\"https:\/\/my.stlflix.com\/\",\"logo\":{\"@type\":\"ImageObject\",\"inLanguage\":\"es-ES\",\"@id\":\"https:\/\/my.stlflix.com\/#\/schema\/logo\/image\/\",\"url\":\"https:\/\/my.stlflix.com\/wp-content\/uploads\/2024\/06\/logo-mystore.png\",\"contentUrl\":\"https:\/\/my.stlflix.com\/wp-content\/uploads\/2024\/06\/logo-mystore.png\",\"width\":150,\"height\":41,\"caption\":\"MyStore - By STLFLIX\"},\"image\":{\"@id\":\"https:\/\/my.stlflix.com\/#\/schema\/logo\/image\/\"},\"sameAs\":[\"https:\/\/www.facebook.com\/STLFLIX\",\"https:\/\/www.instagram.com\/stlflix_\/\",\"https:\/\/www.tiktok.com\/@stlflix\"]}]}<\/script>\n<!-- \/ Yoast SEO plugin. -->","yoast_head_json":{"title":"Lampe Aigle Majestueuse - avec ou sans peinture- Projetrice d'Ailes \u00c9blouissantes - Realiste - MyStore - By STLFLIX","robots":{"index":"index","follow":"follow","max-snippet":"max-snippet:-1","max-image-preview":"max-image-preview:large","max-video-preview":"max-video-preview:-1"},"canonical":"https:\/\/my.stlflix.com\/product\/realistic-eagle-wall-light-672747c439f30\/","og_locale":"es_ES","og_type":"article","og_title":"Lampe Aigle Majestueuse - avec ou sans peinture- Projetrice d'Ailes \u00c9blouissantes - Realiste - MyStore - By STLFLIX","og_description":"Apportez une touche majestueuse et unique \u00e0 votre int\u00e9rieur avec notre lampe aigle exclusive. Lorsqu&#8217;elle est allum\u00e9e, cette lampe projette des ailes majestueuses contre le mur, cr\u00e9ant une ambiance envo\u00fbtante et \u00e9l\u00e9gante qui \u00e9veille un sentiment de libert\u00e9 et de grandeur. Fabriqu\u00e9e avec des mat\u00e9riaux de qualit\u00e9 sup\u00e9rieure, la lampe est pr\u00eate \u00e0 l&#8217;emploi, livr\u00e9e [&hellip;]","og_url":"https:\/\/my.stlflix.com\/product\/realistic-eagle-wall-light-672747c439f30\/","og_site_name":"MyStore - By STLFLIX","article_publisher":"https:\/\/www.facebook.com\/STLFLIX","article_modified_time":"2024-12-22T12:18:13+00:00","og_image":[{"width":1080,"height":1350,"url":"https:\/\/my.stlflix.com\/wp-content\/uploads\/2024\/05\/Realistic_Eagle_Wall_Light_thumb_3751b37743.jpg","type":"image\/jpeg"}],"twitter_card":"summary_large_image","twitter_misc":{"Est. reading time":"1 minute"},"schema":{"@context":"https:\/\/schema.org","@graph":[{"@type":"WebPage","@id":"https:\/\/my.stlflix.com\/product\/realistic-eagle-wall-light-672747c439f30\/","url":"https:\/\/my.stlflix.com\/product\/realistic-eagle-wall-light-672747c439f30\/","name":"Lampe Aigle Majestueuse - avec ou sans peinture- Projetrice d'Ailes \u00c9blouissantes - Realiste - MyStore - By STLFLIX","isPartOf":{"@id":"https:\/\/my.stlflix.com\/#website"},"primaryImageOfPage":{"@id":"https:\/\/my.stlflix.com\/product\/realistic-eagle-wall-light-672747c439f30\/#primaryimage"},"image":{"@id":"https:\/\/my.stlflix.com\/product\/realistic-eagle-wall-light-672747c439f30\/#primaryimage"},"thumbnailUrl":"https:\/\/my.stlflix.com\/wp-content\/uploads\/2024\/05\/Realistic_Eagle_Wall_Light_thumb_3751b37743.jpg","datePublished":"2024-11-03T14:48:42+00:00","dateModified":"2024-12-22T12:18:13+00:00","breadcrumb":{"@id":"https:\/\/my.stlflix.com\/product\/realistic-eagle-wall-light-672747c439f30\/#breadcrumb"},"inLanguage":"es-ES","potentialAction":[{"@type":"ReadAction","target":["https:\/\/my.stlflix.com\/product\/realistic-eagle-wall-light-672747c439f30\/"]}]},{"@type":"ImageObject","inLanguage":"es-ES","@id":"https:\/\/my.stlflix.com\/product\/realistic-eagle-wall-light-672747c439f30\/#primaryimage","url":"https:\/\/my.stlflix.com\/wp-content\/uploads\/2024\/05\/Realistic_Eagle_Wall_Light_thumb_3751b37743.jpg","contentUrl":"https:\/\/my.stlflix.com\/wp-content\/uploads\/2024\/05\/Realistic_Eagle_Wall_Light_thumb_3751b37743.jpg","width":1080,"height":1350},{"@type":"BreadcrumbList","@id":"https:\/\/my.stlflix.com\/product\/realistic-eagle-wall-light-672747c439f30\/#breadcrumb","itemListElement":[{"@type":"ListItem","position":1,"name":"Home","item":"https:\/\/www.stlflix-store.com\/"},{"@type":"ListItem","position":2,"name":"Products","item":"https:\/\/www.stlflix-store.com\/shop\/"},{"@type":"ListItem","position":3,"name":"Lampe Aigle Majestueuse &#8211; avec ou sans peinture- Projetrice d&#8217;Ailes \u00c9blouissantes &#8211; Realiste"}]},{"@type":"WebSite","@id":"https:\/\/my.stlflix.com\/#website","url":"https:\/\/my.stlflix.com\/","name":"MyStore - By STLFLIX","description":"","publisher":{"@id":"https:\/\/my.stlflix.com\/#organization"},"potentialAction":[{"@type":"SearchAction","target":{"@type":"EntryPoint","urlTemplate":"https:\/\/my.stlflix.com\/?s={search_term_string}"},"query-input":{"@type":"PropertyValueSpecification","valueRequired":true,"valueName":"search_term_string"}}],"inLanguage":"es-ES"},{"@type":"Organization","@id":"https:\/\/my.stlflix.com\/#organization","name":"MyStore - By STLFLIX","url":"https:\/\/my.stlflix.com\/","logo":{"@type":"ImageObject","inLanguage":"es-ES","@id":"https:\/\/my.stlflix.com\/#\/schema\/logo\/image\/","url":"https:\/\/my.stlflix.com\/wp-content\/uploads\/2024\/06\/logo-mystore.png","contentUrl":"https:\/\/my.stlflix.com\/wp-content\/uploads\/2024\/06\/logo-mystore.png","width":150,"height":41,"caption":"MyStore - By STLFLIX"},"image":{"@id":"https:\/\/my.stlflix.com\/#\/schema\/logo\/image\/"},"sameAs":["https:\/\/www.facebook.com\/STLFLIX","https:\/\/www.instagram.com\/stlflix_\/","https:\/\/www.tiktok.com\/@stlflix"]}]}},"_links":{"self":[{"href":"https:\/\/my.stlflix.com\/es\/wp-json\/wp\/v2\/product\/137763","targetHints":{"allow":["GET"]}}],"collection":[{"href":"https:\/\/my.stlflix.com\/es\/wp-json\/wp\/v2\/product"}],"about":[{"href":"https:\/\/my.stlflix.com\/es\/wp-json\/wp\/v2\/types\/product"}],"replies":[{"embeddable":true,"href":"https:\/\/my.stlflix.com\/es\/wp-json\/wp\/v2\/comments?post=137763"}],"wp:featuredmedia":[{"embeddable":true,"href":"https:\/\/my.stlflix.com\/es\/wp-json\/wp\/v2\/media\/33777"}],"wp:attachment":[{"href":"https:\/\/my.stlflix.com\/es\/wp-json\/wp\/v2\/media?parent=137763"}],"wp:term":[{"taxonomy":"product_brand","embeddable":true,"href":"https:\/\/my.stlflix.com\/es\/wp-json\/wp\/v2\/product_brand?post=137763"},{"taxonomy":"product_cat","embeddable":true,"href":"https:\/\/my.stlflix.com\/es\/wp-json\/wp\/v2\/product_cat?post=137763"},{"taxonomy":"product_tag","embeddable":true,"href":"https:\/\/my.stlflix.com\/es\/wp-json\/wp\/v2\/product_tag?post=137763"}],"curies":[{"name":"wp","href":"https:\/\/api.w.org\/{rel}","templated":true}]}}