{"id":153893,"date":"2024-11-14T00:02:42","date_gmt":"2024-11-14T00:02:42","guid":{"rendered":"https:\/\/my.stlflix.com\/?post_type=product&#038;p=153893"},"modified":"2025-01-23T20:06:01","modified_gmt":"2025-01-23T20:06:01","slug":"cute-flexi-hammerhead-shark-67353aff4cdd0","status":"publish","type":"product","link":"https:\/\/my.stlflix.com\/es\/product\/cute-flexi-hammerhead-shark-67353aff4cdd0\/","title":{"rendered":"Wiggly Hammerhai"},"content":{"rendered":"<p><span id=\"wpaicg-chat-message-8467\" class=\"wpaicg-chat-message\">Der 3D-gedruckte Hammerhai ist ein beeindruckendes und einzigartiges Accessoire, das sowohl als Schl\u00fcsselanh\u00e4nger als auch als K\u00fchlschrankmagnet verwendet werden kann. Hergestellt aus hochwertigem PLA, einem umweltfreundlichen und biologisch abbaubaren Material, kombiniert dieser Hammerhai Nachhaltigkeit mit einem coolen Design. Ob du ihn an deinem Schl\u00fcsselbund tr\u00e4gst oder an deinem K\u00fchlschrank befestigst, dieser Hammerhai bringt einen Hauch von maritimem Flair in deinen Alltag. Perfekt f\u00fcr Meeresliebhaber und eine tolle Geschenkidee f\u00fcr Freunde und Familie.<\/span><\/p>\n","protected":false},"excerpt":{"rendered":"<p>Der 3D-gedruckte Hammerhai ist ein beeindruckendes und einzigartiges Accessoire, das sowohl als Schl\u00fcsselanh\u00e4nger als auch als K\u00fchlschrankmagnet verwendet werden kann. Hergestellt aus hochwertigem PLA, einem umweltfreundlichen und biologisch abbaubaren Material, kombiniert dieser Hammerhai Nachhaltigkeit mit einem coolen Design. Ob du ihn an deinem Schl\u00fcsselbund tr\u00e4gst oder an deinem K\u00fchlschrank befestigst, dieser Hammerhai bringt einen Hauch [&hellip;]<\/p>\n","protected":false},"featured_media":152888,"comment_status":"open","ping_status":"closed","template":"","meta":[],"product_brand":[],"product_cat":[504],"product_tag":[2833,3445,4623],"class_list":{"0":"post-153893","1":"product","2":"type-product","3":"status-publish","4":"has-post-thumbnail","6":"product_cat-mini-articulated","7":"product_tag-3dprinted","8":"product_tag-magnet","9":"product_tag-schlusselanhanger","11":"first","12":"instock","13":"purchasable","14":"product-type-variable"},"yoast_head":"<!-- This site is optimized with the Yoast SEO plugin v25.1 - https:\/\/yoast.com\/wordpress\/plugins\/seo\/ -->\n<title>Wiggly Hammerhai<\/title>\n<meta name=\"description\" content=\"3D Druck Hammerhai. Verwendbar als Magnet der \u00fcberall haftet oder Schl\u00fcsselanh\u00e4nger, der dich \u00fcberall hin begleitet.\" \/>\n<meta name=\"robots\" content=\"index, follow, max-snippet:-1, max-image-preview:large, max-video-preview:-1\" \/>\n<link rel=\"canonical\" href=\"https:\/\/www.testeminhalojamandela.biz\/product\/cute-flexi-hammerhead-shark-67353aff4cdd0\/\" \/>\n<meta property=\"og:locale\" content=\"es_ES\" \/>\n<meta property=\"og:type\" content=\"article\" \/>\n<meta property=\"og:title\" content=\"Wiggly Hammerhai\" \/>\n<meta property=\"og:description\" content=\"3D Druck Hammerhai. Verwendbar als Magnet der \u00fcberall haftet oder Schl\u00fcsselanh\u00e4nger, der dich \u00fcberall hin begleitet.\" \/>\n<meta property=\"og:url\" content=\"https:\/\/www.testeminhalojamandela.biz\/product\/cute-flexi-hammerhead-shark-67353aff4cdd0\/\" \/>\n<meta property=\"og:site_name\" content=\"MyStore - By STLFLIX\" \/>\n<meta property=\"article:publisher\" content=\"https:\/\/www.facebook.com\/STLFLIX\" \/>\n<meta property=\"article:modified_time\" content=\"2025-01-23T20:06:01+00:00\" \/>\n<meta property=\"og:image\" content=\"https:\/\/www.testeminhalojamandela.biz\/wp-content\/uploads\/2024\/11\/Cute_Flexi_Hammerhead_Sharkthumb_dae4178869.jpg\" \/>\n\t<meta property=\"og:image:width\" content=\"1080\" \/>\n\t<meta property=\"og:image:height\" content=\"1350\" \/>\n\t<meta property=\"og:image:type\" content=\"image\/jpeg\" \/>\n<meta name=\"twitter:card\" content=\"summary_large_image\" \/>\n<script type=\"application\/ld+json\" class=\"yoast-schema-graph\">{\"@context\":\"https:\/\/schema.org\",\"@graph\":[{\"@type\":\"WebPage\",\"@id\":\"https:\/\/www.testeminhalojamandela.biz\/product\/cute-flexi-hammerhead-shark-67353aff4cdd0\/\",\"url\":\"https:\/\/www.testeminhalojamandela.biz\/product\/cute-flexi-hammerhead-shark-67353aff4cdd0\/\",\"name\":\"Wiggly Hammerhai\",\"isPartOf\":{\"@id\":\"https:\/\/my.stlflix.com\/#website\"},\"primaryImageOfPage\":{\"@id\":\"https:\/\/www.testeminhalojamandela.biz\/product\/cute-flexi-hammerhead-shark-67353aff4cdd0\/#primaryimage\"},\"image\":{\"@id\":\"https:\/\/www.testeminhalojamandela.biz\/product\/cute-flexi-hammerhead-shark-67353aff4cdd0\/#primaryimage\"},\"thumbnailUrl\":\"https:\/\/my.stlflix.com\/wp-content\/uploads\/2024\/11\/Cute_Flexi_Hammerhead_Sharkthumb_dae4178869.jpg\",\"datePublished\":\"2024-11-14T00:02:42+00:00\",\"dateModified\":\"2025-01-23T20:06:01+00:00\",\"description\":\"3D Druck Hammerhai. Verwendbar als Magnet der \u00fcberall haftet oder Schl\u00fcsselanh\u00e4nger, der dich \u00fcberall hin begleitet.\",\"breadcrumb\":{\"@id\":\"https:\/\/www.testeminhalojamandela.biz\/product\/cute-flexi-hammerhead-shark-67353aff4cdd0\/#breadcrumb\"},\"inLanguage\":\"es-ES\",\"potentialAction\":[{\"@type\":\"ReadAction\",\"target\":[\"https:\/\/www.testeminhalojamandela.biz\/product\/cute-flexi-hammerhead-shark-67353aff4cdd0\/\"]}]},{\"@type\":\"ImageObject\",\"inLanguage\":\"es-ES\",\"@id\":\"https:\/\/www.testeminhalojamandela.biz\/product\/cute-flexi-hammerhead-shark-67353aff4cdd0\/#primaryimage\",\"url\":\"https:\/\/my.stlflix.com\/wp-content\/uploads\/2024\/11\/Cute_Flexi_Hammerhead_Sharkthumb_dae4178869.jpg\",\"contentUrl\":\"https:\/\/my.stlflix.com\/wp-content\/uploads\/2024\/11\/Cute_Flexi_Hammerhead_Sharkthumb_dae4178869.jpg\",\"width\":1080,\"height\":1350},{\"@type\":\"BreadcrumbList\",\"@id\":\"https:\/\/www.testeminhalojamandela.biz\/product\/cute-flexi-hammerhead-shark-67353aff4cdd0\/#breadcrumb\",\"itemListElement\":[{\"@type\":\"ListItem\",\"position\":1,\"name\":\"Home\",\"item\":\"https:\/\/www.stlflix-store.com\/\"},{\"@type\":\"ListItem\",\"position\":2,\"name\":\"Products\",\"item\":\"https:\/\/www.stlflix-store.com\/shop\/\"},{\"@type\":\"ListItem\",\"position\":3,\"name\":\"Wiggly Hammerhai\"}]},{\"@type\":\"WebSite\",\"@id\":\"https:\/\/my.stlflix.com\/#website\",\"url\":\"https:\/\/my.stlflix.com\/\",\"name\":\"MyStore - By STLFLIX\",\"description\":\"\",\"publisher\":{\"@id\":\"https:\/\/my.stlflix.com\/#organization\"},\"potentialAction\":[{\"@type\":\"SearchAction\",\"target\":{\"@type\":\"EntryPoint\",\"urlTemplate\":\"https:\/\/my.stlflix.com\/?s={search_term_string}\"},\"query-input\":{\"@type\":\"PropertyValueSpecification\",\"valueRequired\":true,\"valueName\":\"search_term_string\"}}],\"inLanguage\":\"es-ES\"},{\"@type\":\"Organization\",\"@id\":\"https:\/\/my.stlflix.com\/#organization\",\"name\":\"MyStore - By STLFLIX\",\"url\":\"https:\/\/my.stlflix.com\/\",\"logo\":{\"@type\":\"ImageObject\",\"inLanguage\":\"es-ES\",\"@id\":\"https:\/\/my.stlflix.com\/#\/schema\/logo\/image\/\",\"url\":\"https:\/\/my.stlflix.com\/wp-content\/uploads\/2024\/06\/logo-mystore.png\",\"contentUrl\":\"https:\/\/my.stlflix.com\/wp-content\/uploads\/2024\/06\/logo-mystore.png\",\"width\":150,\"height\":41,\"caption\":\"MyStore - By STLFLIX\"},\"image\":{\"@id\":\"https:\/\/my.stlflix.com\/#\/schema\/logo\/image\/\"},\"sameAs\":[\"https:\/\/www.facebook.com\/STLFLIX\",\"https:\/\/www.instagram.com\/stlflix_\/\",\"https:\/\/www.tiktok.com\/@stlflix\"]}]}<\/script>\n<!-- \/ Yoast SEO plugin. -->","yoast_head_json":{"title":"Wiggly Hammerhai","description":"3D Druck Hammerhai. Verwendbar als Magnet der \u00fcberall haftet oder Schl\u00fcsselanh\u00e4nger, der dich \u00fcberall hin begleitet.","robots":{"index":"index","follow":"follow","max-snippet":"max-snippet:-1","max-image-preview":"max-image-preview:large","max-video-preview":"max-video-preview:-1"},"canonical":"https:\/\/www.testeminhalojamandela.biz\/product\/cute-flexi-hammerhead-shark-67353aff4cdd0\/","og_locale":"es_ES","og_type":"article","og_title":"Wiggly Hammerhai","og_description":"3D Druck Hammerhai. Verwendbar als Magnet der \u00fcberall haftet oder Schl\u00fcsselanh\u00e4nger, der dich \u00fcberall hin begleitet.","og_url":"https:\/\/www.testeminhalojamandela.biz\/product\/cute-flexi-hammerhead-shark-67353aff4cdd0\/","og_site_name":"MyStore - By STLFLIX","article_publisher":"https:\/\/www.facebook.com\/STLFLIX","article_modified_time":"2025-01-23T20:06:01+00:00","og_image":[{"width":1080,"height":1350,"url":"https:\/\/www.testeminhalojamandela.biz\/wp-content\/uploads\/2024\/11\/Cute_Flexi_Hammerhead_Sharkthumb_dae4178869.jpg","type":"image\/jpeg"}],"twitter_card":"summary_large_image","schema":{"@context":"https:\/\/schema.org","@graph":[{"@type":"WebPage","@id":"https:\/\/www.testeminhalojamandela.biz\/product\/cute-flexi-hammerhead-shark-67353aff4cdd0\/","url":"https:\/\/www.testeminhalojamandela.biz\/product\/cute-flexi-hammerhead-shark-67353aff4cdd0\/","name":"Wiggly Hammerhai","isPartOf":{"@id":"https:\/\/my.stlflix.com\/#website"},"primaryImageOfPage":{"@id":"https:\/\/www.testeminhalojamandela.biz\/product\/cute-flexi-hammerhead-shark-67353aff4cdd0\/#primaryimage"},"image":{"@id":"https:\/\/www.testeminhalojamandela.biz\/product\/cute-flexi-hammerhead-shark-67353aff4cdd0\/#primaryimage"},"thumbnailUrl":"https:\/\/my.stlflix.com\/wp-content\/uploads\/2024\/11\/Cute_Flexi_Hammerhead_Sharkthumb_dae4178869.jpg","datePublished":"2024-11-14T00:02:42+00:00","dateModified":"2025-01-23T20:06:01+00:00","description":"3D Druck Hammerhai. Verwendbar als Magnet der \u00fcberall haftet oder Schl\u00fcsselanh\u00e4nger, der dich \u00fcberall hin begleitet.","breadcrumb":{"@id":"https:\/\/www.testeminhalojamandela.biz\/product\/cute-flexi-hammerhead-shark-67353aff4cdd0\/#breadcrumb"},"inLanguage":"es-ES","potentialAction":[{"@type":"ReadAction","target":["https:\/\/www.testeminhalojamandela.biz\/product\/cute-flexi-hammerhead-shark-67353aff4cdd0\/"]}]},{"@type":"ImageObject","inLanguage":"es-ES","@id":"https:\/\/www.testeminhalojamandela.biz\/product\/cute-flexi-hammerhead-shark-67353aff4cdd0\/#primaryimage","url":"https:\/\/my.stlflix.com\/wp-content\/uploads\/2024\/11\/Cute_Flexi_Hammerhead_Sharkthumb_dae4178869.jpg","contentUrl":"https:\/\/my.stlflix.com\/wp-content\/uploads\/2024\/11\/Cute_Flexi_Hammerhead_Sharkthumb_dae4178869.jpg","width":1080,"height":1350},{"@type":"BreadcrumbList","@id":"https:\/\/www.testeminhalojamandela.biz\/product\/cute-flexi-hammerhead-shark-67353aff4cdd0\/#breadcrumb","itemListElement":[{"@type":"ListItem","position":1,"name":"Home","item":"https:\/\/www.stlflix-store.com\/"},{"@type":"ListItem","position":2,"name":"Products","item":"https:\/\/www.stlflix-store.com\/shop\/"},{"@type":"ListItem","position":3,"name":"Wiggly Hammerhai"}]},{"@type":"WebSite","@id":"https:\/\/my.stlflix.com\/#website","url":"https:\/\/my.stlflix.com\/","name":"MyStore - By STLFLIX","description":"","publisher":{"@id":"https:\/\/my.stlflix.com\/#organization"},"potentialAction":[{"@type":"SearchAction","target":{"@type":"EntryPoint","urlTemplate":"https:\/\/my.stlflix.com\/?s={search_term_string}"},"query-input":{"@type":"PropertyValueSpecification","valueRequired":true,"valueName":"search_term_string"}}],"inLanguage":"es-ES"},{"@type":"Organization","@id":"https:\/\/my.stlflix.com\/#organization","name":"MyStore - By STLFLIX","url":"https:\/\/my.stlflix.com\/","logo":{"@type":"ImageObject","inLanguage":"es-ES","@id":"https:\/\/my.stlflix.com\/#\/schema\/logo\/image\/","url":"https:\/\/my.stlflix.com\/wp-content\/uploads\/2024\/06\/logo-mystore.png","contentUrl":"https:\/\/my.stlflix.com\/wp-content\/uploads\/2024\/06\/logo-mystore.png","width":150,"height":41,"caption":"MyStore - By STLFLIX"},"image":{"@id":"https:\/\/my.stlflix.com\/#\/schema\/logo\/image\/"},"sameAs":["https:\/\/www.facebook.com\/STLFLIX","https:\/\/www.instagram.com\/stlflix_\/","https:\/\/www.tiktok.com\/@stlflix"]}]}},"_links":{"self":[{"href":"https:\/\/my.stlflix.com\/es\/wp-json\/wp\/v2\/product\/153893","targetHints":{"allow":["GET"]}}],"collection":[{"href":"https:\/\/my.stlflix.com\/es\/wp-json\/wp\/v2\/product"}],"about":[{"href":"https:\/\/my.stlflix.com\/es\/wp-json\/wp\/v2\/types\/product"}],"replies":[{"embeddable":true,"href":"https:\/\/my.stlflix.com\/es\/wp-json\/wp\/v2\/comments?post=153893"}],"wp:featuredmedia":[{"embeddable":true,"href":"https:\/\/my.stlflix.com\/es\/wp-json\/wp\/v2\/media\/152888"}],"wp:attachment":[{"href":"https:\/\/my.stlflix.com\/es\/wp-json\/wp\/v2\/media?parent=153893"}],"wp:term":[{"taxonomy":"product_brand","embeddable":true,"href":"https:\/\/my.stlflix.com\/es\/wp-json\/wp\/v2\/product_brand?post=153893"},{"taxonomy":"product_cat","embeddable":true,"href":"https:\/\/my.stlflix.com\/es\/wp-json\/wp\/v2\/product_cat?post=153893"},{"taxonomy":"product_tag","embeddable":true,"href":"https:\/\/my.stlflix.com\/es\/wp-json\/wp\/v2\/product_tag?post=153893"}],"curies":[{"name":"wp","href":"https:\/\/api.w.org\/{rel}","templated":true}]}}