{"id":157453,"date":"2024-11-17T04:57:41","date_gmt":"2024-11-17T04:57:41","guid":{"rendered":"https:\/\/my.stlflix.com\/?post_type=product&#038;p=157453"},"modified":"2024-12-22T12:28:45","modified_gmt":"2024-12-22T12:28:45","slug":"giant-scorpion-67395eabd86db","status":"publish","type":"product","link":"https:\/\/my.stlflix.com\/es\/product\/giant-scorpion-67395eabd86db\/","title":{"rendered":"Giant Scorpion"},"content":{"rendered":"<p style=\"text-align: center\"><em>Uma das muitas raz\u00f5es pelas quais o deserto n\u00e3o \u00e9 um lugar amig\u00e1vel para se estar vagando.<\/em><\/p>\n<p>&nbsp;<\/p>\n<p><strong>Miniaturas para RPG \u2013 Traga sua imagina\u00e7\u00e3o \u00e0 vida<\/strong><\/p>\n<p>Descubra nossas incr\u00edveis miniaturas para RPG, desenvolvidas para proporcionar aos jogadores e mestres uma experi\u00eancia \u00fanica e imersiva. Produzidas com materiais de excelente qualidade e aten\u00e7\u00e3o aos m\u00ednimos detalhes, elas s\u00e3o ideais para dar um toque especial aos seus personagens, criaturas e cen\u00e1rios.<\/p>\n<p>Dispon\u00edveis em duas escalas:<\/p>\n<ul>\n<li>Escala 32mm, com base de 25mm, perfeita para sistemas como D&amp;D e outros RPGs populares.<\/li>\n<li>Escala 75mm, para aqueles que desejam adicionar uma presen\u00e7a imponente e detalhada ao seu jogo.<\/li>\n<\/ul>\n<p>Seja voc\u00ea um colecionador apaixonado ou um jogador em busca de aprimorar suas sess\u00f5es, nossas miniaturas s\u00e3o a escolha certa para complementar sua cole\u00e7\u00e3o.<\/p>\n<p>N\u00e3o perca a chance de transformar suas aventuras e criar momentos memor\u00e1veis. Garanta j\u00e1 a sua e leve sua campanha a um novo patamar!<\/p>\n<div>\n<hr \/>\n<\/div>\n<div>\n<p><strong>ESPECIFICA\u00c7\u00d5ES:<\/strong><\/p>\n<p>Impresso em Resina<\/p>\n<p><strong>Dimens\u00f5es<\/strong> do item montado(CxLxA):<\/p>\n<ul>\n<li><strong>Escala 32mm<\/strong>: 66 x 61 x 65 (mm)<\/li>\n<li><strong>Escala 75mm<\/strong>: 155 x 143 x 153 (mm)<\/li>\n<\/ul>\n<p>Este item \u00e9 enviado desmontado, em partes, oferecendo a oportunidade de montar cada detalhe. A embalagem inclui todas as pe\u00e7as necess\u00e1rias, mas n\u00e3o inclui cola e pintura.<\/p>\n<p><strong>Nota:<\/strong> As imagens s\u00e3o ilustrativas e podem apresentar varia\u00e7\u00f5es.<\/p>\n<\/div>\n<hr \/>\n<p><!--more--><\/p>\n<p><strong>SOBRE N\u00d3S:<\/strong><\/p>\n<p>A <strong>Fantasy Krafter<\/strong>, com sede em S\u00e3o Jos\u00e9 dos Campos, \u00e9 especializada em criar itens para apaixonados por RPG. Somos movidos pelo amor ao hobby e nos dedicamos a tornar suas campanhas mais emocionantes.<\/p>\n<p>Nosso objetivo \u00e9 transformar sua mesa de jogo, reunindo amigos e trazendo seus mundos imagin\u00e1rios \u00e0 realidade com miniaturas de tirar o f\u00f4lego.<\/p>\n<p style=\"text-align: center\">\n","protected":false},"excerpt":{"rendered":"<p>Uma das muitas raz\u00f5es pelas quais o deserto n\u00e3o \u00e9 um lugar amig\u00e1vel para se estar vagando. &nbsp; Miniaturas para RPG \u2013 Traga sua imagina\u00e7\u00e3o \u00e0 vida Descubra nossas incr\u00edveis miniaturas para RPG, desenvolvidas para proporcionar aos jogadores e mestres uma experi\u00eancia \u00fanica e imersiva. Produzidas com materiais de excelente qualidade e aten\u00e7\u00e3o aos m\u00ednimos [&hellip;]<\/p>\n","protected":false},"featured_media":42562,"comment_status":"open","ping_status":"closed","template":"","meta":[],"product_brand":[],"product_cat":[23],"product_tag":[2289,387],"class_list":{"0":"post-157453","1":"product","2":"type-product","3":"status-publish","4":"has-post-thumbnail","6":"product_cat-miniatures","7":"product_tag-fantasy-miniatures","8":"product_tag-sands-of-time","10":"first","11":"onbackorder","12":"sale","13":"taxable","14":"shipping-taxable","15":"purchasable","16":"product-type-variable","17":"has-default-attributes"},"yoast_head":"<!-- This site is optimized with the Yoast SEO plugin v25.1 - https:\/\/yoast.com\/wordpress\/plugins\/seo\/ -->\n<title>Giant Scorpion - MyStore - By STLFLIX<\/title>\n<meta name=\"description\" content=\"Encontre miniaturas detalhadas para RPG em escalas 32mm e 75mm. Perfeitas para D&amp;D e outros sistemas, elas tornam suas aventuras ainda mais \u00e9picas. Descubra modelos exclusivos!\" \/>\n<meta name=\"robots\" content=\"index, follow, max-snippet:-1, max-image-preview:large, max-video-preview:-1\" \/>\n<link rel=\"canonical\" href=\"https:\/\/www.monitorstlflix.com\/product\/giant-scorpion-67395eabd86db\/\" \/>\n<meta property=\"og:locale\" content=\"es_ES\" \/>\n<meta property=\"og:type\" content=\"article\" \/>\n<meta property=\"og:title\" content=\"Giant Scorpion - MyStore - By STLFLIX\" \/>\n<meta property=\"og:description\" content=\"Encontre miniaturas detalhadas para RPG em escalas 32mm e 75mm. Perfeitas para D&amp;D e outros sistemas, elas tornam suas aventuras ainda mais \u00e9picas. Descubra modelos exclusivos!\" \/>\n<meta property=\"og:url\" content=\"https:\/\/www.monitorstlflix.com\/product\/giant-scorpion-67395eabd86db\/\" \/>\n<meta property=\"og:site_name\" content=\"MyStore - By STLFLIX\" \/>\n<meta property=\"article:publisher\" content=\"https:\/\/www.facebook.com\/STLFLIX\" \/>\n<meta property=\"article:modified_time\" content=\"2024-12-22T12:28:45+00:00\" \/>\n<meta property=\"og:image\" content=\"https:\/\/www.monitorstlflix.com\/wp-content\/uploads\/2024\/06\/Giant_Scorpionthumb_4ca28dea60.jpg\" \/>\n\t<meta property=\"og:image:width\" content=\"1080\" \/>\n\t<meta property=\"og:image:height\" content=\"1350\" \/>\n\t<meta property=\"og:image:type\" content=\"image\/jpeg\" \/>\n<meta name=\"twitter:card\" content=\"summary_large_image\" \/>\n<meta name=\"twitter:label1\" content=\"Est. reading time\" \/>\n\t<meta name=\"twitter:data1\" content=\"1 minute\" \/>\n<script type=\"application\/ld+json\" class=\"yoast-schema-graph\">{\"@context\":\"https:\/\/schema.org\",\"@graph\":[{\"@type\":\"WebPage\",\"@id\":\"https:\/\/www.monitorstlflix.com\/product\/giant-scorpion-67395eabd86db\/\",\"url\":\"https:\/\/www.monitorstlflix.com\/product\/giant-scorpion-67395eabd86db\/\",\"name\":\"Giant Scorpion - MyStore - By STLFLIX\",\"isPartOf\":{\"@id\":\"https:\/\/my.stlflix.com\/#website\"},\"primaryImageOfPage\":{\"@id\":\"https:\/\/www.monitorstlflix.com\/product\/giant-scorpion-67395eabd86db\/#primaryimage\"},\"image\":{\"@id\":\"https:\/\/www.monitorstlflix.com\/product\/giant-scorpion-67395eabd86db\/#primaryimage\"},\"thumbnailUrl\":\"https:\/\/my.stlflix.com\/wp-content\/uploads\/2024\/06\/Giant_Scorpionthumb_4ca28dea60.jpg\",\"datePublished\":\"2024-11-17T04:57:41+00:00\",\"dateModified\":\"2024-12-22T12:28:45+00:00\",\"description\":\"Encontre miniaturas detalhadas para RPG em escalas 32mm e 75mm. Perfeitas para D&D e outros sistemas, elas tornam suas aventuras ainda mais \u00e9picas. Descubra modelos exclusivos!\",\"breadcrumb\":{\"@id\":\"https:\/\/www.monitorstlflix.com\/product\/giant-scorpion-67395eabd86db\/#breadcrumb\"},\"inLanguage\":\"es-ES\",\"potentialAction\":[{\"@type\":\"ReadAction\",\"target\":[\"https:\/\/www.monitorstlflix.com\/product\/giant-scorpion-67395eabd86db\/\"]}]},{\"@type\":\"ImageObject\",\"inLanguage\":\"es-ES\",\"@id\":\"https:\/\/www.monitorstlflix.com\/product\/giant-scorpion-67395eabd86db\/#primaryimage\",\"url\":\"https:\/\/my.stlflix.com\/wp-content\/uploads\/2024\/06\/Giant_Scorpionthumb_4ca28dea60.jpg\",\"contentUrl\":\"https:\/\/my.stlflix.com\/wp-content\/uploads\/2024\/06\/Giant_Scorpionthumb_4ca28dea60.jpg\",\"width\":1080,\"height\":1350},{\"@type\":\"BreadcrumbList\",\"@id\":\"https:\/\/www.monitorstlflix.com\/product\/giant-scorpion-67395eabd86db\/#breadcrumb\",\"itemListElement\":[{\"@type\":\"ListItem\",\"position\":1,\"name\":\"Home\",\"item\":\"https:\/\/www.stlflix-store.com\/\"},{\"@type\":\"ListItem\",\"position\":2,\"name\":\"Products\",\"item\":\"https:\/\/www.stlflix-store.com\/shop\/\"},{\"@type\":\"ListItem\",\"position\":3,\"name\":\"Giant Scorpion\"}]},{\"@type\":\"WebSite\",\"@id\":\"https:\/\/my.stlflix.com\/#website\",\"url\":\"https:\/\/my.stlflix.com\/\",\"name\":\"MyStore - By STLFLIX\",\"description\":\"\",\"publisher\":{\"@id\":\"https:\/\/my.stlflix.com\/#organization\"},\"potentialAction\":[{\"@type\":\"SearchAction\",\"target\":{\"@type\":\"EntryPoint\",\"urlTemplate\":\"https:\/\/my.stlflix.com\/?s={search_term_string}\"},\"query-input\":{\"@type\":\"PropertyValueSpecification\",\"valueRequired\":true,\"valueName\":\"search_term_string\"}}],\"inLanguage\":\"es-ES\"},{\"@type\":\"Organization\",\"@id\":\"https:\/\/my.stlflix.com\/#organization\",\"name\":\"MyStore - By STLFLIX\",\"url\":\"https:\/\/my.stlflix.com\/\",\"logo\":{\"@type\":\"ImageObject\",\"inLanguage\":\"es-ES\",\"@id\":\"https:\/\/my.stlflix.com\/#\/schema\/logo\/image\/\",\"url\":\"https:\/\/my.stlflix.com\/wp-content\/uploads\/2024\/06\/logo-mystore.png\",\"contentUrl\":\"https:\/\/my.stlflix.com\/wp-content\/uploads\/2024\/06\/logo-mystore.png\",\"width\":150,\"height\":41,\"caption\":\"MyStore - By STLFLIX\"},\"image\":{\"@id\":\"https:\/\/my.stlflix.com\/#\/schema\/logo\/image\/\"},\"sameAs\":[\"https:\/\/www.facebook.com\/STLFLIX\",\"https:\/\/www.instagram.com\/stlflix_\/\",\"https:\/\/www.tiktok.com\/@stlflix\"]}]}<\/script>\n<!-- \/ Yoast SEO plugin. -->","yoast_head_json":{"title":"Giant Scorpion - MyStore - By STLFLIX","description":"Encontre miniaturas detalhadas para RPG em escalas 32mm e 75mm. Perfeitas para D&D e outros sistemas, elas tornam suas aventuras ainda mais \u00e9picas. Descubra modelos exclusivos!","robots":{"index":"index","follow":"follow","max-snippet":"max-snippet:-1","max-image-preview":"max-image-preview:large","max-video-preview":"max-video-preview:-1"},"canonical":"https:\/\/www.monitorstlflix.com\/product\/giant-scorpion-67395eabd86db\/","og_locale":"es_ES","og_type":"article","og_title":"Giant Scorpion - MyStore - By STLFLIX","og_description":"Encontre miniaturas detalhadas para RPG em escalas 32mm e 75mm. Perfeitas para D&D e outros sistemas, elas tornam suas aventuras ainda mais \u00e9picas. Descubra modelos exclusivos!","og_url":"https:\/\/www.monitorstlflix.com\/product\/giant-scorpion-67395eabd86db\/","og_site_name":"MyStore - By STLFLIX","article_publisher":"https:\/\/www.facebook.com\/STLFLIX","article_modified_time":"2024-12-22T12:28:45+00:00","og_image":[{"width":1080,"height":1350,"url":"https:\/\/www.monitorstlflix.com\/wp-content\/uploads\/2024\/06\/Giant_Scorpionthumb_4ca28dea60.jpg","type":"image\/jpeg"}],"twitter_card":"summary_large_image","twitter_misc":{"Est. reading time":"1 minute"},"schema":{"@context":"https:\/\/schema.org","@graph":[{"@type":"WebPage","@id":"https:\/\/www.monitorstlflix.com\/product\/giant-scorpion-67395eabd86db\/","url":"https:\/\/www.monitorstlflix.com\/product\/giant-scorpion-67395eabd86db\/","name":"Giant Scorpion - MyStore - By STLFLIX","isPartOf":{"@id":"https:\/\/my.stlflix.com\/#website"},"primaryImageOfPage":{"@id":"https:\/\/www.monitorstlflix.com\/product\/giant-scorpion-67395eabd86db\/#primaryimage"},"image":{"@id":"https:\/\/www.monitorstlflix.com\/product\/giant-scorpion-67395eabd86db\/#primaryimage"},"thumbnailUrl":"https:\/\/my.stlflix.com\/wp-content\/uploads\/2024\/06\/Giant_Scorpionthumb_4ca28dea60.jpg","datePublished":"2024-11-17T04:57:41+00:00","dateModified":"2024-12-22T12:28:45+00:00","description":"Encontre miniaturas detalhadas para RPG em escalas 32mm e 75mm. Perfeitas para D&D e outros sistemas, elas tornam suas aventuras ainda mais \u00e9picas. Descubra modelos exclusivos!","breadcrumb":{"@id":"https:\/\/www.monitorstlflix.com\/product\/giant-scorpion-67395eabd86db\/#breadcrumb"},"inLanguage":"es-ES","potentialAction":[{"@type":"ReadAction","target":["https:\/\/www.monitorstlflix.com\/product\/giant-scorpion-67395eabd86db\/"]}]},{"@type":"ImageObject","inLanguage":"es-ES","@id":"https:\/\/www.monitorstlflix.com\/product\/giant-scorpion-67395eabd86db\/#primaryimage","url":"https:\/\/my.stlflix.com\/wp-content\/uploads\/2024\/06\/Giant_Scorpionthumb_4ca28dea60.jpg","contentUrl":"https:\/\/my.stlflix.com\/wp-content\/uploads\/2024\/06\/Giant_Scorpionthumb_4ca28dea60.jpg","width":1080,"height":1350},{"@type":"BreadcrumbList","@id":"https:\/\/www.monitorstlflix.com\/product\/giant-scorpion-67395eabd86db\/#breadcrumb","itemListElement":[{"@type":"ListItem","position":1,"name":"Home","item":"https:\/\/www.stlflix-store.com\/"},{"@type":"ListItem","position":2,"name":"Products","item":"https:\/\/www.stlflix-store.com\/shop\/"},{"@type":"ListItem","position":3,"name":"Giant Scorpion"}]},{"@type":"WebSite","@id":"https:\/\/my.stlflix.com\/#website","url":"https:\/\/my.stlflix.com\/","name":"MyStore - By STLFLIX","description":"","publisher":{"@id":"https:\/\/my.stlflix.com\/#organization"},"potentialAction":[{"@type":"SearchAction","target":{"@type":"EntryPoint","urlTemplate":"https:\/\/my.stlflix.com\/?s={search_term_string}"},"query-input":{"@type":"PropertyValueSpecification","valueRequired":true,"valueName":"search_term_string"}}],"inLanguage":"es-ES"},{"@type":"Organization","@id":"https:\/\/my.stlflix.com\/#organization","name":"MyStore - By STLFLIX","url":"https:\/\/my.stlflix.com\/","logo":{"@type":"ImageObject","inLanguage":"es-ES","@id":"https:\/\/my.stlflix.com\/#\/schema\/logo\/image\/","url":"https:\/\/my.stlflix.com\/wp-content\/uploads\/2024\/06\/logo-mystore.png","contentUrl":"https:\/\/my.stlflix.com\/wp-content\/uploads\/2024\/06\/logo-mystore.png","width":150,"height":41,"caption":"MyStore - By STLFLIX"},"image":{"@id":"https:\/\/my.stlflix.com\/#\/schema\/logo\/image\/"},"sameAs":["https:\/\/www.facebook.com\/STLFLIX","https:\/\/www.instagram.com\/stlflix_\/","https:\/\/www.tiktok.com\/@stlflix"]}]}},"_links":{"self":[{"href":"https:\/\/my.stlflix.com\/es\/wp-json\/wp\/v2\/product\/157453","targetHints":{"allow":["GET"]}}],"collection":[{"href":"https:\/\/my.stlflix.com\/es\/wp-json\/wp\/v2\/product"}],"about":[{"href":"https:\/\/my.stlflix.com\/es\/wp-json\/wp\/v2\/types\/product"}],"replies":[{"embeddable":true,"href":"https:\/\/my.stlflix.com\/es\/wp-json\/wp\/v2\/comments?post=157453"}],"wp:featuredmedia":[{"embeddable":true,"href":"https:\/\/my.stlflix.com\/es\/wp-json\/wp\/v2\/media\/42562"}],"wp:attachment":[{"href":"https:\/\/my.stlflix.com\/es\/wp-json\/wp\/v2\/media?parent=157453"}],"wp:term":[{"taxonomy":"product_brand","embeddable":true,"href":"https:\/\/my.stlflix.com\/es\/wp-json\/wp\/v2\/product_brand?post=157453"},{"taxonomy":"product_cat","embeddable":true,"href":"https:\/\/my.stlflix.com\/es\/wp-json\/wp\/v2\/product_cat?post=157453"},{"taxonomy":"product_tag","embeddable":true,"href":"https:\/\/my.stlflix.com\/es\/wp-json\/wp\/v2\/product_tag?post=157453"}],"curies":[{"name":"wp","href":"https:\/\/api.w.org\/{rel}","templated":true}]}}