{"id":160990,"date":"2024-11-19T02:20:53","date_gmt":"2024-11-19T02:20:53","guid":{"rendered":"https:\/\/my.stlflix.com\/?post_type=product&#038;p=160990"},"modified":"2024-12-22T12:29:23","modified_gmt":"2024-12-22T12:29:23","slug":"kit-cat-yarn-bowl-and-hook-case-673b9dae952ca","status":"publish","type":"product","link":"https:\/\/my.stlflix.com\/es\/product\/kit-cat-yarn-bowl-and-hook-case-673b9dae952ca\/","title":{"rendered":"Organizador de croch\u00ea &#8211; Kit-Cat Yarn Bowl and Hook Case"},"content":{"rendered":"<p>&nbsp;<\/p>\n<h1 id=\"product-name\" class=\"h2 title-line mb-2\" data-store=\"product-name-226395312\">Organizador de croch\u00ea<\/h1>\n<p>&nbsp;<\/p>\n<p><em>Leia a descri\u00e7\u00e3o completa do an\u00fancio para conhecer todos os detalhes do produto<\/em><\/p>\n<p>&nbsp;<\/p>\n<p>Seus novelos de l\u00e3 s\u00e3o objeto constante da aten\u00e7\u00e3o do seu gato? Apresentamos uma solu\u00e7\u00e3o inovadora! Nosso conjunto Kit-Cat \u00e9 a combina\u00e7\u00e3o perfeita entre praticidade e charme. A tigela de l\u00e3 proteger\u00e1 efetivamente seus valiosos recursos das patas do seu animal de estima\u00e7\u00e3o<\/p>\n<p>&nbsp;<\/p>\n<p>Isso evita que o fio role e o mant\u00e9m limpo e facilmente acess\u00edvel.<\/p>\n<p>O design espa\u00e7oso pode acomodar v\u00e1rios novelos de fio, tornando-o ideal para projetos maiores ou para manter diferentes cores organizadas.<\/p>\n<p>Estojo de croch\u00ea com adaptadores intercambi\u00e1veis para agulhas de 3 a 9 mm<\/p>\n<p>&nbsp;<\/p>\n<p><strong>Design pr\u00e1tico:<\/strong> A tigela protege eficazmente os fios dos animais de estima\u00e7\u00e3o.<\/p>\n<p>&nbsp;<\/p>\n<p><strong>Funcionalidade:<\/strong> Estojo de croch\u00ea com adaptadores substitu\u00edveis garante ordem e comodidade.<\/p>\n<p>&nbsp;<\/p>\n<p><strong>Alta qualidade:<\/strong> Feito de material PLA seguro e dur\u00e1vel.<\/p>\n<p>&nbsp;<\/p>\n<p><strong>Presente perfeito<\/strong>: Para amantes de croch\u00ea e donos de animais de estima\u00e7\u00e3o.<\/p>\n<p>&nbsp;<\/p>\n<p>Proteja o seu fio e desfrute do croch\u00ea sem interrup\u00e7\u00f5es!<\/p>\n<p>&nbsp;<\/p>\n<p><strong>Medidas<\/strong><\/p>\n<p>Di\u00e2metro da tigela &#8211; 10cm<br \/>\nComprimento da caixa de croch\u00ea &#8211; 15cm<\/p>\n<p>&nbsp;<\/p>\n<p>Produzido atrav\u00e9s de impress\u00e3o 3D.<\/p>\n<p><strong>Material<\/strong>: Pl\u00e1stico PLA \u00e9 biodegrad\u00e1vel, recicl\u00e1vel, biocompat\u00edvel e compost\u00e1vel. N\u00e3o agride o meio ambiente.<\/p>\n<p>&nbsp;<\/p>\n<p>\u2713\u00a0Manter longe de fontes de calor extremas<\/p>\n<p>&nbsp;<\/p>\n<p><strong>Para Compras no Atacado<\/strong><\/p>\n<p>Por favor, entre em contato conosco diretamente para receber um or\u00e7amento. Estamos \u00e0 disposi\u00e7\u00e3o para ajudar!<\/p>\n<p>&nbsp;<\/p>\n<p><strong>*Nosso tempo necess\u00e1rio para produ\u00e7\u00e3o \u00e9 de 5 dias \u00fateis, podendo variar conforme a demanda.<\/strong><\/p>\n<p><strong>*\u00a0Devido ao m\u00e9todo de fabrica\u00e7\u00e3o por impress\u00e3o 3D, \u00e9 poss\u00edvel que alguns itens exibam pequenas marcas ou texturas sutis, as quais s\u00e3o t\u00edpicas desse processo espec\u00edfico.<\/strong><\/p>\n<p><strong>* As cores podem variar ligeiramente devido \u00e0s configura\u00e7\u00f5es do monitor.<\/strong><\/p>\n","protected":false},"excerpt":{"rendered":"<p>&nbsp; Organizador de croch\u00ea &nbsp; Leia a descri\u00e7\u00e3o completa do an\u00fancio para conhecer todos os detalhes do produto &nbsp; Seus novelos de l\u00e3 s\u00e3o objeto constante da aten\u00e7\u00e3o do seu gato? Apresentamos uma solu\u00e7\u00e3o inovadora! Nosso conjunto Kit-Cat \u00e9 a combina\u00e7\u00e3o perfeita entre praticidade e charme. A tigela de l\u00e3 proteger\u00e1 efetivamente seus valiosos recursos [&hellip;]<\/p>\n","protected":false},"featured_media":161926,"comment_status":"open","ping_status":"closed","template":"","meta":[],"product_brand":[],"product_cat":[21],"product_tag":[3097,817],"class_list":{"0":"post-160990","1":"product","2":"type-product","3":"status-publish","4":"has-post-thumbnail","6":"product_cat-useful-prints","7":"product_tag-costura","8":"product_tag-gato","10":"first","11":"instock","12":"taxable","13":"shipping-taxable","14":"purchasable","15":"product-type-simple"},"yoast_head":"<!-- This site is optimized with the Yoast SEO plugin v25.1 - https:\/\/yoast.com\/wordpress\/plugins\/seo\/ -->\n<title>Organizador de croch\u00ea - Kit-Cat Yarn Bowl and Hook Case - MyStore - By STLFLIX<\/title>\n<meta name=\"robots\" content=\"index, follow, max-snippet:-1, max-image-preview:large, max-video-preview:-1\" \/>\n<link rel=\"canonical\" href=\"https:\/\/my.stlflix.com\/pt-br\/product\/kit-cat-yarn-bowl-and-hook-case-673b9dae952ca\/\" \/>\n<meta property=\"og:locale\" content=\"es_ES\" \/>\n<meta property=\"og:type\" content=\"article\" \/>\n<meta property=\"og:title\" content=\"Organizador de croch\u00ea - Kit-Cat Yarn Bowl and Hook Case - MyStore - By STLFLIX\" \/>\n<meta property=\"og:description\" content=\"&nbsp; Organizador de croch\u00ea &nbsp; Leia a descri\u00e7\u00e3o completa do an\u00fancio para conhecer todos os detalhes do produto &nbsp; Seus novelos de l\u00e3 s\u00e3o objeto constante da aten\u00e7\u00e3o do seu gato? Apresentamos uma solu\u00e7\u00e3o inovadora! Nosso conjunto Kit-Cat \u00e9 a combina\u00e7\u00e3o perfeita entre praticidade e charme. A tigela de l\u00e3 proteger\u00e1 efetivamente seus valiosos recursos [&hellip;]\" \/>\n<meta property=\"og:url\" content=\"https:\/\/my.stlflix.com\/pt-br\/product\/kit-cat-yarn-bowl-and-hook-case-673b9dae952ca\/\" \/>\n<meta property=\"og:site_name\" content=\"MyStore - By STLFLIX\" \/>\n<meta property=\"article:publisher\" content=\"https:\/\/www.facebook.com\/STLFLIX\" \/>\n<meta property=\"article:modified_time\" content=\"2024-12-22T12:29:23+00:00\" \/>\n<meta property=\"og:image\" content=\"https:\/\/my.stlflix.com\/wp-content\/uploads\/2024\/11\/4_5d58e92441.webp\" \/>\n\t<meta property=\"og:image:width\" content=\"700\" \/>\n\t<meta property=\"og:image:height\" content=\"874\" \/>\n\t<meta property=\"og:image:type\" content=\"image\/webp\" \/>\n<meta name=\"twitter:card\" content=\"summary_large_image\" \/>\n<meta name=\"twitter:label1\" content=\"Est. reading time\" \/>\n\t<meta name=\"twitter:data1\" content=\"2 minutes\" \/>\n<script type=\"application\/ld+json\" class=\"yoast-schema-graph\">{\"@context\":\"https:\/\/schema.org\",\"@graph\":[{\"@type\":\"WebPage\",\"@id\":\"https:\/\/my.stlflix.com\/pt-br\/product\/kit-cat-yarn-bowl-and-hook-case-673b9dae952ca\/\",\"url\":\"https:\/\/my.stlflix.com\/pt-br\/product\/kit-cat-yarn-bowl-and-hook-case-673b9dae952ca\/\",\"name\":\"Organizador de croch\u00ea - Kit-Cat Yarn Bowl and Hook Case - MyStore - By STLFLIX\",\"isPartOf\":{\"@id\":\"https:\/\/my.stlflix.com\/#website\"},\"primaryImageOfPage\":{\"@id\":\"https:\/\/my.stlflix.com\/pt-br\/product\/kit-cat-yarn-bowl-and-hook-case-673b9dae952ca\/#primaryimage\"},\"image\":{\"@id\":\"https:\/\/my.stlflix.com\/pt-br\/product\/kit-cat-yarn-bowl-and-hook-case-673b9dae952ca\/#primaryimage\"},\"thumbnailUrl\":\"https:\/\/my.stlflix.com\/wp-content\/uploads\/2024\/11\/4_5d58e92441.webp\",\"datePublished\":\"2024-11-19T02:20:53+00:00\",\"dateModified\":\"2024-12-22T12:29:23+00:00\",\"breadcrumb\":{\"@id\":\"https:\/\/my.stlflix.com\/pt-br\/product\/kit-cat-yarn-bowl-and-hook-case-673b9dae952ca\/#breadcrumb\"},\"inLanguage\":\"es-ES\",\"potentialAction\":[{\"@type\":\"ReadAction\",\"target\":[\"https:\/\/my.stlflix.com\/pt-br\/product\/kit-cat-yarn-bowl-and-hook-case-673b9dae952ca\/\"]}]},{\"@type\":\"ImageObject\",\"inLanguage\":\"es-ES\",\"@id\":\"https:\/\/my.stlflix.com\/pt-br\/product\/kit-cat-yarn-bowl-and-hook-case-673b9dae952ca\/#primaryimage\",\"url\":\"https:\/\/my.stlflix.com\/wp-content\/uploads\/2024\/11\/4_5d58e92441.webp\",\"contentUrl\":\"https:\/\/my.stlflix.com\/wp-content\/uploads\/2024\/11\/4_5d58e92441.webp\",\"width\":700,\"height\":874},{\"@type\":\"BreadcrumbList\",\"@id\":\"https:\/\/my.stlflix.com\/pt-br\/product\/kit-cat-yarn-bowl-and-hook-case-673b9dae952ca\/#breadcrumb\",\"itemListElement\":[{\"@type\":\"ListItem\",\"position\":1,\"name\":\"Home\",\"item\":\"https:\/\/www.stlflix-store.com\/\"},{\"@type\":\"ListItem\",\"position\":2,\"name\":\"Products\",\"item\":\"https:\/\/www.stlflix-store.com\/shop\/\"},{\"@type\":\"ListItem\",\"position\":3,\"name\":\"Organizador de croch\u00ea &#8211; Kit-Cat Yarn Bowl and Hook Case\"}]},{\"@type\":\"WebSite\",\"@id\":\"https:\/\/my.stlflix.com\/#website\",\"url\":\"https:\/\/my.stlflix.com\/\",\"name\":\"MyStore - By STLFLIX\",\"description\":\"\",\"publisher\":{\"@id\":\"https:\/\/my.stlflix.com\/#organization\"},\"potentialAction\":[{\"@type\":\"SearchAction\",\"target\":{\"@type\":\"EntryPoint\",\"urlTemplate\":\"https:\/\/my.stlflix.com\/?s={search_term_string}\"},\"query-input\":{\"@type\":\"PropertyValueSpecification\",\"valueRequired\":true,\"valueName\":\"search_term_string\"}}],\"inLanguage\":\"es-ES\"},{\"@type\":\"Organization\",\"@id\":\"https:\/\/my.stlflix.com\/#organization\",\"name\":\"MyStore - By STLFLIX\",\"url\":\"https:\/\/my.stlflix.com\/\",\"logo\":{\"@type\":\"ImageObject\",\"inLanguage\":\"es-ES\",\"@id\":\"https:\/\/my.stlflix.com\/#\/schema\/logo\/image\/\",\"url\":\"https:\/\/my.stlflix.com\/wp-content\/uploads\/2024\/06\/logo-mystore.png\",\"contentUrl\":\"https:\/\/my.stlflix.com\/wp-content\/uploads\/2024\/06\/logo-mystore.png\",\"width\":150,\"height\":41,\"caption\":\"MyStore - By STLFLIX\"},\"image\":{\"@id\":\"https:\/\/my.stlflix.com\/#\/schema\/logo\/image\/\"},\"sameAs\":[\"https:\/\/www.facebook.com\/STLFLIX\",\"https:\/\/www.instagram.com\/stlflix_\/\",\"https:\/\/www.tiktok.com\/@stlflix\"]}]}<\/script>\n<!-- \/ Yoast SEO plugin. -->","yoast_head_json":{"title":"Organizador de croch\u00ea - Kit-Cat Yarn Bowl and Hook Case - MyStore - By STLFLIX","robots":{"index":"index","follow":"follow","max-snippet":"max-snippet:-1","max-image-preview":"max-image-preview:large","max-video-preview":"max-video-preview:-1"},"canonical":"https:\/\/my.stlflix.com\/pt-br\/product\/kit-cat-yarn-bowl-and-hook-case-673b9dae952ca\/","og_locale":"es_ES","og_type":"article","og_title":"Organizador de croch\u00ea - Kit-Cat Yarn Bowl and Hook Case - MyStore - By STLFLIX","og_description":"&nbsp; Organizador de croch\u00ea &nbsp; Leia a descri\u00e7\u00e3o completa do an\u00fancio para conhecer todos os detalhes do produto &nbsp; Seus novelos de l\u00e3 s\u00e3o objeto constante da aten\u00e7\u00e3o do seu gato? Apresentamos uma solu\u00e7\u00e3o inovadora! Nosso conjunto Kit-Cat \u00e9 a combina\u00e7\u00e3o perfeita entre praticidade e charme. A tigela de l\u00e3 proteger\u00e1 efetivamente seus valiosos recursos [&hellip;]","og_url":"https:\/\/my.stlflix.com\/pt-br\/product\/kit-cat-yarn-bowl-and-hook-case-673b9dae952ca\/","og_site_name":"MyStore - By STLFLIX","article_publisher":"https:\/\/www.facebook.com\/STLFLIX","article_modified_time":"2024-12-22T12:29:23+00:00","og_image":[{"width":700,"height":874,"url":"https:\/\/my.stlflix.com\/wp-content\/uploads\/2024\/11\/4_5d58e92441.webp","type":"image\/webp"}],"twitter_card":"summary_large_image","twitter_misc":{"Est. reading time":"2 minutes"},"schema":{"@context":"https:\/\/schema.org","@graph":[{"@type":"WebPage","@id":"https:\/\/my.stlflix.com\/pt-br\/product\/kit-cat-yarn-bowl-and-hook-case-673b9dae952ca\/","url":"https:\/\/my.stlflix.com\/pt-br\/product\/kit-cat-yarn-bowl-and-hook-case-673b9dae952ca\/","name":"Organizador de croch\u00ea - Kit-Cat Yarn Bowl and Hook Case - MyStore - By STLFLIX","isPartOf":{"@id":"https:\/\/my.stlflix.com\/#website"},"primaryImageOfPage":{"@id":"https:\/\/my.stlflix.com\/pt-br\/product\/kit-cat-yarn-bowl-and-hook-case-673b9dae952ca\/#primaryimage"},"image":{"@id":"https:\/\/my.stlflix.com\/pt-br\/product\/kit-cat-yarn-bowl-and-hook-case-673b9dae952ca\/#primaryimage"},"thumbnailUrl":"https:\/\/my.stlflix.com\/wp-content\/uploads\/2024\/11\/4_5d58e92441.webp","datePublished":"2024-11-19T02:20:53+00:00","dateModified":"2024-12-22T12:29:23+00:00","breadcrumb":{"@id":"https:\/\/my.stlflix.com\/pt-br\/product\/kit-cat-yarn-bowl-and-hook-case-673b9dae952ca\/#breadcrumb"},"inLanguage":"es-ES","potentialAction":[{"@type":"ReadAction","target":["https:\/\/my.stlflix.com\/pt-br\/product\/kit-cat-yarn-bowl-and-hook-case-673b9dae952ca\/"]}]},{"@type":"ImageObject","inLanguage":"es-ES","@id":"https:\/\/my.stlflix.com\/pt-br\/product\/kit-cat-yarn-bowl-and-hook-case-673b9dae952ca\/#primaryimage","url":"https:\/\/my.stlflix.com\/wp-content\/uploads\/2024\/11\/4_5d58e92441.webp","contentUrl":"https:\/\/my.stlflix.com\/wp-content\/uploads\/2024\/11\/4_5d58e92441.webp","width":700,"height":874},{"@type":"BreadcrumbList","@id":"https:\/\/my.stlflix.com\/pt-br\/product\/kit-cat-yarn-bowl-and-hook-case-673b9dae952ca\/#breadcrumb","itemListElement":[{"@type":"ListItem","position":1,"name":"Home","item":"https:\/\/www.stlflix-store.com\/"},{"@type":"ListItem","position":2,"name":"Products","item":"https:\/\/www.stlflix-store.com\/shop\/"},{"@type":"ListItem","position":3,"name":"Organizador de croch\u00ea &#8211; Kit-Cat Yarn Bowl and Hook Case"}]},{"@type":"WebSite","@id":"https:\/\/my.stlflix.com\/#website","url":"https:\/\/my.stlflix.com\/","name":"MyStore - By STLFLIX","description":"","publisher":{"@id":"https:\/\/my.stlflix.com\/#organization"},"potentialAction":[{"@type":"SearchAction","target":{"@type":"EntryPoint","urlTemplate":"https:\/\/my.stlflix.com\/?s={search_term_string}"},"query-input":{"@type":"PropertyValueSpecification","valueRequired":true,"valueName":"search_term_string"}}],"inLanguage":"es-ES"},{"@type":"Organization","@id":"https:\/\/my.stlflix.com\/#organization","name":"MyStore - By STLFLIX","url":"https:\/\/my.stlflix.com\/","logo":{"@type":"ImageObject","inLanguage":"es-ES","@id":"https:\/\/my.stlflix.com\/#\/schema\/logo\/image\/","url":"https:\/\/my.stlflix.com\/wp-content\/uploads\/2024\/06\/logo-mystore.png","contentUrl":"https:\/\/my.stlflix.com\/wp-content\/uploads\/2024\/06\/logo-mystore.png","width":150,"height":41,"caption":"MyStore - By STLFLIX"},"image":{"@id":"https:\/\/my.stlflix.com\/#\/schema\/logo\/image\/"},"sameAs":["https:\/\/www.facebook.com\/STLFLIX","https:\/\/www.instagram.com\/stlflix_\/","https:\/\/www.tiktok.com\/@stlflix"]}]}},"_links":{"self":[{"href":"https:\/\/my.stlflix.com\/es\/wp-json\/wp\/v2\/product\/160990","targetHints":{"allow":["GET"]}}],"collection":[{"href":"https:\/\/my.stlflix.com\/es\/wp-json\/wp\/v2\/product"}],"about":[{"href":"https:\/\/my.stlflix.com\/es\/wp-json\/wp\/v2\/types\/product"}],"replies":[{"embeddable":true,"href":"https:\/\/my.stlflix.com\/es\/wp-json\/wp\/v2\/comments?post=160990"}],"wp:featuredmedia":[{"embeddable":true,"href":"https:\/\/my.stlflix.com\/es\/wp-json\/wp\/v2\/media\/161926"}],"wp:attachment":[{"href":"https:\/\/my.stlflix.com\/es\/wp-json\/wp\/v2\/media?parent=160990"}],"wp:term":[{"taxonomy":"product_brand","embeddable":true,"href":"https:\/\/my.stlflix.com\/es\/wp-json\/wp\/v2\/product_brand?post=160990"},{"taxonomy":"product_cat","embeddable":true,"href":"https:\/\/my.stlflix.com\/es\/wp-json\/wp\/v2\/product_cat?post=160990"},{"taxonomy":"product_tag","embeddable":true,"href":"https:\/\/my.stlflix.com\/es\/wp-json\/wp\/v2\/product_tag?post=160990"}],"curies":[{"name":"wp","href":"https:\/\/api.w.org\/{rel}","templated":true}]}}