{"id":160997,"date":"2024-11-19T01:43:21","date_gmt":"2024-11-19T01:43:21","guid":{"rendered":"https:\/\/my.stlflix.com\/?post_type=product&#038;p=160997"},"modified":"2024-12-22T12:29:24","modified_gmt":"2024-12-22T12:29:24","slug":"viper-tabasco-holder-673b9e0dd1bba","status":"publish","type":"product","link":"https:\/\/my.stlflix.com\/es\/product\/viper-tabasco-holder-673b9e0dd1bba\/","title":{"rendered":"Suporte Pimenta Tabasco Design na impressora 3D \u2013 Cobra Tabasco Holder"},"content":{"rendered":"<h1 id=\"product-name\" class=\"h2 title-line mb-2\" data-store=\"product-name-226395312\">Suporte Pimenta Tabasco Design na impressora 3D \u2013 Cobra Tabasco Holder<\/h1>\n<p><strong>Transforme sua Cozinha com o Suporte para Pimenta Tabasco Polvo!<\/strong><\/p>\n<p>&nbsp;<\/p>\n<p>D\u00ea um toque \u00fanico e divertido \u00e0 sua cozinha com este\u00a0<strong>suporte inovador<\/strong>! Al\u00e9m de\u00a0<strong>pr\u00e1tico<\/strong>, ele mant\u00e9m sua\u00a0<strong>Pimenta Tabasco<\/strong>\u00a0sempre \u00e0 m\u00e3o, enquanto adiciona um\u00a0<strong>charme criativo<\/strong>\u00a0e\u00a0<strong>originalidade<\/strong>\u00a0ao seu espa\u00e7o culin\u00e1rio. O design\u00a0<strong>inspirado no polvo<\/strong>\u00a0traz um ar moderno e tem\u00e1tico, perfeito para amantes de pimentas e decora\u00e7\u00e3o de cozinha.<\/p>\n<p>&nbsp;<\/p>\n<p><strong>Mais que um acess\u00f3rio, \u00e9 uma pe\u00e7a de destaque<\/strong>! Ideal para quem busca\u00a0<strong>funcionalidade<\/strong>\u00a0sem abrir m\u00e3o do estilo. N\u00e3o perca a chance de adicionar um toque de\u00a0<strong>divers\u00e3o e sabor<\/strong>\u00a0ao seu ambiente!<\/p>\n<p>&nbsp;<\/p>\n<p><strong>Ideal para presentear<\/strong><\/p>\n<p>perfeito para\u00a0<strong>amantes da cozinha<\/strong>\u00a0e quem adora um toque especial na decora\u00e7\u00e3o.<\/p>\n<p><em>Leia a descri\u00e7\u00e3o completa do an\u00fancio para conhecer todos os detalhes do produto<\/em><\/p>\n<p>&nbsp;<\/p>\n<p>Produzido atrav\u00e9s de impress\u00e3o 3D.<\/p>\n<p><strong>Material<\/strong>: Pl\u00e1stico PLA \u00e9 biodegrad\u00e1vel, recicl\u00e1vel, biocompat\u00edvel e compost\u00e1vel. N\u00e3o agride o meio ambiente.<\/p>\n<p>&nbsp;<\/p>\n<p>\u2713 Valor referente a 1 unidade<\/p>\n<p>\u2713\u00a0Manter longe de fontes de calor extremas<\/p>\n<p>&nbsp;<\/p>\n<p><strong>Medidas<\/strong><\/p>\n<p>9x11x11<\/p>\n<p>&nbsp;<\/p>\n<p><strong>Para Compras no Atacado<\/strong><\/p>\n<p>Por favor, entre em contato conosco diretamente para receber um or\u00e7amento. Estamos \u00e0 disposi\u00e7\u00e3o para ajudar!<\/p>\n<p>&nbsp;<\/p>\n<p><strong>*Nosso tempo necess\u00e1rio para produ\u00e7\u00e3o \u00e9 de 5 dias \u00fateis, podendo variar conforme a demanda.<\/strong><\/p>\n<p><strong>*\u00a0Devido ao m\u00e9todo de fabrica\u00e7\u00e3o por impress\u00e3o 3D, \u00e9 poss\u00edvel que alguns itens exibam pequenas marcas ou texturas sutis, as quais s\u00e3o t\u00edpicas desse processo espec\u00edfico.<\/strong><\/p>\n<p><strong>* As cores podem variar ligeiramente devido \u00e0s configura\u00e7\u00f5es do monitor.<\/strong><\/p>\n","protected":false},"excerpt":{"rendered":"<p>Suporte Pimenta Tabasco Design na impressora 3D \u2013 Cobra Tabasco Holder Transforme sua Cozinha com o Suporte para Pimenta Tabasco Polvo! &nbsp; D\u00ea um toque \u00fanico e divertido \u00e0 sua cozinha com este\u00a0suporte inovador! Al\u00e9m de\u00a0pr\u00e1tico, ele mant\u00e9m sua\u00a0Pimenta Tabasco\u00a0sempre \u00e0 m\u00e3o, enquanto adiciona um\u00a0charme criativo\u00a0e\u00a0originalidade\u00a0ao seu espa\u00e7o culin\u00e1rio. O design\u00a0inspirado no polvo\u00a0traz um ar [&hellip;]<\/p>\n","protected":false},"featured_media":161715,"comment_status":"open","ping_status":"closed","template":"","meta":[],"product_brand":[],"product_cat":[25],"product_tag":[2395,657],"class_list":{"0":"post-160997","1":"product","2":"type-product","3":"status-publish","4":"has-post-thumbnail","6":"product_cat-home-decor","7":"product_tag-cobra","8":"product_tag-cozinha","10":"first","11":"instock","12":"taxable","13":"shipping-taxable","14":"purchasable","15":"product-type-simple"},"yoast_head":"<!-- This site is optimized with the Yoast SEO plugin v25.1 - https:\/\/yoast.com\/wordpress\/plugins\/seo\/ -->\n<title>Suporte Pimenta Tabasco Design na impressora 3D \u2013 Cobra Tabasco Holder - MyStore - By STLFLIX<\/title>\n<meta name=\"robots\" content=\"index, follow, max-snippet:-1, max-image-preview:large, max-video-preview:-1\" \/>\n<link rel=\"canonical\" href=\"https:\/\/my.stlflix.com\/es\/product\/viper-tabasco-holder-673b9e0dd1bba\/\" \/>\n<meta property=\"og:locale\" content=\"es_ES\" \/>\n<meta property=\"og:type\" content=\"article\" \/>\n<meta property=\"og:title\" content=\"Suporte Pimenta Tabasco Design na impressora 3D \u2013 Cobra Tabasco Holder - MyStore - By STLFLIX\" \/>\n<meta property=\"og:description\" content=\"Suporte Pimenta Tabasco Design na impressora 3D \u2013 Cobra Tabasco Holder Transforme sua Cozinha com o Suporte para Pimenta Tabasco Polvo! &nbsp; D\u00ea um toque \u00fanico e divertido \u00e0 sua cozinha com este\u00a0suporte inovador! Al\u00e9m de\u00a0pr\u00e1tico, ele mant\u00e9m sua\u00a0Pimenta Tabasco\u00a0sempre \u00e0 m\u00e3o, enquanto adiciona um\u00a0charme criativo\u00a0e\u00a0originalidade\u00a0ao seu espa\u00e7o culin\u00e1rio. O design\u00a0inspirado no polvo\u00a0traz um ar [&hellip;]\" \/>\n<meta property=\"og:url\" content=\"https:\/\/my.stlflix.com\/es\/product\/viper-tabasco-holder-673b9e0dd1bba\/\" \/>\n<meta property=\"og:site_name\" content=\"MyStore - By STLFLIX\" \/>\n<meta property=\"article:publisher\" content=\"https:\/\/www.facebook.com\/STLFLIX\" \/>\n<meta property=\"article:modified_time\" content=\"2024-12-22T12:29:24+00:00\" \/>\n<meta property=\"og:image\" content=\"https:\/\/my.stlflix.com\/wp-content\/uploads\/2024\/11\/1_f490b3b786.webp\" \/>\n\t<meta property=\"og:image:width\" content=\"700\" \/>\n\t<meta property=\"og:image:height\" content=\"874\" \/>\n\t<meta property=\"og:image:type\" content=\"image\/webp\" \/>\n<meta name=\"twitter:card\" content=\"summary_large_image\" \/>\n<meta name=\"twitter:label1\" content=\"Est. reading time\" \/>\n\t<meta name=\"twitter:data1\" content=\"1 minute\" \/>\n<script type=\"application\/ld+json\" class=\"yoast-schema-graph\">{\"@context\":\"https:\/\/schema.org\",\"@graph\":[{\"@type\":\"WebPage\",\"@id\":\"https:\/\/my.stlflix.com\/es\/product\/viper-tabasco-holder-673b9e0dd1bba\/\",\"url\":\"https:\/\/my.stlflix.com\/es\/product\/viper-tabasco-holder-673b9e0dd1bba\/\",\"name\":\"Suporte Pimenta Tabasco Design na impressora 3D \u2013 Cobra Tabasco Holder - MyStore - By STLFLIX\",\"isPartOf\":{\"@id\":\"https:\/\/my.stlflix.com\/#website\"},\"primaryImageOfPage\":{\"@id\":\"https:\/\/my.stlflix.com\/es\/product\/viper-tabasco-holder-673b9e0dd1bba\/#primaryimage\"},\"image\":{\"@id\":\"https:\/\/my.stlflix.com\/es\/product\/viper-tabasco-holder-673b9e0dd1bba\/#primaryimage\"},\"thumbnailUrl\":\"https:\/\/my.stlflix.com\/wp-content\/uploads\/2024\/11\/1_f490b3b786.webp\",\"datePublished\":\"2024-11-19T01:43:21+00:00\",\"dateModified\":\"2024-12-22T12:29:24+00:00\",\"breadcrumb\":{\"@id\":\"https:\/\/my.stlflix.com\/es\/product\/viper-tabasco-holder-673b9e0dd1bba\/#breadcrumb\"},\"inLanguage\":\"es-ES\",\"potentialAction\":[{\"@type\":\"ReadAction\",\"target\":[\"https:\/\/my.stlflix.com\/es\/product\/viper-tabasco-holder-673b9e0dd1bba\/\"]}]},{\"@type\":\"ImageObject\",\"inLanguage\":\"es-ES\",\"@id\":\"https:\/\/my.stlflix.com\/es\/product\/viper-tabasco-holder-673b9e0dd1bba\/#primaryimage\",\"url\":\"https:\/\/my.stlflix.com\/wp-content\/uploads\/2024\/11\/1_f490b3b786.webp\",\"contentUrl\":\"https:\/\/my.stlflix.com\/wp-content\/uploads\/2024\/11\/1_f490b3b786.webp\",\"width\":700,\"height\":874},{\"@type\":\"BreadcrumbList\",\"@id\":\"https:\/\/my.stlflix.com\/es\/product\/viper-tabasco-holder-673b9e0dd1bba\/#breadcrumb\",\"itemListElement\":[{\"@type\":\"ListItem\",\"position\":1,\"name\":\"Home\",\"item\":\"https:\/\/www.stlflix-store.com\/\"},{\"@type\":\"ListItem\",\"position\":2,\"name\":\"Products\",\"item\":\"https:\/\/www.stlflix-store.com\/shop\/\"},{\"@type\":\"ListItem\",\"position\":3,\"name\":\"Suporte Pimenta Tabasco Design na impressora 3D \u2013 Cobra Tabasco Holder\"}]},{\"@type\":\"WebSite\",\"@id\":\"https:\/\/my.stlflix.com\/#website\",\"url\":\"https:\/\/my.stlflix.com\/\",\"name\":\"MyStore - By STLFLIX\",\"description\":\"\",\"publisher\":{\"@id\":\"https:\/\/my.stlflix.com\/#organization\"},\"potentialAction\":[{\"@type\":\"SearchAction\",\"target\":{\"@type\":\"EntryPoint\",\"urlTemplate\":\"https:\/\/my.stlflix.com\/?s={search_term_string}\"},\"query-input\":{\"@type\":\"PropertyValueSpecification\",\"valueRequired\":true,\"valueName\":\"search_term_string\"}}],\"inLanguage\":\"es-ES\"},{\"@type\":\"Organization\",\"@id\":\"https:\/\/my.stlflix.com\/#organization\",\"name\":\"MyStore - By STLFLIX\",\"url\":\"https:\/\/my.stlflix.com\/\",\"logo\":{\"@type\":\"ImageObject\",\"inLanguage\":\"es-ES\",\"@id\":\"https:\/\/my.stlflix.com\/#\/schema\/logo\/image\/\",\"url\":\"https:\/\/my.stlflix.com\/wp-content\/uploads\/2024\/06\/logo-mystore.png\",\"contentUrl\":\"https:\/\/my.stlflix.com\/wp-content\/uploads\/2024\/06\/logo-mystore.png\",\"width\":150,\"height\":41,\"caption\":\"MyStore - By STLFLIX\"},\"image\":{\"@id\":\"https:\/\/my.stlflix.com\/#\/schema\/logo\/image\/\"},\"sameAs\":[\"https:\/\/www.facebook.com\/STLFLIX\",\"https:\/\/www.instagram.com\/stlflix_\/\",\"https:\/\/www.tiktok.com\/@stlflix\"]}]}<\/script>\n<!-- \/ Yoast SEO plugin. -->","yoast_head_json":{"title":"Suporte Pimenta Tabasco Design na impressora 3D \u2013 Cobra Tabasco Holder - MyStore - By STLFLIX","robots":{"index":"index","follow":"follow","max-snippet":"max-snippet:-1","max-image-preview":"max-image-preview:large","max-video-preview":"max-video-preview:-1"},"canonical":"https:\/\/my.stlflix.com\/es\/product\/viper-tabasco-holder-673b9e0dd1bba\/","og_locale":"es_ES","og_type":"article","og_title":"Suporte Pimenta Tabasco Design na impressora 3D \u2013 Cobra Tabasco Holder - MyStore - By STLFLIX","og_description":"Suporte Pimenta Tabasco Design na impressora 3D \u2013 Cobra Tabasco Holder Transforme sua Cozinha com o Suporte para Pimenta Tabasco Polvo! &nbsp; D\u00ea um toque \u00fanico e divertido \u00e0 sua cozinha com este\u00a0suporte inovador! Al\u00e9m de\u00a0pr\u00e1tico, ele mant\u00e9m sua\u00a0Pimenta Tabasco\u00a0sempre \u00e0 m\u00e3o, enquanto adiciona um\u00a0charme criativo\u00a0e\u00a0originalidade\u00a0ao seu espa\u00e7o culin\u00e1rio. O design\u00a0inspirado no polvo\u00a0traz um ar [&hellip;]","og_url":"https:\/\/my.stlflix.com\/es\/product\/viper-tabasco-holder-673b9e0dd1bba\/","og_site_name":"MyStore - By STLFLIX","article_publisher":"https:\/\/www.facebook.com\/STLFLIX","article_modified_time":"2024-12-22T12:29:24+00:00","og_image":[{"width":700,"height":874,"url":"https:\/\/my.stlflix.com\/wp-content\/uploads\/2024\/11\/1_f490b3b786.webp","type":"image\/webp"}],"twitter_card":"summary_large_image","twitter_misc":{"Est. reading time":"1 minute"},"schema":{"@context":"https:\/\/schema.org","@graph":[{"@type":"WebPage","@id":"https:\/\/my.stlflix.com\/es\/product\/viper-tabasco-holder-673b9e0dd1bba\/","url":"https:\/\/my.stlflix.com\/es\/product\/viper-tabasco-holder-673b9e0dd1bba\/","name":"Suporte Pimenta Tabasco Design na impressora 3D \u2013 Cobra Tabasco Holder - MyStore - By STLFLIX","isPartOf":{"@id":"https:\/\/my.stlflix.com\/#website"},"primaryImageOfPage":{"@id":"https:\/\/my.stlflix.com\/es\/product\/viper-tabasco-holder-673b9e0dd1bba\/#primaryimage"},"image":{"@id":"https:\/\/my.stlflix.com\/es\/product\/viper-tabasco-holder-673b9e0dd1bba\/#primaryimage"},"thumbnailUrl":"https:\/\/my.stlflix.com\/wp-content\/uploads\/2024\/11\/1_f490b3b786.webp","datePublished":"2024-11-19T01:43:21+00:00","dateModified":"2024-12-22T12:29:24+00:00","breadcrumb":{"@id":"https:\/\/my.stlflix.com\/es\/product\/viper-tabasco-holder-673b9e0dd1bba\/#breadcrumb"},"inLanguage":"es-ES","potentialAction":[{"@type":"ReadAction","target":["https:\/\/my.stlflix.com\/es\/product\/viper-tabasco-holder-673b9e0dd1bba\/"]}]},{"@type":"ImageObject","inLanguage":"es-ES","@id":"https:\/\/my.stlflix.com\/es\/product\/viper-tabasco-holder-673b9e0dd1bba\/#primaryimage","url":"https:\/\/my.stlflix.com\/wp-content\/uploads\/2024\/11\/1_f490b3b786.webp","contentUrl":"https:\/\/my.stlflix.com\/wp-content\/uploads\/2024\/11\/1_f490b3b786.webp","width":700,"height":874},{"@type":"BreadcrumbList","@id":"https:\/\/my.stlflix.com\/es\/product\/viper-tabasco-holder-673b9e0dd1bba\/#breadcrumb","itemListElement":[{"@type":"ListItem","position":1,"name":"Home","item":"https:\/\/www.stlflix-store.com\/"},{"@type":"ListItem","position":2,"name":"Products","item":"https:\/\/www.stlflix-store.com\/shop\/"},{"@type":"ListItem","position":3,"name":"Suporte Pimenta Tabasco Design na impressora 3D \u2013 Cobra Tabasco Holder"}]},{"@type":"WebSite","@id":"https:\/\/my.stlflix.com\/#website","url":"https:\/\/my.stlflix.com\/","name":"MyStore - By STLFLIX","description":"","publisher":{"@id":"https:\/\/my.stlflix.com\/#organization"},"potentialAction":[{"@type":"SearchAction","target":{"@type":"EntryPoint","urlTemplate":"https:\/\/my.stlflix.com\/?s={search_term_string}"},"query-input":{"@type":"PropertyValueSpecification","valueRequired":true,"valueName":"search_term_string"}}],"inLanguage":"es-ES"},{"@type":"Organization","@id":"https:\/\/my.stlflix.com\/#organization","name":"MyStore - By STLFLIX","url":"https:\/\/my.stlflix.com\/","logo":{"@type":"ImageObject","inLanguage":"es-ES","@id":"https:\/\/my.stlflix.com\/#\/schema\/logo\/image\/","url":"https:\/\/my.stlflix.com\/wp-content\/uploads\/2024\/06\/logo-mystore.png","contentUrl":"https:\/\/my.stlflix.com\/wp-content\/uploads\/2024\/06\/logo-mystore.png","width":150,"height":41,"caption":"MyStore - By STLFLIX"},"image":{"@id":"https:\/\/my.stlflix.com\/#\/schema\/logo\/image\/"},"sameAs":["https:\/\/www.facebook.com\/STLFLIX","https:\/\/www.instagram.com\/stlflix_\/","https:\/\/www.tiktok.com\/@stlflix"]}]}},"_links":{"self":[{"href":"https:\/\/my.stlflix.com\/es\/wp-json\/wp\/v2\/product\/160997","targetHints":{"allow":["GET"]}}],"collection":[{"href":"https:\/\/my.stlflix.com\/es\/wp-json\/wp\/v2\/product"}],"about":[{"href":"https:\/\/my.stlflix.com\/es\/wp-json\/wp\/v2\/types\/product"}],"replies":[{"embeddable":true,"href":"https:\/\/my.stlflix.com\/es\/wp-json\/wp\/v2\/comments?post=160997"}],"wp:featuredmedia":[{"embeddable":true,"href":"https:\/\/my.stlflix.com\/es\/wp-json\/wp\/v2\/media\/161715"}],"wp:attachment":[{"href":"https:\/\/my.stlflix.com\/es\/wp-json\/wp\/v2\/media?parent=160997"}],"wp:term":[{"taxonomy":"product_brand","embeddable":true,"href":"https:\/\/my.stlflix.com\/es\/wp-json\/wp\/v2\/product_brand?post=160997"},{"taxonomy":"product_cat","embeddable":true,"href":"https:\/\/my.stlflix.com\/es\/wp-json\/wp\/v2\/product_cat?post=160997"},{"taxonomy":"product_tag","embeddable":true,"href":"https:\/\/my.stlflix.com\/es\/wp-json\/wp\/v2\/product_tag?post=160997"}],"curies":[{"name":"wp","href":"https:\/\/api.w.org\/{rel}","templated":true}]}}