{"id":161017,"date":"2024-11-19T00:37:39","date_gmt":"2024-11-19T00:37:39","guid":{"rendered":"https:\/\/my.stlflix.com\/?post_type=product&#038;p=161017"},"modified":"2024-12-22T12:29:28","modified_gmt":"2024-12-22T12:29:28","slug":"standing-dino-phone-stand-673b9e6ef3d6c","status":"publish","type":"product","link":"https:\/\/my.stlflix.com\/es\/product\/standing-dino-phone-stand-673b9e6ef3d6c\/","title":{"rendered":"Suporte Perfeito para Seu Smartphone &#8211; Standing Dino Phone Stand"},"content":{"rendered":"<h1 class=\"h2 js-product-name h4 h2-md mb-2\" data-store=\"product-name-238699880\">Suporte Perfeito para Seu Smartphone \u2013 Praticidade e Estilo<\/h1>\n<p><em>Leia a descri\u00e7\u00e3o completa do an\u00fancio para conhecer todos os detalhes do produto<\/em><\/p>\n<p><em>Seu celular seguro e f\u00e1cil de acessar, o Suporte de Celular tamb\u00e9m serve como um adorno decorativo que adiciona estilo e personalidade \u00e0 sua mesa.<\/em><\/p>\n<p><em>Ideal para ser usado em\u00a0escrit\u00f3rios, quartos, salas de estar ou em qualquer ambiente que deseje um toque de decora\u00e7\u00e3o contempor\u00e2nea e original. Al\u00e9m disso, \u00e9 uma excelente op\u00e7\u00e3o de presente para amigos e familiares.<\/em><\/p>\n<p>&nbsp;<\/p>\n<p><strong>Material<\/strong>: Pl\u00e1stico PLA \u00e9 biodegrad\u00e1vel, recicl\u00e1vel, biocompat\u00edvel e compost\u00e1vel. N\u00e3o agride o meio ambiente.<\/p>\n<p>&nbsp;<\/p>\n<p>\u2713 Valor referente a 1 unidade<\/p>\n<p>\u2713\u00a0Vaso ideal para ambientes internos!<\/p>\n<p>\u2713\u00a0Manter longe de fontes de calor extremas<\/p>\n<p>&nbsp;<\/p>\n<p><strong>Para Compras no Atacado<\/strong><\/p>\n<p>Por favor, entre em contato conosco diretamente para receber um or\u00e7amento. Estamos \u00e0 disposi\u00e7\u00e3o para ajudar!<\/p>\n<p><strong>Cuidados e Manuten\u00e7\u00e3o<\/strong><\/p>\n<p>Embora o pl\u00e1stico seja resistente ao sol e \u00e0 chuva, o PLA n\u00e3o \u00e9 ideal para exposi\u00e7\u00e3o a raios solares intensos. Portanto, n\u00e3o recomendamos o uso em \u00e1reas externas.<\/p>\n<p>Se voc\u00ea deseja ou precisa de um material mais resistente a temperaturas extremas, como pl\u00e1sticos de alta resist\u00eancia que suportam impactos e quedas, entre em contato conosco. Faremos um produto que atenda \u00e0s suas necessidades.<\/p>\n<p>&nbsp;<\/p>\n<p><strong>*Nosso tempo necess\u00e1rio para produ\u00e7\u00e3o \u00e9 de 5 dias \u00fateis, podendo variar conforme a demanda.<\/strong><\/p>\n<p><strong>*\u00a0Devido ao m\u00e9todo de fabrica\u00e7\u00e3o por impress\u00e3o 3D, \u00e9 poss\u00edvel que alguns itens exibam pequenas marcas ou texturas sutis, as quais s\u00e3o t\u00edpicas desse processo espec\u00edfico.<\/strong><\/p>\n<p><strong>* As cores podem variar ligeiramente devido \u00e0s configura\u00e7\u00f5es do monitor.<\/strong><\/p>\n","protected":false},"excerpt":{"rendered":"<p>Suporte Perfeito para Seu Smartphone \u2013 Praticidade e Estilo Leia a descri\u00e7\u00e3o completa do an\u00fancio para conhecer todos os detalhes do produto Seu celular seguro e f\u00e1cil de acessar, o Suporte de Celular tamb\u00e9m serve como um adorno decorativo que adiciona estilo e personalidade \u00e0 sua mesa. Ideal para ser usado em\u00a0escrit\u00f3rios, quartos, salas de [&hellip;]<\/p>\n","protected":false},"featured_media":161565,"comment_status":"open","ping_status":"closed","template":"","meta":[],"product_brand":[],"product_cat":[19],"product_tag":[426,2616],"class_list":{"0":"post-161017","1":"product","2":"type-product","3":"status-publish","4":"has-post-thumbnail","6":"product_cat-animals","7":"product_tag-dinossauro","8":"product_tag-suporte-de-smartphone","10":"first","11":"instock","12":"taxable","13":"shipping-taxable","14":"purchasable","15":"product-type-simple"},"yoast_head":"<!-- This site is optimized with the Yoast SEO plugin v25.1 - https:\/\/yoast.com\/wordpress\/plugins\/seo\/ -->\n<title>Suporte Perfeito para Seu Smartphone - Standing Dino Phone Stand - MyStore - By STLFLIX<\/title>\n<meta name=\"robots\" content=\"index, follow, max-snippet:-1, max-image-preview:large, max-video-preview:-1\" \/>\n<link rel=\"canonical\" href=\"https:\/\/my.stlflix.com\/tr\/product\/standing-dino-phone-stand-673b9e6ef3d6c\/\" \/>\n<meta property=\"og:locale\" content=\"es_ES\" \/>\n<meta property=\"og:type\" content=\"article\" \/>\n<meta property=\"og:title\" content=\"Suporte Perfeito para Seu Smartphone - Standing Dino Phone Stand - MyStore - By STLFLIX\" \/>\n<meta property=\"og:description\" content=\"Suporte Perfeito para Seu Smartphone \u2013 Praticidade e Estilo Leia a descri\u00e7\u00e3o completa do an\u00fancio para conhecer todos os detalhes do produto Seu celular seguro e f\u00e1cil de acessar, o Suporte de Celular tamb\u00e9m serve como um adorno decorativo que adiciona estilo e personalidade \u00e0 sua mesa. Ideal para ser usado em\u00a0escrit\u00f3rios, quartos, salas de [&hellip;]\" \/>\n<meta property=\"og:url\" content=\"https:\/\/my.stlflix.com\/tr\/product\/standing-dino-phone-stand-673b9e6ef3d6c\/\" \/>\n<meta property=\"og:site_name\" content=\"MyStore - By STLFLIX\" \/>\n<meta property=\"article:publisher\" content=\"https:\/\/www.facebook.com\/STLFLIX\" \/>\n<meta property=\"article:modified_time\" content=\"2024-12-22T12:29:28+00:00\" \/>\n<meta property=\"og:image\" content=\"https:\/\/my.stlflix.com\/wp-content\/uploads\/2024\/11\/1_d3dadbffc7.webp\" \/>\n\t<meta property=\"og:image:width\" content=\"700\" \/>\n\t<meta property=\"og:image:height\" content=\"874\" \/>\n\t<meta property=\"og:image:type\" content=\"image\/webp\" \/>\n<meta name=\"twitter:card\" content=\"summary_large_image\" \/>\n<meta name=\"twitter:label1\" content=\"Est. reading time\" \/>\n\t<meta name=\"twitter:data1\" content=\"1 minute\" \/>\n<script type=\"application\/ld+json\" class=\"yoast-schema-graph\">{\"@context\":\"https:\/\/schema.org\",\"@graph\":[{\"@type\":\"WebPage\",\"@id\":\"https:\/\/my.stlflix.com\/tr\/product\/standing-dino-phone-stand-673b9e6ef3d6c\/\",\"url\":\"https:\/\/my.stlflix.com\/tr\/product\/standing-dino-phone-stand-673b9e6ef3d6c\/\",\"name\":\"Suporte Perfeito para Seu Smartphone - Standing Dino Phone Stand - MyStore - By STLFLIX\",\"isPartOf\":{\"@id\":\"https:\/\/my.stlflix.com\/#website\"},\"primaryImageOfPage\":{\"@id\":\"https:\/\/my.stlflix.com\/tr\/product\/standing-dino-phone-stand-673b9e6ef3d6c\/#primaryimage\"},\"image\":{\"@id\":\"https:\/\/my.stlflix.com\/tr\/product\/standing-dino-phone-stand-673b9e6ef3d6c\/#primaryimage\"},\"thumbnailUrl\":\"https:\/\/my.stlflix.com\/wp-content\/uploads\/2024\/11\/1_d3dadbffc7.webp\",\"datePublished\":\"2024-11-19T00:37:39+00:00\",\"dateModified\":\"2024-12-22T12:29:28+00:00\",\"breadcrumb\":{\"@id\":\"https:\/\/my.stlflix.com\/tr\/product\/standing-dino-phone-stand-673b9e6ef3d6c\/#breadcrumb\"},\"inLanguage\":\"es-ES\",\"potentialAction\":[{\"@type\":\"ReadAction\",\"target\":[\"https:\/\/my.stlflix.com\/tr\/product\/standing-dino-phone-stand-673b9e6ef3d6c\/\"]}]},{\"@type\":\"ImageObject\",\"inLanguage\":\"es-ES\",\"@id\":\"https:\/\/my.stlflix.com\/tr\/product\/standing-dino-phone-stand-673b9e6ef3d6c\/#primaryimage\",\"url\":\"https:\/\/my.stlflix.com\/wp-content\/uploads\/2024\/11\/1_d3dadbffc7.webp\",\"contentUrl\":\"https:\/\/my.stlflix.com\/wp-content\/uploads\/2024\/11\/1_d3dadbffc7.webp\",\"width\":700,\"height\":874},{\"@type\":\"BreadcrumbList\",\"@id\":\"https:\/\/my.stlflix.com\/tr\/product\/standing-dino-phone-stand-673b9e6ef3d6c\/#breadcrumb\",\"itemListElement\":[{\"@type\":\"ListItem\",\"position\":1,\"name\":\"Home\",\"item\":\"https:\/\/www.stlflix-store.com\/\"},{\"@type\":\"ListItem\",\"position\":2,\"name\":\"Products\",\"item\":\"https:\/\/www.stlflix-store.com\/shop\/\"},{\"@type\":\"ListItem\",\"position\":3,\"name\":\"Suporte Perfeito para Seu Smartphone &#8211; Standing Dino Phone Stand\"}]},{\"@type\":\"WebSite\",\"@id\":\"https:\/\/my.stlflix.com\/#website\",\"url\":\"https:\/\/my.stlflix.com\/\",\"name\":\"MyStore - By STLFLIX\",\"description\":\"\",\"publisher\":{\"@id\":\"https:\/\/my.stlflix.com\/#organization\"},\"potentialAction\":[{\"@type\":\"SearchAction\",\"target\":{\"@type\":\"EntryPoint\",\"urlTemplate\":\"https:\/\/my.stlflix.com\/?s={search_term_string}\"},\"query-input\":{\"@type\":\"PropertyValueSpecification\",\"valueRequired\":true,\"valueName\":\"search_term_string\"}}],\"inLanguage\":\"es-ES\"},{\"@type\":\"Organization\",\"@id\":\"https:\/\/my.stlflix.com\/#organization\",\"name\":\"MyStore - By STLFLIX\",\"url\":\"https:\/\/my.stlflix.com\/\",\"logo\":{\"@type\":\"ImageObject\",\"inLanguage\":\"es-ES\",\"@id\":\"https:\/\/my.stlflix.com\/#\/schema\/logo\/image\/\",\"url\":\"https:\/\/my.stlflix.com\/wp-content\/uploads\/2024\/06\/logo-mystore.png\",\"contentUrl\":\"https:\/\/my.stlflix.com\/wp-content\/uploads\/2024\/06\/logo-mystore.png\",\"width\":150,\"height\":41,\"caption\":\"MyStore - By STLFLIX\"},\"image\":{\"@id\":\"https:\/\/my.stlflix.com\/#\/schema\/logo\/image\/\"},\"sameAs\":[\"https:\/\/www.facebook.com\/STLFLIX\",\"https:\/\/www.instagram.com\/stlflix_\/\",\"https:\/\/www.tiktok.com\/@stlflix\"]}]}<\/script>\n<!-- \/ Yoast SEO plugin. -->","yoast_head_json":{"title":"Suporte Perfeito para Seu Smartphone - Standing Dino Phone Stand - MyStore - By STLFLIX","robots":{"index":"index","follow":"follow","max-snippet":"max-snippet:-1","max-image-preview":"max-image-preview:large","max-video-preview":"max-video-preview:-1"},"canonical":"https:\/\/my.stlflix.com\/tr\/product\/standing-dino-phone-stand-673b9e6ef3d6c\/","og_locale":"es_ES","og_type":"article","og_title":"Suporte Perfeito para Seu Smartphone - Standing Dino Phone Stand - MyStore - By STLFLIX","og_description":"Suporte Perfeito para Seu Smartphone \u2013 Praticidade e Estilo Leia a descri\u00e7\u00e3o completa do an\u00fancio para conhecer todos os detalhes do produto Seu celular seguro e f\u00e1cil de acessar, o Suporte de Celular tamb\u00e9m serve como um adorno decorativo que adiciona estilo e personalidade \u00e0 sua mesa. Ideal para ser usado em\u00a0escrit\u00f3rios, quartos, salas de [&hellip;]","og_url":"https:\/\/my.stlflix.com\/tr\/product\/standing-dino-phone-stand-673b9e6ef3d6c\/","og_site_name":"MyStore - By STLFLIX","article_publisher":"https:\/\/www.facebook.com\/STLFLIX","article_modified_time":"2024-12-22T12:29:28+00:00","og_image":[{"width":700,"height":874,"url":"https:\/\/my.stlflix.com\/wp-content\/uploads\/2024\/11\/1_d3dadbffc7.webp","type":"image\/webp"}],"twitter_card":"summary_large_image","twitter_misc":{"Est. reading time":"1 minute"},"schema":{"@context":"https:\/\/schema.org","@graph":[{"@type":"WebPage","@id":"https:\/\/my.stlflix.com\/tr\/product\/standing-dino-phone-stand-673b9e6ef3d6c\/","url":"https:\/\/my.stlflix.com\/tr\/product\/standing-dino-phone-stand-673b9e6ef3d6c\/","name":"Suporte Perfeito para Seu Smartphone - Standing Dino Phone Stand - MyStore - By STLFLIX","isPartOf":{"@id":"https:\/\/my.stlflix.com\/#website"},"primaryImageOfPage":{"@id":"https:\/\/my.stlflix.com\/tr\/product\/standing-dino-phone-stand-673b9e6ef3d6c\/#primaryimage"},"image":{"@id":"https:\/\/my.stlflix.com\/tr\/product\/standing-dino-phone-stand-673b9e6ef3d6c\/#primaryimage"},"thumbnailUrl":"https:\/\/my.stlflix.com\/wp-content\/uploads\/2024\/11\/1_d3dadbffc7.webp","datePublished":"2024-11-19T00:37:39+00:00","dateModified":"2024-12-22T12:29:28+00:00","breadcrumb":{"@id":"https:\/\/my.stlflix.com\/tr\/product\/standing-dino-phone-stand-673b9e6ef3d6c\/#breadcrumb"},"inLanguage":"es-ES","potentialAction":[{"@type":"ReadAction","target":["https:\/\/my.stlflix.com\/tr\/product\/standing-dino-phone-stand-673b9e6ef3d6c\/"]}]},{"@type":"ImageObject","inLanguage":"es-ES","@id":"https:\/\/my.stlflix.com\/tr\/product\/standing-dino-phone-stand-673b9e6ef3d6c\/#primaryimage","url":"https:\/\/my.stlflix.com\/wp-content\/uploads\/2024\/11\/1_d3dadbffc7.webp","contentUrl":"https:\/\/my.stlflix.com\/wp-content\/uploads\/2024\/11\/1_d3dadbffc7.webp","width":700,"height":874},{"@type":"BreadcrumbList","@id":"https:\/\/my.stlflix.com\/tr\/product\/standing-dino-phone-stand-673b9e6ef3d6c\/#breadcrumb","itemListElement":[{"@type":"ListItem","position":1,"name":"Home","item":"https:\/\/www.stlflix-store.com\/"},{"@type":"ListItem","position":2,"name":"Products","item":"https:\/\/www.stlflix-store.com\/shop\/"},{"@type":"ListItem","position":3,"name":"Suporte Perfeito para Seu Smartphone &#8211; Standing Dino Phone Stand"}]},{"@type":"WebSite","@id":"https:\/\/my.stlflix.com\/#website","url":"https:\/\/my.stlflix.com\/","name":"MyStore - By STLFLIX","description":"","publisher":{"@id":"https:\/\/my.stlflix.com\/#organization"},"potentialAction":[{"@type":"SearchAction","target":{"@type":"EntryPoint","urlTemplate":"https:\/\/my.stlflix.com\/?s={search_term_string}"},"query-input":{"@type":"PropertyValueSpecification","valueRequired":true,"valueName":"search_term_string"}}],"inLanguage":"es-ES"},{"@type":"Organization","@id":"https:\/\/my.stlflix.com\/#organization","name":"MyStore - By STLFLIX","url":"https:\/\/my.stlflix.com\/","logo":{"@type":"ImageObject","inLanguage":"es-ES","@id":"https:\/\/my.stlflix.com\/#\/schema\/logo\/image\/","url":"https:\/\/my.stlflix.com\/wp-content\/uploads\/2024\/06\/logo-mystore.png","contentUrl":"https:\/\/my.stlflix.com\/wp-content\/uploads\/2024\/06\/logo-mystore.png","width":150,"height":41,"caption":"MyStore - By STLFLIX"},"image":{"@id":"https:\/\/my.stlflix.com\/#\/schema\/logo\/image\/"},"sameAs":["https:\/\/www.facebook.com\/STLFLIX","https:\/\/www.instagram.com\/stlflix_\/","https:\/\/www.tiktok.com\/@stlflix"]}]}},"_links":{"self":[{"href":"https:\/\/my.stlflix.com\/es\/wp-json\/wp\/v2\/product\/161017","targetHints":{"allow":["GET"]}}],"collection":[{"href":"https:\/\/my.stlflix.com\/es\/wp-json\/wp\/v2\/product"}],"about":[{"href":"https:\/\/my.stlflix.com\/es\/wp-json\/wp\/v2\/types\/product"}],"replies":[{"embeddable":true,"href":"https:\/\/my.stlflix.com\/es\/wp-json\/wp\/v2\/comments?post=161017"}],"wp:featuredmedia":[{"embeddable":true,"href":"https:\/\/my.stlflix.com\/es\/wp-json\/wp\/v2\/media\/161565"}],"wp:attachment":[{"href":"https:\/\/my.stlflix.com\/es\/wp-json\/wp\/v2\/media?parent=161017"}],"wp:term":[{"taxonomy":"product_brand","embeddable":true,"href":"https:\/\/my.stlflix.com\/es\/wp-json\/wp\/v2\/product_brand?post=161017"},{"taxonomy":"product_cat","embeddable":true,"href":"https:\/\/my.stlflix.com\/es\/wp-json\/wp\/v2\/product_cat?post=161017"},{"taxonomy":"product_tag","embeddable":true,"href":"https:\/\/my.stlflix.com\/es\/wp-json\/wp\/v2\/product_tag?post=161017"}],"curies":[{"name":"wp","href":"https:\/\/api.w.org\/{rel}","templated":true}]}}