{"id":161019,"date":"2024-11-19T01:07:28","date_gmt":"2024-11-19T01:07:28","guid":{"rendered":"https:\/\/my.stlflix.com\/?post_type=product&#038;p=161019"},"modified":"2024-12-22T12:29:29","modified_gmt":"2024-12-22T12:29:29","slug":"hold-my-coat-rex-673b9e87a58b8","status":"publish","type":"product","link":"https:\/\/my.stlflix.com\/es\/product\/hold-my-coat-rex-673b9e87a58b8\/","title":{"rendered":"Cabideiro Dinossauro T-Rex Design na impressora 3D &#8211; Hold my CoaT-Rex"},"content":{"rendered":"<h1 class=\"h2 js-product-name h4 h2-md mb-2\" data-store=\"product-name-238699880\">Cabideiro Design na impressora 3D<\/h1>\n<p><strong>Cabideiro, porta chave,\u00a0<\/strong><strong>adorno ou o que a sua criatividade pulsar a\u00ed ^^<\/strong><\/p>\n<p>&nbsp;<\/p>\n<p><em>Leia a descri\u00e7\u00e3o completa do an\u00fancio para conhecer todos os detalhes do produto<\/em><\/p>\n<p>&nbsp;<\/p>\n<p>Produzido atrav\u00e9s de impress\u00e3o 3D.<\/p>\n<p><strong>Material<\/strong>: Pl\u00e1stico PLA \u00e9 biodegrad\u00e1vel, recicl\u00e1vel, biocompat\u00edvel e compost\u00e1vel. N\u00e3o agride o meio ambiente.<\/p>\n<p>&nbsp;<\/p>\n<p>\u2713 Valor referente a 1 unidade<\/p>\n<p>\u2713\u00a0Manter longe de fontes de calor extremas<\/p>\n<p>&nbsp;<\/p>\n<p style=\"font-weight: 400\"><strong>Medidas<\/strong><\/p>\n<p style=\"font-weight: 400\">11cm de altura, 14 largura<\/p>\n<p>&nbsp;<\/p>\n<p><strong>Para Compras no Atacado<\/strong><\/p>\n<p>Por favor, entre em contato conosco diretamente para receber um or\u00e7amento. Estamos \u00e0 disposi\u00e7\u00e3o para ajudar!<\/p>\n<p>&nbsp;<\/p>\n<p><strong>*Nosso tempo necess\u00e1rio para produ\u00e7\u00e3o \u00e9 de 5 dias \u00fateis, podendo variar conforme a demanda.<\/strong><\/p>\n<p><strong>*\u00a0Devido ao m\u00e9todo de fabrica\u00e7\u00e3o por impress\u00e3o 3D, \u00e9 poss\u00edvel que alguns itens exibam pequenas marcas ou texturas sutis, as quais s\u00e3o t\u00edpicas desse processo espec\u00edfico.<\/strong><\/p>\n<p><strong>* As cores podem variar ligeiramente devido \u00e0s configura\u00e7\u00f5es do monitor.<\/strong><\/p>\n","protected":false},"excerpt":{"rendered":"<p>Cabideiro Design na impressora 3D Cabideiro, porta chave,\u00a0adorno ou o que a sua criatividade pulsar a\u00ed ^^ &nbsp; Leia a descri\u00e7\u00e3o completa do an\u00fancio para conhecer todos os detalhes do produto &nbsp; Produzido atrav\u00e9s de impress\u00e3o 3D. Material: Pl\u00e1stico PLA \u00e9 biodegrad\u00e1vel, recicl\u00e1vel, biocompat\u00edvel e compost\u00e1vel. N\u00e3o agride o meio ambiente. &nbsp; \u2713 Valor referente [&hellip;]<\/p>\n","protected":false},"featured_media":161637,"comment_status":"open","ping_status":"closed","template":"","meta":[],"product_brand":[],"product_cat":[19],"product_tag":[3095,3167,426,2620],"class_list":{"0":"post-161019","1":"product","2":"type-product","3":"status-publish","4":"has-post-thumbnail","6":"product_cat-animals","7":"product_tag-cabideiro","8":"product_tag-curadoria","9":"product_tag-dinossauro","10":"product_tag-suporte-de-headphone","12":"first","13":"instock","14":"taxable","15":"shipping-taxable","16":"purchasable","17":"product-type-simple"},"yoast_head":"<!-- This site is optimized with the Yoast SEO plugin v25.1 - https:\/\/yoast.com\/wordpress\/plugins\/seo\/ -->\n<title>Cabideiro Dinossauro T-Rex Design na impressora 3D - Hold my CoaT-Rex - MyStore - By STLFLIX<\/title>\n<meta name=\"robots\" content=\"index, follow, max-snippet:-1, max-image-preview:large, max-video-preview:-1\" \/>\n<link rel=\"canonical\" href=\"https:\/\/www.monitorstlflix.online\/product\/hold-my-coat-rex-673b9e87a58b8\/\" \/>\n<meta property=\"og:locale\" content=\"es_ES\" \/>\n<meta property=\"og:type\" content=\"article\" \/>\n<meta property=\"og:title\" content=\"Cabideiro Dinossauro T-Rex Design na impressora 3D - Hold my CoaT-Rex - MyStore - By STLFLIX\" \/>\n<meta property=\"og:description\" content=\"Cabideiro Design na impressora 3D Cabideiro, porta chave,\u00a0adorno ou o que a sua criatividade pulsar a\u00ed ^^ &nbsp; Leia a descri\u00e7\u00e3o completa do an\u00fancio para conhecer todos os detalhes do produto &nbsp; Produzido atrav\u00e9s de impress\u00e3o 3D. Material: Pl\u00e1stico PLA \u00e9 biodegrad\u00e1vel, recicl\u00e1vel, biocompat\u00edvel e compost\u00e1vel. N\u00e3o agride o meio ambiente. &nbsp; \u2713 Valor referente [&hellip;]\" \/>\n<meta property=\"og:url\" content=\"https:\/\/www.monitorstlflix.online\/product\/hold-my-coat-rex-673b9e87a58b8\/\" \/>\n<meta property=\"og:site_name\" content=\"MyStore - By STLFLIX\" \/>\n<meta property=\"article:publisher\" content=\"https:\/\/www.facebook.com\/STLFLIX\" \/>\n<meta property=\"article:modified_time\" content=\"2024-12-22T12:29:29+00:00\" \/>\n<meta property=\"og:image\" content=\"https:\/\/www.monitorstlflix.online\/wp-content\/uploads\/2024\/11\/Hold_my_Coa_T_Rex_1_bae5eaeb57.webp\" \/>\n\t<meta property=\"og:image:width\" content=\"700\" \/>\n\t<meta property=\"og:image:height\" content=\"874\" \/>\n\t<meta property=\"og:image:type\" content=\"image\/webp\" \/>\n<meta name=\"twitter:card\" content=\"summary_large_image\" \/>\n<meta name=\"twitter:label1\" content=\"Est. reading time\" \/>\n\t<meta name=\"twitter:data1\" content=\"1 minute\" \/>\n<script type=\"application\/ld+json\" class=\"yoast-schema-graph\">{\"@context\":\"https:\/\/schema.org\",\"@graph\":[{\"@type\":\"WebPage\",\"@id\":\"https:\/\/www.monitorstlflix.online\/product\/hold-my-coat-rex-673b9e87a58b8\/\",\"url\":\"https:\/\/www.monitorstlflix.online\/product\/hold-my-coat-rex-673b9e87a58b8\/\",\"name\":\"Cabideiro Dinossauro T-Rex Design na impressora 3D - Hold my CoaT-Rex - MyStore - By STLFLIX\",\"isPartOf\":{\"@id\":\"https:\/\/my.stlflix.com\/#website\"},\"primaryImageOfPage\":{\"@id\":\"https:\/\/www.monitorstlflix.online\/product\/hold-my-coat-rex-673b9e87a58b8\/#primaryimage\"},\"image\":{\"@id\":\"https:\/\/www.monitorstlflix.online\/product\/hold-my-coat-rex-673b9e87a58b8\/#primaryimage\"},\"thumbnailUrl\":\"https:\/\/my.stlflix.com\/wp-content\/uploads\/2024\/11\/Hold_my_Coa_T_Rex_1_bae5eaeb57.webp\",\"datePublished\":\"2024-11-19T01:07:28+00:00\",\"dateModified\":\"2024-12-22T12:29:29+00:00\",\"breadcrumb\":{\"@id\":\"https:\/\/www.monitorstlflix.online\/product\/hold-my-coat-rex-673b9e87a58b8\/#breadcrumb\"},\"inLanguage\":\"es-ES\",\"potentialAction\":[{\"@type\":\"ReadAction\",\"target\":[\"https:\/\/www.monitorstlflix.online\/product\/hold-my-coat-rex-673b9e87a58b8\/\"]}]},{\"@type\":\"ImageObject\",\"inLanguage\":\"es-ES\",\"@id\":\"https:\/\/www.monitorstlflix.online\/product\/hold-my-coat-rex-673b9e87a58b8\/#primaryimage\",\"url\":\"https:\/\/my.stlflix.com\/wp-content\/uploads\/2024\/11\/Hold_my_Coa_T_Rex_1_bae5eaeb57.webp\",\"contentUrl\":\"https:\/\/my.stlflix.com\/wp-content\/uploads\/2024\/11\/Hold_my_Coa_T_Rex_1_bae5eaeb57.webp\",\"width\":700,\"height\":874},{\"@type\":\"BreadcrumbList\",\"@id\":\"https:\/\/www.monitorstlflix.online\/product\/hold-my-coat-rex-673b9e87a58b8\/#breadcrumb\",\"itemListElement\":[{\"@type\":\"ListItem\",\"position\":1,\"name\":\"Home\",\"item\":\"https:\/\/www.stlflix-store.com\/\"},{\"@type\":\"ListItem\",\"position\":2,\"name\":\"Products\",\"item\":\"https:\/\/www.stlflix-store.com\/shop\/\"},{\"@type\":\"ListItem\",\"position\":3,\"name\":\"Cabideiro Dinossauro T-Rex Design na impressora 3D &#8211; Hold my CoaT-Rex\"}]},{\"@type\":\"WebSite\",\"@id\":\"https:\/\/my.stlflix.com\/#website\",\"url\":\"https:\/\/my.stlflix.com\/\",\"name\":\"MyStore - By STLFLIX\",\"description\":\"\",\"publisher\":{\"@id\":\"https:\/\/my.stlflix.com\/#organization\"},\"potentialAction\":[{\"@type\":\"SearchAction\",\"target\":{\"@type\":\"EntryPoint\",\"urlTemplate\":\"https:\/\/my.stlflix.com\/?s={search_term_string}\"},\"query-input\":{\"@type\":\"PropertyValueSpecification\",\"valueRequired\":true,\"valueName\":\"search_term_string\"}}],\"inLanguage\":\"es-ES\"},{\"@type\":\"Organization\",\"@id\":\"https:\/\/my.stlflix.com\/#organization\",\"name\":\"MyStore - By STLFLIX\",\"url\":\"https:\/\/my.stlflix.com\/\",\"logo\":{\"@type\":\"ImageObject\",\"inLanguage\":\"es-ES\",\"@id\":\"https:\/\/my.stlflix.com\/#\/schema\/logo\/image\/\",\"url\":\"https:\/\/my.stlflix.com\/wp-content\/uploads\/2024\/06\/logo-mystore.png\",\"contentUrl\":\"https:\/\/my.stlflix.com\/wp-content\/uploads\/2024\/06\/logo-mystore.png\",\"width\":150,\"height\":41,\"caption\":\"MyStore - By STLFLIX\"},\"image\":{\"@id\":\"https:\/\/my.stlflix.com\/#\/schema\/logo\/image\/\"},\"sameAs\":[\"https:\/\/www.facebook.com\/STLFLIX\",\"https:\/\/www.instagram.com\/stlflix_\/\",\"https:\/\/www.tiktok.com\/@stlflix\"]}]}<\/script>\n<!-- \/ Yoast SEO plugin. -->","yoast_head_json":{"title":"Cabideiro Dinossauro T-Rex Design na impressora 3D - Hold my CoaT-Rex - MyStore - By STLFLIX","robots":{"index":"index","follow":"follow","max-snippet":"max-snippet:-1","max-image-preview":"max-image-preview:large","max-video-preview":"max-video-preview:-1"},"canonical":"https:\/\/www.monitorstlflix.online\/product\/hold-my-coat-rex-673b9e87a58b8\/","og_locale":"es_ES","og_type":"article","og_title":"Cabideiro Dinossauro T-Rex Design na impressora 3D - Hold my CoaT-Rex - MyStore - By STLFLIX","og_description":"Cabideiro Design na impressora 3D Cabideiro, porta chave,\u00a0adorno ou o que a sua criatividade pulsar a\u00ed ^^ &nbsp; Leia a descri\u00e7\u00e3o completa do an\u00fancio para conhecer todos os detalhes do produto &nbsp; Produzido atrav\u00e9s de impress\u00e3o 3D. Material: Pl\u00e1stico PLA \u00e9 biodegrad\u00e1vel, recicl\u00e1vel, biocompat\u00edvel e compost\u00e1vel. N\u00e3o agride o meio ambiente. &nbsp; \u2713 Valor referente [&hellip;]","og_url":"https:\/\/www.monitorstlflix.online\/product\/hold-my-coat-rex-673b9e87a58b8\/","og_site_name":"MyStore - By STLFLIX","article_publisher":"https:\/\/www.facebook.com\/STLFLIX","article_modified_time":"2024-12-22T12:29:29+00:00","og_image":[{"width":700,"height":874,"url":"https:\/\/www.monitorstlflix.online\/wp-content\/uploads\/2024\/11\/Hold_my_Coa_T_Rex_1_bae5eaeb57.webp","type":"image\/webp"}],"twitter_card":"summary_large_image","twitter_misc":{"Est. reading time":"1 minute"},"schema":{"@context":"https:\/\/schema.org","@graph":[{"@type":"WebPage","@id":"https:\/\/www.monitorstlflix.online\/product\/hold-my-coat-rex-673b9e87a58b8\/","url":"https:\/\/www.monitorstlflix.online\/product\/hold-my-coat-rex-673b9e87a58b8\/","name":"Cabideiro Dinossauro T-Rex Design na impressora 3D - Hold my CoaT-Rex - MyStore - By STLFLIX","isPartOf":{"@id":"https:\/\/my.stlflix.com\/#website"},"primaryImageOfPage":{"@id":"https:\/\/www.monitorstlflix.online\/product\/hold-my-coat-rex-673b9e87a58b8\/#primaryimage"},"image":{"@id":"https:\/\/www.monitorstlflix.online\/product\/hold-my-coat-rex-673b9e87a58b8\/#primaryimage"},"thumbnailUrl":"https:\/\/my.stlflix.com\/wp-content\/uploads\/2024\/11\/Hold_my_Coa_T_Rex_1_bae5eaeb57.webp","datePublished":"2024-11-19T01:07:28+00:00","dateModified":"2024-12-22T12:29:29+00:00","breadcrumb":{"@id":"https:\/\/www.monitorstlflix.online\/product\/hold-my-coat-rex-673b9e87a58b8\/#breadcrumb"},"inLanguage":"es-ES","potentialAction":[{"@type":"ReadAction","target":["https:\/\/www.monitorstlflix.online\/product\/hold-my-coat-rex-673b9e87a58b8\/"]}]},{"@type":"ImageObject","inLanguage":"es-ES","@id":"https:\/\/www.monitorstlflix.online\/product\/hold-my-coat-rex-673b9e87a58b8\/#primaryimage","url":"https:\/\/my.stlflix.com\/wp-content\/uploads\/2024\/11\/Hold_my_Coa_T_Rex_1_bae5eaeb57.webp","contentUrl":"https:\/\/my.stlflix.com\/wp-content\/uploads\/2024\/11\/Hold_my_Coa_T_Rex_1_bae5eaeb57.webp","width":700,"height":874},{"@type":"BreadcrumbList","@id":"https:\/\/www.monitorstlflix.online\/product\/hold-my-coat-rex-673b9e87a58b8\/#breadcrumb","itemListElement":[{"@type":"ListItem","position":1,"name":"Home","item":"https:\/\/www.stlflix-store.com\/"},{"@type":"ListItem","position":2,"name":"Products","item":"https:\/\/www.stlflix-store.com\/shop\/"},{"@type":"ListItem","position":3,"name":"Cabideiro Dinossauro T-Rex Design na impressora 3D &#8211; Hold my CoaT-Rex"}]},{"@type":"WebSite","@id":"https:\/\/my.stlflix.com\/#website","url":"https:\/\/my.stlflix.com\/","name":"MyStore - By STLFLIX","description":"","publisher":{"@id":"https:\/\/my.stlflix.com\/#organization"},"potentialAction":[{"@type":"SearchAction","target":{"@type":"EntryPoint","urlTemplate":"https:\/\/my.stlflix.com\/?s={search_term_string}"},"query-input":{"@type":"PropertyValueSpecification","valueRequired":true,"valueName":"search_term_string"}}],"inLanguage":"es-ES"},{"@type":"Organization","@id":"https:\/\/my.stlflix.com\/#organization","name":"MyStore - By STLFLIX","url":"https:\/\/my.stlflix.com\/","logo":{"@type":"ImageObject","inLanguage":"es-ES","@id":"https:\/\/my.stlflix.com\/#\/schema\/logo\/image\/","url":"https:\/\/my.stlflix.com\/wp-content\/uploads\/2024\/06\/logo-mystore.png","contentUrl":"https:\/\/my.stlflix.com\/wp-content\/uploads\/2024\/06\/logo-mystore.png","width":150,"height":41,"caption":"MyStore - By STLFLIX"},"image":{"@id":"https:\/\/my.stlflix.com\/#\/schema\/logo\/image\/"},"sameAs":["https:\/\/www.facebook.com\/STLFLIX","https:\/\/www.instagram.com\/stlflix_\/","https:\/\/www.tiktok.com\/@stlflix"]}]}},"_links":{"self":[{"href":"https:\/\/my.stlflix.com\/es\/wp-json\/wp\/v2\/product\/161019","targetHints":{"allow":["GET"]}}],"collection":[{"href":"https:\/\/my.stlflix.com\/es\/wp-json\/wp\/v2\/product"}],"about":[{"href":"https:\/\/my.stlflix.com\/es\/wp-json\/wp\/v2\/types\/product"}],"replies":[{"embeddable":true,"href":"https:\/\/my.stlflix.com\/es\/wp-json\/wp\/v2\/comments?post=161019"}],"wp:featuredmedia":[{"embeddable":true,"href":"https:\/\/my.stlflix.com\/es\/wp-json\/wp\/v2\/media\/161637"}],"wp:attachment":[{"href":"https:\/\/my.stlflix.com\/es\/wp-json\/wp\/v2\/media?parent=161019"}],"wp:term":[{"taxonomy":"product_brand","embeddable":true,"href":"https:\/\/my.stlflix.com\/es\/wp-json\/wp\/v2\/product_brand?post=161019"},{"taxonomy":"product_cat","embeddable":true,"href":"https:\/\/my.stlflix.com\/es\/wp-json\/wp\/v2\/product_cat?post=161019"},{"taxonomy":"product_tag","embeddable":true,"href":"https:\/\/my.stlflix.com\/es\/wp-json\/wp\/v2\/product_tag?post=161019"}],"curies":[{"name":"wp","href":"https:\/\/api.w.org\/{rel}","templated":true}]}}