{"id":163064,"date":"2024-12-04T09:14:59","date_gmt":"2024-12-04T09:14:59","guid":{"rendered":"https:\/\/my.stlflix.com\/?post_type=product&#038;p=163064"},"modified":"2025-01-23T20:02:23","modified_gmt":"2025-01-23T20:02:23","slug":"cute-flexi-clownfish-673ceb8bcbd78","status":"publish","type":"product","link":"https:\/\/my.stlflix.com\/es\/product\/cute-flexi-clownfish-673ceb8bcbd78\/","title":{"rendered":"Wiggly Nemo"},"content":{"rendered":"<p><span id=\"wpaicg-chat-message-63327\" class=\"wpaicg-chat-message\">Der wiggly Clownfisch Nemo ist ein charmantes 3D-gedrucktes Accessoire, das sowohl als Schl\u00fcsselanh\u00e4nger als auch als K\u00fchlschrankmagnet erh\u00e4ltlich ist.<\/span><\/p>\n<p><span id=\"wpaicg-chat-message-63327\" class=\"wpaicg-chat-message\">Hergestellt aus hochwertigem PLA, einem umweltfreundlichen und biologisch abbaubaren Material, vereint dieser Clownfisch Nachhaltigkeit mit einem verspielten Design.<\/span><\/p>\n<p><span id=\"wpaicg-chat-message-63327\" class=\"wpaicg-chat-message\">Ob du ihn an deinem Schl\u00fcsselbund befestigst oder an deinem K\u00fchlschrank anbringst, dieser wackelige Clownfisch bringt garantiert Freude und Farbe in deinen Alltag. Ein perfektes Geschenk f\u00fcr alle Nemo Fans und eine s\u00fc\u00dfe Erg\u00e4nzung f\u00fcr jedes Zuhause!<\/span><\/p>\n<p>&nbsp;<\/p>\n<p>Lieferumfang: 1 Wiggly Clownfisch Nemo<\/p>\n","protected":false},"excerpt":{"rendered":"<p>Der wiggly Clownfisch Nemo ist ein charmantes 3D-gedrucktes Accessoire, das sowohl als Schl\u00fcsselanh\u00e4nger als auch als K\u00fchlschrankmagnet erh\u00e4ltlich ist. Hergestellt aus hochwertigem PLA, einem umweltfreundlichen und biologisch abbaubaren Material, vereint dieser Clownfisch Nachhaltigkeit mit einem verspielten Design. Ob du ihn an deinem Schl\u00fcsselbund befestigst oder an deinem K\u00fchlschrank anbringst, dieser wackelige Clownfisch bringt garantiert Freude [&hellip;]<\/p>\n","protected":false},"featured_media":153075,"comment_status":"open","ping_status":"closed","template":"","meta":[],"product_brand":[],"product_cat":[504],"product_tag":[2833,3445,4623],"class_list":{"0":"post-163064","1":"product","2":"type-product","3":"status-publish","4":"has-post-thumbnail","6":"product_cat-mini-articulated","7":"product_tag-3dprinted","8":"product_tag-magnet","9":"product_tag-schlusselanhanger","11":"first","12":"instock","13":"purchasable","14":"product-type-variable"},"yoast_head":"<!-- This site is optimized with the Yoast SEO plugin v25.1 - https:\/\/yoast.com\/wordpress\/plugins\/seo\/ -->\n<title>Wiggly Nemo<\/title>\n<meta name=\"description\" content=\"S\u00fc\u00dfer kleiner Clownfisch, als Schl\u00fcsselanh\u00e4nger oder K\u00fchlschrankmagnet.\" \/>\n<meta name=\"robots\" content=\"index, follow, max-snippet:-1, max-image-preview:large, max-video-preview:-1\" \/>\n<link rel=\"canonical\" href=\"https:\/\/www.monitorstlflix.com\/product\/cute-flexi-clownfish-673ceb8bcbd78\/\" \/>\n<meta property=\"og:locale\" content=\"es_ES\" \/>\n<meta property=\"og:type\" content=\"article\" \/>\n<meta property=\"og:title\" content=\"Wiggly Nemo\" \/>\n<meta property=\"og:description\" content=\"S\u00fc\u00dfer kleiner Clownfisch, als Schl\u00fcsselanh\u00e4nger oder K\u00fchlschrankmagnet.\" \/>\n<meta property=\"og:url\" content=\"https:\/\/www.monitorstlflix.com\/product\/cute-flexi-clownfish-673ceb8bcbd78\/\" \/>\n<meta property=\"og:site_name\" content=\"MyStore - By STLFLIX\" \/>\n<meta property=\"article:publisher\" content=\"https:\/\/www.facebook.com\/STLFLIX\" \/>\n<meta property=\"article:modified_time\" content=\"2025-01-23T20:02:23+00:00\" \/>\n<meta property=\"og:image\" content=\"https:\/\/www.monitorstlflix.com\/wp-content\/uploads\/2024\/11\/Cute_Flexi_Clownfishthumb_489a2d0e6b.jpg\" \/>\n\t<meta property=\"og:image:width\" content=\"1080\" \/>\n\t<meta property=\"og:image:height\" content=\"1350\" \/>\n\t<meta property=\"og:image:type\" content=\"image\/jpeg\" \/>\n<meta name=\"twitter:card\" content=\"summary_large_image\" \/>\n<script type=\"application\/ld+json\" class=\"yoast-schema-graph\">{\"@context\":\"https:\/\/schema.org\",\"@graph\":[{\"@type\":\"WebPage\",\"@id\":\"https:\/\/www.monitorstlflix.com\/product\/cute-flexi-clownfish-673ceb8bcbd78\/\",\"url\":\"https:\/\/www.monitorstlflix.com\/product\/cute-flexi-clownfish-673ceb8bcbd78\/\",\"name\":\"Wiggly Nemo\",\"isPartOf\":{\"@id\":\"https:\/\/my.stlflix.com\/#website\"},\"primaryImageOfPage\":{\"@id\":\"https:\/\/www.monitorstlflix.com\/product\/cute-flexi-clownfish-673ceb8bcbd78\/#primaryimage\"},\"image\":{\"@id\":\"https:\/\/www.monitorstlflix.com\/product\/cute-flexi-clownfish-673ceb8bcbd78\/#primaryimage\"},\"thumbnailUrl\":\"https:\/\/my.stlflix.com\/wp-content\/uploads\/2024\/11\/Cute_Flexi_Clownfishthumb_489a2d0e6b.jpg\",\"datePublished\":\"2024-12-04T09:14:59+00:00\",\"dateModified\":\"2025-01-23T20:02:23+00:00\",\"description\":\"S\u00fc\u00dfer kleiner Clownfisch, als Schl\u00fcsselanh\u00e4nger oder K\u00fchlschrankmagnet.\",\"breadcrumb\":{\"@id\":\"https:\/\/www.monitorstlflix.com\/product\/cute-flexi-clownfish-673ceb8bcbd78\/#breadcrumb\"},\"inLanguage\":\"es-ES\",\"potentialAction\":[{\"@type\":\"ReadAction\",\"target\":[\"https:\/\/www.monitorstlflix.com\/product\/cute-flexi-clownfish-673ceb8bcbd78\/\"]}]},{\"@type\":\"ImageObject\",\"inLanguage\":\"es-ES\",\"@id\":\"https:\/\/www.monitorstlflix.com\/product\/cute-flexi-clownfish-673ceb8bcbd78\/#primaryimage\",\"url\":\"https:\/\/my.stlflix.com\/wp-content\/uploads\/2024\/11\/Cute_Flexi_Clownfishthumb_489a2d0e6b.jpg\",\"contentUrl\":\"https:\/\/my.stlflix.com\/wp-content\/uploads\/2024\/11\/Cute_Flexi_Clownfishthumb_489a2d0e6b.jpg\",\"width\":1080,\"height\":1350},{\"@type\":\"BreadcrumbList\",\"@id\":\"https:\/\/www.monitorstlflix.com\/product\/cute-flexi-clownfish-673ceb8bcbd78\/#breadcrumb\",\"itemListElement\":[{\"@type\":\"ListItem\",\"position\":1,\"name\":\"Home\",\"item\":\"https:\/\/www.stlflix-store.com\/\"},{\"@type\":\"ListItem\",\"position\":2,\"name\":\"Products\",\"item\":\"https:\/\/www.stlflix-store.com\/shop\/\"},{\"@type\":\"ListItem\",\"position\":3,\"name\":\"Wiggly Nemo\"}]},{\"@type\":\"WebSite\",\"@id\":\"https:\/\/my.stlflix.com\/#website\",\"url\":\"https:\/\/my.stlflix.com\/\",\"name\":\"MyStore - By STLFLIX\",\"description\":\"\",\"publisher\":{\"@id\":\"https:\/\/my.stlflix.com\/#organization\"},\"potentialAction\":[{\"@type\":\"SearchAction\",\"target\":{\"@type\":\"EntryPoint\",\"urlTemplate\":\"https:\/\/my.stlflix.com\/?s={search_term_string}\"},\"query-input\":{\"@type\":\"PropertyValueSpecification\",\"valueRequired\":true,\"valueName\":\"search_term_string\"}}],\"inLanguage\":\"es-ES\"},{\"@type\":\"Organization\",\"@id\":\"https:\/\/my.stlflix.com\/#organization\",\"name\":\"MyStore - By STLFLIX\",\"url\":\"https:\/\/my.stlflix.com\/\",\"logo\":{\"@type\":\"ImageObject\",\"inLanguage\":\"es-ES\",\"@id\":\"https:\/\/my.stlflix.com\/#\/schema\/logo\/image\/\",\"url\":\"https:\/\/my.stlflix.com\/wp-content\/uploads\/2024\/06\/logo-mystore.png\",\"contentUrl\":\"https:\/\/my.stlflix.com\/wp-content\/uploads\/2024\/06\/logo-mystore.png\",\"width\":150,\"height\":41,\"caption\":\"MyStore - By STLFLIX\"},\"image\":{\"@id\":\"https:\/\/my.stlflix.com\/#\/schema\/logo\/image\/\"},\"sameAs\":[\"https:\/\/www.facebook.com\/STLFLIX\",\"https:\/\/www.instagram.com\/stlflix_\/\",\"https:\/\/www.tiktok.com\/@stlflix\"]}]}<\/script>\n<!-- \/ Yoast SEO plugin. -->","yoast_head_json":{"title":"Wiggly Nemo","description":"S\u00fc\u00dfer kleiner Clownfisch, als Schl\u00fcsselanh\u00e4nger oder K\u00fchlschrankmagnet.","robots":{"index":"index","follow":"follow","max-snippet":"max-snippet:-1","max-image-preview":"max-image-preview:large","max-video-preview":"max-video-preview:-1"},"canonical":"https:\/\/www.monitorstlflix.com\/product\/cute-flexi-clownfish-673ceb8bcbd78\/","og_locale":"es_ES","og_type":"article","og_title":"Wiggly Nemo","og_description":"S\u00fc\u00dfer kleiner Clownfisch, als Schl\u00fcsselanh\u00e4nger oder K\u00fchlschrankmagnet.","og_url":"https:\/\/www.monitorstlflix.com\/product\/cute-flexi-clownfish-673ceb8bcbd78\/","og_site_name":"MyStore - By STLFLIX","article_publisher":"https:\/\/www.facebook.com\/STLFLIX","article_modified_time":"2025-01-23T20:02:23+00:00","og_image":[{"width":1080,"height":1350,"url":"https:\/\/www.monitorstlflix.com\/wp-content\/uploads\/2024\/11\/Cute_Flexi_Clownfishthumb_489a2d0e6b.jpg","type":"image\/jpeg"}],"twitter_card":"summary_large_image","schema":{"@context":"https:\/\/schema.org","@graph":[{"@type":"WebPage","@id":"https:\/\/www.monitorstlflix.com\/product\/cute-flexi-clownfish-673ceb8bcbd78\/","url":"https:\/\/www.monitorstlflix.com\/product\/cute-flexi-clownfish-673ceb8bcbd78\/","name":"Wiggly Nemo","isPartOf":{"@id":"https:\/\/my.stlflix.com\/#website"},"primaryImageOfPage":{"@id":"https:\/\/www.monitorstlflix.com\/product\/cute-flexi-clownfish-673ceb8bcbd78\/#primaryimage"},"image":{"@id":"https:\/\/www.monitorstlflix.com\/product\/cute-flexi-clownfish-673ceb8bcbd78\/#primaryimage"},"thumbnailUrl":"https:\/\/my.stlflix.com\/wp-content\/uploads\/2024\/11\/Cute_Flexi_Clownfishthumb_489a2d0e6b.jpg","datePublished":"2024-12-04T09:14:59+00:00","dateModified":"2025-01-23T20:02:23+00:00","description":"S\u00fc\u00dfer kleiner Clownfisch, als Schl\u00fcsselanh\u00e4nger oder K\u00fchlschrankmagnet.","breadcrumb":{"@id":"https:\/\/www.monitorstlflix.com\/product\/cute-flexi-clownfish-673ceb8bcbd78\/#breadcrumb"},"inLanguage":"es-ES","potentialAction":[{"@type":"ReadAction","target":["https:\/\/www.monitorstlflix.com\/product\/cute-flexi-clownfish-673ceb8bcbd78\/"]}]},{"@type":"ImageObject","inLanguage":"es-ES","@id":"https:\/\/www.monitorstlflix.com\/product\/cute-flexi-clownfish-673ceb8bcbd78\/#primaryimage","url":"https:\/\/my.stlflix.com\/wp-content\/uploads\/2024\/11\/Cute_Flexi_Clownfishthumb_489a2d0e6b.jpg","contentUrl":"https:\/\/my.stlflix.com\/wp-content\/uploads\/2024\/11\/Cute_Flexi_Clownfishthumb_489a2d0e6b.jpg","width":1080,"height":1350},{"@type":"BreadcrumbList","@id":"https:\/\/www.monitorstlflix.com\/product\/cute-flexi-clownfish-673ceb8bcbd78\/#breadcrumb","itemListElement":[{"@type":"ListItem","position":1,"name":"Home","item":"https:\/\/www.stlflix-store.com\/"},{"@type":"ListItem","position":2,"name":"Products","item":"https:\/\/www.stlflix-store.com\/shop\/"},{"@type":"ListItem","position":3,"name":"Wiggly Nemo"}]},{"@type":"WebSite","@id":"https:\/\/my.stlflix.com\/#website","url":"https:\/\/my.stlflix.com\/","name":"MyStore - By STLFLIX","description":"","publisher":{"@id":"https:\/\/my.stlflix.com\/#organization"},"potentialAction":[{"@type":"SearchAction","target":{"@type":"EntryPoint","urlTemplate":"https:\/\/my.stlflix.com\/?s={search_term_string}"},"query-input":{"@type":"PropertyValueSpecification","valueRequired":true,"valueName":"search_term_string"}}],"inLanguage":"es-ES"},{"@type":"Organization","@id":"https:\/\/my.stlflix.com\/#organization","name":"MyStore - By STLFLIX","url":"https:\/\/my.stlflix.com\/","logo":{"@type":"ImageObject","inLanguage":"es-ES","@id":"https:\/\/my.stlflix.com\/#\/schema\/logo\/image\/","url":"https:\/\/my.stlflix.com\/wp-content\/uploads\/2024\/06\/logo-mystore.png","contentUrl":"https:\/\/my.stlflix.com\/wp-content\/uploads\/2024\/06\/logo-mystore.png","width":150,"height":41,"caption":"MyStore - By STLFLIX"},"image":{"@id":"https:\/\/my.stlflix.com\/#\/schema\/logo\/image\/"},"sameAs":["https:\/\/www.facebook.com\/STLFLIX","https:\/\/www.instagram.com\/stlflix_\/","https:\/\/www.tiktok.com\/@stlflix"]}]}},"_links":{"self":[{"href":"https:\/\/my.stlflix.com\/es\/wp-json\/wp\/v2\/product\/163064","targetHints":{"allow":["GET"]}}],"collection":[{"href":"https:\/\/my.stlflix.com\/es\/wp-json\/wp\/v2\/product"}],"about":[{"href":"https:\/\/my.stlflix.com\/es\/wp-json\/wp\/v2\/types\/product"}],"replies":[{"embeddable":true,"href":"https:\/\/my.stlflix.com\/es\/wp-json\/wp\/v2\/comments?post=163064"}],"wp:featuredmedia":[{"embeddable":true,"href":"https:\/\/my.stlflix.com\/es\/wp-json\/wp\/v2\/media\/153075"}],"wp:attachment":[{"href":"https:\/\/my.stlflix.com\/es\/wp-json\/wp\/v2\/media?parent=163064"}],"wp:term":[{"taxonomy":"product_brand","embeddable":true,"href":"https:\/\/my.stlflix.com\/es\/wp-json\/wp\/v2\/product_brand?post=163064"},{"taxonomy":"product_cat","embeddable":true,"href":"https:\/\/my.stlflix.com\/es\/wp-json\/wp\/v2\/product_cat?post=163064"},{"taxonomy":"product_tag","embeddable":true,"href":"https:\/\/my.stlflix.com\/es\/wp-json\/wp\/v2\/product_tag?post=163064"}],"curies":[{"name":"wp","href":"https:\/\/api.w.org\/{rel}","templated":true}]}}