{"id":164904,"date":"2024-11-20T21:51:19","date_gmt":"2024-11-20T21:51:19","guid":{"rendered":"https:\/\/my.stlflix.com\/?post_type=product&#038;p=164904"},"modified":"2024-12-22T12:30:52","modified_gmt":"2024-12-22T12:30:52","slug":"diecarn-673e53a59c17f","status":"publish","type":"product","link":"https:\/\/my.stlflix.com\/es\/product\/diecarn-673e53a59c17f\/","title":{"rendered":"Diecarn"},"content":{"rendered":"<p>Les loups-garous n\u2019\u00e9taient pas la meilleure des compagnies, surtout pas pour un chasseur de monstres.<\/p>\n<p>Il n\u2019appr\u00e9ciait ni leur odeur \u00e2cre, ni leurs hurlements insupportablement bruyants. Mais tant qu\u2019il avait un travail \u00e0 accomplir, il acceptait tout avantage qu\u2019il pouvait obtenir.<\/p>\n<p>Pour l\u2019instant, sa cible \u00e9tait une cr\u00e9ature encore plus dangereuse. Et entre les puces et les salauds assoiff\u00e9s de sang, Diecarn pr\u00e9f\u00e9rait encore se couvrir d\u2019ail.<\/p>\n<p>Figurine imprim\u00e9 en r\u00e9sine, 38mm, vendu non peinte<\/p>\n","protected":false},"excerpt":{"rendered":"<p>Les loups-garous n\u2019\u00e9taient pas la meilleure des compagnies, surtout pas pour un chasseur de monstres. Il n\u2019appr\u00e9ciait ni leur odeur \u00e2cre, ni leurs hurlements insupportablement bruyants. Mais tant qu\u2019il avait un travail \u00e0 accomplir, il acceptait tout avantage qu\u2019il pouvait obtenir. Pour l\u2019instant, sa cible \u00e9tait une cr\u00e9ature encore plus dangereuse. Et entre les puces [&hellip;]<\/p>\n","protected":false},"featured_media":33330,"comment_status":"open","ping_status":"closed","template":"","meta":[],"product_brand":[],"product_cat":[23],"product_tag":[149,495,3216,2305],"class_list":{"0":"post-164904","1":"product","2":"type-product","3":"status-publish","4":"has-post-thumbnail","6":"product_cat-miniatures","7":"product_tag-dnd","8":"product_tag-figurines","9":"product_tag-jeu-de-roles","10":"product_tag-npc","12":"first","13":"instock","14":"taxable","15":"shipping-taxable","16":"purchasable","17":"product-type-simple"},"yoast_head":"<!-- This site is optimized with the Yoast SEO plugin v25.1 - https:\/\/yoast.com\/wordpress\/plugins\/seo\/ -->\n<title>Diecarn - MyStore - By STLFLIX<\/title>\n<meta name=\"robots\" content=\"index, follow, max-snippet:-1, max-image-preview:large, max-video-preview:-1\" \/>\n<link rel=\"canonical\" href=\"https:\/\/www.testeminhalojamandela.biz\/product\/diecarn-673e53a59c17f\/\" \/>\n<meta property=\"og:locale\" content=\"es_ES\" \/>\n<meta property=\"og:type\" content=\"article\" \/>\n<meta property=\"og:title\" content=\"Diecarn - MyStore - By STLFLIX\" \/>\n<meta property=\"og:description\" content=\"Les loups-garous n\u2019\u00e9taient pas la meilleure des compagnies, surtout pas pour un chasseur de monstres. Il n\u2019appr\u00e9ciait ni leur odeur \u00e2cre, ni leurs hurlements insupportablement bruyants. Mais tant qu\u2019il avait un travail \u00e0 accomplir, il acceptait tout avantage qu\u2019il pouvait obtenir. Pour l\u2019instant, sa cible \u00e9tait une cr\u00e9ature encore plus dangereuse. Et entre les puces [&hellip;]\" \/>\n<meta property=\"og:url\" content=\"https:\/\/www.testeminhalojamandela.biz\/product\/diecarn-673e53a59c17f\/\" \/>\n<meta property=\"og:site_name\" content=\"MyStore - By STLFLIX\" \/>\n<meta property=\"article:publisher\" content=\"https:\/\/www.facebook.com\/STLFLIX\" \/>\n<meta property=\"article:modified_time\" content=\"2024-12-22T12:30:52+00:00\" \/>\n<meta property=\"og:image\" content=\"https:\/\/www.testeminhalojamandela.biz\/wp-content\/uploads\/2024\/05\/Diecarn_thumb_05d427281b.jpg\" \/>\n\t<meta property=\"og:image:width\" content=\"1080\" \/>\n\t<meta property=\"og:image:height\" content=\"1350\" \/>\n\t<meta property=\"og:image:type\" content=\"image\/jpeg\" \/>\n<meta name=\"twitter:card\" content=\"summary_large_image\" \/>\n<script type=\"application\/ld+json\" class=\"yoast-schema-graph\">{\"@context\":\"https:\/\/schema.org\",\"@graph\":[{\"@type\":\"WebPage\",\"@id\":\"https:\/\/www.testeminhalojamandela.biz\/product\/diecarn-673e53a59c17f\/\",\"url\":\"https:\/\/www.testeminhalojamandela.biz\/product\/diecarn-673e53a59c17f\/\",\"name\":\"Diecarn - MyStore - By STLFLIX\",\"isPartOf\":{\"@id\":\"https:\/\/my.stlflix.com\/#website\"},\"primaryImageOfPage\":{\"@id\":\"https:\/\/www.testeminhalojamandela.biz\/product\/diecarn-673e53a59c17f\/#primaryimage\"},\"image\":{\"@id\":\"https:\/\/www.testeminhalojamandela.biz\/product\/diecarn-673e53a59c17f\/#primaryimage\"},\"thumbnailUrl\":\"https:\/\/my.stlflix.com\/wp-content\/uploads\/2024\/05\/Diecarn_thumb_05d427281b.jpg\",\"datePublished\":\"2024-11-20T21:51:19+00:00\",\"dateModified\":\"2024-12-22T12:30:52+00:00\",\"breadcrumb\":{\"@id\":\"https:\/\/www.testeminhalojamandela.biz\/product\/diecarn-673e53a59c17f\/#breadcrumb\"},\"inLanguage\":\"es-ES\",\"potentialAction\":[{\"@type\":\"ReadAction\",\"target\":[\"https:\/\/www.testeminhalojamandela.biz\/product\/diecarn-673e53a59c17f\/\"]}]},{\"@type\":\"ImageObject\",\"inLanguage\":\"es-ES\",\"@id\":\"https:\/\/www.testeminhalojamandela.biz\/product\/diecarn-673e53a59c17f\/#primaryimage\",\"url\":\"https:\/\/my.stlflix.com\/wp-content\/uploads\/2024\/05\/Diecarn_thumb_05d427281b.jpg\",\"contentUrl\":\"https:\/\/my.stlflix.com\/wp-content\/uploads\/2024\/05\/Diecarn_thumb_05d427281b.jpg\",\"width\":1080,\"height\":1350},{\"@type\":\"BreadcrumbList\",\"@id\":\"https:\/\/www.testeminhalojamandela.biz\/product\/diecarn-673e53a59c17f\/#breadcrumb\",\"itemListElement\":[{\"@type\":\"ListItem\",\"position\":1,\"name\":\"Home\",\"item\":\"https:\/\/www.stlflix-store.com\/\"},{\"@type\":\"ListItem\",\"position\":2,\"name\":\"Products\",\"item\":\"https:\/\/www.stlflix-store.com\/shop\/\"},{\"@type\":\"ListItem\",\"position\":3,\"name\":\"Diecarn\"}]},{\"@type\":\"WebSite\",\"@id\":\"https:\/\/my.stlflix.com\/#website\",\"url\":\"https:\/\/my.stlflix.com\/\",\"name\":\"MyStore - By STLFLIX\",\"description\":\"\",\"publisher\":{\"@id\":\"https:\/\/my.stlflix.com\/#organization\"},\"potentialAction\":[{\"@type\":\"SearchAction\",\"target\":{\"@type\":\"EntryPoint\",\"urlTemplate\":\"https:\/\/my.stlflix.com\/?s={search_term_string}\"},\"query-input\":{\"@type\":\"PropertyValueSpecification\",\"valueRequired\":true,\"valueName\":\"search_term_string\"}}],\"inLanguage\":\"es-ES\"},{\"@type\":\"Organization\",\"@id\":\"https:\/\/my.stlflix.com\/#organization\",\"name\":\"MyStore - By STLFLIX\",\"url\":\"https:\/\/my.stlflix.com\/\",\"logo\":{\"@type\":\"ImageObject\",\"inLanguage\":\"es-ES\",\"@id\":\"https:\/\/my.stlflix.com\/#\/schema\/logo\/image\/\",\"url\":\"https:\/\/my.stlflix.com\/wp-content\/uploads\/2024\/06\/logo-mystore.png\",\"contentUrl\":\"https:\/\/my.stlflix.com\/wp-content\/uploads\/2024\/06\/logo-mystore.png\",\"width\":150,\"height\":41,\"caption\":\"MyStore - By STLFLIX\"},\"image\":{\"@id\":\"https:\/\/my.stlflix.com\/#\/schema\/logo\/image\/\"},\"sameAs\":[\"https:\/\/www.facebook.com\/STLFLIX\",\"https:\/\/www.instagram.com\/stlflix_\/\",\"https:\/\/www.tiktok.com\/@stlflix\"]}]}<\/script>\n<!-- \/ Yoast SEO plugin. -->","yoast_head_json":{"title":"Diecarn - MyStore - By STLFLIX","robots":{"index":"index","follow":"follow","max-snippet":"max-snippet:-1","max-image-preview":"max-image-preview:large","max-video-preview":"max-video-preview:-1"},"canonical":"https:\/\/www.testeminhalojamandela.biz\/product\/diecarn-673e53a59c17f\/","og_locale":"es_ES","og_type":"article","og_title":"Diecarn - MyStore - By STLFLIX","og_description":"Les loups-garous n\u2019\u00e9taient pas la meilleure des compagnies, surtout pas pour un chasseur de monstres. Il n\u2019appr\u00e9ciait ni leur odeur \u00e2cre, ni leurs hurlements insupportablement bruyants. Mais tant qu\u2019il avait un travail \u00e0 accomplir, il acceptait tout avantage qu\u2019il pouvait obtenir. Pour l\u2019instant, sa cible \u00e9tait une cr\u00e9ature encore plus dangereuse. Et entre les puces [&hellip;]","og_url":"https:\/\/www.testeminhalojamandela.biz\/product\/diecarn-673e53a59c17f\/","og_site_name":"MyStore - By STLFLIX","article_publisher":"https:\/\/www.facebook.com\/STLFLIX","article_modified_time":"2024-12-22T12:30:52+00:00","og_image":[{"width":1080,"height":1350,"url":"https:\/\/www.testeminhalojamandela.biz\/wp-content\/uploads\/2024\/05\/Diecarn_thumb_05d427281b.jpg","type":"image\/jpeg"}],"twitter_card":"summary_large_image","schema":{"@context":"https:\/\/schema.org","@graph":[{"@type":"WebPage","@id":"https:\/\/www.testeminhalojamandela.biz\/product\/diecarn-673e53a59c17f\/","url":"https:\/\/www.testeminhalojamandela.biz\/product\/diecarn-673e53a59c17f\/","name":"Diecarn - MyStore - By STLFLIX","isPartOf":{"@id":"https:\/\/my.stlflix.com\/#website"},"primaryImageOfPage":{"@id":"https:\/\/www.testeminhalojamandela.biz\/product\/diecarn-673e53a59c17f\/#primaryimage"},"image":{"@id":"https:\/\/www.testeminhalojamandela.biz\/product\/diecarn-673e53a59c17f\/#primaryimage"},"thumbnailUrl":"https:\/\/my.stlflix.com\/wp-content\/uploads\/2024\/05\/Diecarn_thumb_05d427281b.jpg","datePublished":"2024-11-20T21:51:19+00:00","dateModified":"2024-12-22T12:30:52+00:00","breadcrumb":{"@id":"https:\/\/www.testeminhalojamandela.biz\/product\/diecarn-673e53a59c17f\/#breadcrumb"},"inLanguage":"es-ES","potentialAction":[{"@type":"ReadAction","target":["https:\/\/www.testeminhalojamandela.biz\/product\/diecarn-673e53a59c17f\/"]}]},{"@type":"ImageObject","inLanguage":"es-ES","@id":"https:\/\/www.testeminhalojamandela.biz\/product\/diecarn-673e53a59c17f\/#primaryimage","url":"https:\/\/my.stlflix.com\/wp-content\/uploads\/2024\/05\/Diecarn_thumb_05d427281b.jpg","contentUrl":"https:\/\/my.stlflix.com\/wp-content\/uploads\/2024\/05\/Diecarn_thumb_05d427281b.jpg","width":1080,"height":1350},{"@type":"BreadcrumbList","@id":"https:\/\/www.testeminhalojamandela.biz\/product\/diecarn-673e53a59c17f\/#breadcrumb","itemListElement":[{"@type":"ListItem","position":1,"name":"Home","item":"https:\/\/www.stlflix-store.com\/"},{"@type":"ListItem","position":2,"name":"Products","item":"https:\/\/www.stlflix-store.com\/shop\/"},{"@type":"ListItem","position":3,"name":"Diecarn"}]},{"@type":"WebSite","@id":"https:\/\/my.stlflix.com\/#website","url":"https:\/\/my.stlflix.com\/","name":"MyStore - By STLFLIX","description":"","publisher":{"@id":"https:\/\/my.stlflix.com\/#organization"},"potentialAction":[{"@type":"SearchAction","target":{"@type":"EntryPoint","urlTemplate":"https:\/\/my.stlflix.com\/?s={search_term_string}"},"query-input":{"@type":"PropertyValueSpecification","valueRequired":true,"valueName":"search_term_string"}}],"inLanguage":"es-ES"},{"@type":"Organization","@id":"https:\/\/my.stlflix.com\/#organization","name":"MyStore - By STLFLIX","url":"https:\/\/my.stlflix.com\/","logo":{"@type":"ImageObject","inLanguage":"es-ES","@id":"https:\/\/my.stlflix.com\/#\/schema\/logo\/image\/","url":"https:\/\/my.stlflix.com\/wp-content\/uploads\/2024\/06\/logo-mystore.png","contentUrl":"https:\/\/my.stlflix.com\/wp-content\/uploads\/2024\/06\/logo-mystore.png","width":150,"height":41,"caption":"MyStore - By STLFLIX"},"image":{"@id":"https:\/\/my.stlflix.com\/#\/schema\/logo\/image\/"},"sameAs":["https:\/\/www.facebook.com\/STLFLIX","https:\/\/www.instagram.com\/stlflix_\/","https:\/\/www.tiktok.com\/@stlflix"]}]}},"_links":{"self":[{"href":"https:\/\/my.stlflix.com\/es\/wp-json\/wp\/v2\/product\/164904","targetHints":{"allow":["GET"]}}],"collection":[{"href":"https:\/\/my.stlflix.com\/es\/wp-json\/wp\/v2\/product"}],"about":[{"href":"https:\/\/my.stlflix.com\/es\/wp-json\/wp\/v2\/types\/product"}],"replies":[{"embeddable":true,"href":"https:\/\/my.stlflix.com\/es\/wp-json\/wp\/v2\/comments?post=164904"}],"wp:featuredmedia":[{"embeddable":true,"href":"https:\/\/my.stlflix.com\/es\/wp-json\/wp\/v2\/media\/33330"}],"wp:attachment":[{"href":"https:\/\/my.stlflix.com\/es\/wp-json\/wp\/v2\/media?parent=164904"}],"wp:term":[{"taxonomy":"product_brand","embeddable":true,"href":"https:\/\/my.stlflix.com\/es\/wp-json\/wp\/v2\/product_brand?post=164904"},{"taxonomy":"product_cat","embeddable":true,"href":"https:\/\/my.stlflix.com\/es\/wp-json\/wp\/v2\/product_cat?post=164904"},{"taxonomy":"product_tag","embeddable":true,"href":"https:\/\/my.stlflix.com\/es\/wp-json\/wp\/v2\/product_tag?post=164904"}],"curies":[{"name":"wp","href":"https:\/\/api.w.org\/{rel}","templated":true}]}}