{"id":165022,"date":"2024-11-25T21:09:32","date_gmt":"2024-11-25T21:09:32","guid":{"rendered":"https:\/\/my.stlflix.com\/?post_type=product&#038;p=165022"},"modified":"2024-12-22T12:30:52","modified_gmt":"2024-12-22T12:30:52","slug":"goblin-barbarian-673e5bb628309","status":"publish","type":"product","link":"https:\/\/my.stlflix.com\/es\/product\/goblin-barbarian-673e5bb628309\/","title":{"rendered":"Gobelin Barbare"},"content":{"rendered":"<p>Les membres des Gobelins de Hobbs sont des guerriers f\u00e9roces, imprudents et chaotiques, enclins \u00e0 la destruction et \u00e0 toutes sortes de crimes vicieux.<br \/>\nCependant, malgr\u00e9 le nombre insens\u00e9 de victimes qui semblent entourer chaque \u00e9v\u00e9nement, les gobelins suivent un code de conduite : notre seule famille est notre famille Hobbs.<br \/>\nFigurine imprim\u00e9 en r\u00e9sine, 38mm, vendu non peinte<\/p>\n","protected":false},"excerpt":{"rendered":"<p>Les membres des Gobelins de Hobbs sont des guerriers f\u00e9roces, imprudents et chaotiques, enclins \u00e0 la destruction et \u00e0 toutes sortes de crimes vicieux. Cependant, malgr\u00e9 le nombre insens\u00e9 de victimes qui semblent entourer chaque \u00e9v\u00e9nement, les gobelins suivent un code de conduite : notre seule famille est notre famille Hobbs. Figurine imprim\u00e9 en r\u00e9sine, [&hellip;]<\/p>\n","protected":false},"featured_media":3249,"comment_status":"open","ping_status":"closed","template":"","meta":[],"product_brand":[],"product_cat":[47],"product_tag":[149,3482],"class_list":{"0":"post-165022","1":"product","2":"type-product","3":"status-publish","4":"has-post-thumbnail","6":"product_cat-goblin-invasion","7":"product_tag-dnd","8":"product_tag-gobelin","10":"first","11":"instock","12":"purchasable","13":"product-type-simple"},"yoast_head":"<!-- This site is optimized with the Yoast SEO plugin v25.1 - https:\/\/yoast.com\/wordpress\/plugins\/seo\/ -->\n<title>Gobelin Barbare - MyStore - By STLFLIX<\/title>\n<meta name=\"robots\" content=\"index, follow, max-snippet:-1, max-image-preview:large, max-video-preview:-1\" \/>\n<link rel=\"canonical\" href=\"https:\/\/www.lojadomandela3d.biz\/product\/goblin-barbarian-673e5bb628309\/\" \/>\n<meta property=\"og:locale\" content=\"es_ES\" \/>\n<meta property=\"og:type\" content=\"article\" \/>\n<meta property=\"og:title\" content=\"Gobelin Barbare - MyStore - By STLFLIX\" \/>\n<meta property=\"og:description\" content=\"Les membres des Gobelins de Hobbs sont des guerriers f\u00e9roces, imprudents et chaotiques, enclins \u00e0 la destruction et \u00e0 toutes sortes de crimes vicieux. Cependant, malgr\u00e9 le nombre insens\u00e9 de victimes qui semblent entourer chaque \u00e9v\u00e9nement, les gobelins suivent un code de conduite : notre seule famille est notre famille Hobbs. Figurine imprim\u00e9 en r\u00e9sine, [&hellip;]\" \/>\n<meta property=\"og:url\" content=\"https:\/\/www.lojadomandela3d.biz\/product\/goblin-barbarian-673e5bb628309\/\" \/>\n<meta property=\"og:site_name\" content=\"MyStore - By STLFLIX\" \/>\n<meta property=\"article:publisher\" content=\"https:\/\/www.facebook.com\/STLFLIX\" \/>\n<meta property=\"article:modified_time\" content=\"2024-12-22T12:30:52+00:00\" \/>\n<meta property=\"og:image\" content=\"https:\/\/www.lojadomandela3d.biz\/wp-content\/uploads\/2024\/03\/Goblin_Barbarian_thumb_eef78b353b.jpg\" \/>\n\t<meta property=\"og:image:width\" content=\"1080\" \/>\n\t<meta property=\"og:image:height\" content=\"1350\" \/>\n\t<meta property=\"og:image:type\" content=\"image\/jpeg\" \/>\n<meta name=\"twitter:card\" content=\"summary_large_image\" \/>\n<script type=\"application\/ld+json\" class=\"yoast-schema-graph\">{\"@context\":\"https:\/\/schema.org\",\"@graph\":[{\"@type\":\"WebPage\",\"@id\":\"https:\/\/www.lojadomandela3d.biz\/product\/goblin-barbarian-673e5bb628309\/\",\"url\":\"https:\/\/www.lojadomandela3d.biz\/product\/goblin-barbarian-673e5bb628309\/\",\"name\":\"Gobelin Barbare - MyStore - By STLFLIX\",\"isPartOf\":{\"@id\":\"https:\/\/my.stlflix.com\/#website\"},\"primaryImageOfPage\":{\"@id\":\"https:\/\/www.lojadomandela3d.biz\/product\/goblin-barbarian-673e5bb628309\/#primaryimage\"},\"image\":{\"@id\":\"https:\/\/www.lojadomandela3d.biz\/product\/goblin-barbarian-673e5bb628309\/#primaryimage\"},\"thumbnailUrl\":\"https:\/\/my.stlflix.com\/wp-content\/uploads\/2024\/03\/Goblin_Barbarian_thumb_eef78b353b.jpg\",\"datePublished\":\"2024-11-25T21:09:32+00:00\",\"dateModified\":\"2024-12-22T12:30:52+00:00\",\"breadcrumb\":{\"@id\":\"https:\/\/www.lojadomandela3d.biz\/product\/goblin-barbarian-673e5bb628309\/#breadcrumb\"},\"inLanguage\":\"es-ES\",\"potentialAction\":[{\"@type\":\"ReadAction\",\"target\":[\"https:\/\/www.lojadomandela3d.biz\/product\/goblin-barbarian-673e5bb628309\/\"]}]},{\"@type\":\"ImageObject\",\"inLanguage\":\"es-ES\",\"@id\":\"https:\/\/www.lojadomandela3d.biz\/product\/goblin-barbarian-673e5bb628309\/#primaryimage\",\"url\":\"https:\/\/my.stlflix.com\/wp-content\/uploads\/2024\/03\/Goblin_Barbarian_thumb_eef78b353b.jpg\",\"contentUrl\":\"https:\/\/my.stlflix.com\/wp-content\/uploads\/2024\/03\/Goblin_Barbarian_thumb_eef78b353b.jpg\",\"width\":1080,\"height\":1350},{\"@type\":\"BreadcrumbList\",\"@id\":\"https:\/\/www.lojadomandela3d.biz\/product\/goblin-barbarian-673e5bb628309\/#breadcrumb\",\"itemListElement\":[{\"@type\":\"ListItem\",\"position\":1,\"name\":\"Home\",\"item\":\"https:\/\/www.stlflix-store.com\/\"},{\"@type\":\"ListItem\",\"position\":2,\"name\":\"Products\",\"item\":\"https:\/\/www.stlflix-store.com\/shop\/\"},{\"@type\":\"ListItem\",\"position\":3,\"name\":\"Gobelin Barbare\"}]},{\"@type\":\"WebSite\",\"@id\":\"https:\/\/my.stlflix.com\/#website\",\"url\":\"https:\/\/my.stlflix.com\/\",\"name\":\"MyStore - By STLFLIX\",\"description\":\"\",\"publisher\":{\"@id\":\"https:\/\/my.stlflix.com\/#organization\"},\"potentialAction\":[{\"@type\":\"SearchAction\",\"target\":{\"@type\":\"EntryPoint\",\"urlTemplate\":\"https:\/\/my.stlflix.com\/?s={search_term_string}\"},\"query-input\":{\"@type\":\"PropertyValueSpecification\",\"valueRequired\":true,\"valueName\":\"search_term_string\"}}],\"inLanguage\":\"es-ES\"},{\"@type\":\"Organization\",\"@id\":\"https:\/\/my.stlflix.com\/#organization\",\"name\":\"MyStore - By STLFLIX\",\"url\":\"https:\/\/my.stlflix.com\/\",\"logo\":{\"@type\":\"ImageObject\",\"inLanguage\":\"es-ES\",\"@id\":\"https:\/\/my.stlflix.com\/#\/schema\/logo\/image\/\",\"url\":\"https:\/\/my.stlflix.com\/wp-content\/uploads\/2024\/06\/logo-mystore.png\",\"contentUrl\":\"https:\/\/my.stlflix.com\/wp-content\/uploads\/2024\/06\/logo-mystore.png\",\"width\":150,\"height\":41,\"caption\":\"MyStore - By STLFLIX\"},\"image\":{\"@id\":\"https:\/\/my.stlflix.com\/#\/schema\/logo\/image\/\"},\"sameAs\":[\"https:\/\/www.facebook.com\/STLFLIX\",\"https:\/\/www.instagram.com\/stlflix_\/\",\"https:\/\/www.tiktok.com\/@stlflix\"]}]}<\/script>\n<!-- \/ Yoast SEO plugin. -->","yoast_head_json":{"title":"Gobelin Barbare - MyStore - By STLFLIX","robots":{"index":"index","follow":"follow","max-snippet":"max-snippet:-1","max-image-preview":"max-image-preview:large","max-video-preview":"max-video-preview:-1"},"canonical":"https:\/\/www.lojadomandela3d.biz\/product\/goblin-barbarian-673e5bb628309\/","og_locale":"es_ES","og_type":"article","og_title":"Gobelin Barbare - MyStore - By STLFLIX","og_description":"Les membres des Gobelins de Hobbs sont des guerriers f\u00e9roces, imprudents et chaotiques, enclins \u00e0 la destruction et \u00e0 toutes sortes de crimes vicieux. Cependant, malgr\u00e9 le nombre insens\u00e9 de victimes qui semblent entourer chaque \u00e9v\u00e9nement, les gobelins suivent un code de conduite : notre seule famille est notre famille Hobbs. Figurine imprim\u00e9 en r\u00e9sine, [&hellip;]","og_url":"https:\/\/www.lojadomandela3d.biz\/product\/goblin-barbarian-673e5bb628309\/","og_site_name":"MyStore - By STLFLIX","article_publisher":"https:\/\/www.facebook.com\/STLFLIX","article_modified_time":"2024-12-22T12:30:52+00:00","og_image":[{"width":1080,"height":1350,"url":"https:\/\/www.lojadomandela3d.biz\/wp-content\/uploads\/2024\/03\/Goblin_Barbarian_thumb_eef78b353b.jpg","type":"image\/jpeg"}],"twitter_card":"summary_large_image","schema":{"@context":"https:\/\/schema.org","@graph":[{"@type":"WebPage","@id":"https:\/\/www.lojadomandela3d.biz\/product\/goblin-barbarian-673e5bb628309\/","url":"https:\/\/www.lojadomandela3d.biz\/product\/goblin-barbarian-673e5bb628309\/","name":"Gobelin Barbare - MyStore - By STLFLIX","isPartOf":{"@id":"https:\/\/my.stlflix.com\/#website"},"primaryImageOfPage":{"@id":"https:\/\/www.lojadomandela3d.biz\/product\/goblin-barbarian-673e5bb628309\/#primaryimage"},"image":{"@id":"https:\/\/www.lojadomandela3d.biz\/product\/goblin-barbarian-673e5bb628309\/#primaryimage"},"thumbnailUrl":"https:\/\/my.stlflix.com\/wp-content\/uploads\/2024\/03\/Goblin_Barbarian_thumb_eef78b353b.jpg","datePublished":"2024-11-25T21:09:32+00:00","dateModified":"2024-12-22T12:30:52+00:00","breadcrumb":{"@id":"https:\/\/www.lojadomandela3d.biz\/product\/goblin-barbarian-673e5bb628309\/#breadcrumb"},"inLanguage":"es-ES","potentialAction":[{"@type":"ReadAction","target":["https:\/\/www.lojadomandela3d.biz\/product\/goblin-barbarian-673e5bb628309\/"]}]},{"@type":"ImageObject","inLanguage":"es-ES","@id":"https:\/\/www.lojadomandela3d.biz\/product\/goblin-barbarian-673e5bb628309\/#primaryimage","url":"https:\/\/my.stlflix.com\/wp-content\/uploads\/2024\/03\/Goblin_Barbarian_thumb_eef78b353b.jpg","contentUrl":"https:\/\/my.stlflix.com\/wp-content\/uploads\/2024\/03\/Goblin_Barbarian_thumb_eef78b353b.jpg","width":1080,"height":1350},{"@type":"BreadcrumbList","@id":"https:\/\/www.lojadomandela3d.biz\/product\/goblin-barbarian-673e5bb628309\/#breadcrumb","itemListElement":[{"@type":"ListItem","position":1,"name":"Home","item":"https:\/\/www.stlflix-store.com\/"},{"@type":"ListItem","position":2,"name":"Products","item":"https:\/\/www.stlflix-store.com\/shop\/"},{"@type":"ListItem","position":3,"name":"Gobelin Barbare"}]},{"@type":"WebSite","@id":"https:\/\/my.stlflix.com\/#website","url":"https:\/\/my.stlflix.com\/","name":"MyStore - By STLFLIX","description":"","publisher":{"@id":"https:\/\/my.stlflix.com\/#organization"},"potentialAction":[{"@type":"SearchAction","target":{"@type":"EntryPoint","urlTemplate":"https:\/\/my.stlflix.com\/?s={search_term_string}"},"query-input":{"@type":"PropertyValueSpecification","valueRequired":true,"valueName":"search_term_string"}}],"inLanguage":"es-ES"},{"@type":"Organization","@id":"https:\/\/my.stlflix.com\/#organization","name":"MyStore - By STLFLIX","url":"https:\/\/my.stlflix.com\/","logo":{"@type":"ImageObject","inLanguage":"es-ES","@id":"https:\/\/my.stlflix.com\/#\/schema\/logo\/image\/","url":"https:\/\/my.stlflix.com\/wp-content\/uploads\/2024\/06\/logo-mystore.png","contentUrl":"https:\/\/my.stlflix.com\/wp-content\/uploads\/2024\/06\/logo-mystore.png","width":150,"height":41,"caption":"MyStore - By STLFLIX"},"image":{"@id":"https:\/\/my.stlflix.com\/#\/schema\/logo\/image\/"},"sameAs":["https:\/\/www.facebook.com\/STLFLIX","https:\/\/www.instagram.com\/stlflix_\/","https:\/\/www.tiktok.com\/@stlflix"]}]}},"_links":{"self":[{"href":"https:\/\/my.stlflix.com\/es\/wp-json\/wp\/v2\/product\/165022","targetHints":{"allow":["GET"]}}],"collection":[{"href":"https:\/\/my.stlflix.com\/es\/wp-json\/wp\/v2\/product"}],"about":[{"href":"https:\/\/my.stlflix.com\/es\/wp-json\/wp\/v2\/types\/product"}],"replies":[{"embeddable":true,"href":"https:\/\/my.stlflix.com\/es\/wp-json\/wp\/v2\/comments?post=165022"}],"wp:featuredmedia":[{"embeddable":true,"href":"https:\/\/my.stlflix.com\/es\/wp-json\/wp\/v2\/media\/3249"}],"wp:attachment":[{"href":"https:\/\/my.stlflix.com\/es\/wp-json\/wp\/v2\/media?parent=165022"}],"wp:term":[{"taxonomy":"product_brand","embeddable":true,"href":"https:\/\/my.stlflix.com\/es\/wp-json\/wp\/v2\/product_brand?post=165022"},{"taxonomy":"product_cat","embeddable":true,"href":"https:\/\/my.stlflix.com\/es\/wp-json\/wp\/v2\/product_cat?post=165022"},{"taxonomy":"product_tag","embeddable":true,"href":"https:\/\/my.stlflix.com\/es\/wp-json\/wp\/v2\/product_tag?post=165022"}],"curies":[{"name":"wp","href":"https:\/\/api.w.org\/{rel}","templated":true}]}}