{"id":165029,"date":"2024-11-25T20:30:22","date_gmt":"2024-11-25T20:30:22","guid":{"rendered":"https:\/\/my.stlflix.com\/?post_type=product&#038;p=165029"},"modified":"2024-12-22T12:30:53","modified_gmt":"2024-12-22T12:30:53","slug":"town-guard-01-673e5bd256913","status":"publish","type":"product","link":"https:\/\/my.stlflix.com\/es\/product\/town-guard-01-673e5bd256913\/","title":{"rendered":"Garde 1"},"content":{"rendered":"<p>La ville de Birdfall est prot\u00e9g\u00e9e par des hommes arm\u00e9s et entra\u00een\u00e9s, pr\u00eats \u00e0 d\u00e9fendre les citoyens \u00e0 tout prix.<br \/>\nBien que peu de dangers r\u00f4dent aux alentours de la ville ces derniers temps, les soldats restent toujours sur le qui-vive.<br \/>\nParfois ennuy\u00e9s, parfois peu enclins \u00e0 collaborer avec les \u00e9trangers, mais toujours pr\u00eats.<br \/>\nFigurine imprim\u00e9 en r\u00e9sine, 38mm, vendu non peinte<\/p>\n","protected":false},"excerpt":{"rendered":"<p>La ville de Birdfall est prot\u00e9g\u00e9e par des hommes arm\u00e9s et entra\u00een\u00e9s, pr\u00eats \u00e0 d\u00e9fendre les citoyens \u00e0 tout prix. Bien que peu de dangers r\u00f4dent aux alentours de la ville ces derniers temps, les soldats restent toujours sur le qui-vive. Parfois ennuy\u00e9s, parfois peu enclins \u00e0 collaborer avec les \u00e9trangers, mais toujours pr\u00eats. Figurine [&hellip;]<\/p>\n","protected":false},"featured_media":3193,"comment_status":"open","ping_status":"closed","template":"","meta":[],"product_brand":[],"product_cat":[47],"product_tag":[149,3456],"class_list":{"0":"post-165029","1":"product","2":"type-product","3":"status-publish","4":"has-post-thumbnail","6":"product_cat-goblin-invasion","7":"product_tag-dnd","8":"product_tag-pnj","10":"first","11":"instock","12":"purchasable","13":"product-type-simple"},"yoast_head":"<!-- This site is optimized with the Yoast SEO plugin v25.1 - https:\/\/yoast.com\/wordpress\/plugins\/seo\/ -->\n<title>Garde 1 - MyStore - By STLFLIX<\/title>\n<meta name=\"robots\" content=\"index, follow, max-snippet:-1, max-image-preview:large, max-video-preview:-1\" \/>\n<link rel=\"canonical\" href=\"https:\/\/www.monitorstlflix.com\/product\/town-guard-01-673e5bd256913\/\" \/>\n<meta property=\"og:locale\" content=\"es_ES\" \/>\n<meta property=\"og:type\" content=\"article\" \/>\n<meta property=\"og:title\" content=\"Garde 1 - MyStore - By STLFLIX\" \/>\n<meta property=\"og:description\" content=\"La ville de Birdfall est prot\u00e9g\u00e9e par des hommes arm\u00e9s et entra\u00een\u00e9s, pr\u00eats \u00e0 d\u00e9fendre les citoyens \u00e0 tout prix. Bien que peu de dangers r\u00f4dent aux alentours de la ville ces derniers temps, les soldats restent toujours sur le qui-vive. Parfois ennuy\u00e9s, parfois peu enclins \u00e0 collaborer avec les \u00e9trangers, mais toujours pr\u00eats. Figurine [&hellip;]\" \/>\n<meta property=\"og:url\" content=\"https:\/\/www.monitorstlflix.com\/product\/town-guard-01-673e5bd256913\/\" \/>\n<meta property=\"og:site_name\" content=\"MyStore - By STLFLIX\" \/>\n<meta property=\"article:publisher\" content=\"https:\/\/www.facebook.com\/STLFLIX\" \/>\n<meta property=\"article:modified_time\" content=\"2024-12-22T12:30:53+00:00\" \/>\n<meta property=\"og:image\" content=\"https:\/\/www.monitorstlflix.com\/wp-content\/uploads\/2024\/03\/Town_Guard_1_thumb_1e589129e1.jpg\" \/>\n\t<meta property=\"og:image:width\" content=\"1080\" \/>\n\t<meta property=\"og:image:height\" content=\"1350\" \/>\n\t<meta property=\"og:image:type\" content=\"image\/jpeg\" \/>\n<meta name=\"twitter:card\" content=\"summary_large_image\" \/>\n<script type=\"application\/ld+json\" class=\"yoast-schema-graph\">{\"@context\":\"https:\/\/schema.org\",\"@graph\":[{\"@type\":\"WebPage\",\"@id\":\"https:\/\/www.monitorstlflix.com\/product\/town-guard-01-673e5bd256913\/\",\"url\":\"https:\/\/www.monitorstlflix.com\/product\/town-guard-01-673e5bd256913\/\",\"name\":\"Garde 1 - MyStore - By STLFLIX\",\"isPartOf\":{\"@id\":\"https:\/\/my.stlflix.com\/#website\"},\"primaryImageOfPage\":{\"@id\":\"https:\/\/www.monitorstlflix.com\/product\/town-guard-01-673e5bd256913\/#primaryimage\"},\"image\":{\"@id\":\"https:\/\/www.monitorstlflix.com\/product\/town-guard-01-673e5bd256913\/#primaryimage\"},\"thumbnailUrl\":\"https:\/\/my.stlflix.com\/wp-content\/uploads\/2024\/03\/Town_Guard_1_thumb_1e589129e1.jpg\",\"datePublished\":\"2024-11-25T20:30:22+00:00\",\"dateModified\":\"2024-12-22T12:30:53+00:00\",\"breadcrumb\":{\"@id\":\"https:\/\/www.monitorstlflix.com\/product\/town-guard-01-673e5bd256913\/#breadcrumb\"},\"inLanguage\":\"es-ES\",\"potentialAction\":[{\"@type\":\"ReadAction\",\"target\":[\"https:\/\/www.monitorstlflix.com\/product\/town-guard-01-673e5bd256913\/\"]}]},{\"@type\":\"ImageObject\",\"inLanguage\":\"es-ES\",\"@id\":\"https:\/\/www.monitorstlflix.com\/product\/town-guard-01-673e5bd256913\/#primaryimage\",\"url\":\"https:\/\/my.stlflix.com\/wp-content\/uploads\/2024\/03\/Town_Guard_1_thumb_1e589129e1.jpg\",\"contentUrl\":\"https:\/\/my.stlflix.com\/wp-content\/uploads\/2024\/03\/Town_Guard_1_thumb_1e589129e1.jpg\",\"width\":1080,\"height\":1350},{\"@type\":\"BreadcrumbList\",\"@id\":\"https:\/\/www.monitorstlflix.com\/product\/town-guard-01-673e5bd256913\/#breadcrumb\",\"itemListElement\":[{\"@type\":\"ListItem\",\"position\":1,\"name\":\"Home\",\"item\":\"https:\/\/www.stlflix-store.com\/\"},{\"@type\":\"ListItem\",\"position\":2,\"name\":\"Products\",\"item\":\"https:\/\/www.stlflix-store.com\/shop\/\"},{\"@type\":\"ListItem\",\"position\":3,\"name\":\"Garde 1\"}]},{\"@type\":\"WebSite\",\"@id\":\"https:\/\/my.stlflix.com\/#website\",\"url\":\"https:\/\/my.stlflix.com\/\",\"name\":\"MyStore - By STLFLIX\",\"description\":\"\",\"publisher\":{\"@id\":\"https:\/\/my.stlflix.com\/#organization\"},\"potentialAction\":[{\"@type\":\"SearchAction\",\"target\":{\"@type\":\"EntryPoint\",\"urlTemplate\":\"https:\/\/my.stlflix.com\/?s={search_term_string}\"},\"query-input\":{\"@type\":\"PropertyValueSpecification\",\"valueRequired\":true,\"valueName\":\"search_term_string\"}}],\"inLanguage\":\"es-ES\"},{\"@type\":\"Organization\",\"@id\":\"https:\/\/my.stlflix.com\/#organization\",\"name\":\"MyStore - By STLFLIX\",\"url\":\"https:\/\/my.stlflix.com\/\",\"logo\":{\"@type\":\"ImageObject\",\"inLanguage\":\"es-ES\",\"@id\":\"https:\/\/my.stlflix.com\/#\/schema\/logo\/image\/\",\"url\":\"https:\/\/my.stlflix.com\/wp-content\/uploads\/2024\/06\/logo-mystore.png\",\"contentUrl\":\"https:\/\/my.stlflix.com\/wp-content\/uploads\/2024\/06\/logo-mystore.png\",\"width\":150,\"height\":41,\"caption\":\"MyStore - By STLFLIX\"},\"image\":{\"@id\":\"https:\/\/my.stlflix.com\/#\/schema\/logo\/image\/\"},\"sameAs\":[\"https:\/\/www.facebook.com\/STLFLIX\",\"https:\/\/www.instagram.com\/stlflix_\/\",\"https:\/\/www.tiktok.com\/@stlflix\"]}]}<\/script>\n<!-- \/ Yoast SEO plugin. -->","yoast_head_json":{"title":"Garde 1 - MyStore - By STLFLIX","robots":{"index":"index","follow":"follow","max-snippet":"max-snippet:-1","max-image-preview":"max-image-preview:large","max-video-preview":"max-video-preview:-1"},"canonical":"https:\/\/www.monitorstlflix.com\/product\/town-guard-01-673e5bd256913\/","og_locale":"es_ES","og_type":"article","og_title":"Garde 1 - MyStore - By STLFLIX","og_description":"La ville de Birdfall est prot\u00e9g\u00e9e par des hommes arm\u00e9s et entra\u00een\u00e9s, pr\u00eats \u00e0 d\u00e9fendre les citoyens \u00e0 tout prix. Bien que peu de dangers r\u00f4dent aux alentours de la ville ces derniers temps, les soldats restent toujours sur le qui-vive. Parfois ennuy\u00e9s, parfois peu enclins \u00e0 collaborer avec les \u00e9trangers, mais toujours pr\u00eats. Figurine [&hellip;]","og_url":"https:\/\/www.monitorstlflix.com\/product\/town-guard-01-673e5bd256913\/","og_site_name":"MyStore - By STLFLIX","article_publisher":"https:\/\/www.facebook.com\/STLFLIX","article_modified_time":"2024-12-22T12:30:53+00:00","og_image":[{"width":1080,"height":1350,"url":"https:\/\/www.monitorstlflix.com\/wp-content\/uploads\/2024\/03\/Town_Guard_1_thumb_1e589129e1.jpg","type":"image\/jpeg"}],"twitter_card":"summary_large_image","schema":{"@context":"https:\/\/schema.org","@graph":[{"@type":"WebPage","@id":"https:\/\/www.monitorstlflix.com\/product\/town-guard-01-673e5bd256913\/","url":"https:\/\/www.monitorstlflix.com\/product\/town-guard-01-673e5bd256913\/","name":"Garde 1 - MyStore - By STLFLIX","isPartOf":{"@id":"https:\/\/my.stlflix.com\/#website"},"primaryImageOfPage":{"@id":"https:\/\/www.monitorstlflix.com\/product\/town-guard-01-673e5bd256913\/#primaryimage"},"image":{"@id":"https:\/\/www.monitorstlflix.com\/product\/town-guard-01-673e5bd256913\/#primaryimage"},"thumbnailUrl":"https:\/\/my.stlflix.com\/wp-content\/uploads\/2024\/03\/Town_Guard_1_thumb_1e589129e1.jpg","datePublished":"2024-11-25T20:30:22+00:00","dateModified":"2024-12-22T12:30:53+00:00","breadcrumb":{"@id":"https:\/\/www.monitorstlflix.com\/product\/town-guard-01-673e5bd256913\/#breadcrumb"},"inLanguage":"es-ES","potentialAction":[{"@type":"ReadAction","target":["https:\/\/www.monitorstlflix.com\/product\/town-guard-01-673e5bd256913\/"]}]},{"@type":"ImageObject","inLanguage":"es-ES","@id":"https:\/\/www.monitorstlflix.com\/product\/town-guard-01-673e5bd256913\/#primaryimage","url":"https:\/\/my.stlflix.com\/wp-content\/uploads\/2024\/03\/Town_Guard_1_thumb_1e589129e1.jpg","contentUrl":"https:\/\/my.stlflix.com\/wp-content\/uploads\/2024\/03\/Town_Guard_1_thumb_1e589129e1.jpg","width":1080,"height":1350},{"@type":"BreadcrumbList","@id":"https:\/\/www.monitorstlflix.com\/product\/town-guard-01-673e5bd256913\/#breadcrumb","itemListElement":[{"@type":"ListItem","position":1,"name":"Home","item":"https:\/\/www.stlflix-store.com\/"},{"@type":"ListItem","position":2,"name":"Products","item":"https:\/\/www.stlflix-store.com\/shop\/"},{"@type":"ListItem","position":3,"name":"Garde 1"}]},{"@type":"WebSite","@id":"https:\/\/my.stlflix.com\/#website","url":"https:\/\/my.stlflix.com\/","name":"MyStore - By STLFLIX","description":"","publisher":{"@id":"https:\/\/my.stlflix.com\/#organization"},"potentialAction":[{"@type":"SearchAction","target":{"@type":"EntryPoint","urlTemplate":"https:\/\/my.stlflix.com\/?s={search_term_string}"},"query-input":{"@type":"PropertyValueSpecification","valueRequired":true,"valueName":"search_term_string"}}],"inLanguage":"es-ES"},{"@type":"Organization","@id":"https:\/\/my.stlflix.com\/#organization","name":"MyStore - By STLFLIX","url":"https:\/\/my.stlflix.com\/","logo":{"@type":"ImageObject","inLanguage":"es-ES","@id":"https:\/\/my.stlflix.com\/#\/schema\/logo\/image\/","url":"https:\/\/my.stlflix.com\/wp-content\/uploads\/2024\/06\/logo-mystore.png","contentUrl":"https:\/\/my.stlflix.com\/wp-content\/uploads\/2024\/06\/logo-mystore.png","width":150,"height":41,"caption":"MyStore - By STLFLIX"},"image":{"@id":"https:\/\/my.stlflix.com\/#\/schema\/logo\/image\/"},"sameAs":["https:\/\/www.facebook.com\/STLFLIX","https:\/\/www.instagram.com\/stlflix_\/","https:\/\/www.tiktok.com\/@stlflix"]}]}},"_links":{"self":[{"href":"https:\/\/my.stlflix.com\/es\/wp-json\/wp\/v2\/product\/165029","targetHints":{"allow":["GET"]}}],"collection":[{"href":"https:\/\/my.stlflix.com\/es\/wp-json\/wp\/v2\/product"}],"about":[{"href":"https:\/\/my.stlflix.com\/es\/wp-json\/wp\/v2\/types\/product"}],"replies":[{"embeddable":true,"href":"https:\/\/my.stlflix.com\/es\/wp-json\/wp\/v2\/comments?post=165029"}],"wp:featuredmedia":[{"embeddable":true,"href":"https:\/\/my.stlflix.com\/es\/wp-json\/wp\/v2\/media\/3193"}],"wp:attachment":[{"href":"https:\/\/my.stlflix.com\/es\/wp-json\/wp\/v2\/media?parent=165029"}],"wp:term":[{"taxonomy":"product_brand","embeddable":true,"href":"https:\/\/my.stlflix.com\/es\/wp-json\/wp\/v2\/product_brand?post=165029"},{"taxonomy":"product_cat","embeddable":true,"href":"https:\/\/my.stlflix.com\/es\/wp-json\/wp\/v2\/product_cat?post=165029"},{"taxonomy":"product_tag","embeddable":true,"href":"https:\/\/my.stlflix.com\/es\/wp-json\/wp\/v2\/product_tag?post=165029"}],"curies":[{"name":"wp","href":"https:\/\/api.w.org\/{rel}","templated":true}]}}