{"id":165033,"date":"2024-12-05T09:34:46","date_gmt":"2024-12-05T09:34:46","guid":{"rendered":"https:\/\/my.stlflix.com\/?post_type=product&#038;p=165033"},"modified":"2024-12-22T12:30:54","modified_gmt":"2024-12-22T12:30:54","slug":"mr-eugene-673e5cb1856bc","status":"publish","type":"product","link":"https:\/\/my.stlflix.com\/es\/product\/mr-eugene-673e5cb1856bc\/","title":{"rendered":"Mr. Eugene"},"content":{"rendered":"<p>En tant que tout premier employ\u00e9 de Tabitha, M. Eugene fut d\u00e9sign\u00e9 pour devenir le tavernier.<br \/>\nCertains disent que c\u2019est parce qu\u2019il \u00e9tait le plus comp\u00e9tent, d\u2019autres affirment que c\u2019est parce qu\u2019il \u00e9tait celui qui ressemblait le plus \u00e0 un poisson pour une propri\u00e9taire f\u00e9line.<br \/>\nEnfin, il y en a qui pensent que c\u2019\u00e9tait simplement parce qu\u2019il \u00e9tait pratiquement le seul choix parmi les rares victimes de mimique jusqu\u2019\u00e0 pr\u00e9sent.<br \/>\nMais au fond, libre \u00e0 vous de croire ce qui vous pla\u00eet.<\/p>\n<p>Figurine imprim\u00e9e en r\u00e9sine, 28mm, vendu non peinte<\/p>\n","protected":false},"excerpt":{"rendered":"<p>En tant que tout premier employ\u00e9 de Tabitha, M. Eugene fut d\u00e9sign\u00e9 pour devenir le tavernier. Certains disent que c\u2019est parce qu\u2019il \u00e9tait le plus comp\u00e9tent, d\u2019autres affirment que c\u2019est parce qu\u2019il \u00e9tait celui qui ressemblait le plus \u00e0 un poisson pour une propri\u00e9taire f\u00e9line. Enfin, il y en a qui pensent que c\u2019\u00e9tait simplement [&hellip;]<\/p>\n","protected":false},"featured_media":3123,"comment_status":"open","ping_status":"closed","template":"","meta":[],"product_brand":[],"product_cat":[47],"product_tag":[149,3456],"class_list":{"0":"post-165033","1":"product","2":"type-product","3":"status-publish","4":"has-post-thumbnail","6":"product_cat-goblin-invasion","7":"product_tag-dnd","8":"product_tag-pnj","10":"first","11":"instock","12":"purchasable","13":"product-type-simple"},"yoast_head":"<!-- This site is optimized with the Yoast SEO plugin v25.1 - https:\/\/yoast.com\/wordpress\/plugins\/seo\/ -->\n<title>Mr. Eugene - MyStore - By STLFLIX<\/title>\n<meta name=\"robots\" content=\"index, follow, max-snippet:-1, max-image-preview:large, max-video-preview:-1\" \/>\n<link rel=\"canonical\" href=\"https:\/\/www.lojadomandela3d.biz\/product\/mr-eugene-673e5cb1856bc\/\" \/>\n<meta property=\"og:locale\" content=\"es_ES\" \/>\n<meta property=\"og:type\" content=\"article\" \/>\n<meta property=\"og:title\" content=\"Mr. Eugene - MyStore - By STLFLIX\" \/>\n<meta property=\"og:description\" content=\"En tant que tout premier employ\u00e9 de Tabitha, M. Eugene fut d\u00e9sign\u00e9 pour devenir le tavernier. Certains disent que c\u2019est parce qu\u2019il \u00e9tait le plus comp\u00e9tent, d\u2019autres affirment que c\u2019est parce qu\u2019il \u00e9tait celui qui ressemblait le plus \u00e0 un poisson pour une propri\u00e9taire f\u00e9line. Enfin, il y en a qui pensent que c\u2019\u00e9tait simplement [&hellip;]\" \/>\n<meta property=\"og:url\" content=\"https:\/\/www.lojadomandela3d.biz\/product\/mr-eugene-673e5cb1856bc\/\" \/>\n<meta property=\"og:site_name\" content=\"MyStore - By STLFLIX\" \/>\n<meta property=\"article:publisher\" content=\"https:\/\/www.facebook.com\/STLFLIX\" \/>\n<meta property=\"article:modified_time\" content=\"2024-12-22T12:30:54+00:00\" \/>\n<meta property=\"og:image\" content=\"https:\/\/www.lojadomandela3d.biz\/wp-content\/uploads\/2024\/03\/Mr_Eugene_thumb_3771f7b74c.jpg\" \/>\n\t<meta property=\"og:image:width\" content=\"1080\" \/>\n\t<meta property=\"og:image:height\" content=\"1350\" \/>\n\t<meta property=\"og:image:type\" content=\"image\/jpeg\" \/>\n<meta name=\"twitter:card\" content=\"summary_large_image\" \/>\n<meta name=\"twitter:label1\" content=\"Est. reading time\" \/>\n\t<meta name=\"twitter:data1\" content=\"1 minute\" \/>\n<script type=\"application\/ld+json\" class=\"yoast-schema-graph\">{\"@context\":\"https:\/\/schema.org\",\"@graph\":[{\"@type\":\"WebPage\",\"@id\":\"https:\/\/www.lojadomandela3d.biz\/product\/mr-eugene-673e5cb1856bc\/\",\"url\":\"https:\/\/www.lojadomandela3d.biz\/product\/mr-eugene-673e5cb1856bc\/\",\"name\":\"Mr. Eugene - MyStore - By STLFLIX\",\"isPartOf\":{\"@id\":\"https:\/\/my.stlflix.com\/#website\"},\"primaryImageOfPage\":{\"@id\":\"https:\/\/www.lojadomandela3d.biz\/product\/mr-eugene-673e5cb1856bc\/#primaryimage\"},\"image\":{\"@id\":\"https:\/\/www.lojadomandela3d.biz\/product\/mr-eugene-673e5cb1856bc\/#primaryimage\"},\"thumbnailUrl\":\"https:\/\/my.stlflix.com\/wp-content\/uploads\/2024\/03\/Mr_Eugene_thumb_3771f7b74c.jpg\",\"datePublished\":\"2024-12-05T09:34:46+00:00\",\"dateModified\":\"2024-12-22T12:30:54+00:00\",\"breadcrumb\":{\"@id\":\"https:\/\/www.lojadomandela3d.biz\/product\/mr-eugene-673e5cb1856bc\/#breadcrumb\"},\"inLanguage\":\"es-ES\",\"potentialAction\":[{\"@type\":\"ReadAction\",\"target\":[\"https:\/\/www.lojadomandela3d.biz\/product\/mr-eugene-673e5cb1856bc\/\"]}]},{\"@type\":\"ImageObject\",\"inLanguage\":\"es-ES\",\"@id\":\"https:\/\/www.lojadomandela3d.biz\/product\/mr-eugene-673e5cb1856bc\/#primaryimage\",\"url\":\"https:\/\/my.stlflix.com\/wp-content\/uploads\/2024\/03\/Mr_Eugene_thumb_3771f7b74c.jpg\",\"contentUrl\":\"https:\/\/my.stlflix.com\/wp-content\/uploads\/2024\/03\/Mr_Eugene_thumb_3771f7b74c.jpg\",\"width\":1080,\"height\":1350},{\"@type\":\"BreadcrumbList\",\"@id\":\"https:\/\/www.lojadomandela3d.biz\/product\/mr-eugene-673e5cb1856bc\/#breadcrumb\",\"itemListElement\":[{\"@type\":\"ListItem\",\"position\":1,\"name\":\"Home\",\"item\":\"https:\/\/www.stlflix-store.com\/\"},{\"@type\":\"ListItem\",\"position\":2,\"name\":\"Products\",\"item\":\"https:\/\/www.stlflix-store.com\/shop\/\"},{\"@type\":\"ListItem\",\"position\":3,\"name\":\"Mr. Eugene\"}]},{\"@type\":\"WebSite\",\"@id\":\"https:\/\/my.stlflix.com\/#website\",\"url\":\"https:\/\/my.stlflix.com\/\",\"name\":\"MyStore - By STLFLIX\",\"description\":\"\",\"publisher\":{\"@id\":\"https:\/\/my.stlflix.com\/#organization\"},\"potentialAction\":[{\"@type\":\"SearchAction\",\"target\":{\"@type\":\"EntryPoint\",\"urlTemplate\":\"https:\/\/my.stlflix.com\/?s={search_term_string}\"},\"query-input\":{\"@type\":\"PropertyValueSpecification\",\"valueRequired\":true,\"valueName\":\"search_term_string\"}}],\"inLanguage\":\"es-ES\"},{\"@type\":\"Organization\",\"@id\":\"https:\/\/my.stlflix.com\/#organization\",\"name\":\"MyStore - By STLFLIX\",\"url\":\"https:\/\/my.stlflix.com\/\",\"logo\":{\"@type\":\"ImageObject\",\"inLanguage\":\"es-ES\",\"@id\":\"https:\/\/my.stlflix.com\/#\/schema\/logo\/image\/\",\"url\":\"https:\/\/my.stlflix.com\/wp-content\/uploads\/2024\/06\/logo-mystore.png\",\"contentUrl\":\"https:\/\/my.stlflix.com\/wp-content\/uploads\/2024\/06\/logo-mystore.png\",\"width\":150,\"height\":41,\"caption\":\"MyStore - By STLFLIX\"},\"image\":{\"@id\":\"https:\/\/my.stlflix.com\/#\/schema\/logo\/image\/\"},\"sameAs\":[\"https:\/\/www.facebook.com\/STLFLIX\",\"https:\/\/www.instagram.com\/stlflix_\/\",\"https:\/\/www.tiktok.com\/@stlflix\"]}]}<\/script>\n<!-- \/ Yoast SEO plugin. -->","yoast_head_json":{"title":"Mr. Eugene - MyStore - By STLFLIX","robots":{"index":"index","follow":"follow","max-snippet":"max-snippet:-1","max-image-preview":"max-image-preview:large","max-video-preview":"max-video-preview:-1"},"canonical":"https:\/\/www.lojadomandela3d.biz\/product\/mr-eugene-673e5cb1856bc\/","og_locale":"es_ES","og_type":"article","og_title":"Mr. Eugene - MyStore - By STLFLIX","og_description":"En tant que tout premier employ\u00e9 de Tabitha, M. Eugene fut d\u00e9sign\u00e9 pour devenir le tavernier. Certains disent que c\u2019est parce qu\u2019il \u00e9tait le plus comp\u00e9tent, d\u2019autres affirment que c\u2019est parce qu\u2019il \u00e9tait celui qui ressemblait le plus \u00e0 un poisson pour une propri\u00e9taire f\u00e9line. Enfin, il y en a qui pensent que c\u2019\u00e9tait simplement [&hellip;]","og_url":"https:\/\/www.lojadomandela3d.biz\/product\/mr-eugene-673e5cb1856bc\/","og_site_name":"MyStore - By STLFLIX","article_publisher":"https:\/\/www.facebook.com\/STLFLIX","article_modified_time":"2024-12-22T12:30:54+00:00","og_image":[{"width":1080,"height":1350,"url":"https:\/\/www.lojadomandela3d.biz\/wp-content\/uploads\/2024\/03\/Mr_Eugene_thumb_3771f7b74c.jpg","type":"image\/jpeg"}],"twitter_card":"summary_large_image","twitter_misc":{"Est. reading time":"1 minute"},"schema":{"@context":"https:\/\/schema.org","@graph":[{"@type":"WebPage","@id":"https:\/\/www.lojadomandela3d.biz\/product\/mr-eugene-673e5cb1856bc\/","url":"https:\/\/www.lojadomandela3d.biz\/product\/mr-eugene-673e5cb1856bc\/","name":"Mr. Eugene - MyStore - By STLFLIX","isPartOf":{"@id":"https:\/\/my.stlflix.com\/#website"},"primaryImageOfPage":{"@id":"https:\/\/www.lojadomandela3d.biz\/product\/mr-eugene-673e5cb1856bc\/#primaryimage"},"image":{"@id":"https:\/\/www.lojadomandela3d.biz\/product\/mr-eugene-673e5cb1856bc\/#primaryimage"},"thumbnailUrl":"https:\/\/my.stlflix.com\/wp-content\/uploads\/2024\/03\/Mr_Eugene_thumb_3771f7b74c.jpg","datePublished":"2024-12-05T09:34:46+00:00","dateModified":"2024-12-22T12:30:54+00:00","breadcrumb":{"@id":"https:\/\/www.lojadomandela3d.biz\/product\/mr-eugene-673e5cb1856bc\/#breadcrumb"},"inLanguage":"es-ES","potentialAction":[{"@type":"ReadAction","target":["https:\/\/www.lojadomandela3d.biz\/product\/mr-eugene-673e5cb1856bc\/"]}]},{"@type":"ImageObject","inLanguage":"es-ES","@id":"https:\/\/www.lojadomandela3d.biz\/product\/mr-eugene-673e5cb1856bc\/#primaryimage","url":"https:\/\/my.stlflix.com\/wp-content\/uploads\/2024\/03\/Mr_Eugene_thumb_3771f7b74c.jpg","contentUrl":"https:\/\/my.stlflix.com\/wp-content\/uploads\/2024\/03\/Mr_Eugene_thumb_3771f7b74c.jpg","width":1080,"height":1350},{"@type":"BreadcrumbList","@id":"https:\/\/www.lojadomandela3d.biz\/product\/mr-eugene-673e5cb1856bc\/#breadcrumb","itemListElement":[{"@type":"ListItem","position":1,"name":"Home","item":"https:\/\/www.stlflix-store.com\/"},{"@type":"ListItem","position":2,"name":"Products","item":"https:\/\/www.stlflix-store.com\/shop\/"},{"@type":"ListItem","position":3,"name":"Mr. Eugene"}]},{"@type":"WebSite","@id":"https:\/\/my.stlflix.com\/#website","url":"https:\/\/my.stlflix.com\/","name":"MyStore - By STLFLIX","description":"","publisher":{"@id":"https:\/\/my.stlflix.com\/#organization"},"potentialAction":[{"@type":"SearchAction","target":{"@type":"EntryPoint","urlTemplate":"https:\/\/my.stlflix.com\/?s={search_term_string}"},"query-input":{"@type":"PropertyValueSpecification","valueRequired":true,"valueName":"search_term_string"}}],"inLanguage":"es-ES"},{"@type":"Organization","@id":"https:\/\/my.stlflix.com\/#organization","name":"MyStore - By STLFLIX","url":"https:\/\/my.stlflix.com\/","logo":{"@type":"ImageObject","inLanguage":"es-ES","@id":"https:\/\/my.stlflix.com\/#\/schema\/logo\/image\/","url":"https:\/\/my.stlflix.com\/wp-content\/uploads\/2024\/06\/logo-mystore.png","contentUrl":"https:\/\/my.stlflix.com\/wp-content\/uploads\/2024\/06\/logo-mystore.png","width":150,"height":41,"caption":"MyStore - By STLFLIX"},"image":{"@id":"https:\/\/my.stlflix.com\/#\/schema\/logo\/image\/"},"sameAs":["https:\/\/www.facebook.com\/STLFLIX","https:\/\/www.instagram.com\/stlflix_\/","https:\/\/www.tiktok.com\/@stlflix"]}]}},"_links":{"self":[{"href":"https:\/\/my.stlflix.com\/es\/wp-json\/wp\/v2\/product\/165033","targetHints":{"allow":["GET"]}}],"collection":[{"href":"https:\/\/my.stlflix.com\/es\/wp-json\/wp\/v2\/product"}],"about":[{"href":"https:\/\/my.stlflix.com\/es\/wp-json\/wp\/v2\/types\/product"}],"replies":[{"embeddable":true,"href":"https:\/\/my.stlflix.com\/es\/wp-json\/wp\/v2\/comments?post=165033"}],"wp:featuredmedia":[{"embeddable":true,"href":"https:\/\/my.stlflix.com\/es\/wp-json\/wp\/v2\/media\/3123"}],"wp:attachment":[{"href":"https:\/\/my.stlflix.com\/es\/wp-json\/wp\/v2\/media?parent=165033"}],"wp:term":[{"taxonomy":"product_brand","embeddable":true,"href":"https:\/\/my.stlflix.com\/es\/wp-json\/wp\/v2\/product_brand?post=165033"},{"taxonomy":"product_cat","embeddable":true,"href":"https:\/\/my.stlflix.com\/es\/wp-json\/wp\/v2\/product_cat?post=165033"},{"taxonomy":"product_tag","embeddable":true,"href":"https:\/\/my.stlflix.com\/es\/wp-json\/wp\/v2\/product_tag?post=165033"}],"curies":[{"name":"wp","href":"https:\/\/api.w.org\/{rel}","templated":true}]}}