{"id":165035,"date":"2024-11-28T20:28:08","date_gmt":"2024-11-28T20:28:08","guid":{"rendered":"https:\/\/my.stlflix.com\/?post_type=product&#038;p=165035"},"modified":"2024-12-22T12:30:54","modified_gmt":"2024-12-22T12:30:54","slug":"orthos-the-troll-673e5cb8afc7f","status":"publish","type":"product","link":"https:\/\/my.stlflix.com\/es\/product\/orthos-the-troll-673e5cb8afc7f\/","title":{"rendered":"Orthos, the Troll"},"content":{"rendered":"<p>Qui aurait cru que cette vile cr\u00e9ature confin\u00e9e dans les mar\u00e9cages avait une \u00e2me digne d&#8217;exister ?<\/p>\n<p>Pourtant, elle en avait une, du moins aux yeux de Grybs et Hobbs.<\/p>\n<p>Ils d\u00e9cid\u00e8rent de donner \u00e0 Orthos une place dans le monde, un endroit o\u00f9 il pourrait \u00eatre reconnu et fier.<\/p>\n<p>Figurine imprim\u00e9 en r\u00e9sine, 38mm, vendu non peinte<\/p>\n<p>Bien s\u00fbr, \u00e0 condition qu&#8217;il les aide avec une ou deux petites choses.<\/p>\n","protected":false},"excerpt":{"rendered":"<p>Qui aurait cru que cette vile cr\u00e9ature confin\u00e9e dans les mar\u00e9cages avait une \u00e2me digne d&#8217;exister ? Pourtant, elle en avait une, du moins aux yeux de Grybs et Hobbs. Ils d\u00e9cid\u00e8rent de donner \u00e0 Orthos une place dans le monde, un endroit o\u00f9 il pourrait \u00eatre reconnu et fier. Figurine imprim\u00e9 en r\u00e9sine, 38mm, [&hellip;]<\/p>\n","protected":false},"featured_media":3137,"comment_status":"open","ping_status":"closed","template":"","meta":[],"product_brand":[],"product_cat":[47],"product_tag":[149,3482],"class_list":{"0":"post-165035","1":"product","2":"type-product","3":"status-publish","4":"has-post-thumbnail","6":"product_cat-goblin-invasion","7":"product_tag-dnd","8":"product_tag-gobelin","10":"first","11":"instock","12":"purchasable","13":"product-type-simple"},"yoast_head":"<!-- This site is optimized with the Yoast SEO plugin v25.1 - https:\/\/yoast.com\/wordpress\/plugins\/seo\/ -->\n<title>Orthos, the Troll - MyStore - By STLFLIX<\/title>\n<meta name=\"robots\" content=\"index, follow, max-snippet:-1, max-image-preview:large, max-video-preview:-1\" \/>\n<link rel=\"canonical\" href=\"https:\/\/my.stlflix.com\/product\/orthos-the-troll-673e5cb8afc7f\/\" \/>\n<meta property=\"og:locale\" content=\"es_ES\" \/>\n<meta property=\"og:type\" content=\"article\" \/>\n<meta property=\"og:title\" content=\"Orthos, the Troll - MyStore - By STLFLIX\" \/>\n<meta property=\"og:description\" content=\"Qui aurait cru que cette vile cr\u00e9ature confin\u00e9e dans les mar\u00e9cages avait une \u00e2me digne d&#8217;exister ? Pourtant, elle en avait une, du moins aux yeux de Grybs et Hobbs. Ils d\u00e9cid\u00e8rent de donner \u00e0 Orthos une place dans le monde, un endroit o\u00f9 il pourrait \u00eatre reconnu et fier. Figurine imprim\u00e9 en r\u00e9sine, 38mm, [&hellip;]\" \/>\n<meta property=\"og:url\" content=\"https:\/\/my.stlflix.com\/product\/orthos-the-troll-673e5cb8afc7f\/\" \/>\n<meta property=\"og:site_name\" content=\"MyStore - By STLFLIX\" \/>\n<meta property=\"article:publisher\" content=\"https:\/\/www.facebook.com\/STLFLIX\" \/>\n<meta property=\"article:modified_time\" content=\"2024-12-22T12:30:54+00:00\" \/>\n<meta property=\"og:image\" content=\"https:\/\/my.stlflix.com\/wp-content\/uploads\/2024\/03\/Orthos_the_Troll_thumb_eb6a198404.jpg\" \/>\n\t<meta property=\"og:image:width\" content=\"1080\" \/>\n\t<meta property=\"og:image:height\" content=\"1350\" \/>\n\t<meta property=\"og:image:type\" content=\"image\/jpeg\" \/>\n<meta name=\"twitter:card\" content=\"summary_large_image\" \/>\n<script type=\"application\/ld+json\" class=\"yoast-schema-graph\">{\"@context\":\"https:\/\/schema.org\",\"@graph\":[{\"@type\":\"WebPage\",\"@id\":\"https:\/\/my.stlflix.com\/product\/orthos-the-troll-673e5cb8afc7f\/\",\"url\":\"https:\/\/my.stlflix.com\/product\/orthos-the-troll-673e5cb8afc7f\/\",\"name\":\"Orthos, the Troll - MyStore - By STLFLIX\",\"isPartOf\":{\"@id\":\"https:\/\/my.stlflix.com\/#website\"},\"primaryImageOfPage\":{\"@id\":\"https:\/\/my.stlflix.com\/product\/orthos-the-troll-673e5cb8afc7f\/#primaryimage\"},\"image\":{\"@id\":\"https:\/\/my.stlflix.com\/product\/orthos-the-troll-673e5cb8afc7f\/#primaryimage\"},\"thumbnailUrl\":\"https:\/\/my.stlflix.com\/wp-content\/uploads\/2024\/03\/Orthos_the_Troll_thumb_eb6a198404.jpg\",\"datePublished\":\"2024-11-28T20:28:08+00:00\",\"dateModified\":\"2024-12-22T12:30:54+00:00\",\"breadcrumb\":{\"@id\":\"https:\/\/my.stlflix.com\/product\/orthos-the-troll-673e5cb8afc7f\/#breadcrumb\"},\"inLanguage\":\"es-ES\",\"potentialAction\":[{\"@type\":\"ReadAction\",\"target\":[\"https:\/\/my.stlflix.com\/product\/orthos-the-troll-673e5cb8afc7f\/\"]}]},{\"@type\":\"ImageObject\",\"inLanguage\":\"es-ES\",\"@id\":\"https:\/\/my.stlflix.com\/product\/orthos-the-troll-673e5cb8afc7f\/#primaryimage\",\"url\":\"https:\/\/my.stlflix.com\/wp-content\/uploads\/2024\/03\/Orthos_the_Troll_thumb_eb6a198404.jpg\",\"contentUrl\":\"https:\/\/my.stlflix.com\/wp-content\/uploads\/2024\/03\/Orthos_the_Troll_thumb_eb6a198404.jpg\",\"width\":1080,\"height\":1350},{\"@type\":\"BreadcrumbList\",\"@id\":\"https:\/\/my.stlflix.com\/product\/orthos-the-troll-673e5cb8afc7f\/#breadcrumb\",\"itemListElement\":[{\"@type\":\"ListItem\",\"position\":1,\"name\":\"Home\",\"item\":\"https:\/\/www.stlflix-store.com\/\"},{\"@type\":\"ListItem\",\"position\":2,\"name\":\"Products\",\"item\":\"https:\/\/www.stlflix-store.com\/shop\/\"},{\"@type\":\"ListItem\",\"position\":3,\"name\":\"Orthos, the Troll\"}]},{\"@type\":\"WebSite\",\"@id\":\"https:\/\/my.stlflix.com\/#website\",\"url\":\"https:\/\/my.stlflix.com\/\",\"name\":\"MyStore - By STLFLIX\",\"description\":\"\",\"publisher\":{\"@id\":\"https:\/\/my.stlflix.com\/#organization\"},\"potentialAction\":[{\"@type\":\"SearchAction\",\"target\":{\"@type\":\"EntryPoint\",\"urlTemplate\":\"https:\/\/my.stlflix.com\/?s={search_term_string}\"},\"query-input\":{\"@type\":\"PropertyValueSpecification\",\"valueRequired\":true,\"valueName\":\"search_term_string\"}}],\"inLanguage\":\"es-ES\"},{\"@type\":\"Organization\",\"@id\":\"https:\/\/my.stlflix.com\/#organization\",\"name\":\"MyStore - By STLFLIX\",\"url\":\"https:\/\/my.stlflix.com\/\",\"logo\":{\"@type\":\"ImageObject\",\"inLanguage\":\"es-ES\",\"@id\":\"https:\/\/my.stlflix.com\/#\/schema\/logo\/image\/\",\"url\":\"https:\/\/my.stlflix.com\/wp-content\/uploads\/2024\/06\/logo-mystore.png\",\"contentUrl\":\"https:\/\/my.stlflix.com\/wp-content\/uploads\/2024\/06\/logo-mystore.png\",\"width\":150,\"height\":41,\"caption\":\"MyStore - By STLFLIX\"},\"image\":{\"@id\":\"https:\/\/my.stlflix.com\/#\/schema\/logo\/image\/\"},\"sameAs\":[\"https:\/\/www.facebook.com\/STLFLIX\",\"https:\/\/www.instagram.com\/stlflix_\/\",\"https:\/\/www.tiktok.com\/@stlflix\"]}]}<\/script>\n<!-- \/ Yoast SEO plugin. -->","yoast_head_json":{"title":"Orthos, the Troll - MyStore - By STLFLIX","robots":{"index":"index","follow":"follow","max-snippet":"max-snippet:-1","max-image-preview":"max-image-preview:large","max-video-preview":"max-video-preview:-1"},"canonical":"https:\/\/my.stlflix.com\/product\/orthos-the-troll-673e5cb8afc7f\/","og_locale":"es_ES","og_type":"article","og_title":"Orthos, the Troll - MyStore - By STLFLIX","og_description":"Qui aurait cru que cette vile cr\u00e9ature confin\u00e9e dans les mar\u00e9cages avait une \u00e2me digne d&#8217;exister ? Pourtant, elle en avait une, du moins aux yeux de Grybs et Hobbs. Ils d\u00e9cid\u00e8rent de donner \u00e0 Orthos une place dans le monde, un endroit o\u00f9 il pourrait \u00eatre reconnu et fier. Figurine imprim\u00e9 en r\u00e9sine, 38mm, [&hellip;]","og_url":"https:\/\/my.stlflix.com\/product\/orthos-the-troll-673e5cb8afc7f\/","og_site_name":"MyStore - By STLFLIX","article_publisher":"https:\/\/www.facebook.com\/STLFLIX","article_modified_time":"2024-12-22T12:30:54+00:00","og_image":[{"width":1080,"height":1350,"url":"https:\/\/my.stlflix.com\/wp-content\/uploads\/2024\/03\/Orthos_the_Troll_thumb_eb6a198404.jpg","type":"image\/jpeg"}],"twitter_card":"summary_large_image","schema":{"@context":"https:\/\/schema.org","@graph":[{"@type":"WebPage","@id":"https:\/\/my.stlflix.com\/product\/orthos-the-troll-673e5cb8afc7f\/","url":"https:\/\/my.stlflix.com\/product\/orthos-the-troll-673e5cb8afc7f\/","name":"Orthos, the Troll - MyStore - By STLFLIX","isPartOf":{"@id":"https:\/\/my.stlflix.com\/#website"},"primaryImageOfPage":{"@id":"https:\/\/my.stlflix.com\/product\/orthos-the-troll-673e5cb8afc7f\/#primaryimage"},"image":{"@id":"https:\/\/my.stlflix.com\/product\/orthos-the-troll-673e5cb8afc7f\/#primaryimage"},"thumbnailUrl":"https:\/\/my.stlflix.com\/wp-content\/uploads\/2024\/03\/Orthos_the_Troll_thumb_eb6a198404.jpg","datePublished":"2024-11-28T20:28:08+00:00","dateModified":"2024-12-22T12:30:54+00:00","breadcrumb":{"@id":"https:\/\/my.stlflix.com\/product\/orthos-the-troll-673e5cb8afc7f\/#breadcrumb"},"inLanguage":"es-ES","potentialAction":[{"@type":"ReadAction","target":["https:\/\/my.stlflix.com\/product\/orthos-the-troll-673e5cb8afc7f\/"]}]},{"@type":"ImageObject","inLanguage":"es-ES","@id":"https:\/\/my.stlflix.com\/product\/orthos-the-troll-673e5cb8afc7f\/#primaryimage","url":"https:\/\/my.stlflix.com\/wp-content\/uploads\/2024\/03\/Orthos_the_Troll_thumb_eb6a198404.jpg","contentUrl":"https:\/\/my.stlflix.com\/wp-content\/uploads\/2024\/03\/Orthos_the_Troll_thumb_eb6a198404.jpg","width":1080,"height":1350},{"@type":"BreadcrumbList","@id":"https:\/\/my.stlflix.com\/product\/orthos-the-troll-673e5cb8afc7f\/#breadcrumb","itemListElement":[{"@type":"ListItem","position":1,"name":"Home","item":"https:\/\/www.stlflix-store.com\/"},{"@type":"ListItem","position":2,"name":"Products","item":"https:\/\/www.stlflix-store.com\/shop\/"},{"@type":"ListItem","position":3,"name":"Orthos, the Troll"}]},{"@type":"WebSite","@id":"https:\/\/my.stlflix.com\/#website","url":"https:\/\/my.stlflix.com\/","name":"MyStore - By STLFLIX","description":"","publisher":{"@id":"https:\/\/my.stlflix.com\/#organization"},"potentialAction":[{"@type":"SearchAction","target":{"@type":"EntryPoint","urlTemplate":"https:\/\/my.stlflix.com\/?s={search_term_string}"},"query-input":{"@type":"PropertyValueSpecification","valueRequired":true,"valueName":"search_term_string"}}],"inLanguage":"es-ES"},{"@type":"Organization","@id":"https:\/\/my.stlflix.com\/#organization","name":"MyStore - By STLFLIX","url":"https:\/\/my.stlflix.com\/","logo":{"@type":"ImageObject","inLanguage":"es-ES","@id":"https:\/\/my.stlflix.com\/#\/schema\/logo\/image\/","url":"https:\/\/my.stlflix.com\/wp-content\/uploads\/2024\/06\/logo-mystore.png","contentUrl":"https:\/\/my.stlflix.com\/wp-content\/uploads\/2024\/06\/logo-mystore.png","width":150,"height":41,"caption":"MyStore - By STLFLIX"},"image":{"@id":"https:\/\/my.stlflix.com\/#\/schema\/logo\/image\/"},"sameAs":["https:\/\/www.facebook.com\/STLFLIX","https:\/\/www.instagram.com\/stlflix_\/","https:\/\/www.tiktok.com\/@stlflix"]}]}},"_links":{"self":[{"href":"https:\/\/my.stlflix.com\/es\/wp-json\/wp\/v2\/product\/165035","targetHints":{"allow":["GET"]}}],"collection":[{"href":"https:\/\/my.stlflix.com\/es\/wp-json\/wp\/v2\/product"}],"about":[{"href":"https:\/\/my.stlflix.com\/es\/wp-json\/wp\/v2\/types\/product"}],"replies":[{"embeddable":true,"href":"https:\/\/my.stlflix.com\/es\/wp-json\/wp\/v2\/comments?post=165035"}],"wp:featuredmedia":[{"embeddable":true,"href":"https:\/\/my.stlflix.com\/es\/wp-json\/wp\/v2\/media\/3137"}],"wp:attachment":[{"href":"https:\/\/my.stlflix.com\/es\/wp-json\/wp\/v2\/media?parent=165035"}],"wp:term":[{"taxonomy":"product_brand","embeddable":true,"href":"https:\/\/my.stlflix.com\/es\/wp-json\/wp\/v2\/product_brand?post=165035"},{"taxonomy":"product_cat","embeddable":true,"href":"https:\/\/my.stlflix.com\/es\/wp-json\/wp\/v2\/product_cat?post=165035"},{"taxonomy":"product_tag","embeddable":true,"href":"https:\/\/my.stlflix.com\/es\/wp-json\/wp\/v2\/product_tag?post=165035"}],"curies":[{"name":"wp","href":"https:\/\/api.w.org\/{rel}","templated":true}]}}