{"id":165036,"date":"2024-12-05T09:31:35","date_gmt":"2024-12-05T09:31:35","guid":{"rendered":"https:\/\/my.stlflix.com\/?post_type=product&#038;p=165036"},"modified":"2024-12-22T12:30:54","modified_gmt":"2024-12-22T12:30:54","slug":"gurak-grease-673e5cbc445a8","status":"publish","type":"product","link":"https:\/\/my.stlflix.com\/es\/product\/gurak-grease-673e5cbc445a8\/","title":{"rendered":"Gurak Grease"},"content":{"rendered":"<p>Deux choses \u00e9taient claires dans la vie de Gurak : il aimait cuisiner, et \u00eatre le grand fr\u00e8re \u00e9tait une vraie plaie.<br \/>\nSon petit fr\u00e8re \u00e9tait bien trop impr\u00e9visible, hyperactif, et engloutissait toujours plus de nourriture que Gurak ne pouvait en pr\u00e9parer.<br \/>\nAlors, apr\u00e8s l\u2019\u00e9pisode o\u00f9 le mimique l\u2019avait &#8220;d\u00e9vor\u00e9&#8221; sans que cela ne le m\u00e8ne \u00e0 la mort, Gurak choisit de\u2026 rester sur place ?<br \/>\nPeu importe o\u00f9 il \u00e9tait, au moins il n\u2019avait plus Grybs sur le dos.<\/p>\n<div id=\"content\" class=\"w-full mx-auto flex-1 \">\n<p>&nbsp;<\/p>\n<div id=\"product-165031\" class=\"product type-product post-165031 status-publish first instock product_cat-goblin-invasion has-post-thumbnail product-type-simple\">\n<div class=\"woocommerce-tabs wc-tabs-wrapper\">\n<div id=\"tab-description\" class=\"woocommerce-Tabs-panel woocommerce-Tabs-panel--description panel entry-content wc-tab\" role=\"tabpanel\" aria-labelledby=\"tab-title-description\">\n<p>Figurine imprim\u00e9 en r\u00e9sine, 28mm, vendu non peinte<\/p>\n<\/div>\n<\/div>\n<\/div>\n<p>&nbsp;<\/p>\n<\/div>\n<footer class=\"flex items-center lg:justify-between flex-col main-footer bg-gray-40 p-10\">\n<div class=\"mb-5\"><\/div>\n<\/footer>\n","protected":false},"excerpt":{"rendered":"<p>Deux choses \u00e9taient claires dans la vie de Gurak : il aimait cuisiner, et \u00eatre le grand fr\u00e8re \u00e9tait une vraie plaie. Son petit fr\u00e8re \u00e9tait bien trop impr\u00e9visible, hyperactif, et engloutissait toujours plus de nourriture que Gurak ne pouvait en pr\u00e9parer. Alors, apr\u00e8s l\u2019\u00e9pisode o\u00f9 le mimique l\u2019avait &#8220;d\u00e9vor\u00e9&#8221; sans que cela ne le [&hellip;]<\/p>\n","protected":false},"featured_media":3144,"comment_status":"open","ping_status":"closed","template":"","meta":[],"product_brand":[],"product_cat":[47],"product_tag":[149,3482],"class_list":{"0":"post-165036","1":"product","2":"type-product","3":"status-publish","4":"has-post-thumbnail","6":"product_cat-goblin-invasion","7":"product_tag-dnd","8":"product_tag-gobelin","10":"first","11":"instock","12":"purchasable","13":"product-type-simple"},"yoast_head":"<!-- This site is optimized with the Yoast SEO plugin v25.1 - https:\/\/yoast.com\/wordpress\/plugins\/seo\/ -->\n<title>Gurak Grease - MyStore - By STLFLIX<\/title>\n<meta name=\"robots\" content=\"index, follow, max-snippet:-1, max-image-preview:large, max-video-preview:-1\" \/>\n<link rel=\"canonical\" href=\"https:\/\/www.monitorstlflix.com\/product\/gurak-grease-673e5cbc445a8\/\" \/>\n<meta property=\"og:locale\" content=\"es_ES\" \/>\n<meta property=\"og:type\" content=\"article\" \/>\n<meta property=\"og:title\" content=\"Gurak Grease - MyStore - By STLFLIX\" \/>\n<meta property=\"og:description\" content=\"Deux choses \u00e9taient claires dans la vie de Gurak : il aimait cuisiner, et \u00eatre le grand fr\u00e8re \u00e9tait une vraie plaie. Son petit fr\u00e8re \u00e9tait bien trop impr\u00e9visible, hyperactif, et engloutissait toujours plus de nourriture que Gurak ne pouvait en pr\u00e9parer. Alors, apr\u00e8s l\u2019\u00e9pisode o\u00f9 le mimique l\u2019avait &#8220;d\u00e9vor\u00e9&#8221; sans que cela ne le [&hellip;]\" \/>\n<meta property=\"og:url\" content=\"https:\/\/www.monitorstlflix.com\/product\/gurak-grease-673e5cbc445a8\/\" \/>\n<meta property=\"og:site_name\" content=\"MyStore - By STLFLIX\" \/>\n<meta property=\"article:publisher\" content=\"https:\/\/www.facebook.com\/STLFLIX\" \/>\n<meta property=\"article:modified_time\" content=\"2024-12-22T12:30:54+00:00\" \/>\n<meta property=\"og:image\" content=\"https:\/\/www.monitorstlflix.com\/wp-content\/uploads\/2024\/03\/Gurak_Grease_thumb_e6f1f234d3.jpg\" \/>\n\t<meta property=\"og:image:width\" content=\"1080\" \/>\n\t<meta property=\"og:image:height\" content=\"1350\" \/>\n\t<meta property=\"og:image:type\" content=\"image\/jpeg\" \/>\n<meta name=\"twitter:card\" content=\"summary_large_image\" \/>\n<script type=\"application\/ld+json\" class=\"yoast-schema-graph\">{\"@context\":\"https:\/\/schema.org\",\"@graph\":[{\"@type\":\"WebPage\",\"@id\":\"https:\/\/www.monitorstlflix.com\/product\/gurak-grease-673e5cbc445a8\/\",\"url\":\"https:\/\/www.monitorstlflix.com\/product\/gurak-grease-673e5cbc445a8\/\",\"name\":\"Gurak Grease - MyStore - By STLFLIX\",\"isPartOf\":{\"@id\":\"https:\/\/my.stlflix.com\/#website\"},\"primaryImageOfPage\":{\"@id\":\"https:\/\/www.monitorstlflix.com\/product\/gurak-grease-673e5cbc445a8\/#primaryimage\"},\"image\":{\"@id\":\"https:\/\/www.monitorstlflix.com\/product\/gurak-grease-673e5cbc445a8\/#primaryimage\"},\"thumbnailUrl\":\"https:\/\/my.stlflix.com\/wp-content\/uploads\/2024\/03\/Gurak_Grease_thumb_e6f1f234d3.jpg\",\"datePublished\":\"2024-12-05T09:31:35+00:00\",\"dateModified\":\"2024-12-22T12:30:54+00:00\",\"breadcrumb\":{\"@id\":\"https:\/\/www.monitorstlflix.com\/product\/gurak-grease-673e5cbc445a8\/#breadcrumb\"},\"inLanguage\":\"es-ES\",\"potentialAction\":[{\"@type\":\"ReadAction\",\"target\":[\"https:\/\/www.monitorstlflix.com\/product\/gurak-grease-673e5cbc445a8\/\"]}]},{\"@type\":\"ImageObject\",\"inLanguage\":\"es-ES\",\"@id\":\"https:\/\/www.monitorstlflix.com\/product\/gurak-grease-673e5cbc445a8\/#primaryimage\",\"url\":\"https:\/\/my.stlflix.com\/wp-content\/uploads\/2024\/03\/Gurak_Grease_thumb_e6f1f234d3.jpg\",\"contentUrl\":\"https:\/\/my.stlflix.com\/wp-content\/uploads\/2024\/03\/Gurak_Grease_thumb_e6f1f234d3.jpg\",\"width\":1080,\"height\":1350},{\"@type\":\"BreadcrumbList\",\"@id\":\"https:\/\/www.monitorstlflix.com\/product\/gurak-grease-673e5cbc445a8\/#breadcrumb\",\"itemListElement\":[{\"@type\":\"ListItem\",\"position\":1,\"name\":\"Home\",\"item\":\"https:\/\/www.stlflix-store.com\/\"},{\"@type\":\"ListItem\",\"position\":2,\"name\":\"Products\",\"item\":\"https:\/\/www.stlflix-store.com\/shop\/\"},{\"@type\":\"ListItem\",\"position\":3,\"name\":\"Gurak Grease\"}]},{\"@type\":\"WebSite\",\"@id\":\"https:\/\/my.stlflix.com\/#website\",\"url\":\"https:\/\/my.stlflix.com\/\",\"name\":\"MyStore - By STLFLIX\",\"description\":\"\",\"publisher\":{\"@id\":\"https:\/\/my.stlflix.com\/#organization\"},\"potentialAction\":[{\"@type\":\"SearchAction\",\"target\":{\"@type\":\"EntryPoint\",\"urlTemplate\":\"https:\/\/my.stlflix.com\/?s={search_term_string}\"},\"query-input\":{\"@type\":\"PropertyValueSpecification\",\"valueRequired\":true,\"valueName\":\"search_term_string\"}}],\"inLanguage\":\"es-ES\"},{\"@type\":\"Organization\",\"@id\":\"https:\/\/my.stlflix.com\/#organization\",\"name\":\"MyStore - By STLFLIX\",\"url\":\"https:\/\/my.stlflix.com\/\",\"logo\":{\"@type\":\"ImageObject\",\"inLanguage\":\"es-ES\",\"@id\":\"https:\/\/my.stlflix.com\/#\/schema\/logo\/image\/\",\"url\":\"https:\/\/my.stlflix.com\/wp-content\/uploads\/2024\/06\/logo-mystore.png\",\"contentUrl\":\"https:\/\/my.stlflix.com\/wp-content\/uploads\/2024\/06\/logo-mystore.png\",\"width\":150,\"height\":41,\"caption\":\"MyStore - By STLFLIX\"},\"image\":{\"@id\":\"https:\/\/my.stlflix.com\/#\/schema\/logo\/image\/\"},\"sameAs\":[\"https:\/\/www.facebook.com\/STLFLIX\",\"https:\/\/www.instagram.com\/stlflix_\/\",\"https:\/\/www.tiktok.com\/@stlflix\"]}]}<\/script>\n<!-- \/ Yoast SEO plugin. -->","yoast_head_json":{"title":"Gurak Grease - MyStore - By STLFLIX","robots":{"index":"index","follow":"follow","max-snippet":"max-snippet:-1","max-image-preview":"max-image-preview:large","max-video-preview":"max-video-preview:-1"},"canonical":"https:\/\/www.monitorstlflix.com\/product\/gurak-grease-673e5cbc445a8\/","og_locale":"es_ES","og_type":"article","og_title":"Gurak Grease - MyStore - By STLFLIX","og_description":"Deux choses \u00e9taient claires dans la vie de Gurak : il aimait cuisiner, et \u00eatre le grand fr\u00e8re \u00e9tait une vraie plaie. Son petit fr\u00e8re \u00e9tait bien trop impr\u00e9visible, hyperactif, et engloutissait toujours plus de nourriture que Gurak ne pouvait en pr\u00e9parer. Alors, apr\u00e8s l\u2019\u00e9pisode o\u00f9 le mimique l\u2019avait &#8220;d\u00e9vor\u00e9&#8221; sans que cela ne le [&hellip;]","og_url":"https:\/\/www.monitorstlflix.com\/product\/gurak-grease-673e5cbc445a8\/","og_site_name":"MyStore - By STLFLIX","article_publisher":"https:\/\/www.facebook.com\/STLFLIX","article_modified_time":"2024-12-22T12:30:54+00:00","og_image":[{"width":1080,"height":1350,"url":"https:\/\/www.monitorstlflix.com\/wp-content\/uploads\/2024\/03\/Gurak_Grease_thumb_e6f1f234d3.jpg","type":"image\/jpeg"}],"twitter_card":"summary_large_image","schema":{"@context":"https:\/\/schema.org","@graph":[{"@type":"WebPage","@id":"https:\/\/www.monitorstlflix.com\/product\/gurak-grease-673e5cbc445a8\/","url":"https:\/\/www.monitorstlflix.com\/product\/gurak-grease-673e5cbc445a8\/","name":"Gurak Grease - MyStore - By STLFLIX","isPartOf":{"@id":"https:\/\/my.stlflix.com\/#website"},"primaryImageOfPage":{"@id":"https:\/\/www.monitorstlflix.com\/product\/gurak-grease-673e5cbc445a8\/#primaryimage"},"image":{"@id":"https:\/\/www.monitorstlflix.com\/product\/gurak-grease-673e5cbc445a8\/#primaryimage"},"thumbnailUrl":"https:\/\/my.stlflix.com\/wp-content\/uploads\/2024\/03\/Gurak_Grease_thumb_e6f1f234d3.jpg","datePublished":"2024-12-05T09:31:35+00:00","dateModified":"2024-12-22T12:30:54+00:00","breadcrumb":{"@id":"https:\/\/www.monitorstlflix.com\/product\/gurak-grease-673e5cbc445a8\/#breadcrumb"},"inLanguage":"es-ES","potentialAction":[{"@type":"ReadAction","target":["https:\/\/www.monitorstlflix.com\/product\/gurak-grease-673e5cbc445a8\/"]}]},{"@type":"ImageObject","inLanguage":"es-ES","@id":"https:\/\/www.monitorstlflix.com\/product\/gurak-grease-673e5cbc445a8\/#primaryimage","url":"https:\/\/my.stlflix.com\/wp-content\/uploads\/2024\/03\/Gurak_Grease_thumb_e6f1f234d3.jpg","contentUrl":"https:\/\/my.stlflix.com\/wp-content\/uploads\/2024\/03\/Gurak_Grease_thumb_e6f1f234d3.jpg","width":1080,"height":1350},{"@type":"BreadcrumbList","@id":"https:\/\/www.monitorstlflix.com\/product\/gurak-grease-673e5cbc445a8\/#breadcrumb","itemListElement":[{"@type":"ListItem","position":1,"name":"Home","item":"https:\/\/www.stlflix-store.com\/"},{"@type":"ListItem","position":2,"name":"Products","item":"https:\/\/www.stlflix-store.com\/shop\/"},{"@type":"ListItem","position":3,"name":"Gurak Grease"}]},{"@type":"WebSite","@id":"https:\/\/my.stlflix.com\/#website","url":"https:\/\/my.stlflix.com\/","name":"MyStore - By STLFLIX","description":"","publisher":{"@id":"https:\/\/my.stlflix.com\/#organization"},"potentialAction":[{"@type":"SearchAction","target":{"@type":"EntryPoint","urlTemplate":"https:\/\/my.stlflix.com\/?s={search_term_string}"},"query-input":{"@type":"PropertyValueSpecification","valueRequired":true,"valueName":"search_term_string"}}],"inLanguage":"es-ES"},{"@type":"Organization","@id":"https:\/\/my.stlflix.com\/#organization","name":"MyStore - By STLFLIX","url":"https:\/\/my.stlflix.com\/","logo":{"@type":"ImageObject","inLanguage":"es-ES","@id":"https:\/\/my.stlflix.com\/#\/schema\/logo\/image\/","url":"https:\/\/my.stlflix.com\/wp-content\/uploads\/2024\/06\/logo-mystore.png","contentUrl":"https:\/\/my.stlflix.com\/wp-content\/uploads\/2024\/06\/logo-mystore.png","width":150,"height":41,"caption":"MyStore - By STLFLIX"},"image":{"@id":"https:\/\/my.stlflix.com\/#\/schema\/logo\/image\/"},"sameAs":["https:\/\/www.facebook.com\/STLFLIX","https:\/\/www.instagram.com\/stlflix_\/","https:\/\/www.tiktok.com\/@stlflix"]}]}},"_links":{"self":[{"href":"https:\/\/my.stlflix.com\/es\/wp-json\/wp\/v2\/product\/165036","targetHints":{"allow":["GET"]}}],"collection":[{"href":"https:\/\/my.stlflix.com\/es\/wp-json\/wp\/v2\/product"}],"about":[{"href":"https:\/\/my.stlflix.com\/es\/wp-json\/wp\/v2\/types\/product"}],"replies":[{"embeddable":true,"href":"https:\/\/my.stlflix.com\/es\/wp-json\/wp\/v2\/comments?post=165036"}],"wp:featuredmedia":[{"embeddable":true,"href":"https:\/\/my.stlflix.com\/es\/wp-json\/wp\/v2\/media\/3144"}],"wp:attachment":[{"href":"https:\/\/my.stlflix.com\/es\/wp-json\/wp\/v2\/media?parent=165036"}],"wp:term":[{"taxonomy":"product_brand","embeddable":true,"href":"https:\/\/my.stlflix.com\/es\/wp-json\/wp\/v2\/product_brand?post=165036"},{"taxonomy":"product_cat","embeddable":true,"href":"https:\/\/my.stlflix.com\/es\/wp-json\/wp\/v2\/product_cat?post=165036"},{"taxonomy":"product_tag","embeddable":true,"href":"https:\/\/my.stlflix.com\/es\/wp-json\/wp\/v2\/product_tag?post=165036"}],"curies":[{"name":"wp","href":"https:\/\/api.w.org\/{rel}","templated":true}]}}