{"id":166902,"date":"2024-11-27T14:39:48","date_gmt":"2024-11-27T14:39:48","guid":{"rendered":"https:\/\/my.stlflix.com\/?post_type=product&#038;p=166902"},"modified":"2024-12-22T12:31:14","modified_gmt":"2024-12-22T12:31:14","slug":"goal-get-it-controller-holder-673f6f5fcb036","status":"publish","type":"product","link":"https:\/\/my.stlflix.com\/es\/product\/goal-get-it-controller-holder-673f6f5fcb036\/","title":{"rendered":"Suporte Controle Playstation5 Ps5 Compat\u00edvel Goal get it Controller Holder"},"content":{"rendered":"<p style=\"line-height: 20px;font-family: Inter, sans-serif;font-size: 12px;text-align: center\"><span><strong>Suporte Controle Playstation5 Ps5 Compat\u00edvel<\/strong><\/span><\/p>\n<p style=\"line-height: 20px;font-family: Inter, sans-serif;font-size: 12px;text-align: center\"><strong>Goal get it Controller Holder<\/strong><\/p>\n<p style=\"line-height: 20px;font-family: Inter, sans-serif;font-size: 12px;text-align: center\"><em><span>Leia a descri\u00e7\u00e3o completa do an\u00fancio para conhecer todos os detalhes do produto<\/span><\/em><\/p>\n<p style=\"line-height: 20px;font-family: Inter, sans-serif;font-size: 12px;text-align: center\"><em><span><span>Perfeito para controles XBOX e PLAYSTATION\u00a0<\/span><\/span><\/em><\/p>\n<p style=\"line-height: 20px;font-family: Inter, sans-serif;font-size: 12px\"><span>Libere seu poder gamer e leve sua experi\u00eancia a um novo n\u00edvel!<\/span><\/p>\n<p style=\"line-height: 20px;font-family: Inter, sans-serif;font-size: 12px\"><span>O Suporte de controle \u00e9 a solu\u00e7\u00e3o perfeita para quem busca praticidade e estilo, ideal para quem possui controles de\u00a0<strong>Xbox\u00a0<\/strong>ou\u00a0<strong>PlayStation<\/strong>.<\/span><\/p>\n<p style=\"line-height: 20px;font-family: Inter, sans-serif;font-size: 12px\"><span>Seja para deixar sua mesa, casa ou loja de jogos mais\u00a0<strong>Organizada,<\/strong>\u00a0esse acess\u00f3rio \u00e9\u00a0<strong>Funcional<\/strong>\u00a0e cheio de\u00a0<strong>Personalidade.<\/strong><\/span><\/p>\n<p style=\"line-height: 20px;font-family: Inter, sans-serif;font-size: 12px\"><span>Projetado para oferecer um suporte est\u00e1vel e\u00a0<strong>Seguro<\/strong>\u00a0para seus controles, ele ajuda a manter seu espa\u00e7o arrumado, al\u00e9m de ser uma pe\u00e7a<strong>\u00a0Decorativa<\/strong>\u00a0<strong>Moderna<\/strong>\u00a0e\u00a0<strong>Vers\u00e1til.<\/strong><\/span><\/p>\n<p style=\"line-height: 20px;font-family: Inter, sans-serif;font-size: 12px\"><span>Ideal para entusiastas de\u00a0<strong>Jogos<\/strong>, esse suporte proporciona um toque \u00fanico \u00e0 sua \u00e1rea de\u00a0<strong>Entretenimento,<\/strong>\u00a0unindo\u00a0<strong>Praticidade<\/strong>\u00a0e est\u00e9tica em um s\u00f3 produto.<\/span><\/p>\n<p style=\"line-height: 20px;font-family: Inter, sans-serif;font-size: 12px\">\u2713 Ideal para ambientes internos!<\/p>\n<p style=\"line-height: 20px;font-family: Inter, sans-serif;font-size: 12px\">\u2713 Valor referente a 1 unidade.<\/p>\n<p style=\"line-height: 20px;font-family: Inter, sans-serif;font-size: 12px\">\u2713 Manter longe de fontes de calor extremas<\/p>\n<p style=\"line-height: 20px;font-family: Inter, sans-serif;font-size: 12px\"><span>\u2713 \u00d3timo para presentes de Natal<\/span><\/p>\n<p style=\"line-height: 20px;font-family: Inter, sans-serif;font-size: 12px\"><span>\u2713 \u00d3timo para presentes de anivers\u00e1rio<\/span><\/p>\n<p style=\"line-height: 20px;font-family: Inter, sans-serif;font-size: 12px\"><span>\u2713 Controle n\u00e3o inclu\u00eddo<\/span><\/p>\n<p style=\"line-height: 20px;font-family: Inter, sans-serif;font-size: 12px\"><span>\u2713 Presente perfeito para f\u00e3s de esportes<\/span><\/p>\n<p style=\"line-height: 20px;font-family: Inter, sans-serif;font-size: 12px\">\n<p style=\"line-height: 20px;font-family: Inter, sans-serif;font-size: 12px\"><span>* Os itens podem ter pontas afiadas e\/ou pe\u00e7as pequenas que podem representar risco de asfixia e podem n\u00e3o ser adequados para crian\u00e7as pequenas e animais.\u00a0<\/span><\/p>\n<p style=\"line-height: 20px;font-family: Inter, sans-serif;font-size: 12px\"><span>*\u00a0As cores e gradientes do arco-\u00edris variam em cada impress\u00e3o, e os resultados podem ser diferentes dos exemplos mostrados. Cada impress\u00e3o tem padr\u00f5es de cores \u00fanicos, e dependendo do tamanho, pode ser que voc\u00ea veja apenas algumas cores do filamento. No entanto, nos esfor\u00e7amos para oferecer os melhores resultados poss\u00edveis.<\/span><\/p>\n<p style=\"line-height: 20px;font-family: Inter, sans-serif;font-size: 12px\"><span>\u00a0<\/span><\/p>\n<p style=\"line-height: 20px;font-family: Inter, sans-serif;font-size: 12px\"><span>Esses itens s\u00e3o feitos sob encomenda, e o tempo de produ\u00e7\u00e3o pode variar. Se tiver d\u00favidas, entre em contato por e-mail.<\/span><\/p>\n<p style=\"line-height: 20px;font-family: Inter, sans-serif;font-size: 12px\"><strong>Medidas<\/strong><\/p>\n<p style=\"line-height: 20px;font-family: Inter, sans-serif;font-size: 12px\"><span>12,5 cm<\/span><\/p>\n<p style=\"line-height: 20px;font-family: Inter, sans-serif;font-size: 12px\"><strong>Disponibilidade de Cores<\/strong><\/p>\n<p style=\"line-height: 20px;font-family: Inter, sans-serif;font-size: 12px\">Se preferir, entre em contato pelo WhatsApp antes da compra para verificar as cores dispon\u00edveis. Caso contr\u00e1rio, ao finalizar sua compra, por favor, indique a cor desejada no campo &#8220;MENSAGENS&#8221;. Estamos \u00e0 disposi\u00e7\u00e3o para ajudar!<\/p>\n<p style=\"line-height: 20px;font-family: Inter, sans-serif;font-size: 12px\">Se n\u00e3o recebermos nenhuma indica\u00e7\u00e3o de cor, enviaremos uma cor aleat\u00f3ria. Estamos \u00e0 disposi\u00e7\u00e3o para ajudar!<\/p>\n<p style=\"line-height: 20px;font-family: Inter, sans-serif;font-size: 12px\"><span>* Os itens podem ter pontas afiadas e\/ou pe\u00e7as pequenas que podem representar risco de asfixia e podem n\u00e3o ser adequados para crian\u00e7as pequenas e animais.\u00a0<\/span><\/p>\n<p style=\"line-height: 20px;font-family: Inter, sans-serif;font-size: 12px\"><span>* As cores e gradientes do arco-\u00edris variam em cada impress\u00e3o, e os resultados podem ser diferentes dos exemplos mostrados. Cada impress\u00e3o tem padr\u00f5es de cores \u00fanicos, e dependendo do tamanho, pode ser que voc\u00ea veja apenas algumas cores do filamento. No entanto, nos esfor\u00e7amos para oferecer os melhores resultados poss\u00edveis.<\/span><\/p>\n<p style=\"line-height: 20px;font-family: Inter, sans-serif;font-size: 12px\"><span>Esses itens s\u00e3o feitos sob encomenda, e o tempo de produ\u00e7\u00e3o pode variar. Se tiver d\u00favidas, entre em contato.<\/span><\/p>\n<p style=\"line-height: 20px;font-family: Inter, sans-serif;font-size: 12px\"><strong>Para Compras no Atacado<\/strong><\/p>\n<p style=\"line-height: 20px;font-family: Inter, sans-serif;font-size: 12px\">Por favor, entre em contato conosco diretamente para receber um or\u00e7amento. Estamos \u00e0 disposi\u00e7\u00e3o para ajudar!<\/p>\n<p style=\"line-height: 20px;font-family: Inter, sans-serif;font-size: 12px\"><strong>*Nosso tempo necess\u00e1rio para produ\u00e7\u00e3o \u00e9 de 5 dias \u00fateis, podendo variar conforme a demanda.<\/strong><\/p>\n<p style=\"line-height: 20px;font-family: Inter, sans-serif;font-size: 12px\"><strong>* Devido ao m\u00e9todo de fabrica\u00e7\u00e3o por impress\u00e3o 3D, \u00e9 poss\u00edvel que alguns itens exibam pequenas marcas ou texturas sutis, as quais s\u00e3o t\u00edpicas desse processo espec\u00edfico.<\/strong><\/p>\n<p style=\"line-height: 20px;font-family: Inter, sans-serif;font-size: 12px\"><strong>* As cores podem variar ligeiramente devido \u00e0s configura\u00e7\u00f5es do monitor.<\/strong><\/p>\n<p style=\"line-height: 20px;font-family: Inter, sans-serif;font-size: 12px;text-align: center\"><strong>\u00a0<\/strong><\/p>\n<p style=\"line-height: 20px;font-family: Inter, sans-serif;font-size: 12px;text-align: center\"><strong>Aproveite esta oportunidade e adquira j\u00e1 o seu!<\/strong><\/p>\n<p style=\"line-height: 20px;font-family: Inter, sans-serif;font-size: 12px;text-align: center\"><strong>CUIDADOS E MANUTEN\u00c7\u00c3O<\/strong><\/p>\n<p style=\"line-height: 20px;font-family: Inter, sans-serif;font-size: 12px;text-align: center\">Embora o pl\u00e1stico seja resistente ao sol e \u00e0 chuva, o PLA n\u00e3o \u00e9 ideal para exposi\u00e7\u00e3o a raios solares intensos. Portanto, n\u00e3o recomendamos o uso em \u00e1reas externas.<\/p>\n<p style=\"line-height: 20px;font-family: Inter, sans-serif;font-size: 12px;text-align: center\">Se voc\u00ea deseja ou precisa de um material mais resistente a temperaturas extremas, como pl\u00e1sticos de alta resist\u00eancia que suportam impactos e quedas, entre em contato conosco. Faremos um produto que atenda \u00e0s suas necessidades.<\/p>\n<p style=\"line-height: 20px;font-family: Inter, sans-serif;font-size: 12px;text-align: center\"><strong>O QUE \u00c9 O PL\u00c1STICO PLA?<\/strong><\/p>\n<p style=\"line-height: 20px;font-family: Inter, sans-serif;font-size: 12px;text-align: center\">O PLA ou melhor dizendo, \u00e1cido polil\u00e1tico, \u00e9 um pol\u00edmero sint\u00e9tico termopl\u00e1stico que vem substituindo os pl\u00e1sticos convencionais em diversas aplica\u00e7\u00f5es.<\/p>\n<p style=\"line-height: 20px;font-family: Inter, sans-serif;font-size: 12px;text-align: center\"><strong>COMO PRODUZ PL\u00c1STICO PLA?<\/strong><\/p>\n<p style=\"line-height: 20px;font-family: Inter, sans-serif;font-size: 12px;text-align: center\">A produ\u00e7\u00e3o ocorre a partir da fermenta\u00e7\u00e3o, por parte de bact\u00e9rias, de vegetais ricos em amido, como a beterraba, o milho e a mandioca, por isso, \u00e9 biodegrad\u00e1vel, compost\u00e1vel e recicl\u00e1vel e n\u00e3o possui nenhum tipo de res\u00edduo t\u00f3xico.<\/p>\n<p style=\"line-height: 20px;font-family: Inter, sans-serif;font-size: 12px;text-align: center\"><strong>ABS<\/strong><\/p>\n<p style=\"line-height: 20px;font-family: Inter, sans-serif;font-size: 12px;text-align: center\">Material: Para garantir maior durabilidade e resist\u00eancia, oferecemos a op\u00e7\u00e3o de produ\u00e7\u00e3o em ABS. No entanto, n\u00e3o recomendamos este material para uso em equipamentos destinados \u00e0 culin\u00e1ria ou qualquer outro contato direto com alimentos. A escolha do material ser\u00e1 confirmada ap\u00f3s a compra.<\/p>\n","protected":false},"excerpt":{"rendered":"<p>Suporte Controle Playstation5 Ps5 Compat\u00edvel Goal get it Controller Holder Leia a descri\u00e7\u00e3o completa do an\u00fancio para conhecer todos os detalhes do produto Perfeito para controles XBOX e PLAYSTATION\u00a0 Libere seu poder gamer e leve sua experi\u00eancia a um novo n\u00edvel! O Suporte de controle \u00e9 a solu\u00e7\u00e3o perfeita para quem busca praticidade e estilo, [&hellip;]<\/p>\n","protected":false},"featured_media":120984,"comment_status":"open","ping_status":"closed","template":"","meta":[],"product_brand":[],"product_cat":[578],"product_tag":[],"class_list":{"0":"post-166902","1":"product","2":"type-product","3":"status-publish","4":"has-post-thumbnail","6":"product_cat-useful","8":"first","9":"instock","10":"taxable","11":"shipping-taxable","12":"purchasable","13":"product-type-simple"},"yoast_head":"<!-- This site is optimized with the Yoast SEO plugin v25.1 - https:\/\/yoast.com\/wordpress\/plugins\/seo\/ -->\n<title>Suporte Controle Playstation5 Ps5 Compat\u00edvel Goal get it Controller Holder - MyStore - By STLFLIX<\/title>\n<meta name=\"robots\" content=\"index, follow, max-snippet:-1, max-image-preview:large, max-video-preview:-1\" \/>\n<link rel=\"canonical\" href=\"https:\/\/www.testeminhalojamandela.biz\/product\/goal-get-it-controller-holder-673f6f5fcb036\/\" \/>\n<meta property=\"og:locale\" content=\"es_ES\" \/>\n<meta property=\"og:type\" content=\"article\" \/>\n<meta property=\"og:title\" content=\"Suporte Controle Playstation5 Ps5 Compat\u00edvel Goal get it Controller Holder - MyStore - By STLFLIX\" \/>\n<meta property=\"og:description\" content=\"Suporte Controle Playstation5 Ps5 Compat\u00edvel Goal get it Controller Holder Leia a descri\u00e7\u00e3o completa do an\u00fancio para conhecer todos os detalhes do produto Perfeito para controles XBOX e PLAYSTATION\u00a0 Libere seu poder gamer e leve sua experi\u00eancia a um novo n\u00edvel! O Suporte de controle \u00e9 a solu\u00e7\u00e3o perfeita para quem busca praticidade e estilo, [&hellip;]\" \/>\n<meta property=\"og:url\" content=\"https:\/\/www.testeminhalojamandela.biz\/product\/goal-get-it-controller-holder-673f6f5fcb036\/\" \/>\n<meta property=\"og:site_name\" content=\"MyStore - By STLFLIX\" \/>\n<meta property=\"article:publisher\" content=\"https:\/\/www.facebook.com\/STLFLIX\" \/>\n<meta property=\"article:modified_time\" content=\"2024-12-22T12:31:14+00:00\" \/>\n<meta property=\"og:image\" content=\"https:\/\/www.testeminhalojamandela.biz\/wp-content\/uploads\/2024\/10\/Goal_get_it_Controller_Holderthumb_0770235fa3.jpg\" \/>\n\t<meta property=\"og:image:width\" content=\"1080\" \/>\n\t<meta property=\"og:image:height\" content=\"1350\" \/>\n\t<meta property=\"og:image:type\" content=\"image\/jpeg\" \/>\n<meta name=\"twitter:card\" content=\"summary_large_image\" \/>\n<meta name=\"twitter:label1\" content=\"Est. reading time\" \/>\n\t<meta name=\"twitter:data1\" content=\"4 minutes\" \/>\n<script type=\"application\/ld+json\" class=\"yoast-schema-graph\">{\"@context\":\"https:\/\/schema.org\",\"@graph\":[{\"@type\":\"WebPage\",\"@id\":\"https:\/\/www.testeminhalojamandela.biz\/product\/goal-get-it-controller-holder-673f6f5fcb036\/\",\"url\":\"https:\/\/www.testeminhalojamandela.biz\/product\/goal-get-it-controller-holder-673f6f5fcb036\/\",\"name\":\"Suporte Controle Playstation5 Ps5 Compat\u00edvel Goal get it Controller Holder - MyStore - By STLFLIX\",\"isPartOf\":{\"@id\":\"https:\/\/my.stlflix.com\/#website\"},\"primaryImageOfPage\":{\"@id\":\"https:\/\/www.testeminhalojamandela.biz\/product\/goal-get-it-controller-holder-673f6f5fcb036\/#primaryimage\"},\"image\":{\"@id\":\"https:\/\/www.testeminhalojamandela.biz\/product\/goal-get-it-controller-holder-673f6f5fcb036\/#primaryimage\"},\"thumbnailUrl\":\"https:\/\/my.stlflix.com\/wp-content\/uploads\/2024\/10\/Goal_get_it_Controller_Holderthumb_0770235fa3.jpg\",\"datePublished\":\"2024-11-27T14:39:48+00:00\",\"dateModified\":\"2024-12-22T12:31:14+00:00\",\"breadcrumb\":{\"@id\":\"https:\/\/www.testeminhalojamandela.biz\/product\/goal-get-it-controller-holder-673f6f5fcb036\/#breadcrumb\"},\"inLanguage\":\"es-ES\",\"potentialAction\":[{\"@type\":\"ReadAction\",\"target\":[\"https:\/\/www.testeminhalojamandela.biz\/product\/goal-get-it-controller-holder-673f6f5fcb036\/\"]}]},{\"@type\":\"ImageObject\",\"inLanguage\":\"es-ES\",\"@id\":\"https:\/\/www.testeminhalojamandela.biz\/product\/goal-get-it-controller-holder-673f6f5fcb036\/#primaryimage\",\"url\":\"https:\/\/my.stlflix.com\/wp-content\/uploads\/2024\/10\/Goal_get_it_Controller_Holderthumb_0770235fa3.jpg\",\"contentUrl\":\"https:\/\/my.stlflix.com\/wp-content\/uploads\/2024\/10\/Goal_get_it_Controller_Holderthumb_0770235fa3.jpg\",\"width\":1080,\"height\":1350},{\"@type\":\"BreadcrumbList\",\"@id\":\"https:\/\/www.testeminhalojamandela.biz\/product\/goal-get-it-controller-holder-673f6f5fcb036\/#breadcrumb\",\"itemListElement\":[{\"@type\":\"ListItem\",\"position\":1,\"name\":\"Home\",\"item\":\"https:\/\/www.stlflix-store.com\/\"},{\"@type\":\"ListItem\",\"position\":2,\"name\":\"Products\",\"item\":\"https:\/\/www.stlflix-store.com\/shop\/\"},{\"@type\":\"ListItem\",\"position\":3,\"name\":\"Suporte Controle Playstation5 Ps5 Compat\u00edvel Goal get it Controller Holder\"}]},{\"@type\":\"WebSite\",\"@id\":\"https:\/\/my.stlflix.com\/#website\",\"url\":\"https:\/\/my.stlflix.com\/\",\"name\":\"MyStore - By STLFLIX\",\"description\":\"\",\"publisher\":{\"@id\":\"https:\/\/my.stlflix.com\/#organization\"},\"potentialAction\":[{\"@type\":\"SearchAction\",\"target\":{\"@type\":\"EntryPoint\",\"urlTemplate\":\"https:\/\/my.stlflix.com\/?s={search_term_string}\"},\"query-input\":{\"@type\":\"PropertyValueSpecification\",\"valueRequired\":true,\"valueName\":\"search_term_string\"}}],\"inLanguage\":\"es-ES\"},{\"@type\":\"Organization\",\"@id\":\"https:\/\/my.stlflix.com\/#organization\",\"name\":\"MyStore - By STLFLIX\",\"url\":\"https:\/\/my.stlflix.com\/\",\"logo\":{\"@type\":\"ImageObject\",\"inLanguage\":\"es-ES\",\"@id\":\"https:\/\/my.stlflix.com\/#\/schema\/logo\/image\/\",\"url\":\"https:\/\/my.stlflix.com\/wp-content\/uploads\/2024\/06\/logo-mystore.png\",\"contentUrl\":\"https:\/\/my.stlflix.com\/wp-content\/uploads\/2024\/06\/logo-mystore.png\",\"width\":150,\"height\":41,\"caption\":\"MyStore - By STLFLIX\"},\"image\":{\"@id\":\"https:\/\/my.stlflix.com\/#\/schema\/logo\/image\/\"},\"sameAs\":[\"https:\/\/www.facebook.com\/STLFLIX\",\"https:\/\/www.instagram.com\/stlflix_\/\",\"https:\/\/www.tiktok.com\/@stlflix\"]}]}<\/script>\n<!-- \/ Yoast SEO plugin. -->","yoast_head_json":{"title":"Suporte Controle Playstation5 Ps5 Compat\u00edvel Goal get it Controller Holder - MyStore - By STLFLIX","robots":{"index":"index","follow":"follow","max-snippet":"max-snippet:-1","max-image-preview":"max-image-preview:large","max-video-preview":"max-video-preview:-1"},"canonical":"https:\/\/www.testeminhalojamandela.biz\/product\/goal-get-it-controller-holder-673f6f5fcb036\/","og_locale":"es_ES","og_type":"article","og_title":"Suporte Controle Playstation5 Ps5 Compat\u00edvel Goal get it Controller Holder - MyStore - By STLFLIX","og_description":"Suporte Controle Playstation5 Ps5 Compat\u00edvel Goal get it Controller Holder Leia a descri\u00e7\u00e3o completa do an\u00fancio para conhecer todos os detalhes do produto Perfeito para controles XBOX e PLAYSTATION\u00a0 Libere seu poder gamer e leve sua experi\u00eancia a um novo n\u00edvel! O Suporte de controle \u00e9 a solu\u00e7\u00e3o perfeita para quem busca praticidade e estilo, [&hellip;]","og_url":"https:\/\/www.testeminhalojamandela.biz\/product\/goal-get-it-controller-holder-673f6f5fcb036\/","og_site_name":"MyStore - By STLFLIX","article_publisher":"https:\/\/www.facebook.com\/STLFLIX","article_modified_time":"2024-12-22T12:31:14+00:00","og_image":[{"width":1080,"height":1350,"url":"https:\/\/www.testeminhalojamandela.biz\/wp-content\/uploads\/2024\/10\/Goal_get_it_Controller_Holderthumb_0770235fa3.jpg","type":"image\/jpeg"}],"twitter_card":"summary_large_image","twitter_misc":{"Est. reading time":"4 minutes"},"schema":{"@context":"https:\/\/schema.org","@graph":[{"@type":"WebPage","@id":"https:\/\/www.testeminhalojamandela.biz\/product\/goal-get-it-controller-holder-673f6f5fcb036\/","url":"https:\/\/www.testeminhalojamandela.biz\/product\/goal-get-it-controller-holder-673f6f5fcb036\/","name":"Suporte Controle Playstation5 Ps5 Compat\u00edvel Goal get it Controller Holder - MyStore - By STLFLIX","isPartOf":{"@id":"https:\/\/my.stlflix.com\/#website"},"primaryImageOfPage":{"@id":"https:\/\/www.testeminhalojamandela.biz\/product\/goal-get-it-controller-holder-673f6f5fcb036\/#primaryimage"},"image":{"@id":"https:\/\/www.testeminhalojamandela.biz\/product\/goal-get-it-controller-holder-673f6f5fcb036\/#primaryimage"},"thumbnailUrl":"https:\/\/my.stlflix.com\/wp-content\/uploads\/2024\/10\/Goal_get_it_Controller_Holderthumb_0770235fa3.jpg","datePublished":"2024-11-27T14:39:48+00:00","dateModified":"2024-12-22T12:31:14+00:00","breadcrumb":{"@id":"https:\/\/www.testeminhalojamandela.biz\/product\/goal-get-it-controller-holder-673f6f5fcb036\/#breadcrumb"},"inLanguage":"es-ES","potentialAction":[{"@type":"ReadAction","target":["https:\/\/www.testeminhalojamandela.biz\/product\/goal-get-it-controller-holder-673f6f5fcb036\/"]}]},{"@type":"ImageObject","inLanguage":"es-ES","@id":"https:\/\/www.testeminhalojamandela.biz\/product\/goal-get-it-controller-holder-673f6f5fcb036\/#primaryimage","url":"https:\/\/my.stlflix.com\/wp-content\/uploads\/2024\/10\/Goal_get_it_Controller_Holderthumb_0770235fa3.jpg","contentUrl":"https:\/\/my.stlflix.com\/wp-content\/uploads\/2024\/10\/Goal_get_it_Controller_Holderthumb_0770235fa3.jpg","width":1080,"height":1350},{"@type":"BreadcrumbList","@id":"https:\/\/www.testeminhalojamandela.biz\/product\/goal-get-it-controller-holder-673f6f5fcb036\/#breadcrumb","itemListElement":[{"@type":"ListItem","position":1,"name":"Home","item":"https:\/\/www.stlflix-store.com\/"},{"@type":"ListItem","position":2,"name":"Products","item":"https:\/\/www.stlflix-store.com\/shop\/"},{"@type":"ListItem","position":3,"name":"Suporte Controle Playstation5 Ps5 Compat\u00edvel Goal get it Controller Holder"}]},{"@type":"WebSite","@id":"https:\/\/my.stlflix.com\/#website","url":"https:\/\/my.stlflix.com\/","name":"MyStore - By STLFLIX","description":"","publisher":{"@id":"https:\/\/my.stlflix.com\/#organization"},"potentialAction":[{"@type":"SearchAction","target":{"@type":"EntryPoint","urlTemplate":"https:\/\/my.stlflix.com\/?s={search_term_string}"},"query-input":{"@type":"PropertyValueSpecification","valueRequired":true,"valueName":"search_term_string"}}],"inLanguage":"es-ES"},{"@type":"Organization","@id":"https:\/\/my.stlflix.com\/#organization","name":"MyStore - By STLFLIX","url":"https:\/\/my.stlflix.com\/","logo":{"@type":"ImageObject","inLanguage":"es-ES","@id":"https:\/\/my.stlflix.com\/#\/schema\/logo\/image\/","url":"https:\/\/my.stlflix.com\/wp-content\/uploads\/2024\/06\/logo-mystore.png","contentUrl":"https:\/\/my.stlflix.com\/wp-content\/uploads\/2024\/06\/logo-mystore.png","width":150,"height":41,"caption":"MyStore - By STLFLIX"},"image":{"@id":"https:\/\/my.stlflix.com\/#\/schema\/logo\/image\/"},"sameAs":["https:\/\/www.facebook.com\/STLFLIX","https:\/\/www.instagram.com\/stlflix_\/","https:\/\/www.tiktok.com\/@stlflix"]}]}},"_links":{"self":[{"href":"https:\/\/my.stlflix.com\/es\/wp-json\/wp\/v2\/product\/166902","targetHints":{"allow":["GET"]}}],"collection":[{"href":"https:\/\/my.stlflix.com\/es\/wp-json\/wp\/v2\/product"}],"about":[{"href":"https:\/\/my.stlflix.com\/es\/wp-json\/wp\/v2\/types\/product"}],"replies":[{"embeddable":true,"href":"https:\/\/my.stlflix.com\/es\/wp-json\/wp\/v2\/comments?post=166902"}],"wp:featuredmedia":[{"embeddable":true,"href":"https:\/\/my.stlflix.com\/es\/wp-json\/wp\/v2\/media\/120984"}],"wp:attachment":[{"href":"https:\/\/my.stlflix.com\/es\/wp-json\/wp\/v2\/media?parent=166902"}],"wp:term":[{"taxonomy":"product_brand","embeddable":true,"href":"https:\/\/my.stlflix.com\/es\/wp-json\/wp\/v2\/product_brand?post=166902"},{"taxonomy":"product_cat","embeddable":true,"href":"https:\/\/my.stlflix.com\/es\/wp-json\/wp\/v2\/product_cat?post=166902"},{"taxonomy":"product_tag","embeddable":true,"href":"https:\/\/my.stlflix.com\/es\/wp-json\/wp\/v2\/product_tag?post=166902"}],"curies":[{"name":"wp","href":"https:\/\/api.w.org\/{rel}","templated":true}]}}