{"id":167398,"date":"2024-11-22T00:55:01","date_gmt":"2024-11-22T00:55:01","guid":{"rendered":"https:\/\/my.stlflix.com\/?post_type=product&#038;p=167398"},"modified":"2024-12-22T12:31:39","modified_gmt":"2024-12-22T12:31:39","slug":"earful-of-doxie-673fd250bdc0e","status":"publish","type":"product","link":"https:\/\/my.stlflix.com\/es\/product\/earful-of-doxie-673fd250bdc0e\/","title":{"rendered":"Earful of Doxie"},"content":{"rendered":"<p style=\"line-height: 20px;color: #6a6060;text-align: center;background-color: #ffffff;font-family: Montserrat, sans-serif;font-size: 14px\"><strong>Brincos cachorrinho DOG Personalizados<\/strong><\/p>\n<p style=\"line-height: 20px;color: #6a6060;text-align: center;background-color: #ffffff;font-family: Montserrat, sans-serif;font-size: 14px\"><strong>Earful of Doxie<\/strong><\/p>\n<p style=\"line-height: 20px;color: #6a6060;font-family: Inter, sans-serif;font-size: 12px;text-align: center;background-color: #ffffff\"><em>Leia a descri\u00e7\u00e3o completa do an\u00fancio para conhecer todos os detalhes do produto<\/em><\/p>\n<p style=\"line-height: 20px;color: #6a6060;font-family: Inter, sans-serif;font-size: 12px;text-align: center;background-color: #ffffff\">A sua Cole\u00e7\u00e3o de\u00a0<strong>Acess\u00f3rios\u00a0<\/strong>com\u00a0<strong>Estilo,<\/strong>\u00a0<strong>Criatividade<\/strong>\u00a0e\u00a0<strong>Alegria<\/strong><\/p>\n<p style=\"line-height: 20px;color: #6a6060;font-family: Inter, sans-serif;font-size: 12px;background-color: #ffffff;text-align: left\">Brincos Divertidos, perfeitos para quem busca adicionar um toque de\u00a0<strong>Personalidade<\/strong>,\u00a0<strong>Charme<\/strong>\u00a0e\u00a0<strong>Originalidade<\/strong>\u00a0ao look do dia a dia.<\/p>\n<p style=\"line-height: 20px;color: #6a6060;font-family: Inter, sans-serif;font-size: 12px;background-color: #ffffff;text-align: left\">Ideal para Crian\u00e7as e\u00a0<strong>Professores de Educa\u00e7\u00e3o Infantil<\/strong>, lembrancinhas de\u00a0<strong>Anivers\u00e1rios<\/strong>\u00a0e festas\u00a0<strong>Tem\u00e1ticas.\u00a0<\/strong><\/p>\n<p style=\"line-height: 20px;color: #6a6060;font-family: Inter, sans-serif;font-size: 12px;background-color: #ffffff;text-align: left\">Com designs encantadores de\u00a0<strong>gatinho,<\/strong>\u00a0<strong>dinossauro<\/strong>,\u00a0<strong>macaco<\/strong>\u00a0e outros\u00a0<strong>personagens l\u00fadicos<\/strong>, esses brincos s\u00e3o ideais para quem quer trazer mais alegria e estilo para o ambiente escolar ou para o dia a dia.<\/p>\n<p style=\"line-height: 20px;color: #6a6060;font-family: Inter, sans-serif;font-size: 12px;background-color: #ffffff;text-align: left\">\u00a0\u2713\u00a0Para as\u00a0<strong>Crian\u00e7as<\/strong>, os brincos com temas divertidos n\u00e3o apenas encantam, mas tamb\u00e9m estimulam a imagina\u00e7\u00e3o, tornando o momento de se vestir mais divertido.<\/p>\n<p style=\"line-height: 20px;color: #6a6060;font-family: Inter, sans-serif;font-size: 12px;background-color: #ffffff;text-align: left\">\u00a0\u2713\u00a0J\u00e1 para os\u00a0<strong>Professores<\/strong>\u00a0de educa\u00e7\u00e3o infantil, esses brincos s\u00e3o uma \u00f3tima maneira de se conectar com os pequenos, criando um ambiente descontra\u00eddo e divertido.<\/p>\n<p style=\"line-height: 20px;color: #6a6060;font-family: Inter, sans-serif;font-size: 12px;background-color: #ffffff;text-align: left\">\u00a0\u2713\u00a0Ao usar brincos\u00a0<strong>Tem\u00e1ticos\u00a0<\/strong>como<strong>\u00a0Dinossauros\u00a0<\/strong>ou animais fofos, os professores podem aumentar o engajamento das\u00a0<strong>Crian\u00e7as<\/strong>, tornando as intera\u00e7\u00f5es mais\u00a0<strong>L\u00fadicas<\/strong>\u00a0e pr\u00f3ximas.<\/p>\n<p style=\"line-height: 20px;color: #6a6060;font-family: Inter, sans-serif;font-size: 12px;background-color: #ffffff;text-align: left\">\u00a0\u2713\u00a0Uma maneira charmosa e divertida de criar conex\u00f5es, trazer sorrisos e deixar o ambiente mais acolhedor e<strong>\u00a0Alegre<\/strong>.<\/p>\n<p style=\"line-height: 20px;color: #6a6060;font-family: Inter, sans-serif;font-size: 12px;background-color: #ffffff;text-align: left\">\u00a0\u2713 Kit com 2 und (1 par)<\/p>\n<p style=\"line-height: 20px;color: #6a6060;font-family: Inter, sans-serif;font-size: 12px;background-color: #ffffff;text-align: left\">\u2713 Manter longe de fontes de calor extremas<\/p>\n<p style=\"line-height: 20px;color: #6a6060;font-family: Inter, sans-serif;font-size: 12px;background-color: #ffffff;text-align: left\"><strong>Medidas<\/strong><\/p>\n<p style=\"line-height: 20px;color: #6a6060;font-family: Inter, sans-serif;font-size: 12px;background-color: #ffffff;text-align: left\">xcm de altura, xcm de profundidade, xcm de largura.<\/p>\n<p style=\"line-height: 20px;color: #6a6060;font-family: Inter, sans-serif;font-size: 12px;background-color: #ffffff;text-align: left\">Capacidade: x ml.<\/p>\n<p style=\"line-height: 20px;color: #6a6060;font-family: Inter, sans-serif;font-size: 12px;background-color: #ffffff;text-align: left\"><strong>Disponibilidade de Cores<\/strong><\/p>\n<p style=\"line-height: 20px;color: #6a6060;font-family: Inter, sans-serif;font-size: 12px;background-color: #ffffff;text-align: left\">Se preferir, entre em contato pelo WhatsApp antes da compra para verificar as cores dispon\u00edveis. Caso contr\u00e1rio, ao finalizar sua compra, por favor, indique a cor desejada no campo &#8220;MENSAGENS&#8221;. Estamos \u00e0 disposi\u00e7\u00e3o para ajudar!<\/p>\n<p style=\"line-height: 20px;color: #6a6060;font-family: Inter, sans-serif;font-size: 12px;background-color: #ffffff;text-align: left\">Se n\u00e3o recebermos nenhuma indica\u00e7\u00e3o de cor, enviaremos uma cor aleat\u00f3ria. Estamos \u00e0 disposi\u00e7\u00e3o para ajudar!<\/p>\n<p style=\"line-height: 20px;color: #6a6060;font-family: Inter, sans-serif;font-size: 12px;background-color: #ffffff;text-align: left\"><strong>Para Compras no Atacado<\/strong><\/p>\n<p style=\"line-height: 20px;color: #6a6060;font-family: Inter, sans-serif;font-size: 12px;background-color: #ffffff;text-align: left\">Por favor, entre em contato conosco diretamente para receber um or\u00e7amento. Estamos \u00e0 disposi\u00e7\u00e3o para ajudar!<\/p>\n<p style=\"line-height: 20px;color: #6a6060;font-family: Inter, sans-serif;font-size: 12px;background-color: #ffffff;text-align: left\"><strong>*Nosso tempo necess\u00e1rio para produ\u00e7\u00e3o \u00e9 de 5 dias \u00fateis, podendo variar conforme a demanda.<\/strong><\/p>\n<p style=\"line-height: 20px;color: #6a6060;font-family: Inter, sans-serif;font-size: 12px;background-color: #ffffff;text-align: left\"><strong>* Devido ao m\u00e9todo de fabrica\u00e7\u00e3o por impress\u00e3o 3D, \u00e9 poss\u00edvel que alguns itens exibam pequenas marcas ou texturas sutis, as quais s\u00e3o t\u00edpicas desse processo espec\u00edfico.<\/strong><\/p>\n<p style=\"line-height: 20px;color: #6a6060;font-family: Inter, sans-serif;font-size: 12px;background-color: #ffffff;text-align: left\"><strong>* As cores podem variar ligeiramente devido \u00e0s configura\u00e7\u00f5es do monitor.<\/strong><\/p>\n<p style=\"line-height: 20px;color: #6a6060;font-family: Inter, sans-serif;font-size: 12px;text-align: center;background-color: #ffffff\"><strong>\u00a0<\/strong><\/p>\n<p style=\"line-height: 20px;color: #6a6060;font-family: Inter, sans-serif;font-size: 12px;text-align: center;background-color: #ffffff\"><strong>Aproveite esta oportunidade e adquira j\u00e1 o seu!<\/strong><\/p>\n<p style=\"line-height: 20px;color: #6a6060;font-family: Inter, sans-serif;font-size: 12px;text-align: center;background-color: #ffffff\"><strong>CUIDADOS E MANUTEN\u00c7\u00c3O<\/strong><\/p>\n<p style=\"line-height: 20px;color: #6a6060;font-family: Inter, sans-serif;font-size: 12px;text-align: center;background-color: #ffffff\">Embora o pl\u00e1stico seja resistente ao sol e \u00e0 chuva, o PLA n\u00e3o \u00e9 ideal para exposi\u00e7\u00e3o a raios solares intensos. Portanto, n\u00e3o recomendamos o uso em \u00e1reas externas.<\/p>\n<p style=\"line-height: 20px;color: #6a6060;font-family: Inter, sans-serif;font-size: 12px;text-align: center;background-color: #ffffff\">Se voc\u00ea deseja ou precisa de um material mais resistente a temperaturas extremas, como pl\u00e1sticos de alta resist\u00eancia que suportam impactos e quedas, entre em contato conosco. Faremos um produto que atenda \u00e0s suas necessidades.<\/p>\n<p style=\"line-height: 20px;color: #6a6060;font-family: Inter, sans-serif;font-size: 12px;text-align: center;background-color: #ffffff\"><strong>O QUE \u00c9 O PL\u00c1STICO PLA?<\/strong><\/p>\n<p style=\"line-height: 20px;color: #6a6060;font-family: Inter, sans-serif;font-size: 12px;text-align: center;background-color: #ffffff\">O PLA ou melhor dizendo, \u00e1cido polil\u00e1tico, \u00e9 um pol\u00edmero sint\u00e9tico termopl\u00e1stico que vem substituindo os pl\u00e1sticos convencionais em diversas aplica\u00e7\u00f5es.<\/p>\n<p style=\"line-height: 20px;color: #6a6060;font-family: Inter, sans-serif;font-size: 12px;text-align: center;background-color: #ffffff\"><strong>COMO PRODUZ PL\u00c1STICO PLA?<\/strong><\/p>\n<p style=\"line-height: 20px;color: #6a6060;font-family: Inter, sans-serif;font-size: 12px;text-align: center;background-color: #ffffff\">A produ\u00e7\u00e3o ocorre a partir da fermenta\u00e7\u00e3o, por parte de bact\u00e9rias, de vegetais ricos em amido, como a beterraba, o milho e a mandioca, por isso, \u00e9 biodegrad\u00e1vel, compost\u00e1vel e recicl\u00e1vel e n\u00e3o possui nenhum tipo de res\u00edduo t\u00f3xico.<\/p>\n<p style=\"line-height: 20px;color: #6a6060;font-family: Inter, sans-serif;font-size: 12px;text-align: center;background-color: #ffffff\"><strong>ABS<\/strong><\/p>\n<p style=\"line-height: 20px;color: #6a6060;font-family: Inter, sans-serif;font-size: 12px;text-align: center;background-color: #ffffff\">Material: Para garantir maior durabilidade e resist\u00eancia, oferecemos a op\u00e7\u00e3o de produ\u00e7\u00e3o em ABS. No entanto, n\u00e3o recomendamos este material para uso em equipamentos destinados \u00e0 culin\u00e1ria ou qualquer outro contato direto com alimentos. A escolha do material ser\u00e1 confirmada ap\u00f3s a compra.<\/p>\n","protected":false},"excerpt":{"rendered":"<p>Brincos cachorrinho DOG Personalizados Earful of Doxie Leia a descri\u00e7\u00e3o completa do an\u00fancio para conhecer todos os detalhes do produto A sua Cole\u00e7\u00e3o de\u00a0Acess\u00f3rios\u00a0com\u00a0Estilo,\u00a0Criatividade\u00a0e\u00a0Alegria Brincos Divertidos, perfeitos para quem busca adicionar um toque de\u00a0Personalidade,\u00a0Charme\u00a0e\u00a0Originalidade\u00a0ao look do dia a dia. Ideal para Crian\u00e7as e\u00a0Professores de Educa\u00e7\u00e3o Infantil, lembrancinhas de\u00a0Anivers\u00e1rios\u00a0e festas\u00a0Tem\u00e1ticas.\u00a0 Com designs encantadores de\u00a0gatinho,\u00a0dinossauro,\u00a0macaco\u00a0e outros\u00a0personagens l\u00fadicos, [&hellip;]<\/p>\n","protected":false},"featured_media":167408,"comment_status":"open","ping_status":"closed","template":"","meta":[],"product_brand":[],"product_cat":[54],"product_tag":[3171,745],"class_list":{"0":"post-167398","1":"product","2":"type-product","3":"status-publish","4":"has-post-thumbnail","6":"product_cat-fashion-accessories","7":"product_tag-adornos","8":"product_tag-jewelry","10":"first","11":"instock","12":"taxable","13":"shipping-taxable","14":"purchasable","15":"product-type-simple"},"yoast_head":"<!-- This site is optimized with the Yoast SEO plugin v25.1 - https:\/\/yoast.com\/wordpress\/plugins\/seo\/ -->\n<title>Earful of Doxie - MyStore - By STLFLIX<\/title>\n<meta name=\"robots\" content=\"index, follow, max-snippet:-1, max-image-preview:large, max-video-preview:-1\" \/>\n<link rel=\"canonical\" href=\"https:\/\/www.monitorstlflix.com\/product\/earful-of-doxie-673fd250bdc0e\/\" \/>\n<meta property=\"og:locale\" content=\"es_ES\" \/>\n<meta property=\"og:type\" content=\"article\" \/>\n<meta property=\"og:title\" content=\"Earful of Doxie - MyStore - By STLFLIX\" \/>\n<meta property=\"og:description\" content=\"Brincos cachorrinho DOG Personalizados Earful of Doxie Leia a descri\u00e7\u00e3o completa do an\u00fancio para conhecer todos os detalhes do produto A sua Cole\u00e7\u00e3o de\u00a0Acess\u00f3rios\u00a0com\u00a0Estilo,\u00a0Criatividade\u00a0e\u00a0Alegria Brincos Divertidos, perfeitos para quem busca adicionar um toque de\u00a0Personalidade,\u00a0Charme\u00a0e\u00a0Originalidade\u00a0ao look do dia a dia. Ideal para Crian\u00e7as e\u00a0Professores de Educa\u00e7\u00e3o Infantil, lembrancinhas de\u00a0Anivers\u00e1rios\u00a0e festas\u00a0Tem\u00e1ticas.\u00a0 Com designs encantadores de\u00a0gatinho,\u00a0dinossauro,\u00a0macaco\u00a0e outros\u00a0personagens l\u00fadicos, [&hellip;]\" \/>\n<meta property=\"og:url\" content=\"https:\/\/www.monitorstlflix.com\/product\/earful-of-doxie-673fd250bdc0e\/\" \/>\n<meta property=\"og:site_name\" content=\"MyStore - By STLFLIX\" \/>\n<meta property=\"article:publisher\" content=\"https:\/\/www.facebook.com\/STLFLIX\" \/>\n<meta property=\"article:modified_time\" content=\"2024-12-22T12:31:39+00:00\" \/>\n<meta property=\"og:image\" content=\"https:\/\/www.monitorstlflix.com\/wp-content\/uploads\/2024\/11\/Earful_of_Doxie_1_aee5b0066b.webp\" \/>\n\t<meta property=\"og:image:width\" content=\"700\" \/>\n\t<meta property=\"og:image:height\" content=\"874\" \/>\n\t<meta property=\"og:image:type\" content=\"image\/webp\" \/>\n<meta name=\"twitter:card\" content=\"summary_large_image\" \/>\n<meta name=\"twitter:label1\" content=\"Est. reading time\" \/>\n\t<meta name=\"twitter:data1\" content=\"3 minutes\" \/>\n<script type=\"application\/ld+json\" class=\"yoast-schema-graph\">{\"@context\":\"https:\/\/schema.org\",\"@graph\":[{\"@type\":\"WebPage\",\"@id\":\"https:\/\/www.monitorstlflix.com\/product\/earful-of-doxie-673fd250bdc0e\/\",\"url\":\"https:\/\/www.monitorstlflix.com\/product\/earful-of-doxie-673fd250bdc0e\/\",\"name\":\"Earful of Doxie - MyStore - By STLFLIX\",\"isPartOf\":{\"@id\":\"https:\/\/my.stlflix.com\/#website\"},\"primaryImageOfPage\":{\"@id\":\"https:\/\/www.monitorstlflix.com\/product\/earful-of-doxie-673fd250bdc0e\/#primaryimage\"},\"image\":{\"@id\":\"https:\/\/www.monitorstlflix.com\/product\/earful-of-doxie-673fd250bdc0e\/#primaryimage\"},\"thumbnailUrl\":\"https:\/\/my.stlflix.com\/wp-content\/uploads\/2024\/11\/Earful_of_Doxie_1_aee5b0066b.webp\",\"datePublished\":\"2024-11-22T00:55:01+00:00\",\"dateModified\":\"2024-12-22T12:31:39+00:00\",\"breadcrumb\":{\"@id\":\"https:\/\/www.monitorstlflix.com\/product\/earful-of-doxie-673fd250bdc0e\/#breadcrumb\"},\"inLanguage\":\"es-ES\",\"potentialAction\":[{\"@type\":\"ReadAction\",\"target\":[\"https:\/\/www.monitorstlflix.com\/product\/earful-of-doxie-673fd250bdc0e\/\"]}]},{\"@type\":\"ImageObject\",\"inLanguage\":\"es-ES\",\"@id\":\"https:\/\/www.monitorstlflix.com\/product\/earful-of-doxie-673fd250bdc0e\/#primaryimage\",\"url\":\"https:\/\/my.stlflix.com\/wp-content\/uploads\/2024\/11\/Earful_of_Doxie_1_aee5b0066b.webp\",\"contentUrl\":\"https:\/\/my.stlflix.com\/wp-content\/uploads\/2024\/11\/Earful_of_Doxie_1_aee5b0066b.webp\",\"width\":700,\"height\":874},{\"@type\":\"BreadcrumbList\",\"@id\":\"https:\/\/www.monitorstlflix.com\/product\/earful-of-doxie-673fd250bdc0e\/#breadcrumb\",\"itemListElement\":[{\"@type\":\"ListItem\",\"position\":1,\"name\":\"Home\",\"item\":\"https:\/\/www.stlflix-store.com\/\"},{\"@type\":\"ListItem\",\"position\":2,\"name\":\"Products\",\"item\":\"https:\/\/www.stlflix-store.com\/shop\/\"},{\"@type\":\"ListItem\",\"position\":3,\"name\":\"Earful of Doxie\"}]},{\"@type\":\"WebSite\",\"@id\":\"https:\/\/my.stlflix.com\/#website\",\"url\":\"https:\/\/my.stlflix.com\/\",\"name\":\"MyStore - By STLFLIX\",\"description\":\"\",\"publisher\":{\"@id\":\"https:\/\/my.stlflix.com\/#organization\"},\"potentialAction\":[{\"@type\":\"SearchAction\",\"target\":{\"@type\":\"EntryPoint\",\"urlTemplate\":\"https:\/\/my.stlflix.com\/?s={search_term_string}\"},\"query-input\":{\"@type\":\"PropertyValueSpecification\",\"valueRequired\":true,\"valueName\":\"search_term_string\"}}],\"inLanguage\":\"es-ES\"},{\"@type\":\"Organization\",\"@id\":\"https:\/\/my.stlflix.com\/#organization\",\"name\":\"MyStore - By STLFLIX\",\"url\":\"https:\/\/my.stlflix.com\/\",\"logo\":{\"@type\":\"ImageObject\",\"inLanguage\":\"es-ES\",\"@id\":\"https:\/\/my.stlflix.com\/#\/schema\/logo\/image\/\",\"url\":\"https:\/\/my.stlflix.com\/wp-content\/uploads\/2024\/06\/logo-mystore.png\",\"contentUrl\":\"https:\/\/my.stlflix.com\/wp-content\/uploads\/2024\/06\/logo-mystore.png\",\"width\":150,\"height\":41,\"caption\":\"MyStore - By STLFLIX\"},\"image\":{\"@id\":\"https:\/\/my.stlflix.com\/#\/schema\/logo\/image\/\"},\"sameAs\":[\"https:\/\/www.facebook.com\/STLFLIX\",\"https:\/\/www.instagram.com\/stlflix_\/\",\"https:\/\/www.tiktok.com\/@stlflix\"]}]}<\/script>\n<!-- \/ Yoast SEO plugin. -->","yoast_head_json":{"title":"Earful of Doxie - MyStore - By STLFLIX","robots":{"index":"index","follow":"follow","max-snippet":"max-snippet:-1","max-image-preview":"max-image-preview:large","max-video-preview":"max-video-preview:-1"},"canonical":"https:\/\/www.monitorstlflix.com\/product\/earful-of-doxie-673fd250bdc0e\/","og_locale":"es_ES","og_type":"article","og_title":"Earful of Doxie - MyStore - By STLFLIX","og_description":"Brincos cachorrinho DOG Personalizados Earful of Doxie Leia a descri\u00e7\u00e3o completa do an\u00fancio para conhecer todos os detalhes do produto A sua Cole\u00e7\u00e3o de\u00a0Acess\u00f3rios\u00a0com\u00a0Estilo,\u00a0Criatividade\u00a0e\u00a0Alegria Brincos Divertidos, perfeitos para quem busca adicionar um toque de\u00a0Personalidade,\u00a0Charme\u00a0e\u00a0Originalidade\u00a0ao look do dia a dia. Ideal para Crian\u00e7as e\u00a0Professores de Educa\u00e7\u00e3o Infantil, lembrancinhas de\u00a0Anivers\u00e1rios\u00a0e festas\u00a0Tem\u00e1ticas.\u00a0 Com designs encantadores de\u00a0gatinho,\u00a0dinossauro,\u00a0macaco\u00a0e outros\u00a0personagens l\u00fadicos, [&hellip;]","og_url":"https:\/\/www.monitorstlflix.com\/product\/earful-of-doxie-673fd250bdc0e\/","og_site_name":"MyStore - By STLFLIX","article_publisher":"https:\/\/www.facebook.com\/STLFLIX","article_modified_time":"2024-12-22T12:31:39+00:00","og_image":[{"width":700,"height":874,"url":"https:\/\/www.monitorstlflix.com\/wp-content\/uploads\/2024\/11\/Earful_of_Doxie_1_aee5b0066b.webp","type":"image\/webp"}],"twitter_card":"summary_large_image","twitter_misc":{"Est. reading time":"3 minutes"},"schema":{"@context":"https:\/\/schema.org","@graph":[{"@type":"WebPage","@id":"https:\/\/www.monitorstlflix.com\/product\/earful-of-doxie-673fd250bdc0e\/","url":"https:\/\/www.monitorstlflix.com\/product\/earful-of-doxie-673fd250bdc0e\/","name":"Earful of Doxie - MyStore - By STLFLIX","isPartOf":{"@id":"https:\/\/my.stlflix.com\/#website"},"primaryImageOfPage":{"@id":"https:\/\/www.monitorstlflix.com\/product\/earful-of-doxie-673fd250bdc0e\/#primaryimage"},"image":{"@id":"https:\/\/www.monitorstlflix.com\/product\/earful-of-doxie-673fd250bdc0e\/#primaryimage"},"thumbnailUrl":"https:\/\/my.stlflix.com\/wp-content\/uploads\/2024\/11\/Earful_of_Doxie_1_aee5b0066b.webp","datePublished":"2024-11-22T00:55:01+00:00","dateModified":"2024-12-22T12:31:39+00:00","breadcrumb":{"@id":"https:\/\/www.monitorstlflix.com\/product\/earful-of-doxie-673fd250bdc0e\/#breadcrumb"},"inLanguage":"es-ES","potentialAction":[{"@type":"ReadAction","target":["https:\/\/www.monitorstlflix.com\/product\/earful-of-doxie-673fd250bdc0e\/"]}]},{"@type":"ImageObject","inLanguage":"es-ES","@id":"https:\/\/www.monitorstlflix.com\/product\/earful-of-doxie-673fd250bdc0e\/#primaryimage","url":"https:\/\/my.stlflix.com\/wp-content\/uploads\/2024\/11\/Earful_of_Doxie_1_aee5b0066b.webp","contentUrl":"https:\/\/my.stlflix.com\/wp-content\/uploads\/2024\/11\/Earful_of_Doxie_1_aee5b0066b.webp","width":700,"height":874},{"@type":"BreadcrumbList","@id":"https:\/\/www.monitorstlflix.com\/product\/earful-of-doxie-673fd250bdc0e\/#breadcrumb","itemListElement":[{"@type":"ListItem","position":1,"name":"Home","item":"https:\/\/www.stlflix-store.com\/"},{"@type":"ListItem","position":2,"name":"Products","item":"https:\/\/www.stlflix-store.com\/shop\/"},{"@type":"ListItem","position":3,"name":"Earful of Doxie"}]},{"@type":"WebSite","@id":"https:\/\/my.stlflix.com\/#website","url":"https:\/\/my.stlflix.com\/","name":"MyStore - By STLFLIX","description":"","publisher":{"@id":"https:\/\/my.stlflix.com\/#organization"},"potentialAction":[{"@type":"SearchAction","target":{"@type":"EntryPoint","urlTemplate":"https:\/\/my.stlflix.com\/?s={search_term_string}"},"query-input":{"@type":"PropertyValueSpecification","valueRequired":true,"valueName":"search_term_string"}}],"inLanguage":"es-ES"},{"@type":"Organization","@id":"https:\/\/my.stlflix.com\/#organization","name":"MyStore - By STLFLIX","url":"https:\/\/my.stlflix.com\/","logo":{"@type":"ImageObject","inLanguage":"es-ES","@id":"https:\/\/my.stlflix.com\/#\/schema\/logo\/image\/","url":"https:\/\/my.stlflix.com\/wp-content\/uploads\/2024\/06\/logo-mystore.png","contentUrl":"https:\/\/my.stlflix.com\/wp-content\/uploads\/2024\/06\/logo-mystore.png","width":150,"height":41,"caption":"MyStore - By STLFLIX"},"image":{"@id":"https:\/\/my.stlflix.com\/#\/schema\/logo\/image\/"},"sameAs":["https:\/\/www.facebook.com\/STLFLIX","https:\/\/www.instagram.com\/stlflix_\/","https:\/\/www.tiktok.com\/@stlflix"]}]}},"_links":{"self":[{"href":"https:\/\/my.stlflix.com\/es\/wp-json\/wp\/v2\/product\/167398","targetHints":{"allow":["GET"]}}],"collection":[{"href":"https:\/\/my.stlflix.com\/es\/wp-json\/wp\/v2\/product"}],"about":[{"href":"https:\/\/my.stlflix.com\/es\/wp-json\/wp\/v2\/types\/product"}],"replies":[{"embeddable":true,"href":"https:\/\/my.stlflix.com\/es\/wp-json\/wp\/v2\/comments?post=167398"}],"wp:featuredmedia":[{"embeddable":true,"href":"https:\/\/my.stlflix.com\/es\/wp-json\/wp\/v2\/media\/167408"}],"wp:attachment":[{"href":"https:\/\/my.stlflix.com\/es\/wp-json\/wp\/v2\/media?parent=167398"}],"wp:term":[{"taxonomy":"product_brand","embeddable":true,"href":"https:\/\/my.stlflix.com\/es\/wp-json\/wp\/v2\/product_brand?post=167398"},{"taxonomy":"product_cat","embeddable":true,"href":"https:\/\/my.stlflix.com\/es\/wp-json\/wp\/v2\/product_cat?post=167398"},{"taxonomy":"product_tag","embeddable":true,"href":"https:\/\/my.stlflix.com\/es\/wp-json\/wp\/v2\/product_tag?post=167398"}],"curies":[{"name":"wp","href":"https:\/\/api.w.org\/{rel}","templated":true}]}}