{"id":167401,"date":"2024-11-27T01:19:58","date_gmt":"2024-11-27T01:19:58","guid":{"rendered":"https:\/\/my.stlflix.com\/?post_type=product&#038;p=167401"},"modified":"2024-12-22T12:31:39","modified_gmt":"2024-12-22T12:31:39","slug":"monkey-business-jewelry-display-673fd2693ae02","status":"publish","type":"product","link":"https:\/\/my.stlflix.com\/es\/product\/monkey-business-jewelry-display-673fd2693ae02\/","title":{"rendered":"Porta Joia Monkey Business &#8211; Jewelry Display"},"content":{"rendered":"<div style=\"color: #6a6060;text-align: center;margin: 20px 0px;padding: 0px;border: 0px;vertical-align: baseline;max-width: 100%;font-family: Montserrat, sans-serif;font-size: 14px;background-color: #ffffff\"><strong style=\"margin: 0px;padding: 0px;border: 0px;vertical-align: baseline\">Monkey Business &#8211; Jewelry Display<\/strong><span style=\"font-family: Inter, sans-serif;font-size: 12px\">\u00a0<\/span><\/div>\n<div style=\"color: #6a6060;text-align: center;margin: 20px 0px;padding: 0px;border: 0px;vertical-align: baseline;max-width: 100%;font-family: Montserrat, sans-serif;font-size: 14px;background-color: #ffffff\">\n<p style=\"line-height: 20px;font-family: Inter, sans-serif;font-size: 12px\"><em style=\"color: #434343;font-family: montserrat, sans-serif;font-size: 14px;margin: 0px;padding: 0px;border: 0px;vertical-align: baseline\"><span style=\"margin: 0px;padding: 0cm;border: 1pt none windowtext;vertical-align: baseline;font-size: 10.5pt;font-family: Montserrat;color: #3b7d23\">Leia a descri\u00e7\u00e3o completa do an\u00fancio para conhecer todos os detalhes do produto<\/span><\/em><\/p>\n<p style=\"line-height: 20px;font-family: Inter, sans-serif;font-size: 12px\"><strong style=\"color: #000000;font-family: Geist;font-size: 15px;text-align: left\"><span style=\"color: #6a6060;font-family: Inter, sans-serif\"><span style=\"font-size: 12px\">Um verdadeiro ba\u00fa de tesouros m\u00e1gico!\u00a0<\/span><\/span><\/strong><\/p>\n<p style=\"line-height: 20px;text-align: left\"><span style=\"font-family: Inter, sans-serif\"><span style=\"font-size: 12px\">Os porta brincos s\u00e3o acess\u00f3rios indispens\u00e1veis para quem possui uma grande cole\u00e7\u00e3o de joias e bijuterias.<\/span><\/span><\/p>\n<p style=\"line-height: 20px;font-family: Inter, sans-serif;font-size: 12px;text-align: left\"><span>Mais do que uma simples caixa de armazenamento, ela \u00e9 um guardi\u00e3o de\u00a0<strong>Segredo<\/strong>s,\u00a0<strong>Perfeita<\/strong>\u00a0para guardar seus pequenos objetos\u00a0<strong>Valiosos.\u00a0<\/strong><\/span><\/p>\n<p style=\"line-height: 20px;font-family: Inter, sans-serif;font-size: 12px;text-align: left\"><span>Com seu\u00a0<strong>Design<\/strong>\u00a0<strong>Divertido,\u00a0<\/strong>basta abrir para um mundo de\u00a0<strong>Surpresas<\/strong>! J\u00e1 imaginou quais preciosidades voc\u00ea vai guardar nela?<\/span><\/p>\n<p style=\"line-height: 20px;font-family: Inter, sans-serif;font-size: 12px;text-align: left\"><span>\u00a0<\/span><\/p>\n<p style=\"line-height: 20px;font-family: Inter, sans-serif;font-size: 12px;text-align: left\"><span><strong>O Presente Perfeito:\u00a0<\/strong>Um presente \u00fanico, criativo e cheio de charme, perfeito para surpreender quem adora solu\u00e7\u00f5es de armazenamento especiais.<\/span><\/p>\n<p style=\"line-height: 20px;font-family: Inter, sans-serif;font-size: 12px;text-align: left\"><strong>Material:\u00a0<\/strong>Pl\u00e1stico PLA \u00e9 biodegrad\u00e1vel, recicl\u00e1vel, biocompat\u00edvel e compost\u00e1vel. N\u00e3o agride o meio ambiente.<\/p>\n<p style=\"line-height: 20px;font-family: Inter, sans-serif;font-size: 12px;text-align: left\">\u2713 Ideal para ambientes internos!<\/p>\n<p style=\"line-height: 20px;font-family: Inter, sans-serif;font-size: 12px;text-align: left\">\u2713 Valor referente a 1 unidade.<\/p>\n<p style=\"line-height: 20px;font-family: Inter, sans-serif;font-size: 12px;text-align: left\">\u2713 Manter longe de fontes de calor extremas<\/p>\n<p style=\"line-height: 20px;font-family: Inter, sans-serif;font-size: 12px;text-align: left\"><strong>Medidas<\/strong><\/p>\n<p style=\"line-height: 20px;text-align: left\"><span style=\"font-family: Inter, sans-serif\"><span style=\"font-size: 12px\">23 cm<\/span><\/span><\/p>\n<p style=\"line-height: 20px;font-family: Inter, sans-serif;font-size: 12px;text-align: left\"><strong>Disponibilidade de Cores<\/strong><\/p>\n<p style=\"line-height: 20px;font-family: Inter, sans-serif;font-size: 12px;text-align: left\">Se preferir, entre em contato pelo WhatsApp antes da compra para verificar as cores dispon\u00edveis. Caso contr\u00e1rio, ao finalizar sua compra, por favor, indique a cor desejada no campo &#8220;MENSAGENS&#8221;. Estamos \u00e0 disposi\u00e7\u00e3o para ajudar!<\/p>\n<p style=\"line-height: 20px;font-family: Inter, sans-serif;font-size: 12px;text-align: left\">Se n\u00e3o recebermos nenhuma indica\u00e7\u00e3o de cor, enviaremos uma cor aleat\u00f3ria. Estamos \u00e0 disposi\u00e7\u00e3o para ajudar!<\/p>\n<p style=\"line-height: 20px;font-family: Inter, sans-serif;font-size: 12px;text-align: left\"><strong>Para Compras no Atacado<\/strong><\/p>\n<p style=\"line-height: 20px;font-family: Inter, sans-serif;font-size: 12px;text-align: left\">Por favor, entre em contato conosco diretamente para receber um or\u00e7amento. Estamos \u00e0 disposi\u00e7\u00e3o para ajudar!<\/p>\n<p style=\"line-height: 20px;font-family: Inter, sans-serif;font-size: 12px;text-align: left\"><strong>*Nosso tempo necess\u00e1rio para produ\u00e7\u00e3o \u00e9 de 5 dias \u00fateis, podendo variar conforme a demanda.<\/strong><\/p>\n<p style=\"line-height: 20px;font-family: Inter, sans-serif;font-size: 12px;text-align: left\"><strong>* Devido ao m\u00e9todo de fabrica\u00e7\u00e3o por impress\u00e3o 3D, \u00e9 poss\u00edvel que alguns itens exibam pequenas marcas ou texturas sutis, as quais s\u00e3o t\u00edpicas desse processo espec\u00edfico.<\/strong><\/p>\n<p style=\"line-height: 20px;font-family: Inter, sans-serif;font-size: 12px;text-align: left\"><strong>* As cores podem variar ligeiramente devido \u00e0s configura\u00e7\u00f5es do monitor.<\/strong><\/p>\n<p style=\"line-height: 20px;font-family: Inter, sans-serif;font-size: 12px\"><strong>\u00a0<\/strong><\/p>\n<p style=\"line-height: 20px;font-family: Inter, sans-serif;font-size: 12px\"><strong>Aproveite esta oportunidade e adquira j\u00e1 o seu!<\/strong><\/p>\n<p style=\"line-height: 20px;font-family: Inter, sans-serif;font-size: 12px\"><strong>CUIDADOS E MANUTEN\u00c7\u00c3O<\/strong><\/p>\n<p style=\"line-height: 20px;font-family: Inter, sans-serif;font-size: 12px\">Embora o pl\u00e1stico seja resistente ao sol e \u00e0 chuva, o PLA n\u00e3o \u00e9 ideal para exposi\u00e7\u00e3o a raios solares intensos. Portanto, n\u00e3o recomendamos o uso em \u00e1reas externas.<\/p>\n<p style=\"line-height: 20px;font-family: Inter, sans-serif;font-size: 12px\">Se voc\u00ea deseja ou precisa de um material mais resistente a temperaturas extremas, como pl\u00e1sticos de alta resist\u00eancia que suportam impactos e quedas, entre em contato conosco. Faremos um produto que atenda \u00e0s suas necessidades.<\/p>\n<p style=\"line-height: 20px;font-family: Inter, sans-serif;font-size: 12px\"><strong>O QUE \u00c9 O PL\u00c1STICO PLA?<\/strong><\/p>\n<p style=\"line-height: 20px;font-family: Inter, sans-serif;font-size: 12px\">O PLA ou melhor dizendo, \u00e1cido polil\u00e1tico, \u00e9 um pol\u00edmero sint\u00e9tico termopl\u00e1stico que vem substituindo os pl\u00e1sticos convencionais em diversas aplica\u00e7\u00f5es.<\/p>\n<p style=\"line-height: 20px;font-family: Inter, sans-serif;font-size: 12px\"><strong>COMO PRODUZ PL\u00c1STICO PLA?<\/strong><\/p>\n<p style=\"line-height: 20px;font-family: Inter, sans-serif;font-size: 12px\">A produ\u00e7\u00e3o ocorre a partir da fermenta\u00e7\u00e3o, por parte de bact\u00e9rias, de vegetais ricos em amido, como a beterraba, o milho e a mandioca, por isso, \u00e9 biodegrad\u00e1vel, compost\u00e1vel e recicl\u00e1vel e n\u00e3o possui nenhum tipo de res\u00edduo t\u00f3xico.<\/p>\n<p style=\"line-height: 20px;font-family: Inter, sans-serif;font-size: 12px\"><strong>ABS<\/strong><\/p>\n<p style=\"line-height: 20px;font-family: Inter, sans-serif;font-size: 12px\">Material: Para garantir maior durabilidade e resist\u00eancia, oferecemos a op\u00e7\u00e3o de produ\u00e7\u00e3o em ABS. No entanto, n\u00e3o recomendamos este material para uso em equipamentos destinados \u00e0 culin\u00e1ria ou qualquer outro contato direto com alimentos. A escolha do material ser\u00e1 confirmada ap\u00f3s a compra.<\/p>\n<\/div>\n","protected":false},"excerpt":{"rendered":"<p>Monkey Business &#8211; Jewelry Display\u00a0 Leia a descri\u00e7\u00e3o completa do an\u00fancio para conhecer todos os detalhes do produto Um verdadeiro ba\u00fa de tesouros m\u00e1gico!\u00a0 Os porta brincos s\u00e3o acess\u00f3rios indispens\u00e1veis para quem possui uma grande cole\u00e7\u00e3o de joias e bijuterias. Mais do que uma simples caixa de armazenamento, ela \u00e9 um guardi\u00e3o de\u00a0Segredos,\u00a0Perfeita\u00a0para guardar seus [&hellip;]<\/p>\n","protected":false},"featured_media":160599,"comment_status":"open","ping_status":"closed","template":"","meta":[],"product_brand":[],"product_cat":[54],"product_tag":[745],"class_list":{"0":"post-167401","1":"product","2":"type-product","3":"status-publish","4":"has-post-thumbnail","6":"product_cat-fashion-accessories","7":"product_tag-jewelry","9":"first","10":"instock","11":"taxable","12":"shipping-taxable","13":"purchasable","14":"product-type-simple"},"yoast_head":"<!-- This site is optimized with the Yoast SEO plugin v25.1 - https:\/\/yoast.com\/wordpress\/plugins\/seo\/ -->\n<title>Porta Joia Monkey Business - Jewelry Display - MyStore - By STLFLIX<\/title>\n<meta name=\"robots\" content=\"index, follow, max-snippet:-1, max-image-preview:large, max-video-preview:-1\" \/>\n<link rel=\"canonical\" href=\"https:\/\/my.stlflix.com\/es\/product\/monkey-business-jewelry-display-673fd2693ae02\/\" \/>\n<meta property=\"og:locale\" content=\"es_ES\" \/>\n<meta property=\"og:type\" content=\"article\" \/>\n<meta property=\"og:title\" content=\"Porta Joia Monkey Business - Jewelry Display - MyStore - By STLFLIX\" \/>\n<meta property=\"og:description\" content=\"Monkey Business &#8211; Jewelry Display\u00a0 Leia a descri\u00e7\u00e3o completa do an\u00fancio para conhecer todos os detalhes do produto Um verdadeiro ba\u00fa de tesouros m\u00e1gico!\u00a0 Os porta brincos s\u00e3o acess\u00f3rios indispens\u00e1veis para quem possui uma grande cole\u00e7\u00e3o de joias e bijuterias. Mais do que uma simples caixa de armazenamento, ela \u00e9 um guardi\u00e3o de\u00a0Segredos,\u00a0Perfeita\u00a0para guardar seus [&hellip;]\" \/>\n<meta property=\"og:url\" content=\"https:\/\/my.stlflix.com\/es\/product\/monkey-business-jewelry-display-673fd2693ae02\/\" \/>\n<meta property=\"og:site_name\" content=\"MyStore - By STLFLIX\" \/>\n<meta property=\"article:publisher\" content=\"https:\/\/www.facebook.com\/STLFLIX\" \/>\n<meta property=\"article:modified_time\" content=\"2024-12-22T12:31:39+00:00\" \/>\n<meta property=\"og:image\" content=\"https:\/\/my.stlflix.com\/wp-content\/uploads\/2024\/11\/thumb_9e78756960.jpg\" \/>\n\t<meta property=\"og:image:width\" content=\"1080\" \/>\n\t<meta property=\"og:image:height\" content=\"1350\" \/>\n\t<meta property=\"og:image:type\" content=\"image\/jpeg\" \/>\n<meta name=\"twitter:card\" content=\"summary_large_image\" \/>\n<meta name=\"twitter:label1\" content=\"Est. reading time\" \/>\n\t<meta name=\"twitter:data1\" content=\"2 minutes\" \/>\n<script type=\"application\/ld+json\" class=\"yoast-schema-graph\">{\"@context\":\"https:\/\/schema.org\",\"@graph\":[{\"@type\":\"WebPage\",\"@id\":\"https:\/\/my.stlflix.com\/es\/product\/monkey-business-jewelry-display-673fd2693ae02\/\",\"url\":\"https:\/\/my.stlflix.com\/es\/product\/monkey-business-jewelry-display-673fd2693ae02\/\",\"name\":\"Porta Joia Monkey Business - Jewelry Display - MyStore - By STLFLIX\",\"isPartOf\":{\"@id\":\"https:\/\/my.stlflix.com\/#website\"},\"primaryImageOfPage\":{\"@id\":\"https:\/\/my.stlflix.com\/es\/product\/monkey-business-jewelry-display-673fd2693ae02\/#primaryimage\"},\"image\":{\"@id\":\"https:\/\/my.stlflix.com\/es\/product\/monkey-business-jewelry-display-673fd2693ae02\/#primaryimage\"},\"thumbnailUrl\":\"https:\/\/my.stlflix.com\/wp-content\/uploads\/2024\/11\/thumb_9e78756960.jpg\",\"datePublished\":\"2024-11-27T01:19:58+00:00\",\"dateModified\":\"2024-12-22T12:31:39+00:00\",\"breadcrumb\":{\"@id\":\"https:\/\/my.stlflix.com\/es\/product\/monkey-business-jewelry-display-673fd2693ae02\/#breadcrumb\"},\"inLanguage\":\"es-ES\",\"potentialAction\":[{\"@type\":\"ReadAction\",\"target\":[\"https:\/\/my.stlflix.com\/es\/product\/monkey-business-jewelry-display-673fd2693ae02\/\"]}]},{\"@type\":\"ImageObject\",\"inLanguage\":\"es-ES\",\"@id\":\"https:\/\/my.stlflix.com\/es\/product\/monkey-business-jewelry-display-673fd2693ae02\/#primaryimage\",\"url\":\"https:\/\/my.stlflix.com\/wp-content\/uploads\/2024\/11\/thumb_9e78756960.jpg\",\"contentUrl\":\"https:\/\/my.stlflix.com\/wp-content\/uploads\/2024\/11\/thumb_9e78756960.jpg\",\"width\":1080,\"height\":1350},{\"@type\":\"BreadcrumbList\",\"@id\":\"https:\/\/my.stlflix.com\/es\/product\/monkey-business-jewelry-display-673fd2693ae02\/#breadcrumb\",\"itemListElement\":[{\"@type\":\"ListItem\",\"position\":1,\"name\":\"Home\",\"item\":\"https:\/\/www.stlflix-store.com\/\"},{\"@type\":\"ListItem\",\"position\":2,\"name\":\"Products\",\"item\":\"https:\/\/www.stlflix-store.com\/shop\/\"},{\"@type\":\"ListItem\",\"position\":3,\"name\":\"Porta Joia Monkey Business &#8211; Jewelry Display\"}]},{\"@type\":\"WebSite\",\"@id\":\"https:\/\/my.stlflix.com\/#website\",\"url\":\"https:\/\/my.stlflix.com\/\",\"name\":\"MyStore - By STLFLIX\",\"description\":\"\",\"publisher\":{\"@id\":\"https:\/\/my.stlflix.com\/#organization\"},\"potentialAction\":[{\"@type\":\"SearchAction\",\"target\":{\"@type\":\"EntryPoint\",\"urlTemplate\":\"https:\/\/my.stlflix.com\/?s={search_term_string}\"},\"query-input\":{\"@type\":\"PropertyValueSpecification\",\"valueRequired\":true,\"valueName\":\"search_term_string\"}}],\"inLanguage\":\"es-ES\"},{\"@type\":\"Organization\",\"@id\":\"https:\/\/my.stlflix.com\/#organization\",\"name\":\"MyStore - By STLFLIX\",\"url\":\"https:\/\/my.stlflix.com\/\",\"logo\":{\"@type\":\"ImageObject\",\"inLanguage\":\"es-ES\",\"@id\":\"https:\/\/my.stlflix.com\/#\/schema\/logo\/image\/\",\"url\":\"https:\/\/my.stlflix.com\/wp-content\/uploads\/2024\/06\/logo-mystore.png\",\"contentUrl\":\"https:\/\/my.stlflix.com\/wp-content\/uploads\/2024\/06\/logo-mystore.png\",\"width\":150,\"height\":41,\"caption\":\"MyStore - By STLFLIX\"},\"image\":{\"@id\":\"https:\/\/my.stlflix.com\/#\/schema\/logo\/image\/\"},\"sameAs\":[\"https:\/\/www.facebook.com\/STLFLIX\",\"https:\/\/www.instagram.com\/stlflix_\/\",\"https:\/\/www.tiktok.com\/@stlflix\"]}]}<\/script>\n<!-- \/ Yoast SEO plugin. -->","yoast_head_json":{"title":"Porta Joia Monkey Business - Jewelry Display - MyStore - By STLFLIX","robots":{"index":"index","follow":"follow","max-snippet":"max-snippet:-1","max-image-preview":"max-image-preview:large","max-video-preview":"max-video-preview:-1"},"canonical":"https:\/\/my.stlflix.com\/es\/product\/monkey-business-jewelry-display-673fd2693ae02\/","og_locale":"es_ES","og_type":"article","og_title":"Porta Joia Monkey Business - Jewelry Display - MyStore - By STLFLIX","og_description":"Monkey Business &#8211; Jewelry Display\u00a0 Leia a descri\u00e7\u00e3o completa do an\u00fancio para conhecer todos os detalhes do produto Um verdadeiro ba\u00fa de tesouros m\u00e1gico!\u00a0 Os porta brincos s\u00e3o acess\u00f3rios indispens\u00e1veis para quem possui uma grande cole\u00e7\u00e3o de joias e bijuterias. Mais do que uma simples caixa de armazenamento, ela \u00e9 um guardi\u00e3o de\u00a0Segredos,\u00a0Perfeita\u00a0para guardar seus [&hellip;]","og_url":"https:\/\/my.stlflix.com\/es\/product\/monkey-business-jewelry-display-673fd2693ae02\/","og_site_name":"MyStore - By STLFLIX","article_publisher":"https:\/\/www.facebook.com\/STLFLIX","article_modified_time":"2024-12-22T12:31:39+00:00","og_image":[{"width":1080,"height":1350,"url":"https:\/\/my.stlflix.com\/wp-content\/uploads\/2024\/11\/thumb_9e78756960.jpg","type":"image\/jpeg"}],"twitter_card":"summary_large_image","twitter_misc":{"Est. reading time":"2 minutes"},"schema":{"@context":"https:\/\/schema.org","@graph":[{"@type":"WebPage","@id":"https:\/\/my.stlflix.com\/es\/product\/monkey-business-jewelry-display-673fd2693ae02\/","url":"https:\/\/my.stlflix.com\/es\/product\/monkey-business-jewelry-display-673fd2693ae02\/","name":"Porta Joia Monkey Business - Jewelry Display - MyStore - By STLFLIX","isPartOf":{"@id":"https:\/\/my.stlflix.com\/#website"},"primaryImageOfPage":{"@id":"https:\/\/my.stlflix.com\/es\/product\/monkey-business-jewelry-display-673fd2693ae02\/#primaryimage"},"image":{"@id":"https:\/\/my.stlflix.com\/es\/product\/monkey-business-jewelry-display-673fd2693ae02\/#primaryimage"},"thumbnailUrl":"https:\/\/my.stlflix.com\/wp-content\/uploads\/2024\/11\/thumb_9e78756960.jpg","datePublished":"2024-11-27T01:19:58+00:00","dateModified":"2024-12-22T12:31:39+00:00","breadcrumb":{"@id":"https:\/\/my.stlflix.com\/es\/product\/monkey-business-jewelry-display-673fd2693ae02\/#breadcrumb"},"inLanguage":"es-ES","potentialAction":[{"@type":"ReadAction","target":["https:\/\/my.stlflix.com\/es\/product\/monkey-business-jewelry-display-673fd2693ae02\/"]}]},{"@type":"ImageObject","inLanguage":"es-ES","@id":"https:\/\/my.stlflix.com\/es\/product\/monkey-business-jewelry-display-673fd2693ae02\/#primaryimage","url":"https:\/\/my.stlflix.com\/wp-content\/uploads\/2024\/11\/thumb_9e78756960.jpg","contentUrl":"https:\/\/my.stlflix.com\/wp-content\/uploads\/2024\/11\/thumb_9e78756960.jpg","width":1080,"height":1350},{"@type":"BreadcrumbList","@id":"https:\/\/my.stlflix.com\/es\/product\/monkey-business-jewelry-display-673fd2693ae02\/#breadcrumb","itemListElement":[{"@type":"ListItem","position":1,"name":"Home","item":"https:\/\/www.stlflix-store.com\/"},{"@type":"ListItem","position":2,"name":"Products","item":"https:\/\/www.stlflix-store.com\/shop\/"},{"@type":"ListItem","position":3,"name":"Porta Joia Monkey Business &#8211; Jewelry Display"}]},{"@type":"WebSite","@id":"https:\/\/my.stlflix.com\/#website","url":"https:\/\/my.stlflix.com\/","name":"MyStore - By STLFLIX","description":"","publisher":{"@id":"https:\/\/my.stlflix.com\/#organization"},"potentialAction":[{"@type":"SearchAction","target":{"@type":"EntryPoint","urlTemplate":"https:\/\/my.stlflix.com\/?s={search_term_string}"},"query-input":{"@type":"PropertyValueSpecification","valueRequired":true,"valueName":"search_term_string"}}],"inLanguage":"es-ES"},{"@type":"Organization","@id":"https:\/\/my.stlflix.com\/#organization","name":"MyStore - By STLFLIX","url":"https:\/\/my.stlflix.com\/","logo":{"@type":"ImageObject","inLanguage":"es-ES","@id":"https:\/\/my.stlflix.com\/#\/schema\/logo\/image\/","url":"https:\/\/my.stlflix.com\/wp-content\/uploads\/2024\/06\/logo-mystore.png","contentUrl":"https:\/\/my.stlflix.com\/wp-content\/uploads\/2024\/06\/logo-mystore.png","width":150,"height":41,"caption":"MyStore - By STLFLIX"},"image":{"@id":"https:\/\/my.stlflix.com\/#\/schema\/logo\/image\/"},"sameAs":["https:\/\/www.facebook.com\/STLFLIX","https:\/\/www.instagram.com\/stlflix_\/","https:\/\/www.tiktok.com\/@stlflix"]}]}},"_links":{"self":[{"href":"https:\/\/my.stlflix.com\/es\/wp-json\/wp\/v2\/product\/167401","targetHints":{"allow":["GET"]}}],"collection":[{"href":"https:\/\/my.stlflix.com\/es\/wp-json\/wp\/v2\/product"}],"about":[{"href":"https:\/\/my.stlflix.com\/es\/wp-json\/wp\/v2\/types\/product"}],"replies":[{"embeddable":true,"href":"https:\/\/my.stlflix.com\/es\/wp-json\/wp\/v2\/comments?post=167401"}],"wp:featuredmedia":[{"embeddable":true,"href":"https:\/\/my.stlflix.com\/es\/wp-json\/wp\/v2\/media\/160599"}],"wp:attachment":[{"href":"https:\/\/my.stlflix.com\/es\/wp-json\/wp\/v2\/media?parent=167401"}],"wp:term":[{"taxonomy":"product_brand","embeddable":true,"href":"https:\/\/my.stlflix.com\/es\/wp-json\/wp\/v2\/product_brand?post=167401"},{"taxonomy":"product_cat","embeddable":true,"href":"https:\/\/my.stlflix.com\/es\/wp-json\/wp\/v2\/product_cat?post=167401"},{"taxonomy":"product_tag","embeddable":true,"href":"https:\/\/my.stlflix.com\/es\/wp-json\/wp\/v2\/product_tag?post=167401"}],"curies":[{"name":"wp","href":"https:\/\/api.w.org\/{rel}","templated":true}]}}