{"id":172140,"date":"2024-11-25T21:30:14","date_gmt":"2024-11-25T21:30:14","guid":{"rendered":"https:\/\/my.stlflix.com\/?post_type=product&#038;p=172140"},"modified":"2025-11-05T12:50:03","modified_gmt":"2025-11-05T12:50:03","slug":"articulated-emperor-scorpion-6744eb1643e0b","status":"publish","type":"product","link":"https:\/\/my.stlflix.com\/es\/product\/articulated-emperor-scorpion-6744eb1643e0b\/","title":{"rendered":"Articulated Emperor Scorpion"},"content":{"rendered":"<p>Ne plaisantez pas avec ce gars, ses articulations sont si r\u00e9elles que vous pourriez vraiment vous faire piquer ! Ce scorpion articul\u00e9 est pr\u00eat \u00e0 se d\u00e9fendre, avec ses articulations tr\u00e8s mobiles de sa queue \u00e0 ses pinces qui imitent l\u2019animal r\u00e9el. Tous les supports dont vous aurez besoin sont d\u00e9j\u00e0 dans le mod\u00e8le, donc pas de stress, profitez simplement de la balade.<\/p>\n<p>Dimensions (mm):\u00a0 21 L X 21 l x 3.5 H<\/p>\n<p>Poids : 30gr<\/p>\n","protected":false},"excerpt":{"rendered":"<p>Ne plaisantez pas avec ce gars, ses articulations sont si r\u00e9elles que vous pourriez vraiment vous faire piquer ! Ce scorpion articul\u00e9 est pr\u00eat \u00e0 se d\u00e9fendre, avec ses articulations tr\u00e8s mobiles de sa queue \u00e0 ses pinces qui imitent l\u2019animal r\u00e9el. Tous les supports dont vous aurez besoin sont d\u00e9j\u00e0 dans le mod\u00e8le, donc [&hellip;]<\/p>\n","protected":false},"featured_media":5718,"comment_status":"open","ping_status":"closed","template":"","meta":[],"product_brand":[],"product_cat":[19],"product_tag":[833,740],"class_list":{"0":"post-172140","1":"product","2":"type-product","3":"status-publish","4":"has-post-thumbnail","6":"product_cat-animals","7":"product_tag-articulated-animal","8":"product_tag-insectes","10":"first","11":"instock","12":"sale","13":"sold-individually","14":"purchasable","15":"product-type-simple"},"yoast_head":"<!-- This site is optimized with the Yoast SEO plugin v25.1 - https:\/\/yoast.com\/wordpress\/plugins\/seo\/ -->\n<title>Articulated Emperor Scorpion - MyStore - By STLFLIX<\/title>\n<meta name=\"robots\" content=\"index, follow, max-snippet:-1, max-image-preview:large, max-video-preview:-1\" \/>\n<link rel=\"canonical\" href=\"https:\/\/www.stlflix-store.com\/product\/articulated-emperor-scorpion-6744eb1643e0b\/\" \/>\n<meta property=\"og:locale\" content=\"es_ES\" \/>\n<meta property=\"og:type\" content=\"article\" \/>\n<meta property=\"og:title\" content=\"Articulated Emperor Scorpion - MyStore - By STLFLIX\" \/>\n<meta property=\"og:description\" content=\"Ne plaisantez pas avec ce gars, ses articulations sont si r\u00e9elles que vous pourriez vraiment vous faire piquer ! Ce scorpion articul\u00e9 est pr\u00eat \u00e0 se d\u00e9fendre, avec ses articulations tr\u00e8s mobiles de sa queue \u00e0 ses pinces qui imitent l\u2019animal r\u00e9el. Tous les supports dont vous aurez besoin sont d\u00e9j\u00e0 dans le mod\u00e8le, donc [&hellip;]\" \/>\n<meta property=\"og:url\" content=\"https:\/\/www.stlflix-store.com\/product\/articulated-emperor-scorpion-6744eb1643e0b\/\" \/>\n<meta property=\"og:site_name\" content=\"MyStore - By STLFLIX\" \/>\n<meta property=\"article:publisher\" content=\"https:\/\/www.facebook.com\/STLFLIX\" \/>\n<meta property=\"article:modified_time\" content=\"2025-11-05T12:50:03+00:00\" \/>\n<meta property=\"og:image\" content=\"https:\/\/www.stlflix-store.com\/wp-content\/uploads\/2024\/03\/FEED_85e75550c4.jpg\" \/>\n\t<meta property=\"og:image:width\" content=\"1079\" \/>\n\t<meta property=\"og:image:height\" content=\"1350\" \/>\n\t<meta property=\"og:image:type\" content=\"image\/jpeg\" \/>\n<meta name=\"twitter:card\" content=\"summary_large_image\" \/>\n<script type=\"application\/ld+json\" class=\"yoast-schema-graph\">{\"@context\":\"https:\/\/schema.org\",\"@graph\":[{\"@type\":\"WebPage\",\"@id\":\"https:\/\/www.stlflix-store.com\/product\/articulated-emperor-scorpion-6744eb1643e0b\/\",\"url\":\"https:\/\/www.stlflix-store.com\/product\/articulated-emperor-scorpion-6744eb1643e0b\/\",\"name\":\"Articulated Emperor Scorpion - MyStore - By STLFLIX\",\"isPartOf\":{\"@id\":\"https:\/\/my.stlflix.com\/#website\"},\"primaryImageOfPage\":{\"@id\":\"https:\/\/www.stlflix-store.com\/product\/articulated-emperor-scorpion-6744eb1643e0b\/#primaryimage\"},\"image\":{\"@id\":\"https:\/\/www.stlflix-store.com\/product\/articulated-emperor-scorpion-6744eb1643e0b\/#primaryimage\"},\"thumbnailUrl\":\"https:\/\/my.stlflix.com\/wp-content\/uploads\/2024\/03\/FEED_85e75550c4.jpg\",\"datePublished\":\"2024-11-25T21:30:14+00:00\",\"dateModified\":\"2025-11-05T12:50:03+00:00\",\"breadcrumb\":{\"@id\":\"https:\/\/www.stlflix-store.com\/product\/articulated-emperor-scorpion-6744eb1643e0b\/#breadcrumb\"},\"inLanguage\":\"es-ES\",\"potentialAction\":[{\"@type\":\"ReadAction\",\"target\":[\"https:\/\/www.stlflix-store.com\/product\/articulated-emperor-scorpion-6744eb1643e0b\/\"]}]},{\"@type\":\"ImageObject\",\"inLanguage\":\"es-ES\",\"@id\":\"https:\/\/www.stlflix-store.com\/product\/articulated-emperor-scorpion-6744eb1643e0b\/#primaryimage\",\"url\":\"https:\/\/my.stlflix.com\/wp-content\/uploads\/2024\/03\/FEED_85e75550c4.jpg\",\"contentUrl\":\"https:\/\/my.stlflix.com\/wp-content\/uploads\/2024\/03\/FEED_85e75550c4.jpg\",\"width\":1079,\"height\":1350},{\"@type\":\"BreadcrumbList\",\"@id\":\"https:\/\/www.stlflix-store.com\/product\/articulated-emperor-scorpion-6744eb1643e0b\/#breadcrumb\",\"itemListElement\":[{\"@type\":\"ListItem\",\"position\":1,\"name\":\"Home\",\"item\":\"https:\/\/www.stlflix-store.com\/\"},{\"@type\":\"ListItem\",\"position\":2,\"name\":\"Products\",\"item\":\"https:\/\/www.stlflix-store.com\/shop\/\"},{\"@type\":\"ListItem\",\"position\":3,\"name\":\"Articulated Emperor Scorpion\"}]},{\"@type\":\"WebSite\",\"@id\":\"https:\/\/my.stlflix.com\/#website\",\"url\":\"https:\/\/my.stlflix.com\/\",\"name\":\"MyStore - By STLFLIX\",\"description\":\"\",\"publisher\":{\"@id\":\"https:\/\/my.stlflix.com\/#organization\"},\"potentialAction\":[{\"@type\":\"SearchAction\",\"target\":{\"@type\":\"EntryPoint\",\"urlTemplate\":\"https:\/\/my.stlflix.com\/?s={search_term_string}\"},\"query-input\":{\"@type\":\"PropertyValueSpecification\",\"valueRequired\":true,\"valueName\":\"search_term_string\"}}],\"inLanguage\":\"es-ES\"},{\"@type\":\"Organization\",\"@id\":\"https:\/\/my.stlflix.com\/#organization\",\"name\":\"MyStore - By STLFLIX\",\"url\":\"https:\/\/my.stlflix.com\/\",\"logo\":{\"@type\":\"ImageObject\",\"inLanguage\":\"es-ES\",\"@id\":\"https:\/\/my.stlflix.com\/#\/schema\/logo\/image\/\",\"url\":\"https:\/\/my.stlflix.com\/wp-content\/uploads\/2024\/06\/logo-mystore.png\",\"contentUrl\":\"https:\/\/my.stlflix.com\/wp-content\/uploads\/2024\/06\/logo-mystore.png\",\"width\":150,\"height\":41,\"caption\":\"MyStore - By STLFLIX\"},\"image\":{\"@id\":\"https:\/\/my.stlflix.com\/#\/schema\/logo\/image\/\"},\"sameAs\":[\"https:\/\/www.facebook.com\/STLFLIX\",\"https:\/\/www.instagram.com\/stlflix_\/\",\"https:\/\/www.tiktok.com\/@stlflix\"]}]}<\/script>\n<!-- \/ Yoast SEO plugin. -->","yoast_head_json":{"title":"Articulated Emperor Scorpion - MyStore - By STLFLIX","robots":{"index":"index","follow":"follow","max-snippet":"max-snippet:-1","max-image-preview":"max-image-preview:large","max-video-preview":"max-video-preview:-1"},"canonical":"https:\/\/www.stlflix-store.com\/product\/articulated-emperor-scorpion-6744eb1643e0b\/","og_locale":"es_ES","og_type":"article","og_title":"Articulated Emperor Scorpion - MyStore - By STLFLIX","og_description":"Ne plaisantez pas avec ce gars, ses articulations sont si r\u00e9elles que vous pourriez vraiment vous faire piquer ! Ce scorpion articul\u00e9 est pr\u00eat \u00e0 se d\u00e9fendre, avec ses articulations tr\u00e8s mobiles de sa queue \u00e0 ses pinces qui imitent l\u2019animal r\u00e9el. Tous les supports dont vous aurez besoin sont d\u00e9j\u00e0 dans le mod\u00e8le, donc [&hellip;]","og_url":"https:\/\/www.stlflix-store.com\/product\/articulated-emperor-scorpion-6744eb1643e0b\/","og_site_name":"MyStore - By STLFLIX","article_publisher":"https:\/\/www.facebook.com\/STLFLIX","article_modified_time":"2025-11-05T12:50:03+00:00","og_image":[{"width":1079,"height":1350,"url":"https:\/\/www.stlflix-store.com\/wp-content\/uploads\/2024\/03\/FEED_85e75550c4.jpg","type":"image\/jpeg"}],"twitter_card":"summary_large_image","schema":{"@context":"https:\/\/schema.org","@graph":[{"@type":"WebPage","@id":"https:\/\/www.stlflix-store.com\/product\/articulated-emperor-scorpion-6744eb1643e0b\/","url":"https:\/\/www.stlflix-store.com\/product\/articulated-emperor-scorpion-6744eb1643e0b\/","name":"Articulated Emperor Scorpion - MyStore - By STLFLIX","isPartOf":{"@id":"https:\/\/my.stlflix.com\/#website"},"primaryImageOfPage":{"@id":"https:\/\/www.stlflix-store.com\/product\/articulated-emperor-scorpion-6744eb1643e0b\/#primaryimage"},"image":{"@id":"https:\/\/www.stlflix-store.com\/product\/articulated-emperor-scorpion-6744eb1643e0b\/#primaryimage"},"thumbnailUrl":"https:\/\/my.stlflix.com\/wp-content\/uploads\/2024\/03\/FEED_85e75550c4.jpg","datePublished":"2024-11-25T21:30:14+00:00","dateModified":"2025-11-05T12:50:03+00:00","breadcrumb":{"@id":"https:\/\/www.stlflix-store.com\/product\/articulated-emperor-scorpion-6744eb1643e0b\/#breadcrumb"},"inLanguage":"es-ES","potentialAction":[{"@type":"ReadAction","target":["https:\/\/www.stlflix-store.com\/product\/articulated-emperor-scorpion-6744eb1643e0b\/"]}]},{"@type":"ImageObject","inLanguage":"es-ES","@id":"https:\/\/www.stlflix-store.com\/product\/articulated-emperor-scorpion-6744eb1643e0b\/#primaryimage","url":"https:\/\/my.stlflix.com\/wp-content\/uploads\/2024\/03\/FEED_85e75550c4.jpg","contentUrl":"https:\/\/my.stlflix.com\/wp-content\/uploads\/2024\/03\/FEED_85e75550c4.jpg","width":1079,"height":1350},{"@type":"BreadcrumbList","@id":"https:\/\/www.stlflix-store.com\/product\/articulated-emperor-scorpion-6744eb1643e0b\/#breadcrumb","itemListElement":[{"@type":"ListItem","position":1,"name":"Home","item":"https:\/\/www.stlflix-store.com\/"},{"@type":"ListItem","position":2,"name":"Products","item":"https:\/\/www.stlflix-store.com\/shop\/"},{"@type":"ListItem","position":3,"name":"Articulated Emperor Scorpion"}]},{"@type":"WebSite","@id":"https:\/\/my.stlflix.com\/#website","url":"https:\/\/my.stlflix.com\/","name":"MyStore - By STLFLIX","description":"","publisher":{"@id":"https:\/\/my.stlflix.com\/#organization"},"potentialAction":[{"@type":"SearchAction","target":{"@type":"EntryPoint","urlTemplate":"https:\/\/my.stlflix.com\/?s={search_term_string}"},"query-input":{"@type":"PropertyValueSpecification","valueRequired":true,"valueName":"search_term_string"}}],"inLanguage":"es-ES"},{"@type":"Organization","@id":"https:\/\/my.stlflix.com\/#organization","name":"MyStore - By STLFLIX","url":"https:\/\/my.stlflix.com\/","logo":{"@type":"ImageObject","inLanguage":"es-ES","@id":"https:\/\/my.stlflix.com\/#\/schema\/logo\/image\/","url":"https:\/\/my.stlflix.com\/wp-content\/uploads\/2024\/06\/logo-mystore.png","contentUrl":"https:\/\/my.stlflix.com\/wp-content\/uploads\/2024\/06\/logo-mystore.png","width":150,"height":41,"caption":"MyStore - By STLFLIX"},"image":{"@id":"https:\/\/my.stlflix.com\/#\/schema\/logo\/image\/"},"sameAs":["https:\/\/www.facebook.com\/STLFLIX","https:\/\/www.instagram.com\/stlflix_\/","https:\/\/www.tiktok.com\/@stlflix"]}]}},"_links":{"self":[{"href":"https:\/\/my.stlflix.com\/es\/wp-json\/wp\/v2\/product\/172140","targetHints":{"allow":["GET"]}}],"collection":[{"href":"https:\/\/my.stlflix.com\/es\/wp-json\/wp\/v2\/product"}],"about":[{"href":"https:\/\/my.stlflix.com\/es\/wp-json\/wp\/v2\/types\/product"}],"replies":[{"embeddable":true,"href":"https:\/\/my.stlflix.com\/es\/wp-json\/wp\/v2\/comments?post=172140"}],"wp:featuredmedia":[{"embeddable":true,"href":"https:\/\/my.stlflix.com\/es\/wp-json\/wp\/v2\/media\/5718"}],"wp:attachment":[{"href":"https:\/\/my.stlflix.com\/es\/wp-json\/wp\/v2\/media?parent=172140"}],"wp:term":[{"taxonomy":"product_brand","embeddable":true,"href":"https:\/\/my.stlflix.com\/es\/wp-json\/wp\/v2\/product_brand?post=172140"},{"taxonomy":"product_cat","embeddable":true,"href":"https:\/\/my.stlflix.com\/es\/wp-json\/wp\/v2\/product_cat?post=172140"},{"taxonomy":"product_tag","embeddable":true,"href":"https:\/\/my.stlflix.com\/es\/wp-json\/wp\/v2\/product_tag?post=172140"}],"curies":[{"name":"wp","href":"https:\/\/api.w.org\/{rel}","templated":true}]}}