{"id":172664,"date":"2024-11-26T11:35:32","date_gmt":"2024-11-26T11:35:32","guid":{"rendered":"https:\/\/my.stlflix.com\/?post_type=product&#038;p=172664"},"modified":"2024-12-22T12:32:35","modified_gmt":"2024-12-22T12:32:35","slug":"mr-claus-6745153c626e9","status":"publish","type":"product","link":"https:\/\/my.stlflix.com\/es\/product\/mr-claus-6745153c626e9\/","title":{"rendered":"Mr. Claus"},"content":{"rendered":"<p>\ud83c\udf85\u2728 Natal com Estilo e Criatividade! \u2728\ud83c\udf85<\/p>\n<p>Apresente o esp\u00edrito natalino de forma \u00fanica com este Papai Noel impresso em 3D ! \ud83c\udf84<\/p>\n<p>Design Exclusivo: Detalhes incr\u00edveis feitos com solu\u00e7\u00f5es e tecnologia avan\u00e7ada.<br \/>\nMaterial Sustent\u00e1vel: Feito em PLA, ecol\u00f3gico e resistente.<br \/>\nVersatilidade: Ideal para decorar sua \u00e1rvore, mesa ou at\u00e9 como presente especial.<br \/>\nDeixe o Natal ainda mais m\u00e1gico com essa pe\u00e7a cheia de charme! \ud83c\udf81<br \/>\n\ud83c\udfa8 Personalize cores e tamanhos para combinar com sua decora\u00e7\u00e3o.<\/p>\n<p>\ud83d\udce9Encomende j\u00e1 e traga a magia do Natal para sua casa! \ud83c\udfe0\u2728<\/p>\n","protected":false},"excerpt":{"rendered":"<p>\ud83c\udf85\u2728 Natal com Estilo e Criatividade! \u2728\ud83c\udf85 Apresente o esp\u00edrito natalino de forma \u00fanica com este Papai Noel impresso em 3D ! \ud83c\udf84 Design Exclusivo: Detalhes incr\u00edveis feitos com solu\u00e7\u00f5es e tecnologia avan\u00e7ada. Material Sustent\u00e1vel: Feito em PLA, ecol\u00f3gico e resistente. Versatilidade: Ideal para decorar sua \u00e1rvore, mesa ou at\u00e9 como presente especial. Deixe o [&hellip;]<\/p>\n","protected":false},"featured_media":139572,"comment_status":"open","ping_status":"closed","template":"","meta":[],"product_brand":[],"product_cat":[42],"product_tag":[2907],"class_list":{"0":"post-172664","1":"product","2":"type-product","3":"status-publish","4":"has-post-thumbnail","6":"product_cat-christmas","7":"product_tag-enfeite-de-natal","9":"first","10":"instock","11":"sale","12":"sold-individually","13":"purchasable","14":"product-type-simple"},"yoast_head":"<!-- This site is optimized with the Yoast SEO plugin v25.1 - https:\/\/yoast.com\/wordpress\/plugins\/seo\/ -->\n<title>Mr. Claus - MyStore - By STLFLIX<\/title>\n<meta name=\"robots\" content=\"index, follow, max-snippet:-1, max-image-preview:large, max-video-preview:-1\" \/>\n<link rel=\"canonical\" href=\"https:\/\/www.monitorstlflix.com\/product\/mr-claus-6745153c626e9\/\" \/>\n<meta property=\"og:locale\" content=\"es_ES\" \/>\n<meta property=\"og:type\" content=\"article\" \/>\n<meta property=\"og:title\" content=\"Mr. Claus - MyStore - By STLFLIX\" \/>\n<meta property=\"og:description\" content=\"\ud83c\udf85\u2728 Natal com Estilo e Criatividade! \u2728\ud83c\udf85 Apresente o esp\u00edrito natalino de forma \u00fanica com este Papai Noel impresso em 3D ! \ud83c\udf84 Design Exclusivo: Detalhes incr\u00edveis feitos com solu\u00e7\u00f5es e tecnologia avan\u00e7ada. Material Sustent\u00e1vel: Feito em PLA, ecol\u00f3gico e resistente. Versatilidade: Ideal para decorar sua \u00e1rvore, mesa ou at\u00e9 como presente especial. Deixe o [&hellip;]\" \/>\n<meta property=\"og:url\" content=\"https:\/\/www.monitorstlflix.com\/product\/mr-claus-6745153c626e9\/\" \/>\n<meta property=\"og:site_name\" content=\"MyStore - By STLFLIX\" \/>\n<meta property=\"article:publisher\" content=\"https:\/\/www.facebook.com\/STLFLIX\" \/>\n<meta property=\"article:modified_time\" content=\"2024-12-22T12:32:35+00:00\" \/>\n<meta property=\"og:image\" content=\"https:\/\/www.monitorstlflix.com\/wp-content\/uploads\/2024\/11\/Mr_Claus_thumb_20d44853c6.jpg\" \/>\n\t<meta property=\"og:image:width\" content=\"1080\" \/>\n\t<meta property=\"og:image:height\" content=\"1350\" \/>\n\t<meta property=\"og:image:type\" content=\"image\/jpeg\" \/>\n<meta name=\"twitter:card\" content=\"summary_large_image\" \/>\n<script type=\"application\/ld+json\" class=\"yoast-schema-graph\">{\"@context\":\"https:\/\/schema.org\",\"@graph\":[{\"@type\":\"WebPage\",\"@id\":\"https:\/\/www.monitorstlflix.com\/product\/mr-claus-6745153c626e9\/\",\"url\":\"https:\/\/www.monitorstlflix.com\/product\/mr-claus-6745153c626e9\/\",\"name\":\"Mr. Claus - MyStore - By STLFLIX\",\"isPartOf\":{\"@id\":\"https:\/\/my.stlflix.com\/#website\"},\"primaryImageOfPage\":{\"@id\":\"https:\/\/www.monitorstlflix.com\/product\/mr-claus-6745153c626e9\/#primaryimage\"},\"image\":{\"@id\":\"https:\/\/www.monitorstlflix.com\/product\/mr-claus-6745153c626e9\/#primaryimage\"},\"thumbnailUrl\":\"https:\/\/my.stlflix.com\/wp-content\/uploads\/2024\/11\/Mr_Claus_thumb_20d44853c6.jpg\",\"datePublished\":\"2024-11-26T11:35:32+00:00\",\"dateModified\":\"2024-12-22T12:32:35+00:00\",\"breadcrumb\":{\"@id\":\"https:\/\/www.monitorstlflix.com\/product\/mr-claus-6745153c626e9\/#breadcrumb\"},\"inLanguage\":\"es-ES\",\"potentialAction\":[{\"@type\":\"ReadAction\",\"target\":[\"https:\/\/www.monitorstlflix.com\/product\/mr-claus-6745153c626e9\/\"]}]},{\"@type\":\"ImageObject\",\"inLanguage\":\"es-ES\",\"@id\":\"https:\/\/www.monitorstlflix.com\/product\/mr-claus-6745153c626e9\/#primaryimage\",\"url\":\"https:\/\/my.stlflix.com\/wp-content\/uploads\/2024\/11\/Mr_Claus_thumb_20d44853c6.jpg\",\"contentUrl\":\"https:\/\/my.stlflix.com\/wp-content\/uploads\/2024\/11\/Mr_Claus_thumb_20d44853c6.jpg\",\"width\":1080,\"height\":1350},{\"@type\":\"BreadcrumbList\",\"@id\":\"https:\/\/www.monitorstlflix.com\/product\/mr-claus-6745153c626e9\/#breadcrumb\",\"itemListElement\":[{\"@type\":\"ListItem\",\"position\":1,\"name\":\"Home\",\"item\":\"https:\/\/www.stlflix-store.com\/\"},{\"@type\":\"ListItem\",\"position\":2,\"name\":\"Products\",\"item\":\"https:\/\/www.stlflix-store.com\/shop\/\"},{\"@type\":\"ListItem\",\"position\":3,\"name\":\"Mr. Claus\"}]},{\"@type\":\"WebSite\",\"@id\":\"https:\/\/my.stlflix.com\/#website\",\"url\":\"https:\/\/my.stlflix.com\/\",\"name\":\"MyStore - By STLFLIX\",\"description\":\"\",\"publisher\":{\"@id\":\"https:\/\/my.stlflix.com\/#organization\"},\"potentialAction\":[{\"@type\":\"SearchAction\",\"target\":{\"@type\":\"EntryPoint\",\"urlTemplate\":\"https:\/\/my.stlflix.com\/?s={search_term_string}\"},\"query-input\":{\"@type\":\"PropertyValueSpecification\",\"valueRequired\":true,\"valueName\":\"search_term_string\"}}],\"inLanguage\":\"es-ES\"},{\"@type\":\"Organization\",\"@id\":\"https:\/\/my.stlflix.com\/#organization\",\"name\":\"MyStore - By STLFLIX\",\"url\":\"https:\/\/my.stlflix.com\/\",\"logo\":{\"@type\":\"ImageObject\",\"inLanguage\":\"es-ES\",\"@id\":\"https:\/\/my.stlflix.com\/#\/schema\/logo\/image\/\",\"url\":\"https:\/\/my.stlflix.com\/wp-content\/uploads\/2024\/06\/logo-mystore.png\",\"contentUrl\":\"https:\/\/my.stlflix.com\/wp-content\/uploads\/2024\/06\/logo-mystore.png\",\"width\":150,\"height\":41,\"caption\":\"MyStore - By STLFLIX\"},\"image\":{\"@id\":\"https:\/\/my.stlflix.com\/#\/schema\/logo\/image\/\"},\"sameAs\":[\"https:\/\/www.facebook.com\/STLFLIX\",\"https:\/\/www.instagram.com\/stlflix_\/\",\"https:\/\/www.tiktok.com\/@stlflix\"]}]}<\/script>\n<!-- \/ Yoast SEO plugin. -->","yoast_head_json":{"title":"Mr. Claus - MyStore - By STLFLIX","robots":{"index":"index","follow":"follow","max-snippet":"max-snippet:-1","max-image-preview":"max-image-preview:large","max-video-preview":"max-video-preview:-1"},"canonical":"https:\/\/www.monitorstlflix.com\/product\/mr-claus-6745153c626e9\/","og_locale":"es_ES","og_type":"article","og_title":"Mr. Claus - MyStore - By STLFLIX","og_description":"\ud83c\udf85\u2728 Natal com Estilo e Criatividade! \u2728\ud83c\udf85 Apresente o esp\u00edrito natalino de forma \u00fanica com este Papai Noel impresso em 3D ! \ud83c\udf84 Design Exclusivo: Detalhes incr\u00edveis feitos com solu\u00e7\u00f5es e tecnologia avan\u00e7ada. Material Sustent\u00e1vel: Feito em PLA, ecol\u00f3gico e resistente. Versatilidade: Ideal para decorar sua \u00e1rvore, mesa ou at\u00e9 como presente especial. Deixe o [&hellip;]","og_url":"https:\/\/www.monitorstlflix.com\/product\/mr-claus-6745153c626e9\/","og_site_name":"MyStore - By STLFLIX","article_publisher":"https:\/\/www.facebook.com\/STLFLIX","article_modified_time":"2024-12-22T12:32:35+00:00","og_image":[{"width":1080,"height":1350,"url":"https:\/\/www.monitorstlflix.com\/wp-content\/uploads\/2024\/11\/Mr_Claus_thumb_20d44853c6.jpg","type":"image\/jpeg"}],"twitter_card":"summary_large_image","schema":{"@context":"https:\/\/schema.org","@graph":[{"@type":"WebPage","@id":"https:\/\/www.monitorstlflix.com\/product\/mr-claus-6745153c626e9\/","url":"https:\/\/www.monitorstlflix.com\/product\/mr-claus-6745153c626e9\/","name":"Mr. Claus - MyStore - By STLFLIX","isPartOf":{"@id":"https:\/\/my.stlflix.com\/#website"},"primaryImageOfPage":{"@id":"https:\/\/www.monitorstlflix.com\/product\/mr-claus-6745153c626e9\/#primaryimage"},"image":{"@id":"https:\/\/www.monitorstlflix.com\/product\/mr-claus-6745153c626e9\/#primaryimage"},"thumbnailUrl":"https:\/\/my.stlflix.com\/wp-content\/uploads\/2024\/11\/Mr_Claus_thumb_20d44853c6.jpg","datePublished":"2024-11-26T11:35:32+00:00","dateModified":"2024-12-22T12:32:35+00:00","breadcrumb":{"@id":"https:\/\/www.monitorstlflix.com\/product\/mr-claus-6745153c626e9\/#breadcrumb"},"inLanguage":"es-ES","potentialAction":[{"@type":"ReadAction","target":["https:\/\/www.monitorstlflix.com\/product\/mr-claus-6745153c626e9\/"]}]},{"@type":"ImageObject","inLanguage":"es-ES","@id":"https:\/\/www.monitorstlflix.com\/product\/mr-claus-6745153c626e9\/#primaryimage","url":"https:\/\/my.stlflix.com\/wp-content\/uploads\/2024\/11\/Mr_Claus_thumb_20d44853c6.jpg","contentUrl":"https:\/\/my.stlflix.com\/wp-content\/uploads\/2024\/11\/Mr_Claus_thumb_20d44853c6.jpg","width":1080,"height":1350},{"@type":"BreadcrumbList","@id":"https:\/\/www.monitorstlflix.com\/product\/mr-claus-6745153c626e9\/#breadcrumb","itemListElement":[{"@type":"ListItem","position":1,"name":"Home","item":"https:\/\/www.stlflix-store.com\/"},{"@type":"ListItem","position":2,"name":"Products","item":"https:\/\/www.stlflix-store.com\/shop\/"},{"@type":"ListItem","position":3,"name":"Mr. Claus"}]},{"@type":"WebSite","@id":"https:\/\/my.stlflix.com\/#website","url":"https:\/\/my.stlflix.com\/","name":"MyStore - By STLFLIX","description":"","publisher":{"@id":"https:\/\/my.stlflix.com\/#organization"},"potentialAction":[{"@type":"SearchAction","target":{"@type":"EntryPoint","urlTemplate":"https:\/\/my.stlflix.com\/?s={search_term_string}"},"query-input":{"@type":"PropertyValueSpecification","valueRequired":true,"valueName":"search_term_string"}}],"inLanguage":"es-ES"},{"@type":"Organization","@id":"https:\/\/my.stlflix.com\/#organization","name":"MyStore - By STLFLIX","url":"https:\/\/my.stlflix.com\/","logo":{"@type":"ImageObject","inLanguage":"es-ES","@id":"https:\/\/my.stlflix.com\/#\/schema\/logo\/image\/","url":"https:\/\/my.stlflix.com\/wp-content\/uploads\/2024\/06\/logo-mystore.png","contentUrl":"https:\/\/my.stlflix.com\/wp-content\/uploads\/2024\/06\/logo-mystore.png","width":150,"height":41,"caption":"MyStore - By STLFLIX"},"image":{"@id":"https:\/\/my.stlflix.com\/#\/schema\/logo\/image\/"},"sameAs":["https:\/\/www.facebook.com\/STLFLIX","https:\/\/www.instagram.com\/stlflix_\/","https:\/\/www.tiktok.com\/@stlflix"]}]}},"_links":{"self":[{"href":"https:\/\/my.stlflix.com\/es\/wp-json\/wp\/v2\/product\/172664","targetHints":{"allow":["GET"]}}],"collection":[{"href":"https:\/\/my.stlflix.com\/es\/wp-json\/wp\/v2\/product"}],"about":[{"href":"https:\/\/my.stlflix.com\/es\/wp-json\/wp\/v2\/types\/product"}],"replies":[{"embeddable":true,"href":"https:\/\/my.stlflix.com\/es\/wp-json\/wp\/v2\/comments?post=172664"}],"wp:featuredmedia":[{"embeddable":true,"href":"https:\/\/my.stlflix.com\/es\/wp-json\/wp\/v2\/media\/139572"}],"wp:attachment":[{"href":"https:\/\/my.stlflix.com\/es\/wp-json\/wp\/v2\/media?parent=172664"}],"wp:term":[{"taxonomy":"product_brand","embeddable":true,"href":"https:\/\/my.stlflix.com\/es\/wp-json\/wp\/v2\/product_brand?post=172664"},{"taxonomy":"product_cat","embeddable":true,"href":"https:\/\/my.stlflix.com\/es\/wp-json\/wp\/v2\/product_cat?post=172664"},{"taxonomy":"product_tag","embeddable":true,"href":"https:\/\/my.stlflix.com\/es\/wp-json\/wp\/v2\/product_tag?post=172664"}],"curies":[{"name":"wp","href":"https:\/\/api.w.org\/{rel}","templated":true}]}}