{"id":173712,"date":"2024-11-26T21:18:46","date_gmt":"2024-11-26T21:18:46","guid":{"rendered":"https:\/\/my.stlflix.com\/?post_type=product&#038;p=173712"},"modified":"2024-12-22T12:33:05","modified_gmt":"2024-12-22T12:33:05","slug":"dino-egg-trinket-dish-6745fa6e552e4","status":"publish","type":"product","link":"https:\/\/my.stlflix.com\/es\/product\/dino-egg-trinket-dish-6745fa6e552e4\/","title":{"rendered":"Organizador, porta chave, porta anel Dino Egg Trinket Dish"},"content":{"rendered":"<div><strong>Dino Egg Trinket Dish<\/strong><\/div>\n<div>\n<p><em>Leia a descri\u00e7\u00e3o completa do an\u00fancio para conhecer todos os detalhes do produto<\/em><\/p>\n<p>&nbsp;<\/p>\n<p><strong>Um verdadeiro ba\u00fa de tesouros m\u00e1gico!\u00a0<\/strong><\/p>\n<p>&nbsp;<\/p>\n<p>O Organizador, porta chave, porta anel Dino Egg Trinket Dish \u00e9 indispens\u00e1veis para quem possui uma grande criatividade, deixa o seu ambiente alegre e divertido<\/p>\n<p>Dino Egg Trinket Dish pode ser um guardi\u00e3o de\u00a0<strong>Segredo<\/strong><strong>s,<\/strong>\u00a0<strong>Perfeito<\/strong>\u00a0para guardar seus pequenos objetos\u00a0<strong>Valiosos como Balas, Chaves, Aneis<\/strong>\u00a0etc<\/p>\n<p>J\u00e1 imaginou quais preciosidades voc\u00ea vai guardar nela?<\/p>\n<p>&nbsp;<\/p>\n<p><strong>O Presente Perfeito:<\/strong>\u00a0\u00a0\u00e9 a maneira encantadora e pr\u00e1tica de guardar brincos e acess\u00f3rios. Um presente \u00fanico, criativo e cheio de charme, perfeito para surpreender quem adora solu\u00e7\u00f5es de armazenamento especiais.<\/p>\n<p>&nbsp;<\/p>\n<p><strong>Material:\u00a0<\/strong>Pl\u00e1stico PLA \u00e9 biodegrad\u00e1vel, recicl\u00e1vel, biocompat\u00edvel e compost\u00e1vel. N\u00e3o agride o meio ambiente.<\/p>\n<p>&nbsp;<\/p>\n<p>\u2713 Ideal para ambientes internos!<\/p>\n<p>\u2713 Valor referente a 1 unidade.<\/p>\n<p>\u2713 Manter longe de fontes de calor extremas<\/p>\n<p>&nbsp;<\/p>\n<p><strong>Medidas<\/strong><\/p>\n<p>10 cm<\/p>\n<p>&nbsp;<\/p>\n<p><strong>Disponibilidade de Cores<\/strong><\/p>\n<p>Se preferir, entre em contato pelo WhatsApp antes da compra para verificar as cores dispon\u00edveis. Caso contr\u00e1rio, ao finalizar sua compra, por favor, indique a cor desejada no campo &#8220;MENSAGENS&#8221;. Estamos \u00e0 disposi\u00e7\u00e3o para ajudar!<\/p>\n<p>Se n\u00e3o recebermos nenhuma indica\u00e7\u00e3o de cor, enviaremos uma cor aleat\u00f3ria. Estamos \u00e0 disposi\u00e7\u00e3o para ajudar!<\/p>\n<p>&nbsp;<\/p>\n<p><strong>Para Compras no Atacado<\/strong><\/p>\n<p>Por favor, entre em contato conosco diretamente para receber um or\u00e7amento. Estamos \u00e0 disposi\u00e7\u00e3o para ajudar!<\/p>\n<p>&nbsp;<\/p>\n<p><strong>*Nosso tempo necess\u00e1rio para produ\u00e7\u00e3o \u00e9 de 5 dias \u00fateis, podendo variar conforme a demanda.<\/strong><\/p>\n<p><strong>* Devido ao m\u00e9todo de fabrica\u00e7\u00e3o por impress\u00e3o 3D, \u00e9 poss\u00edvel que alguns itens exibam pequenas marcas ou texturas sutis, as quais s\u00e3o t\u00edpicas desse processo espec\u00edfico.<\/strong><\/p>\n<p><strong>* As cores podem variar ligeiramente devido \u00e0s configura\u00e7\u00f5es do monitor.<\/strong><\/p>\n<p><strong>\u00a0<\/strong><\/p>\n<p><strong>Aproveite esta oportunidade e adquira j\u00e1 o seu!<\/strong><\/p>\n<p>&nbsp;<\/p>\n<p><strong>CUIDADOS E MANUTEN\u00c7\u00c3O<\/strong><\/p>\n<p>Embora o pl\u00e1stico seja resistente ao sol e \u00e0 chuva, o PLA n\u00e3o \u00e9 ideal para exposi\u00e7\u00e3o a raios solares intensos. Portanto, n\u00e3o recomendamos o uso em \u00e1reas externas.<\/p>\n<p>Se voc\u00ea deseja ou precisa de um material mais resistente a temperaturas extremas, como pl\u00e1sticos de alta resist\u00eancia que suportam impactos e quedas, entre em contato conosco. Faremos um produto que atenda \u00e0s suas necessidades.<\/p>\n<p><strong>O QUE \u00c9 O PL\u00c1STICO PLA?<\/strong><\/p>\n<p>O PLA ou melhor dizendo, \u00e1cido polil\u00e1tico, \u00e9 um pol\u00edmero sint\u00e9tico termopl\u00e1stico que vem substituindo os pl\u00e1sticos convencionais em diversas aplica\u00e7\u00f5es.<\/p>\n<p><strong>COMO PRODUZ PL\u00c1STICO PLA?<\/strong><\/p>\n<p>A produ\u00e7\u00e3o ocorre a partir da fermenta\u00e7\u00e3o, por parte de bact\u00e9rias, de vegetais ricos em amido, como a beterraba, o milho e a mandioca, por isso, \u00e9 biodegrad\u00e1vel, compost\u00e1vel e recicl\u00e1vel e n\u00e3o possui nenhum tipo de res\u00edduo t\u00f3xico.<\/p>\n<p><strong>ABS<\/strong><\/p>\n<p>Material: Para garantir maior durabilidade e resist\u00eancia, oferecemos a op\u00e7\u00e3o de produ\u00e7\u00e3o em ABS. No entanto, n\u00e3o recomendamos este material para uso em equipamentos destinados \u00e0 culin\u00e1ria ou qualquer outro contato direto com alimentos. A escolha do material ser\u00e1 confirmada ap\u00f3s a compra.<\/p>\n<\/div>\n","protected":false},"excerpt":{"rendered":"<p>Dino Egg Trinket Dish Leia a descri\u00e7\u00e3o completa do an\u00fancio para conhecer todos os detalhes do produto &nbsp; Um verdadeiro ba\u00fa de tesouros m\u00e1gico!\u00a0 &nbsp; O Organizador, porta chave, porta anel Dino Egg Trinket Dish \u00e9 indispens\u00e1veis para quem possui uma grande criatividade, deixa o seu ambiente alegre e divertido Dino Egg Trinket Dish pode [&hellip;]<\/p>\n","protected":false},"featured_media":53175,"comment_status":"open","ping_status":"closed","template":"","meta":[],"product_brand":[],"product_cat":[19],"product_tag":[3516],"class_list":{"0":"post-173712","1":"product","2":"type-product","3":"status-publish","4":"has-post-thumbnail","6":"product_cat-animals","7":"product_tag-desk-organizer","9":"first","10":"instock","11":"taxable","12":"shipping-taxable","13":"purchasable","14":"product-type-simple"},"yoast_head":"<!-- This site is optimized with the Yoast SEO plugin v25.1 - https:\/\/yoast.com\/wordpress\/plugins\/seo\/ -->\n<title>Organizador, porta chave, porta anel Dino Egg Trinket Dish - MyStore - By STLFLIX<\/title>\n<meta name=\"robots\" content=\"index, follow, max-snippet:-1, max-image-preview:large, max-video-preview:-1\" \/>\n<link rel=\"canonical\" href=\"https:\/\/my.stlflix.com\/es\/product\/dino-egg-trinket-dish-6745fa6e552e4\/\" \/>\n<meta property=\"og:locale\" content=\"es_ES\" \/>\n<meta property=\"og:type\" content=\"article\" \/>\n<meta property=\"og:title\" content=\"Organizador, porta chave, porta anel Dino Egg Trinket Dish - MyStore - By STLFLIX\" \/>\n<meta property=\"og:description\" content=\"Dino Egg Trinket Dish Leia a descri\u00e7\u00e3o completa do an\u00fancio para conhecer todos os detalhes do produto &nbsp; Um verdadeiro ba\u00fa de tesouros m\u00e1gico!\u00a0 &nbsp; O Organizador, porta chave, porta anel Dino Egg Trinket Dish \u00e9 indispens\u00e1veis para quem possui uma grande criatividade, deixa o seu ambiente alegre e divertido Dino Egg Trinket Dish pode [&hellip;]\" \/>\n<meta property=\"og:url\" content=\"https:\/\/my.stlflix.com\/es\/product\/dino-egg-trinket-dish-6745fa6e552e4\/\" \/>\n<meta property=\"og:site_name\" content=\"MyStore - By STLFLIX\" \/>\n<meta property=\"article:publisher\" content=\"https:\/\/www.facebook.com\/STLFLIX\" \/>\n<meta property=\"article:modified_time\" content=\"2024-12-22T12:33:05+00:00\" \/>\n<meta property=\"og:image\" content=\"https:\/\/my.stlflix.com\/wp-content\/uploads\/2024\/07\/Dino_Egg_Trinket_Dish_thumb_e825eb7b2a.jpg\" \/>\n\t<meta property=\"og:image:width\" content=\"1080\" \/>\n\t<meta property=\"og:image:height\" content=\"1350\" \/>\n\t<meta property=\"og:image:type\" content=\"image\/jpeg\" \/>\n<meta name=\"twitter:card\" content=\"summary_large_image\" \/>\n<meta name=\"twitter:label1\" content=\"Est. reading time\" \/>\n\t<meta name=\"twitter:data1\" content=\"3 minutes\" \/>\n<script type=\"application\/ld+json\" class=\"yoast-schema-graph\">{\"@context\":\"https:\/\/schema.org\",\"@graph\":[{\"@type\":\"WebPage\",\"@id\":\"https:\/\/my.stlflix.com\/es\/product\/dino-egg-trinket-dish-6745fa6e552e4\/\",\"url\":\"https:\/\/my.stlflix.com\/es\/product\/dino-egg-trinket-dish-6745fa6e552e4\/\",\"name\":\"Organizador, porta chave, porta anel Dino Egg Trinket Dish - MyStore - By STLFLIX\",\"isPartOf\":{\"@id\":\"https:\/\/my.stlflix.com\/#website\"},\"primaryImageOfPage\":{\"@id\":\"https:\/\/my.stlflix.com\/es\/product\/dino-egg-trinket-dish-6745fa6e552e4\/#primaryimage\"},\"image\":{\"@id\":\"https:\/\/my.stlflix.com\/es\/product\/dino-egg-trinket-dish-6745fa6e552e4\/#primaryimage\"},\"thumbnailUrl\":\"https:\/\/my.stlflix.com\/wp-content\/uploads\/2024\/07\/Dino_Egg_Trinket_Dish_thumb_e825eb7b2a.jpg\",\"datePublished\":\"2024-11-26T21:18:46+00:00\",\"dateModified\":\"2024-12-22T12:33:05+00:00\",\"breadcrumb\":{\"@id\":\"https:\/\/my.stlflix.com\/es\/product\/dino-egg-trinket-dish-6745fa6e552e4\/#breadcrumb\"},\"inLanguage\":\"es-ES\",\"potentialAction\":[{\"@type\":\"ReadAction\",\"target\":[\"https:\/\/my.stlflix.com\/es\/product\/dino-egg-trinket-dish-6745fa6e552e4\/\"]}]},{\"@type\":\"ImageObject\",\"inLanguage\":\"es-ES\",\"@id\":\"https:\/\/my.stlflix.com\/es\/product\/dino-egg-trinket-dish-6745fa6e552e4\/#primaryimage\",\"url\":\"https:\/\/my.stlflix.com\/wp-content\/uploads\/2024\/07\/Dino_Egg_Trinket_Dish_thumb_e825eb7b2a.jpg\",\"contentUrl\":\"https:\/\/my.stlflix.com\/wp-content\/uploads\/2024\/07\/Dino_Egg_Trinket_Dish_thumb_e825eb7b2a.jpg\",\"width\":1080,\"height\":1350},{\"@type\":\"BreadcrumbList\",\"@id\":\"https:\/\/my.stlflix.com\/es\/product\/dino-egg-trinket-dish-6745fa6e552e4\/#breadcrumb\",\"itemListElement\":[{\"@type\":\"ListItem\",\"position\":1,\"name\":\"Home\",\"item\":\"https:\/\/www.stlflix-store.com\/\"},{\"@type\":\"ListItem\",\"position\":2,\"name\":\"Products\",\"item\":\"https:\/\/www.stlflix-store.com\/shop\/\"},{\"@type\":\"ListItem\",\"position\":3,\"name\":\"Organizador, porta chave, porta anel Dino Egg Trinket Dish\"}]},{\"@type\":\"WebSite\",\"@id\":\"https:\/\/my.stlflix.com\/#website\",\"url\":\"https:\/\/my.stlflix.com\/\",\"name\":\"MyStore - By STLFLIX\",\"description\":\"\",\"publisher\":{\"@id\":\"https:\/\/my.stlflix.com\/#organization\"},\"potentialAction\":[{\"@type\":\"SearchAction\",\"target\":{\"@type\":\"EntryPoint\",\"urlTemplate\":\"https:\/\/my.stlflix.com\/?s={search_term_string}\"},\"query-input\":{\"@type\":\"PropertyValueSpecification\",\"valueRequired\":true,\"valueName\":\"search_term_string\"}}],\"inLanguage\":\"es-ES\"},{\"@type\":\"Organization\",\"@id\":\"https:\/\/my.stlflix.com\/#organization\",\"name\":\"MyStore - By STLFLIX\",\"url\":\"https:\/\/my.stlflix.com\/\",\"logo\":{\"@type\":\"ImageObject\",\"inLanguage\":\"es-ES\",\"@id\":\"https:\/\/my.stlflix.com\/#\/schema\/logo\/image\/\",\"url\":\"https:\/\/my.stlflix.com\/wp-content\/uploads\/2024\/06\/logo-mystore.png\",\"contentUrl\":\"https:\/\/my.stlflix.com\/wp-content\/uploads\/2024\/06\/logo-mystore.png\",\"width\":150,\"height\":41,\"caption\":\"MyStore - By STLFLIX\"},\"image\":{\"@id\":\"https:\/\/my.stlflix.com\/#\/schema\/logo\/image\/\"},\"sameAs\":[\"https:\/\/www.facebook.com\/STLFLIX\",\"https:\/\/www.instagram.com\/stlflix_\/\",\"https:\/\/www.tiktok.com\/@stlflix\"]}]}<\/script>\n<!-- \/ Yoast SEO plugin. -->","yoast_head_json":{"title":"Organizador, porta chave, porta anel Dino Egg Trinket Dish - MyStore - By STLFLIX","robots":{"index":"index","follow":"follow","max-snippet":"max-snippet:-1","max-image-preview":"max-image-preview:large","max-video-preview":"max-video-preview:-1"},"canonical":"https:\/\/my.stlflix.com\/es\/product\/dino-egg-trinket-dish-6745fa6e552e4\/","og_locale":"es_ES","og_type":"article","og_title":"Organizador, porta chave, porta anel Dino Egg Trinket Dish - MyStore - By STLFLIX","og_description":"Dino Egg Trinket Dish Leia a descri\u00e7\u00e3o completa do an\u00fancio para conhecer todos os detalhes do produto &nbsp; Um verdadeiro ba\u00fa de tesouros m\u00e1gico!\u00a0 &nbsp; O Organizador, porta chave, porta anel Dino Egg Trinket Dish \u00e9 indispens\u00e1veis para quem possui uma grande criatividade, deixa o seu ambiente alegre e divertido Dino Egg Trinket Dish pode [&hellip;]","og_url":"https:\/\/my.stlflix.com\/es\/product\/dino-egg-trinket-dish-6745fa6e552e4\/","og_site_name":"MyStore - By STLFLIX","article_publisher":"https:\/\/www.facebook.com\/STLFLIX","article_modified_time":"2024-12-22T12:33:05+00:00","og_image":[{"width":1080,"height":1350,"url":"https:\/\/my.stlflix.com\/wp-content\/uploads\/2024\/07\/Dino_Egg_Trinket_Dish_thumb_e825eb7b2a.jpg","type":"image\/jpeg"}],"twitter_card":"summary_large_image","twitter_misc":{"Est. reading time":"3 minutes"},"schema":{"@context":"https:\/\/schema.org","@graph":[{"@type":"WebPage","@id":"https:\/\/my.stlflix.com\/es\/product\/dino-egg-trinket-dish-6745fa6e552e4\/","url":"https:\/\/my.stlflix.com\/es\/product\/dino-egg-trinket-dish-6745fa6e552e4\/","name":"Organizador, porta chave, porta anel Dino Egg Trinket Dish - MyStore - By STLFLIX","isPartOf":{"@id":"https:\/\/my.stlflix.com\/#website"},"primaryImageOfPage":{"@id":"https:\/\/my.stlflix.com\/es\/product\/dino-egg-trinket-dish-6745fa6e552e4\/#primaryimage"},"image":{"@id":"https:\/\/my.stlflix.com\/es\/product\/dino-egg-trinket-dish-6745fa6e552e4\/#primaryimage"},"thumbnailUrl":"https:\/\/my.stlflix.com\/wp-content\/uploads\/2024\/07\/Dino_Egg_Trinket_Dish_thumb_e825eb7b2a.jpg","datePublished":"2024-11-26T21:18:46+00:00","dateModified":"2024-12-22T12:33:05+00:00","breadcrumb":{"@id":"https:\/\/my.stlflix.com\/es\/product\/dino-egg-trinket-dish-6745fa6e552e4\/#breadcrumb"},"inLanguage":"es-ES","potentialAction":[{"@type":"ReadAction","target":["https:\/\/my.stlflix.com\/es\/product\/dino-egg-trinket-dish-6745fa6e552e4\/"]}]},{"@type":"ImageObject","inLanguage":"es-ES","@id":"https:\/\/my.stlflix.com\/es\/product\/dino-egg-trinket-dish-6745fa6e552e4\/#primaryimage","url":"https:\/\/my.stlflix.com\/wp-content\/uploads\/2024\/07\/Dino_Egg_Trinket_Dish_thumb_e825eb7b2a.jpg","contentUrl":"https:\/\/my.stlflix.com\/wp-content\/uploads\/2024\/07\/Dino_Egg_Trinket_Dish_thumb_e825eb7b2a.jpg","width":1080,"height":1350},{"@type":"BreadcrumbList","@id":"https:\/\/my.stlflix.com\/es\/product\/dino-egg-trinket-dish-6745fa6e552e4\/#breadcrumb","itemListElement":[{"@type":"ListItem","position":1,"name":"Home","item":"https:\/\/www.stlflix-store.com\/"},{"@type":"ListItem","position":2,"name":"Products","item":"https:\/\/www.stlflix-store.com\/shop\/"},{"@type":"ListItem","position":3,"name":"Organizador, porta chave, porta anel Dino Egg Trinket Dish"}]},{"@type":"WebSite","@id":"https:\/\/my.stlflix.com\/#website","url":"https:\/\/my.stlflix.com\/","name":"MyStore - By STLFLIX","description":"","publisher":{"@id":"https:\/\/my.stlflix.com\/#organization"},"potentialAction":[{"@type":"SearchAction","target":{"@type":"EntryPoint","urlTemplate":"https:\/\/my.stlflix.com\/?s={search_term_string}"},"query-input":{"@type":"PropertyValueSpecification","valueRequired":true,"valueName":"search_term_string"}}],"inLanguage":"es-ES"},{"@type":"Organization","@id":"https:\/\/my.stlflix.com\/#organization","name":"MyStore - By STLFLIX","url":"https:\/\/my.stlflix.com\/","logo":{"@type":"ImageObject","inLanguage":"es-ES","@id":"https:\/\/my.stlflix.com\/#\/schema\/logo\/image\/","url":"https:\/\/my.stlflix.com\/wp-content\/uploads\/2024\/06\/logo-mystore.png","contentUrl":"https:\/\/my.stlflix.com\/wp-content\/uploads\/2024\/06\/logo-mystore.png","width":150,"height":41,"caption":"MyStore - By STLFLIX"},"image":{"@id":"https:\/\/my.stlflix.com\/#\/schema\/logo\/image\/"},"sameAs":["https:\/\/www.facebook.com\/STLFLIX","https:\/\/www.instagram.com\/stlflix_\/","https:\/\/www.tiktok.com\/@stlflix"]}]}},"_links":{"self":[{"href":"https:\/\/my.stlflix.com\/es\/wp-json\/wp\/v2\/product\/173712","targetHints":{"allow":["GET"]}}],"collection":[{"href":"https:\/\/my.stlflix.com\/es\/wp-json\/wp\/v2\/product"}],"about":[{"href":"https:\/\/my.stlflix.com\/es\/wp-json\/wp\/v2\/types\/product"}],"replies":[{"embeddable":true,"href":"https:\/\/my.stlflix.com\/es\/wp-json\/wp\/v2\/comments?post=173712"}],"wp:featuredmedia":[{"embeddable":true,"href":"https:\/\/my.stlflix.com\/es\/wp-json\/wp\/v2\/media\/53175"}],"wp:attachment":[{"href":"https:\/\/my.stlflix.com\/es\/wp-json\/wp\/v2\/media?parent=173712"}],"wp:term":[{"taxonomy":"product_brand","embeddable":true,"href":"https:\/\/my.stlflix.com\/es\/wp-json\/wp\/v2\/product_brand?post=173712"},{"taxonomy":"product_cat","embeddable":true,"href":"https:\/\/my.stlflix.com\/es\/wp-json\/wp\/v2\/product_cat?post=173712"},{"taxonomy":"product_tag","embeddable":true,"href":"https:\/\/my.stlflix.com\/es\/wp-json\/wp\/v2\/product_tag?post=173712"}],"curies":[{"name":"wp","href":"https:\/\/api.w.org\/{rel}","templated":true}]}}