{"id":173736,"date":"2024-11-26T19:16:22","date_gmt":"2024-11-26T19:16:22","guid":{"rendered":"https:\/\/my.stlflix.com\/?post_type=product&#038;p=173736"},"modified":"2024-12-22T12:33:06","modified_gmt":"2024-12-22T12:33:06","slug":"peasheepful-kit-yarn-bowl-and-hook-case-67460eedbddd5","status":"publish","type":"product","link":"https:\/\/my.stlflix.com\/es\/product\/peasheepful-kit-yarn-bowl-and-hook-case-67460eedbddd5\/","title":{"rendered":"Suporte De Armazenamento De L\u00e3 de croch\u00ea OVELHA Peasheepful Kit Yarn Bowl and Hook Case"},"content":{"rendered":"<p style=\"font-weight: 400\"><strong>Organizador de croch\u00ea<\/strong><\/p>\n<p style=\"font-weight: 400\"><strong>\u00a0 Peasheepful Kit Yarn Bowl and Hook Case<\/strong><\/p>\n<p style=\"font-weight: 400\"><strong>Tigela De Fios\u00a0\u00a0<\/strong><strong>Suporte De Armazenamento De L\u00e3<\/strong><\/p>\n<p style=\"font-weight: 400\"><em>Leia a descri\u00e7\u00e3o completa do an\u00fancio para conhecer todos os detalhes do produto<\/em><\/p>\n<p style=\"font-weight: 400\">\n<p style=\"font-weight: 400\"><strong>Seus novelos de l\u00e3 s\u00e3o objeto constante da aten\u00e7\u00e3o do seu gato?\u00a0<\/strong><\/p>\n<p style=\"font-weight: 400\">Apresentamos uma solu\u00e7\u00e3o inovadora! Nosso conjunto Tigela De L\u00e3 De Madeira Japonesa \u00e9 a combina\u00e7\u00e3o\u00a0<strong>Perfeita\u00a0<\/strong>entre<strong>\u00a0Praticidade\u00a0<\/strong>e charme.<\/p>\n<p style=\"font-weight: 400\">\n<p style=\"font-weight: 400\">\u2713\u00a0A tigela de l\u00e3 proteger\u00e1 efetivamente seus valiosos recursos das\u00a0<strong>Patas<\/strong>\u00a0do seu animal de estima\u00e7\u00e3o<\/p>\n<p style=\"font-weight: 400\">\u2713\u00a0Isso evita que o fio role e o mant\u00e9m\u00a0<strong>Limpo<\/strong>\u00a0e facilmente\u00a0<strong>Acess\u00edvel<\/strong>.<\/p>\n<p style=\"font-weight: 400\">\u2713\u00a0O design espa\u00e7oso pode acomodar v\u00e1rios novelos de fio, tornando-o ideal para projetos maiores ou para manter diferentes cores organizadas.<\/p>\n<p style=\"font-weight: 400\">\u2713\u00a0Estojo de croch\u00ea com adaptadores intercambi\u00e1veis para agulhas de 3 a 9 mm<\/p>\n<p style=\"font-weight: 400\">\u2713\u00a0<strong>Design pr\u00e1tico:<\/strong>\u00a0A tigela protege eficazmente os fios dos animais de estima\u00e7\u00e3o.<\/p>\n<p style=\"font-weight: 400\">\u2713\u00a0<strong>Funcionalidade:<\/strong>\u00a0Estojo de croch\u00ea com adaptadores substitu\u00edveis garante ordem e comodidade.<\/p>\n<p style=\"font-weight: 400\">\u2713\u00a0\u00c9 o\u00a0<strong>Presente<\/strong>\u00a0perfeito para amantes de\u00a0<strong>Croch\u00ea\u00a0<\/strong>e donos de animais de estima\u00e7\u00e3o.<\/p>\n<p style=\"font-weight: 400\">\u2713\u00a0Proteja o seu\u00a0<strong>Fio<\/strong>\u00a0e desfrute do\u00a0<strong>Croch\u00ea\u00a0<\/strong>sem interrup\u00e7\u00f5es!<\/p>\n<p style=\"font-weight: 400\">\n<p style=\"font-weight: 400\">\u2713 Ideal para ambientes internos!<\/p>\n<p style=\"font-weight: 400\">\u2713 Valor referente a 1 unidade.<\/p>\n<p style=\"font-weight: 400\">\u2713 Manter longe de fontes de calor extremas<\/p>\n<p style=\"font-weight: 400\">\n<p style=\"font-weight: 400\"><strong>Medidas<\/strong><\/p>\n<p style=\"font-weight: 400\">Di\u00e2metro da tigela \u2013 10cm<\/p>\n<p style=\"font-weight: 400\">Comprimento da caixa de croch\u00ea \u2013 15cm<\/p>\n<p style=\"font-weight: 400\">\n<p style=\"font-weight: 400\"><strong>Disponibilidade de Cores<\/strong><\/p>\n<p style=\"font-weight: 400\">Se preferir, entre em contato pelo WhatsApp antes da compra para verificar as cores dispon\u00edveis. Caso contr\u00e1rio, ao finalizar sua compra, por favor, indique a cor desejada no campo &#8220;MENSAGENS&#8221;. Estamos \u00e0 disposi\u00e7\u00e3o para ajudar!<\/p>\n<p style=\"font-weight: 400\">Se n\u00e3o recebermos nenhuma indica\u00e7\u00e3o de cor, enviaremos uma cor aleat\u00f3ria. Estamos \u00e0 disposi\u00e7\u00e3o para ajudar!<\/p>\n<p style=\"font-weight: 400\">\n<p style=\"font-weight: 400\"><strong>Para Compras no Atacado<\/strong><\/p>\n<p style=\"font-weight: 400\">Por favor, entre em contato conosco diretamente para receber um or\u00e7amento. Estamos \u00e0 disposi\u00e7\u00e3o para ajudar!<\/p>\n<p style=\"font-weight: 400\">\n<p style=\"font-weight: 400\"><strong>*Nosso tempo necess\u00e1rio para produ\u00e7\u00e3o \u00e9 de 5 dias \u00fateis, podendo variar conforme a demanda.<\/strong><\/p>\n<p style=\"font-weight: 400\"><strong>* Devido ao m\u00e9todo de fabrica\u00e7\u00e3o por impress\u00e3o 3D, \u00e9 poss\u00edvel que alguns itens exibam pequenas marcas ou texturas sutis, as quais s\u00e3o t\u00edpicas desse processo espec\u00edfico.<\/strong><\/p>\n<p style=\"font-weight: 400\"><strong>* As cores podem variar ligeiramente devido \u00e0s configura\u00e7\u00f5es do monitor.<\/strong><\/p>\n<p style=\"font-weight: 400\"><strong>\u00a0<\/strong><\/p>\n<p style=\"font-weight: 400\"><strong>Aproveite esta oportunidade e adquira j\u00e1 o seu!<\/strong><\/p>\n<p style=\"font-weight: 400\">\n<p style=\"font-weight: 400\"><strong>CUIDADOS E MANUTEN\u00c7\u00c3O<\/strong><\/p>\n<p style=\"font-weight: 400\">Embora o pl\u00e1stico seja resistente ao sol e \u00e0 chuva, o PLA n\u00e3o \u00e9 ideal para exposi\u00e7\u00e3o a raios solares intensos. Portanto, n\u00e3o recomendamos o uso em \u00e1reas externas.<\/p>\n<p style=\"font-weight: 400\">Se voc\u00ea deseja ou precisa de um material mais resistente a temperaturas extremas, como pl\u00e1sticos de alta resist\u00eancia que suportam impactos e quedas, entre em contato conosco. Faremos um produto que atenda \u00e0s suas necessidades.<\/p>\n<p style=\"font-weight: 400\"><strong>O QUE \u00c9 O PL\u00c1STICO PLA?<\/strong><\/p>\n<p style=\"font-weight: 400\">O PLA ou melhor dizendo, \u00e1cido polil\u00e1tico, \u00e9 um pol\u00edmero sint\u00e9tico termopl\u00e1stico que vem substituindo os pl\u00e1sticos convencionais em diversas aplica\u00e7\u00f5es.<\/p>\n<p style=\"font-weight: 400\"><strong>COMO PRODUZ PL\u00c1STICO PLA?<\/strong><\/p>\n<p style=\"font-weight: 400\">A produ\u00e7\u00e3o ocorre a partir da fermenta\u00e7\u00e3o, por parte de bact\u00e9rias, de vegetais ricos em amido, como a beterraba, o milho e a mandioca, por isso, \u00e9 biodegrad\u00e1vel, compost\u00e1vel e recicl\u00e1vel e n\u00e3o possui nenhum tipo de res\u00edduo t\u00f3xico.<\/p>\n<p style=\"font-weight: 400\"><strong>ABS<\/strong><\/p>\n<p style=\"font-weight: 400\">Material: Para garantir maior durabilidade e resist\u00eancia, oferecemos a op\u00e7\u00e3o de produ\u00e7\u00e3o em ABS. No entanto, n\u00e3o recomendamos este material para uso em equipamentos destinados \u00e0 culin\u00e1ria ou qualquer outro contato direto com alimentos. A escolha do material ser\u00e1 confirmada ap\u00f3s a compra.<\/p>\n","protected":false},"excerpt":{"rendered":"<p>Organizador de croch\u00ea \u00a0 Peasheepful Kit Yarn Bowl and Hook Case Tigela De Fios\u00a0\u00a0Suporte De Armazenamento De L\u00e3 Leia a descri\u00e7\u00e3o completa do an\u00fancio para conhecer todos os detalhes do produto Seus novelos de l\u00e3 s\u00e3o objeto constante da aten\u00e7\u00e3o do seu gato?\u00a0 Apresentamos uma solu\u00e7\u00e3o inovadora! Nosso conjunto Tigela De L\u00e3 De Madeira Japonesa [&hellip;]<\/p>\n","protected":false},"featured_media":54776,"comment_status":"open","ping_status":"closed","template":"","meta":[],"product_brand":[],"product_cat":[21],"product_tag":[3097],"class_list":{"0":"post-173736","1":"product","2":"type-product","3":"status-publish","4":"has-post-thumbnail","6":"product_cat-useful-prints","7":"product_tag-costura","9":"first","10":"instock","11":"taxable","12":"shipping-taxable","13":"purchasable","14":"product-type-simple"},"yoast_head":"<!-- This site is optimized with the Yoast SEO plugin v25.1 - https:\/\/yoast.com\/wordpress\/plugins\/seo\/ -->\n<title>Suporte De Armazenamento De L\u00e3 de croch\u00ea OVELHA Peasheepful Kit Yarn Bowl and Hook Case - MyStore - By STLFLIX<\/title>\n<meta name=\"robots\" content=\"index, follow, max-snippet:-1, max-image-preview:large, max-video-preview:-1\" \/>\n<link rel=\"canonical\" href=\"https:\/\/www.stlflix-store.com\/product\/peasheepful-kit-yarn-bowl-and-hook-case-67460eedbddd5\/\" \/>\n<meta property=\"og:locale\" content=\"es_ES\" \/>\n<meta property=\"og:type\" content=\"article\" \/>\n<meta property=\"og:title\" content=\"Suporte De Armazenamento De L\u00e3 de croch\u00ea OVELHA Peasheepful Kit Yarn Bowl and Hook Case - MyStore - By STLFLIX\" \/>\n<meta property=\"og:description\" content=\"Organizador de croch\u00ea \u00a0 Peasheepful Kit Yarn Bowl and Hook Case Tigela De Fios\u00a0\u00a0Suporte De Armazenamento De L\u00e3 Leia a descri\u00e7\u00e3o completa do an\u00fancio para conhecer todos os detalhes do produto Seus novelos de l\u00e3 s\u00e3o objeto constante da aten\u00e7\u00e3o do seu gato?\u00a0 Apresentamos uma solu\u00e7\u00e3o inovadora! Nosso conjunto Tigela De L\u00e3 De Madeira Japonesa [&hellip;]\" \/>\n<meta property=\"og:url\" content=\"https:\/\/www.stlflix-store.com\/product\/peasheepful-kit-yarn-bowl-and-hook-case-67460eedbddd5\/\" \/>\n<meta property=\"og:site_name\" content=\"MyStore - By STLFLIX\" \/>\n<meta property=\"article:publisher\" content=\"https:\/\/www.facebook.com\/STLFLIX\" \/>\n<meta property=\"article:modified_time\" content=\"2024-12-22T12:33:06+00:00\" \/>\n<meta property=\"og:image\" content=\"https:\/\/www.stlflix-store.com\/wp-content\/uploads\/2024\/08\/Peasheepful_Kit_Yarn_Bowl_and_Hook_Case_thumb_b753716e5a.jpg\" \/>\n\t<meta property=\"og:image:width\" content=\"1080\" \/>\n\t<meta property=\"og:image:height\" content=\"1350\" \/>\n\t<meta property=\"og:image:type\" content=\"image\/jpeg\" \/>\n<meta name=\"twitter:card\" content=\"summary_large_image\" \/>\n<meta name=\"twitter:label1\" content=\"Est. reading time\" \/>\n\t<meta name=\"twitter:data1\" content=\"3 minutes\" \/>\n<script type=\"application\/ld+json\" class=\"yoast-schema-graph\">{\"@context\":\"https:\/\/schema.org\",\"@graph\":[{\"@type\":\"WebPage\",\"@id\":\"https:\/\/www.stlflix-store.com\/product\/peasheepful-kit-yarn-bowl-and-hook-case-67460eedbddd5\/\",\"url\":\"https:\/\/www.stlflix-store.com\/product\/peasheepful-kit-yarn-bowl-and-hook-case-67460eedbddd5\/\",\"name\":\"Suporte De Armazenamento De L\u00e3 de croch\u00ea OVELHA Peasheepful Kit Yarn Bowl and Hook Case - MyStore - By STLFLIX\",\"isPartOf\":{\"@id\":\"https:\/\/my.stlflix.com\/#website\"},\"primaryImageOfPage\":{\"@id\":\"https:\/\/www.stlflix-store.com\/product\/peasheepful-kit-yarn-bowl-and-hook-case-67460eedbddd5\/#primaryimage\"},\"image\":{\"@id\":\"https:\/\/www.stlflix-store.com\/product\/peasheepful-kit-yarn-bowl-and-hook-case-67460eedbddd5\/#primaryimage\"},\"thumbnailUrl\":\"https:\/\/my.stlflix.com\/wp-content\/uploads\/2024\/08\/Peasheepful_Kit_Yarn_Bowl_and_Hook_Case_thumb_b753716e5a.jpg\",\"datePublished\":\"2024-11-26T19:16:22+00:00\",\"dateModified\":\"2024-12-22T12:33:06+00:00\",\"breadcrumb\":{\"@id\":\"https:\/\/www.stlflix-store.com\/product\/peasheepful-kit-yarn-bowl-and-hook-case-67460eedbddd5\/#breadcrumb\"},\"inLanguage\":\"es-ES\",\"potentialAction\":[{\"@type\":\"ReadAction\",\"target\":[\"https:\/\/www.stlflix-store.com\/product\/peasheepful-kit-yarn-bowl-and-hook-case-67460eedbddd5\/\"]}]},{\"@type\":\"ImageObject\",\"inLanguage\":\"es-ES\",\"@id\":\"https:\/\/www.stlflix-store.com\/product\/peasheepful-kit-yarn-bowl-and-hook-case-67460eedbddd5\/#primaryimage\",\"url\":\"https:\/\/my.stlflix.com\/wp-content\/uploads\/2024\/08\/Peasheepful_Kit_Yarn_Bowl_and_Hook_Case_thumb_b753716e5a.jpg\",\"contentUrl\":\"https:\/\/my.stlflix.com\/wp-content\/uploads\/2024\/08\/Peasheepful_Kit_Yarn_Bowl_and_Hook_Case_thumb_b753716e5a.jpg\",\"width\":1080,\"height\":1350},{\"@type\":\"BreadcrumbList\",\"@id\":\"https:\/\/www.stlflix-store.com\/product\/peasheepful-kit-yarn-bowl-and-hook-case-67460eedbddd5\/#breadcrumb\",\"itemListElement\":[{\"@type\":\"ListItem\",\"position\":1,\"name\":\"Home\",\"item\":\"https:\/\/www.stlflix-store.com\/\"},{\"@type\":\"ListItem\",\"position\":2,\"name\":\"Products\",\"item\":\"https:\/\/www.stlflix-store.com\/shop\/\"},{\"@type\":\"ListItem\",\"position\":3,\"name\":\"Suporte De Armazenamento De L\u00e3 de croch\u00ea OVELHA Peasheepful Kit Yarn Bowl and Hook Case\"}]},{\"@type\":\"WebSite\",\"@id\":\"https:\/\/my.stlflix.com\/#website\",\"url\":\"https:\/\/my.stlflix.com\/\",\"name\":\"MyStore - By STLFLIX\",\"description\":\"\",\"publisher\":{\"@id\":\"https:\/\/my.stlflix.com\/#organization\"},\"potentialAction\":[{\"@type\":\"SearchAction\",\"target\":{\"@type\":\"EntryPoint\",\"urlTemplate\":\"https:\/\/my.stlflix.com\/?s={search_term_string}\"},\"query-input\":{\"@type\":\"PropertyValueSpecification\",\"valueRequired\":true,\"valueName\":\"search_term_string\"}}],\"inLanguage\":\"es-ES\"},{\"@type\":\"Organization\",\"@id\":\"https:\/\/my.stlflix.com\/#organization\",\"name\":\"MyStore - By STLFLIX\",\"url\":\"https:\/\/my.stlflix.com\/\",\"logo\":{\"@type\":\"ImageObject\",\"inLanguage\":\"es-ES\",\"@id\":\"https:\/\/my.stlflix.com\/#\/schema\/logo\/image\/\",\"url\":\"https:\/\/my.stlflix.com\/wp-content\/uploads\/2024\/06\/logo-mystore.png\",\"contentUrl\":\"https:\/\/my.stlflix.com\/wp-content\/uploads\/2024\/06\/logo-mystore.png\",\"width\":150,\"height\":41,\"caption\":\"MyStore - By STLFLIX\"},\"image\":{\"@id\":\"https:\/\/my.stlflix.com\/#\/schema\/logo\/image\/\"},\"sameAs\":[\"https:\/\/www.facebook.com\/STLFLIX\",\"https:\/\/www.instagram.com\/stlflix_\/\",\"https:\/\/www.tiktok.com\/@stlflix\"]}]}<\/script>\n<!-- \/ Yoast SEO plugin. -->","yoast_head_json":{"title":"Suporte De Armazenamento De L\u00e3 de croch\u00ea OVELHA Peasheepful Kit Yarn Bowl and Hook Case - MyStore - By STLFLIX","robots":{"index":"index","follow":"follow","max-snippet":"max-snippet:-1","max-image-preview":"max-image-preview:large","max-video-preview":"max-video-preview:-1"},"canonical":"https:\/\/www.stlflix-store.com\/product\/peasheepful-kit-yarn-bowl-and-hook-case-67460eedbddd5\/","og_locale":"es_ES","og_type":"article","og_title":"Suporte De Armazenamento De L\u00e3 de croch\u00ea OVELHA Peasheepful Kit Yarn Bowl and Hook Case - MyStore - By STLFLIX","og_description":"Organizador de croch\u00ea \u00a0 Peasheepful Kit Yarn Bowl and Hook Case Tigela De Fios\u00a0\u00a0Suporte De Armazenamento De L\u00e3 Leia a descri\u00e7\u00e3o completa do an\u00fancio para conhecer todos os detalhes do produto Seus novelos de l\u00e3 s\u00e3o objeto constante da aten\u00e7\u00e3o do seu gato?\u00a0 Apresentamos uma solu\u00e7\u00e3o inovadora! Nosso conjunto Tigela De L\u00e3 De Madeira Japonesa [&hellip;]","og_url":"https:\/\/www.stlflix-store.com\/product\/peasheepful-kit-yarn-bowl-and-hook-case-67460eedbddd5\/","og_site_name":"MyStore - By STLFLIX","article_publisher":"https:\/\/www.facebook.com\/STLFLIX","article_modified_time":"2024-12-22T12:33:06+00:00","og_image":[{"width":1080,"height":1350,"url":"https:\/\/www.stlflix-store.com\/wp-content\/uploads\/2024\/08\/Peasheepful_Kit_Yarn_Bowl_and_Hook_Case_thumb_b753716e5a.jpg","type":"image\/jpeg"}],"twitter_card":"summary_large_image","twitter_misc":{"Est. reading time":"3 minutes"},"schema":{"@context":"https:\/\/schema.org","@graph":[{"@type":"WebPage","@id":"https:\/\/www.stlflix-store.com\/product\/peasheepful-kit-yarn-bowl-and-hook-case-67460eedbddd5\/","url":"https:\/\/www.stlflix-store.com\/product\/peasheepful-kit-yarn-bowl-and-hook-case-67460eedbddd5\/","name":"Suporte De Armazenamento De L\u00e3 de croch\u00ea OVELHA Peasheepful Kit Yarn Bowl and Hook Case - MyStore - By STLFLIX","isPartOf":{"@id":"https:\/\/my.stlflix.com\/#website"},"primaryImageOfPage":{"@id":"https:\/\/www.stlflix-store.com\/product\/peasheepful-kit-yarn-bowl-and-hook-case-67460eedbddd5\/#primaryimage"},"image":{"@id":"https:\/\/www.stlflix-store.com\/product\/peasheepful-kit-yarn-bowl-and-hook-case-67460eedbddd5\/#primaryimage"},"thumbnailUrl":"https:\/\/my.stlflix.com\/wp-content\/uploads\/2024\/08\/Peasheepful_Kit_Yarn_Bowl_and_Hook_Case_thumb_b753716e5a.jpg","datePublished":"2024-11-26T19:16:22+00:00","dateModified":"2024-12-22T12:33:06+00:00","breadcrumb":{"@id":"https:\/\/www.stlflix-store.com\/product\/peasheepful-kit-yarn-bowl-and-hook-case-67460eedbddd5\/#breadcrumb"},"inLanguage":"es-ES","potentialAction":[{"@type":"ReadAction","target":["https:\/\/www.stlflix-store.com\/product\/peasheepful-kit-yarn-bowl-and-hook-case-67460eedbddd5\/"]}]},{"@type":"ImageObject","inLanguage":"es-ES","@id":"https:\/\/www.stlflix-store.com\/product\/peasheepful-kit-yarn-bowl-and-hook-case-67460eedbddd5\/#primaryimage","url":"https:\/\/my.stlflix.com\/wp-content\/uploads\/2024\/08\/Peasheepful_Kit_Yarn_Bowl_and_Hook_Case_thumb_b753716e5a.jpg","contentUrl":"https:\/\/my.stlflix.com\/wp-content\/uploads\/2024\/08\/Peasheepful_Kit_Yarn_Bowl_and_Hook_Case_thumb_b753716e5a.jpg","width":1080,"height":1350},{"@type":"BreadcrumbList","@id":"https:\/\/www.stlflix-store.com\/product\/peasheepful-kit-yarn-bowl-and-hook-case-67460eedbddd5\/#breadcrumb","itemListElement":[{"@type":"ListItem","position":1,"name":"Home","item":"https:\/\/www.stlflix-store.com\/"},{"@type":"ListItem","position":2,"name":"Products","item":"https:\/\/www.stlflix-store.com\/shop\/"},{"@type":"ListItem","position":3,"name":"Suporte De Armazenamento De L\u00e3 de croch\u00ea OVELHA Peasheepful Kit Yarn Bowl and Hook Case"}]},{"@type":"WebSite","@id":"https:\/\/my.stlflix.com\/#website","url":"https:\/\/my.stlflix.com\/","name":"MyStore - By STLFLIX","description":"","publisher":{"@id":"https:\/\/my.stlflix.com\/#organization"},"potentialAction":[{"@type":"SearchAction","target":{"@type":"EntryPoint","urlTemplate":"https:\/\/my.stlflix.com\/?s={search_term_string}"},"query-input":{"@type":"PropertyValueSpecification","valueRequired":true,"valueName":"search_term_string"}}],"inLanguage":"es-ES"},{"@type":"Organization","@id":"https:\/\/my.stlflix.com\/#organization","name":"MyStore - By STLFLIX","url":"https:\/\/my.stlflix.com\/","logo":{"@type":"ImageObject","inLanguage":"es-ES","@id":"https:\/\/my.stlflix.com\/#\/schema\/logo\/image\/","url":"https:\/\/my.stlflix.com\/wp-content\/uploads\/2024\/06\/logo-mystore.png","contentUrl":"https:\/\/my.stlflix.com\/wp-content\/uploads\/2024\/06\/logo-mystore.png","width":150,"height":41,"caption":"MyStore - By STLFLIX"},"image":{"@id":"https:\/\/my.stlflix.com\/#\/schema\/logo\/image\/"},"sameAs":["https:\/\/www.facebook.com\/STLFLIX","https:\/\/www.instagram.com\/stlflix_\/","https:\/\/www.tiktok.com\/@stlflix"]}]}},"_links":{"self":[{"href":"https:\/\/my.stlflix.com\/es\/wp-json\/wp\/v2\/product\/173736","targetHints":{"allow":["GET"]}}],"collection":[{"href":"https:\/\/my.stlflix.com\/es\/wp-json\/wp\/v2\/product"}],"about":[{"href":"https:\/\/my.stlflix.com\/es\/wp-json\/wp\/v2\/types\/product"}],"replies":[{"embeddable":true,"href":"https:\/\/my.stlflix.com\/es\/wp-json\/wp\/v2\/comments?post=173736"}],"wp:featuredmedia":[{"embeddable":true,"href":"https:\/\/my.stlflix.com\/es\/wp-json\/wp\/v2\/media\/54776"}],"wp:attachment":[{"href":"https:\/\/my.stlflix.com\/es\/wp-json\/wp\/v2\/media?parent=173736"}],"wp:term":[{"taxonomy":"product_brand","embeddable":true,"href":"https:\/\/my.stlflix.com\/es\/wp-json\/wp\/v2\/product_brand?post=173736"},{"taxonomy":"product_cat","embeddable":true,"href":"https:\/\/my.stlflix.com\/es\/wp-json\/wp\/v2\/product_cat?post=173736"},{"taxonomy":"product_tag","embeddable":true,"href":"https:\/\/my.stlflix.com\/es\/wp-json\/wp\/v2\/product_tag?post=173736"}],"curies":[{"name":"wp","href":"https:\/\/api.w.org\/{rel}","templated":true}]}}