{"id":188996,"date":"2024-12-04T22:05:38","date_gmt":"2024-12-04T22:05:38","guid":{"rendered":"https:\/\/my.stlflix.com\/?post_type=product&#038;p=188996"},"modified":"2024-12-22T12:39:36","modified_gmt":"2024-12-22T12:39:36","slug":"chaos-tamer-organisateur-de-jeu-de-figurines","status":"publish","type":"product","link":"https:\/\/my.stlflix.com\/es\/product\/chaos-tamer-organisateur-de-jeu-de-figurines\/","title":{"rendered":"Chaos Tamer, organisateur de jeu de figurines"},"content":{"rendered":"<p>Le Chaos Tamer est une bo\u00eete de rangement optimis\u00e9e pour organiser et prot\u00e9ger vos accessoires et figurines de Warhammer 40K, Age Of Sigmar, Necromunda, Kill Team, BloodBowl, Marvel Crisis Protocol, Star Wars L\u00e9gion et bien d&#8217;autres.<\/p>\n<p>En plus d&#8217;\u00eatre une bo\u00eete, elle contient des jetons et des r\u00e9glettes pour vous aider ainsi qu&#8217;une couvercle qui se transforme en piste \u00e0 d\u00e9s.<\/p>\n<p>Id\u00e9al pour faire plaisir pour les f\u00eates de No\u00ebl<\/p>\n<p>Con\u00e7ue pour les passionn\u00e9s, elle garantit un stockage pratique et s\u00e9curis\u00e9 pour vos parties \u00e9piques.<\/p>\n<p>La bo\u00eete comprend :<br \/>\n&#8211; 50 jetons standards de 25 mm<br \/>\n&#8211; 10 traceurs de plaies<br \/>\n&#8211; Outils de mesure de 3&#8243;, 6&#8243; et 9&#8243;<br \/>\n&#8211; Couvercle fonctionnel qui se transforme en piste \u00e0 d\u00e9s<\/p>\n<p>Veuillez s\u00e9lectionner la variante de couleur de couvercle que vous souhaitez commander dans le menu d\u00e9roulant :<\/p>\n<p>Rouge<br \/>\nVert<br \/>\nBleu<\/p>\n<p>Noir<br \/>\nBlanc<\/p>\n<p>Gris<\/p>\n<p>Si vous souhaitez acheter une bo\u00eete dans une couleur qui n&#8217;est pas r\u00e9pertori\u00e9e, veuillez m&#8217;envoyer un message.<\/p>\n<p>*DIMENSIONS*<\/p>\n<p>Couvercle : 25cm x 21cm x 4,3cm environ (poign\u00e9es comprises)<\/p>\n<p>Bo\u00eete : 24cm x 20cm x 5,4cm environ<\/p>\n<p>Exp\u00e9dition : le produit est exp\u00e9dier dans les 7 \u00e0 10 jours suivant le paiement.<\/p>\n","protected":false},"excerpt":{"rendered":"<p>Le Chaos Tamer est une bo\u00eete de rangement optimis\u00e9e pour organiser et prot\u00e9ger vos accessoires et figurines de Warhammer 40K, Age Of Sigmar, Necromunda, Kill Team, BloodBowl, Marvel Crisis Protocol, Star Wars L\u00e9gion et bien d&#8217;autres. En plus d&#8217;\u00eatre une bo\u00eete, elle contient des jetons et des r\u00e9glettes pour vous aider ainsi qu&#8217;une couvercle qui [&hellip;]<\/p>\n","protected":false},"featured_media":188997,"comment_status":"open","ping_status":"closed","template":"","meta":[],"product_brand":[],"product_cat":[15],"product_tag":[],"class_list":{"0":"post-188996","1":"product","2":"type-product","3":"status-publish","4":"has-post-thumbnail","6":"product_cat-uncategorized","8":"first","9":"instock","10":"purchasable","11":"product-type-variable","12":"has-default-attributes"},"yoast_head":"<!-- This site is optimized with the Yoast SEO plugin v25.1 - https:\/\/yoast.com\/wordpress\/plugins\/seo\/ -->\n<title>Chaos Tamer, organisateur de jeu de figurines - MyStore - By STLFLIX<\/title>\n<meta name=\"robots\" content=\"index, follow, max-snippet:-1, max-image-preview:large, max-video-preview:-1\" \/>\n<link rel=\"canonical\" href=\"https:\/\/my.stlflix.com\/es\/product\/chaos-tamer-organisateur-de-jeu-de-figurines\/\" \/>\n<meta property=\"og:locale\" content=\"es_ES\" \/>\n<meta property=\"og:type\" content=\"article\" \/>\n<meta property=\"og:title\" content=\"Chaos Tamer, organisateur de jeu de figurines - MyStore - By STLFLIX\" \/>\n<meta property=\"og:description\" content=\"Le Chaos Tamer est une bo\u00eete de rangement optimis\u00e9e pour organiser et prot\u00e9ger vos accessoires et figurines de Warhammer 40K, Age Of Sigmar, Necromunda, Kill Team, BloodBowl, Marvel Crisis Protocol, Star Wars L\u00e9gion et bien d&#8217;autres. En plus d&#8217;\u00eatre une bo\u00eete, elle contient des jetons et des r\u00e9glettes pour vous aider ainsi qu&#8217;une couvercle qui [&hellip;]\" \/>\n<meta property=\"og:url\" content=\"https:\/\/my.stlflix.com\/es\/product\/chaos-tamer-organisateur-de-jeu-de-figurines\/\" \/>\n<meta property=\"og:site_name\" content=\"MyStore - By STLFLIX\" \/>\n<meta property=\"article:publisher\" content=\"https:\/\/www.facebook.com\/STLFLIX\" \/>\n<meta property=\"article:modified_time\" content=\"2024-12-22T12:39:36+00:00\" \/>\n<meta property=\"og:image\" content=\"https:\/\/my.stlflix.com\/wp-content\/uploads\/2024\/12\/WhatsApp-Bild-2024-09-30-um-12.22.20_87115160.jpg\" \/>\n\t<meta property=\"og:image:width\" content=\"1479\" \/>\n\t<meta property=\"og:image:height\" content=\"839\" \/>\n\t<meta property=\"og:image:type\" content=\"image\/jpeg\" \/>\n<meta name=\"twitter:card\" content=\"summary_large_image\" \/>\n<meta name=\"twitter:label1\" content=\"Est. reading time\" \/>\n\t<meta name=\"twitter:data1\" content=\"1 minute\" \/>\n<script type=\"application\/ld+json\" class=\"yoast-schema-graph\">{\"@context\":\"https:\/\/schema.org\",\"@graph\":[{\"@type\":\"WebPage\",\"@id\":\"https:\/\/my.stlflix.com\/es\/product\/chaos-tamer-organisateur-de-jeu-de-figurines\/\",\"url\":\"https:\/\/my.stlflix.com\/es\/product\/chaos-tamer-organisateur-de-jeu-de-figurines\/\",\"name\":\"Chaos Tamer, organisateur de jeu de figurines - MyStore - By STLFLIX\",\"isPartOf\":{\"@id\":\"https:\/\/my.stlflix.com\/#website\"},\"primaryImageOfPage\":{\"@id\":\"https:\/\/my.stlflix.com\/es\/product\/chaos-tamer-organisateur-de-jeu-de-figurines\/#primaryimage\"},\"image\":{\"@id\":\"https:\/\/my.stlflix.com\/es\/product\/chaos-tamer-organisateur-de-jeu-de-figurines\/#primaryimage\"},\"thumbnailUrl\":\"https:\/\/my.stlflix.com\/wp-content\/uploads\/2024\/12\/WhatsApp-Bild-2024-09-30-um-12.22.20_87115160.jpg\",\"datePublished\":\"2024-12-04T22:05:38+00:00\",\"dateModified\":\"2024-12-22T12:39:36+00:00\",\"breadcrumb\":{\"@id\":\"https:\/\/my.stlflix.com\/es\/product\/chaos-tamer-organisateur-de-jeu-de-figurines\/#breadcrumb\"},\"inLanguage\":\"es-ES\",\"potentialAction\":[{\"@type\":\"ReadAction\",\"target\":[\"https:\/\/my.stlflix.com\/es\/product\/chaos-tamer-organisateur-de-jeu-de-figurines\/\"]}]},{\"@type\":\"ImageObject\",\"inLanguage\":\"es-ES\",\"@id\":\"https:\/\/my.stlflix.com\/es\/product\/chaos-tamer-organisateur-de-jeu-de-figurines\/#primaryimage\",\"url\":\"https:\/\/my.stlflix.com\/wp-content\/uploads\/2024\/12\/WhatsApp-Bild-2024-09-30-um-12.22.20_87115160.jpg\",\"contentUrl\":\"https:\/\/my.stlflix.com\/wp-content\/uploads\/2024\/12\/WhatsApp-Bild-2024-09-30-um-12.22.20_87115160.jpg\",\"width\":1479,\"height\":839,\"caption\":\"Chaos Tamer, boite multi fonction\"},{\"@type\":\"BreadcrumbList\",\"@id\":\"https:\/\/my.stlflix.com\/es\/product\/chaos-tamer-organisateur-de-jeu-de-figurines\/#breadcrumb\",\"itemListElement\":[{\"@type\":\"ListItem\",\"position\":1,\"name\":\"Home\",\"item\":\"https:\/\/www.stlflix-store.com\/\"},{\"@type\":\"ListItem\",\"position\":2,\"name\":\"Products\",\"item\":\"https:\/\/www.stlflix-store.com\/shop\/\"},{\"@type\":\"ListItem\",\"position\":3,\"name\":\"Chaos Tamer, organisateur de jeu de figurines\"}]},{\"@type\":\"WebSite\",\"@id\":\"https:\/\/my.stlflix.com\/#website\",\"url\":\"https:\/\/my.stlflix.com\/\",\"name\":\"MyStore - By STLFLIX\",\"description\":\"\",\"publisher\":{\"@id\":\"https:\/\/my.stlflix.com\/#organization\"},\"potentialAction\":[{\"@type\":\"SearchAction\",\"target\":{\"@type\":\"EntryPoint\",\"urlTemplate\":\"https:\/\/my.stlflix.com\/?s={search_term_string}\"},\"query-input\":{\"@type\":\"PropertyValueSpecification\",\"valueRequired\":true,\"valueName\":\"search_term_string\"}}],\"inLanguage\":\"es-ES\"},{\"@type\":\"Organization\",\"@id\":\"https:\/\/my.stlflix.com\/#organization\",\"name\":\"MyStore - By STLFLIX\",\"url\":\"https:\/\/my.stlflix.com\/\",\"logo\":{\"@type\":\"ImageObject\",\"inLanguage\":\"es-ES\",\"@id\":\"https:\/\/my.stlflix.com\/#\/schema\/logo\/image\/\",\"url\":\"https:\/\/my.stlflix.com\/wp-content\/uploads\/2024\/06\/logo-mystore.png\",\"contentUrl\":\"https:\/\/my.stlflix.com\/wp-content\/uploads\/2024\/06\/logo-mystore.png\",\"width\":150,\"height\":41,\"caption\":\"MyStore - By STLFLIX\"},\"image\":{\"@id\":\"https:\/\/my.stlflix.com\/#\/schema\/logo\/image\/\"},\"sameAs\":[\"https:\/\/www.facebook.com\/STLFLIX\",\"https:\/\/www.instagram.com\/stlflix_\/\",\"https:\/\/www.tiktok.com\/@stlflix\"]}]}<\/script>\n<!-- \/ Yoast SEO plugin. -->","yoast_head_json":{"title":"Chaos Tamer, organisateur de jeu de figurines - MyStore - By STLFLIX","robots":{"index":"index","follow":"follow","max-snippet":"max-snippet:-1","max-image-preview":"max-image-preview:large","max-video-preview":"max-video-preview:-1"},"canonical":"https:\/\/my.stlflix.com\/es\/product\/chaos-tamer-organisateur-de-jeu-de-figurines\/","og_locale":"es_ES","og_type":"article","og_title":"Chaos Tamer, organisateur de jeu de figurines - MyStore - By STLFLIX","og_description":"Le Chaos Tamer est une bo\u00eete de rangement optimis\u00e9e pour organiser et prot\u00e9ger vos accessoires et figurines de Warhammer 40K, Age Of Sigmar, Necromunda, Kill Team, BloodBowl, Marvel Crisis Protocol, Star Wars L\u00e9gion et bien d&#8217;autres. En plus d&#8217;\u00eatre une bo\u00eete, elle contient des jetons et des r\u00e9glettes pour vous aider ainsi qu&#8217;une couvercle qui [&hellip;]","og_url":"https:\/\/my.stlflix.com\/es\/product\/chaos-tamer-organisateur-de-jeu-de-figurines\/","og_site_name":"MyStore - By STLFLIX","article_publisher":"https:\/\/www.facebook.com\/STLFLIX","article_modified_time":"2024-12-22T12:39:36+00:00","og_image":[{"width":1479,"height":839,"url":"https:\/\/my.stlflix.com\/wp-content\/uploads\/2024\/12\/WhatsApp-Bild-2024-09-30-um-12.22.20_87115160.jpg","type":"image\/jpeg"}],"twitter_card":"summary_large_image","twitter_misc":{"Est. reading time":"1 minute"},"schema":{"@context":"https:\/\/schema.org","@graph":[{"@type":"WebPage","@id":"https:\/\/my.stlflix.com\/es\/product\/chaos-tamer-organisateur-de-jeu-de-figurines\/","url":"https:\/\/my.stlflix.com\/es\/product\/chaos-tamer-organisateur-de-jeu-de-figurines\/","name":"Chaos Tamer, organisateur de jeu de figurines - MyStore - By STLFLIX","isPartOf":{"@id":"https:\/\/my.stlflix.com\/#website"},"primaryImageOfPage":{"@id":"https:\/\/my.stlflix.com\/es\/product\/chaos-tamer-organisateur-de-jeu-de-figurines\/#primaryimage"},"image":{"@id":"https:\/\/my.stlflix.com\/es\/product\/chaos-tamer-organisateur-de-jeu-de-figurines\/#primaryimage"},"thumbnailUrl":"https:\/\/my.stlflix.com\/wp-content\/uploads\/2024\/12\/WhatsApp-Bild-2024-09-30-um-12.22.20_87115160.jpg","datePublished":"2024-12-04T22:05:38+00:00","dateModified":"2024-12-22T12:39:36+00:00","breadcrumb":{"@id":"https:\/\/my.stlflix.com\/es\/product\/chaos-tamer-organisateur-de-jeu-de-figurines\/#breadcrumb"},"inLanguage":"es-ES","potentialAction":[{"@type":"ReadAction","target":["https:\/\/my.stlflix.com\/es\/product\/chaos-tamer-organisateur-de-jeu-de-figurines\/"]}]},{"@type":"ImageObject","inLanguage":"es-ES","@id":"https:\/\/my.stlflix.com\/es\/product\/chaos-tamer-organisateur-de-jeu-de-figurines\/#primaryimage","url":"https:\/\/my.stlflix.com\/wp-content\/uploads\/2024\/12\/WhatsApp-Bild-2024-09-30-um-12.22.20_87115160.jpg","contentUrl":"https:\/\/my.stlflix.com\/wp-content\/uploads\/2024\/12\/WhatsApp-Bild-2024-09-30-um-12.22.20_87115160.jpg","width":1479,"height":839,"caption":"Chaos Tamer, boite multi fonction"},{"@type":"BreadcrumbList","@id":"https:\/\/my.stlflix.com\/es\/product\/chaos-tamer-organisateur-de-jeu-de-figurines\/#breadcrumb","itemListElement":[{"@type":"ListItem","position":1,"name":"Home","item":"https:\/\/www.stlflix-store.com\/"},{"@type":"ListItem","position":2,"name":"Products","item":"https:\/\/www.stlflix-store.com\/shop\/"},{"@type":"ListItem","position":3,"name":"Chaos Tamer, organisateur de jeu de figurines"}]},{"@type":"WebSite","@id":"https:\/\/my.stlflix.com\/#website","url":"https:\/\/my.stlflix.com\/","name":"MyStore - By STLFLIX","description":"","publisher":{"@id":"https:\/\/my.stlflix.com\/#organization"},"potentialAction":[{"@type":"SearchAction","target":{"@type":"EntryPoint","urlTemplate":"https:\/\/my.stlflix.com\/?s={search_term_string}"},"query-input":{"@type":"PropertyValueSpecification","valueRequired":true,"valueName":"search_term_string"}}],"inLanguage":"es-ES"},{"@type":"Organization","@id":"https:\/\/my.stlflix.com\/#organization","name":"MyStore - By STLFLIX","url":"https:\/\/my.stlflix.com\/","logo":{"@type":"ImageObject","inLanguage":"es-ES","@id":"https:\/\/my.stlflix.com\/#\/schema\/logo\/image\/","url":"https:\/\/my.stlflix.com\/wp-content\/uploads\/2024\/06\/logo-mystore.png","contentUrl":"https:\/\/my.stlflix.com\/wp-content\/uploads\/2024\/06\/logo-mystore.png","width":150,"height":41,"caption":"MyStore - By STLFLIX"},"image":{"@id":"https:\/\/my.stlflix.com\/#\/schema\/logo\/image\/"},"sameAs":["https:\/\/www.facebook.com\/STLFLIX","https:\/\/www.instagram.com\/stlflix_\/","https:\/\/www.tiktok.com\/@stlflix"]}]}},"_links":{"self":[{"href":"https:\/\/my.stlflix.com\/es\/wp-json\/wp\/v2\/product\/188996","targetHints":{"allow":["GET"]}}],"collection":[{"href":"https:\/\/my.stlflix.com\/es\/wp-json\/wp\/v2\/product"}],"about":[{"href":"https:\/\/my.stlflix.com\/es\/wp-json\/wp\/v2\/types\/product"}],"replies":[{"embeddable":true,"href":"https:\/\/my.stlflix.com\/es\/wp-json\/wp\/v2\/comments?post=188996"}],"wp:featuredmedia":[{"embeddable":true,"href":"https:\/\/my.stlflix.com\/es\/wp-json\/wp\/v2\/media\/188997"}],"wp:attachment":[{"href":"https:\/\/my.stlflix.com\/es\/wp-json\/wp\/v2\/media?parent=188996"}],"wp:term":[{"taxonomy":"product_brand","embeddable":true,"href":"https:\/\/my.stlflix.com\/es\/wp-json\/wp\/v2\/product_brand?post=188996"},{"taxonomy":"product_cat","embeddable":true,"href":"https:\/\/my.stlflix.com\/es\/wp-json\/wp\/v2\/product_cat?post=188996"},{"taxonomy":"product_tag","embeddable":true,"href":"https:\/\/my.stlflix.com\/es\/wp-json\/wp\/v2\/product_tag?post=188996"}],"curies":[{"name":"wp","href":"https:\/\/api.w.org\/{rel}","templated":true}]}}