{"id":191405,"date":"2024-12-08T21:05:23","date_gmt":"2024-12-08T21:05:23","guid":{"rendered":"https:\/\/my.stlflix.com\/?post_type=product&#038;p=191405"},"modified":"2024-12-22T12:40:50","modified_gmt":"2024-12-22T12:40:50","slug":"arvore-de-natal-detalhada-branco-decoracao-de-natal","status":"publish","type":"product","link":"https:\/\/my.stlflix.com\/es\/product\/arvore-de-natal-detalhada-branco-decoracao-de-natal\/","title":{"rendered":"ARVORE DE NATAL DETALHADA BRANCO &#8211; DECORACAO DE NATAL"},"content":{"rendered":"<p>PRODUTO:<\/p>\n<p>Arvore de Natal Detalhada, acabamento na cor do pr\u00f3prio material, \u00e9 capaz de transformar completamente o ambiente, trazendo um toque natalino para sua casa.<br \/>\nCORES DISPONIVEIS : VERDE \/ VERMELHO \/ BRANCO \/ DOURADO<br \/>\nDIMENS\u00d5ES: 17.5 cm x Altura \/ 11 cm x Largura \/ 2 cm x Comprimento<br \/>\nPESO: ~70Gramas<br \/>\nMATERIAL: Pl\u00e1stico ABS<\/p>\n<p>DESCRI\u00c7\u00c3O DO PROCESSO DE FABRI\u00c7\u00c3O :<\/p>\n<p>Fabricado atrav\u00e9s do processo de impress\u00e3o 3D, sendo utilizado apenas materias ABS de alta qualidade, trazendo assim melhor qualidade, acabamento e resist\u00eancia para sua decora\u00e7\u00e3o.<\/p>\n<p>CUIDADOS COM A PE\u00c7A :<\/p>\n<p>Pe\u00e7a idealmente desenvolvida para decorar ambientes internos, o material pode sofrer pequenas avarias caso exposto diretamente ao sol por longos per\u00edodos de tempo.<\/p>\n<p>ATENDIMENTO:<\/p>\n<p>N\u00e3o encontrou o produto na cor desejada ?<br \/>\nGostaria de mais fotos ou v\u00eddeos sobre o produto ?<br \/>\nGostaria de algum produto especifico ?<br \/>\nGostaria deste mesmo produto porem de tamanho personalizado ?<\/p>\n<p>Nos mande uma mensagem solicitando informa\u00e7\u00f5es, ficaremos muito felizes em atende-los.<\/p>\n<p>Garantia do vendedor: 3 meses<\/p>\n","protected":false},"excerpt":{"rendered":"<p>PRODUTO: Arvore de Natal Detalhada, acabamento na cor do pr\u00f3prio material, \u00e9 capaz de transformar completamente o ambiente, trazendo um toque natalino para sua casa. CORES DISPONIVEIS : VERDE \/ VERMELHO \/ BRANCO \/ DOURADO DIMENS\u00d5ES: 17.5 cm x Altura \/ 11 cm x Largura \/ 2 cm x Comprimento PESO: ~70Gramas MATERIAL: Pl\u00e1stico ABS [&hellip;]<\/p>\n","protected":false},"featured_media":191406,"comment_status":"open","ping_status":"closed","template":"","meta":[],"product_brand":[],"product_cat":[15],"product_tag":[2907],"class_list":{"0":"post-191405","1":"product","2":"type-product","3":"status-publish","4":"has-post-thumbnail","6":"product_cat-uncategorized","7":"product_tag-enfeite-de-natal","9":"first","10":"instock","11":"sale","12":"shipping-taxable","13":"purchasable","14":"product-type-simple"},"yoast_head":"<!-- This site is optimized with the Yoast SEO plugin v25.1 - https:\/\/yoast.com\/wordpress\/plugins\/seo\/ -->\n<title>ARVORE DE NATAL DETALHADA BRANCO - DECORACAO DE NATAL - MyStore - By STLFLIX<\/title>\n<meta name=\"robots\" content=\"index, follow, max-snippet:-1, max-image-preview:large, max-video-preview:-1\" \/>\n<link rel=\"canonical\" href=\"https:\/\/www.monitorstlflix.online\/product\/arvore-de-natal-detalhada-branco-decoracao-de-natal\/\" \/>\n<meta property=\"og:locale\" content=\"es_ES\" \/>\n<meta property=\"og:type\" content=\"article\" \/>\n<meta property=\"og:title\" content=\"ARVORE DE NATAL DETALHADA BRANCO - DECORACAO DE NATAL - MyStore - By STLFLIX\" \/>\n<meta property=\"og:description\" content=\"PRODUTO: Arvore de Natal Detalhada, acabamento na cor do pr\u00f3prio material, \u00e9 capaz de transformar completamente o ambiente, trazendo um toque natalino para sua casa. CORES DISPONIVEIS : VERDE \/ VERMELHO \/ BRANCO \/ DOURADO DIMENS\u00d5ES: 17.5 cm x Altura \/ 11 cm x Largura \/ 2 cm x Comprimento PESO: ~70Gramas MATERIAL: Pl\u00e1stico ABS [&hellip;]\" \/>\n<meta property=\"og:url\" content=\"https:\/\/www.monitorstlflix.online\/product\/arvore-de-natal-detalhada-branco-decoracao-de-natal\/\" \/>\n<meta property=\"og:site_name\" content=\"MyStore - By STLFLIX\" \/>\n<meta property=\"article:publisher\" content=\"https:\/\/www.facebook.com\/STLFLIX\" \/>\n<meta property=\"article:modified_time\" content=\"2024-12-22T12:40:50+00:00\" \/>\n<meta property=\"og:image\" content=\"https:\/\/www.monitorstlflix.online\/wp-content\/uploads\/2024\/12\/Photoroom_20241201_171046.jpeg\" \/>\n\t<meta property=\"og:image:width\" content=\"2400\" \/>\n\t<meta property=\"og:image:height\" content=\"2400\" \/>\n\t<meta property=\"og:image:type\" content=\"image\/jpeg\" \/>\n<meta name=\"twitter:card\" content=\"summary_large_image\" \/>\n<meta name=\"twitter:label1\" content=\"Est. reading time\" \/>\n\t<meta name=\"twitter:data1\" content=\"1 minute\" \/>\n<script type=\"application\/ld+json\" class=\"yoast-schema-graph\">{\"@context\":\"https:\/\/schema.org\",\"@graph\":[{\"@type\":\"WebPage\",\"@id\":\"https:\/\/www.monitorstlflix.online\/product\/arvore-de-natal-detalhada-branco-decoracao-de-natal\/\",\"url\":\"https:\/\/www.monitorstlflix.online\/product\/arvore-de-natal-detalhada-branco-decoracao-de-natal\/\",\"name\":\"ARVORE DE NATAL DETALHADA BRANCO - DECORACAO DE NATAL - MyStore - By STLFLIX\",\"isPartOf\":{\"@id\":\"https:\/\/my.stlflix.com\/#website\"},\"primaryImageOfPage\":{\"@id\":\"https:\/\/www.monitorstlflix.online\/product\/arvore-de-natal-detalhada-branco-decoracao-de-natal\/#primaryimage\"},\"image\":{\"@id\":\"https:\/\/www.monitorstlflix.online\/product\/arvore-de-natal-detalhada-branco-decoracao-de-natal\/#primaryimage\"},\"thumbnailUrl\":\"https:\/\/my.stlflix.com\/wp-content\/uploads\/2024\/12\/Photoroom_20241201_171046.jpeg\",\"datePublished\":\"2024-12-08T21:05:23+00:00\",\"dateModified\":\"2024-12-22T12:40:50+00:00\",\"breadcrumb\":{\"@id\":\"https:\/\/www.monitorstlflix.online\/product\/arvore-de-natal-detalhada-branco-decoracao-de-natal\/#breadcrumb\"},\"inLanguage\":\"es-ES\",\"potentialAction\":[{\"@type\":\"ReadAction\",\"target\":[\"https:\/\/www.monitorstlflix.online\/product\/arvore-de-natal-detalhada-branco-decoracao-de-natal\/\"]}]},{\"@type\":\"ImageObject\",\"inLanguage\":\"es-ES\",\"@id\":\"https:\/\/www.monitorstlflix.online\/product\/arvore-de-natal-detalhada-branco-decoracao-de-natal\/#primaryimage\",\"url\":\"https:\/\/my.stlflix.com\/wp-content\/uploads\/2024\/12\/Photoroom_20241201_171046.jpeg\",\"contentUrl\":\"https:\/\/my.stlflix.com\/wp-content\/uploads\/2024\/12\/Photoroom_20241201_171046.jpeg\",\"width\":2400,\"height\":2400},{\"@type\":\"BreadcrumbList\",\"@id\":\"https:\/\/www.monitorstlflix.online\/product\/arvore-de-natal-detalhada-branco-decoracao-de-natal\/#breadcrumb\",\"itemListElement\":[{\"@type\":\"ListItem\",\"position\":1,\"name\":\"Home\",\"item\":\"https:\/\/www.stlflix-store.com\/\"},{\"@type\":\"ListItem\",\"position\":2,\"name\":\"Products\",\"item\":\"https:\/\/www.stlflix-store.com\/shop\/\"},{\"@type\":\"ListItem\",\"position\":3,\"name\":\"ARVORE DE NATAL DETALHADA BRANCO &#8211; DECORACAO DE NATAL\"}]},{\"@type\":\"WebSite\",\"@id\":\"https:\/\/my.stlflix.com\/#website\",\"url\":\"https:\/\/my.stlflix.com\/\",\"name\":\"MyStore - By STLFLIX\",\"description\":\"\",\"publisher\":{\"@id\":\"https:\/\/my.stlflix.com\/#organization\"},\"potentialAction\":[{\"@type\":\"SearchAction\",\"target\":{\"@type\":\"EntryPoint\",\"urlTemplate\":\"https:\/\/my.stlflix.com\/?s={search_term_string}\"},\"query-input\":{\"@type\":\"PropertyValueSpecification\",\"valueRequired\":true,\"valueName\":\"search_term_string\"}}],\"inLanguage\":\"es-ES\"},{\"@type\":\"Organization\",\"@id\":\"https:\/\/my.stlflix.com\/#organization\",\"name\":\"MyStore - By STLFLIX\",\"url\":\"https:\/\/my.stlflix.com\/\",\"logo\":{\"@type\":\"ImageObject\",\"inLanguage\":\"es-ES\",\"@id\":\"https:\/\/my.stlflix.com\/#\/schema\/logo\/image\/\",\"url\":\"https:\/\/my.stlflix.com\/wp-content\/uploads\/2024\/06\/logo-mystore.png\",\"contentUrl\":\"https:\/\/my.stlflix.com\/wp-content\/uploads\/2024\/06\/logo-mystore.png\",\"width\":150,\"height\":41,\"caption\":\"MyStore - By STLFLIX\"},\"image\":{\"@id\":\"https:\/\/my.stlflix.com\/#\/schema\/logo\/image\/\"},\"sameAs\":[\"https:\/\/www.facebook.com\/STLFLIX\",\"https:\/\/www.instagram.com\/stlflix_\/\",\"https:\/\/www.tiktok.com\/@stlflix\"]}]}<\/script>\n<!-- \/ Yoast SEO plugin. -->","yoast_head_json":{"title":"ARVORE DE NATAL DETALHADA BRANCO - DECORACAO DE NATAL - MyStore - By STLFLIX","robots":{"index":"index","follow":"follow","max-snippet":"max-snippet:-1","max-image-preview":"max-image-preview:large","max-video-preview":"max-video-preview:-1"},"canonical":"https:\/\/www.monitorstlflix.online\/product\/arvore-de-natal-detalhada-branco-decoracao-de-natal\/","og_locale":"es_ES","og_type":"article","og_title":"ARVORE DE NATAL DETALHADA BRANCO - DECORACAO DE NATAL - MyStore - By STLFLIX","og_description":"PRODUTO: Arvore de Natal Detalhada, acabamento na cor do pr\u00f3prio material, \u00e9 capaz de transformar completamente o ambiente, trazendo um toque natalino para sua casa. CORES DISPONIVEIS : VERDE \/ VERMELHO \/ BRANCO \/ DOURADO DIMENS\u00d5ES: 17.5 cm x Altura \/ 11 cm x Largura \/ 2 cm x Comprimento PESO: ~70Gramas MATERIAL: Pl\u00e1stico ABS [&hellip;]","og_url":"https:\/\/www.monitorstlflix.online\/product\/arvore-de-natal-detalhada-branco-decoracao-de-natal\/","og_site_name":"MyStore - By STLFLIX","article_publisher":"https:\/\/www.facebook.com\/STLFLIX","article_modified_time":"2024-12-22T12:40:50+00:00","og_image":[{"width":2400,"height":2400,"url":"https:\/\/www.monitorstlflix.online\/wp-content\/uploads\/2024\/12\/Photoroom_20241201_171046.jpeg","type":"image\/jpeg"}],"twitter_card":"summary_large_image","twitter_misc":{"Est. reading time":"1 minute"},"schema":{"@context":"https:\/\/schema.org","@graph":[{"@type":"WebPage","@id":"https:\/\/www.monitorstlflix.online\/product\/arvore-de-natal-detalhada-branco-decoracao-de-natal\/","url":"https:\/\/www.monitorstlflix.online\/product\/arvore-de-natal-detalhada-branco-decoracao-de-natal\/","name":"ARVORE DE NATAL DETALHADA BRANCO - DECORACAO DE NATAL - MyStore - By STLFLIX","isPartOf":{"@id":"https:\/\/my.stlflix.com\/#website"},"primaryImageOfPage":{"@id":"https:\/\/www.monitorstlflix.online\/product\/arvore-de-natal-detalhada-branco-decoracao-de-natal\/#primaryimage"},"image":{"@id":"https:\/\/www.monitorstlflix.online\/product\/arvore-de-natal-detalhada-branco-decoracao-de-natal\/#primaryimage"},"thumbnailUrl":"https:\/\/my.stlflix.com\/wp-content\/uploads\/2024\/12\/Photoroom_20241201_171046.jpeg","datePublished":"2024-12-08T21:05:23+00:00","dateModified":"2024-12-22T12:40:50+00:00","breadcrumb":{"@id":"https:\/\/www.monitorstlflix.online\/product\/arvore-de-natal-detalhada-branco-decoracao-de-natal\/#breadcrumb"},"inLanguage":"es-ES","potentialAction":[{"@type":"ReadAction","target":["https:\/\/www.monitorstlflix.online\/product\/arvore-de-natal-detalhada-branco-decoracao-de-natal\/"]}]},{"@type":"ImageObject","inLanguage":"es-ES","@id":"https:\/\/www.monitorstlflix.online\/product\/arvore-de-natal-detalhada-branco-decoracao-de-natal\/#primaryimage","url":"https:\/\/my.stlflix.com\/wp-content\/uploads\/2024\/12\/Photoroom_20241201_171046.jpeg","contentUrl":"https:\/\/my.stlflix.com\/wp-content\/uploads\/2024\/12\/Photoroom_20241201_171046.jpeg","width":2400,"height":2400},{"@type":"BreadcrumbList","@id":"https:\/\/www.monitorstlflix.online\/product\/arvore-de-natal-detalhada-branco-decoracao-de-natal\/#breadcrumb","itemListElement":[{"@type":"ListItem","position":1,"name":"Home","item":"https:\/\/www.stlflix-store.com\/"},{"@type":"ListItem","position":2,"name":"Products","item":"https:\/\/www.stlflix-store.com\/shop\/"},{"@type":"ListItem","position":3,"name":"ARVORE DE NATAL DETALHADA BRANCO &#8211; DECORACAO DE NATAL"}]},{"@type":"WebSite","@id":"https:\/\/my.stlflix.com\/#website","url":"https:\/\/my.stlflix.com\/","name":"MyStore - By STLFLIX","description":"","publisher":{"@id":"https:\/\/my.stlflix.com\/#organization"},"potentialAction":[{"@type":"SearchAction","target":{"@type":"EntryPoint","urlTemplate":"https:\/\/my.stlflix.com\/?s={search_term_string}"},"query-input":{"@type":"PropertyValueSpecification","valueRequired":true,"valueName":"search_term_string"}}],"inLanguage":"es-ES"},{"@type":"Organization","@id":"https:\/\/my.stlflix.com\/#organization","name":"MyStore - By STLFLIX","url":"https:\/\/my.stlflix.com\/","logo":{"@type":"ImageObject","inLanguage":"es-ES","@id":"https:\/\/my.stlflix.com\/#\/schema\/logo\/image\/","url":"https:\/\/my.stlflix.com\/wp-content\/uploads\/2024\/06\/logo-mystore.png","contentUrl":"https:\/\/my.stlflix.com\/wp-content\/uploads\/2024\/06\/logo-mystore.png","width":150,"height":41,"caption":"MyStore - By STLFLIX"},"image":{"@id":"https:\/\/my.stlflix.com\/#\/schema\/logo\/image\/"},"sameAs":["https:\/\/www.facebook.com\/STLFLIX","https:\/\/www.instagram.com\/stlflix_\/","https:\/\/www.tiktok.com\/@stlflix"]}]}},"_links":{"self":[{"href":"https:\/\/my.stlflix.com\/es\/wp-json\/wp\/v2\/product\/191405","targetHints":{"allow":["GET"]}}],"collection":[{"href":"https:\/\/my.stlflix.com\/es\/wp-json\/wp\/v2\/product"}],"about":[{"href":"https:\/\/my.stlflix.com\/es\/wp-json\/wp\/v2\/types\/product"}],"replies":[{"embeddable":true,"href":"https:\/\/my.stlflix.com\/es\/wp-json\/wp\/v2\/comments?post=191405"}],"wp:featuredmedia":[{"embeddable":true,"href":"https:\/\/my.stlflix.com\/es\/wp-json\/wp\/v2\/media\/191406"}],"wp:attachment":[{"href":"https:\/\/my.stlflix.com\/es\/wp-json\/wp\/v2\/media?parent=191405"}],"wp:term":[{"taxonomy":"product_brand","embeddable":true,"href":"https:\/\/my.stlflix.com\/es\/wp-json\/wp\/v2\/product_brand?post=191405"},{"taxonomy":"product_cat","embeddable":true,"href":"https:\/\/my.stlflix.com\/es\/wp-json\/wp\/v2\/product_cat?post=191405"},{"taxonomy":"product_tag","embeddable":true,"href":"https:\/\/my.stlflix.com\/es\/wp-json\/wp\/v2\/product_tag?post=191405"}],"curies":[{"name":"wp","href":"https:\/\/api.w.org\/{rel}","templated":true}]}}