{"id":198795,"date":"2024-12-20T13:09:01","date_gmt":"2024-12-20T13:09:01","guid":{"rendered":"https:\/\/my.stlflix.com\/?post_type=product&#038;p=198795"},"modified":"2024-12-22T12:43:52","modified_gmt":"2024-12-22T12:43:52","slug":"low-poly-cat-table-lamp-676552c613b2c","status":"publish","type":"product","link":"https:\/\/my.stlflix.com\/es\/product\/low-poly-cat-table-lamp-676552c613b2c\/","title":{"rendered":"Luminaria Gato Low Poly Cat Table Lamp"},"content":{"rendered":"<p style=\"font-weight: 400\"><strong>Luminaria Low Poly Cat Table Lamp<\/strong><\/p>\n<p style=\"font-weight: 400\"><strong>Low Poly Cat Table Lamp<\/strong><\/p>\n<p style=\"font-weight: 400\"><em>Leia a descri\u00e7\u00e3o completa do an\u00fancio para conhecer todos os detalhes do produto<\/em><\/p>\n<p>Uma luz suave e indireta que real\u00e7a a\u00a0<strong>Beleza<\/strong>\u00a0do ambiente sem sobrecarregar o espa\u00e7o, criando a sensa\u00e7\u00e3o de\u00a0<strong>Aconchego\u00a0<\/strong>e Tranquilidade.\u00a0I<\/p>\n<p>Ideal para criar uma atmosfera\u00a0<strong>Sofisticada<\/strong>\u00a0e\u00a0<strong>Intimista<\/strong>, tornando qualquer evento ou momento ainda mais especial.<\/p>\n<p><strong>Materiais Sustent\u00e1veis e Ecol\u00f3gicos<\/strong><\/p>\n<p>Produzida com pl\u00e1stico<strong>\u00a0PLA<\/strong>, um material\u00a0<strong>Biodegrad\u00e1vel<\/strong>,\u00a0<strong>Recicl\u00e1vel<\/strong>\u00a0e\u00a0<strong>Compost\u00e1vel,\u00a0<\/strong>n\u00e3o agride o meio ambiente.<\/p>\n<p>A lumin\u00e1ria de impress\u00e3o 3D \u00e9 uma op\u00e7\u00e3o ambientalmente respons\u00e1vel. Ao iluminar seu espa\u00e7o de maneira eficiente, ela tamb\u00e9m respeita o\u00a0<strong>Meio Ambiente<\/strong>, tornando-se uma escolha consciente para quem deseja aliar\u00a0<strong>Estilo<\/strong>\u00a0e\u00a0<strong>Sustentabilidade<\/strong>.<\/p>\n<p>Seja para transformar um evento\u00a0<strong>Especial<\/strong>\u00a0ou para criar um ambiente \u00fanico no seu lar, a lumin\u00e1ria de impress\u00e3o 3D \u00e9 a escolha perfeita para quem busca\u00a0<strong>Harmonia<\/strong>\u00a0entre\u00a0<strong>Eleg\u00e2ncia<\/strong>, funcionalidade e inova\u00e7\u00e3o. Pois a luz indireta, suave e envolvente, proporciona um ambiente\u00a0<strong>Aconchegante<\/strong>, perfeito para jantares, festas ou simplesmente para\u00a0<strong>Relaxar\u00a0<\/strong>ap\u00f3s um longo dia.<\/p>\n<p>&nbsp;<\/p>\n<p><strong>Design Exclusivo<\/strong>: Produto \u00fanico, feito sob demanda.<\/p>\n<p><strong>Funcionalidade<\/strong>: Perfeito para diferentes usos no seu espa\u00e7o.<\/p>\n<p><strong>Personaliza\u00e7\u00e3o:<\/strong>\u00a0Escolha a cor e o estilo que mais combina com voc\u00ea.<\/p>\n<p>&nbsp;<\/p>\n<p>\u2713 Ideal para ambientes internos!<\/p>\n<p>\u2713 Valor referente a 1 unidade.<\/p>\n<p>\u2713 Manter longe de fontes de calor extremas<\/p>\n<p>&nbsp;<\/p>\n<p><strong>Material:\u00a0<\/strong>Pl\u00e1stico PLA \u00e9 biodegrad\u00e1vel, recicl\u00e1vel, biocompat\u00edvel e compost\u00e1vel. N\u00e3o agride o meio ambiente.<\/p>\n<p>&nbsp;<\/p>\n<p><strong>Medidas<\/strong><\/p>\n<p>20 CM<\/p>\n<p>&nbsp;<\/p>\n<p><strong>Disponibilidade de Cores<\/strong><\/p>\n<p>Se preferir, entre em contato pelo WhatsApp antes da compra para verificar as cores dispon\u00edveis. Caso contr\u00e1rio, ao finalizar sua compra, por favor, indique a cor desejada no campo &#8220;MENSAGENS&#8221;. Estamos \u00e0 disposi\u00e7\u00e3o para ajudar!<\/p>\n<p>Se n\u00e3o recebermos nenhuma indica\u00e7\u00e3o de cor, enviaremos uma cor aleat\u00f3ria. Estamos \u00e0 disposi\u00e7\u00e3o para ajudar!<\/p>\n<p>&nbsp;<\/p>\n<p><strong>Para Compras no Atacado<\/strong><\/p>\n<p>Por favor, entre em contato conosco diretamente para receber um or\u00e7amento. Estamos \u00e0 disposi\u00e7\u00e3o para ajudar!<\/p>\n<p>&nbsp;<\/p>\n<p><strong>*Nosso tempo necess\u00e1rio para produ\u00e7\u00e3o \u00e9 de 5 dias \u00fateis, podendo variar conforme a demanda.<\/strong><\/p>\n<p><strong>* Devido ao m\u00e9todo de fabrica\u00e7\u00e3o por impress\u00e3o 3D, \u00e9 poss\u00edvel que alguns itens exibam pequenas marcas ou texturas sutis, as quais s\u00e3o t\u00edpicas desse processo espec\u00edfico.<\/strong><\/p>\n<p><strong>* As cores podem variar ligeiramente devido \u00e0s configura\u00e7\u00f5es do monitor.<\/strong><\/p>\n<p><strong>\u00a0<\/strong><\/p>\n<p><strong>Aproveite esta oportunidade e adquira j\u00e1 o seu!<\/strong><\/p>\n<p><strong>Somos um revendedor aprovado para designs STLFLIX<\/strong><\/p>\n<p>&nbsp;<\/p>\n<p><strong>CUIDADOS E MANUTEN\u00c7\u00c3O<\/strong><\/p>\n<p>&nbsp;<\/p>\n<p>Embora o pl\u00e1stico seja resistente ao sol e \u00e0 chuva, o PLA n\u00e3o \u00e9 ideal para exposi\u00e7\u00e3o a raios solares intensos. Portanto, n\u00e3o recomendamos o uso em \u00e1reas externas.<\/p>\n<p>Se voc\u00ea deseja ou precisa de um material mais resistente a temperaturas extremas, como pl\u00e1sticos de alta resist\u00eancia que suportam impactos e quedas, entre em contato conosco. Faremos um produto que atenda \u00e0s suas necessidades.<\/p>\n<p>&nbsp;<\/p>\n<p><strong>O QUE \u00c9 O PL\u00c1STICO PLA?<\/strong><\/p>\n<p>O PLA ou melhor dizendo, \u00e1cido polil\u00e1tico, \u00e9 um pol\u00edmero sint\u00e9tico termopl\u00e1stico que vem substituindo os pl\u00e1sticos convencionais em diversas aplica\u00e7\u00f5es.<\/p>\n<p>&nbsp;<\/p>\n<p><strong>COMO PRODUZ PL\u00c1STICO PLA?<\/strong><\/p>\n<p>A produ\u00e7\u00e3o ocorre a partir da fermenta\u00e7\u00e3o, por parte de bact\u00e9rias, de vegetais ricos em amido, como a beterraba, o milho e a mandioca, por isso, \u00e9 biodegrad\u00e1vel, compost\u00e1vel e recicl\u00e1vel e n\u00e3o possui nenhum tipo de res\u00edduo t\u00f3xico.<\/p>\n<p>&nbsp;<\/p>\n<p><strong>ABS<\/strong><\/p>\n<p>Material: Para garantir maior durabilidade e resist\u00eancia, oferecemos a op\u00e7\u00e3o de produ\u00e7\u00e3o em ABS. No entanto, n\u00e3o recomendamos este material para uso em equipamentos destinados \u00e0 culin\u00e1ria ou qualquer outro contato direto com alimentos. A escolha do material ser\u00e1 confirmada ap\u00f3s a compra.<\/p>\n","protected":false},"excerpt":{"rendered":"<p>Luminaria Low Poly Cat Table Lamp Low Poly Cat Table Lamp Leia a descri\u00e7\u00e3o completa do an\u00fancio para conhecer todos os detalhes do produto Uma luz suave e indireta que real\u00e7a a\u00a0Beleza\u00a0do ambiente sem sobrecarregar o espa\u00e7o, criando a sensa\u00e7\u00e3o de\u00a0Aconchego\u00a0e Tranquilidade.\u00a0I Ideal para criar uma atmosfera\u00a0Sofisticada\u00a0e\u00a0Intimista, tornando qualquer evento ou momento ainda mais especial. [&hellip;]<\/p>\n","protected":false},"featured_media":197338,"comment_status":"open","ping_status":"closed","template":"","meta":[],"product_brand":[],"product_cat":[778],"product_tag":[],"class_list":{"0":"post-198795","1":"product","2":"type-product","3":"status-publish","4":"has-post-thumbnail","6":"product_cat-lights","8":"first","9":"instock","10":"taxable","11":"shipping-taxable","12":"purchasable","13":"product-type-simple"},"yoast_head":"<!-- This site is optimized with the Yoast SEO plugin v25.1 - https:\/\/yoast.com\/wordpress\/plugins\/seo\/ -->\n<title>Luminaria Gato Low Poly Cat Table Lamp - MyStore - By STLFLIX<\/title>\n<meta name=\"robots\" content=\"index, follow, max-snippet:-1, max-image-preview:large, max-video-preview:-1\" \/>\n<link rel=\"canonical\" href=\"https:\/\/www.testeminhalojamandela.biz\/product\/low-poly-cat-table-lamp-676552c613b2c\/\" \/>\n<meta property=\"og:locale\" content=\"es_ES\" \/>\n<meta property=\"og:type\" content=\"article\" \/>\n<meta property=\"og:title\" content=\"Luminaria Gato Low Poly Cat Table Lamp - MyStore - By STLFLIX\" \/>\n<meta property=\"og:description\" content=\"Luminaria Low Poly Cat Table Lamp Low Poly Cat Table Lamp Leia a descri\u00e7\u00e3o completa do an\u00fancio para conhecer todos os detalhes do produto Uma luz suave e indireta que real\u00e7a a\u00a0Beleza\u00a0do ambiente sem sobrecarregar o espa\u00e7o, criando a sensa\u00e7\u00e3o de\u00a0Aconchego\u00a0e Tranquilidade.\u00a0I Ideal para criar uma atmosfera\u00a0Sofisticada\u00a0e\u00a0Intimista, tornando qualquer evento ou momento ainda mais especial. [&hellip;]\" \/>\n<meta property=\"og:url\" content=\"https:\/\/www.testeminhalojamandela.biz\/product\/low-poly-cat-table-lamp-676552c613b2c\/\" \/>\n<meta property=\"og:site_name\" content=\"MyStore - By STLFLIX\" \/>\n<meta property=\"article:publisher\" content=\"https:\/\/www.facebook.com\/STLFLIX\" \/>\n<meta property=\"article:modified_time\" content=\"2024-12-22T12:43:52+00:00\" \/>\n<meta property=\"og:image\" content=\"https:\/\/www.testeminhalojamandela.biz\/wp-content\/uploads\/2024\/12\/Low_Poly_Cat_Table_Lamp_thumb_68d2c2e972.jpg\" \/>\n\t<meta property=\"og:image:width\" content=\"1080\" \/>\n\t<meta property=\"og:image:height\" content=\"1350\" \/>\n\t<meta property=\"og:image:type\" content=\"image\/jpeg\" \/>\n<meta name=\"twitter:card\" content=\"summary_large_image\" \/>\n<meta name=\"twitter:label1\" content=\"Est. reading time\" \/>\n\t<meta name=\"twitter:data1\" content=\"3 minutes\" \/>\n<script type=\"application\/ld+json\" class=\"yoast-schema-graph\">{\"@context\":\"https:\/\/schema.org\",\"@graph\":[{\"@type\":\"WebPage\",\"@id\":\"https:\/\/www.testeminhalojamandela.biz\/product\/low-poly-cat-table-lamp-676552c613b2c\/\",\"url\":\"https:\/\/www.testeminhalojamandela.biz\/product\/low-poly-cat-table-lamp-676552c613b2c\/\",\"name\":\"Luminaria Gato Low Poly Cat Table Lamp - MyStore - By STLFLIX\",\"isPartOf\":{\"@id\":\"https:\/\/my.stlflix.com\/#website\"},\"primaryImageOfPage\":{\"@id\":\"https:\/\/www.testeminhalojamandela.biz\/product\/low-poly-cat-table-lamp-676552c613b2c\/#primaryimage\"},\"image\":{\"@id\":\"https:\/\/www.testeminhalojamandela.biz\/product\/low-poly-cat-table-lamp-676552c613b2c\/#primaryimage\"},\"thumbnailUrl\":\"https:\/\/my.stlflix.com\/wp-content\/uploads\/2024\/12\/Low_Poly_Cat_Table_Lamp_thumb_68d2c2e972.jpg\",\"datePublished\":\"2024-12-20T13:09:01+00:00\",\"dateModified\":\"2024-12-22T12:43:52+00:00\",\"breadcrumb\":{\"@id\":\"https:\/\/www.testeminhalojamandela.biz\/product\/low-poly-cat-table-lamp-676552c613b2c\/#breadcrumb\"},\"inLanguage\":\"es-ES\",\"potentialAction\":[{\"@type\":\"ReadAction\",\"target\":[\"https:\/\/www.testeminhalojamandela.biz\/product\/low-poly-cat-table-lamp-676552c613b2c\/\"]}]},{\"@type\":\"ImageObject\",\"inLanguage\":\"es-ES\",\"@id\":\"https:\/\/www.testeminhalojamandela.biz\/product\/low-poly-cat-table-lamp-676552c613b2c\/#primaryimage\",\"url\":\"https:\/\/my.stlflix.com\/wp-content\/uploads\/2024\/12\/Low_Poly_Cat_Table_Lamp_thumb_68d2c2e972.jpg\",\"contentUrl\":\"https:\/\/my.stlflix.com\/wp-content\/uploads\/2024\/12\/Low_Poly_Cat_Table_Lamp_thumb_68d2c2e972.jpg\",\"width\":1080,\"height\":1350},{\"@type\":\"BreadcrumbList\",\"@id\":\"https:\/\/www.testeminhalojamandela.biz\/product\/low-poly-cat-table-lamp-676552c613b2c\/#breadcrumb\",\"itemListElement\":[{\"@type\":\"ListItem\",\"position\":1,\"name\":\"Home\",\"item\":\"https:\/\/www.stlflix-store.com\/\"},{\"@type\":\"ListItem\",\"position\":2,\"name\":\"Products\",\"item\":\"https:\/\/www.stlflix-store.com\/shop\/\"},{\"@type\":\"ListItem\",\"position\":3,\"name\":\"Luminaria Gato Low Poly Cat Table Lamp\"}]},{\"@type\":\"WebSite\",\"@id\":\"https:\/\/my.stlflix.com\/#website\",\"url\":\"https:\/\/my.stlflix.com\/\",\"name\":\"MyStore - By STLFLIX\",\"description\":\"\",\"publisher\":{\"@id\":\"https:\/\/my.stlflix.com\/#organization\"},\"potentialAction\":[{\"@type\":\"SearchAction\",\"target\":{\"@type\":\"EntryPoint\",\"urlTemplate\":\"https:\/\/my.stlflix.com\/?s={search_term_string}\"},\"query-input\":{\"@type\":\"PropertyValueSpecification\",\"valueRequired\":true,\"valueName\":\"search_term_string\"}}],\"inLanguage\":\"es-ES\"},{\"@type\":\"Organization\",\"@id\":\"https:\/\/my.stlflix.com\/#organization\",\"name\":\"MyStore - By STLFLIX\",\"url\":\"https:\/\/my.stlflix.com\/\",\"logo\":{\"@type\":\"ImageObject\",\"inLanguage\":\"es-ES\",\"@id\":\"https:\/\/my.stlflix.com\/#\/schema\/logo\/image\/\",\"url\":\"https:\/\/my.stlflix.com\/wp-content\/uploads\/2024\/06\/logo-mystore.png\",\"contentUrl\":\"https:\/\/my.stlflix.com\/wp-content\/uploads\/2024\/06\/logo-mystore.png\",\"width\":150,\"height\":41,\"caption\":\"MyStore - By STLFLIX\"},\"image\":{\"@id\":\"https:\/\/my.stlflix.com\/#\/schema\/logo\/image\/\"},\"sameAs\":[\"https:\/\/www.facebook.com\/STLFLIX\",\"https:\/\/www.instagram.com\/stlflix_\/\",\"https:\/\/www.tiktok.com\/@stlflix\"]}]}<\/script>\n<!-- \/ Yoast SEO plugin. -->","yoast_head_json":{"title":"Luminaria Gato Low Poly Cat Table Lamp - MyStore - By STLFLIX","robots":{"index":"index","follow":"follow","max-snippet":"max-snippet:-1","max-image-preview":"max-image-preview:large","max-video-preview":"max-video-preview:-1"},"canonical":"https:\/\/www.testeminhalojamandela.biz\/product\/low-poly-cat-table-lamp-676552c613b2c\/","og_locale":"es_ES","og_type":"article","og_title":"Luminaria Gato Low Poly Cat Table Lamp - MyStore - By STLFLIX","og_description":"Luminaria Low Poly Cat Table Lamp Low Poly Cat Table Lamp Leia a descri\u00e7\u00e3o completa do an\u00fancio para conhecer todos os detalhes do produto Uma luz suave e indireta que real\u00e7a a\u00a0Beleza\u00a0do ambiente sem sobrecarregar o espa\u00e7o, criando a sensa\u00e7\u00e3o de\u00a0Aconchego\u00a0e Tranquilidade.\u00a0I Ideal para criar uma atmosfera\u00a0Sofisticada\u00a0e\u00a0Intimista, tornando qualquer evento ou momento ainda mais especial. [&hellip;]","og_url":"https:\/\/www.testeminhalojamandela.biz\/product\/low-poly-cat-table-lamp-676552c613b2c\/","og_site_name":"MyStore - By STLFLIX","article_publisher":"https:\/\/www.facebook.com\/STLFLIX","article_modified_time":"2024-12-22T12:43:52+00:00","og_image":[{"width":1080,"height":1350,"url":"https:\/\/www.testeminhalojamandela.biz\/wp-content\/uploads\/2024\/12\/Low_Poly_Cat_Table_Lamp_thumb_68d2c2e972.jpg","type":"image\/jpeg"}],"twitter_card":"summary_large_image","twitter_misc":{"Est. reading time":"3 minutes"},"schema":{"@context":"https:\/\/schema.org","@graph":[{"@type":"WebPage","@id":"https:\/\/www.testeminhalojamandela.biz\/product\/low-poly-cat-table-lamp-676552c613b2c\/","url":"https:\/\/www.testeminhalojamandela.biz\/product\/low-poly-cat-table-lamp-676552c613b2c\/","name":"Luminaria Gato Low Poly Cat Table Lamp - MyStore - By STLFLIX","isPartOf":{"@id":"https:\/\/my.stlflix.com\/#website"},"primaryImageOfPage":{"@id":"https:\/\/www.testeminhalojamandela.biz\/product\/low-poly-cat-table-lamp-676552c613b2c\/#primaryimage"},"image":{"@id":"https:\/\/www.testeminhalojamandela.biz\/product\/low-poly-cat-table-lamp-676552c613b2c\/#primaryimage"},"thumbnailUrl":"https:\/\/my.stlflix.com\/wp-content\/uploads\/2024\/12\/Low_Poly_Cat_Table_Lamp_thumb_68d2c2e972.jpg","datePublished":"2024-12-20T13:09:01+00:00","dateModified":"2024-12-22T12:43:52+00:00","breadcrumb":{"@id":"https:\/\/www.testeminhalojamandela.biz\/product\/low-poly-cat-table-lamp-676552c613b2c\/#breadcrumb"},"inLanguage":"es-ES","potentialAction":[{"@type":"ReadAction","target":["https:\/\/www.testeminhalojamandela.biz\/product\/low-poly-cat-table-lamp-676552c613b2c\/"]}]},{"@type":"ImageObject","inLanguage":"es-ES","@id":"https:\/\/www.testeminhalojamandela.biz\/product\/low-poly-cat-table-lamp-676552c613b2c\/#primaryimage","url":"https:\/\/my.stlflix.com\/wp-content\/uploads\/2024\/12\/Low_Poly_Cat_Table_Lamp_thumb_68d2c2e972.jpg","contentUrl":"https:\/\/my.stlflix.com\/wp-content\/uploads\/2024\/12\/Low_Poly_Cat_Table_Lamp_thumb_68d2c2e972.jpg","width":1080,"height":1350},{"@type":"BreadcrumbList","@id":"https:\/\/www.testeminhalojamandela.biz\/product\/low-poly-cat-table-lamp-676552c613b2c\/#breadcrumb","itemListElement":[{"@type":"ListItem","position":1,"name":"Home","item":"https:\/\/www.stlflix-store.com\/"},{"@type":"ListItem","position":2,"name":"Products","item":"https:\/\/www.stlflix-store.com\/shop\/"},{"@type":"ListItem","position":3,"name":"Luminaria Gato Low Poly Cat Table Lamp"}]},{"@type":"WebSite","@id":"https:\/\/my.stlflix.com\/#website","url":"https:\/\/my.stlflix.com\/","name":"MyStore - By STLFLIX","description":"","publisher":{"@id":"https:\/\/my.stlflix.com\/#organization"},"potentialAction":[{"@type":"SearchAction","target":{"@type":"EntryPoint","urlTemplate":"https:\/\/my.stlflix.com\/?s={search_term_string}"},"query-input":{"@type":"PropertyValueSpecification","valueRequired":true,"valueName":"search_term_string"}}],"inLanguage":"es-ES"},{"@type":"Organization","@id":"https:\/\/my.stlflix.com\/#organization","name":"MyStore - By STLFLIX","url":"https:\/\/my.stlflix.com\/","logo":{"@type":"ImageObject","inLanguage":"es-ES","@id":"https:\/\/my.stlflix.com\/#\/schema\/logo\/image\/","url":"https:\/\/my.stlflix.com\/wp-content\/uploads\/2024\/06\/logo-mystore.png","contentUrl":"https:\/\/my.stlflix.com\/wp-content\/uploads\/2024\/06\/logo-mystore.png","width":150,"height":41,"caption":"MyStore - By STLFLIX"},"image":{"@id":"https:\/\/my.stlflix.com\/#\/schema\/logo\/image\/"},"sameAs":["https:\/\/www.facebook.com\/STLFLIX","https:\/\/www.instagram.com\/stlflix_\/","https:\/\/www.tiktok.com\/@stlflix"]}]}},"_links":{"self":[{"href":"https:\/\/my.stlflix.com\/es\/wp-json\/wp\/v2\/product\/198795","targetHints":{"allow":["GET"]}}],"collection":[{"href":"https:\/\/my.stlflix.com\/es\/wp-json\/wp\/v2\/product"}],"about":[{"href":"https:\/\/my.stlflix.com\/es\/wp-json\/wp\/v2\/types\/product"}],"replies":[{"embeddable":true,"href":"https:\/\/my.stlflix.com\/es\/wp-json\/wp\/v2\/comments?post=198795"}],"wp:featuredmedia":[{"embeddable":true,"href":"https:\/\/my.stlflix.com\/es\/wp-json\/wp\/v2\/media\/197338"}],"wp:attachment":[{"href":"https:\/\/my.stlflix.com\/es\/wp-json\/wp\/v2\/media?parent=198795"}],"wp:term":[{"taxonomy":"product_brand","embeddable":true,"href":"https:\/\/my.stlflix.com\/es\/wp-json\/wp\/v2\/product_brand?post=198795"},{"taxonomy":"product_cat","embeddable":true,"href":"https:\/\/my.stlflix.com\/es\/wp-json\/wp\/v2\/product_cat?post=198795"},{"taxonomy":"product_tag","embeddable":true,"href":"https:\/\/my.stlflix.com\/es\/wp-json\/wp\/v2\/product_tag?post=198795"}],"curies":[{"name":"wp","href":"https:\/\/api.w.org\/{rel}","templated":true}]}}