{"id":202748,"date":"2024-12-24T23:22:43","date_gmt":"2024-12-24T23:22:43","guid":{"rendered":"https:\/\/my.stlflix.com\/?post_type=product&#038;p=202748"},"modified":"2025-10-30T20:45:38","modified_gmt":"2025-10-30T20:45:38","slug":"chaveiro-nfc-instagran","status":"publish","type":"product","link":"https:\/\/my.stlflix.com\/es\/product\/chaveiro-nfc-instagran\/","title":{"rendered":"Chaveiro nfc | Cart\u00e3o de visita digital | Chaveiro de instagram | Chaveiro de aproxima\u00e7\u00e3o"},"content":{"rendered":"<p data-start=\"0\" data-end=\"64\"><strong data-start=\"0\" data-end=\"58\">Chaveiro com Tecnologia NFC \u2013 Cart\u00e3o de Visita Digital<\/strong> \ud83d\udcf2\u2728<\/p>\n<p data-start=\"66\" data-end=\"281\">O chaveiro NFC \u00e9 o <strong data-start=\"85\" data-end=\"136\">cart\u00e3o de visita digital queridinho do momento!<\/strong> Com tecnologia de aproxima\u00e7\u00e3o, ele permite compartilhar suas redes sociais, automatizar dispositivos e muito mais, de forma pr\u00e1tica e moderna.<\/p>\n<p data-start=\"283\" data-end=\"439\">\ud83d\udd39 <strong data-start=\"286\" data-end=\"299\">Material:<\/strong> PLA e resina ep\u00f3xi (opcional)<br data-start=\"329\" data-end=\"332\" \/>\ud83d\udd39 <strong data-start=\"335\" data-end=\"354\">Reconfigura\u00e7\u00e3o:<\/strong> At\u00e9 <strong data-start=\"359\" data-end=\"375\">10.000 vezes<\/strong><br data-start=\"375\" data-end=\"378\" \/>\ud83d\udd39 <strong data-start=\"381\" data-end=\"396\">Quantidade:<\/strong> 1 unidade (unit\u00e1rio) ou 5 unidades (kit)<\/p>\n<p data-start=\"441\" data-end=\"680\">\ud83d\udca1 <strong data-start=\"444\" data-end=\"477\">Benef\u00edcios da tecnologia NFC:<\/strong><br data-start=\"477\" data-end=\"480\" \/>\u2714 Compartilhe links, redes sociais e contatos com um simples toque \ud83d\udcf1<br data-start=\"549\" data-end=\"552\" \/>\u2714 Automatize a\u00e7\u00f5es no seu smartphone ou dispositivos inteligentes \ud83c\udfe0<br data-start=\"620\" data-end=\"623\" \/>\u2714 Sem necessidade de bateria ou conex\u00e3o com internet \ud83d\ude80<\/p>\n<p data-start=\"682\" data-end=\"781\">\u26a0 <strong data-start=\"684\" data-end=\"696\">Aten\u00e7\u00e3o:<\/strong> A tonalidade da cor pode variar conforme a ilumina\u00e7\u00e3o e a tela do seu dispositivo.<\/p>\n<p data-start=\"783\" data-end=\"942\">\u2728 <strong data-start=\"785\" data-end=\"800\">Acabamento:<\/strong><br data-start=\"800\" data-end=\"803\" \/>A vers\u00e3o com <strong data-start=\"816\" data-end=\"832\">resina ep\u00f3xi<\/strong> oferece maior <strong data-start=\"847\" data-end=\"883\">durabilidade e um toque charmoso<\/strong>, mas o modelo original tamb\u00e9m mant\u00e9m um visual incr\u00edvel!<\/p>\n<p data-start=\"944\" data-end=\"1017\">\ud83c\udfa8 <strong data-start=\"947\" data-end=\"966\">Quer outra cor?<\/strong> Entre em contato para verificar disponibilidade!<\/p>\n<p data-start=\"1019\" data-end=\"1096\" data-is-last-node=\"\" data-is-only-node=\"\">\ud83d\udce9 <strong data-start=\"1022\" data-end=\"1096\" data-is-last-node=\"\">Ideal para profissionais, influenciadores e entusiastas de tecnologia!<\/strong><\/p>\n","protected":false},"excerpt":{"rendered":"<p>Chaveiro com Tecnologia NFC \u2013 Cart\u00e3o de Visita Digital \ud83d\udcf2\u2728 O chaveiro NFC \u00e9 o cart\u00e3o de visita digital queridinho do momento! Com tecnologia de aproxima\u00e7\u00e3o, ele permite compartilhar suas redes sociais, automatizar dispositivos e muito mais, de forma pr\u00e1tica e moderna. \ud83d\udd39 Material: PLA e resina ep\u00f3xi (opcional)\ud83d\udd39 Reconfigura\u00e7\u00e3o: At\u00e9 10.000 vezes\ud83d\udd39 Quantidade: 1 [&hellip;]<\/p>\n","protected":false},"featured_media":216602,"comment_status":"open","ping_status":"closed","template":"","meta":[],"product_brand":[],"product_cat":[15],"product_tag":[4650,5686,5685,820,4649,5687],"class_list":{"0":"post-202748","1":"product","2":"type-product","3":"status-publish","4":"has-post-thumbnail","6":"product_cat-uncategorized","7":"product_tag-cartao-de-visita-digital","8":"product_tag-chaveiro-aproximacao","9":"product_tag-chaveiro-nfc","10":"product_tag-chaveiros","11":"product_tag-nfc","12":"product_tag-principal","14":"first","15":"onbackorder","16":"purchasable","17":"product-type-variable","18":"has-default-attributes"},"yoast_head":"<!-- This site is optimized with the Yoast SEO plugin v25.1 - https:\/\/yoast.com\/wordpress\/plugins\/seo\/ -->\n<title>Chaveiro nfc | Cart\u00e3o de visita digital | Chaveiro de instagram | Chaveiro de aproxima\u00e7\u00e3o - MyStore - By STLFLIX<\/title>\n<meta name=\"robots\" content=\"index, follow, max-snippet:-1, max-image-preview:large, max-video-preview:-1\" \/>\n<link rel=\"canonical\" href=\"https:\/\/my.stlflix.com\/product\/chaveiro-nfc-instagran\/\" \/>\n<meta property=\"og:locale\" content=\"es_ES\" \/>\n<meta property=\"og:type\" content=\"article\" \/>\n<meta property=\"og:title\" content=\"Chaveiro nfc | Cart\u00e3o de visita digital | Chaveiro de instagram | Chaveiro de aproxima\u00e7\u00e3o - MyStore - By STLFLIX\" \/>\n<meta property=\"og:description\" content=\"Chaveiro com Tecnologia NFC \u2013 Cart\u00e3o de Visita Digital \ud83d\udcf2\u2728 O chaveiro NFC \u00e9 o cart\u00e3o de visita digital queridinho do momento! Com tecnologia de aproxima\u00e7\u00e3o, ele permite compartilhar suas redes sociais, automatizar dispositivos e muito mais, de forma pr\u00e1tica e moderna. \ud83d\udd39 Material: PLA e resina ep\u00f3xi (opcional)\ud83d\udd39 Reconfigura\u00e7\u00e3o: At\u00e9 10.000 vezes\ud83d\udd39 Quantidade: 1 [&hellip;]\" \/>\n<meta property=\"og:url\" content=\"https:\/\/my.stlflix.com\/product\/chaveiro-nfc-instagran\/\" \/>\n<meta property=\"og:site_name\" content=\"MyStore - By STLFLIX\" \/>\n<meta property=\"article:publisher\" content=\"https:\/\/www.facebook.com\/STLFLIX\" \/>\n<meta property=\"article:modified_time\" content=\"2025-10-30T20:45:38+00:00\" \/>\n<meta property=\"og:image\" content=\"https:\/\/my.stlflix.com\/wp-content\/uploads\/2025\/01\/TAG-NFC-CHAVEIRO-Photoroom.jpg\" \/>\n\t<meta property=\"og:image:width\" content=\"1200\" \/>\n\t<meta property=\"og:image:height\" content=\"1600\" \/>\n\t<meta property=\"og:image:type\" content=\"image\/jpeg\" \/>\n<meta name=\"twitter:card\" content=\"summary_large_image\" \/>\n<meta name=\"twitter:label1\" content=\"Est. reading time\" \/>\n\t<meta name=\"twitter:data1\" content=\"1 minute\" \/>\n<script type=\"application\/ld+json\" class=\"yoast-schema-graph\">{\"@context\":\"https:\/\/schema.org\",\"@graph\":[{\"@type\":\"WebPage\",\"@id\":\"https:\/\/my.stlflix.com\/product\/chaveiro-nfc-instagran\/\",\"url\":\"https:\/\/my.stlflix.com\/product\/chaveiro-nfc-instagran\/\",\"name\":\"Chaveiro nfc | Cart\u00e3o de visita digital | Chaveiro de instagram | Chaveiro de aproxima\u00e7\u00e3o - MyStore - By STLFLIX\",\"isPartOf\":{\"@id\":\"https:\/\/my.stlflix.com\/#website\"},\"primaryImageOfPage\":{\"@id\":\"https:\/\/my.stlflix.com\/product\/chaveiro-nfc-instagran\/#primaryimage\"},\"image\":{\"@id\":\"https:\/\/my.stlflix.com\/product\/chaveiro-nfc-instagran\/#primaryimage\"},\"thumbnailUrl\":\"https:\/\/my.stlflix.com\/wp-content\/uploads\/2025\/01\/TAG-NFC-CHAVEIRO-Photoroom.jpg\",\"datePublished\":\"2024-12-24T23:22:43+00:00\",\"dateModified\":\"2025-10-30T20:45:38+00:00\",\"breadcrumb\":{\"@id\":\"https:\/\/my.stlflix.com\/product\/chaveiro-nfc-instagran\/#breadcrumb\"},\"inLanguage\":\"es-ES\",\"potentialAction\":[{\"@type\":\"ReadAction\",\"target\":[\"https:\/\/my.stlflix.com\/product\/chaveiro-nfc-instagran\/\"]}]},{\"@type\":\"ImageObject\",\"inLanguage\":\"es-ES\",\"@id\":\"https:\/\/my.stlflix.com\/product\/chaveiro-nfc-instagran\/#primaryimage\",\"url\":\"https:\/\/my.stlflix.com\/wp-content\/uploads\/2025\/01\/TAG-NFC-CHAVEIRO-Photoroom.jpg\",\"contentUrl\":\"https:\/\/my.stlflix.com\/wp-content\/uploads\/2025\/01\/TAG-NFC-CHAVEIRO-Photoroom.jpg\",\"width\":1200,\"height\":1600},{\"@type\":\"BreadcrumbList\",\"@id\":\"https:\/\/my.stlflix.com\/product\/chaveiro-nfc-instagran\/#breadcrumb\",\"itemListElement\":[{\"@type\":\"ListItem\",\"position\":1,\"name\":\"Home\",\"item\":\"https:\/\/www.stlflix-store.com\/\"},{\"@type\":\"ListItem\",\"position\":2,\"name\":\"Products\",\"item\":\"https:\/\/www.stlflix-store.com\/shop\/\"},{\"@type\":\"ListItem\",\"position\":3,\"name\":\"Chaveiro nfc | Cart\u00e3o de visita digital | Chaveiro de instagram | Chaveiro de aproxima\u00e7\u00e3o\"}]},{\"@type\":\"WebSite\",\"@id\":\"https:\/\/my.stlflix.com\/#website\",\"url\":\"https:\/\/my.stlflix.com\/\",\"name\":\"MyStore - By STLFLIX\",\"description\":\"\",\"publisher\":{\"@id\":\"https:\/\/my.stlflix.com\/#organization\"},\"potentialAction\":[{\"@type\":\"SearchAction\",\"target\":{\"@type\":\"EntryPoint\",\"urlTemplate\":\"https:\/\/my.stlflix.com\/?s={search_term_string}\"},\"query-input\":{\"@type\":\"PropertyValueSpecification\",\"valueRequired\":true,\"valueName\":\"search_term_string\"}}],\"inLanguage\":\"es-ES\"},{\"@type\":\"Organization\",\"@id\":\"https:\/\/my.stlflix.com\/#organization\",\"name\":\"MyStore - By STLFLIX\",\"url\":\"https:\/\/my.stlflix.com\/\",\"logo\":{\"@type\":\"ImageObject\",\"inLanguage\":\"es-ES\",\"@id\":\"https:\/\/my.stlflix.com\/#\/schema\/logo\/image\/\",\"url\":\"https:\/\/my.stlflix.com\/wp-content\/uploads\/2024\/06\/logo-mystore.png\",\"contentUrl\":\"https:\/\/my.stlflix.com\/wp-content\/uploads\/2024\/06\/logo-mystore.png\",\"width\":150,\"height\":41,\"caption\":\"MyStore - By STLFLIX\"},\"image\":{\"@id\":\"https:\/\/my.stlflix.com\/#\/schema\/logo\/image\/\"},\"sameAs\":[\"https:\/\/www.facebook.com\/STLFLIX\",\"https:\/\/www.instagram.com\/stlflix_\/\",\"https:\/\/www.tiktok.com\/@stlflix\"]}]}<\/script>\n<!-- \/ Yoast SEO plugin. -->","yoast_head_json":{"title":"Chaveiro nfc | Cart\u00e3o de visita digital | Chaveiro de instagram | Chaveiro de aproxima\u00e7\u00e3o - MyStore - By STLFLIX","robots":{"index":"index","follow":"follow","max-snippet":"max-snippet:-1","max-image-preview":"max-image-preview:large","max-video-preview":"max-video-preview:-1"},"canonical":"https:\/\/my.stlflix.com\/product\/chaveiro-nfc-instagran\/","og_locale":"es_ES","og_type":"article","og_title":"Chaveiro nfc | Cart\u00e3o de visita digital | Chaveiro de instagram | Chaveiro de aproxima\u00e7\u00e3o - MyStore - By STLFLIX","og_description":"Chaveiro com Tecnologia NFC \u2013 Cart\u00e3o de Visita Digital \ud83d\udcf2\u2728 O chaveiro NFC \u00e9 o cart\u00e3o de visita digital queridinho do momento! Com tecnologia de aproxima\u00e7\u00e3o, ele permite compartilhar suas redes sociais, automatizar dispositivos e muito mais, de forma pr\u00e1tica e moderna. \ud83d\udd39 Material: PLA e resina ep\u00f3xi (opcional)\ud83d\udd39 Reconfigura\u00e7\u00e3o: At\u00e9 10.000 vezes\ud83d\udd39 Quantidade: 1 [&hellip;]","og_url":"https:\/\/my.stlflix.com\/product\/chaveiro-nfc-instagran\/","og_site_name":"MyStore - By STLFLIX","article_publisher":"https:\/\/www.facebook.com\/STLFLIX","article_modified_time":"2025-10-30T20:45:38+00:00","og_image":[{"width":1200,"height":1600,"url":"https:\/\/my.stlflix.com\/wp-content\/uploads\/2025\/01\/TAG-NFC-CHAVEIRO-Photoroom.jpg","type":"image\/jpeg"}],"twitter_card":"summary_large_image","twitter_misc":{"Est. reading time":"1 minute"},"schema":{"@context":"https:\/\/schema.org","@graph":[{"@type":"WebPage","@id":"https:\/\/my.stlflix.com\/product\/chaveiro-nfc-instagran\/","url":"https:\/\/my.stlflix.com\/product\/chaveiro-nfc-instagran\/","name":"Chaveiro nfc | Cart\u00e3o de visita digital | Chaveiro de instagram | Chaveiro de aproxima\u00e7\u00e3o - MyStore - By STLFLIX","isPartOf":{"@id":"https:\/\/my.stlflix.com\/#website"},"primaryImageOfPage":{"@id":"https:\/\/my.stlflix.com\/product\/chaveiro-nfc-instagran\/#primaryimage"},"image":{"@id":"https:\/\/my.stlflix.com\/product\/chaveiro-nfc-instagran\/#primaryimage"},"thumbnailUrl":"https:\/\/my.stlflix.com\/wp-content\/uploads\/2025\/01\/TAG-NFC-CHAVEIRO-Photoroom.jpg","datePublished":"2024-12-24T23:22:43+00:00","dateModified":"2025-10-30T20:45:38+00:00","breadcrumb":{"@id":"https:\/\/my.stlflix.com\/product\/chaveiro-nfc-instagran\/#breadcrumb"},"inLanguage":"es-ES","potentialAction":[{"@type":"ReadAction","target":["https:\/\/my.stlflix.com\/product\/chaveiro-nfc-instagran\/"]}]},{"@type":"ImageObject","inLanguage":"es-ES","@id":"https:\/\/my.stlflix.com\/product\/chaveiro-nfc-instagran\/#primaryimage","url":"https:\/\/my.stlflix.com\/wp-content\/uploads\/2025\/01\/TAG-NFC-CHAVEIRO-Photoroom.jpg","contentUrl":"https:\/\/my.stlflix.com\/wp-content\/uploads\/2025\/01\/TAG-NFC-CHAVEIRO-Photoroom.jpg","width":1200,"height":1600},{"@type":"BreadcrumbList","@id":"https:\/\/my.stlflix.com\/product\/chaveiro-nfc-instagran\/#breadcrumb","itemListElement":[{"@type":"ListItem","position":1,"name":"Home","item":"https:\/\/www.stlflix-store.com\/"},{"@type":"ListItem","position":2,"name":"Products","item":"https:\/\/www.stlflix-store.com\/shop\/"},{"@type":"ListItem","position":3,"name":"Chaveiro nfc | Cart\u00e3o de visita digital | Chaveiro de instagram | Chaveiro de aproxima\u00e7\u00e3o"}]},{"@type":"WebSite","@id":"https:\/\/my.stlflix.com\/#website","url":"https:\/\/my.stlflix.com\/","name":"MyStore - By STLFLIX","description":"","publisher":{"@id":"https:\/\/my.stlflix.com\/#organization"},"potentialAction":[{"@type":"SearchAction","target":{"@type":"EntryPoint","urlTemplate":"https:\/\/my.stlflix.com\/?s={search_term_string}"},"query-input":{"@type":"PropertyValueSpecification","valueRequired":true,"valueName":"search_term_string"}}],"inLanguage":"es-ES"},{"@type":"Organization","@id":"https:\/\/my.stlflix.com\/#organization","name":"MyStore - By STLFLIX","url":"https:\/\/my.stlflix.com\/","logo":{"@type":"ImageObject","inLanguage":"es-ES","@id":"https:\/\/my.stlflix.com\/#\/schema\/logo\/image\/","url":"https:\/\/my.stlflix.com\/wp-content\/uploads\/2024\/06\/logo-mystore.png","contentUrl":"https:\/\/my.stlflix.com\/wp-content\/uploads\/2024\/06\/logo-mystore.png","width":150,"height":41,"caption":"MyStore - By STLFLIX"},"image":{"@id":"https:\/\/my.stlflix.com\/#\/schema\/logo\/image\/"},"sameAs":["https:\/\/www.facebook.com\/STLFLIX","https:\/\/www.instagram.com\/stlflix_\/","https:\/\/www.tiktok.com\/@stlflix"]}]}},"_links":{"self":[{"href":"https:\/\/my.stlflix.com\/es\/wp-json\/wp\/v2\/product\/202748","targetHints":{"allow":["GET"]}}],"collection":[{"href":"https:\/\/my.stlflix.com\/es\/wp-json\/wp\/v2\/product"}],"about":[{"href":"https:\/\/my.stlflix.com\/es\/wp-json\/wp\/v2\/types\/product"}],"replies":[{"embeddable":true,"href":"https:\/\/my.stlflix.com\/es\/wp-json\/wp\/v2\/comments?post=202748"}],"wp:featuredmedia":[{"embeddable":true,"href":"https:\/\/my.stlflix.com\/es\/wp-json\/wp\/v2\/media\/216602"}],"wp:attachment":[{"href":"https:\/\/my.stlflix.com\/es\/wp-json\/wp\/v2\/media?parent=202748"}],"wp:term":[{"taxonomy":"product_brand","embeddable":true,"href":"https:\/\/my.stlflix.com\/es\/wp-json\/wp\/v2\/product_brand?post=202748"},{"taxonomy":"product_cat","embeddable":true,"href":"https:\/\/my.stlflix.com\/es\/wp-json\/wp\/v2\/product_cat?post=202748"},{"taxonomy":"product_tag","embeddable":true,"href":"https:\/\/my.stlflix.com\/es\/wp-json\/wp\/v2\/product_tag?post=202748"}],"curies":[{"name":"wp","href":"https:\/\/api.w.org\/{rel}","templated":true}]}}