{"id":204850,"date":"2024-12-27T20:56:25","date_gmt":"2024-12-27T20:56:25","guid":{"rendered":"https:\/\/my.stlflix.com\/?post_type=product&#038;p=204850"},"modified":"2025-07-14T05:25:46","modified_gmt":"2025-07-14T05:25:46","slug":"vaso-espiral","status":"publish","type":"product","link":"https:\/\/my.stlflix.com\/es\/product\/vaso-espiral\/","title":{"rendered":"Vaso espiral"},"content":{"rendered":"<p><strong>Vaso Espiral Dourado e Alum\u00ednio para Decora\u00e7\u00e3o<\/strong><\/p>\n<p>Adicione um toque de eleg\u00e2ncia e modernidade ao seu ambiente com este sofisticado vaso espiral dourado e alum\u00ednio. Com um design inovador e um acabamento premium, ele \u00e9 ideal para complementar qualquer estilo de decora\u00e7\u00e3o, tornando-se um destaque em sua casa ou escrit\u00f3rio.<\/p>\n<p><strong>Medidas:\u00a0<\/strong><\/p>\n<p>Altura: 14 cm<\/p>\n<p>Largura: 6 cm<\/p>\n<p>Comprimento: 6 cm<\/p>\n<p><strong>Material:<\/strong> pl\u00e1stico PLA e tinta acr\u00edlica<\/p>\n<p><strong>Observa\u00e7\u00e3o:<\/strong> As cores podem apresentar varia\u00e7\u00f5es, garantindo a exclusividade de cada pe\u00e7a. O produto n\u00e3o acompanha nenhum tipo de planta.<\/p>\n<p>Transforme seu espa\u00e7o com esta pe\u00e7a decorativa \u00fanica e cheia de charme!<\/p>\n","protected":false},"excerpt":{"rendered":"<p>Vaso Espiral Dourado e Alum\u00ednio para Decora\u00e7\u00e3o Adicione um toque de eleg\u00e2ncia e modernidade ao seu ambiente com este sofisticado vaso espiral dourado e alum\u00ednio. Com um design inovador e um acabamento premium, ele \u00e9 ideal para complementar qualquer estilo de decora\u00e7\u00e3o, tornando-se um destaque em sua casa ou escrit\u00f3rio. Medidas:\u00a0 Altura: 14 cm Largura: [&hellip;]<\/p>\n","protected":false},"featured_media":204851,"comment_status":"open","ping_status":"closed","template":"","meta":[],"product_brand":[],"product_cat":[15],"product_tag":[5648,5647,706],"class_list":{"0":"post-204850","1":"product","2":"type-product","3":"status-publish","4":"has-post-thumbnail","6":"product_cat-uncategorized","7":"product_tag-decorativos","8":"product_tag-utilitarios-2","9":"product_tag-vasos","11":"first","12":"instock","13":"shipping-taxable","14":"purchasable","15":"product-type-simple"},"yoast_head":"<!-- This site is optimized with the Yoast SEO plugin v25.1 - https:\/\/yoast.com\/wordpress\/plugins\/seo\/ -->\n<title>Vaso espiral - MyStore - By STLFLIX<\/title>\n<meta name=\"robots\" content=\"index, follow, max-snippet:-1, max-image-preview:large, max-video-preview:-1\" \/>\n<link rel=\"canonical\" href=\"https:\/\/my.stlflix.com\/pt-br\/product\/vaso-espiral\/\" \/>\n<meta property=\"og:locale\" content=\"es_ES\" \/>\n<meta property=\"og:type\" content=\"article\" \/>\n<meta property=\"og:title\" content=\"Vaso espiral - MyStore - By STLFLIX\" \/>\n<meta property=\"og:description\" content=\"Vaso Espiral Dourado e Alum\u00ednio para Decora\u00e7\u00e3o Adicione um toque de eleg\u00e2ncia e modernidade ao seu ambiente com este sofisticado vaso espiral dourado e alum\u00ednio. Com um design inovador e um acabamento premium, ele \u00e9 ideal para complementar qualquer estilo de decora\u00e7\u00e3o, tornando-se um destaque em sua casa ou escrit\u00f3rio. Medidas:\u00a0 Altura: 14 cm Largura: [&hellip;]\" \/>\n<meta property=\"og:url\" content=\"https:\/\/my.stlflix.com\/pt-br\/product\/vaso-espiral\/\" \/>\n<meta property=\"og:site_name\" content=\"MyStore - By STLFLIX\" \/>\n<meta property=\"article:publisher\" content=\"https:\/\/www.facebook.com\/STLFLIX\" \/>\n<meta property=\"article:modified_time\" content=\"2025-07-14T05:25:46+00:00\" \/>\n<meta property=\"og:image\" content=\"https:\/\/my.stlflix.com\/wp-content\/uploads\/2024\/12\/vaso_espiral.jpg\" \/>\n\t<meta property=\"og:image:width\" content=\"1500\" \/>\n\t<meta property=\"og:image:height\" content=\"1500\" \/>\n\t<meta property=\"og:image:type\" content=\"image\/jpeg\" \/>\n<meta name=\"twitter:card\" content=\"summary_large_image\" \/>\n<meta name=\"twitter:label1\" content=\"Est. reading time\" \/>\n\t<meta name=\"twitter:data1\" content=\"1 minute\" \/>\n<script type=\"application\/ld+json\" class=\"yoast-schema-graph\">{\"@context\":\"https:\/\/schema.org\",\"@graph\":[{\"@type\":\"WebPage\",\"@id\":\"https:\/\/my.stlflix.com\/pt-br\/product\/vaso-espiral\/\",\"url\":\"https:\/\/my.stlflix.com\/pt-br\/product\/vaso-espiral\/\",\"name\":\"Vaso espiral - MyStore - By STLFLIX\",\"isPartOf\":{\"@id\":\"https:\/\/my.stlflix.com\/#website\"},\"primaryImageOfPage\":{\"@id\":\"https:\/\/my.stlflix.com\/pt-br\/product\/vaso-espiral\/#primaryimage\"},\"image\":{\"@id\":\"https:\/\/my.stlflix.com\/pt-br\/product\/vaso-espiral\/#primaryimage\"},\"thumbnailUrl\":\"https:\/\/my.stlflix.com\/wp-content\/uploads\/2024\/12\/vaso_espiral.jpg\",\"datePublished\":\"2024-12-27T20:56:25+00:00\",\"dateModified\":\"2025-07-14T05:25:46+00:00\",\"breadcrumb\":{\"@id\":\"https:\/\/my.stlflix.com\/pt-br\/product\/vaso-espiral\/#breadcrumb\"},\"inLanguage\":\"es-ES\",\"potentialAction\":[{\"@type\":\"ReadAction\",\"target\":[\"https:\/\/my.stlflix.com\/pt-br\/product\/vaso-espiral\/\"]}]},{\"@type\":\"ImageObject\",\"inLanguage\":\"es-ES\",\"@id\":\"https:\/\/my.stlflix.com\/pt-br\/product\/vaso-espiral\/#primaryimage\",\"url\":\"https:\/\/my.stlflix.com\/wp-content\/uploads\/2024\/12\/vaso_espiral.jpg\",\"contentUrl\":\"https:\/\/my.stlflix.com\/wp-content\/uploads\/2024\/12\/vaso_espiral.jpg\",\"width\":1500,\"height\":1500},{\"@type\":\"BreadcrumbList\",\"@id\":\"https:\/\/my.stlflix.com\/pt-br\/product\/vaso-espiral\/#breadcrumb\",\"itemListElement\":[{\"@type\":\"ListItem\",\"position\":1,\"name\":\"Home\",\"item\":\"https:\/\/www.stlflix-store.com\/\"},{\"@type\":\"ListItem\",\"position\":2,\"name\":\"Products\",\"item\":\"https:\/\/www.stlflix-store.com\/shop\/\"},{\"@type\":\"ListItem\",\"position\":3,\"name\":\"Vaso espiral\"}]},{\"@type\":\"WebSite\",\"@id\":\"https:\/\/my.stlflix.com\/#website\",\"url\":\"https:\/\/my.stlflix.com\/\",\"name\":\"MyStore - By STLFLIX\",\"description\":\"\",\"publisher\":{\"@id\":\"https:\/\/my.stlflix.com\/#organization\"},\"potentialAction\":[{\"@type\":\"SearchAction\",\"target\":{\"@type\":\"EntryPoint\",\"urlTemplate\":\"https:\/\/my.stlflix.com\/?s={search_term_string}\"},\"query-input\":{\"@type\":\"PropertyValueSpecification\",\"valueRequired\":true,\"valueName\":\"search_term_string\"}}],\"inLanguage\":\"es-ES\"},{\"@type\":\"Organization\",\"@id\":\"https:\/\/my.stlflix.com\/#organization\",\"name\":\"MyStore - By STLFLIX\",\"url\":\"https:\/\/my.stlflix.com\/\",\"logo\":{\"@type\":\"ImageObject\",\"inLanguage\":\"es-ES\",\"@id\":\"https:\/\/my.stlflix.com\/#\/schema\/logo\/image\/\",\"url\":\"https:\/\/my.stlflix.com\/wp-content\/uploads\/2024\/06\/logo-mystore.png\",\"contentUrl\":\"https:\/\/my.stlflix.com\/wp-content\/uploads\/2024\/06\/logo-mystore.png\",\"width\":150,\"height\":41,\"caption\":\"MyStore - By STLFLIX\"},\"image\":{\"@id\":\"https:\/\/my.stlflix.com\/#\/schema\/logo\/image\/\"},\"sameAs\":[\"https:\/\/www.facebook.com\/STLFLIX\",\"https:\/\/www.instagram.com\/stlflix_\/\",\"https:\/\/www.tiktok.com\/@stlflix\"]}]}<\/script>\n<!-- \/ Yoast SEO plugin. -->","yoast_head_json":{"title":"Vaso espiral - MyStore - By STLFLIX","robots":{"index":"index","follow":"follow","max-snippet":"max-snippet:-1","max-image-preview":"max-image-preview:large","max-video-preview":"max-video-preview:-1"},"canonical":"https:\/\/my.stlflix.com\/pt-br\/product\/vaso-espiral\/","og_locale":"es_ES","og_type":"article","og_title":"Vaso espiral - MyStore - By STLFLIX","og_description":"Vaso Espiral Dourado e Alum\u00ednio para Decora\u00e7\u00e3o Adicione um toque de eleg\u00e2ncia e modernidade ao seu ambiente com este sofisticado vaso espiral dourado e alum\u00ednio. Com um design inovador e um acabamento premium, ele \u00e9 ideal para complementar qualquer estilo de decora\u00e7\u00e3o, tornando-se um destaque em sua casa ou escrit\u00f3rio. Medidas:\u00a0 Altura: 14 cm Largura: [&hellip;]","og_url":"https:\/\/my.stlflix.com\/pt-br\/product\/vaso-espiral\/","og_site_name":"MyStore - By STLFLIX","article_publisher":"https:\/\/www.facebook.com\/STLFLIX","article_modified_time":"2025-07-14T05:25:46+00:00","og_image":[{"width":1500,"height":1500,"url":"https:\/\/my.stlflix.com\/wp-content\/uploads\/2024\/12\/vaso_espiral.jpg","type":"image\/jpeg"}],"twitter_card":"summary_large_image","twitter_misc":{"Est. reading time":"1 minute"},"schema":{"@context":"https:\/\/schema.org","@graph":[{"@type":"WebPage","@id":"https:\/\/my.stlflix.com\/pt-br\/product\/vaso-espiral\/","url":"https:\/\/my.stlflix.com\/pt-br\/product\/vaso-espiral\/","name":"Vaso espiral - MyStore - By STLFLIX","isPartOf":{"@id":"https:\/\/my.stlflix.com\/#website"},"primaryImageOfPage":{"@id":"https:\/\/my.stlflix.com\/pt-br\/product\/vaso-espiral\/#primaryimage"},"image":{"@id":"https:\/\/my.stlflix.com\/pt-br\/product\/vaso-espiral\/#primaryimage"},"thumbnailUrl":"https:\/\/my.stlflix.com\/wp-content\/uploads\/2024\/12\/vaso_espiral.jpg","datePublished":"2024-12-27T20:56:25+00:00","dateModified":"2025-07-14T05:25:46+00:00","breadcrumb":{"@id":"https:\/\/my.stlflix.com\/pt-br\/product\/vaso-espiral\/#breadcrumb"},"inLanguage":"es-ES","potentialAction":[{"@type":"ReadAction","target":["https:\/\/my.stlflix.com\/pt-br\/product\/vaso-espiral\/"]}]},{"@type":"ImageObject","inLanguage":"es-ES","@id":"https:\/\/my.stlflix.com\/pt-br\/product\/vaso-espiral\/#primaryimage","url":"https:\/\/my.stlflix.com\/wp-content\/uploads\/2024\/12\/vaso_espiral.jpg","contentUrl":"https:\/\/my.stlflix.com\/wp-content\/uploads\/2024\/12\/vaso_espiral.jpg","width":1500,"height":1500},{"@type":"BreadcrumbList","@id":"https:\/\/my.stlflix.com\/pt-br\/product\/vaso-espiral\/#breadcrumb","itemListElement":[{"@type":"ListItem","position":1,"name":"Home","item":"https:\/\/www.stlflix-store.com\/"},{"@type":"ListItem","position":2,"name":"Products","item":"https:\/\/www.stlflix-store.com\/shop\/"},{"@type":"ListItem","position":3,"name":"Vaso espiral"}]},{"@type":"WebSite","@id":"https:\/\/my.stlflix.com\/#website","url":"https:\/\/my.stlflix.com\/","name":"MyStore - By STLFLIX","description":"","publisher":{"@id":"https:\/\/my.stlflix.com\/#organization"},"potentialAction":[{"@type":"SearchAction","target":{"@type":"EntryPoint","urlTemplate":"https:\/\/my.stlflix.com\/?s={search_term_string}"},"query-input":{"@type":"PropertyValueSpecification","valueRequired":true,"valueName":"search_term_string"}}],"inLanguage":"es-ES"},{"@type":"Organization","@id":"https:\/\/my.stlflix.com\/#organization","name":"MyStore - By STLFLIX","url":"https:\/\/my.stlflix.com\/","logo":{"@type":"ImageObject","inLanguage":"es-ES","@id":"https:\/\/my.stlflix.com\/#\/schema\/logo\/image\/","url":"https:\/\/my.stlflix.com\/wp-content\/uploads\/2024\/06\/logo-mystore.png","contentUrl":"https:\/\/my.stlflix.com\/wp-content\/uploads\/2024\/06\/logo-mystore.png","width":150,"height":41,"caption":"MyStore - By STLFLIX"},"image":{"@id":"https:\/\/my.stlflix.com\/#\/schema\/logo\/image\/"},"sameAs":["https:\/\/www.facebook.com\/STLFLIX","https:\/\/www.instagram.com\/stlflix_\/","https:\/\/www.tiktok.com\/@stlflix"]}]}},"_links":{"self":[{"href":"https:\/\/my.stlflix.com\/es\/wp-json\/wp\/v2\/product\/204850","targetHints":{"allow":["GET"]}}],"collection":[{"href":"https:\/\/my.stlflix.com\/es\/wp-json\/wp\/v2\/product"}],"about":[{"href":"https:\/\/my.stlflix.com\/es\/wp-json\/wp\/v2\/types\/product"}],"replies":[{"embeddable":true,"href":"https:\/\/my.stlflix.com\/es\/wp-json\/wp\/v2\/comments?post=204850"}],"wp:featuredmedia":[{"embeddable":true,"href":"https:\/\/my.stlflix.com\/es\/wp-json\/wp\/v2\/media\/204851"}],"wp:attachment":[{"href":"https:\/\/my.stlflix.com\/es\/wp-json\/wp\/v2\/media?parent=204850"}],"wp:term":[{"taxonomy":"product_brand","embeddable":true,"href":"https:\/\/my.stlflix.com\/es\/wp-json\/wp\/v2\/product_brand?post=204850"},{"taxonomy":"product_cat","embeddable":true,"href":"https:\/\/my.stlflix.com\/es\/wp-json\/wp\/v2\/product_cat?post=204850"},{"taxonomy":"product_tag","embeddable":true,"href":"https:\/\/my.stlflix.com\/es\/wp-json\/wp\/v2\/product_tag?post=204850"}],"curies":[{"name":"wp","href":"https:\/\/api.w.org\/{rel}","templated":true}]}}