{"id":220232,"date":"2025-01-09T13:11:01","date_gmt":"2025-01-09T13:11:01","guid":{"rendered":"https:\/\/my.stlflix.com\/?post_type=product&#038;p=220232"},"modified":"2025-01-09T19:10:23","modified_gmt":"2025-01-09T19:10:23","slug":"soccer-shoes-controller-holder-677e9964d4667","status":"publish","type":"product","link":"https:\/\/my.stlflix.com\/es\/product\/soccer-shoes-controller-holder-677e9964d4667\/","title":{"rendered":"Suporte para 2 Controles &#8220;Chuteira retr\u00f4 de Futebol&#8221; \u26bd\ud83c\udfae\ud83c\udfae"},"content":{"rendered":"<p>\u26bd\ud83c\udfae\ud83c\udfae O suporte perfeito para organizar seus controles e trazer um toque de futebol ao seu setup gamer! \ud83c\udfdf\ufe0f<\/p>\n<p>\ud83d\udee0\ufe0f <strong>Feito por encomenda:<\/strong> Cada pe\u00e7a \u00e9 produzida com cuidado e aten\u00e7\u00e3o aos detalhes.<br \/>\n\ud83c\udfa8 <strong>Consulte as cores dispon\u00edveis:<\/strong> Personalize do seu jeito! Fale conosco para conferir as op\u00e7\u00f5es.<\/p>\n<p>\ud83d\udc49 <strong>Pe\u00e7a j\u00e1 o seu e mostre sua paix\u00e3o pelo futebol e pelos games!<\/strong><\/p>\n","protected":false},"excerpt":{"rendered":"<p>\u26bd\ud83c\udfae\ud83c\udfae O suporte perfeito para organizar seus controles e trazer um toque de futebol ao seu setup gamer! \ud83c\udfdf\ufe0f \ud83d\udee0\ufe0f Feito por encomenda: Cada pe\u00e7a \u00e9 produzida com cuidado e aten\u00e7\u00e3o aos detalhes. \ud83c\udfa8 Consulte as cores dispon\u00edveis: Personalize do seu jeito! Fale conosco para conferir as op\u00e7\u00f5es. \ud83d\udc49 Pe\u00e7a j\u00e1 o seu e mostre [&hellip;]<\/p>\n","protected":false},"featured_media":220882,"comment_status":"open","ping_status":"closed","template":"","meta":[],"product_brand":[],"product_cat":[578],"product_tag":[506],"class_list":{"0":"post-220232","1":"product","2":"type-product","3":"status-publish","4":"has-post-thumbnail","6":"product_cat-useful","7":"product_tag-suporte-de-controle","9":"first","10":"instock","11":"taxable","12":"shipping-taxable","13":"purchasable","14":"product-type-simple"},"yoast_head":"<!-- This site is optimized with the Yoast SEO plugin v25.1 - https:\/\/yoast.com\/wordpress\/plugins\/seo\/ -->\n<title>Suporte para 2 Controles &quot;Chuteira retr\u00f4 de Futebol&quot; \u26bd\ud83c\udfae\ud83c\udfae - Mar\u00e93D<\/title>\n<meta name=\"description\" content=\"\u26bd\ud83c\udfae\ud83c\udfae O suporte perfeito para organizar seus controles e trazer um toque de futebol ao seu setup gamer! \ud83c\udfdf\ufe0f \ud83d\udee0\ufe0f Feito por encomenda: Cada pe\u00e7a \u00e9 produzida com cuidado e aten\u00e7\u00e3o aos detalhes.\" \/>\n<meta name=\"robots\" content=\"index, follow, max-snippet:-1, max-image-preview:large, max-video-preview:-1\" \/>\n<link rel=\"canonical\" href=\"https:\/\/my.stlflix.com\/es\/product\/soccer-shoes-controller-holder-677e9964d4667\/\" \/>\n<meta property=\"og:locale\" content=\"es_ES\" \/>\n<meta property=\"og:type\" content=\"article\" \/>\n<meta property=\"og:title\" content=\"Suporte para 2 Controles &quot;Chuteira retr\u00f4 de Futebol&quot; \u26bd\ud83c\udfae\ud83c\udfae - Mar\u00e93D\" \/>\n<meta property=\"og:description\" content=\"\u26bd\ud83c\udfae\ud83c\udfae O suporte perfeito para organizar seus controles e trazer um toque de futebol ao seu setup gamer! \ud83c\udfdf\ufe0f \ud83d\udee0\ufe0f Feito por encomenda: Cada pe\u00e7a \u00e9 produzida com cuidado e aten\u00e7\u00e3o aos detalhes.\" \/>\n<meta property=\"og:url\" content=\"https:\/\/my.stlflix.com\/es\/product\/soccer-shoes-controller-holder-677e9964d4667\/\" \/>\n<meta property=\"og:site_name\" content=\"MyStore - By STLFLIX\" \/>\n<meta property=\"article:publisher\" content=\"https:\/\/www.facebook.com\/STLFLIX\" \/>\n<meta property=\"article:modified_time\" content=\"2025-01-09T19:10:23+00:00\" \/>\n<meta property=\"og:image\" content=\"https:\/\/my.stlflix.com\/wp-content\/uploads\/2025\/01\/20241214_180952-scaled.jpg\" \/>\n\t<meta property=\"og:image:width\" content=\"1442\" \/>\n\t<meta property=\"og:image:height\" content=\"2560\" \/>\n\t<meta property=\"og:image:type\" content=\"image\/jpeg\" \/>\n<meta name=\"twitter:card\" content=\"summary_large_image\" \/>\n<script type=\"application\/ld+json\" class=\"yoast-schema-graph\">{\"@context\":\"https:\/\/schema.org\",\"@graph\":[{\"@type\":\"WebPage\",\"@id\":\"https:\/\/my.stlflix.com\/es\/product\/soccer-shoes-controller-holder-677e9964d4667\/\",\"url\":\"https:\/\/my.stlflix.com\/es\/product\/soccer-shoes-controller-holder-677e9964d4667\/\",\"name\":\"Suporte para 2 Controles \\\"Chuteira retr\u00f4 de Futebol\\\" \u26bd\ud83c\udfae\ud83c\udfae - Mar\u00e93D\",\"isPartOf\":{\"@id\":\"https:\/\/my.stlflix.com\/#website\"},\"primaryImageOfPage\":{\"@id\":\"https:\/\/my.stlflix.com\/es\/product\/soccer-shoes-controller-holder-677e9964d4667\/#primaryimage\"},\"image\":{\"@id\":\"https:\/\/my.stlflix.com\/es\/product\/soccer-shoes-controller-holder-677e9964d4667\/#primaryimage\"},\"thumbnailUrl\":\"https:\/\/my.stlflix.com\/wp-content\/uploads\/2025\/01\/20241214_180952-scaled.jpg\",\"datePublished\":\"2025-01-09T13:11:01+00:00\",\"dateModified\":\"2025-01-09T19:10:23+00:00\",\"description\":\"\u26bd\ud83c\udfae\ud83c\udfae O suporte perfeito para organizar seus controles e trazer um toque de futebol ao seu setup gamer! \ud83c\udfdf\ufe0f \ud83d\udee0\ufe0f Feito por encomenda: Cada pe\u00e7a \u00e9 produzida com cuidado e aten\u00e7\u00e3o aos detalhes.\",\"breadcrumb\":{\"@id\":\"https:\/\/my.stlflix.com\/es\/product\/soccer-shoes-controller-holder-677e9964d4667\/#breadcrumb\"},\"inLanguage\":\"es-ES\",\"potentialAction\":[{\"@type\":\"ReadAction\",\"target\":[\"https:\/\/my.stlflix.com\/es\/product\/soccer-shoes-controller-holder-677e9964d4667\/\"]}]},{\"@type\":\"ImageObject\",\"inLanguage\":\"es-ES\",\"@id\":\"https:\/\/my.stlflix.com\/es\/product\/soccer-shoes-controller-holder-677e9964d4667\/#primaryimage\",\"url\":\"https:\/\/my.stlflix.com\/wp-content\/uploads\/2025\/01\/20241214_180952-scaled.jpg\",\"contentUrl\":\"https:\/\/my.stlflix.com\/wp-content\/uploads\/2025\/01\/20241214_180952-scaled.jpg\",\"width\":1442,\"height\":2560},{\"@type\":\"BreadcrumbList\",\"@id\":\"https:\/\/my.stlflix.com\/es\/product\/soccer-shoes-controller-holder-677e9964d4667\/#breadcrumb\",\"itemListElement\":[{\"@type\":\"ListItem\",\"position\":1,\"name\":\"Home\",\"item\":\"https:\/\/www.stlflix-store.com\/\"},{\"@type\":\"ListItem\",\"position\":2,\"name\":\"Products\",\"item\":\"https:\/\/www.stlflix-store.com\/shop\/\"},{\"@type\":\"ListItem\",\"position\":3,\"name\":\"Suporte para 2 Controles &#8220;Chuteira retr\u00f4 de Futebol&#8221; \u26bd\ud83c\udfae\ud83c\udfae\"}]},{\"@type\":\"WebSite\",\"@id\":\"https:\/\/my.stlflix.com\/#website\",\"url\":\"https:\/\/my.stlflix.com\/\",\"name\":\"MyStore - By STLFLIX\",\"description\":\"\",\"publisher\":{\"@id\":\"https:\/\/my.stlflix.com\/#organization\"},\"potentialAction\":[{\"@type\":\"SearchAction\",\"target\":{\"@type\":\"EntryPoint\",\"urlTemplate\":\"https:\/\/my.stlflix.com\/?s={search_term_string}\"},\"query-input\":{\"@type\":\"PropertyValueSpecification\",\"valueRequired\":true,\"valueName\":\"search_term_string\"}}],\"inLanguage\":\"es-ES\"},{\"@type\":\"Organization\",\"@id\":\"https:\/\/my.stlflix.com\/#organization\",\"name\":\"MyStore - By STLFLIX\",\"url\":\"https:\/\/my.stlflix.com\/\",\"logo\":{\"@type\":\"ImageObject\",\"inLanguage\":\"es-ES\",\"@id\":\"https:\/\/my.stlflix.com\/#\/schema\/logo\/image\/\",\"url\":\"https:\/\/my.stlflix.com\/wp-content\/uploads\/2024\/06\/logo-mystore.png\",\"contentUrl\":\"https:\/\/my.stlflix.com\/wp-content\/uploads\/2024\/06\/logo-mystore.png\",\"width\":150,\"height\":41,\"caption\":\"MyStore - By STLFLIX\"},\"image\":{\"@id\":\"https:\/\/my.stlflix.com\/#\/schema\/logo\/image\/\"},\"sameAs\":[\"https:\/\/www.facebook.com\/STLFLIX\",\"https:\/\/www.instagram.com\/stlflix_\/\",\"https:\/\/www.tiktok.com\/@stlflix\"]}]}<\/script>\n<!-- \/ Yoast SEO plugin. -->","yoast_head_json":{"title":"Suporte para 2 Controles \"Chuteira retr\u00f4 de Futebol\" \u26bd\ud83c\udfae\ud83c\udfae - Mar\u00e93D","description":"\u26bd\ud83c\udfae\ud83c\udfae O suporte perfeito para organizar seus controles e trazer um toque de futebol ao seu setup gamer! \ud83c\udfdf\ufe0f \ud83d\udee0\ufe0f Feito por encomenda: Cada pe\u00e7a \u00e9 produzida com cuidado e aten\u00e7\u00e3o aos detalhes.","robots":{"index":"index","follow":"follow","max-snippet":"max-snippet:-1","max-image-preview":"max-image-preview:large","max-video-preview":"max-video-preview:-1"},"canonical":"https:\/\/my.stlflix.com\/es\/product\/soccer-shoes-controller-holder-677e9964d4667\/","og_locale":"es_ES","og_type":"article","og_title":"Suporte para 2 Controles \"Chuteira retr\u00f4 de Futebol\" \u26bd\ud83c\udfae\ud83c\udfae - Mar\u00e93D","og_description":"\u26bd\ud83c\udfae\ud83c\udfae O suporte perfeito para organizar seus controles e trazer um toque de futebol ao seu setup gamer! \ud83c\udfdf\ufe0f \ud83d\udee0\ufe0f Feito por encomenda: Cada pe\u00e7a \u00e9 produzida com cuidado e aten\u00e7\u00e3o aos detalhes.","og_url":"https:\/\/my.stlflix.com\/es\/product\/soccer-shoes-controller-holder-677e9964d4667\/","og_site_name":"MyStore - By STLFLIX","article_publisher":"https:\/\/www.facebook.com\/STLFLIX","article_modified_time":"2025-01-09T19:10:23+00:00","og_image":[{"width":1442,"height":2560,"url":"https:\/\/my.stlflix.com\/wp-content\/uploads\/2025\/01\/20241214_180952-scaled.jpg","type":"image\/jpeg"}],"twitter_card":"summary_large_image","schema":{"@context":"https:\/\/schema.org","@graph":[{"@type":"WebPage","@id":"https:\/\/my.stlflix.com\/es\/product\/soccer-shoes-controller-holder-677e9964d4667\/","url":"https:\/\/my.stlflix.com\/es\/product\/soccer-shoes-controller-holder-677e9964d4667\/","name":"Suporte para 2 Controles \"Chuteira retr\u00f4 de Futebol\" \u26bd\ud83c\udfae\ud83c\udfae - Mar\u00e93D","isPartOf":{"@id":"https:\/\/my.stlflix.com\/#website"},"primaryImageOfPage":{"@id":"https:\/\/my.stlflix.com\/es\/product\/soccer-shoes-controller-holder-677e9964d4667\/#primaryimage"},"image":{"@id":"https:\/\/my.stlflix.com\/es\/product\/soccer-shoes-controller-holder-677e9964d4667\/#primaryimage"},"thumbnailUrl":"https:\/\/my.stlflix.com\/wp-content\/uploads\/2025\/01\/20241214_180952-scaled.jpg","datePublished":"2025-01-09T13:11:01+00:00","dateModified":"2025-01-09T19:10:23+00:00","description":"\u26bd\ud83c\udfae\ud83c\udfae O suporte perfeito para organizar seus controles e trazer um toque de futebol ao seu setup gamer! \ud83c\udfdf\ufe0f \ud83d\udee0\ufe0f Feito por encomenda: Cada pe\u00e7a \u00e9 produzida com cuidado e aten\u00e7\u00e3o aos detalhes.","breadcrumb":{"@id":"https:\/\/my.stlflix.com\/es\/product\/soccer-shoes-controller-holder-677e9964d4667\/#breadcrumb"},"inLanguage":"es-ES","potentialAction":[{"@type":"ReadAction","target":["https:\/\/my.stlflix.com\/es\/product\/soccer-shoes-controller-holder-677e9964d4667\/"]}]},{"@type":"ImageObject","inLanguage":"es-ES","@id":"https:\/\/my.stlflix.com\/es\/product\/soccer-shoes-controller-holder-677e9964d4667\/#primaryimage","url":"https:\/\/my.stlflix.com\/wp-content\/uploads\/2025\/01\/20241214_180952-scaled.jpg","contentUrl":"https:\/\/my.stlflix.com\/wp-content\/uploads\/2025\/01\/20241214_180952-scaled.jpg","width":1442,"height":2560},{"@type":"BreadcrumbList","@id":"https:\/\/my.stlflix.com\/es\/product\/soccer-shoes-controller-holder-677e9964d4667\/#breadcrumb","itemListElement":[{"@type":"ListItem","position":1,"name":"Home","item":"https:\/\/www.stlflix-store.com\/"},{"@type":"ListItem","position":2,"name":"Products","item":"https:\/\/www.stlflix-store.com\/shop\/"},{"@type":"ListItem","position":3,"name":"Suporte para 2 Controles &#8220;Chuteira retr\u00f4 de Futebol&#8221; \u26bd\ud83c\udfae\ud83c\udfae"}]},{"@type":"WebSite","@id":"https:\/\/my.stlflix.com\/#website","url":"https:\/\/my.stlflix.com\/","name":"MyStore - By STLFLIX","description":"","publisher":{"@id":"https:\/\/my.stlflix.com\/#organization"},"potentialAction":[{"@type":"SearchAction","target":{"@type":"EntryPoint","urlTemplate":"https:\/\/my.stlflix.com\/?s={search_term_string}"},"query-input":{"@type":"PropertyValueSpecification","valueRequired":true,"valueName":"search_term_string"}}],"inLanguage":"es-ES"},{"@type":"Organization","@id":"https:\/\/my.stlflix.com\/#organization","name":"MyStore - By STLFLIX","url":"https:\/\/my.stlflix.com\/","logo":{"@type":"ImageObject","inLanguage":"es-ES","@id":"https:\/\/my.stlflix.com\/#\/schema\/logo\/image\/","url":"https:\/\/my.stlflix.com\/wp-content\/uploads\/2024\/06\/logo-mystore.png","contentUrl":"https:\/\/my.stlflix.com\/wp-content\/uploads\/2024\/06\/logo-mystore.png","width":150,"height":41,"caption":"MyStore - By STLFLIX"},"image":{"@id":"https:\/\/my.stlflix.com\/#\/schema\/logo\/image\/"},"sameAs":["https:\/\/www.facebook.com\/STLFLIX","https:\/\/www.instagram.com\/stlflix_\/","https:\/\/www.tiktok.com\/@stlflix"]}]}},"_links":{"self":[{"href":"https:\/\/my.stlflix.com\/es\/wp-json\/wp\/v2\/product\/220232","targetHints":{"allow":["GET"]}}],"collection":[{"href":"https:\/\/my.stlflix.com\/es\/wp-json\/wp\/v2\/product"}],"about":[{"href":"https:\/\/my.stlflix.com\/es\/wp-json\/wp\/v2\/types\/product"}],"replies":[{"embeddable":true,"href":"https:\/\/my.stlflix.com\/es\/wp-json\/wp\/v2\/comments?post=220232"}],"wp:featuredmedia":[{"embeddable":true,"href":"https:\/\/my.stlflix.com\/es\/wp-json\/wp\/v2\/media\/220882"}],"wp:attachment":[{"href":"https:\/\/my.stlflix.com\/es\/wp-json\/wp\/v2\/media?parent=220232"}],"wp:term":[{"taxonomy":"product_brand","embeddable":true,"href":"https:\/\/my.stlflix.com\/es\/wp-json\/wp\/v2\/product_brand?post=220232"},{"taxonomy":"product_cat","embeddable":true,"href":"https:\/\/my.stlflix.com\/es\/wp-json\/wp\/v2\/product_cat?post=220232"},{"taxonomy":"product_tag","embeddable":true,"href":"https:\/\/my.stlflix.com\/es\/wp-json\/wp\/v2\/product_tag?post=220232"}],"curies":[{"name":"wp","href":"https:\/\/api.w.org\/{rel}","templated":true}]}}