{"id":224343,"date":"2025-01-14T10:05:03","date_gmt":"2025-01-14T10:05:03","guid":{"rendered":"https:\/\/my.stlflix.com\/?post_type=product&#038;p=224343"},"modified":"2025-05-09T18:18:48","modified_gmt":"2025-05-09T18:18:48","slug":"potion-de-vie","status":"publish","type":"product","link":"https:\/\/my.stlflix.com\/es\/product\/potion-de-vie\/","title":{"rendered":"Potion de vie"},"content":{"rendered":"<p>Apportez une touche de magie \u00e0 votre bureau, votre chambre ou vos sessions de jeu de r\u00f4le (JDR) et de grandeur nature (GN) avec cette potion d\u00e9corative. Ce mod\u00e8le phosphorescent arc en ciel est un d\u00e9grad\u00e9 de rose, violet, bleu, vert, est parfait pour cr\u00e9er une ambiance mystique et immersive. Id\u00e9ale pour les amateurs de fantaisie et les passionn\u00e9s d&#8217;univers imaginaires !<\/p>\n<p><span style=\"vertical-align: inherit\">Cet objet est imprim\u00e9 en 3D avec du PLA (acide polylactique), un mat\u00e9riau biod\u00e9gradable, durable et respectueux de l&#8217;environnement. Le PLA est compos\u00e9 d&#8217;amidon de ma\u00efs, de canne \u00e0 sucre ou d&#8217;autres ressources renouvelables, et ne contient pas de p\u00e9trole : l\u00e9ger, r\u00e9sistant et non toxique c&#8217;est une alternative \u00e9cologique aux plastiques traditionnels.<\/span><\/p>\n","protected":false},"excerpt":{"rendered":"<p>Apportez une touche de magie \u00e0 votre bureau, votre chambre ou vos sessions de jeu de r\u00f4le (JDR) et de grandeur nature (GN) avec cette potion d\u00e9corative. Ce mod\u00e8le phosphorescent arc en ciel est un d\u00e9grad\u00e9 de rose, violet, bleu, vert, est parfait pour cr\u00e9er une ambiance mystique et immersive. Id\u00e9ale pour les amateurs de [&hellip;]<\/p>\n","protected":false},"featured_media":224411,"comment_status":"open","ping_status":"closed","template":"","meta":[],"product_brand":[],"product_cat":[15],"product_tag":[2234,4831],"class_list":{"0":"post-224343","1":"product","2":"type-product","3":"status-publish","4":"has-post-thumbnail","6":"product_cat-uncategorized","7":"product_tag-figurine","8":"product_tag-replique","10":"first","11":"instock","12":"shipping-taxable","13":"purchasable","14":"product-type-simple"},"yoast_head":"<!-- This site is optimized with the Yoast SEO plugin v25.1 - https:\/\/yoast.com\/wordpress\/plugins\/seo\/ -->\n<title>Potion de vie - MyStore - By STLFLIX<\/title>\n<meta name=\"robots\" content=\"index, follow, max-snippet:-1, max-image-preview:large, max-video-preview:-1\" \/>\n<link rel=\"canonical\" href=\"https:\/\/my.stlflix.com\/tr\/product\/potion-de-vie\/\" \/>\n<meta property=\"og:locale\" content=\"es_ES\" \/>\n<meta property=\"og:type\" content=\"article\" \/>\n<meta property=\"og:title\" content=\"Potion de vie - MyStore - By STLFLIX\" \/>\n<meta property=\"og:description\" content=\"Apportez une touche de magie \u00e0 votre bureau, votre chambre ou vos sessions de jeu de r\u00f4le (JDR) et de grandeur nature (GN) avec cette potion d\u00e9corative. Ce mod\u00e8le phosphorescent arc en ciel est un d\u00e9grad\u00e9 de rose, violet, bleu, vert, est parfait pour cr\u00e9er une ambiance mystique et immersive. Id\u00e9ale pour les amateurs de [&hellip;]\" \/>\n<meta property=\"og:url\" content=\"https:\/\/my.stlflix.com\/tr\/product\/potion-de-vie\/\" \/>\n<meta property=\"og:site_name\" content=\"MyStore - By STLFLIX\" \/>\n<meta property=\"article:publisher\" content=\"https:\/\/www.facebook.com\/STLFLIX\" \/>\n<meta property=\"article:modified_time\" content=\"2025-05-09T18:18:48+00:00\" \/>\n<meta property=\"og:image\" content=\"https:\/\/my.stlflix.com\/wp-content\/uploads\/2025\/01\/473004307_1262847298127364_5385881622313093571_n.jpg\" \/>\n\t<meta property=\"og:image:width\" content=\"942\" \/>\n\t<meta property=\"og:image:height\" content=\"1178\" \/>\n\t<meta property=\"og:image:type\" content=\"image\/jpeg\" \/>\n<meta name=\"twitter:card\" content=\"summary_large_image\" \/>\n<meta name=\"twitter:label1\" content=\"Est. reading time\" \/>\n\t<meta name=\"twitter:data1\" content=\"1 minute\" \/>\n<script type=\"application\/ld+json\" class=\"yoast-schema-graph\">{\"@context\":\"https:\/\/schema.org\",\"@graph\":[{\"@type\":\"WebPage\",\"@id\":\"https:\/\/my.stlflix.com\/tr\/product\/potion-de-vie\/\",\"url\":\"https:\/\/my.stlflix.com\/tr\/product\/potion-de-vie\/\",\"name\":\"Potion de vie - MyStore - By STLFLIX\",\"isPartOf\":{\"@id\":\"https:\/\/my.stlflix.com\/#website\"},\"primaryImageOfPage\":{\"@id\":\"https:\/\/my.stlflix.com\/tr\/product\/potion-de-vie\/#primaryimage\"},\"image\":{\"@id\":\"https:\/\/my.stlflix.com\/tr\/product\/potion-de-vie\/#primaryimage\"},\"thumbnailUrl\":\"https:\/\/my.stlflix.com\/wp-content\/uploads\/2025\/01\/473004307_1262847298127364_5385881622313093571_n.jpg\",\"datePublished\":\"2025-01-14T10:05:03+00:00\",\"dateModified\":\"2025-05-09T18:18:48+00:00\",\"breadcrumb\":{\"@id\":\"https:\/\/my.stlflix.com\/tr\/product\/potion-de-vie\/#breadcrumb\"},\"inLanguage\":\"es-ES\",\"potentialAction\":[{\"@type\":\"ReadAction\",\"target\":[\"https:\/\/my.stlflix.com\/tr\/product\/potion-de-vie\/\"]}]},{\"@type\":\"ImageObject\",\"inLanguage\":\"es-ES\",\"@id\":\"https:\/\/my.stlflix.com\/tr\/product\/potion-de-vie\/#primaryimage\",\"url\":\"https:\/\/my.stlflix.com\/wp-content\/uploads\/2025\/01\/473004307_1262847298127364_5385881622313093571_n.jpg\",\"contentUrl\":\"https:\/\/my.stlflix.com\/wp-content\/uploads\/2025\/01\/473004307_1262847298127364_5385881622313093571_n.jpg\",\"width\":942,\"height\":1178},{\"@type\":\"BreadcrumbList\",\"@id\":\"https:\/\/my.stlflix.com\/tr\/product\/potion-de-vie\/#breadcrumb\",\"itemListElement\":[{\"@type\":\"ListItem\",\"position\":1,\"name\":\"Home\",\"item\":\"https:\/\/www.stlflix-store.com\/\"},{\"@type\":\"ListItem\",\"position\":2,\"name\":\"Products\",\"item\":\"https:\/\/www.stlflix-store.com\/shop\/\"},{\"@type\":\"ListItem\",\"position\":3,\"name\":\"Potion de vie\"}]},{\"@type\":\"WebSite\",\"@id\":\"https:\/\/my.stlflix.com\/#website\",\"url\":\"https:\/\/my.stlflix.com\/\",\"name\":\"MyStore - By STLFLIX\",\"description\":\"\",\"publisher\":{\"@id\":\"https:\/\/my.stlflix.com\/#organization\"},\"potentialAction\":[{\"@type\":\"SearchAction\",\"target\":{\"@type\":\"EntryPoint\",\"urlTemplate\":\"https:\/\/my.stlflix.com\/?s={search_term_string}\"},\"query-input\":{\"@type\":\"PropertyValueSpecification\",\"valueRequired\":true,\"valueName\":\"search_term_string\"}}],\"inLanguage\":\"es-ES\"},{\"@type\":\"Organization\",\"@id\":\"https:\/\/my.stlflix.com\/#organization\",\"name\":\"MyStore - By STLFLIX\",\"url\":\"https:\/\/my.stlflix.com\/\",\"logo\":{\"@type\":\"ImageObject\",\"inLanguage\":\"es-ES\",\"@id\":\"https:\/\/my.stlflix.com\/#\/schema\/logo\/image\/\",\"url\":\"https:\/\/my.stlflix.com\/wp-content\/uploads\/2024\/06\/logo-mystore.png\",\"contentUrl\":\"https:\/\/my.stlflix.com\/wp-content\/uploads\/2024\/06\/logo-mystore.png\",\"width\":150,\"height\":41,\"caption\":\"MyStore - By STLFLIX\"},\"image\":{\"@id\":\"https:\/\/my.stlflix.com\/#\/schema\/logo\/image\/\"},\"sameAs\":[\"https:\/\/www.facebook.com\/STLFLIX\",\"https:\/\/www.instagram.com\/stlflix_\/\",\"https:\/\/www.tiktok.com\/@stlflix\"]}]}<\/script>\n<!-- \/ Yoast SEO plugin. -->","yoast_head_json":{"title":"Potion de vie - MyStore - By STLFLIX","robots":{"index":"index","follow":"follow","max-snippet":"max-snippet:-1","max-image-preview":"max-image-preview:large","max-video-preview":"max-video-preview:-1"},"canonical":"https:\/\/my.stlflix.com\/tr\/product\/potion-de-vie\/","og_locale":"es_ES","og_type":"article","og_title":"Potion de vie - MyStore - By STLFLIX","og_description":"Apportez une touche de magie \u00e0 votre bureau, votre chambre ou vos sessions de jeu de r\u00f4le (JDR) et de grandeur nature (GN) avec cette potion d\u00e9corative. Ce mod\u00e8le phosphorescent arc en ciel est un d\u00e9grad\u00e9 de rose, violet, bleu, vert, est parfait pour cr\u00e9er une ambiance mystique et immersive. Id\u00e9ale pour les amateurs de [&hellip;]","og_url":"https:\/\/my.stlflix.com\/tr\/product\/potion-de-vie\/","og_site_name":"MyStore - By STLFLIX","article_publisher":"https:\/\/www.facebook.com\/STLFLIX","article_modified_time":"2025-05-09T18:18:48+00:00","og_image":[{"width":942,"height":1178,"url":"https:\/\/my.stlflix.com\/wp-content\/uploads\/2025\/01\/473004307_1262847298127364_5385881622313093571_n.jpg","type":"image\/jpeg"}],"twitter_card":"summary_large_image","twitter_misc":{"Est. reading time":"1 minute"},"schema":{"@context":"https:\/\/schema.org","@graph":[{"@type":"WebPage","@id":"https:\/\/my.stlflix.com\/tr\/product\/potion-de-vie\/","url":"https:\/\/my.stlflix.com\/tr\/product\/potion-de-vie\/","name":"Potion de vie - MyStore - By STLFLIX","isPartOf":{"@id":"https:\/\/my.stlflix.com\/#website"},"primaryImageOfPage":{"@id":"https:\/\/my.stlflix.com\/tr\/product\/potion-de-vie\/#primaryimage"},"image":{"@id":"https:\/\/my.stlflix.com\/tr\/product\/potion-de-vie\/#primaryimage"},"thumbnailUrl":"https:\/\/my.stlflix.com\/wp-content\/uploads\/2025\/01\/473004307_1262847298127364_5385881622313093571_n.jpg","datePublished":"2025-01-14T10:05:03+00:00","dateModified":"2025-05-09T18:18:48+00:00","breadcrumb":{"@id":"https:\/\/my.stlflix.com\/tr\/product\/potion-de-vie\/#breadcrumb"},"inLanguage":"es-ES","potentialAction":[{"@type":"ReadAction","target":["https:\/\/my.stlflix.com\/tr\/product\/potion-de-vie\/"]}]},{"@type":"ImageObject","inLanguage":"es-ES","@id":"https:\/\/my.stlflix.com\/tr\/product\/potion-de-vie\/#primaryimage","url":"https:\/\/my.stlflix.com\/wp-content\/uploads\/2025\/01\/473004307_1262847298127364_5385881622313093571_n.jpg","contentUrl":"https:\/\/my.stlflix.com\/wp-content\/uploads\/2025\/01\/473004307_1262847298127364_5385881622313093571_n.jpg","width":942,"height":1178},{"@type":"BreadcrumbList","@id":"https:\/\/my.stlflix.com\/tr\/product\/potion-de-vie\/#breadcrumb","itemListElement":[{"@type":"ListItem","position":1,"name":"Home","item":"https:\/\/www.stlflix-store.com\/"},{"@type":"ListItem","position":2,"name":"Products","item":"https:\/\/www.stlflix-store.com\/shop\/"},{"@type":"ListItem","position":3,"name":"Potion de vie"}]},{"@type":"WebSite","@id":"https:\/\/my.stlflix.com\/#website","url":"https:\/\/my.stlflix.com\/","name":"MyStore - By STLFLIX","description":"","publisher":{"@id":"https:\/\/my.stlflix.com\/#organization"},"potentialAction":[{"@type":"SearchAction","target":{"@type":"EntryPoint","urlTemplate":"https:\/\/my.stlflix.com\/?s={search_term_string}"},"query-input":{"@type":"PropertyValueSpecification","valueRequired":true,"valueName":"search_term_string"}}],"inLanguage":"es-ES"},{"@type":"Organization","@id":"https:\/\/my.stlflix.com\/#organization","name":"MyStore - By STLFLIX","url":"https:\/\/my.stlflix.com\/","logo":{"@type":"ImageObject","inLanguage":"es-ES","@id":"https:\/\/my.stlflix.com\/#\/schema\/logo\/image\/","url":"https:\/\/my.stlflix.com\/wp-content\/uploads\/2024\/06\/logo-mystore.png","contentUrl":"https:\/\/my.stlflix.com\/wp-content\/uploads\/2024\/06\/logo-mystore.png","width":150,"height":41,"caption":"MyStore - By STLFLIX"},"image":{"@id":"https:\/\/my.stlflix.com\/#\/schema\/logo\/image\/"},"sameAs":["https:\/\/www.facebook.com\/STLFLIX","https:\/\/www.instagram.com\/stlflix_\/","https:\/\/www.tiktok.com\/@stlflix"]}]}},"_links":{"self":[{"href":"https:\/\/my.stlflix.com\/es\/wp-json\/wp\/v2\/product\/224343","targetHints":{"allow":["GET"]}}],"collection":[{"href":"https:\/\/my.stlflix.com\/es\/wp-json\/wp\/v2\/product"}],"about":[{"href":"https:\/\/my.stlflix.com\/es\/wp-json\/wp\/v2\/types\/product"}],"replies":[{"embeddable":true,"href":"https:\/\/my.stlflix.com\/es\/wp-json\/wp\/v2\/comments?post=224343"}],"wp:featuredmedia":[{"embeddable":true,"href":"https:\/\/my.stlflix.com\/es\/wp-json\/wp\/v2\/media\/224411"}],"wp:attachment":[{"href":"https:\/\/my.stlflix.com\/es\/wp-json\/wp\/v2\/media?parent=224343"}],"wp:term":[{"taxonomy":"product_brand","embeddable":true,"href":"https:\/\/my.stlflix.com\/es\/wp-json\/wp\/v2\/product_brand?post=224343"},{"taxonomy":"product_cat","embeddable":true,"href":"https:\/\/my.stlflix.com\/es\/wp-json\/wp\/v2\/product_cat?post=224343"},{"taxonomy":"product_tag","embeddable":true,"href":"https:\/\/my.stlflix.com\/es\/wp-json\/wp\/v2\/product_tag?post=224343"}],"curies":[{"name":"wp","href":"https:\/\/api.w.org\/{rel}","templated":true}]}}