{"id":224497,"date":"2025-01-14T14:39:15","date_gmt":"2025-01-14T14:39:15","guid":{"rendered":"https:\/\/my.stlflix.com\/?post_type=product&#038;p=224497"},"modified":"2025-05-09T18:18:14","modified_gmt":"2025-05-09T18:18:14","slug":"plateau-a-bijoux-licorne","status":"publish","type":"product","link":"https:\/\/my.stlflix.com\/es\/product\/plateau-a-bijoux-licorne\/","title":{"rendered":"Plateau \u00e0 bijoux licorne"},"content":{"rendered":"<p>Offrez \u00e0 vos bijoux un \u00e9crin magique avec ce plateau organisateur licorne ! Au centre, une corne de licorne sert de support \u00e0 bagues, tandis que l\u2019espace g\u00e9n\u00e9reux autour permet de ranger vos autres accessoires (boucles d\u2019oreilles, colliers, bracelets). Ce design enchanteur ajoute une touche de fantaisie \u00e0 votre table de coiffeuse ou \u00e0 votre dressing. Pratique, esth\u00e9tique et original, il est parfait pour les amoureux de l\u2019univers f\u00e9erique et les passionn\u00e9s d\u2019objets qui allient fonctionnalit\u00e9 et style.<\/p>\n<p>Ce mod\u00e8le phosphorescent rose et violet deviendra bleut\u00e9 dans le noir.<\/p>\n<p><em>La derni\u00e8re photo est un exemple d&#8217;utilisation.<\/em><\/p>\n<p>&nbsp;<\/p>\n<p><span style=\"vertical-align: inherit\"><span style=\"vertical-align: inherit\"><span style=\"vertical-align: inherit\">Cet objet est imprim\u00e9 en 3D avec du PLA (acide polylactique), un mat\u00e9riau biod\u00e9gradable, durable et respectueux de l&#8217;environnement. Le PLA est compos\u00e9 d&#8217;amidon de ma\u00efs, de canne \u00e0 sucre ou d&#8217;autres ressources renouvelables, et ne contient pas de p\u00e9trole : l\u00e9ger, r\u00e9sistant et non toxique c&#8217;est une alternative \u00e9cologique aux plastiques traditionnels.<\/span><\/span><\/span><\/p>\n","protected":false},"excerpt":{"rendered":"<p>Offrez \u00e0 vos bijoux un \u00e9crin magique avec ce plateau organisateur licorne ! Au centre, une corne de licorne sert de support \u00e0 bagues, tandis que l\u2019espace g\u00e9n\u00e9reux autour permet de ranger vos autres accessoires (boucles d\u2019oreilles, colliers, bracelets). Ce design enchanteur ajoute une touche de fantaisie \u00e0 votre table de coiffeuse ou \u00e0 votre [&hellip;]<\/p>\n","protected":false},"featured_media":224504,"comment_status":"open","ping_status":"closed","template":"","meta":[],"product_brand":[],"product_cat":[15],"product_tag":[4829],"class_list":{"0":"post-224497","1":"product","2":"type-product","3":"status-publish","4":"has-post-thumbnail","6":"product_cat-uncategorized","7":"product_tag-quotidien","9":"first","10":"instock","11":"shipping-taxable","12":"purchasable","13":"product-type-simple"},"yoast_head":"<!-- This site is optimized with the Yoast SEO plugin v25.1 - https:\/\/yoast.com\/wordpress\/plugins\/seo\/ -->\n<title>Plateau \u00e0 bijoux licorne - MyStore - By STLFLIX<\/title>\n<meta name=\"robots\" content=\"index, follow, max-snippet:-1, max-image-preview:large, max-video-preview:-1\" \/>\n<link rel=\"canonical\" href=\"https:\/\/www.monitorstlflix.com\/product\/plateau-a-bijoux-licorne\/\" \/>\n<meta property=\"og:locale\" content=\"es_ES\" \/>\n<meta property=\"og:type\" content=\"article\" \/>\n<meta property=\"og:title\" content=\"Plateau \u00e0 bijoux licorne - MyStore - By STLFLIX\" \/>\n<meta property=\"og:description\" content=\"Offrez \u00e0 vos bijoux un \u00e9crin magique avec ce plateau organisateur licorne ! Au centre, une corne de licorne sert de support \u00e0 bagues, tandis que l\u2019espace g\u00e9n\u00e9reux autour permet de ranger vos autres accessoires (boucles d\u2019oreilles, colliers, bracelets). Ce design enchanteur ajoute une touche de fantaisie \u00e0 votre table de coiffeuse ou \u00e0 votre [&hellip;]\" \/>\n<meta property=\"og:url\" content=\"https:\/\/www.monitorstlflix.com\/product\/plateau-a-bijoux-licorne\/\" \/>\n<meta property=\"og:site_name\" content=\"MyStore - By STLFLIX\" \/>\n<meta property=\"article:publisher\" content=\"https:\/\/www.facebook.com\/STLFLIX\" \/>\n<meta property=\"article:modified_time\" content=\"2025-05-09T18:18:14+00:00\" \/>\n<meta property=\"og:image\" content=\"https:\/\/www.monitorstlflix.com\/wp-content\/uploads\/2025\/01\/472616140_1651629892373279_841579660222290258_n.jpg\" \/>\n\t<meta property=\"og:image:width\" content=\"942\" \/>\n\t<meta property=\"og:image:height\" content=\"1178\" \/>\n\t<meta property=\"og:image:type\" content=\"image\/jpeg\" \/>\n<meta name=\"twitter:card\" content=\"summary_large_image\" \/>\n<meta name=\"twitter:label1\" content=\"Est. reading time\" \/>\n\t<meta name=\"twitter:data1\" content=\"1 minute\" \/>\n<script type=\"application\/ld+json\" class=\"yoast-schema-graph\">{\"@context\":\"https:\/\/schema.org\",\"@graph\":[{\"@type\":\"WebPage\",\"@id\":\"https:\/\/www.monitorstlflix.com\/product\/plateau-a-bijoux-licorne\/\",\"url\":\"https:\/\/www.monitorstlflix.com\/product\/plateau-a-bijoux-licorne\/\",\"name\":\"Plateau \u00e0 bijoux licorne - MyStore - By STLFLIX\",\"isPartOf\":{\"@id\":\"https:\/\/my.stlflix.com\/tr\/#website\"},\"primaryImageOfPage\":{\"@id\":\"https:\/\/www.monitorstlflix.com\/product\/plateau-a-bijoux-licorne\/#primaryimage\"},\"image\":{\"@id\":\"https:\/\/www.monitorstlflix.com\/product\/plateau-a-bijoux-licorne\/#primaryimage\"},\"thumbnailUrl\":\"https:\/\/my.stlflix.com\/wp-content\/uploads\/2025\/01\/472616140_1651629892373279_841579660222290258_n.jpg\",\"datePublished\":\"2025-01-14T14:39:15+00:00\",\"dateModified\":\"2025-05-09T18:18:14+00:00\",\"breadcrumb\":{\"@id\":\"https:\/\/www.monitorstlflix.com\/product\/plateau-a-bijoux-licorne\/#breadcrumb\"},\"inLanguage\":\"es-ES\",\"potentialAction\":[{\"@type\":\"ReadAction\",\"target\":[\"https:\/\/www.monitorstlflix.com\/product\/plateau-a-bijoux-licorne\/\"]}]},{\"@type\":\"ImageObject\",\"inLanguage\":\"es-ES\",\"@id\":\"https:\/\/www.monitorstlflix.com\/product\/plateau-a-bijoux-licorne\/#primaryimage\",\"url\":\"https:\/\/my.stlflix.com\/wp-content\/uploads\/2025\/01\/472616140_1651629892373279_841579660222290258_n.jpg\",\"contentUrl\":\"https:\/\/my.stlflix.com\/wp-content\/uploads\/2025\/01\/472616140_1651629892373279_841579660222290258_n.jpg\",\"width\":942,\"height\":1178},{\"@type\":\"BreadcrumbList\",\"@id\":\"https:\/\/www.monitorstlflix.com\/product\/plateau-a-bijoux-licorne\/#breadcrumb\",\"itemListElement\":[{\"@type\":\"ListItem\",\"position\":1,\"name\":\"Home\",\"item\":\"https:\/\/my.stlflix.com\/\"},{\"@type\":\"ListItem\",\"position\":2,\"name\":\"Products\",\"item\":\"https:\/\/my.stlflix.com\/fr\/shop\/\"},{\"@type\":\"ListItem\",\"position\":3,\"name\":\"Plateau \u00e0 bijoux licorne\"}]},{\"@type\":\"WebSite\",\"@id\":\"https:\/\/my.stlflix.com\/tr\/#website\",\"url\":\"https:\/\/my.stlflix.com\/tr\/\",\"name\":\"MyStore - By STLFLIX\",\"description\":\"\",\"publisher\":{\"@id\":\"https:\/\/my.stlflix.com\/tr\/#organization\"},\"potentialAction\":[{\"@type\":\"SearchAction\",\"target\":{\"@type\":\"EntryPoint\",\"urlTemplate\":\"https:\/\/my.stlflix.com\/tr\/?s={search_term_string}\"},\"query-input\":{\"@type\":\"PropertyValueSpecification\",\"valueRequired\":true,\"valueName\":\"search_term_string\"}}],\"inLanguage\":\"es-ES\"},{\"@type\":\"Organization\",\"@id\":\"https:\/\/my.stlflix.com\/tr\/#organization\",\"name\":\"MyStore - By STLFLIX\",\"url\":\"https:\/\/my.stlflix.com\/tr\/\",\"logo\":{\"@type\":\"ImageObject\",\"inLanguage\":\"es-ES\",\"@id\":\"https:\/\/my.stlflix.com\/tr\/#\/schema\/logo\/image\/\",\"url\":\"https:\/\/my.stlflix.com\/wp-content\/uploads\/2024\/06\/logo-mystore.png\",\"contentUrl\":\"https:\/\/my.stlflix.com\/wp-content\/uploads\/2024\/06\/logo-mystore.png\",\"width\":150,\"height\":41,\"caption\":\"MyStore - By STLFLIX\"},\"image\":{\"@id\":\"https:\/\/my.stlflix.com\/tr\/#\/schema\/logo\/image\/\"},\"sameAs\":[\"https:\/\/www.facebook.com\/STLFLIX\",\"https:\/\/www.instagram.com\/stlflix_\/\",\"https:\/\/www.tiktok.com\/@stlflix\"]}]}<\/script>\n<!-- \/ Yoast SEO plugin. -->","yoast_head_json":{"title":"Plateau \u00e0 bijoux licorne - MyStore - By STLFLIX","robots":{"index":"index","follow":"follow","max-snippet":"max-snippet:-1","max-image-preview":"max-image-preview:large","max-video-preview":"max-video-preview:-1"},"canonical":"https:\/\/www.monitorstlflix.com\/product\/plateau-a-bijoux-licorne\/","og_locale":"es_ES","og_type":"article","og_title":"Plateau \u00e0 bijoux licorne - MyStore - By STLFLIX","og_description":"Offrez \u00e0 vos bijoux un \u00e9crin magique avec ce plateau organisateur licorne ! Au centre, une corne de licorne sert de support \u00e0 bagues, tandis que l\u2019espace g\u00e9n\u00e9reux autour permet de ranger vos autres accessoires (boucles d\u2019oreilles, colliers, bracelets). Ce design enchanteur ajoute une touche de fantaisie \u00e0 votre table de coiffeuse ou \u00e0 votre [&hellip;]","og_url":"https:\/\/www.monitorstlflix.com\/product\/plateau-a-bijoux-licorne\/","og_site_name":"MyStore - By STLFLIX","article_publisher":"https:\/\/www.facebook.com\/STLFLIX","article_modified_time":"2025-05-09T18:18:14+00:00","og_image":[{"width":942,"height":1178,"url":"https:\/\/www.monitorstlflix.com\/wp-content\/uploads\/2025\/01\/472616140_1651629892373279_841579660222290258_n.jpg","type":"image\/jpeg"}],"twitter_card":"summary_large_image","twitter_misc":{"Est. reading time":"1 minute"},"schema":{"@context":"https:\/\/schema.org","@graph":[{"@type":"WebPage","@id":"https:\/\/www.monitorstlflix.com\/product\/plateau-a-bijoux-licorne\/","url":"https:\/\/www.monitorstlflix.com\/product\/plateau-a-bijoux-licorne\/","name":"Plateau \u00e0 bijoux licorne - MyStore - By STLFLIX","isPartOf":{"@id":"https:\/\/my.stlflix.com\/tr\/#website"},"primaryImageOfPage":{"@id":"https:\/\/www.monitorstlflix.com\/product\/plateau-a-bijoux-licorne\/#primaryimage"},"image":{"@id":"https:\/\/www.monitorstlflix.com\/product\/plateau-a-bijoux-licorne\/#primaryimage"},"thumbnailUrl":"https:\/\/my.stlflix.com\/wp-content\/uploads\/2025\/01\/472616140_1651629892373279_841579660222290258_n.jpg","datePublished":"2025-01-14T14:39:15+00:00","dateModified":"2025-05-09T18:18:14+00:00","breadcrumb":{"@id":"https:\/\/www.monitorstlflix.com\/product\/plateau-a-bijoux-licorne\/#breadcrumb"},"inLanguage":"es-ES","potentialAction":[{"@type":"ReadAction","target":["https:\/\/www.monitorstlflix.com\/product\/plateau-a-bijoux-licorne\/"]}]},{"@type":"ImageObject","inLanguage":"es-ES","@id":"https:\/\/www.monitorstlflix.com\/product\/plateau-a-bijoux-licorne\/#primaryimage","url":"https:\/\/my.stlflix.com\/wp-content\/uploads\/2025\/01\/472616140_1651629892373279_841579660222290258_n.jpg","contentUrl":"https:\/\/my.stlflix.com\/wp-content\/uploads\/2025\/01\/472616140_1651629892373279_841579660222290258_n.jpg","width":942,"height":1178},{"@type":"BreadcrumbList","@id":"https:\/\/www.monitorstlflix.com\/product\/plateau-a-bijoux-licorne\/#breadcrumb","itemListElement":[{"@type":"ListItem","position":1,"name":"Home","item":"https:\/\/my.stlflix.com\/"},{"@type":"ListItem","position":2,"name":"Products","item":"https:\/\/my.stlflix.com\/fr\/shop\/"},{"@type":"ListItem","position":3,"name":"Plateau \u00e0 bijoux licorne"}]},{"@type":"WebSite","@id":"https:\/\/my.stlflix.com\/tr\/#website","url":"https:\/\/my.stlflix.com\/tr\/","name":"MyStore - By STLFLIX","description":"","publisher":{"@id":"https:\/\/my.stlflix.com\/tr\/#organization"},"potentialAction":[{"@type":"SearchAction","target":{"@type":"EntryPoint","urlTemplate":"https:\/\/my.stlflix.com\/tr\/?s={search_term_string}"},"query-input":{"@type":"PropertyValueSpecification","valueRequired":true,"valueName":"search_term_string"}}],"inLanguage":"es-ES"},{"@type":"Organization","@id":"https:\/\/my.stlflix.com\/tr\/#organization","name":"MyStore - By STLFLIX","url":"https:\/\/my.stlflix.com\/tr\/","logo":{"@type":"ImageObject","inLanguage":"es-ES","@id":"https:\/\/my.stlflix.com\/tr\/#\/schema\/logo\/image\/","url":"https:\/\/my.stlflix.com\/wp-content\/uploads\/2024\/06\/logo-mystore.png","contentUrl":"https:\/\/my.stlflix.com\/wp-content\/uploads\/2024\/06\/logo-mystore.png","width":150,"height":41,"caption":"MyStore - By STLFLIX"},"image":{"@id":"https:\/\/my.stlflix.com\/tr\/#\/schema\/logo\/image\/"},"sameAs":["https:\/\/www.facebook.com\/STLFLIX","https:\/\/www.instagram.com\/stlflix_\/","https:\/\/www.tiktok.com\/@stlflix"]}]}},"_links":{"self":[{"href":"https:\/\/my.stlflix.com\/es\/wp-json\/wp\/v2\/product\/224497","targetHints":{"allow":["GET"]}}],"collection":[{"href":"https:\/\/my.stlflix.com\/es\/wp-json\/wp\/v2\/product"}],"about":[{"href":"https:\/\/my.stlflix.com\/es\/wp-json\/wp\/v2\/types\/product"}],"replies":[{"embeddable":true,"href":"https:\/\/my.stlflix.com\/es\/wp-json\/wp\/v2\/comments?post=224497"}],"wp:featuredmedia":[{"embeddable":true,"href":"https:\/\/my.stlflix.com\/es\/wp-json\/wp\/v2\/media\/224504"}],"wp:attachment":[{"href":"https:\/\/my.stlflix.com\/es\/wp-json\/wp\/v2\/media?parent=224497"}],"wp:term":[{"taxonomy":"product_brand","embeddable":true,"href":"https:\/\/my.stlflix.com\/es\/wp-json\/wp\/v2\/product_brand?post=224497"},{"taxonomy":"product_cat","embeddable":true,"href":"https:\/\/my.stlflix.com\/es\/wp-json\/wp\/v2\/product_cat?post=224497"},{"taxonomy":"product_tag","embeddable":true,"href":"https:\/\/my.stlflix.com\/es\/wp-json\/wp\/v2\/product_tag?post=224497"}],"curies":[{"name":"wp","href":"https:\/\/api.w.org\/{rel}","templated":true}]}}