{"id":225554,"date":"2025-01-15T11:01:28","date_gmt":"2025-01-15T11:01:28","guid":{"rendered":"https:\/\/my.stlflix.com\/?post_type=product&#038;p=225554"},"modified":"2025-05-09T18:17:14","modified_gmt":"2025-05-09T18:17:14","slug":"nuage-manette","status":"publish","type":"product","link":"https:\/\/my.stlflix.com\/es\/product\/nuage-manette\/","title":{"rendered":"Nuage manette"},"content":{"rendered":"<p>Rangez vos manettes de console (PS4, PS5, Xbox, Switch Pro&#8230;) avec style gr\u00e2ce \u00e0 ce support en forme de nuage ! Ce design doux et \u00e9pur\u00e9 apporte une touche de modernit\u00e9 \u00e0 votre espace de jeu tout en gardant vos manettes bien organis\u00e9es et \u00e0 port\u00e9e de main. L\u00e9ger, stable et polyvalent, ce support est parfait pour les gamers qui veulent allier praticit\u00e9 et esth\u00e9tique. Un accessoire indispensable pour un setup de jeu propre et \u00e9l\u00e9gant !<\/p>\n<p>Ce mod\u00e8le est imprim\u00e9 avec un filament paillet\u00e9 bleu fonc\u00e9.<\/p>\n<p><span style=\"vertical-align: inherit\">Cet objet est imprim\u00e9 en 3D avec du PLA (acide polylactique), un mat\u00e9riau biod\u00e9gradable, durable et respectueux de l&#8217;environnement. Le PLA est compos\u00e9 d&#8217;amidon de ma\u00efs, de canne \u00e0 sucre ou d&#8217;autres ressources renouvelables, et ne contient pas de p\u00e9trole : l\u00e9ger, r\u00e9sistant et non toxique c&#8217;est une alternative \u00e9cologique aux plastiques traditionnels.<\/span><\/p>\n","protected":false},"excerpt":{"rendered":"<p>Rangez vos manettes de console (PS4, PS5, Xbox, Switch Pro&#8230;) avec style gr\u00e2ce \u00e0 ce support en forme de nuage ! Ce design doux et \u00e9pur\u00e9 apporte une touche de modernit\u00e9 \u00e0 votre espace de jeu tout en gardant vos manettes bien organis\u00e9es et \u00e0 port\u00e9e de main. L\u00e9ger, stable et polyvalent, ce support est [&hellip;]<\/p>\n","protected":false},"featured_media":225600,"comment_status":"open","ping_status":"closed","template":"","meta":[],"product_brand":[],"product_cat":[15],"product_tag":[767],"class_list":{"0":"post-225554","1":"product","2":"type-product","3":"status-publish","4":"has-post-thumbnail","6":"product_cat-uncategorized","7":"product_tag-geek","9":"first","10":"instock","11":"shipping-taxable","12":"purchasable","13":"product-type-simple"},"yoast_head":"<!-- This site is optimized with the Yoast SEO plugin v25.1 - https:\/\/yoast.com\/wordpress\/plugins\/seo\/ -->\n<title>Nuage manette - MyStore - By STLFLIX<\/title>\n<meta name=\"robots\" content=\"index, follow, max-snippet:-1, max-image-preview:large, max-video-preview:-1\" \/>\n<link rel=\"canonical\" href=\"https:\/\/my.stlflix.com\/fr\/product\/nuage-manette\/\" \/>\n<meta property=\"og:locale\" content=\"es_ES\" \/>\n<meta property=\"og:type\" content=\"article\" \/>\n<meta property=\"og:title\" content=\"Nuage manette - MyStore - By STLFLIX\" \/>\n<meta property=\"og:description\" content=\"Rangez vos manettes de console (PS4, PS5, Xbox, Switch Pro&#8230;) avec style gr\u00e2ce \u00e0 ce support en forme de nuage ! Ce design doux et \u00e9pur\u00e9 apporte une touche de modernit\u00e9 \u00e0 votre espace de jeu tout en gardant vos manettes bien organis\u00e9es et \u00e0 port\u00e9e de main. L\u00e9ger, stable et polyvalent, ce support est [&hellip;]\" \/>\n<meta property=\"og:url\" content=\"https:\/\/my.stlflix.com\/fr\/product\/nuage-manette\/\" \/>\n<meta property=\"og:site_name\" content=\"MyStore - By STLFLIX\" \/>\n<meta property=\"article:publisher\" content=\"https:\/\/www.facebook.com\/STLFLIX\" \/>\n<meta property=\"article:modified_time\" content=\"2025-05-09T18:17:14+00:00\" \/>\n<meta property=\"og:image\" content=\"https:\/\/my.stlflix.com\/wp-content\/uploads\/2025\/01\/472949657_1144284203712176_8034721172663255007_n.jpg\" \/>\n\t<meta property=\"og:image:width\" content=\"942\" \/>\n\t<meta property=\"og:image:height\" content=\"1178\" \/>\n\t<meta property=\"og:image:type\" content=\"image\/jpeg\" \/>\n<meta name=\"twitter:card\" content=\"summary_large_image\" \/>\n<meta name=\"twitter:label1\" content=\"Est. reading time\" \/>\n\t<meta name=\"twitter:data1\" content=\"1 minute\" \/>\n<script type=\"application\/ld+json\" class=\"yoast-schema-graph\">{\"@context\":\"https:\/\/schema.org\",\"@graph\":[{\"@type\":\"WebPage\",\"@id\":\"https:\/\/my.stlflix.com\/fr\/product\/nuage-manette\/\",\"url\":\"https:\/\/my.stlflix.com\/fr\/product\/nuage-manette\/\",\"name\":\"Nuage manette - MyStore - By STLFLIX\",\"isPartOf\":{\"@id\":\"https:\/\/my.stlflix.com\/#website\"},\"primaryImageOfPage\":{\"@id\":\"https:\/\/my.stlflix.com\/fr\/product\/nuage-manette\/#primaryimage\"},\"image\":{\"@id\":\"https:\/\/my.stlflix.com\/fr\/product\/nuage-manette\/#primaryimage\"},\"thumbnailUrl\":\"https:\/\/my.stlflix.com\/wp-content\/uploads\/2025\/01\/472949657_1144284203712176_8034721172663255007_n.jpg\",\"datePublished\":\"2025-01-15T11:01:28+00:00\",\"dateModified\":\"2025-05-09T18:17:14+00:00\",\"breadcrumb\":{\"@id\":\"https:\/\/my.stlflix.com\/fr\/product\/nuage-manette\/#breadcrumb\"},\"inLanguage\":\"es-ES\",\"potentialAction\":[{\"@type\":\"ReadAction\",\"target\":[\"https:\/\/my.stlflix.com\/fr\/product\/nuage-manette\/\"]}]},{\"@type\":\"ImageObject\",\"inLanguage\":\"es-ES\",\"@id\":\"https:\/\/my.stlflix.com\/fr\/product\/nuage-manette\/#primaryimage\",\"url\":\"https:\/\/my.stlflix.com\/wp-content\/uploads\/2025\/01\/472949657_1144284203712176_8034721172663255007_n.jpg\",\"contentUrl\":\"https:\/\/my.stlflix.com\/wp-content\/uploads\/2025\/01\/472949657_1144284203712176_8034721172663255007_n.jpg\",\"width\":942,\"height\":1178},{\"@type\":\"BreadcrumbList\",\"@id\":\"https:\/\/my.stlflix.com\/fr\/product\/nuage-manette\/#breadcrumb\",\"itemListElement\":[{\"@type\":\"ListItem\",\"position\":1,\"name\":\"Home\",\"item\":\"https:\/\/www.stlflix-store.com\/\"},{\"@type\":\"ListItem\",\"position\":2,\"name\":\"Products\",\"item\":\"https:\/\/www.stlflix-store.com\/shop\/\"},{\"@type\":\"ListItem\",\"position\":3,\"name\":\"Nuage manette\"}]},{\"@type\":\"WebSite\",\"@id\":\"https:\/\/my.stlflix.com\/#website\",\"url\":\"https:\/\/my.stlflix.com\/\",\"name\":\"MyStore - By STLFLIX\",\"description\":\"\",\"publisher\":{\"@id\":\"https:\/\/my.stlflix.com\/#organization\"},\"potentialAction\":[{\"@type\":\"SearchAction\",\"target\":{\"@type\":\"EntryPoint\",\"urlTemplate\":\"https:\/\/my.stlflix.com\/?s={search_term_string}\"},\"query-input\":{\"@type\":\"PropertyValueSpecification\",\"valueRequired\":true,\"valueName\":\"search_term_string\"}}],\"inLanguage\":\"es-ES\"},{\"@type\":\"Organization\",\"@id\":\"https:\/\/my.stlflix.com\/#organization\",\"name\":\"MyStore - By STLFLIX\",\"url\":\"https:\/\/my.stlflix.com\/\",\"logo\":{\"@type\":\"ImageObject\",\"inLanguage\":\"es-ES\",\"@id\":\"https:\/\/my.stlflix.com\/#\/schema\/logo\/image\/\",\"url\":\"https:\/\/my.stlflix.com\/wp-content\/uploads\/2024\/06\/logo-mystore.png\",\"contentUrl\":\"https:\/\/my.stlflix.com\/wp-content\/uploads\/2024\/06\/logo-mystore.png\",\"width\":150,\"height\":41,\"caption\":\"MyStore - By STLFLIX\"},\"image\":{\"@id\":\"https:\/\/my.stlflix.com\/#\/schema\/logo\/image\/\"},\"sameAs\":[\"https:\/\/www.facebook.com\/STLFLIX\",\"https:\/\/www.instagram.com\/stlflix_\/\",\"https:\/\/www.tiktok.com\/@stlflix\"]}]}<\/script>\n<!-- \/ Yoast SEO plugin. -->","yoast_head_json":{"title":"Nuage manette - MyStore - By STLFLIX","robots":{"index":"index","follow":"follow","max-snippet":"max-snippet:-1","max-image-preview":"max-image-preview:large","max-video-preview":"max-video-preview:-1"},"canonical":"https:\/\/my.stlflix.com\/fr\/product\/nuage-manette\/","og_locale":"es_ES","og_type":"article","og_title":"Nuage manette - MyStore - By STLFLIX","og_description":"Rangez vos manettes de console (PS4, PS5, Xbox, Switch Pro&#8230;) avec style gr\u00e2ce \u00e0 ce support en forme de nuage ! Ce design doux et \u00e9pur\u00e9 apporte une touche de modernit\u00e9 \u00e0 votre espace de jeu tout en gardant vos manettes bien organis\u00e9es et \u00e0 port\u00e9e de main. L\u00e9ger, stable et polyvalent, ce support est [&hellip;]","og_url":"https:\/\/my.stlflix.com\/fr\/product\/nuage-manette\/","og_site_name":"MyStore - By STLFLIX","article_publisher":"https:\/\/www.facebook.com\/STLFLIX","article_modified_time":"2025-05-09T18:17:14+00:00","og_image":[{"width":942,"height":1178,"url":"https:\/\/my.stlflix.com\/wp-content\/uploads\/2025\/01\/472949657_1144284203712176_8034721172663255007_n.jpg","type":"image\/jpeg"}],"twitter_card":"summary_large_image","twitter_misc":{"Est. reading time":"1 minute"},"schema":{"@context":"https:\/\/schema.org","@graph":[{"@type":"WebPage","@id":"https:\/\/my.stlflix.com\/fr\/product\/nuage-manette\/","url":"https:\/\/my.stlflix.com\/fr\/product\/nuage-manette\/","name":"Nuage manette - MyStore - By STLFLIX","isPartOf":{"@id":"https:\/\/my.stlflix.com\/#website"},"primaryImageOfPage":{"@id":"https:\/\/my.stlflix.com\/fr\/product\/nuage-manette\/#primaryimage"},"image":{"@id":"https:\/\/my.stlflix.com\/fr\/product\/nuage-manette\/#primaryimage"},"thumbnailUrl":"https:\/\/my.stlflix.com\/wp-content\/uploads\/2025\/01\/472949657_1144284203712176_8034721172663255007_n.jpg","datePublished":"2025-01-15T11:01:28+00:00","dateModified":"2025-05-09T18:17:14+00:00","breadcrumb":{"@id":"https:\/\/my.stlflix.com\/fr\/product\/nuage-manette\/#breadcrumb"},"inLanguage":"es-ES","potentialAction":[{"@type":"ReadAction","target":["https:\/\/my.stlflix.com\/fr\/product\/nuage-manette\/"]}]},{"@type":"ImageObject","inLanguage":"es-ES","@id":"https:\/\/my.stlflix.com\/fr\/product\/nuage-manette\/#primaryimage","url":"https:\/\/my.stlflix.com\/wp-content\/uploads\/2025\/01\/472949657_1144284203712176_8034721172663255007_n.jpg","contentUrl":"https:\/\/my.stlflix.com\/wp-content\/uploads\/2025\/01\/472949657_1144284203712176_8034721172663255007_n.jpg","width":942,"height":1178},{"@type":"BreadcrumbList","@id":"https:\/\/my.stlflix.com\/fr\/product\/nuage-manette\/#breadcrumb","itemListElement":[{"@type":"ListItem","position":1,"name":"Home","item":"https:\/\/www.stlflix-store.com\/"},{"@type":"ListItem","position":2,"name":"Products","item":"https:\/\/www.stlflix-store.com\/shop\/"},{"@type":"ListItem","position":3,"name":"Nuage manette"}]},{"@type":"WebSite","@id":"https:\/\/my.stlflix.com\/#website","url":"https:\/\/my.stlflix.com\/","name":"MyStore - By STLFLIX","description":"","publisher":{"@id":"https:\/\/my.stlflix.com\/#organization"},"potentialAction":[{"@type":"SearchAction","target":{"@type":"EntryPoint","urlTemplate":"https:\/\/my.stlflix.com\/?s={search_term_string}"},"query-input":{"@type":"PropertyValueSpecification","valueRequired":true,"valueName":"search_term_string"}}],"inLanguage":"es-ES"},{"@type":"Organization","@id":"https:\/\/my.stlflix.com\/#organization","name":"MyStore - By STLFLIX","url":"https:\/\/my.stlflix.com\/","logo":{"@type":"ImageObject","inLanguage":"es-ES","@id":"https:\/\/my.stlflix.com\/#\/schema\/logo\/image\/","url":"https:\/\/my.stlflix.com\/wp-content\/uploads\/2024\/06\/logo-mystore.png","contentUrl":"https:\/\/my.stlflix.com\/wp-content\/uploads\/2024\/06\/logo-mystore.png","width":150,"height":41,"caption":"MyStore - By STLFLIX"},"image":{"@id":"https:\/\/my.stlflix.com\/#\/schema\/logo\/image\/"},"sameAs":["https:\/\/www.facebook.com\/STLFLIX","https:\/\/www.instagram.com\/stlflix_\/","https:\/\/www.tiktok.com\/@stlflix"]}]}},"_links":{"self":[{"href":"https:\/\/my.stlflix.com\/es\/wp-json\/wp\/v2\/product\/225554","targetHints":{"allow":["GET"]}}],"collection":[{"href":"https:\/\/my.stlflix.com\/es\/wp-json\/wp\/v2\/product"}],"about":[{"href":"https:\/\/my.stlflix.com\/es\/wp-json\/wp\/v2\/types\/product"}],"replies":[{"embeddable":true,"href":"https:\/\/my.stlflix.com\/es\/wp-json\/wp\/v2\/comments?post=225554"}],"wp:featuredmedia":[{"embeddable":true,"href":"https:\/\/my.stlflix.com\/es\/wp-json\/wp\/v2\/media\/225600"}],"wp:attachment":[{"href":"https:\/\/my.stlflix.com\/es\/wp-json\/wp\/v2\/media?parent=225554"}],"wp:term":[{"taxonomy":"product_brand","embeddable":true,"href":"https:\/\/my.stlflix.com\/es\/wp-json\/wp\/v2\/product_brand?post=225554"},{"taxonomy":"product_cat","embeddable":true,"href":"https:\/\/my.stlflix.com\/es\/wp-json\/wp\/v2\/product_cat?post=225554"},{"taxonomy":"product_tag","embeddable":true,"href":"https:\/\/my.stlflix.com\/es\/wp-json\/wp\/v2\/product_tag?post=225554"}],"curies":[{"name":"wp","href":"https:\/\/api.w.org\/{rel}","templated":true}]}}