{"id":226112,"date":"2025-01-15T14:30:58","date_gmt":"2025-01-15T14:30:58","guid":{"rendered":"https:\/\/my.stlflix.com\/?post_type=product&#038;p=226112"},"modified":"2025-05-09T18:16:32","modified_gmt":"2025-05-09T18:16:32","slug":"support-de-casque","status":"publish","type":"product","link":"https:\/\/my.stlflix.com\/es\/product\/support-de-casque\/","title":{"rendered":"Support de casque"},"content":{"rendered":"<p>Optimisez votre espace de jeu avec ce support pour casque audio aux formes de cristaux ! Con\u00e7u pour accueillir votre casque audio, ce support propose \u00e9galement un emplacement pratique pour ranger vos piles, \u00e9couteurs ou autres accessoires essentiels. Son design \u00e9poustouflant, inspir\u00e9 par les cristaux, ajoute une touche de fantaisie \u00e0 votre setup. Parfait pour les gamers qui veulent allier fonctionnalit\u00e9 et esth\u00e9tique, ce support cristal est un must-have pour des sessions de jeu organis\u00e9es et immersives.<\/p>\n<p><span style=\"vertical-align: inherit\"><span style=\"vertical-align: inherit\"><span style=\"vertical-align: inherit\"><span style=\"vertical-align: inherit\"><span style=\"vertical-align: inherit\"><span style=\"vertical-align: inherit\"><span style=\"vertical-align: inherit\"><span style=\"vertical-align: inherit\"><span style=\"vertical-align: inherit\"><span style=\"vertical-align: inherit\"><span style=\"vertical-align: inherit\"><span style=\"vertical-align: inherit\"><span style=\"vertical-align: inherit\"><span style=\"vertical-align: inherit\">Ce mod\u00e8le est imprim\u00e9 avec un filament tricolore bleu vert et jaune.<\/span><\/span><\/span><\/span><\/span><\/span><\/span><\/span><\/span><\/span><\/span><\/span><\/span><\/span><\/p>\n<p><span style=\"vertical-align: inherit\"><span style=\"vertical-align: inherit\"><span style=\"vertical-align: inherit\"><span style=\"vertical-align: inherit\"><span style=\"vertical-align: inherit\"><span style=\"vertical-align: inherit\"><span style=\"vertical-align: inherit\"><span style=\"vertical-align: inherit\"><span style=\"vertical-align: inherit\"><span style=\"vertical-align: inherit\"><span style=\"vertical-align: inherit\"><span style=\"vertical-align: inherit\"><span style=\"vertical-align: inherit\"><span style=\"vertical-align: inherit\"><span style=\"vertical-align: inherit\">Cet objet est imprim\u00e9 en 3D avec du PLA (acide polylactique), un mat\u00e9riau biod\u00e9gradable, durable et respectueux de l&#8217;environnement. Le PLA est compos\u00e9 d&#8217;amidon de ma\u00efs, de canne \u00e0 sucre ou d&#8217;autres ressources renouvelables, et ne contient pas de p\u00e9trole : l\u00e9ger, r\u00e9sistant et non toxique c&#8217;est une alternative \u00e9cologique aux plastiques traditionnels.<\/span><\/span><\/span><\/span><\/span><\/span><\/span><\/span><\/span><\/span><\/span><\/span><\/span><\/span><\/span><\/p>\n","protected":false},"excerpt":{"rendered":"<p>Optimisez votre espace de jeu avec ce support pour casque audio aux formes de cristaux ! Con\u00e7u pour accueillir votre casque audio, ce support propose \u00e9galement un emplacement pratique pour ranger vos piles, \u00e9couteurs ou autres accessoires essentiels. Son design \u00e9poustouflant, inspir\u00e9 par les cristaux, ajoute une touche de fantaisie \u00e0 votre setup. Parfait pour [&hellip;]<\/p>\n","protected":false},"featured_media":226118,"comment_status":"open","ping_status":"closed","template":"","meta":[],"product_brand":[],"product_cat":[15],"product_tag":[767],"class_list":{"0":"post-226112","1":"product","2":"type-product","3":"status-publish","4":"has-post-thumbnail","6":"product_cat-uncategorized","7":"product_tag-geek","9":"first","10":"instock","11":"shipping-taxable","12":"purchasable","13":"product-type-simple"},"yoast_head":"<!-- This site is optimized with the Yoast SEO plugin v25.1 - https:\/\/yoast.com\/wordpress\/plugins\/seo\/ -->\n<title>Support de casque - MyStore - By STLFLIX<\/title>\n<meta name=\"robots\" content=\"index, follow, max-snippet:-1, max-image-preview:large, max-video-preview:-1\" \/>\n<link rel=\"canonical\" href=\"https:\/\/my.stlflix.com\/product\/support-de-casque\/\" \/>\n<meta property=\"og:locale\" content=\"es_ES\" \/>\n<meta property=\"og:type\" content=\"article\" \/>\n<meta property=\"og:title\" content=\"Support de casque - MyStore - By STLFLIX\" \/>\n<meta property=\"og:description\" content=\"Optimisez votre espace de jeu avec ce support pour casque audio aux formes de cristaux ! Con\u00e7u pour accueillir votre casque audio, ce support propose \u00e9galement un emplacement pratique pour ranger vos piles, \u00e9couteurs ou autres accessoires essentiels. Son design \u00e9poustouflant, inspir\u00e9 par les cristaux, ajoute une touche de fantaisie \u00e0 votre setup. Parfait pour [&hellip;]\" \/>\n<meta property=\"og:url\" content=\"https:\/\/my.stlflix.com\/product\/support-de-casque\/\" \/>\n<meta property=\"og:site_name\" content=\"MyStore - By STLFLIX\" \/>\n<meta property=\"article:publisher\" content=\"https:\/\/www.facebook.com\/STLFLIX\" \/>\n<meta property=\"article:modified_time\" content=\"2025-05-09T18:16:32+00:00\" \/>\n<meta property=\"og:image\" content=\"https:\/\/my.stlflix.com\/wp-content\/uploads\/2025\/01\/473017449_1276093890362861_1382803405057718063_n.jpg\" \/>\n\t<meta property=\"og:image:width\" content=\"942\" \/>\n\t<meta property=\"og:image:height\" content=\"1178\" \/>\n\t<meta property=\"og:image:type\" content=\"image\/jpeg\" \/>\n<meta name=\"twitter:card\" content=\"summary_large_image\" \/>\n<meta name=\"twitter:label1\" content=\"Est. reading time\" \/>\n\t<meta name=\"twitter:data1\" content=\"1 minute\" \/>\n<script type=\"application\/ld+json\" class=\"yoast-schema-graph\">{\"@context\":\"https:\/\/schema.org\",\"@graph\":[{\"@type\":\"WebPage\",\"@id\":\"https:\/\/my.stlflix.com\/product\/support-de-casque\/\",\"url\":\"https:\/\/my.stlflix.com\/product\/support-de-casque\/\",\"name\":\"Support de casque - MyStore - By STLFLIX\",\"isPartOf\":{\"@id\":\"https:\/\/my.stlflix.com\/#website\"},\"primaryImageOfPage\":{\"@id\":\"https:\/\/my.stlflix.com\/product\/support-de-casque\/#primaryimage\"},\"image\":{\"@id\":\"https:\/\/my.stlflix.com\/product\/support-de-casque\/#primaryimage\"},\"thumbnailUrl\":\"https:\/\/my.stlflix.com\/wp-content\/uploads\/2025\/01\/473017449_1276093890362861_1382803405057718063_n.jpg\",\"datePublished\":\"2025-01-15T14:30:58+00:00\",\"dateModified\":\"2025-05-09T18:16:32+00:00\",\"breadcrumb\":{\"@id\":\"https:\/\/my.stlflix.com\/product\/support-de-casque\/#breadcrumb\"},\"inLanguage\":\"es-ES\",\"potentialAction\":[{\"@type\":\"ReadAction\",\"target\":[\"https:\/\/my.stlflix.com\/product\/support-de-casque\/\"]}]},{\"@type\":\"ImageObject\",\"inLanguage\":\"es-ES\",\"@id\":\"https:\/\/my.stlflix.com\/product\/support-de-casque\/#primaryimage\",\"url\":\"https:\/\/my.stlflix.com\/wp-content\/uploads\/2025\/01\/473017449_1276093890362861_1382803405057718063_n.jpg\",\"contentUrl\":\"https:\/\/my.stlflix.com\/wp-content\/uploads\/2025\/01\/473017449_1276093890362861_1382803405057718063_n.jpg\",\"width\":942,\"height\":1178},{\"@type\":\"BreadcrumbList\",\"@id\":\"https:\/\/my.stlflix.com\/product\/support-de-casque\/#breadcrumb\",\"itemListElement\":[{\"@type\":\"ListItem\",\"position\":1,\"name\":\"Home\",\"item\":\"https:\/\/www.stlflix-store.com\/\"},{\"@type\":\"ListItem\",\"position\":2,\"name\":\"Products\",\"item\":\"https:\/\/www.stlflix-store.com\/shop\/\"},{\"@type\":\"ListItem\",\"position\":3,\"name\":\"Support de casque\"}]},{\"@type\":\"WebSite\",\"@id\":\"https:\/\/my.stlflix.com\/#website\",\"url\":\"https:\/\/my.stlflix.com\/\",\"name\":\"MyStore - By STLFLIX\",\"description\":\"\",\"publisher\":{\"@id\":\"https:\/\/my.stlflix.com\/#organization\"},\"potentialAction\":[{\"@type\":\"SearchAction\",\"target\":{\"@type\":\"EntryPoint\",\"urlTemplate\":\"https:\/\/my.stlflix.com\/?s={search_term_string}\"},\"query-input\":{\"@type\":\"PropertyValueSpecification\",\"valueRequired\":true,\"valueName\":\"search_term_string\"}}],\"inLanguage\":\"es-ES\"},{\"@type\":\"Organization\",\"@id\":\"https:\/\/my.stlflix.com\/#organization\",\"name\":\"MyStore - By STLFLIX\",\"url\":\"https:\/\/my.stlflix.com\/\",\"logo\":{\"@type\":\"ImageObject\",\"inLanguage\":\"es-ES\",\"@id\":\"https:\/\/my.stlflix.com\/#\/schema\/logo\/image\/\",\"url\":\"https:\/\/my.stlflix.com\/wp-content\/uploads\/2024\/06\/logo-mystore.png\",\"contentUrl\":\"https:\/\/my.stlflix.com\/wp-content\/uploads\/2024\/06\/logo-mystore.png\",\"width\":150,\"height\":41,\"caption\":\"MyStore - By STLFLIX\"},\"image\":{\"@id\":\"https:\/\/my.stlflix.com\/#\/schema\/logo\/image\/\"},\"sameAs\":[\"https:\/\/www.facebook.com\/STLFLIX\",\"https:\/\/www.instagram.com\/stlflix_\/\",\"https:\/\/www.tiktok.com\/@stlflix\"]}]}<\/script>\n<!-- \/ Yoast SEO plugin. -->","yoast_head_json":{"title":"Support de casque - MyStore - By STLFLIX","robots":{"index":"index","follow":"follow","max-snippet":"max-snippet:-1","max-image-preview":"max-image-preview:large","max-video-preview":"max-video-preview:-1"},"canonical":"https:\/\/my.stlflix.com\/product\/support-de-casque\/","og_locale":"es_ES","og_type":"article","og_title":"Support de casque - MyStore - By STLFLIX","og_description":"Optimisez votre espace de jeu avec ce support pour casque audio aux formes de cristaux ! Con\u00e7u pour accueillir votre casque audio, ce support propose \u00e9galement un emplacement pratique pour ranger vos piles, \u00e9couteurs ou autres accessoires essentiels. Son design \u00e9poustouflant, inspir\u00e9 par les cristaux, ajoute une touche de fantaisie \u00e0 votre setup. Parfait pour [&hellip;]","og_url":"https:\/\/my.stlflix.com\/product\/support-de-casque\/","og_site_name":"MyStore - By STLFLIX","article_publisher":"https:\/\/www.facebook.com\/STLFLIX","article_modified_time":"2025-05-09T18:16:32+00:00","og_image":[{"width":942,"height":1178,"url":"https:\/\/my.stlflix.com\/wp-content\/uploads\/2025\/01\/473017449_1276093890362861_1382803405057718063_n.jpg","type":"image\/jpeg"}],"twitter_card":"summary_large_image","twitter_misc":{"Est. reading time":"1 minute"},"schema":{"@context":"https:\/\/schema.org","@graph":[{"@type":"WebPage","@id":"https:\/\/my.stlflix.com\/product\/support-de-casque\/","url":"https:\/\/my.stlflix.com\/product\/support-de-casque\/","name":"Support de casque - MyStore - By STLFLIX","isPartOf":{"@id":"https:\/\/my.stlflix.com\/#website"},"primaryImageOfPage":{"@id":"https:\/\/my.stlflix.com\/product\/support-de-casque\/#primaryimage"},"image":{"@id":"https:\/\/my.stlflix.com\/product\/support-de-casque\/#primaryimage"},"thumbnailUrl":"https:\/\/my.stlflix.com\/wp-content\/uploads\/2025\/01\/473017449_1276093890362861_1382803405057718063_n.jpg","datePublished":"2025-01-15T14:30:58+00:00","dateModified":"2025-05-09T18:16:32+00:00","breadcrumb":{"@id":"https:\/\/my.stlflix.com\/product\/support-de-casque\/#breadcrumb"},"inLanguage":"es-ES","potentialAction":[{"@type":"ReadAction","target":["https:\/\/my.stlflix.com\/product\/support-de-casque\/"]}]},{"@type":"ImageObject","inLanguage":"es-ES","@id":"https:\/\/my.stlflix.com\/product\/support-de-casque\/#primaryimage","url":"https:\/\/my.stlflix.com\/wp-content\/uploads\/2025\/01\/473017449_1276093890362861_1382803405057718063_n.jpg","contentUrl":"https:\/\/my.stlflix.com\/wp-content\/uploads\/2025\/01\/473017449_1276093890362861_1382803405057718063_n.jpg","width":942,"height":1178},{"@type":"BreadcrumbList","@id":"https:\/\/my.stlflix.com\/product\/support-de-casque\/#breadcrumb","itemListElement":[{"@type":"ListItem","position":1,"name":"Home","item":"https:\/\/www.stlflix-store.com\/"},{"@type":"ListItem","position":2,"name":"Products","item":"https:\/\/www.stlflix-store.com\/shop\/"},{"@type":"ListItem","position":3,"name":"Support de casque"}]},{"@type":"WebSite","@id":"https:\/\/my.stlflix.com\/#website","url":"https:\/\/my.stlflix.com\/","name":"MyStore - By STLFLIX","description":"","publisher":{"@id":"https:\/\/my.stlflix.com\/#organization"},"potentialAction":[{"@type":"SearchAction","target":{"@type":"EntryPoint","urlTemplate":"https:\/\/my.stlflix.com\/?s={search_term_string}"},"query-input":{"@type":"PropertyValueSpecification","valueRequired":true,"valueName":"search_term_string"}}],"inLanguage":"es-ES"},{"@type":"Organization","@id":"https:\/\/my.stlflix.com\/#organization","name":"MyStore - By STLFLIX","url":"https:\/\/my.stlflix.com\/","logo":{"@type":"ImageObject","inLanguage":"es-ES","@id":"https:\/\/my.stlflix.com\/#\/schema\/logo\/image\/","url":"https:\/\/my.stlflix.com\/wp-content\/uploads\/2024\/06\/logo-mystore.png","contentUrl":"https:\/\/my.stlflix.com\/wp-content\/uploads\/2024\/06\/logo-mystore.png","width":150,"height":41,"caption":"MyStore - By STLFLIX"},"image":{"@id":"https:\/\/my.stlflix.com\/#\/schema\/logo\/image\/"},"sameAs":["https:\/\/www.facebook.com\/STLFLIX","https:\/\/www.instagram.com\/stlflix_\/","https:\/\/www.tiktok.com\/@stlflix"]}]}},"_links":{"self":[{"href":"https:\/\/my.stlflix.com\/es\/wp-json\/wp\/v2\/product\/226112","targetHints":{"allow":["GET"]}}],"collection":[{"href":"https:\/\/my.stlflix.com\/es\/wp-json\/wp\/v2\/product"}],"about":[{"href":"https:\/\/my.stlflix.com\/es\/wp-json\/wp\/v2\/types\/product"}],"replies":[{"embeddable":true,"href":"https:\/\/my.stlflix.com\/es\/wp-json\/wp\/v2\/comments?post=226112"}],"wp:featuredmedia":[{"embeddable":true,"href":"https:\/\/my.stlflix.com\/es\/wp-json\/wp\/v2\/media\/226118"}],"wp:attachment":[{"href":"https:\/\/my.stlflix.com\/es\/wp-json\/wp\/v2\/media?parent=226112"}],"wp:term":[{"taxonomy":"product_brand","embeddable":true,"href":"https:\/\/my.stlflix.com\/es\/wp-json\/wp\/v2\/product_brand?post=226112"},{"taxonomy":"product_cat","embeddable":true,"href":"https:\/\/my.stlflix.com\/es\/wp-json\/wp\/v2\/product_cat?post=226112"},{"taxonomy":"product_tag","embeddable":true,"href":"https:\/\/my.stlflix.com\/es\/wp-json\/wp\/v2\/product_tag?post=226112"}],"curies":[{"name":"wp","href":"https:\/\/api.w.org\/{rel}","templated":true}]}}