{"id":238678,"date":"2025-01-25T19:30:58","date_gmt":"2025-01-25T19:30:58","guid":{"rendered":"https:\/\/my.stlflix.com\/?post_type=product&#038;p=238678"},"modified":"2025-02-13T00:51:02","modified_gmt":"2025-02-13T00:51:02","slug":"charizard-shiny-black","status":"publish","type":"product","link":"https:\/\/my.stlflix.com\/es\/product\/charizard-shiny-black\/","title":{"rendered":"Charizard Black flex\u00edvel Grande &#8211; 22 cm x 15 cm x 34 cm"},"content":{"rendered":"<p><strong>Voc\u00ea \u00e9 um f\u00e3 de Pok\u00e9mon? Ent\u00e3o n\u00e3o perca essa oportunidade de ter o seu pr\u00f3prio Charizard em casa!<\/strong><\/p>\n<p><strong>Estamos oferecendo um boneco incr\u00edvel do Charizard, um dos Pok\u00e9mon mais ic\u00f4nicos e poderosos da s\u00e9rie. Com detalhes impressionantes e uma qualidade superior, esse boneco \u00e9 indispens\u00e1vel\u00a0 para qualquer colecionador ou f\u00e3 de Pok\u00e9mon.<\/strong><\/p>\n<p><strong>Detalhes do boneco:<\/strong><\/p>\n<p><strong>&#8211; Tamanho: 22 cm largura, 15 cm altura, 34 cm comprimento<\/strong><br \/>\n<strong>&#8211; Material: Pl\u00e1stico de alta qualidade<\/strong><br \/>\n<strong>&#8211; Detalhes: Asas articuladas, cauda articulada<\/strong><br \/>\n<strong>&#8211; Cor: Preto e Vermelho, e Amarelo<\/strong><\/p>\n<p><strong>N\u00e3o perca essa oportunidade de ter o seu pr\u00f3prio Charizard em casa! Compre agora e mostre sua paix\u00e3o por Pok\u00e9mon!<\/strong><\/p>\n","protected":false},"excerpt":{"rendered":"<p>Voc\u00ea \u00e9 um f\u00e3 de Pok\u00e9mon? Ent\u00e3o n\u00e3o perca essa oportunidade de ter o seu pr\u00f3prio Charizard em casa! Estamos oferecendo um boneco incr\u00edvel do Charizard, um dos Pok\u00e9mon mais ic\u00f4nicos e poderosos da s\u00e9rie. Com detalhes impressionantes e uma qualidade superior, esse boneco \u00e9 indispens\u00e1vel\u00a0 para qualquer colecionador ou f\u00e3 de Pok\u00e9mon. Detalhes do [&hellip;]<\/p>\n","protected":false},"featured_media":238709,"comment_status":"open","ping_status":"closed","template":"","meta":[],"product_brand":[],"product_cat":[15],"product_tag":[690,4690,5101],"class_list":{"0":"post-238678","1":"product","2":"type-product","3":"status-publish","4":"has-post-thumbnail","6":"product_cat-uncategorized","7":"product_tag-brinquedos","8":"product_tag-colecionaveis","9":"product_tag-flexivel","11":"first","12":"instock","13":"sale","14":"taxable","15":"shipping-taxable","16":"purchasable","17":"product-type-simple"},"yoast_head":"<!-- This site is optimized with the Yoast SEO plugin v25.1 - https:\/\/yoast.com\/wordpress\/plugins\/seo\/ -->\n<title>Charizard Black flex\u00edvel Grande - 22 cm x 15 cm x 34 cm - MyStore - By STLFLIX<\/title>\n<meta name=\"robots\" content=\"index, follow, max-snippet:-1, max-image-preview:large, max-video-preview:-1\" \/>\n<link rel=\"canonical\" href=\"https:\/\/my.stlflix.com\/es\/product\/charizard-shiny-black\/\" \/>\n<meta property=\"og:locale\" content=\"es_ES\" \/>\n<meta property=\"og:type\" content=\"article\" \/>\n<meta property=\"og:title\" content=\"Charizard Black flex\u00edvel Grande - 22 cm x 15 cm x 34 cm - MyStore - By STLFLIX\" \/>\n<meta property=\"og:description\" content=\"Voc\u00ea \u00e9 um f\u00e3 de Pok\u00e9mon? Ent\u00e3o n\u00e3o perca essa oportunidade de ter o seu pr\u00f3prio Charizard em casa! Estamos oferecendo um boneco incr\u00edvel do Charizard, um dos Pok\u00e9mon mais ic\u00f4nicos e poderosos da s\u00e9rie. Com detalhes impressionantes e uma qualidade superior, esse boneco \u00e9 indispens\u00e1vel\u00a0 para qualquer colecionador ou f\u00e3 de Pok\u00e9mon. Detalhes do [&hellip;]\" \/>\n<meta property=\"og:url\" content=\"https:\/\/my.stlflix.com\/es\/product\/charizard-shiny-black\/\" \/>\n<meta property=\"og:site_name\" content=\"MyStore - By STLFLIX\" \/>\n<meta property=\"article:publisher\" content=\"https:\/\/www.facebook.com\/STLFLIX\" \/>\n<meta property=\"article:modified_time\" content=\"2025-02-13T00:51:02+00:00\" \/>\n<meta property=\"og:image\" content=\"https:\/\/my.stlflix.com\/wp-content\/uploads\/2025\/01\/WhatsApp-Image-2025-01-19-at-17.36.18.jpeg\" \/>\n\t<meta property=\"og:image:width\" content=\"900\" \/>\n\t<meta property=\"og:image:height\" content=\"1600\" \/>\n\t<meta property=\"og:image:type\" content=\"image\/jpeg\" \/>\n<meta name=\"twitter:card\" content=\"summary_large_image\" \/>\n<meta name=\"twitter:label1\" content=\"Est. reading time\" \/>\n\t<meta name=\"twitter:data1\" content=\"1 minute\" \/>\n<script type=\"application\/ld+json\" class=\"yoast-schema-graph\">{\"@context\":\"https:\/\/schema.org\",\"@graph\":[{\"@type\":\"WebPage\",\"@id\":\"https:\/\/my.stlflix.com\/es\/product\/charizard-shiny-black\/\",\"url\":\"https:\/\/my.stlflix.com\/es\/product\/charizard-shiny-black\/\",\"name\":\"Charizard Black flex\u00edvel Grande - 22 cm x 15 cm x 34 cm - MyStore - By STLFLIX\",\"isPartOf\":{\"@id\":\"https:\/\/my.stlflix.com\/#website\"},\"primaryImageOfPage\":{\"@id\":\"https:\/\/my.stlflix.com\/es\/product\/charizard-shiny-black\/#primaryimage\"},\"image\":{\"@id\":\"https:\/\/my.stlflix.com\/es\/product\/charizard-shiny-black\/#primaryimage\"},\"thumbnailUrl\":\"https:\/\/my.stlflix.com\/wp-content\/uploads\/2025\/01\/WhatsApp-Image-2025-01-19-at-17.36.18.jpeg\",\"datePublished\":\"2025-01-25T19:30:58+00:00\",\"dateModified\":\"2025-02-13T00:51:02+00:00\",\"breadcrumb\":{\"@id\":\"https:\/\/my.stlflix.com\/es\/product\/charizard-shiny-black\/#breadcrumb\"},\"inLanguage\":\"es-ES\",\"potentialAction\":[{\"@type\":\"ReadAction\",\"target\":[\"https:\/\/my.stlflix.com\/es\/product\/charizard-shiny-black\/\"]}]},{\"@type\":\"ImageObject\",\"inLanguage\":\"es-ES\",\"@id\":\"https:\/\/my.stlflix.com\/es\/product\/charizard-shiny-black\/#primaryimage\",\"url\":\"https:\/\/my.stlflix.com\/wp-content\/uploads\/2025\/01\/WhatsApp-Image-2025-01-19-at-17.36.18.jpeg\",\"contentUrl\":\"https:\/\/my.stlflix.com\/wp-content\/uploads\/2025\/01\/WhatsApp-Image-2025-01-19-at-17.36.18.jpeg\",\"width\":900,\"height\":1600},{\"@type\":\"BreadcrumbList\",\"@id\":\"https:\/\/my.stlflix.com\/es\/product\/charizard-shiny-black\/#breadcrumb\",\"itemListElement\":[{\"@type\":\"ListItem\",\"position\":1,\"name\":\"Home\",\"item\":\"https:\/\/www.stlflix-store.com\/\"},{\"@type\":\"ListItem\",\"position\":2,\"name\":\"Products\",\"item\":\"https:\/\/www.stlflix-store.com\/shop\/\"},{\"@type\":\"ListItem\",\"position\":3,\"name\":\"Charizard Black flex\u00edvel Grande &#8211; 22 cm x 15 cm x 34 cm\"}]},{\"@type\":\"WebSite\",\"@id\":\"https:\/\/my.stlflix.com\/#website\",\"url\":\"https:\/\/my.stlflix.com\/\",\"name\":\"MyStore - By STLFLIX\",\"description\":\"\",\"publisher\":{\"@id\":\"https:\/\/my.stlflix.com\/#organization\"},\"potentialAction\":[{\"@type\":\"SearchAction\",\"target\":{\"@type\":\"EntryPoint\",\"urlTemplate\":\"https:\/\/my.stlflix.com\/?s={search_term_string}\"},\"query-input\":{\"@type\":\"PropertyValueSpecification\",\"valueRequired\":true,\"valueName\":\"search_term_string\"}}],\"inLanguage\":\"es-ES\"},{\"@type\":\"Organization\",\"@id\":\"https:\/\/my.stlflix.com\/#organization\",\"name\":\"MyStore - By STLFLIX\",\"url\":\"https:\/\/my.stlflix.com\/\",\"logo\":{\"@type\":\"ImageObject\",\"inLanguage\":\"es-ES\",\"@id\":\"https:\/\/my.stlflix.com\/#\/schema\/logo\/image\/\",\"url\":\"https:\/\/my.stlflix.com\/wp-content\/uploads\/2024\/06\/logo-mystore.png\",\"contentUrl\":\"https:\/\/my.stlflix.com\/wp-content\/uploads\/2024\/06\/logo-mystore.png\",\"width\":150,\"height\":41,\"caption\":\"MyStore - By STLFLIX\"},\"image\":{\"@id\":\"https:\/\/my.stlflix.com\/#\/schema\/logo\/image\/\"},\"sameAs\":[\"https:\/\/www.facebook.com\/STLFLIX\",\"https:\/\/www.instagram.com\/stlflix_\/\",\"https:\/\/www.tiktok.com\/@stlflix\"]}]}<\/script>\n<!-- \/ Yoast SEO plugin. -->","yoast_head_json":{"title":"Charizard Black flex\u00edvel Grande - 22 cm x 15 cm x 34 cm - MyStore - By STLFLIX","robots":{"index":"index","follow":"follow","max-snippet":"max-snippet:-1","max-image-preview":"max-image-preview:large","max-video-preview":"max-video-preview:-1"},"canonical":"https:\/\/my.stlflix.com\/es\/product\/charizard-shiny-black\/","og_locale":"es_ES","og_type":"article","og_title":"Charizard Black flex\u00edvel Grande - 22 cm x 15 cm x 34 cm - MyStore - By STLFLIX","og_description":"Voc\u00ea \u00e9 um f\u00e3 de Pok\u00e9mon? Ent\u00e3o n\u00e3o perca essa oportunidade de ter o seu pr\u00f3prio Charizard em casa! Estamos oferecendo um boneco incr\u00edvel do Charizard, um dos Pok\u00e9mon mais ic\u00f4nicos e poderosos da s\u00e9rie. Com detalhes impressionantes e uma qualidade superior, esse boneco \u00e9 indispens\u00e1vel\u00a0 para qualquer colecionador ou f\u00e3 de Pok\u00e9mon. Detalhes do [&hellip;]","og_url":"https:\/\/my.stlflix.com\/es\/product\/charizard-shiny-black\/","og_site_name":"MyStore - By STLFLIX","article_publisher":"https:\/\/www.facebook.com\/STLFLIX","article_modified_time":"2025-02-13T00:51:02+00:00","og_image":[{"width":900,"height":1600,"url":"https:\/\/my.stlflix.com\/wp-content\/uploads\/2025\/01\/WhatsApp-Image-2025-01-19-at-17.36.18.jpeg","type":"image\/jpeg"}],"twitter_card":"summary_large_image","twitter_misc":{"Est. reading time":"1 minute"},"schema":{"@context":"https:\/\/schema.org","@graph":[{"@type":"WebPage","@id":"https:\/\/my.stlflix.com\/es\/product\/charizard-shiny-black\/","url":"https:\/\/my.stlflix.com\/es\/product\/charizard-shiny-black\/","name":"Charizard Black flex\u00edvel Grande - 22 cm x 15 cm x 34 cm - MyStore - By STLFLIX","isPartOf":{"@id":"https:\/\/my.stlflix.com\/#website"},"primaryImageOfPage":{"@id":"https:\/\/my.stlflix.com\/es\/product\/charizard-shiny-black\/#primaryimage"},"image":{"@id":"https:\/\/my.stlflix.com\/es\/product\/charizard-shiny-black\/#primaryimage"},"thumbnailUrl":"https:\/\/my.stlflix.com\/wp-content\/uploads\/2025\/01\/WhatsApp-Image-2025-01-19-at-17.36.18.jpeg","datePublished":"2025-01-25T19:30:58+00:00","dateModified":"2025-02-13T00:51:02+00:00","breadcrumb":{"@id":"https:\/\/my.stlflix.com\/es\/product\/charizard-shiny-black\/#breadcrumb"},"inLanguage":"es-ES","potentialAction":[{"@type":"ReadAction","target":["https:\/\/my.stlflix.com\/es\/product\/charizard-shiny-black\/"]}]},{"@type":"ImageObject","inLanguage":"es-ES","@id":"https:\/\/my.stlflix.com\/es\/product\/charizard-shiny-black\/#primaryimage","url":"https:\/\/my.stlflix.com\/wp-content\/uploads\/2025\/01\/WhatsApp-Image-2025-01-19-at-17.36.18.jpeg","contentUrl":"https:\/\/my.stlflix.com\/wp-content\/uploads\/2025\/01\/WhatsApp-Image-2025-01-19-at-17.36.18.jpeg","width":900,"height":1600},{"@type":"BreadcrumbList","@id":"https:\/\/my.stlflix.com\/es\/product\/charizard-shiny-black\/#breadcrumb","itemListElement":[{"@type":"ListItem","position":1,"name":"Home","item":"https:\/\/www.stlflix-store.com\/"},{"@type":"ListItem","position":2,"name":"Products","item":"https:\/\/www.stlflix-store.com\/shop\/"},{"@type":"ListItem","position":3,"name":"Charizard Black flex\u00edvel Grande &#8211; 22 cm x 15 cm x 34 cm"}]},{"@type":"WebSite","@id":"https:\/\/my.stlflix.com\/#website","url":"https:\/\/my.stlflix.com\/","name":"MyStore - By STLFLIX","description":"","publisher":{"@id":"https:\/\/my.stlflix.com\/#organization"},"potentialAction":[{"@type":"SearchAction","target":{"@type":"EntryPoint","urlTemplate":"https:\/\/my.stlflix.com\/?s={search_term_string}"},"query-input":{"@type":"PropertyValueSpecification","valueRequired":true,"valueName":"search_term_string"}}],"inLanguage":"es-ES"},{"@type":"Organization","@id":"https:\/\/my.stlflix.com\/#organization","name":"MyStore - By STLFLIX","url":"https:\/\/my.stlflix.com\/","logo":{"@type":"ImageObject","inLanguage":"es-ES","@id":"https:\/\/my.stlflix.com\/#\/schema\/logo\/image\/","url":"https:\/\/my.stlflix.com\/wp-content\/uploads\/2024\/06\/logo-mystore.png","contentUrl":"https:\/\/my.stlflix.com\/wp-content\/uploads\/2024\/06\/logo-mystore.png","width":150,"height":41,"caption":"MyStore - By STLFLIX"},"image":{"@id":"https:\/\/my.stlflix.com\/#\/schema\/logo\/image\/"},"sameAs":["https:\/\/www.facebook.com\/STLFLIX","https:\/\/www.instagram.com\/stlflix_\/","https:\/\/www.tiktok.com\/@stlflix"]}]}},"_links":{"self":[{"href":"https:\/\/my.stlflix.com\/es\/wp-json\/wp\/v2\/product\/238678","targetHints":{"allow":["GET"]}}],"collection":[{"href":"https:\/\/my.stlflix.com\/es\/wp-json\/wp\/v2\/product"}],"about":[{"href":"https:\/\/my.stlflix.com\/es\/wp-json\/wp\/v2\/types\/product"}],"replies":[{"embeddable":true,"href":"https:\/\/my.stlflix.com\/es\/wp-json\/wp\/v2\/comments?post=238678"}],"wp:featuredmedia":[{"embeddable":true,"href":"https:\/\/my.stlflix.com\/es\/wp-json\/wp\/v2\/media\/238709"}],"wp:attachment":[{"href":"https:\/\/my.stlflix.com\/es\/wp-json\/wp\/v2\/media?parent=238678"}],"wp:term":[{"taxonomy":"product_brand","embeddable":true,"href":"https:\/\/my.stlflix.com\/es\/wp-json\/wp\/v2\/product_brand?post=238678"},{"taxonomy":"product_cat","embeddable":true,"href":"https:\/\/my.stlflix.com\/es\/wp-json\/wp\/v2\/product_cat?post=238678"},{"taxonomy":"product_tag","embeddable":true,"href":"https:\/\/my.stlflix.com\/es\/wp-json\/wp\/v2\/product_tag?post=238678"}],"curies":[{"name":"wp","href":"https:\/\/api.w.org\/{rel}","templated":true}]}}