{"id":238899,"date":"2025-01-25T22:24:13","date_gmt":"2025-01-25T22:24:13","guid":{"rendered":"https:\/\/my.stlflix.com\/?post_type=product&#038;p=238899"},"modified":"2025-02-13T00:30:27","modified_gmt":"2025-02-13T00:30:27","slug":"kit-com-3-trabalhador-round-6-1-quadrado-1-triangulo-1-redondo","status":"publish","type":"product","link":"https:\/\/my.stlflix.com\/es\/product\/kit-com-3-trabalhador-round-6-1-quadrado-1-triangulo-1-redondo\/","title":{"rendered":"KIT com 3 Trabalhadores Round 6: 1 Quadrado, 1 Tri\u00e2ngulo e 1 Redondo"},"content":{"rendered":"<p><strong>Voc\u00ea \u00e9 um f\u00e3 da s\u00e9rie Round 6 da Netflix? Ent\u00e3o n\u00e3o perca essa oportunidade de ter um peda\u00e7o da a\u00e7\u00e3o em sua casa!<\/strong><\/p>\n<p><strong>voc\u00ea pode escolher entre os personagens com a mascara Triangulo , mascara Quadrada , Mascara Redondo<\/strong><\/p>\n<p><strong>feito em plastico.<\/strong><\/p>\n<p><strong>Tamanho 9,5 cm largura\u00a0 x 8,5 cm Altura x 8 cm comprimento<\/strong><\/p>\n<p><strong>N\u00e3o perca essa oportunidade de ter um peda\u00e7o da s\u00e9rie Round 6 em sua casa! Compre agora e mostre sua paix\u00e3o pela s\u00e9rie!<\/strong><\/p>\n<p>acompanha 1 personagem mascara quadrado<\/p>\n<p>acompanha 1 personagem mascara triangulo<\/p>\n<p>acompanha 1 personagem mascara redondo<\/p>\n","protected":false},"excerpt":{"rendered":"<p>Voc\u00ea \u00e9 um f\u00e3 da s\u00e9rie Round 6 da Netflix? Ent\u00e3o n\u00e3o perca essa oportunidade de ter um peda\u00e7o da a\u00e7\u00e3o em sua casa! voc\u00ea pode escolher entre os personagens com a mascara Triangulo , mascara Quadrada , Mascara Redondo feito em plastico. Tamanho 9,5 cm largura\u00a0 x 8,5 cm Altura x 8 cm comprimento [&hellip;]<\/p>\n","protected":false},"featured_media":239788,"comment_status":"open","ping_status":"closed","template":"","meta":[],"product_brand":[],"product_cat":[15],"product_tag":[4690,5100,5099],"class_list":{"0":"post-238899","1":"product","2":"type-product","3":"status-publish","4":"has-post-thumbnail","6":"product_cat-uncategorized","7":"product_tag-colecionaveis","8":"product_tag-filme","9":"product_tag-serie","11":"first","12":"instock","13":"sale","14":"taxable","15":"shipping-taxable","16":"purchasable","17":"product-type-simple"},"yoast_head":"<!-- This site is optimized with the Yoast SEO plugin v25.1 - https:\/\/yoast.com\/wordpress\/plugins\/seo\/ -->\n<title>KIT com 3 Trabalhadores Round 6: 1 Quadrado, 1 Tri\u00e2ngulo e 1 Redondo - MyStore - By STLFLIX<\/title>\n<meta name=\"robots\" content=\"index, follow, max-snippet:-1, max-image-preview:large, max-video-preview:-1\" \/>\n<link rel=\"canonical\" href=\"https:\/\/my.stlflix.com\/es\/product\/kit-com-3-trabalhador-round-6-1-quadrado-1-triangulo-1-redondo\/\" \/>\n<meta property=\"og:locale\" content=\"es_ES\" \/>\n<meta property=\"og:type\" content=\"article\" \/>\n<meta property=\"og:title\" content=\"KIT com 3 Trabalhadores Round 6: 1 Quadrado, 1 Tri\u00e2ngulo e 1 Redondo - MyStore - By STLFLIX\" \/>\n<meta property=\"og:description\" content=\"Voc\u00ea \u00e9 um f\u00e3 da s\u00e9rie Round 6 da Netflix? Ent\u00e3o n\u00e3o perca essa oportunidade de ter um peda\u00e7o da a\u00e7\u00e3o em sua casa! voc\u00ea pode escolher entre os personagens com a mascara Triangulo , mascara Quadrada , Mascara Redondo feito em plastico. Tamanho 9,5 cm largura\u00a0 x 8,5 cm Altura x 8 cm comprimento [&hellip;]\" \/>\n<meta property=\"og:url\" content=\"https:\/\/my.stlflix.com\/es\/product\/kit-com-3-trabalhador-round-6-1-quadrado-1-triangulo-1-redondo\/\" \/>\n<meta property=\"og:site_name\" content=\"MyStore - By STLFLIX\" \/>\n<meta property=\"article:publisher\" content=\"https:\/\/www.facebook.com\/STLFLIX\" \/>\n<meta property=\"article:modified_time\" content=\"2025-02-13T00:30:27+00:00\" \/>\n<meta property=\"og:image\" content=\"https:\/\/my.stlflix.com\/wp-content\/uploads\/2025\/01\/Design-sem-nome-3-2.png\" \/>\n\t<meta property=\"og:image:width\" content=\"1280\" \/>\n\t<meta property=\"og:image:height\" content=\"720\" \/>\n\t<meta property=\"og:image:type\" content=\"image\/png\" \/>\n<meta name=\"twitter:card\" content=\"summary_large_image\" \/>\n<script type=\"application\/ld+json\" class=\"yoast-schema-graph\">{\"@context\":\"https:\/\/schema.org\",\"@graph\":[{\"@type\":\"WebPage\",\"@id\":\"https:\/\/my.stlflix.com\/es\/product\/kit-com-3-trabalhador-round-6-1-quadrado-1-triangulo-1-redondo\/\",\"url\":\"https:\/\/my.stlflix.com\/es\/product\/kit-com-3-trabalhador-round-6-1-quadrado-1-triangulo-1-redondo\/\",\"name\":\"KIT com 3 Trabalhadores Round 6: 1 Quadrado, 1 Tri\u00e2ngulo e 1 Redondo - MyStore - By STLFLIX\",\"isPartOf\":{\"@id\":\"https:\/\/my.stlflix.com\/#website\"},\"primaryImageOfPage\":{\"@id\":\"https:\/\/my.stlflix.com\/es\/product\/kit-com-3-trabalhador-round-6-1-quadrado-1-triangulo-1-redondo\/#primaryimage\"},\"image\":{\"@id\":\"https:\/\/my.stlflix.com\/es\/product\/kit-com-3-trabalhador-round-6-1-quadrado-1-triangulo-1-redondo\/#primaryimage\"},\"thumbnailUrl\":\"https:\/\/my.stlflix.com\/wp-content\/uploads\/2025\/01\/Design-sem-nome-3-2.png\",\"datePublished\":\"2025-01-25T22:24:13+00:00\",\"dateModified\":\"2025-02-13T00:30:27+00:00\",\"breadcrumb\":{\"@id\":\"https:\/\/my.stlflix.com\/es\/product\/kit-com-3-trabalhador-round-6-1-quadrado-1-triangulo-1-redondo\/#breadcrumb\"},\"inLanguage\":\"es-ES\",\"potentialAction\":[{\"@type\":\"ReadAction\",\"target\":[\"https:\/\/my.stlflix.com\/es\/product\/kit-com-3-trabalhador-round-6-1-quadrado-1-triangulo-1-redondo\/\"]}]},{\"@type\":\"ImageObject\",\"inLanguage\":\"es-ES\",\"@id\":\"https:\/\/my.stlflix.com\/es\/product\/kit-com-3-trabalhador-round-6-1-quadrado-1-triangulo-1-redondo\/#primaryimage\",\"url\":\"https:\/\/my.stlflix.com\/wp-content\/uploads\/2025\/01\/Design-sem-nome-3-2.png\",\"contentUrl\":\"https:\/\/my.stlflix.com\/wp-content\/uploads\/2025\/01\/Design-sem-nome-3-2.png\",\"width\":1280,\"height\":720},{\"@type\":\"BreadcrumbList\",\"@id\":\"https:\/\/my.stlflix.com\/es\/product\/kit-com-3-trabalhador-round-6-1-quadrado-1-triangulo-1-redondo\/#breadcrumb\",\"itemListElement\":[{\"@type\":\"ListItem\",\"position\":1,\"name\":\"Home\",\"item\":\"https:\/\/www.stlflix-store.com\/\"},{\"@type\":\"ListItem\",\"position\":2,\"name\":\"Products\",\"item\":\"https:\/\/www.stlflix-store.com\/shop\/\"},{\"@type\":\"ListItem\",\"position\":3,\"name\":\"KIT com 3 Trabalhadores Round 6: 1 Quadrado, 1 Tri\u00e2ngulo e 1 Redondo\"}]},{\"@type\":\"WebSite\",\"@id\":\"https:\/\/my.stlflix.com\/#website\",\"url\":\"https:\/\/my.stlflix.com\/\",\"name\":\"MyStore - By STLFLIX\",\"description\":\"\",\"publisher\":{\"@id\":\"https:\/\/my.stlflix.com\/#organization\"},\"potentialAction\":[{\"@type\":\"SearchAction\",\"target\":{\"@type\":\"EntryPoint\",\"urlTemplate\":\"https:\/\/my.stlflix.com\/?s={search_term_string}\"},\"query-input\":{\"@type\":\"PropertyValueSpecification\",\"valueRequired\":true,\"valueName\":\"search_term_string\"}}],\"inLanguage\":\"es-ES\"},{\"@type\":\"Organization\",\"@id\":\"https:\/\/my.stlflix.com\/#organization\",\"name\":\"MyStore - By STLFLIX\",\"url\":\"https:\/\/my.stlflix.com\/\",\"logo\":{\"@type\":\"ImageObject\",\"inLanguage\":\"es-ES\",\"@id\":\"https:\/\/my.stlflix.com\/#\/schema\/logo\/image\/\",\"url\":\"https:\/\/my.stlflix.com\/wp-content\/uploads\/2024\/06\/logo-mystore.png\",\"contentUrl\":\"https:\/\/my.stlflix.com\/wp-content\/uploads\/2024\/06\/logo-mystore.png\",\"width\":150,\"height\":41,\"caption\":\"MyStore - By STLFLIX\"},\"image\":{\"@id\":\"https:\/\/my.stlflix.com\/#\/schema\/logo\/image\/\"},\"sameAs\":[\"https:\/\/www.facebook.com\/STLFLIX\",\"https:\/\/www.instagram.com\/stlflix_\/\",\"https:\/\/www.tiktok.com\/@stlflix\"]}]}<\/script>\n<!-- \/ Yoast SEO plugin. -->","yoast_head_json":{"title":"KIT com 3 Trabalhadores Round 6: 1 Quadrado, 1 Tri\u00e2ngulo e 1 Redondo - MyStore - By STLFLIX","robots":{"index":"index","follow":"follow","max-snippet":"max-snippet:-1","max-image-preview":"max-image-preview:large","max-video-preview":"max-video-preview:-1"},"canonical":"https:\/\/my.stlflix.com\/es\/product\/kit-com-3-trabalhador-round-6-1-quadrado-1-triangulo-1-redondo\/","og_locale":"es_ES","og_type":"article","og_title":"KIT com 3 Trabalhadores Round 6: 1 Quadrado, 1 Tri\u00e2ngulo e 1 Redondo - MyStore - By STLFLIX","og_description":"Voc\u00ea \u00e9 um f\u00e3 da s\u00e9rie Round 6 da Netflix? Ent\u00e3o n\u00e3o perca essa oportunidade de ter um peda\u00e7o da a\u00e7\u00e3o em sua casa! voc\u00ea pode escolher entre os personagens com a mascara Triangulo , mascara Quadrada , Mascara Redondo feito em plastico. Tamanho 9,5 cm largura\u00a0 x 8,5 cm Altura x 8 cm comprimento [&hellip;]","og_url":"https:\/\/my.stlflix.com\/es\/product\/kit-com-3-trabalhador-round-6-1-quadrado-1-triangulo-1-redondo\/","og_site_name":"MyStore - By STLFLIX","article_publisher":"https:\/\/www.facebook.com\/STLFLIX","article_modified_time":"2025-02-13T00:30:27+00:00","og_image":[{"width":1280,"height":720,"url":"https:\/\/my.stlflix.com\/wp-content\/uploads\/2025\/01\/Design-sem-nome-3-2.png","type":"image\/png"}],"twitter_card":"summary_large_image","schema":{"@context":"https:\/\/schema.org","@graph":[{"@type":"WebPage","@id":"https:\/\/my.stlflix.com\/es\/product\/kit-com-3-trabalhador-round-6-1-quadrado-1-triangulo-1-redondo\/","url":"https:\/\/my.stlflix.com\/es\/product\/kit-com-3-trabalhador-round-6-1-quadrado-1-triangulo-1-redondo\/","name":"KIT com 3 Trabalhadores Round 6: 1 Quadrado, 1 Tri\u00e2ngulo e 1 Redondo - MyStore - By STLFLIX","isPartOf":{"@id":"https:\/\/my.stlflix.com\/#website"},"primaryImageOfPage":{"@id":"https:\/\/my.stlflix.com\/es\/product\/kit-com-3-trabalhador-round-6-1-quadrado-1-triangulo-1-redondo\/#primaryimage"},"image":{"@id":"https:\/\/my.stlflix.com\/es\/product\/kit-com-3-trabalhador-round-6-1-quadrado-1-triangulo-1-redondo\/#primaryimage"},"thumbnailUrl":"https:\/\/my.stlflix.com\/wp-content\/uploads\/2025\/01\/Design-sem-nome-3-2.png","datePublished":"2025-01-25T22:24:13+00:00","dateModified":"2025-02-13T00:30:27+00:00","breadcrumb":{"@id":"https:\/\/my.stlflix.com\/es\/product\/kit-com-3-trabalhador-round-6-1-quadrado-1-triangulo-1-redondo\/#breadcrumb"},"inLanguage":"es-ES","potentialAction":[{"@type":"ReadAction","target":["https:\/\/my.stlflix.com\/es\/product\/kit-com-3-trabalhador-round-6-1-quadrado-1-triangulo-1-redondo\/"]}]},{"@type":"ImageObject","inLanguage":"es-ES","@id":"https:\/\/my.stlflix.com\/es\/product\/kit-com-3-trabalhador-round-6-1-quadrado-1-triangulo-1-redondo\/#primaryimage","url":"https:\/\/my.stlflix.com\/wp-content\/uploads\/2025\/01\/Design-sem-nome-3-2.png","contentUrl":"https:\/\/my.stlflix.com\/wp-content\/uploads\/2025\/01\/Design-sem-nome-3-2.png","width":1280,"height":720},{"@type":"BreadcrumbList","@id":"https:\/\/my.stlflix.com\/es\/product\/kit-com-3-trabalhador-round-6-1-quadrado-1-triangulo-1-redondo\/#breadcrumb","itemListElement":[{"@type":"ListItem","position":1,"name":"Home","item":"https:\/\/www.stlflix-store.com\/"},{"@type":"ListItem","position":2,"name":"Products","item":"https:\/\/www.stlflix-store.com\/shop\/"},{"@type":"ListItem","position":3,"name":"KIT com 3 Trabalhadores Round 6: 1 Quadrado, 1 Tri\u00e2ngulo e 1 Redondo"}]},{"@type":"WebSite","@id":"https:\/\/my.stlflix.com\/#website","url":"https:\/\/my.stlflix.com\/","name":"MyStore - By STLFLIX","description":"","publisher":{"@id":"https:\/\/my.stlflix.com\/#organization"},"potentialAction":[{"@type":"SearchAction","target":{"@type":"EntryPoint","urlTemplate":"https:\/\/my.stlflix.com\/?s={search_term_string}"},"query-input":{"@type":"PropertyValueSpecification","valueRequired":true,"valueName":"search_term_string"}}],"inLanguage":"es-ES"},{"@type":"Organization","@id":"https:\/\/my.stlflix.com\/#organization","name":"MyStore - By STLFLIX","url":"https:\/\/my.stlflix.com\/","logo":{"@type":"ImageObject","inLanguage":"es-ES","@id":"https:\/\/my.stlflix.com\/#\/schema\/logo\/image\/","url":"https:\/\/my.stlflix.com\/wp-content\/uploads\/2024\/06\/logo-mystore.png","contentUrl":"https:\/\/my.stlflix.com\/wp-content\/uploads\/2024\/06\/logo-mystore.png","width":150,"height":41,"caption":"MyStore - By STLFLIX"},"image":{"@id":"https:\/\/my.stlflix.com\/#\/schema\/logo\/image\/"},"sameAs":["https:\/\/www.facebook.com\/STLFLIX","https:\/\/www.instagram.com\/stlflix_\/","https:\/\/www.tiktok.com\/@stlflix"]}]}},"_links":{"self":[{"href":"https:\/\/my.stlflix.com\/es\/wp-json\/wp\/v2\/product\/238899","targetHints":{"allow":["GET"]}}],"collection":[{"href":"https:\/\/my.stlflix.com\/es\/wp-json\/wp\/v2\/product"}],"about":[{"href":"https:\/\/my.stlflix.com\/es\/wp-json\/wp\/v2\/types\/product"}],"replies":[{"embeddable":true,"href":"https:\/\/my.stlflix.com\/es\/wp-json\/wp\/v2\/comments?post=238899"}],"wp:featuredmedia":[{"embeddable":true,"href":"https:\/\/my.stlflix.com\/es\/wp-json\/wp\/v2\/media\/239788"}],"wp:attachment":[{"href":"https:\/\/my.stlflix.com\/es\/wp-json\/wp\/v2\/media?parent=238899"}],"wp:term":[{"taxonomy":"product_brand","embeddable":true,"href":"https:\/\/my.stlflix.com\/es\/wp-json\/wp\/v2\/product_brand?post=238899"},{"taxonomy":"product_cat","embeddable":true,"href":"https:\/\/my.stlflix.com\/es\/wp-json\/wp\/v2\/product_cat?post=238899"},{"taxonomy":"product_tag","embeddable":true,"href":"https:\/\/my.stlflix.com\/es\/wp-json\/wp\/v2\/product_tag?post=238899"}],"curies":[{"name":"wp","href":"https:\/\/api.w.org\/{rel}","templated":true}]}}