{"id":241425,"date":"2025-01-27T19:18:03","date_gmt":"2025-01-27T19:18:03","guid":{"rendered":"https:\/\/my.stlflix.com\/?post_type=product&#038;p=241425"},"modified":"2025-02-10T15:45:57","modified_gmt":"2025-02-10T15:45:57","slug":"03-liter-becher-gestockte-birke-2","status":"publish","type":"product","link":"https:\/\/my.stlflix.com\/es\/product\/03-liter-becher-gestockte-birke-2\/","title":{"rendered":"0,3 Liter Becher, gestockte Birke"},"content":{"rendered":"<p>Entdecke unseren exquisiten 0,3 Liter Becher, der in der Form eher schlicht daher kommt. Ein Pilz, der das Holz teilweise zersetzt hat, verleiht ihm zus\u00e4tzlich zur normalen eine unverkennbar sch\u00f6ne und absolut einzigartige bunte und wilde Maserung. Jeder Becher wird in sorgf\u00e4ltiger Handarbeit gefertigt, wodurch jeder einzelne ein Unikat mit ganz eigenem Charme wird.<\/p>\n<p>Der Becher kommt ohne Griff und ist klein genug, dass er trotzdem gut in der Hand liegt und gut gehalten werden kann, ob beim LARP-Event oder dem mittelalterlichen Festbankett \u2013 dieser Becher ist der perfekte Begleiter.<\/p>\n<p>F\u00fcr zus\u00e4tzlichen Schutz und Langlebigkeit ist der Becher komplett mit einem alkoholbest\u00e4ndigen Kunstharzlack behandelt. So beh\u00e4lt der Becher \u00fcber lange Zeit seine Qualit\u00e4t und der hochgl\u00e4nzende Lack hebt die Maserung nochmals stark hervor und unterstreicht das schlichte, aber edle Aussehen.<\/p>\n<p>Lassen Sie sich von der Atmosph\u00e4re vergangener Zeiten entf\u00fchren und genie\u00dfen Sie Ihre Getr\u00e4nke stilvoll aus diesem handgefertigten Meisterwerk. Ideal f\u00fcr Sammler, Rollenspieler und alle, die das Mittelalter lieben.<\/p>\n","protected":false},"excerpt":{"rendered":"<p>Entdecke unseren exquisiten 0,3 Liter Becher, der in der Form eher schlicht daher kommt. Ein Pilz, der das Holz teilweise zersetzt hat, verleiht ihm zus\u00e4tzlich zur normalen eine unverkennbar sch\u00f6ne und absolut einzigartige bunte und wilde Maserung. Jeder Becher wird in sorgf\u00e4ltiger Handarbeit gefertigt, wodurch jeder einzelne ein Unikat mit ganz eigenem Charme wird. Der [&hellip;]<\/p>\n","protected":false},"featured_media":256306,"comment_status":"open","ping_status":"closed","template":"","meta":[],"product_brand":[],"product_cat":[15],"product_tag":[4983,5141,5004],"class_list":{"0":"post-241425","1":"product","2":"type-product","3":"status-publish","4":"has-post-thumbnail","6":"product_cat-uncategorized","7":"product_tag-becher","8":"product_tag-bhk","9":"product_tag-holzarbeiten","11":"first","12":"instock","13":"purchasable","14":"product-type-simple"},"yoast_head":"<!-- This site is optimized with the Yoast SEO plugin v25.1 - https:\/\/yoast.com\/wordpress\/plugins\/seo\/ -->\n<title>0,3 Liter Becher, gestockte Birke<\/title>\n<meta name=\"description\" content=\"Formsch\u00f6ner Holzbecher f\u00fcr Mittelalter, LARP, besondere Anl\u00e4sse\" \/>\n<meta name=\"robots\" content=\"index, follow, max-snippet:-1, max-image-preview:large, max-video-preview:-1\" \/>\n<link rel=\"canonical\" href=\"https:\/\/www.my3dstore-example.com\/product\/03-liter-becher-gestockte-birke-2\/\" \/>\n<meta property=\"og:locale\" content=\"es_ES\" \/>\n<meta property=\"og:type\" content=\"article\" \/>\n<meta property=\"og:title\" content=\"0,3 Liter Becher, gestockte Birke\" \/>\n<meta property=\"og:description\" content=\"Formsch\u00f6ner Holzbecher f\u00fcr Mittelalter, LARP, besondere Anl\u00e4sse\" \/>\n<meta property=\"og:url\" content=\"https:\/\/www.my3dstore-example.com\/product\/03-liter-becher-gestockte-birke-2\/\" \/>\n<meta property=\"og:site_name\" content=\"MyStore - By STLFLIX\" \/>\n<meta property=\"article:publisher\" content=\"https:\/\/www.facebook.com\/STLFLIX\" \/>\n<meta property=\"article:modified_time\" content=\"2025-02-10T15:45:57+00:00\" \/>\n<meta property=\"og:image\" content=\"https:\/\/www.my3dstore-example.com\/wp-content\/uploads\/2025\/02\/IMG_20250113_152744234.jpg\" \/>\n\t<meta property=\"og:image:width\" content=\"810\" \/>\n\t<meta property=\"og:image:height\" content=\"1080\" \/>\n\t<meta property=\"og:image:type\" content=\"image\/jpeg\" \/>\n<meta name=\"twitter:card\" content=\"summary_large_image\" \/>\n<meta name=\"twitter:label1\" content=\"Est. reading time\" \/>\n\t<meta name=\"twitter:data1\" content=\"1 minute\" \/>\n<script type=\"application\/ld+json\" class=\"yoast-schema-graph\">{\"@context\":\"https:\/\/schema.org\",\"@graph\":[{\"@type\":\"WebPage\",\"@id\":\"https:\/\/www.my3dstore-example.com\/product\/03-liter-becher-gestockte-birke-2\/\",\"url\":\"https:\/\/www.my3dstore-example.com\/product\/03-liter-becher-gestockte-birke-2\/\",\"name\":\"0,3 Liter Becher, gestockte Birke\",\"isPartOf\":{\"@id\":\"https:\/\/my.stlflix.com\/#website\"},\"primaryImageOfPage\":{\"@id\":\"https:\/\/www.my3dstore-example.com\/product\/03-liter-becher-gestockte-birke-2\/#primaryimage\"},\"image\":{\"@id\":\"https:\/\/www.my3dstore-example.com\/product\/03-liter-becher-gestockte-birke-2\/#primaryimage\"},\"thumbnailUrl\":\"https:\/\/my.stlflix.com\/wp-content\/uploads\/2025\/02\/IMG_20250113_152744234.jpg\",\"datePublished\":\"2025-01-27T19:18:03+00:00\",\"dateModified\":\"2025-02-10T15:45:57+00:00\",\"description\":\"Formsch\u00f6ner Holzbecher f\u00fcr Mittelalter, LARP, besondere Anl\u00e4sse\",\"breadcrumb\":{\"@id\":\"https:\/\/www.my3dstore-example.com\/product\/03-liter-becher-gestockte-birke-2\/#breadcrumb\"},\"inLanguage\":\"es-ES\",\"potentialAction\":[{\"@type\":\"ReadAction\",\"target\":[\"https:\/\/www.my3dstore-example.com\/product\/03-liter-becher-gestockte-birke-2\/\"]}]},{\"@type\":\"ImageObject\",\"inLanguage\":\"es-ES\",\"@id\":\"https:\/\/www.my3dstore-example.com\/product\/03-liter-becher-gestockte-birke-2\/#primaryimage\",\"url\":\"https:\/\/my.stlflix.com\/wp-content\/uploads\/2025\/02\/IMG_20250113_152744234.jpg\",\"contentUrl\":\"https:\/\/my.stlflix.com\/wp-content\/uploads\/2025\/02\/IMG_20250113_152744234.jpg\",\"width\":810,\"height\":1080},{\"@type\":\"BreadcrumbList\",\"@id\":\"https:\/\/www.my3dstore-example.com\/product\/03-liter-becher-gestockte-birke-2\/#breadcrumb\",\"itemListElement\":[{\"@type\":\"ListItem\",\"position\":1,\"name\":\"Home\",\"item\":\"https:\/\/www.stlflix-store.com\/\"},{\"@type\":\"ListItem\",\"position\":2,\"name\":\"Products\",\"item\":\"https:\/\/www.stlflix-store.com\/shop\/\"},{\"@type\":\"ListItem\",\"position\":3,\"name\":\"0,3 Liter Becher, gestockte Birke\"}]},{\"@type\":\"WebSite\",\"@id\":\"https:\/\/my.stlflix.com\/#website\",\"url\":\"https:\/\/my.stlflix.com\/\",\"name\":\"MyStore - By STLFLIX\",\"description\":\"\",\"publisher\":{\"@id\":\"https:\/\/my.stlflix.com\/#organization\"},\"potentialAction\":[{\"@type\":\"SearchAction\",\"target\":{\"@type\":\"EntryPoint\",\"urlTemplate\":\"https:\/\/my.stlflix.com\/?s={search_term_string}\"},\"query-input\":{\"@type\":\"PropertyValueSpecification\",\"valueRequired\":true,\"valueName\":\"search_term_string\"}}],\"inLanguage\":\"es-ES\"},{\"@type\":\"Organization\",\"@id\":\"https:\/\/my.stlflix.com\/#organization\",\"name\":\"MyStore - By STLFLIX\",\"url\":\"https:\/\/my.stlflix.com\/\",\"logo\":{\"@type\":\"ImageObject\",\"inLanguage\":\"es-ES\",\"@id\":\"https:\/\/my.stlflix.com\/#\/schema\/logo\/image\/\",\"url\":\"https:\/\/my.stlflix.com\/wp-content\/uploads\/2024\/06\/logo-mystore.png\",\"contentUrl\":\"https:\/\/my.stlflix.com\/wp-content\/uploads\/2024\/06\/logo-mystore.png\",\"width\":150,\"height\":41,\"caption\":\"MyStore - By STLFLIX\"},\"image\":{\"@id\":\"https:\/\/my.stlflix.com\/#\/schema\/logo\/image\/\"},\"sameAs\":[\"https:\/\/www.facebook.com\/STLFLIX\",\"https:\/\/www.instagram.com\/stlflix_\/\",\"https:\/\/www.tiktok.com\/@stlflix\"]}]}<\/script>\n<!-- \/ Yoast SEO plugin. -->","yoast_head_json":{"title":"0,3 Liter Becher, gestockte Birke","description":"Formsch\u00f6ner Holzbecher f\u00fcr Mittelalter, LARP, besondere Anl\u00e4sse","robots":{"index":"index","follow":"follow","max-snippet":"max-snippet:-1","max-image-preview":"max-image-preview:large","max-video-preview":"max-video-preview:-1"},"canonical":"https:\/\/www.my3dstore-example.com\/product\/03-liter-becher-gestockte-birke-2\/","og_locale":"es_ES","og_type":"article","og_title":"0,3 Liter Becher, gestockte Birke","og_description":"Formsch\u00f6ner Holzbecher f\u00fcr Mittelalter, LARP, besondere Anl\u00e4sse","og_url":"https:\/\/www.my3dstore-example.com\/product\/03-liter-becher-gestockte-birke-2\/","og_site_name":"MyStore - By STLFLIX","article_publisher":"https:\/\/www.facebook.com\/STLFLIX","article_modified_time":"2025-02-10T15:45:57+00:00","og_image":[{"width":810,"height":1080,"url":"https:\/\/www.my3dstore-example.com\/wp-content\/uploads\/2025\/02\/IMG_20250113_152744234.jpg","type":"image\/jpeg"}],"twitter_card":"summary_large_image","twitter_misc":{"Est. reading time":"1 minute"},"schema":{"@context":"https:\/\/schema.org","@graph":[{"@type":"WebPage","@id":"https:\/\/www.my3dstore-example.com\/product\/03-liter-becher-gestockte-birke-2\/","url":"https:\/\/www.my3dstore-example.com\/product\/03-liter-becher-gestockte-birke-2\/","name":"0,3 Liter Becher, gestockte Birke","isPartOf":{"@id":"https:\/\/my.stlflix.com\/#website"},"primaryImageOfPage":{"@id":"https:\/\/www.my3dstore-example.com\/product\/03-liter-becher-gestockte-birke-2\/#primaryimage"},"image":{"@id":"https:\/\/www.my3dstore-example.com\/product\/03-liter-becher-gestockte-birke-2\/#primaryimage"},"thumbnailUrl":"https:\/\/my.stlflix.com\/wp-content\/uploads\/2025\/02\/IMG_20250113_152744234.jpg","datePublished":"2025-01-27T19:18:03+00:00","dateModified":"2025-02-10T15:45:57+00:00","description":"Formsch\u00f6ner Holzbecher f\u00fcr Mittelalter, LARP, besondere Anl\u00e4sse","breadcrumb":{"@id":"https:\/\/www.my3dstore-example.com\/product\/03-liter-becher-gestockte-birke-2\/#breadcrumb"},"inLanguage":"es-ES","potentialAction":[{"@type":"ReadAction","target":["https:\/\/www.my3dstore-example.com\/product\/03-liter-becher-gestockte-birke-2\/"]}]},{"@type":"ImageObject","inLanguage":"es-ES","@id":"https:\/\/www.my3dstore-example.com\/product\/03-liter-becher-gestockte-birke-2\/#primaryimage","url":"https:\/\/my.stlflix.com\/wp-content\/uploads\/2025\/02\/IMG_20250113_152744234.jpg","contentUrl":"https:\/\/my.stlflix.com\/wp-content\/uploads\/2025\/02\/IMG_20250113_152744234.jpg","width":810,"height":1080},{"@type":"BreadcrumbList","@id":"https:\/\/www.my3dstore-example.com\/product\/03-liter-becher-gestockte-birke-2\/#breadcrumb","itemListElement":[{"@type":"ListItem","position":1,"name":"Home","item":"https:\/\/www.stlflix-store.com\/"},{"@type":"ListItem","position":2,"name":"Products","item":"https:\/\/www.stlflix-store.com\/shop\/"},{"@type":"ListItem","position":3,"name":"0,3 Liter Becher, gestockte Birke"}]},{"@type":"WebSite","@id":"https:\/\/my.stlflix.com\/#website","url":"https:\/\/my.stlflix.com\/","name":"MyStore - By STLFLIX","description":"","publisher":{"@id":"https:\/\/my.stlflix.com\/#organization"},"potentialAction":[{"@type":"SearchAction","target":{"@type":"EntryPoint","urlTemplate":"https:\/\/my.stlflix.com\/?s={search_term_string}"},"query-input":{"@type":"PropertyValueSpecification","valueRequired":true,"valueName":"search_term_string"}}],"inLanguage":"es-ES"},{"@type":"Organization","@id":"https:\/\/my.stlflix.com\/#organization","name":"MyStore - By STLFLIX","url":"https:\/\/my.stlflix.com\/","logo":{"@type":"ImageObject","inLanguage":"es-ES","@id":"https:\/\/my.stlflix.com\/#\/schema\/logo\/image\/","url":"https:\/\/my.stlflix.com\/wp-content\/uploads\/2024\/06\/logo-mystore.png","contentUrl":"https:\/\/my.stlflix.com\/wp-content\/uploads\/2024\/06\/logo-mystore.png","width":150,"height":41,"caption":"MyStore - By STLFLIX"},"image":{"@id":"https:\/\/my.stlflix.com\/#\/schema\/logo\/image\/"},"sameAs":["https:\/\/www.facebook.com\/STLFLIX","https:\/\/www.instagram.com\/stlflix_\/","https:\/\/www.tiktok.com\/@stlflix"]}]}},"_links":{"self":[{"href":"https:\/\/my.stlflix.com\/es\/wp-json\/wp\/v2\/product\/241425","targetHints":{"allow":["GET"]}}],"collection":[{"href":"https:\/\/my.stlflix.com\/es\/wp-json\/wp\/v2\/product"}],"about":[{"href":"https:\/\/my.stlflix.com\/es\/wp-json\/wp\/v2\/types\/product"}],"replies":[{"embeddable":true,"href":"https:\/\/my.stlflix.com\/es\/wp-json\/wp\/v2\/comments?post=241425"}],"wp:featuredmedia":[{"embeddable":true,"href":"https:\/\/my.stlflix.com\/es\/wp-json\/wp\/v2\/media\/256306"}],"wp:attachment":[{"href":"https:\/\/my.stlflix.com\/es\/wp-json\/wp\/v2\/media?parent=241425"}],"wp:term":[{"taxonomy":"product_brand","embeddable":true,"href":"https:\/\/my.stlflix.com\/es\/wp-json\/wp\/v2\/product_brand?post=241425"},{"taxonomy":"product_cat","embeddable":true,"href":"https:\/\/my.stlflix.com\/es\/wp-json\/wp\/v2\/product_cat?post=241425"},{"taxonomy":"product_tag","embeddable":true,"href":"https:\/\/my.stlflix.com\/es\/wp-json\/wp\/v2\/product_tag?post=241425"}],"curies":[{"name":"wp","href":"https:\/\/api.w.org\/{rel}","templated":true}]}}