{"id":241488,"date":"2025-01-27T19:25:55","date_gmt":"2025-01-27T19:25:55","guid":{"rendered":"https:\/\/my.stlflix.com\/?post_type=product&#038;p=241488"},"modified":"2025-02-10T15:49:03","modified_gmt":"2025-02-10T15:49:03","slug":"holz-zylinder-woodpunk","status":"publish","type":"product","link":"https:\/\/my.stlflix.com\/es\/product\/holz-zylinder-woodpunk\/","title":{"rendered":"Holz Zylinder, Woodpunk"},"content":{"rendered":"<p>Entdecke den einzigartigen Holz-Zylinder, mit dem ich die neue Stilrichtung, den &#8220;Woodpunk&#8221; ( angelehnt an Steampunk ) ins Leben gerufen habe. Dieser edle Hut besteht aus hochwertigem Fichtenfurnier und verk\u00f6rpert meisterhafte Handwerkskunst. Jeder Hut ist formverleimt und \u00fcberzeugt durch seine robuste Struktur sowie das ansprechende Design.<\/p>\n<p>Der Zylinder ist gebeizt und matt lackiert, wodurch eine wasserdichte Oberfl\u00e4che entsteht, die sowohl Funktionalit\u00e4t als auch rustikale \u00c4sthetik vereint. Die edlen Holzmaserungen verleihen jedem St\u00fcck einen individuellen Charakter, der sich ideal f\u00fcr kreative K\u00f6pfe eignet.<\/p>\n<p>Um einen optimalen Sitz zu gew\u00e4hrleisten, ist der Innenraum mit weichem Schaumstoff ausgekleidet. Die Innenma\u00dfe betragen 15-16 cm in der Breite und 19-20 cm in der L\u00e4nge, was daf\u00fcr sorgt, dass der Hut bequem und angenehm zu tragen ist.<\/p>\n<p>Setze ein Statement mit diesem au\u00dfergew\u00f6hnlichen Holz-Zylinder und lass deiner Kreativit\u00e4t freien Lauf \u2013 ob auf Festivals, Messen LARP, Mittelalterfeste zu besonderen Feiern wie Hochzeiten oder im Alltag. Hol dir ein St\u00fcck handgefertigter Kunst nach Hause und genie\u00dfe den unverwechselbaren Woodpunk-Charme. Du wirst dich vor verwunderten Blicken nicht mehr retten k\u00f6nnen.<\/p>\n","protected":false},"excerpt":{"rendered":"<p>Entdecke den einzigartigen Holz-Zylinder, mit dem ich die neue Stilrichtung, den &#8220;Woodpunk&#8221; ( angelehnt an Steampunk ) ins Leben gerufen habe. Dieser edle Hut besteht aus hochwertigem Fichtenfurnier und verk\u00f6rpert meisterhafte Handwerkskunst. Jeder Hut ist formverleimt und \u00fcberzeugt durch seine robuste Struktur sowie das ansprechende Design. Der Zylinder ist gebeizt und matt lackiert, wodurch eine [&hellip;]<\/p>\n","protected":false},"featured_media":256351,"comment_status":"open","ping_status":"closed","template":"","meta":[],"product_brand":[],"product_cat":[15],"product_tag":[5132],"class_list":{"0":"post-241488","1":"product","2":"type-product","3":"status-publish","4":"has-post-thumbnail","6":"product_cat-uncategorized","7":"product_tag-woodpunk","9":"first","10":"instock","11":"purchasable","12":"product-type-simple"},"yoast_head":"<!-- This site is optimized with the Yoast SEO plugin v25.1 - https:\/\/yoast.com\/wordpress\/plugins\/seo\/ -->\n<title>Holz Zylinder, Woodpunk<\/title>\n<meta name=\"description\" content=\"Weltneuheit f\u00fcr Mittelalter, LARP, Hochzeit, Messe, Festival\" \/>\n<meta name=\"robots\" content=\"index, follow, max-snippet:-1, max-image-preview:large, max-video-preview:-1\" \/>\n<link rel=\"canonical\" href=\"https:\/\/my.stlflix.com\/es\/product\/holz-zylinder-woodpunk\/\" \/>\n<meta property=\"og:locale\" content=\"es_ES\" \/>\n<meta property=\"og:type\" content=\"article\" \/>\n<meta property=\"og:title\" content=\"Holz Zylinder, Woodpunk\" \/>\n<meta property=\"og:description\" content=\"Weltneuheit f\u00fcr Mittelalter, LARP, Hochzeit, Messe, Festival\" \/>\n<meta property=\"og:url\" content=\"https:\/\/my.stlflix.com\/es\/product\/holz-zylinder-woodpunk\/\" \/>\n<meta property=\"og:site_name\" content=\"MyStore - By STLFLIX\" \/>\n<meta property=\"article:publisher\" content=\"https:\/\/www.facebook.com\/STLFLIX\" \/>\n<meta property=\"article:modified_time\" content=\"2025-02-10T15:49:03+00:00\" \/>\n<meta property=\"og:image\" content=\"https:\/\/my.stlflix.com\/wp-content\/uploads\/2025\/02\/IMG_20250113_153345827.jpg\" \/>\n\t<meta property=\"og:image:width\" content=\"810\" \/>\n\t<meta property=\"og:image:height\" content=\"1080\" \/>\n\t<meta property=\"og:image:type\" content=\"image\/jpeg\" \/>\n<meta name=\"twitter:card\" content=\"summary_large_image\" \/>\n<meta name=\"twitter:label1\" content=\"Est. reading time\" \/>\n\t<meta name=\"twitter:data1\" content=\"1 minute\" \/>\n<script type=\"application\/ld+json\" class=\"yoast-schema-graph\">{\"@context\":\"https:\/\/schema.org\",\"@graph\":[{\"@type\":\"WebPage\",\"@id\":\"https:\/\/my.stlflix.com\/es\/product\/holz-zylinder-woodpunk\/\",\"url\":\"https:\/\/my.stlflix.com\/es\/product\/holz-zylinder-woodpunk\/\",\"name\":\"Holz Zylinder, Woodpunk\",\"isPartOf\":{\"@id\":\"https:\/\/my.stlflix.com\/#website\"},\"primaryImageOfPage\":{\"@id\":\"https:\/\/my.stlflix.com\/es\/product\/holz-zylinder-woodpunk\/#primaryimage\"},\"image\":{\"@id\":\"https:\/\/my.stlflix.com\/es\/product\/holz-zylinder-woodpunk\/#primaryimage\"},\"thumbnailUrl\":\"https:\/\/my.stlflix.com\/wp-content\/uploads\/2025\/02\/IMG_20250113_153345827.jpg\",\"datePublished\":\"2025-01-27T19:25:55+00:00\",\"dateModified\":\"2025-02-10T15:49:03+00:00\",\"description\":\"Weltneuheit f\u00fcr Mittelalter, LARP, Hochzeit, Messe, Festival\",\"breadcrumb\":{\"@id\":\"https:\/\/my.stlflix.com\/es\/product\/holz-zylinder-woodpunk\/#breadcrumb\"},\"inLanguage\":\"es-ES\",\"potentialAction\":[{\"@type\":\"ReadAction\",\"target\":[\"https:\/\/my.stlflix.com\/es\/product\/holz-zylinder-woodpunk\/\"]}]},{\"@type\":\"ImageObject\",\"inLanguage\":\"es-ES\",\"@id\":\"https:\/\/my.stlflix.com\/es\/product\/holz-zylinder-woodpunk\/#primaryimage\",\"url\":\"https:\/\/my.stlflix.com\/wp-content\/uploads\/2025\/02\/IMG_20250113_153345827.jpg\",\"contentUrl\":\"https:\/\/my.stlflix.com\/wp-content\/uploads\/2025\/02\/IMG_20250113_153345827.jpg\",\"width\":810,\"height\":1080},{\"@type\":\"BreadcrumbList\",\"@id\":\"https:\/\/my.stlflix.com\/es\/product\/holz-zylinder-woodpunk\/#breadcrumb\",\"itemListElement\":[{\"@type\":\"ListItem\",\"position\":1,\"name\":\"Home\",\"item\":\"https:\/\/www.stlflix-store.com\/\"},{\"@type\":\"ListItem\",\"position\":2,\"name\":\"Products\",\"item\":\"https:\/\/www.stlflix-store.com\/shop\/\"},{\"@type\":\"ListItem\",\"position\":3,\"name\":\"Holz Zylinder, Woodpunk\"}]},{\"@type\":\"WebSite\",\"@id\":\"https:\/\/my.stlflix.com\/#website\",\"url\":\"https:\/\/my.stlflix.com\/\",\"name\":\"MyStore - By STLFLIX\",\"description\":\"\",\"publisher\":{\"@id\":\"https:\/\/my.stlflix.com\/#organization\"},\"potentialAction\":[{\"@type\":\"SearchAction\",\"target\":{\"@type\":\"EntryPoint\",\"urlTemplate\":\"https:\/\/my.stlflix.com\/?s={search_term_string}\"},\"query-input\":{\"@type\":\"PropertyValueSpecification\",\"valueRequired\":true,\"valueName\":\"search_term_string\"}}],\"inLanguage\":\"es-ES\"},{\"@type\":\"Organization\",\"@id\":\"https:\/\/my.stlflix.com\/#organization\",\"name\":\"MyStore - By STLFLIX\",\"url\":\"https:\/\/my.stlflix.com\/\",\"logo\":{\"@type\":\"ImageObject\",\"inLanguage\":\"es-ES\",\"@id\":\"https:\/\/my.stlflix.com\/#\/schema\/logo\/image\/\",\"url\":\"https:\/\/my.stlflix.com\/wp-content\/uploads\/2024\/06\/logo-mystore.png\",\"contentUrl\":\"https:\/\/my.stlflix.com\/wp-content\/uploads\/2024\/06\/logo-mystore.png\",\"width\":150,\"height\":41,\"caption\":\"MyStore - By STLFLIX\"},\"image\":{\"@id\":\"https:\/\/my.stlflix.com\/#\/schema\/logo\/image\/\"},\"sameAs\":[\"https:\/\/www.facebook.com\/STLFLIX\",\"https:\/\/www.instagram.com\/stlflix_\/\",\"https:\/\/www.tiktok.com\/@stlflix\"]}]}<\/script>\n<!-- \/ Yoast SEO plugin. -->","yoast_head_json":{"title":"Holz Zylinder, Woodpunk","description":"Weltneuheit f\u00fcr Mittelalter, LARP, Hochzeit, Messe, Festival","robots":{"index":"index","follow":"follow","max-snippet":"max-snippet:-1","max-image-preview":"max-image-preview:large","max-video-preview":"max-video-preview:-1"},"canonical":"https:\/\/my.stlflix.com\/es\/product\/holz-zylinder-woodpunk\/","og_locale":"es_ES","og_type":"article","og_title":"Holz Zylinder, Woodpunk","og_description":"Weltneuheit f\u00fcr Mittelalter, LARP, Hochzeit, Messe, Festival","og_url":"https:\/\/my.stlflix.com\/es\/product\/holz-zylinder-woodpunk\/","og_site_name":"MyStore - By STLFLIX","article_publisher":"https:\/\/www.facebook.com\/STLFLIX","article_modified_time":"2025-02-10T15:49:03+00:00","og_image":[{"width":810,"height":1080,"url":"https:\/\/my.stlflix.com\/wp-content\/uploads\/2025\/02\/IMG_20250113_153345827.jpg","type":"image\/jpeg"}],"twitter_card":"summary_large_image","twitter_misc":{"Est. reading time":"1 minute"},"schema":{"@context":"https:\/\/schema.org","@graph":[{"@type":"WebPage","@id":"https:\/\/my.stlflix.com\/es\/product\/holz-zylinder-woodpunk\/","url":"https:\/\/my.stlflix.com\/es\/product\/holz-zylinder-woodpunk\/","name":"Holz Zylinder, Woodpunk","isPartOf":{"@id":"https:\/\/my.stlflix.com\/#website"},"primaryImageOfPage":{"@id":"https:\/\/my.stlflix.com\/es\/product\/holz-zylinder-woodpunk\/#primaryimage"},"image":{"@id":"https:\/\/my.stlflix.com\/es\/product\/holz-zylinder-woodpunk\/#primaryimage"},"thumbnailUrl":"https:\/\/my.stlflix.com\/wp-content\/uploads\/2025\/02\/IMG_20250113_153345827.jpg","datePublished":"2025-01-27T19:25:55+00:00","dateModified":"2025-02-10T15:49:03+00:00","description":"Weltneuheit f\u00fcr Mittelalter, LARP, Hochzeit, Messe, Festival","breadcrumb":{"@id":"https:\/\/my.stlflix.com\/es\/product\/holz-zylinder-woodpunk\/#breadcrumb"},"inLanguage":"es-ES","potentialAction":[{"@type":"ReadAction","target":["https:\/\/my.stlflix.com\/es\/product\/holz-zylinder-woodpunk\/"]}]},{"@type":"ImageObject","inLanguage":"es-ES","@id":"https:\/\/my.stlflix.com\/es\/product\/holz-zylinder-woodpunk\/#primaryimage","url":"https:\/\/my.stlflix.com\/wp-content\/uploads\/2025\/02\/IMG_20250113_153345827.jpg","contentUrl":"https:\/\/my.stlflix.com\/wp-content\/uploads\/2025\/02\/IMG_20250113_153345827.jpg","width":810,"height":1080},{"@type":"BreadcrumbList","@id":"https:\/\/my.stlflix.com\/es\/product\/holz-zylinder-woodpunk\/#breadcrumb","itemListElement":[{"@type":"ListItem","position":1,"name":"Home","item":"https:\/\/www.stlflix-store.com\/"},{"@type":"ListItem","position":2,"name":"Products","item":"https:\/\/www.stlflix-store.com\/shop\/"},{"@type":"ListItem","position":3,"name":"Holz Zylinder, Woodpunk"}]},{"@type":"WebSite","@id":"https:\/\/my.stlflix.com\/#website","url":"https:\/\/my.stlflix.com\/","name":"MyStore - By STLFLIX","description":"","publisher":{"@id":"https:\/\/my.stlflix.com\/#organization"},"potentialAction":[{"@type":"SearchAction","target":{"@type":"EntryPoint","urlTemplate":"https:\/\/my.stlflix.com\/?s={search_term_string}"},"query-input":{"@type":"PropertyValueSpecification","valueRequired":true,"valueName":"search_term_string"}}],"inLanguage":"es-ES"},{"@type":"Organization","@id":"https:\/\/my.stlflix.com\/#organization","name":"MyStore - By STLFLIX","url":"https:\/\/my.stlflix.com\/","logo":{"@type":"ImageObject","inLanguage":"es-ES","@id":"https:\/\/my.stlflix.com\/#\/schema\/logo\/image\/","url":"https:\/\/my.stlflix.com\/wp-content\/uploads\/2024\/06\/logo-mystore.png","contentUrl":"https:\/\/my.stlflix.com\/wp-content\/uploads\/2024\/06\/logo-mystore.png","width":150,"height":41,"caption":"MyStore - By STLFLIX"},"image":{"@id":"https:\/\/my.stlflix.com\/#\/schema\/logo\/image\/"},"sameAs":["https:\/\/www.facebook.com\/STLFLIX","https:\/\/www.instagram.com\/stlflix_\/","https:\/\/www.tiktok.com\/@stlflix"]}]}},"_links":{"self":[{"href":"https:\/\/my.stlflix.com\/es\/wp-json\/wp\/v2\/product\/241488","targetHints":{"allow":["GET"]}}],"collection":[{"href":"https:\/\/my.stlflix.com\/es\/wp-json\/wp\/v2\/product"}],"about":[{"href":"https:\/\/my.stlflix.com\/es\/wp-json\/wp\/v2\/types\/product"}],"replies":[{"embeddable":true,"href":"https:\/\/my.stlflix.com\/es\/wp-json\/wp\/v2\/comments?post=241488"}],"wp:featuredmedia":[{"embeddable":true,"href":"https:\/\/my.stlflix.com\/es\/wp-json\/wp\/v2\/media\/256351"}],"wp:attachment":[{"href":"https:\/\/my.stlflix.com\/es\/wp-json\/wp\/v2\/media?parent=241488"}],"wp:term":[{"taxonomy":"product_brand","embeddable":true,"href":"https:\/\/my.stlflix.com\/es\/wp-json\/wp\/v2\/product_brand?post=241488"},{"taxonomy":"product_cat","embeddable":true,"href":"https:\/\/my.stlflix.com\/es\/wp-json\/wp\/v2\/product_cat?post=241488"},{"taxonomy":"product_tag","embeddable":true,"href":"https:\/\/my.stlflix.com\/es\/wp-json\/wp\/v2\/product_tag?post=241488"}],"curies":[{"name":"wp","href":"https:\/\/api.w.org\/{rel}","templated":true}]}}