{"id":242351,"date":"2025-01-28T16:15:07","date_gmt":"2025-01-28T16:15:07","guid":{"rendered":"https:\/\/my.stlflix.com\/?post_type=product&#038;p=242351"},"modified":"2025-02-10T16:08:51","modified_gmt":"2025-02-10T16:08:51","slug":"zauberstab-magischer-besen","status":"publish","type":"product","link":"https:\/\/my.stlflix.com\/es\/product\/zauberstab-magischer-besen\/","title":{"rendered":"Zauberstab, magischer Besen"},"content":{"rendered":"<p style=\"text-align: left\">Entdecke den magischen Zauberstab aus edlem, hellem Nussbaum \u2013 ein Meisterwerk hochwertiger Handarbeit, das nicht nur durch seine Materialien, sondern auch durch seine besondere Form und Ausstrahlung verzaubert.<\/p>\n<p style=\"text-align: left\">Dieser m\u00e4chtige Zauberstab besticht durch die einzigartige Maserung, die jedem St\u00fcck einen unverwechselbaren Charakter verleihen. Die sorgf\u00e4ltige Verarbeitung unterstreicht die Exklusivit\u00e4t dieses handgefertigten Kunstwerks. Der Griff ist in seiner Form so bearbeitet, dass er an einen Besen erinnert. Die Oberfl\u00e4che ist mit leicht gl\u00e4nzendem Lack veredelt, sodass der Zauberstab in einem luxuri\u00f6sen Glanz erstrahlt und alle Blicke auf sich zieht.<\/p>\n<p style=\"text-align: left\">Egal, ob du passionierter Magier bist oder einfach nur ein Fan edler Handwerkskunst \u2013 dieser Zauberstab wird dich begeistern! Er eignet sich hervorragend als au\u00dfergew\u00f6hnliches Geschenk oder als stilvolles Accessoire f\u00fcr deine Sammlung. Lass dich von seiner Magie entf\u00fchren und erlebe selbst, wie dieser Zauberstab deine Leidenschaft f\u00fcr das Au\u00dfergew\u00f6hnliche entfacht.<\/p>\n<p style=\"text-align: left\">Mit diesem Zauberstab in deiner Hand wirst du zum Herrscher \u00fcber das Unbekannte \u2013 bereit, die Welt mit einem Hauch von Magie zu verzaubern.<\/p>\n<p>&nbsp;<\/p>\n<p><strong>Eigenschaften:<\/strong><\/p>\n<ul>\n<li>Material: heller Nussbaum, Wasserlack<\/li>\n<li>Ma\u00dfe: L\u00e4nge: 325mm Durchmesser: 8 &#8211; 30mm<\/li>\n<\/ul>\n","protected":false},"excerpt":{"rendered":"<p>Entdecke den magischen Zauberstab aus edlem, hellem Nussbaum \u2013 ein Meisterwerk hochwertiger Handarbeit, das nicht nur durch seine Materialien, sondern auch durch seine besondere Form und Ausstrahlung verzaubert. Dieser m\u00e4chtige Zauberstab besticht durch die einzigartige Maserung, die jedem St\u00fcck einen unverwechselbaren Charakter verleihen. Die sorgf\u00e4ltige Verarbeitung unterstreicht die Exklusivit\u00e4t dieses handgefertigten Kunstwerks. Der Griff ist [&hellip;]<\/p>\n","protected":false},"featured_media":256516,"comment_status":"open","ping_status":"closed","template":"","meta":[],"product_brand":[],"product_cat":[15],"product_tag":[5131,5146],"class_list":{"0":"post-242351","1":"product","2":"type-product","3":"status-publish","4":"has-post-thumbnail","6":"product_cat-uncategorized","7":"product_tag-accessoires","8":"product_tag-zauberstab","10":"first","11":"instock","12":"purchasable","13":"product-type-simple"},"yoast_head":"<!-- This site is optimized with the Yoast SEO plugin v25.1 - https:\/\/yoast.com\/wordpress\/plugins\/seo\/ -->\n<title>Zauberstab, magischer Besen<\/title>\n<meta name=\"description\" content=\"M\u00e4chtig edel, hochwertig in Handarbeit hergestellt.\" \/>\n<meta name=\"robots\" content=\"index, follow, max-snippet:-1, max-image-preview:large, max-video-preview:-1\" \/>\n<link rel=\"canonical\" href=\"https:\/\/www.lojadomandela3d.biz\/product\/zauberstab-magischer-besen\/\" \/>\n<meta property=\"og:locale\" content=\"es_ES\" \/>\n<meta property=\"og:type\" content=\"article\" \/>\n<meta property=\"og:title\" content=\"Zauberstab, magischer Besen\" \/>\n<meta property=\"og:description\" content=\"M\u00e4chtig edel, hochwertig in Handarbeit hergestellt.\" \/>\n<meta property=\"og:url\" content=\"https:\/\/www.lojadomandela3d.biz\/product\/zauberstab-magischer-besen\/\" \/>\n<meta property=\"og:site_name\" content=\"MyStore - By STLFLIX\" \/>\n<meta property=\"article:publisher\" content=\"https:\/\/www.facebook.com\/STLFLIX\" \/>\n<meta property=\"article:modified_time\" content=\"2025-02-10T16:08:51+00:00\" \/>\n<meta property=\"og:image\" content=\"https:\/\/www.lojadomandela3d.biz\/wp-content\/uploads\/2025\/02\/IMG_20250113_155116258.jpg\" \/>\n\t<meta property=\"og:image:width\" content=\"810\" \/>\n\t<meta property=\"og:image:height\" content=\"1080\" \/>\n\t<meta property=\"og:image:type\" content=\"image\/jpeg\" \/>\n<meta name=\"twitter:card\" content=\"summary_large_image\" \/>\n<meta name=\"twitter:label1\" content=\"Est. reading time\" \/>\n\t<meta name=\"twitter:data1\" content=\"1 minute\" \/>\n<script type=\"application\/ld+json\" class=\"yoast-schema-graph\">{\"@context\":\"https:\/\/schema.org\",\"@graph\":[{\"@type\":\"WebPage\",\"@id\":\"https:\/\/www.lojadomandela3d.biz\/product\/zauberstab-magischer-besen\/\",\"url\":\"https:\/\/www.lojadomandela3d.biz\/product\/zauberstab-magischer-besen\/\",\"name\":\"Zauberstab, magischer Besen\",\"isPartOf\":{\"@id\":\"https:\/\/www.stlflix-store.com\/#website\"},\"primaryImageOfPage\":{\"@id\":\"https:\/\/www.lojadomandela3d.biz\/product\/zauberstab-magischer-besen\/#primaryimage\"},\"image\":{\"@id\":\"https:\/\/www.lojadomandela3d.biz\/product\/zauberstab-magischer-besen\/#primaryimage\"},\"thumbnailUrl\":\"https:\/\/my.stlflix.com\/wp-content\/uploads\/2025\/02\/IMG_20250113_155116258.jpg\",\"datePublished\":\"2025-01-28T16:15:07+00:00\",\"dateModified\":\"2025-02-10T16:08:51+00:00\",\"description\":\"M\u00e4chtig edel, hochwertig in Handarbeit hergestellt.\",\"breadcrumb\":{\"@id\":\"https:\/\/www.lojadomandela3d.biz\/product\/zauberstab-magischer-besen\/#breadcrumb\"},\"inLanguage\":\"es-ES\",\"potentialAction\":[{\"@type\":\"ReadAction\",\"target\":[\"https:\/\/www.lojadomandela3d.biz\/product\/zauberstab-magischer-besen\/\"]}]},{\"@type\":\"ImageObject\",\"inLanguage\":\"es-ES\",\"@id\":\"https:\/\/www.lojadomandela3d.biz\/product\/zauberstab-magischer-besen\/#primaryimage\",\"url\":\"https:\/\/my.stlflix.com\/wp-content\/uploads\/2025\/02\/IMG_20250113_155116258.jpg\",\"contentUrl\":\"https:\/\/my.stlflix.com\/wp-content\/uploads\/2025\/02\/IMG_20250113_155116258.jpg\",\"width\":810,\"height\":1080},{\"@type\":\"BreadcrumbList\",\"@id\":\"https:\/\/www.lojadomandela3d.biz\/product\/zauberstab-magischer-besen\/#breadcrumb\",\"itemListElement\":[{\"@type\":\"ListItem\",\"position\":1,\"name\":\"Home\",\"item\":\"https:\/\/www.lojadomandela3d.biz\/\"},{\"@type\":\"ListItem\",\"position\":2,\"name\":\"Products\",\"item\":\"https:\/\/www.lojadomandela3d.biz\/shop\/\"},{\"@type\":\"ListItem\",\"position\":3,\"name\":\"Zauberstab, magischer Besen\"}]},{\"@type\":\"WebSite\",\"@id\":\"https:\/\/www.stlflix-store.com\/#website\",\"url\":\"https:\/\/www.stlflix-store.com\/\",\"name\":\"MyStore - By STLFLIX\",\"description\":\"\",\"publisher\":{\"@id\":\"https:\/\/www.stlflix-store.com\/#organization\"},\"potentialAction\":[{\"@type\":\"SearchAction\",\"target\":{\"@type\":\"EntryPoint\",\"urlTemplate\":\"https:\/\/www.stlflix-store.com\/?s={search_term_string}\"},\"query-input\":{\"@type\":\"PropertyValueSpecification\",\"valueRequired\":true,\"valueName\":\"search_term_string\"}}],\"inLanguage\":\"es-ES\"},{\"@type\":\"Organization\",\"@id\":\"https:\/\/www.stlflix-store.com\/#organization\",\"name\":\"MyStore - By STLFLIX\",\"url\":\"https:\/\/www.stlflix-store.com\/\",\"logo\":{\"@type\":\"ImageObject\",\"inLanguage\":\"es-ES\",\"@id\":\"https:\/\/www.stlflix-store.com\/#\/schema\/logo\/image\/\",\"url\":\"https:\/\/my.stlflix.com\/wp-content\/uploads\/2024\/06\/logo-mystore.png\",\"contentUrl\":\"https:\/\/my.stlflix.com\/wp-content\/uploads\/2024\/06\/logo-mystore.png\",\"width\":150,\"height\":41,\"caption\":\"MyStore - By STLFLIX\"},\"image\":{\"@id\":\"https:\/\/www.stlflix-store.com\/#\/schema\/logo\/image\/\"},\"sameAs\":[\"https:\/\/www.facebook.com\/STLFLIX\",\"https:\/\/www.instagram.com\/stlflix_\/\",\"https:\/\/www.tiktok.com\/@stlflix\"]}]}<\/script>\n<!-- \/ Yoast SEO plugin. -->","yoast_head_json":{"title":"Zauberstab, magischer Besen","description":"M\u00e4chtig edel, hochwertig in Handarbeit hergestellt.","robots":{"index":"index","follow":"follow","max-snippet":"max-snippet:-1","max-image-preview":"max-image-preview:large","max-video-preview":"max-video-preview:-1"},"canonical":"https:\/\/www.lojadomandela3d.biz\/product\/zauberstab-magischer-besen\/","og_locale":"es_ES","og_type":"article","og_title":"Zauberstab, magischer Besen","og_description":"M\u00e4chtig edel, hochwertig in Handarbeit hergestellt.","og_url":"https:\/\/www.lojadomandela3d.biz\/product\/zauberstab-magischer-besen\/","og_site_name":"MyStore - By STLFLIX","article_publisher":"https:\/\/www.facebook.com\/STLFLIX","article_modified_time":"2025-02-10T16:08:51+00:00","og_image":[{"width":810,"height":1080,"url":"https:\/\/www.lojadomandela3d.biz\/wp-content\/uploads\/2025\/02\/IMG_20250113_155116258.jpg","type":"image\/jpeg"}],"twitter_card":"summary_large_image","twitter_misc":{"Est. reading time":"1 minute"},"schema":{"@context":"https:\/\/schema.org","@graph":[{"@type":"WebPage","@id":"https:\/\/www.lojadomandela3d.biz\/product\/zauberstab-magischer-besen\/","url":"https:\/\/www.lojadomandela3d.biz\/product\/zauberstab-magischer-besen\/","name":"Zauberstab, magischer Besen","isPartOf":{"@id":"https:\/\/www.stlflix-store.com\/#website"},"primaryImageOfPage":{"@id":"https:\/\/www.lojadomandela3d.biz\/product\/zauberstab-magischer-besen\/#primaryimage"},"image":{"@id":"https:\/\/www.lojadomandela3d.biz\/product\/zauberstab-magischer-besen\/#primaryimage"},"thumbnailUrl":"https:\/\/my.stlflix.com\/wp-content\/uploads\/2025\/02\/IMG_20250113_155116258.jpg","datePublished":"2025-01-28T16:15:07+00:00","dateModified":"2025-02-10T16:08:51+00:00","description":"M\u00e4chtig edel, hochwertig in Handarbeit hergestellt.","breadcrumb":{"@id":"https:\/\/www.lojadomandela3d.biz\/product\/zauberstab-magischer-besen\/#breadcrumb"},"inLanguage":"es-ES","potentialAction":[{"@type":"ReadAction","target":["https:\/\/www.lojadomandela3d.biz\/product\/zauberstab-magischer-besen\/"]}]},{"@type":"ImageObject","inLanguage":"es-ES","@id":"https:\/\/www.lojadomandela3d.biz\/product\/zauberstab-magischer-besen\/#primaryimage","url":"https:\/\/my.stlflix.com\/wp-content\/uploads\/2025\/02\/IMG_20250113_155116258.jpg","contentUrl":"https:\/\/my.stlflix.com\/wp-content\/uploads\/2025\/02\/IMG_20250113_155116258.jpg","width":810,"height":1080},{"@type":"BreadcrumbList","@id":"https:\/\/www.lojadomandela3d.biz\/product\/zauberstab-magischer-besen\/#breadcrumb","itemListElement":[{"@type":"ListItem","position":1,"name":"Home","item":"https:\/\/www.lojadomandela3d.biz\/"},{"@type":"ListItem","position":2,"name":"Products","item":"https:\/\/www.lojadomandela3d.biz\/shop\/"},{"@type":"ListItem","position":3,"name":"Zauberstab, magischer Besen"}]},{"@type":"WebSite","@id":"https:\/\/www.stlflix-store.com\/#website","url":"https:\/\/www.stlflix-store.com\/","name":"MyStore - By STLFLIX","description":"","publisher":{"@id":"https:\/\/www.stlflix-store.com\/#organization"},"potentialAction":[{"@type":"SearchAction","target":{"@type":"EntryPoint","urlTemplate":"https:\/\/www.stlflix-store.com\/?s={search_term_string}"},"query-input":{"@type":"PropertyValueSpecification","valueRequired":true,"valueName":"search_term_string"}}],"inLanguage":"es-ES"},{"@type":"Organization","@id":"https:\/\/www.stlflix-store.com\/#organization","name":"MyStore - By STLFLIX","url":"https:\/\/www.stlflix-store.com\/","logo":{"@type":"ImageObject","inLanguage":"es-ES","@id":"https:\/\/www.stlflix-store.com\/#\/schema\/logo\/image\/","url":"https:\/\/my.stlflix.com\/wp-content\/uploads\/2024\/06\/logo-mystore.png","contentUrl":"https:\/\/my.stlflix.com\/wp-content\/uploads\/2024\/06\/logo-mystore.png","width":150,"height":41,"caption":"MyStore - By STLFLIX"},"image":{"@id":"https:\/\/www.stlflix-store.com\/#\/schema\/logo\/image\/"},"sameAs":["https:\/\/www.facebook.com\/STLFLIX","https:\/\/www.instagram.com\/stlflix_\/","https:\/\/www.tiktok.com\/@stlflix"]}]}},"_links":{"self":[{"href":"https:\/\/my.stlflix.com\/es\/wp-json\/wp\/v2\/product\/242351","targetHints":{"allow":["GET"]}}],"collection":[{"href":"https:\/\/my.stlflix.com\/es\/wp-json\/wp\/v2\/product"}],"about":[{"href":"https:\/\/my.stlflix.com\/es\/wp-json\/wp\/v2\/types\/product"}],"replies":[{"embeddable":true,"href":"https:\/\/my.stlflix.com\/es\/wp-json\/wp\/v2\/comments?post=242351"}],"wp:featuredmedia":[{"embeddable":true,"href":"https:\/\/my.stlflix.com\/es\/wp-json\/wp\/v2\/media\/256516"}],"wp:attachment":[{"href":"https:\/\/my.stlflix.com\/es\/wp-json\/wp\/v2\/media?parent=242351"}],"wp:term":[{"taxonomy":"product_brand","embeddable":true,"href":"https:\/\/my.stlflix.com\/es\/wp-json\/wp\/v2\/product_brand?post=242351"},{"taxonomy":"product_cat","embeddable":true,"href":"https:\/\/my.stlflix.com\/es\/wp-json\/wp\/v2\/product_cat?post=242351"},{"taxonomy":"product_tag","embeddable":true,"href":"https:\/\/my.stlflix.com\/es\/wp-json\/wp\/v2\/product_tag?post=242351"}],"curies":[{"name":"wp","href":"https:\/\/api.w.org\/{rel}","templated":true}]}}