{"id":242352,"date":"2025-01-28T16:15:12","date_gmt":"2025-01-28T16:15:12","guid":{"rendered":"https:\/\/my.stlflix.com\/?post_type=product&#038;p=242352"},"modified":"2025-01-29T15:26:45","modified_gmt":"2025-01-29T15:26:45","slug":"zauberstab-floral","status":"publish","type":"product","link":"https:\/\/my.stlflix.com\/es\/product\/zauberstab-floral\/","title":{"rendered":"Zauberstab, Floral"},"content":{"rendered":"<p style=\"text-align: left\">Entdecke diesen magischen Zauberstab aus Edelholz \u2013 ein Meisterwerk hochwertiger Handarbeit, das nicht nur durch sein Material, sondern auch durch seine besondere Form und Ausstrahlung verzaubert.<\/p>\n<p style=\"text-align: left\">Dieser m\u00e4chtige Zauberstab besticht durch die floralen Muster, die an den unverwechselbaren Stab von Hermine erinnern und ihm seinen Charakter verleihen. Die sorgf\u00e4ltige Verarbeitung unterstreicht die Exklusivit\u00e4t dieses handgefertigten Kunstwerks. Veredelt mit schimmerndem Klarlack, erstrahlt der Zauberstab in einem luxuri\u00f6sen Glanz und zieht alle Blicke auf sich.<\/p>\n<p style=\"text-align: left\">Egal, ob du passionierter Magier bist oder einfach nur ein Fan edler Handwerkskunst \u2013 dieser Zauberstab wird dich begeistern! Er eignet sich hervorragend als au\u00dfergew\u00f6hnliches Geschenk oder als stilvolles Accessoire f\u00fcr deine Sammlung. Lass dich von seiner Magie entf\u00fchren und erlebe selbst, wie dieser Zauberstab deine Leidenschaft f\u00fcr das Au\u00dfergew\u00f6hnliche entfacht.<\/p>\n<p>&nbsp;<\/p>\n<p><strong>Eigenschaften:<\/strong><\/p>\n<ul>\n<li>Material: Edelholz, Wasserlack<\/li>\n<li>Ma\u00dfe: L\u00e4nge: 275mm Durchmesser: 8 &#8211; 15mm<\/li>\n<\/ul>\n","protected":false},"excerpt":{"rendered":"<p>Entdecke diesen magischen Zauberstab aus Edelholz \u2013 ein Meisterwerk hochwertiger Handarbeit, das nicht nur durch sein Material, sondern auch durch seine besondere Form und Ausstrahlung verzaubert. Dieser m\u00e4chtige Zauberstab besticht durch die floralen Muster, die an den unverwechselbaren Stab von Hermine erinnern und ihm seinen Charakter verleihen. Die sorgf\u00e4ltige Verarbeitung unterstreicht die Exklusivit\u00e4t dieses handgefertigten [&hellip;]<\/p>\n","protected":false},"featured_media":243823,"comment_status":"open","ping_status":"closed","template":"","meta":[],"product_brand":[],"product_cat":[15],"product_tag":[5131,5146],"class_list":{"0":"post-242352","1":"product","2":"type-product","3":"status-publish","4":"has-post-thumbnail","6":"product_cat-uncategorized","7":"product_tag-accessoires","8":"product_tag-zauberstab","10":"first","11":"instock","12":"purchasable","13":"product-type-simple"},"yoast_head":"<!-- This site is optimized with the Yoast SEO plugin v25.1 - https:\/\/yoast.com\/wordpress\/plugins\/seo\/ -->\n<title>Zauberstab, Floral<\/title>\n<meta name=\"description\" content=\"M\u00e4chtig edel, hochwertig in Handarbeit hergestellt.\" \/>\n<meta name=\"robots\" content=\"index, follow, max-snippet:-1, max-image-preview:large, max-video-preview:-1\" \/>\n<link rel=\"canonical\" href=\"https:\/\/my.stlflix.com\/es\/product\/zauberstab-floral\/\" \/>\n<meta property=\"og:locale\" content=\"es_ES\" \/>\n<meta property=\"og:type\" content=\"article\" \/>\n<meta property=\"og:title\" content=\"Zauberstab, Floral\" \/>\n<meta property=\"og:description\" content=\"M\u00e4chtig edel, hochwertig in Handarbeit hergestellt.\" \/>\n<meta property=\"og:url\" content=\"https:\/\/my.stlflix.com\/es\/product\/zauberstab-floral\/\" \/>\n<meta property=\"og:site_name\" content=\"MyStore - By STLFLIX\" \/>\n<meta property=\"article:publisher\" content=\"https:\/\/www.facebook.com\/STLFLIX\" \/>\n<meta property=\"article:modified_time\" content=\"2025-01-29T15:26:45+00:00\" \/>\n<meta property=\"og:image\" content=\"https:\/\/my.stlflix.com\/wp-content\/uploads\/2025\/01\/Bloodigy-164.jpg\" \/>\n\t<meta property=\"og:image:width\" content=\"2048\" \/>\n\t<meta property=\"og:image:height\" content=\"1365\" \/>\n\t<meta property=\"og:image:type\" content=\"image\/jpeg\" \/>\n<meta name=\"twitter:card\" content=\"summary_large_image\" \/>\n<meta name=\"twitter:label1\" content=\"Est. reading time\" \/>\n\t<meta name=\"twitter:data1\" content=\"1 minute\" \/>\n<script type=\"application\/ld+json\" class=\"yoast-schema-graph\">{\"@context\":\"https:\/\/schema.org\",\"@graph\":[{\"@type\":\"WebPage\",\"@id\":\"https:\/\/my.stlflix.com\/es\/product\/zauberstab-floral\/\",\"url\":\"https:\/\/my.stlflix.com\/es\/product\/zauberstab-floral\/\",\"name\":\"Zauberstab, Floral\",\"isPartOf\":{\"@id\":\"https:\/\/www.stlflix-store.com\/#website\"},\"primaryImageOfPage\":{\"@id\":\"https:\/\/my.stlflix.com\/es\/product\/zauberstab-floral\/#primaryimage\"},\"image\":{\"@id\":\"https:\/\/my.stlflix.com\/es\/product\/zauberstab-floral\/#primaryimage\"},\"thumbnailUrl\":\"https:\/\/my.stlflix.com\/wp-content\/uploads\/2025\/01\/Bloodigy-164.jpg\",\"datePublished\":\"2025-01-28T16:15:12+00:00\",\"dateModified\":\"2025-01-29T15:26:45+00:00\",\"description\":\"M\u00e4chtig edel, hochwertig in Handarbeit hergestellt.\",\"breadcrumb\":{\"@id\":\"https:\/\/my.stlflix.com\/es\/product\/zauberstab-floral\/#breadcrumb\"},\"inLanguage\":\"es-ES\",\"potentialAction\":[{\"@type\":\"ReadAction\",\"target\":[\"https:\/\/my.stlflix.com\/es\/product\/zauberstab-floral\/\"]}]},{\"@type\":\"ImageObject\",\"inLanguage\":\"es-ES\",\"@id\":\"https:\/\/my.stlflix.com\/es\/product\/zauberstab-floral\/#primaryimage\",\"url\":\"https:\/\/my.stlflix.com\/wp-content\/uploads\/2025\/01\/Bloodigy-164.jpg\",\"contentUrl\":\"https:\/\/my.stlflix.com\/wp-content\/uploads\/2025\/01\/Bloodigy-164.jpg\",\"width\":2048,\"height\":1365},{\"@type\":\"BreadcrumbList\",\"@id\":\"https:\/\/my.stlflix.com\/es\/product\/zauberstab-floral\/#breadcrumb\",\"itemListElement\":[{\"@type\":\"ListItem\",\"position\":1,\"name\":\"Home\",\"item\":\"https:\/\/www.lojadomandela3d.biz\/\"},{\"@type\":\"ListItem\",\"position\":2,\"name\":\"Products\",\"item\":\"https:\/\/www.lojadomandela3d.biz\/shop\/\"},{\"@type\":\"ListItem\",\"position\":3,\"name\":\"Zauberstab, Floral\"}]},{\"@type\":\"WebSite\",\"@id\":\"https:\/\/www.stlflix-store.com\/#website\",\"url\":\"https:\/\/www.stlflix-store.com\/\",\"name\":\"MyStore - By STLFLIX\",\"description\":\"\",\"publisher\":{\"@id\":\"https:\/\/www.stlflix-store.com\/#organization\"},\"potentialAction\":[{\"@type\":\"SearchAction\",\"target\":{\"@type\":\"EntryPoint\",\"urlTemplate\":\"https:\/\/www.stlflix-store.com\/?s={search_term_string}\"},\"query-input\":{\"@type\":\"PropertyValueSpecification\",\"valueRequired\":true,\"valueName\":\"search_term_string\"}}],\"inLanguage\":\"es-ES\"},{\"@type\":\"Organization\",\"@id\":\"https:\/\/www.stlflix-store.com\/#organization\",\"name\":\"MyStore - By STLFLIX\",\"url\":\"https:\/\/www.stlflix-store.com\/\",\"logo\":{\"@type\":\"ImageObject\",\"inLanguage\":\"es-ES\",\"@id\":\"https:\/\/www.stlflix-store.com\/#\/schema\/logo\/image\/\",\"url\":\"https:\/\/my.stlflix.com\/wp-content\/uploads\/2024\/06\/logo-mystore.png\",\"contentUrl\":\"https:\/\/my.stlflix.com\/wp-content\/uploads\/2024\/06\/logo-mystore.png\",\"width\":150,\"height\":41,\"caption\":\"MyStore - By STLFLIX\"},\"image\":{\"@id\":\"https:\/\/www.stlflix-store.com\/#\/schema\/logo\/image\/\"},\"sameAs\":[\"https:\/\/www.facebook.com\/STLFLIX\",\"https:\/\/www.instagram.com\/stlflix_\/\",\"https:\/\/www.tiktok.com\/@stlflix\"]}]}<\/script>\n<!-- \/ Yoast SEO plugin. -->","yoast_head_json":{"title":"Zauberstab, Floral","description":"M\u00e4chtig edel, hochwertig in Handarbeit hergestellt.","robots":{"index":"index","follow":"follow","max-snippet":"max-snippet:-1","max-image-preview":"max-image-preview:large","max-video-preview":"max-video-preview:-1"},"canonical":"https:\/\/my.stlflix.com\/es\/product\/zauberstab-floral\/","og_locale":"es_ES","og_type":"article","og_title":"Zauberstab, Floral","og_description":"M\u00e4chtig edel, hochwertig in Handarbeit hergestellt.","og_url":"https:\/\/my.stlflix.com\/es\/product\/zauberstab-floral\/","og_site_name":"MyStore - By STLFLIX","article_publisher":"https:\/\/www.facebook.com\/STLFLIX","article_modified_time":"2025-01-29T15:26:45+00:00","og_image":[{"width":2048,"height":1365,"url":"https:\/\/my.stlflix.com\/wp-content\/uploads\/2025\/01\/Bloodigy-164.jpg","type":"image\/jpeg"}],"twitter_card":"summary_large_image","twitter_misc":{"Est. reading time":"1 minute"},"schema":{"@context":"https:\/\/schema.org","@graph":[{"@type":"WebPage","@id":"https:\/\/my.stlflix.com\/es\/product\/zauberstab-floral\/","url":"https:\/\/my.stlflix.com\/es\/product\/zauberstab-floral\/","name":"Zauberstab, Floral","isPartOf":{"@id":"https:\/\/www.stlflix-store.com\/#website"},"primaryImageOfPage":{"@id":"https:\/\/my.stlflix.com\/es\/product\/zauberstab-floral\/#primaryimage"},"image":{"@id":"https:\/\/my.stlflix.com\/es\/product\/zauberstab-floral\/#primaryimage"},"thumbnailUrl":"https:\/\/my.stlflix.com\/wp-content\/uploads\/2025\/01\/Bloodigy-164.jpg","datePublished":"2025-01-28T16:15:12+00:00","dateModified":"2025-01-29T15:26:45+00:00","description":"M\u00e4chtig edel, hochwertig in Handarbeit hergestellt.","breadcrumb":{"@id":"https:\/\/my.stlflix.com\/es\/product\/zauberstab-floral\/#breadcrumb"},"inLanguage":"es-ES","potentialAction":[{"@type":"ReadAction","target":["https:\/\/my.stlflix.com\/es\/product\/zauberstab-floral\/"]}]},{"@type":"ImageObject","inLanguage":"es-ES","@id":"https:\/\/my.stlflix.com\/es\/product\/zauberstab-floral\/#primaryimage","url":"https:\/\/my.stlflix.com\/wp-content\/uploads\/2025\/01\/Bloodigy-164.jpg","contentUrl":"https:\/\/my.stlflix.com\/wp-content\/uploads\/2025\/01\/Bloodigy-164.jpg","width":2048,"height":1365},{"@type":"BreadcrumbList","@id":"https:\/\/my.stlflix.com\/es\/product\/zauberstab-floral\/#breadcrumb","itemListElement":[{"@type":"ListItem","position":1,"name":"Home","item":"https:\/\/www.lojadomandela3d.biz\/"},{"@type":"ListItem","position":2,"name":"Products","item":"https:\/\/www.lojadomandela3d.biz\/shop\/"},{"@type":"ListItem","position":3,"name":"Zauberstab, Floral"}]},{"@type":"WebSite","@id":"https:\/\/www.stlflix-store.com\/#website","url":"https:\/\/www.stlflix-store.com\/","name":"MyStore - By STLFLIX","description":"","publisher":{"@id":"https:\/\/www.stlflix-store.com\/#organization"},"potentialAction":[{"@type":"SearchAction","target":{"@type":"EntryPoint","urlTemplate":"https:\/\/www.stlflix-store.com\/?s={search_term_string}"},"query-input":{"@type":"PropertyValueSpecification","valueRequired":true,"valueName":"search_term_string"}}],"inLanguage":"es-ES"},{"@type":"Organization","@id":"https:\/\/www.stlflix-store.com\/#organization","name":"MyStore - By STLFLIX","url":"https:\/\/www.stlflix-store.com\/","logo":{"@type":"ImageObject","inLanguage":"es-ES","@id":"https:\/\/www.stlflix-store.com\/#\/schema\/logo\/image\/","url":"https:\/\/my.stlflix.com\/wp-content\/uploads\/2024\/06\/logo-mystore.png","contentUrl":"https:\/\/my.stlflix.com\/wp-content\/uploads\/2024\/06\/logo-mystore.png","width":150,"height":41,"caption":"MyStore - By STLFLIX"},"image":{"@id":"https:\/\/www.stlflix-store.com\/#\/schema\/logo\/image\/"},"sameAs":["https:\/\/www.facebook.com\/STLFLIX","https:\/\/www.instagram.com\/stlflix_\/","https:\/\/www.tiktok.com\/@stlflix"]}]}},"_links":{"self":[{"href":"https:\/\/my.stlflix.com\/es\/wp-json\/wp\/v2\/product\/242352","targetHints":{"allow":["GET"]}}],"collection":[{"href":"https:\/\/my.stlflix.com\/es\/wp-json\/wp\/v2\/product"}],"about":[{"href":"https:\/\/my.stlflix.com\/es\/wp-json\/wp\/v2\/types\/product"}],"replies":[{"embeddable":true,"href":"https:\/\/my.stlflix.com\/es\/wp-json\/wp\/v2\/comments?post=242352"}],"wp:featuredmedia":[{"embeddable":true,"href":"https:\/\/my.stlflix.com\/es\/wp-json\/wp\/v2\/media\/243823"}],"wp:attachment":[{"href":"https:\/\/my.stlflix.com\/es\/wp-json\/wp\/v2\/media?parent=242352"}],"wp:term":[{"taxonomy":"product_brand","embeddable":true,"href":"https:\/\/my.stlflix.com\/es\/wp-json\/wp\/v2\/product_brand?post=242352"},{"taxonomy":"product_cat","embeddable":true,"href":"https:\/\/my.stlflix.com\/es\/wp-json\/wp\/v2\/product_cat?post=242352"},{"taxonomy":"product_tag","embeddable":true,"href":"https:\/\/my.stlflix.com\/es\/wp-json\/wp\/v2\/product_tag?post=242352"}],"curies":[{"name":"wp","href":"https:\/\/api.w.org\/{rel}","templated":true}]}}