{"id":242354,"date":"2025-01-28T16:15:20","date_gmt":"2025-01-28T16:15:20","guid":{"rendered":"https:\/\/my.stlflix.com\/?post_type=product&#038;p=242354"},"modified":"2025-02-10T16:13:53","modified_gmt":"2025-02-10T16:13:53","slug":"zauberstab-zauberlehrling","status":"publish","type":"product","link":"https:\/\/my.stlflix.com\/es\/product\/zauberstab-zauberlehrling\/","title":{"rendered":"Zauberstab, Zauberlehrling"},"content":{"rendered":"<p style=\"text-align: left\">Entdecke den magischen Zauberstab aus edlem Teakholz \u2013 ein hochwertiges St\u00fcck Handarbeit, das durch sein Material, schlichte Form und Ausstrahlung verzaubert.<\/p>\n<p style=\"text-align: left\">Dieser m\u00e4chtige Zauberstab besticht durch g, die jedem St\u00fcck einen unverwechselbaren Charakter verleihen. Die sorgf\u00e4ltige Verarbeitung unterstreicht die Exklusivit\u00e4t dieses handgefertigten Kunstwerks. Behandelt mit \u00d6l ist die Oberfl\u00e4che stumpf matt und unterstreicht so die Nat\u00fcrlich des Holzes. Er liegt angenehm in der Hand und zieht alle Blicke auf sich.<\/p>\n<p style=\"text-align: left\">Egal, ob du passionierter Magier bist oder einfach nur ein Fan edler Handwerkskunst \u2013 dieser Zauberstab wird dich begeistern! Er eignet sich hervorragend als au\u00dfergew\u00f6hnliches Geschenk oder als stilvolles Accessoire f\u00fcr deine Sammlung. Lass dich von seiner Magie entf\u00fchren und erlebe selbst, wie dieser Zauberstab deine Leidenschaft f\u00fcr das Au\u00dfergew\u00f6hnliche entfacht.<\/p>\n<p style=\"text-align: left\">Bist du Bereit, dich in die Welt der Magie zu begeben?<\/p>\n<p>&nbsp;<\/p>\n<p><strong>Eigenschaften:<\/strong><\/p>\n<ul>\n<li>Material: Teak, \u00d6l<\/li>\n<li>Ma\u00dfe: L\u00e4nge: 310mm Durchmesser: 10 &#8211; 25mm<\/li>\n<\/ul>\n","protected":false},"excerpt":{"rendered":"<p>Entdecke den magischen Zauberstab aus edlem Teakholz \u2013 ein hochwertiges St\u00fcck Handarbeit, das durch sein Material, schlichte Form und Ausstrahlung verzaubert. Dieser m\u00e4chtige Zauberstab besticht durch g, die jedem St\u00fcck einen unverwechselbaren Charakter verleihen. Die sorgf\u00e4ltige Verarbeitung unterstreicht die Exklusivit\u00e4t dieses handgefertigten Kunstwerks. Behandelt mit \u00d6l ist die Oberfl\u00e4che stumpf matt und unterstreicht so die [&hellip;]<\/p>\n","protected":false},"featured_media":256476,"comment_status":"open","ping_status":"closed","template":"","meta":[],"product_brand":[],"product_cat":[15],"product_tag":[5131,5146],"class_list":{"0":"post-242354","1":"product","2":"type-product","3":"status-publish","4":"has-post-thumbnail","6":"product_cat-uncategorized","7":"product_tag-accessoires","8":"product_tag-zauberstab","10":"first","11":"instock","12":"purchasable","13":"product-type-simple"},"yoast_head":"<!-- This site is optimized with the Yoast SEO plugin v25.1 - https:\/\/yoast.com\/wordpress\/plugins\/seo\/ -->\n<title>Zauberstab, Zauberlehrling<\/title>\n<meta name=\"description\" content=\"M\u00e4chtig edel, hochwertig in Handarbeit hergestellt.\" \/>\n<meta name=\"robots\" content=\"index, follow, max-snippet:-1, max-image-preview:large, max-video-preview:-1\" \/>\n<link rel=\"canonical\" href=\"https:\/\/www.monitorstlflix.online\/product\/zauberstab-zauberlehrling\/\" \/>\n<meta property=\"og:locale\" content=\"es_ES\" \/>\n<meta property=\"og:type\" content=\"article\" \/>\n<meta property=\"og:title\" content=\"Zauberstab, Zauberlehrling\" \/>\n<meta property=\"og:description\" content=\"M\u00e4chtig edel, hochwertig in Handarbeit hergestellt.\" \/>\n<meta property=\"og:url\" content=\"https:\/\/www.monitorstlflix.online\/product\/zauberstab-zauberlehrling\/\" \/>\n<meta property=\"og:site_name\" content=\"MyStore - By STLFLIX\" \/>\n<meta property=\"article:publisher\" content=\"https:\/\/www.facebook.com\/STLFLIX\" \/>\n<meta property=\"article:modified_time\" content=\"2025-02-10T16:13:53+00:00\" \/>\n<meta property=\"og:image\" content=\"https:\/\/www.monitorstlflix.online\/wp-content\/uploads\/2025\/02\/IMG_20250113_154933149.jpg\" \/>\n\t<meta property=\"og:image:width\" content=\"810\" \/>\n\t<meta property=\"og:image:height\" content=\"1080\" \/>\n\t<meta property=\"og:image:type\" content=\"image\/jpeg\" \/>\n<meta name=\"twitter:card\" content=\"summary_large_image\" \/>\n<meta name=\"twitter:label1\" content=\"Est. reading time\" \/>\n\t<meta name=\"twitter:data1\" content=\"1 minute\" \/>\n<script type=\"application\/ld+json\" class=\"yoast-schema-graph\">{\"@context\":\"https:\/\/schema.org\",\"@graph\":[{\"@type\":\"WebPage\",\"@id\":\"https:\/\/www.monitorstlflix.online\/product\/zauberstab-zauberlehrling\/\",\"url\":\"https:\/\/www.monitorstlflix.online\/product\/zauberstab-zauberlehrling\/\",\"name\":\"Zauberstab, Zauberlehrling\",\"isPartOf\":{\"@id\":\"https:\/\/www.stlflix-store.com\/#website\"},\"primaryImageOfPage\":{\"@id\":\"https:\/\/www.monitorstlflix.online\/product\/zauberstab-zauberlehrling\/#primaryimage\"},\"image\":{\"@id\":\"https:\/\/www.monitorstlflix.online\/product\/zauberstab-zauberlehrling\/#primaryimage\"},\"thumbnailUrl\":\"https:\/\/my.stlflix.com\/wp-content\/uploads\/2025\/02\/IMG_20250113_154933149.jpg\",\"datePublished\":\"2025-01-28T16:15:20+00:00\",\"dateModified\":\"2025-02-10T16:13:53+00:00\",\"description\":\"M\u00e4chtig edel, hochwertig in Handarbeit hergestellt.\",\"breadcrumb\":{\"@id\":\"https:\/\/www.monitorstlflix.online\/product\/zauberstab-zauberlehrling\/#breadcrumb\"},\"inLanguage\":\"es-ES\",\"potentialAction\":[{\"@type\":\"ReadAction\",\"target\":[\"https:\/\/www.monitorstlflix.online\/product\/zauberstab-zauberlehrling\/\"]}]},{\"@type\":\"ImageObject\",\"inLanguage\":\"es-ES\",\"@id\":\"https:\/\/www.monitorstlflix.online\/product\/zauberstab-zauberlehrling\/#primaryimage\",\"url\":\"https:\/\/my.stlflix.com\/wp-content\/uploads\/2025\/02\/IMG_20250113_154933149.jpg\",\"contentUrl\":\"https:\/\/my.stlflix.com\/wp-content\/uploads\/2025\/02\/IMG_20250113_154933149.jpg\",\"width\":810,\"height\":1080},{\"@type\":\"BreadcrumbList\",\"@id\":\"https:\/\/www.monitorstlflix.online\/product\/zauberstab-zauberlehrling\/#breadcrumb\",\"itemListElement\":[{\"@type\":\"ListItem\",\"position\":1,\"name\":\"Home\",\"item\":\"https:\/\/www.lojadomandela3d.biz\/\"},{\"@type\":\"ListItem\",\"position\":2,\"name\":\"Products\",\"item\":\"https:\/\/www.lojadomandela3d.biz\/shop\/\"},{\"@type\":\"ListItem\",\"position\":3,\"name\":\"Zauberstab, Zauberlehrling\"}]},{\"@type\":\"WebSite\",\"@id\":\"https:\/\/www.stlflix-store.com\/#website\",\"url\":\"https:\/\/www.stlflix-store.com\/\",\"name\":\"MyStore - By STLFLIX\",\"description\":\"\",\"publisher\":{\"@id\":\"https:\/\/www.stlflix-store.com\/#organization\"},\"potentialAction\":[{\"@type\":\"SearchAction\",\"target\":{\"@type\":\"EntryPoint\",\"urlTemplate\":\"https:\/\/www.stlflix-store.com\/?s={search_term_string}\"},\"query-input\":{\"@type\":\"PropertyValueSpecification\",\"valueRequired\":true,\"valueName\":\"search_term_string\"}}],\"inLanguage\":\"es-ES\"},{\"@type\":\"Organization\",\"@id\":\"https:\/\/www.stlflix-store.com\/#organization\",\"name\":\"MyStore - By STLFLIX\",\"url\":\"https:\/\/www.stlflix-store.com\/\",\"logo\":{\"@type\":\"ImageObject\",\"inLanguage\":\"es-ES\",\"@id\":\"https:\/\/www.stlflix-store.com\/#\/schema\/logo\/image\/\",\"url\":\"https:\/\/my.stlflix.com\/wp-content\/uploads\/2024\/06\/logo-mystore.png\",\"contentUrl\":\"https:\/\/my.stlflix.com\/wp-content\/uploads\/2024\/06\/logo-mystore.png\",\"width\":150,\"height\":41,\"caption\":\"MyStore - By STLFLIX\"},\"image\":{\"@id\":\"https:\/\/www.stlflix-store.com\/#\/schema\/logo\/image\/\"},\"sameAs\":[\"https:\/\/www.facebook.com\/STLFLIX\",\"https:\/\/www.instagram.com\/stlflix_\/\",\"https:\/\/www.tiktok.com\/@stlflix\"]}]}<\/script>\n<!-- \/ Yoast SEO plugin. -->","yoast_head_json":{"title":"Zauberstab, Zauberlehrling","description":"M\u00e4chtig edel, hochwertig in Handarbeit hergestellt.","robots":{"index":"index","follow":"follow","max-snippet":"max-snippet:-1","max-image-preview":"max-image-preview:large","max-video-preview":"max-video-preview:-1"},"canonical":"https:\/\/www.monitorstlflix.online\/product\/zauberstab-zauberlehrling\/","og_locale":"es_ES","og_type":"article","og_title":"Zauberstab, Zauberlehrling","og_description":"M\u00e4chtig edel, hochwertig in Handarbeit hergestellt.","og_url":"https:\/\/www.monitorstlflix.online\/product\/zauberstab-zauberlehrling\/","og_site_name":"MyStore - By STLFLIX","article_publisher":"https:\/\/www.facebook.com\/STLFLIX","article_modified_time":"2025-02-10T16:13:53+00:00","og_image":[{"width":810,"height":1080,"url":"https:\/\/www.monitorstlflix.online\/wp-content\/uploads\/2025\/02\/IMG_20250113_154933149.jpg","type":"image\/jpeg"}],"twitter_card":"summary_large_image","twitter_misc":{"Est. reading time":"1 minute"},"schema":{"@context":"https:\/\/schema.org","@graph":[{"@type":"WebPage","@id":"https:\/\/www.monitorstlflix.online\/product\/zauberstab-zauberlehrling\/","url":"https:\/\/www.monitorstlflix.online\/product\/zauberstab-zauberlehrling\/","name":"Zauberstab, Zauberlehrling","isPartOf":{"@id":"https:\/\/www.stlflix-store.com\/#website"},"primaryImageOfPage":{"@id":"https:\/\/www.monitorstlflix.online\/product\/zauberstab-zauberlehrling\/#primaryimage"},"image":{"@id":"https:\/\/www.monitorstlflix.online\/product\/zauberstab-zauberlehrling\/#primaryimage"},"thumbnailUrl":"https:\/\/my.stlflix.com\/wp-content\/uploads\/2025\/02\/IMG_20250113_154933149.jpg","datePublished":"2025-01-28T16:15:20+00:00","dateModified":"2025-02-10T16:13:53+00:00","description":"M\u00e4chtig edel, hochwertig in Handarbeit hergestellt.","breadcrumb":{"@id":"https:\/\/www.monitorstlflix.online\/product\/zauberstab-zauberlehrling\/#breadcrumb"},"inLanguage":"es-ES","potentialAction":[{"@type":"ReadAction","target":["https:\/\/www.monitorstlflix.online\/product\/zauberstab-zauberlehrling\/"]}]},{"@type":"ImageObject","inLanguage":"es-ES","@id":"https:\/\/www.monitorstlflix.online\/product\/zauberstab-zauberlehrling\/#primaryimage","url":"https:\/\/my.stlflix.com\/wp-content\/uploads\/2025\/02\/IMG_20250113_154933149.jpg","contentUrl":"https:\/\/my.stlflix.com\/wp-content\/uploads\/2025\/02\/IMG_20250113_154933149.jpg","width":810,"height":1080},{"@type":"BreadcrumbList","@id":"https:\/\/www.monitorstlflix.online\/product\/zauberstab-zauberlehrling\/#breadcrumb","itemListElement":[{"@type":"ListItem","position":1,"name":"Home","item":"https:\/\/www.lojadomandela3d.biz\/"},{"@type":"ListItem","position":2,"name":"Products","item":"https:\/\/www.lojadomandela3d.biz\/shop\/"},{"@type":"ListItem","position":3,"name":"Zauberstab, Zauberlehrling"}]},{"@type":"WebSite","@id":"https:\/\/www.stlflix-store.com\/#website","url":"https:\/\/www.stlflix-store.com\/","name":"MyStore - By STLFLIX","description":"","publisher":{"@id":"https:\/\/www.stlflix-store.com\/#organization"},"potentialAction":[{"@type":"SearchAction","target":{"@type":"EntryPoint","urlTemplate":"https:\/\/www.stlflix-store.com\/?s={search_term_string}"},"query-input":{"@type":"PropertyValueSpecification","valueRequired":true,"valueName":"search_term_string"}}],"inLanguage":"es-ES"},{"@type":"Organization","@id":"https:\/\/www.stlflix-store.com\/#organization","name":"MyStore - By STLFLIX","url":"https:\/\/www.stlflix-store.com\/","logo":{"@type":"ImageObject","inLanguage":"es-ES","@id":"https:\/\/www.stlflix-store.com\/#\/schema\/logo\/image\/","url":"https:\/\/my.stlflix.com\/wp-content\/uploads\/2024\/06\/logo-mystore.png","contentUrl":"https:\/\/my.stlflix.com\/wp-content\/uploads\/2024\/06\/logo-mystore.png","width":150,"height":41,"caption":"MyStore - By STLFLIX"},"image":{"@id":"https:\/\/www.stlflix-store.com\/#\/schema\/logo\/image\/"},"sameAs":["https:\/\/www.facebook.com\/STLFLIX","https:\/\/www.instagram.com\/stlflix_\/","https:\/\/www.tiktok.com\/@stlflix"]}]}},"_links":{"self":[{"href":"https:\/\/my.stlflix.com\/es\/wp-json\/wp\/v2\/product\/242354","targetHints":{"allow":["GET"]}}],"collection":[{"href":"https:\/\/my.stlflix.com\/es\/wp-json\/wp\/v2\/product"}],"about":[{"href":"https:\/\/my.stlflix.com\/es\/wp-json\/wp\/v2\/types\/product"}],"replies":[{"embeddable":true,"href":"https:\/\/my.stlflix.com\/es\/wp-json\/wp\/v2\/comments?post=242354"}],"wp:featuredmedia":[{"embeddable":true,"href":"https:\/\/my.stlflix.com\/es\/wp-json\/wp\/v2\/media\/256476"}],"wp:attachment":[{"href":"https:\/\/my.stlflix.com\/es\/wp-json\/wp\/v2\/media?parent=242354"}],"wp:term":[{"taxonomy":"product_brand","embeddable":true,"href":"https:\/\/my.stlflix.com\/es\/wp-json\/wp\/v2\/product_brand?post=242354"},{"taxonomy":"product_cat","embeddable":true,"href":"https:\/\/my.stlflix.com\/es\/wp-json\/wp\/v2\/product_cat?post=242354"},{"taxonomy":"product_tag","embeddable":true,"href":"https:\/\/my.stlflix.com\/es\/wp-json\/wp\/v2\/product_tag?post=242354"}],"curies":[{"name":"wp","href":"https:\/\/api.w.org\/{rel}","templated":true}]}}