{"id":243915,"date":"2025-01-29T17:24:59","date_gmt":"2025-01-29T17:24:59","guid":{"rendered":"https:\/\/my.stlflix.com\/?post_type=product&#038;p=243915"},"modified":"2025-02-13T18:00:55","modified_gmt":"2025-02-13T18:00:55","slug":"eleganter-holz-dildo","status":"publish","type":"product","link":"https:\/\/my.stlflix.com\/es\/product\/eleganter-holz-dildo\/","title":{"rendered":"Eleganter Holz Dildo &#8220;Welle&#8221;"},"content":{"rendered":"<h1>Eleganter Holz Dildo<\/h1>\n<p>Entdecke die sinnliche Erfahrung mit unserem exquisiten Holz Dildo, der mit viel Liebe zum Detail handgefertigt wurde. Dieser elegante Lustspender vereint Natur und \u00c4sthetik in perfekter Harmonie, und bringt eine warme Optik in Dein erotisches Spiel.<\/p>\n<h2>Nat\u00fcrliches Vergn\u00fcgen<\/h2>\n<p>Die angenehm nat\u00fcrliche Oberfl\u00e4che dieses Dildos sorgt f\u00fcr ein unvergleichliches Gef\u00fchl auf der Haut. Jedes St\u00fcck wird aus hochwertigem, nachhaltig gewonnenem Holz gedrechselt, was nicht nur zur Langlebigkeit beitr\u00e4gt, sondern auch das Umweltbewusstsein f\u00f6rdert. Das sanfte Design liegt perfekt in der Hand und erm\u00f6glicht Dir ein intuitives sowie entspanntes Handling.<\/p>\n<h2>Elegante Form<\/h2>\n<p>Die geschwungene, elegante Form des Dildos zieht nicht nur optisch an, sondern ist auch ergonomisch gestaltet, um Deine intimsten W\u00fcnsche zu erf\u00fcllen. Ob allein oder zu zweit \u2013 Dich von der sinnlichen Gestaltung inspirieren und genie\u00dfe unvergessliche Momente der Intimit\u00e4t.<\/p>\n<h2>Handarbeit f\u00fcr die Handarbeit<\/h2>\n<p>Jeder Dildo ist ein Unikat, das durch traditionelle Handwerkskunst entstanden ist. Die sorgf\u00e4ltige Verarbeitung und die Liebe zum Detail machen dieses Produkt zu einem wahren Kunstwerk, das nicht nur funktional, sondern auch \u00e4sthetisch ansprechend ist. Von Hand gedrechselt und geschliffen wird jeder Dildo ebenfalls von Hand in 3-4 Schichten mit einem geeigneten Wasserlack beschichtet. Dies garantiert eine gleitfreudige glatte Oberfl\u00e4che, die das Holz vor Feuchtigkeit und Dich vor Splittern sch\u00fctzt.<\/p>\n<h2>F\u00fcr alle, die die Natur nicht nur dra\u00dfen erleben wollen<\/h2>\n<p>G\u00f6nn Dir das luxuri\u00f6se Gef\u00fchl der Natur in Deiner Schlafzimmerwelt und erlebe die Verbindung von Sinnlichkeit und Eleganz mit unserem handgefertigten Holz Dildo. Perfekt f\u00fcr alle, die Wert auf Nachhaltigkeit und stilvolles Design legen.<\/p>\n<p>&nbsp;<\/p>\n<h2>Eigenschaften:<\/h2>\n<p>Material:<\/p>\n<ul>\n<li>Kirschholz<\/li>\n<li>Wasserlack nach DIN71\/3 und DIN 53160 Schwei\u00df und Speichelecht<\/li>\n<\/ul>\n<p>Ma\u00dfe:<\/p>\n<ul>\n<li>L\u00e4nge: 260mm<\/li>\n<li>Durchmesser: 28-42mm<\/li>\n<\/ul>\n","protected":false},"excerpt":{"rendered":"<p>Eleganter Holz Dildo Entdecke die sinnliche Erfahrung mit unserem exquisiten Holz Dildo, der mit viel Liebe zum Detail handgefertigt wurde. Dieser elegante Lustspender vereint Natur und \u00c4sthetik in perfekter Harmonie, und bringt eine warme Optik in Dein erotisches Spiel. Nat\u00fcrliches Vergn\u00fcgen Die angenehm nat\u00fcrliche Oberfl\u00e4che dieses Dildos sorgt f\u00fcr ein unvergleichliches Gef\u00fchl auf der Haut. [&hellip;]<\/p>\n","protected":false},"featured_media":259438,"comment_status":"open","ping_status":"closed","template":"","meta":[],"product_brand":[],"product_cat":[15],"product_tag":[5240],"class_list":{"0":"post-243915","1":"product","2":"type-product","3":"status-publish","4":"has-post-thumbnail","6":"product_cat-uncategorized","7":"product_tag-erotikspielzeug","9":"first","10":"instock","11":"purchasable","12":"product-type-simple"},"yoast_head":"<!-- This site is optimized with the Yoast SEO plugin v25.1 - https:\/\/yoast.com\/wordpress\/plugins\/seo\/ -->\n<title>Eleganter Holz Dildo &quot;Welle&quot;<\/title>\n<meta name=\"description\" content=\"Handarbeit f\u00fcr die handarbeit. Lustvoll edles Design trifft auf nachhaltig nat\u00fcrliches Gef\u00fchl.\" \/>\n<meta name=\"robots\" content=\"index, follow, max-snippet:-1, max-image-preview:large, max-video-preview:-1\" \/>\n<link rel=\"canonical\" href=\"https:\/\/my.stlflix.com\/product\/eleganter-holz-dildo\/\" \/>\n<meta property=\"og:locale\" content=\"es_ES\" \/>\n<meta property=\"og:type\" content=\"article\" \/>\n<meta property=\"og:title\" content=\"Eleganter Holz Dildo &quot;Welle&quot;\" \/>\n<meta property=\"og:description\" content=\"Handarbeit f\u00fcr die handarbeit. Lustvoll edles Design trifft auf nachhaltig nat\u00fcrliches Gef\u00fchl.\" \/>\n<meta property=\"og:url\" content=\"https:\/\/my.stlflix.com\/product\/eleganter-holz-dildo\/\" \/>\n<meta property=\"og:site_name\" content=\"MyStore - By STLFLIX\" \/>\n<meta property=\"article:publisher\" content=\"https:\/\/www.facebook.com\/STLFLIX\" \/>\n<meta property=\"article:modified_time\" content=\"2025-02-13T18:00:55+00:00\" \/>\n<meta property=\"og:image\" content=\"https:\/\/my.stlflix.com\/wp-content\/uploads\/2025\/02\/IMG_20250114_202353959.jpg\" \/>\n\t<meta property=\"og:image:width\" content=\"810\" \/>\n\t<meta property=\"og:image:height\" content=\"1080\" \/>\n\t<meta property=\"og:image:type\" content=\"image\/jpeg\" \/>\n<meta name=\"twitter:card\" content=\"summary_large_image\" \/>\n<meta name=\"twitter:label1\" content=\"Est. reading time\" \/>\n\t<meta name=\"twitter:data1\" content=\"1 minute\" \/>\n<script type=\"application\/ld+json\" class=\"yoast-schema-graph\">{\"@context\":\"https:\/\/schema.org\",\"@graph\":[{\"@type\":\"WebPage\",\"@id\":\"https:\/\/my.stlflix.com\/product\/eleganter-holz-dildo\/\",\"url\":\"https:\/\/my.stlflix.com\/product\/eleganter-holz-dildo\/\",\"name\":\"Eleganter Holz Dildo \\\"Welle\\\"\",\"isPartOf\":{\"@id\":\"https:\/\/my.stlflix.com\/#website\"},\"primaryImageOfPage\":{\"@id\":\"https:\/\/my.stlflix.com\/product\/eleganter-holz-dildo\/#primaryimage\"},\"image\":{\"@id\":\"https:\/\/my.stlflix.com\/product\/eleganter-holz-dildo\/#primaryimage\"},\"thumbnailUrl\":\"https:\/\/my.stlflix.com\/wp-content\/uploads\/2025\/02\/IMG_20250114_202353959.jpg\",\"datePublished\":\"2025-01-29T17:24:59+00:00\",\"dateModified\":\"2025-02-13T18:00:55+00:00\",\"description\":\"Handarbeit f\u00fcr die handarbeit. Lustvoll edles Design trifft auf nachhaltig nat\u00fcrliches Gef\u00fchl.\",\"breadcrumb\":{\"@id\":\"https:\/\/my.stlflix.com\/product\/eleganter-holz-dildo\/#breadcrumb\"},\"inLanguage\":\"es-ES\",\"potentialAction\":[{\"@type\":\"ReadAction\",\"target\":[\"https:\/\/my.stlflix.com\/product\/eleganter-holz-dildo\/\"]}]},{\"@type\":\"ImageObject\",\"inLanguage\":\"es-ES\",\"@id\":\"https:\/\/my.stlflix.com\/product\/eleganter-holz-dildo\/#primaryimage\",\"url\":\"https:\/\/my.stlflix.com\/wp-content\/uploads\/2025\/02\/IMG_20250114_202353959.jpg\",\"contentUrl\":\"https:\/\/my.stlflix.com\/wp-content\/uploads\/2025\/02\/IMG_20250114_202353959.jpg\",\"width\":810,\"height\":1080},{\"@type\":\"BreadcrumbList\",\"@id\":\"https:\/\/my.stlflix.com\/product\/eleganter-holz-dildo\/#breadcrumb\",\"itemListElement\":[{\"@type\":\"ListItem\",\"position\":1,\"name\":\"Home\",\"item\":\"https:\/\/www.stlflix-store.com\/\"},{\"@type\":\"ListItem\",\"position\":2,\"name\":\"Products\",\"item\":\"https:\/\/www.stlflix-store.com\/shop\/\"},{\"@type\":\"ListItem\",\"position\":3,\"name\":\"Eleganter Holz Dildo &#8220;Welle&#8221;\"}]},{\"@type\":\"WebSite\",\"@id\":\"https:\/\/my.stlflix.com\/#website\",\"url\":\"https:\/\/my.stlflix.com\/\",\"name\":\"MyStore - By STLFLIX\",\"description\":\"\",\"publisher\":{\"@id\":\"https:\/\/my.stlflix.com\/#organization\"},\"potentialAction\":[{\"@type\":\"SearchAction\",\"target\":{\"@type\":\"EntryPoint\",\"urlTemplate\":\"https:\/\/my.stlflix.com\/?s={search_term_string}\"},\"query-input\":{\"@type\":\"PropertyValueSpecification\",\"valueRequired\":true,\"valueName\":\"search_term_string\"}}],\"inLanguage\":\"es-ES\"},{\"@type\":\"Organization\",\"@id\":\"https:\/\/my.stlflix.com\/#organization\",\"name\":\"MyStore - By STLFLIX\",\"url\":\"https:\/\/my.stlflix.com\/\",\"logo\":{\"@type\":\"ImageObject\",\"inLanguage\":\"es-ES\",\"@id\":\"https:\/\/my.stlflix.com\/#\/schema\/logo\/image\/\",\"url\":\"https:\/\/my.stlflix.com\/wp-content\/uploads\/2024\/06\/logo-mystore.png\",\"contentUrl\":\"https:\/\/my.stlflix.com\/wp-content\/uploads\/2024\/06\/logo-mystore.png\",\"width\":150,\"height\":41,\"caption\":\"MyStore - By STLFLIX\"},\"image\":{\"@id\":\"https:\/\/my.stlflix.com\/#\/schema\/logo\/image\/\"},\"sameAs\":[\"https:\/\/www.facebook.com\/STLFLIX\",\"https:\/\/www.instagram.com\/stlflix_\/\",\"https:\/\/www.tiktok.com\/@stlflix\"]}]}<\/script>\n<!-- \/ Yoast SEO plugin. -->","yoast_head_json":{"title":"Eleganter Holz Dildo \"Welle\"","description":"Handarbeit f\u00fcr die handarbeit. Lustvoll edles Design trifft auf nachhaltig nat\u00fcrliches Gef\u00fchl.","robots":{"index":"index","follow":"follow","max-snippet":"max-snippet:-1","max-image-preview":"max-image-preview:large","max-video-preview":"max-video-preview:-1"},"canonical":"https:\/\/my.stlflix.com\/product\/eleganter-holz-dildo\/","og_locale":"es_ES","og_type":"article","og_title":"Eleganter Holz Dildo \"Welle\"","og_description":"Handarbeit f\u00fcr die handarbeit. Lustvoll edles Design trifft auf nachhaltig nat\u00fcrliches Gef\u00fchl.","og_url":"https:\/\/my.stlflix.com\/product\/eleganter-holz-dildo\/","og_site_name":"MyStore - By STLFLIX","article_publisher":"https:\/\/www.facebook.com\/STLFLIX","article_modified_time":"2025-02-13T18:00:55+00:00","og_image":[{"width":810,"height":1080,"url":"https:\/\/my.stlflix.com\/wp-content\/uploads\/2025\/02\/IMG_20250114_202353959.jpg","type":"image\/jpeg"}],"twitter_card":"summary_large_image","twitter_misc":{"Est. reading time":"1 minute"},"schema":{"@context":"https:\/\/schema.org","@graph":[{"@type":"WebPage","@id":"https:\/\/my.stlflix.com\/product\/eleganter-holz-dildo\/","url":"https:\/\/my.stlflix.com\/product\/eleganter-holz-dildo\/","name":"Eleganter Holz Dildo \"Welle\"","isPartOf":{"@id":"https:\/\/my.stlflix.com\/#website"},"primaryImageOfPage":{"@id":"https:\/\/my.stlflix.com\/product\/eleganter-holz-dildo\/#primaryimage"},"image":{"@id":"https:\/\/my.stlflix.com\/product\/eleganter-holz-dildo\/#primaryimage"},"thumbnailUrl":"https:\/\/my.stlflix.com\/wp-content\/uploads\/2025\/02\/IMG_20250114_202353959.jpg","datePublished":"2025-01-29T17:24:59+00:00","dateModified":"2025-02-13T18:00:55+00:00","description":"Handarbeit f\u00fcr die handarbeit. Lustvoll edles Design trifft auf nachhaltig nat\u00fcrliches Gef\u00fchl.","breadcrumb":{"@id":"https:\/\/my.stlflix.com\/product\/eleganter-holz-dildo\/#breadcrumb"},"inLanguage":"es-ES","potentialAction":[{"@type":"ReadAction","target":["https:\/\/my.stlflix.com\/product\/eleganter-holz-dildo\/"]}]},{"@type":"ImageObject","inLanguage":"es-ES","@id":"https:\/\/my.stlflix.com\/product\/eleganter-holz-dildo\/#primaryimage","url":"https:\/\/my.stlflix.com\/wp-content\/uploads\/2025\/02\/IMG_20250114_202353959.jpg","contentUrl":"https:\/\/my.stlflix.com\/wp-content\/uploads\/2025\/02\/IMG_20250114_202353959.jpg","width":810,"height":1080},{"@type":"BreadcrumbList","@id":"https:\/\/my.stlflix.com\/product\/eleganter-holz-dildo\/#breadcrumb","itemListElement":[{"@type":"ListItem","position":1,"name":"Home","item":"https:\/\/www.stlflix-store.com\/"},{"@type":"ListItem","position":2,"name":"Products","item":"https:\/\/www.stlflix-store.com\/shop\/"},{"@type":"ListItem","position":3,"name":"Eleganter Holz Dildo &#8220;Welle&#8221;"}]},{"@type":"WebSite","@id":"https:\/\/my.stlflix.com\/#website","url":"https:\/\/my.stlflix.com\/","name":"MyStore - By STLFLIX","description":"","publisher":{"@id":"https:\/\/my.stlflix.com\/#organization"},"potentialAction":[{"@type":"SearchAction","target":{"@type":"EntryPoint","urlTemplate":"https:\/\/my.stlflix.com\/?s={search_term_string}"},"query-input":{"@type":"PropertyValueSpecification","valueRequired":true,"valueName":"search_term_string"}}],"inLanguage":"es-ES"},{"@type":"Organization","@id":"https:\/\/my.stlflix.com\/#organization","name":"MyStore - By STLFLIX","url":"https:\/\/my.stlflix.com\/","logo":{"@type":"ImageObject","inLanguage":"es-ES","@id":"https:\/\/my.stlflix.com\/#\/schema\/logo\/image\/","url":"https:\/\/my.stlflix.com\/wp-content\/uploads\/2024\/06\/logo-mystore.png","contentUrl":"https:\/\/my.stlflix.com\/wp-content\/uploads\/2024\/06\/logo-mystore.png","width":150,"height":41,"caption":"MyStore - By STLFLIX"},"image":{"@id":"https:\/\/my.stlflix.com\/#\/schema\/logo\/image\/"},"sameAs":["https:\/\/www.facebook.com\/STLFLIX","https:\/\/www.instagram.com\/stlflix_\/","https:\/\/www.tiktok.com\/@stlflix"]}]}},"_links":{"self":[{"href":"https:\/\/my.stlflix.com\/es\/wp-json\/wp\/v2\/product\/243915","targetHints":{"allow":["GET"]}}],"collection":[{"href":"https:\/\/my.stlflix.com\/es\/wp-json\/wp\/v2\/product"}],"about":[{"href":"https:\/\/my.stlflix.com\/es\/wp-json\/wp\/v2\/types\/product"}],"replies":[{"embeddable":true,"href":"https:\/\/my.stlflix.com\/es\/wp-json\/wp\/v2\/comments?post=243915"}],"wp:featuredmedia":[{"embeddable":true,"href":"https:\/\/my.stlflix.com\/es\/wp-json\/wp\/v2\/media\/259438"}],"wp:attachment":[{"href":"https:\/\/my.stlflix.com\/es\/wp-json\/wp\/v2\/media?parent=243915"}],"wp:term":[{"taxonomy":"product_brand","embeddable":true,"href":"https:\/\/my.stlflix.com\/es\/wp-json\/wp\/v2\/product_brand?post=243915"},{"taxonomy":"product_cat","embeddable":true,"href":"https:\/\/my.stlflix.com\/es\/wp-json\/wp\/v2\/product_cat?post=243915"},{"taxonomy":"product_tag","embeddable":true,"href":"https:\/\/my.stlflix.com\/es\/wp-json\/wp\/v2\/product_tag?post=243915"}],"curies":[{"name":"wp","href":"https:\/\/api.w.org\/{rel}","templated":true}]}}