{"id":254396,"date":"2025-02-08T16:57:33","date_gmt":"2025-02-08T16:57:33","guid":{"rendered":"https:\/\/my.stlflix.com\/?post_type=product&#038;p=254396"},"modified":"2025-02-08T17:12:15","modified_gmt":"2025-02-08T17:12:15","slug":"bordeaux-the-octopus-wine-holder-67a787a7aa87c","status":"publish","type":"product","link":"https:\/\/my.stlflix.com\/es\/product\/bordeaux-the-octopus-wine-holder-67a787a7aa87c\/","title":{"rendered":"Bordeaux, o polvo que se amarra num vinhozinho"},"content":{"rendered":"<p><strong>DESCRI\u00c7\u00c3O:<\/strong><\/p>\n<p>Bordeaux nasceu na costa francesa, mas, como os oceanos n\u00e3o t\u00eam fronteiras, ele frequentemente viaja pelo mundo para degustar diferentes vinhos.<\/p>\n<p>N\u00e3o se preocupe! Ele d\u00e1 apenas um gole, como um sommelier.<\/p>\n<p>(\u00c9 um suporte para vinho, caso voc\u00ea n\u00e3o tenha notado.)<\/p>\n<hr \/>\n<p><strong>ARQUIVO PARA IMPRESS\u00c3O 3D:<\/strong><\/p>\n<ul>\n<li>Recomendado para impressoras FDM<\/li>\n<li>Altura de camada recomendada: 0,12 mm<\/li>\n<li>Per\u00edmetros recomendados: 3<\/li>\n<li>Preenchimento recomendado: 5%<\/li>\n<li>Suporte necess\u00e1rio: opcional (talvez seja necess\u00e1rio usar suporte personalizado em algumas \u00e1reas do modelo)<\/li>\n<li>Tempo estimado de impress\u00e3o: 3 dias<\/li>\n<\/ul>\n","protected":false},"excerpt":{"rendered":"<p>DESCRI\u00c7\u00c3O: Bordeaux nasceu na costa francesa, mas, como os oceanos n\u00e3o t\u00eam fronteiras, ele frequentemente viaja pelo mundo para degustar diferentes vinhos. N\u00e3o se preocupe! Ele d\u00e1 apenas um gole, como um sommelier. (\u00c9 um suporte para vinho, caso voc\u00ea n\u00e3o tenha notado.) ARQUIVO PARA IMPRESS\u00c3O 3D: Recomendado para impressoras FDM Altura de camada recomendada: [&hellip;]<\/p>\n","protected":false},"featured_media":9320,"comment_status":"open","ping_status":"closed","template":"","meta":[],"product_brand":[],"product_cat":[52],"product_tag":[1590],"class_list":{"0":"post-254396","1":"product","2":"type-product","3":"status-publish","4":"has-post-thumbnail","6":"product_cat-best-sellers","7":"product_tag-creature","9":"first","10":"onbackorder","11":"sold-individually","12":"purchasable","13":"product-type-simple"},"yoast_head":"<!-- This site is optimized with the Yoast SEO plugin v25.1 - https:\/\/yoast.com\/wordpress\/plugins\/seo\/ -->\n<title>Bordeaux, o polvo que se amarra num vinhozinho - MyStore - By STLFLIX<\/title>\n<meta name=\"robots\" content=\"index, follow, max-snippet:-1, max-image-preview:large, max-video-preview:-1\" \/>\n<link rel=\"canonical\" href=\"https:\/\/my.stlflix.com\/es\/product\/bordeaux-the-octopus-wine-holder-67a787a7aa87c\/\" \/>\n<meta property=\"og:locale\" content=\"es_ES\" \/>\n<meta property=\"og:type\" content=\"article\" \/>\n<meta property=\"og:title\" content=\"Bordeaux, o polvo que se amarra num vinhozinho - MyStore - By STLFLIX\" \/>\n<meta property=\"og:description\" content=\"DESCRI\u00c7\u00c3O: Bordeaux nasceu na costa francesa, mas, como os oceanos n\u00e3o t\u00eam fronteiras, ele frequentemente viaja pelo mundo para degustar diferentes vinhos. N\u00e3o se preocupe! Ele d\u00e1 apenas um gole, como um sommelier. (\u00c9 um suporte para vinho, caso voc\u00ea n\u00e3o tenha notado.) ARQUIVO PARA IMPRESS\u00c3O 3D: Recomendado para impressoras FDM Altura de camada recomendada: [&hellip;]\" \/>\n<meta property=\"og:url\" content=\"https:\/\/my.stlflix.com\/es\/product\/bordeaux-the-octopus-wine-holder-67a787a7aa87c\/\" \/>\n<meta property=\"og:site_name\" content=\"MyStore - By STLFLIX\" \/>\n<meta property=\"article:publisher\" content=\"https:\/\/www.facebook.com\/STLFLIX\" \/>\n<meta property=\"article:modified_time\" content=\"2025-02-08T17:12:15+00:00\" \/>\n<meta property=\"og:image\" content=\"https:\/\/my.stlflix.com\/wp-content\/uploads\/2024\/03\/Bordeaux_the_octopus_142bcaedc2.png\" \/>\n\t<meta property=\"og:image:width\" content=\"542\" \/>\n\t<meta property=\"og:image:height\" content=\"678\" \/>\n\t<meta property=\"og:image:type\" content=\"image\/png\" \/>\n<meta name=\"twitter:card\" content=\"summary_large_image\" \/>\n<script type=\"application\/ld+json\" class=\"yoast-schema-graph\">{\"@context\":\"https:\/\/schema.org\",\"@graph\":[{\"@type\":\"WebPage\",\"@id\":\"https:\/\/my.stlflix.com\/es\/product\/bordeaux-the-octopus-wine-holder-67a787a7aa87c\/\",\"url\":\"https:\/\/my.stlflix.com\/es\/product\/bordeaux-the-octopus-wine-holder-67a787a7aa87c\/\",\"name\":\"Bordeaux, o polvo que se amarra num vinhozinho - MyStore - By STLFLIX\",\"isPartOf\":{\"@id\":\"https:\/\/my.stlflix.com\/#website\"},\"primaryImageOfPage\":{\"@id\":\"https:\/\/my.stlflix.com\/es\/product\/bordeaux-the-octopus-wine-holder-67a787a7aa87c\/#primaryimage\"},\"image\":{\"@id\":\"https:\/\/my.stlflix.com\/es\/product\/bordeaux-the-octopus-wine-holder-67a787a7aa87c\/#primaryimage\"},\"thumbnailUrl\":\"https:\/\/my.stlflix.com\/wp-content\/uploads\/2024\/03\/Bordeaux_the_octopus_142bcaedc2.png\",\"datePublished\":\"2025-02-08T16:57:33+00:00\",\"dateModified\":\"2025-02-08T17:12:15+00:00\",\"breadcrumb\":{\"@id\":\"https:\/\/my.stlflix.com\/es\/product\/bordeaux-the-octopus-wine-holder-67a787a7aa87c\/#breadcrumb\"},\"inLanguage\":\"es-ES\",\"potentialAction\":[{\"@type\":\"ReadAction\",\"target\":[\"https:\/\/my.stlflix.com\/es\/product\/bordeaux-the-octopus-wine-holder-67a787a7aa87c\/\"]}]},{\"@type\":\"ImageObject\",\"inLanguage\":\"es-ES\",\"@id\":\"https:\/\/my.stlflix.com\/es\/product\/bordeaux-the-octopus-wine-holder-67a787a7aa87c\/#primaryimage\",\"url\":\"https:\/\/my.stlflix.com\/wp-content\/uploads\/2024\/03\/Bordeaux_the_octopus_142bcaedc2.png\",\"contentUrl\":\"https:\/\/my.stlflix.com\/wp-content\/uploads\/2024\/03\/Bordeaux_the_octopus_142bcaedc2.png\",\"width\":542,\"height\":678},{\"@type\":\"BreadcrumbList\",\"@id\":\"https:\/\/my.stlflix.com\/es\/product\/bordeaux-the-octopus-wine-holder-67a787a7aa87c\/#breadcrumb\",\"itemListElement\":[{\"@type\":\"ListItem\",\"position\":1,\"name\":\"Home\",\"item\":\"https:\/\/www.stlflix-store.com\/\"},{\"@type\":\"ListItem\",\"position\":2,\"name\":\"Products\",\"item\":\"https:\/\/www.stlflix-store.com\/shop\/\"},{\"@type\":\"ListItem\",\"position\":3,\"name\":\"Bordeaux, o polvo que se amarra num vinhozinho\"}]},{\"@type\":\"WebSite\",\"@id\":\"https:\/\/my.stlflix.com\/#website\",\"url\":\"https:\/\/my.stlflix.com\/\",\"name\":\"MyStore - By STLFLIX\",\"description\":\"\",\"publisher\":{\"@id\":\"https:\/\/my.stlflix.com\/#organization\"},\"potentialAction\":[{\"@type\":\"SearchAction\",\"target\":{\"@type\":\"EntryPoint\",\"urlTemplate\":\"https:\/\/my.stlflix.com\/?s={search_term_string}\"},\"query-input\":{\"@type\":\"PropertyValueSpecification\",\"valueRequired\":true,\"valueName\":\"search_term_string\"}}],\"inLanguage\":\"es-ES\"},{\"@type\":\"Organization\",\"@id\":\"https:\/\/my.stlflix.com\/#organization\",\"name\":\"MyStore - By STLFLIX\",\"url\":\"https:\/\/my.stlflix.com\/\",\"logo\":{\"@type\":\"ImageObject\",\"inLanguage\":\"es-ES\",\"@id\":\"https:\/\/my.stlflix.com\/#\/schema\/logo\/image\/\",\"url\":\"https:\/\/my.stlflix.com\/wp-content\/uploads\/2024\/06\/logo-mystore.png\",\"contentUrl\":\"https:\/\/my.stlflix.com\/wp-content\/uploads\/2024\/06\/logo-mystore.png\",\"width\":150,\"height\":41,\"caption\":\"MyStore - By STLFLIX\"},\"image\":{\"@id\":\"https:\/\/my.stlflix.com\/#\/schema\/logo\/image\/\"},\"sameAs\":[\"https:\/\/www.facebook.com\/STLFLIX\",\"https:\/\/www.instagram.com\/stlflix_\/\",\"https:\/\/www.tiktok.com\/@stlflix\"]}]}<\/script>\n<!-- \/ Yoast SEO plugin. -->","yoast_head_json":{"title":"Bordeaux, o polvo que se amarra num vinhozinho - MyStore - By STLFLIX","robots":{"index":"index","follow":"follow","max-snippet":"max-snippet:-1","max-image-preview":"max-image-preview:large","max-video-preview":"max-video-preview:-1"},"canonical":"https:\/\/my.stlflix.com\/es\/product\/bordeaux-the-octopus-wine-holder-67a787a7aa87c\/","og_locale":"es_ES","og_type":"article","og_title":"Bordeaux, o polvo que se amarra num vinhozinho - MyStore - By STLFLIX","og_description":"DESCRI\u00c7\u00c3O: Bordeaux nasceu na costa francesa, mas, como os oceanos n\u00e3o t\u00eam fronteiras, ele frequentemente viaja pelo mundo para degustar diferentes vinhos. N\u00e3o se preocupe! Ele d\u00e1 apenas um gole, como um sommelier. (\u00c9 um suporte para vinho, caso voc\u00ea n\u00e3o tenha notado.) ARQUIVO PARA IMPRESS\u00c3O 3D: Recomendado para impressoras FDM Altura de camada recomendada: [&hellip;]","og_url":"https:\/\/my.stlflix.com\/es\/product\/bordeaux-the-octopus-wine-holder-67a787a7aa87c\/","og_site_name":"MyStore - By STLFLIX","article_publisher":"https:\/\/www.facebook.com\/STLFLIX","article_modified_time":"2025-02-08T17:12:15+00:00","og_image":[{"width":542,"height":678,"url":"https:\/\/my.stlflix.com\/wp-content\/uploads\/2024\/03\/Bordeaux_the_octopus_142bcaedc2.png","type":"image\/png"}],"twitter_card":"summary_large_image","schema":{"@context":"https:\/\/schema.org","@graph":[{"@type":"WebPage","@id":"https:\/\/my.stlflix.com\/es\/product\/bordeaux-the-octopus-wine-holder-67a787a7aa87c\/","url":"https:\/\/my.stlflix.com\/es\/product\/bordeaux-the-octopus-wine-holder-67a787a7aa87c\/","name":"Bordeaux, o polvo que se amarra num vinhozinho - MyStore - By STLFLIX","isPartOf":{"@id":"https:\/\/my.stlflix.com\/#website"},"primaryImageOfPage":{"@id":"https:\/\/my.stlflix.com\/es\/product\/bordeaux-the-octopus-wine-holder-67a787a7aa87c\/#primaryimage"},"image":{"@id":"https:\/\/my.stlflix.com\/es\/product\/bordeaux-the-octopus-wine-holder-67a787a7aa87c\/#primaryimage"},"thumbnailUrl":"https:\/\/my.stlflix.com\/wp-content\/uploads\/2024\/03\/Bordeaux_the_octopus_142bcaedc2.png","datePublished":"2025-02-08T16:57:33+00:00","dateModified":"2025-02-08T17:12:15+00:00","breadcrumb":{"@id":"https:\/\/my.stlflix.com\/es\/product\/bordeaux-the-octopus-wine-holder-67a787a7aa87c\/#breadcrumb"},"inLanguage":"es-ES","potentialAction":[{"@type":"ReadAction","target":["https:\/\/my.stlflix.com\/es\/product\/bordeaux-the-octopus-wine-holder-67a787a7aa87c\/"]}]},{"@type":"ImageObject","inLanguage":"es-ES","@id":"https:\/\/my.stlflix.com\/es\/product\/bordeaux-the-octopus-wine-holder-67a787a7aa87c\/#primaryimage","url":"https:\/\/my.stlflix.com\/wp-content\/uploads\/2024\/03\/Bordeaux_the_octopus_142bcaedc2.png","contentUrl":"https:\/\/my.stlflix.com\/wp-content\/uploads\/2024\/03\/Bordeaux_the_octopus_142bcaedc2.png","width":542,"height":678},{"@type":"BreadcrumbList","@id":"https:\/\/my.stlflix.com\/es\/product\/bordeaux-the-octopus-wine-holder-67a787a7aa87c\/#breadcrumb","itemListElement":[{"@type":"ListItem","position":1,"name":"Home","item":"https:\/\/www.stlflix-store.com\/"},{"@type":"ListItem","position":2,"name":"Products","item":"https:\/\/www.stlflix-store.com\/shop\/"},{"@type":"ListItem","position":3,"name":"Bordeaux, o polvo que se amarra num vinhozinho"}]},{"@type":"WebSite","@id":"https:\/\/my.stlflix.com\/#website","url":"https:\/\/my.stlflix.com\/","name":"MyStore - By STLFLIX","description":"","publisher":{"@id":"https:\/\/my.stlflix.com\/#organization"},"potentialAction":[{"@type":"SearchAction","target":{"@type":"EntryPoint","urlTemplate":"https:\/\/my.stlflix.com\/?s={search_term_string}"},"query-input":{"@type":"PropertyValueSpecification","valueRequired":true,"valueName":"search_term_string"}}],"inLanguage":"es-ES"},{"@type":"Organization","@id":"https:\/\/my.stlflix.com\/#organization","name":"MyStore - By STLFLIX","url":"https:\/\/my.stlflix.com\/","logo":{"@type":"ImageObject","inLanguage":"es-ES","@id":"https:\/\/my.stlflix.com\/#\/schema\/logo\/image\/","url":"https:\/\/my.stlflix.com\/wp-content\/uploads\/2024\/06\/logo-mystore.png","contentUrl":"https:\/\/my.stlflix.com\/wp-content\/uploads\/2024\/06\/logo-mystore.png","width":150,"height":41,"caption":"MyStore - By STLFLIX"},"image":{"@id":"https:\/\/my.stlflix.com\/#\/schema\/logo\/image\/"},"sameAs":["https:\/\/www.facebook.com\/STLFLIX","https:\/\/www.instagram.com\/stlflix_\/","https:\/\/www.tiktok.com\/@stlflix"]}]}},"_links":{"self":[{"href":"https:\/\/my.stlflix.com\/es\/wp-json\/wp\/v2\/product\/254396","targetHints":{"allow":["GET"]}}],"collection":[{"href":"https:\/\/my.stlflix.com\/es\/wp-json\/wp\/v2\/product"}],"about":[{"href":"https:\/\/my.stlflix.com\/es\/wp-json\/wp\/v2\/types\/product"}],"replies":[{"embeddable":true,"href":"https:\/\/my.stlflix.com\/es\/wp-json\/wp\/v2\/comments?post=254396"}],"wp:featuredmedia":[{"embeddable":true,"href":"https:\/\/my.stlflix.com\/es\/wp-json\/wp\/v2\/media\/9320"}],"wp:attachment":[{"href":"https:\/\/my.stlflix.com\/es\/wp-json\/wp\/v2\/media?parent=254396"}],"wp:term":[{"taxonomy":"product_brand","embeddable":true,"href":"https:\/\/my.stlflix.com\/es\/wp-json\/wp\/v2\/product_brand?post=254396"},{"taxonomy":"product_cat","embeddable":true,"href":"https:\/\/my.stlflix.com\/es\/wp-json\/wp\/v2\/product_cat?post=254396"},{"taxonomy":"product_tag","embeddable":true,"href":"https:\/\/my.stlflix.com\/es\/wp-json\/wp\/v2\/product_tag?post=254396"}],"curies":[{"name":"wp","href":"https:\/\/api.w.org\/{rel}","templated":true}]}}