{"id":262115,"date":"2025-02-11T13:00:47","date_gmt":"2025-02-11T13:00:47","guid":{"rendered":"https:\/\/my.stlflix.com\/?post_type=product&#038;p=262115"},"modified":"2025-05-09T18:13:41","modified_gmt":"2025-05-09T18:13:41","slug":"dragon-adulte-articule-7","status":"publish","type":"product","link":"https:\/\/my.stlflix.com\/es\/product\/dragon-adulte-articule-7\/","title":{"rendered":"Dragon adulte articul\u00e9"},"content":{"rendered":"<p><span style=\"vertical-align: inherit\"><span style=\"vertical-align: inherit\">Plongez dans l&#8217;univers fantastique avec ce dragon articul\u00e9, une cr\u00e9ation qui allie design d\u00e9taill\u00e9 et fonctionnalit\u00e9 ludique. Chaque partie de ce dragon est soigneusement articul\u00e9e, vous permettant de le positionner dans des poses majestueuses ou dynamiques. Id\u00e9al pour les amateurs de fantasy, les collectionneurs ou les passionn\u00e9s de jeux de r\u00f4le, ce dragon articul\u00e9 apporte une touche de magie et de myst\u00e8re \u00e0 votre espace. Que ce soit pour d\u00e9corer votre bureau, animer vos f\u00eates de jeu ou offrir un cadeau unique, cette pi\u00e8ce saura captiver tous les salutations.<\/span><\/span><\/p>\n<p><span style=\"vertical-align: inherit\"><span style=\"vertical-align: inherit\">Ce mod\u00e8le sur la th\u00e9matique des gemmes recouvre le corps du dragon de cristaux aux bords arrondis.<\/span><\/span><\/p>\n<p><span style=\"vertical-align: inherit\"><span style=\"vertical-align: inherit\"><span style=\"vertical-align: inherit\"><span style=\"vertical-align: inherit\"><span style=\"vertical-align: inherit\"><span style=\"vertical-align: inherit\"><span style=\"vertical-align: inherit\"><span style=\"vertical-align: inherit\"><span style=\"vertical-align: inherit\"><span style=\"vertical-align: inherit\"><span style=\"vertical-align: inherit\"><span style=\"vertical-align: inherit\"><span style=\"vertical-align: inherit\"><span style=\"vertical-align: inherit\"><span style=\"vertical-align: inherit\"><span style=\"vertical-align: inherit\"><span style=\"vertical-align: inherit\"><span style=\"vertical-align: inherit\"><span style=\"vertical-align: inherit\"><span style=\"vertical-align: inherit\"><span style=\"vertical-align: inherit\"><span style=\"vertical-align: inherit\"><span style=\"vertical-align: inherit\"><span style=\"vertical-align: inherit\"><span style=\"vertical-align: inherit\"><span style=\"vertical-align: inherit\"><span style=\"vertical-align: inherit\"><span style=\"vertical-align: inherit\"><span style=\"vertical-align: inherit\"><span style=\"vertical-align: inherit\"><span style=\"vertical-align: inherit\"><span style=\"vertical-align: inherit\"><span style=\"vertical-align: inherit\"><span style=\"vertical-align: inherit\"><span style=\"vertical-align: inherit\"><span style=\"vertical-align: inherit\">Ce mod\u00e8le est imprim\u00e9 avec un filament bleu brillant et vert. Le dragon adulte fait entre 36 et 42 cm de long en fonction du mod\u00e8le.<\/span><\/span><\/span><\/span><\/span><\/span><\/span><\/span><\/span><\/span><\/span><\/span><\/span><\/span><\/span><\/span><\/span><\/span><\/span><\/span><\/span><\/span><\/span><\/span><\/span><\/span><\/span><\/span><\/span><\/span><\/span><\/span><\/span><\/span><\/span><\/span><\/p>\n<p><span style=\"vertical-align: inherit\"><span style=\"vertical-align: inherit\"><span style=\"vertical-align: inherit\"><span style=\"vertical-align: inherit\"><span style=\"vertical-align: inherit\"><span style=\"vertical-align: inherit\"><span style=\"vertical-align: inherit\"><span style=\"vertical-align: inherit\"><span style=\"vertical-align: inherit\"><span style=\"vertical-align: inherit\"><span style=\"vertical-align: inherit\"><span style=\"vertical-align: inherit\"><span style=\"vertical-align: inherit\"><span style=\"vertical-align: inherit\"><span style=\"vertical-align: inherit\"><span style=\"vertical-align: inherit\"><span style=\"vertical-align: inherit\"><span style=\"vertical-align: inherit\"><span style=\"vertical-align: inherit\"><span style=\"vertical-align: inherit\"><span style=\"vertical-align: inherit\"><span style=\"vertical-align: inherit\"><span style=\"vertical-align: inherit\"><span style=\"vertical-align: inherit\"><span style=\"vertical-align: inherit\"><span style=\"vertical-align: inherit\"><span style=\"vertical-align: inherit\"><span style=\"vertical-align: inherit\"><span style=\"vertical-align: inherit\"><span style=\"vertical-align: inherit\"><span style=\"vertical-align: inherit\"><span style=\"vertical-align: inherit\"><span style=\"vertical-align: inherit\"><span style=\"vertical-align: inherit\"><span style=\"vertical-align: inherit\"><span style=\"vertical-align: inherit\"><span style=\"vertical-align: inherit\">Cet objet est imprim\u00e9 en 3D avec du PLA (acide polylactique), un mat\u00e9riau biod\u00e9gradable, durable et respectueux de l&#8217;environnement. Le PLA est compos\u00e9 d&#8217;amidon de ma\u00efs, de canne \u00e0 sucre ou d&#8217;autres ressources renouvelables, et ne contient pas de p\u00e9trole : l\u00e9ger, r\u00e9sistant et non toxique c&#8217;est une alternative \u00e9cologique aux plastiques traditionnels. Les yeux sont peints \u00e0 la main avec de l&#8217;acrylique et peuvent donc vari\u00e9s des photos.<\/span><\/span><\/span><\/span><\/span><\/span><\/span><\/span><\/span><\/span><\/span><\/span><\/span><\/span><\/span><\/span><\/span><\/span><\/span><\/span><\/span><\/span><\/span><\/span><\/span><\/span><\/span><\/span><\/span><\/span><\/span><\/span><\/span><\/span><\/span><\/span><\/span><\/p>\n","protected":false},"excerpt":{"rendered":"<p>Plongez dans l&#8217;univers fantastique avec ce dragon articul\u00e9, une cr\u00e9ation qui allie design d\u00e9taill\u00e9 et fonctionnalit\u00e9 ludique. Chaque partie de ce dragon est soigneusement articul\u00e9e, vous permettant de le positionner dans des poses majestueuses ou dynamiques. Id\u00e9al pour les amateurs de fantasy, les collectionneurs ou les passionn\u00e9s de jeux de r\u00f4le, ce dragon articul\u00e9 apporte [&hellip;]<\/p>\n","protected":false},"featured_media":262080,"comment_status":"open","ping_status":"closed","template":"","meta":[],"product_brand":[],"product_cat":[15],"product_tag":[1777,2234,4831],"class_list":{"0":"post-262115","1":"product","2":"type-product","3":"status-publish","4":"has-post-thumbnail","6":"product_cat-uncategorized","7":"product_tag-articule","8":"product_tag-figurine","9":"product_tag-replique","11":"first","12":"instock","13":"shipping-taxable","14":"purchasable","15":"product-type-simple"},"yoast_head":"<!-- This site is optimized with the Yoast SEO plugin v25.1 - https:\/\/yoast.com\/wordpress\/plugins\/seo\/ -->\n<title>Dragon adulte articul\u00e9 - MyStore - By STLFLIX<\/title>\n<meta name=\"robots\" content=\"index, follow, max-snippet:-1, max-image-preview:large, max-video-preview:-1\" \/>\n<link rel=\"canonical\" href=\"https:\/\/www.lojadomandela3d.biz\/product\/dragon-adulte-articule-7\/\" \/>\n<meta property=\"og:locale\" content=\"es_ES\" \/>\n<meta property=\"og:type\" content=\"article\" \/>\n<meta property=\"og:title\" content=\"Dragon adulte articul\u00e9 - MyStore - By STLFLIX\" \/>\n<meta property=\"og:description\" content=\"Plongez dans l&#8217;univers fantastique avec ce dragon articul\u00e9, une cr\u00e9ation qui allie design d\u00e9taill\u00e9 et fonctionnalit\u00e9 ludique. Chaque partie de ce dragon est soigneusement articul\u00e9e, vous permettant de le positionner dans des poses majestueuses ou dynamiques. Id\u00e9al pour les amateurs de fantasy, les collectionneurs ou les passionn\u00e9s de jeux de r\u00f4le, ce dragon articul\u00e9 apporte [&hellip;]\" \/>\n<meta property=\"og:url\" content=\"https:\/\/www.lojadomandela3d.biz\/product\/dragon-adulte-articule-7\/\" \/>\n<meta property=\"og:site_name\" content=\"MyStore - By STLFLIX\" \/>\n<meta property=\"article:publisher\" content=\"https:\/\/www.facebook.com\/STLFLIX\" \/>\n<meta property=\"article:modified_time\" content=\"2025-05-09T18:13:41+00:00\" \/>\n<meta property=\"og:image\" content=\"https:\/\/www.lojadomandela3d.biz\/wp-content\/uploads\/2025\/02\/475782780_1782059485972017_5418033711661982970_n.jpg\" \/>\n\t<meta property=\"og:image:width\" content=\"924\" \/>\n\t<meta property=\"og:image:height\" content=\"1155\" \/>\n\t<meta property=\"og:image:type\" content=\"image\/jpeg\" \/>\n<meta name=\"twitter:card\" content=\"summary_large_image\" \/>\n<meta name=\"twitter:label1\" content=\"Est. reading time\" \/>\n\t<meta name=\"twitter:data1\" content=\"1 minute\" \/>\n<script type=\"application\/ld+json\" class=\"yoast-schema-graph\">{\"@context\":\"https:\/\/schema.org\",\"@graph\":[{\"@type\":\"WebPage\",\"@id\":\"https:\/\/www.lojadomandela3d.biz\/product\/dragon-adulte-articule-7\/\",\"url\":\"https:\/\/www.lojadomandela3d.biz\/product\/dragon-adulte-articule-7\/\",\"name\":\"Dragon adulte articul\u00e9 - MyStore - By STLFLIX\",\"isPartOf\":{\"@id\":\"https:\/\/my.stlflix.com\/#website\"},\"primaryImageOfPage\":{\"@id\":\"https:\/\/www.lojadomandela3d.biz\/product\/dragon-adulte-articule-7\/#primaryimage\"},\"image\":{\"@id\":\"https:\/\/www.lojadomandela3d.biz\/product\/dragon-adulte-articule-7\/#primaryimage\"},\"thumbnailUrl\":\"https:\/\/my.stlflix.com\/wp-content\/uploads\/2025\/02\/475782780_1782059485972017_5418033711661982970_n.jpg\",\"datePublished\":\"2025-02-11T13:00:47+00:00\",\"dateModified\":\"2025-05-09T18:13:41+00:00\",\"breadcrumb\":{\"@id\":\"https:\/\/www.lojadomandela3d.biz\/product\/dragon-adulte-articule-7\/#breadcrumb\"},\"inLanguage\":\"es-ES\",\"potentialAction\":[{\"@type\":\"ReadAction\",\"target\":[\"https:\/\/www.lojadomandela3d.biz\/product\/dragon-adulte-articule-7\/\"]}]},{\"@type\":\"ImageObject\",\"inLanguage\":\"es-ES\",\"@id\":\"https:\/\/www.lojadomandela3d.biz\/product\/dragon-adulte-articule-7\/#primaryimage\",\"url\":\"https:\/\/my.stlflix.com\/wp-content\/uploads\/2025\/02\/475782780_1782059485972017_5418033711661982970_n.jpg\",\"contentUrl\":\"https:\/\/my.stlflix.com\/wp-content\/uploads\/2025\/02\/475782780_1782059485972017_5418033711661982970_n.jpg\",\"width\":924,\"height\":1155},{\"@type\":\"BreadcrumbList\",\"@id\":\"https:\/\/www.lojadomandela3d.biz\/product\/dragon-adulte-articule-7\/#breadcrumb\",\"itemListElement\":[{\"@type\":\"ListItem\",\"position\":1,\"name\":\"Home\",\"item\":\"https:\/\/www.stlflix-store.com\/\"},{\"@type\":\"ListItem\",\"position\":2,\"name\":\"Products\",\"item\":\"https:\/\/www.stlflix-store.com\/shop\/\"},{\"@type\":\"ListItem\",\"position\":3,\"name\":\"Dragon adulte articul\u00e9\"}]},{\"@type\":\"WebSite\",\"@id\":\"https:\/\/my.stlflix.com\/#website\",\"url\":\"https:\/\/my.stlflix.com\/\",\"name\":\"MyStore - By STLFLIX\",\"description\":\"\",\"publisher\":{\"@id\":\"https:\/\/my.stlflix.com\/#organization\"},\"potentialAction\":[{\"@type\":\"SearchAction\",\"target\":{\"@type\":\"EntryPoint\",\"urlTemplate\":\"https:\/\/my.stlflix.com\/?s={search_term_string}\"},\"query-input\":{\"@type\":\"PropertyValueSpecification\",\"valueRequired\":true,\"valueName\":\"search_term_string\"}}],\"inLanguage\":\"es-ES\"},{\"@type\":\"Organization\",\"@id\":\"https:\/\/my.stlflix.com\/#organization\",\"name\":\"MyStore - By STLFLIX\",\"url\":\"https:\/\/my.stlflix.com\/\",\"logo\":{\"@type\":\"ImageObject\",\"inLanguage\":\"es-ES\",\"@id\":\"https:\/\/my.stlflix.com\/#\/schema\/logo\/image\/\",\"url\":\"https:\/\/my.stlflix.com\/wp-content\/uploads\/2024\/06\/logo-mystore.png\",\"contentUrl\":\"https:\/\/my.stlflix.com\/wp-content\/uploads\/2024\/06\/logo-mystore.png\",\"width\":150,\"height\":41,\"caption\":\"MyStore - By STLFLIX\"},\"image\":{\"@id\":\"https:\/\/my.stlflix.com\/#\/schema\/logo\/image\/\"},\"sameAs\":[\"https:\/\/www.facebook.com\/STLFLIX\",\"https:\/\/www.instagram.com\/stlflix_\/\",\"https:\/\/www.tiktok.com\/@stlflix\"]}]}<\/script>\n<!-- \/ Yoast SEO plugin. -->","yoast_head_json":{"title":"Dragon adulte articul\u00e9 - MyStore - By STLFLIX","robots":{"index":"index","follow":"follow","max-snippet":"max-snippet:-1","max-image-preview":"max-image-preview:large","max-video-preview":"max-video-preview:-1"},"canonical":"https:\/\/www.lojadomandela3d.biz\/product\/dragon-adulte-articule-7\/","og_locale":"es_ES","og_type":"article","og_title":"Dragon adulte articul\u00e9 - MyStore - By STLFLIX","og_description":"Plongez dans l&#8217;univers fantastique avec ce dragon articul\u00e9, une cr\u00e9ation qui allie design d\u00e9taill\u00e9 et fonctionnalit\u00e9 ludique. Chaque partie de ce dragon est soigneusement articul\u00e9e, vous permettant de le positionner dans des poses majestueuses ou dynamiques. Id\u00e9al pour les amateurs de fantasy, les collectionneurs ou les passionn\u00e9s de jeux de r\u00f4le, ce dragon articul\u00e9 apporte [&hellip;]","og_url":"https:\/\/www.lojadomandela3d.biz\/product\/dragon-adulte-articule-7\/","og_site_name":"MyStore - By STLFLIX","article_publisher":"https:\/\/www.facebook.com\/STLFLIX","article_modified_time":"2025-05-09T18:13:41+00:00","og_image":[{"width":924,"height":1155,"url":"https:\/\/www.lojadomandela3d.biz\/wp-content\/uploads\/2025\/02\/475782780_1782059485972017_5418033711661982970_n.jpg","type":"image\/jpeg"}],"twitter_card":"summary_large_image","twitter_misc":{"Est. reading time":"1 minute"},"schema":{"@context":"https:\/\/schema.org","@graph":[{"@type":"WebPage","@id":"https:\/\/www.lojadomandela3d.biz\/product\/dragon-adulte-articule-7\/","url":"https:\/\/www.lojadomandela3d.biz\/product\/dragon-adulte-articule-7\/","name":"Dragon adulte articul\u00e9 - MyStore - By STLFLIX","isPartOf":{"@id":"https:\/\/my.stlflix.com\/#website"},"primaryImageOfPage":{"@id":"https:\/\/www.lojadomandela3d.biz\/product\/dragon-adulte-articule-7\/#primaryimage"},"image":{"@id":"https:\/\/www.lojadomandela3d.biz\/product\/dragon-adulte-articule-7\/#primaryimage"},"thumbnailUrl":"https:\/\/my.stlflix.com\/wp-content\/uploads\/2025\/02\/475782780_1782059485972017_5418033711661982970_n.jpg","datePublished":"2025-02-11T13:00:47+00:00","dateModified":"2025-05-09T18:13:41+00:00","breadcrumb":{"@id":"https:\/\/www.lojadomandela3d.biz\/product\/dragon-adulte-articule-7\/#breadcrumb"},"inLanguage":"es-ES","potentialAction":[{"@type":"ReadAction","target":["https:\/\/www.lojadomandela3d.biz\/product\/dragon-adulte-articule-7\/"]}]},{"@type":"ImageObject","inLanguage":"es-ES","@id":"https:\/\/www.lojadomandela3d.biz\/product\/dragon-adulte-articule-7\/#primaryimage","url":"https:\/\/my.stlflix.com\/wp-content\/uploads\/2025\/02\/475782780_1782059485972017_5418033711661982970_n.jpg","contentUrl":"https:\/\/my.stlflix.com\/wp-content\/uploads\/2025\/02\/475782780_1782059485972017_5418033711661982970_n.jpg","width":924,"height":1155},{"@type":"BreadcrumbList","@id":"https:\/\/www.lojadomandela3d.biz\/product\/dragon-adulte-articule-7\/#breadcrumb","itemListElement":[{"@type":"ListItem","position":1,"name":"Home","item":"https:\/\/www.stlflix-store.com\/"},{"@type":"ListItem","position":2,"name":"Products","item":"https:\/\/www.stlflix-store.com\/shop\/"},{"@type":"ListItem","position":3,"name":"Dragon adulte articul\u00e9"}]},{"@type":"WebSite","@id":"https:\/\/my.stlflix.com\/#website","url":"https:\/\/my.stlflix.com\/","name":"MyStore - By STLFLIX","description":"","publisher":{"@id":"https:\/\/my.stlflix.com\/#organization"},"potentialAction":[{"@type":"SearchAction","target":{"@type":"EntryPoint","urlTemplate":"https:\/\/my.stlflix.com\/?s={search_term_string}"},"query-input":{"@type":"PropertyValueSpecification","valueRequired":true,"valueName":"search_term_string"}}],"inLanguage":"es-ES"},{"@type":"Organization","@id":"https:\/\/my.stlflix.com\/#organization","name":"MyStore - By STLFLIX","url":"https:\/\/my.stlflix.com\/","logo":{"@type":"ImageObject","inLanguage":"es-ES","@id":"https:\/\/my.stlflix.com\/#\/schema\/logo\/image\/","url":"https:\/\/my.stlflix.com\/wp-content\/uploads\/2024\/06\/logo-mystore.png","contentUrl":"https:\/\/my.stlflix.com\/wp-content\/uploads\/2024\/06\/logo-mystore.png","width":150,"height":41,"caption":"MyStore - By STLFLIX"},"image":{"@id":"https:\/\/my.stlflix.com\/#\/schema\/logo\/image\/"},"sameAs":["https:\/\/www.facebook.com\/STLFLIX","https:\/\/www.instagram.com\/stlflix_\/","https:\/\/www.tiktok.com\/@stlflix"]}]}},"_links":{"self":[{"href":"https:\/\/my.stlflix.com\/es\/wp-json\/wp\/v2\/product\/262115","targetHints":{"allow":["GET"]}}],"collection":[{"href":"https:\/\/my.stlflix.com\/es\/wp-json\/wp\/v2\/product"}],"about":[{"href":"https:\/\/my.stlflix.com\/es\/wp-json\/wp\/v2\/types\/product"}],"replies":[{"embeddable":true,"href":"https:\/\/my.stlflix.com\/es\/wp-json\/wp\/v2\/comments?post=262115"}],"wp:featuredmedia":[{"embeddable":true,"href":"https:\/\/my.stlflix.com\/es\/wp-json\/wp\/v2\/media\/262080"}],"wp:attachment":[{"href":"https:\/\/my.stlflix.com\/es\/wp-json\/wp\/v2\/media?parent=262115"}],"wp:term":[{"taxonomy":"product_brand","embeddable":true,"href":"https:\/\/my.stlflix.com\/es\/wp-json\/wp\/v2\/product_brand?post=262115"},{"taxonomy":"product_cat","embeddable":true,"href":"https:\/\/my.stlflix.com\/es\/wp-json\/wp\/v2\/product_cat?post=262115"},{"taxonomy":"product_tag","embeddable":true,"href":"https:\/\/my.stlflix.com\/es\/wp-json\/wp\/v2\/product_tag?post=262115"}],"curies":[{"name":"wp","href":"https:\/\/api.w.org\/{rel}","templated":true}]}}